{"id":127330,"date":"2024-11-19T23:57:07","date_gmt":"2024-11-19T22:57:07","guid":{"rendered":"https:\/\/revolutionpadelstore.com\/paletero-bullpadel-bpp25020-neuron\/"},"modified":"2026-04-08T10:17:49","modified_gmt":"2026-04-08T08:17:49","slug":"paletero-bullpadel-bpp25020-neuron-5","status":"publish","type":"product","link":"https:\/\/revolutionpadelstore.com\/pt-pt\/produto\/paletero-bullpadel-bpp25020-neuron-5\/","title":{"rendered":"PALETERO BULLPADEL BPP25020 NEURON"},"content":{"rendered":"<p><H2> Paletero bullpadel Neuron BPP25020 Black <\/h2>\n<p>O bullpadel palotero neuron bpp25020 em cor preta, criada em colabora\u00e7\u00e3o com o jogador fede chingotto, \u00e9 o acess\u00f3rio perfeito para acompanhar a p\u00e1 de neur\u00f4nio do bullpadel. Esse modelo para homens se destaca por sua leveza, funcionalidade e design exclusivo com a assinatura do jogador, projetada para atender \u00e0s demandas dos atletas mais comprometidos com seus equipamentos.<\/p>\n<p>Quanto \u00e0 sua capacidade, ele possui um amplo compartimento principal que permite organizar roupas, toalhas ou acess\u00f3rios com efici\u00eancia. Al\u00e9m disso, possui dois compartimentos com a tecnologia t\u00e9rmica, ideal para armazenar at\u00e9 quatro l\u00e2minas de paddle, protegendo -os de mudan\u00e7as repentinas de temperatura. Ele tamb\u00e9m inclui um espa\u00e7o ventilado e separado para cal\u00e7ados ou roupas sujas, garantindo uma organiza\u00e7\u00e3o correta e evitando maus odores ou umidade que afetam o restante de seus pertences.<br \/>\n<H3> Prote\u00e7\u00e3o e facilidade de transporte <\/h3>\n<p>Do lado de fora, o paletero tem um bolso lateral pr\u00e1tico com fole, que fornece um espa\u00e7o adicional para armazenar objetos de acesso r\u00e1pido, como garrafas, toalhas ou bolas. Feito com materiais de alta qualidade, este bullpadel palotero \u00e9 resistente, dur\u00e1vel e leve, o que a torna uma op\u00e7\u00e3o confort\u00e1vel para suas correspond\u00eancias ou treinamento.<\/p>\n<p>Ideal para quem procura um acess\u00f3rio que combine desempenho, ordem e estilo, o bullpadel neuron paletero \u00e9 a escolha perfeita para se destacar na pista, com o apoio de um design profissional endossado por Fedetotto.<\/p>\n<h2>Paletero Bullpadel Neuron BPP25020 Negro<\/h2>\n","protected":false},"excerpt":{"rendered":"<p>O bullpadel Neuron Paleterro em Black oferece uma combina\u00e7\u00e3o ideal de capacidade, durabilidade e facilidade de transporte, gra\u00e7as ao seu compartimento t\u00e9rmico e espa\u00e7o ventilado para cal\u00e7ados. Criado em colabora\u00e7\u00e3o com Chingotto.<\/p>\n","protected":false},"featured_media":115949,"comment_status":"open","ping_status":"closed","template":"","meta":{"_acf_changed":false,"_joinchat":[]},"acabado":[],"balance":[],"dureza":[],"forma":[],"jugador":[],"marca":[1255],"nivel-de-juego":[],"superficie":[],"tipo-de-juego":[],"product_brand":[],"product_cat":[316],"product_tag":[],"class_list":{"0":"post-127330","1":"product","2":"type-product","3":"status-publish","4":"has-post-thumbnail","6":"marca-bullpadel-pt-pt","7":"product_cat-bolsas-pt-pt","9":"first","10":"instock","11":"sale","12":"taxable","13":"shipping-taxable","14":"purchasable","15":"product-type-simple"},"acf":[],"yoast_head":"<!-- This site is optimized with the Yoast SEO plugin v27.4 - https:\/\/yoast.com\/product\/yoast-seo-wordpress\/ -->\n<title>PALETERO BULLPADEL BPP25020 NEURON - Revolution Padel Store<\/title>\n<meta name=\"description\" content=\"El paletero Neuron de Bullpadel en color negro, dise\u00f1ado en colaboraci\u00f3n con el jugador Fede Chingotto, es el complemento ideal para la pala Bullpadel Neuron. Este paletero para hombre combina ligereza, practicidad y un dise\u00f1o exclusivo con la firma del jugador, pensado para satisfacer las necesidades de los jugadores de p\u00e1del m\u00e1s exigentes con su equipamiento deportivo.\" \/>\n<meta name=\"robots\" content=\"index, follow, max-snippet:-1, max-image-preview:large, max-video-preview:-1\" \/>\n<link rel=\"canonical\" href=\"https:\/\/revolutionpadelstore.com\/pt-pt\/produto\/paletero-bullpadel-bpp25020-neuron-5\/\" \/>\n<meta property=\"og:locale\" content=\"pt_PT\" \/>\n<meta property=\"og:type\" content=\"article\" \/>\n<meta property=\"og:title\" content=\"PALETERO BULLPADEL BPP25020 NEURON - Revolution Padel Store\" \/>\n<meta property=\"og:description\" content=\"El paletero Neuron de Bullpadel en color negro, dise\u00f1ado en colaboraci\u00f3n con el jugador Fede Chingotto, es el complemento ideal para la pala Bullpadel Neuron. Este paletero para hombre combina ligereza, practicidad y un dise\u00f1o exclusivo con la firma del jugador, pensado para satisfacer las necesidades de los jugadores de p\u00e1del m\u00e1s exigentes con su equipamiento deportivo.\" \/>\n<meta property=\"og:url\" content=\"https:\/\/revolutionpadelstore.com\/pt-pt\/produto\/paletero-bullpadel-bpp25020-neuron-5\/\" \/>\n<meta property=\"og:site_name\" content=\"Revolution Padel Store\" \/>\n<meta property=\"article:modified_time\" content=\"2026-04-08T08:17:49+00:00\" \/>\n<meta property=\"og:image\" content=\"https:\/\/revolutionpadelstore.com\/wp-content\/uploads\/2024\/11\/113820-paletero-bullpadel-bpp25020-neuron-448148-1500x1500-1.webp\" \/>\n\t<meta property=\"og:image:width\" content=\"1500\" \/>\n\t<meta property=\"og:image:height\" content=\"1500\" \/>\n\t<meta property=\"og:image:type\" content=\"image\/webp\" \/>\n<meta name=\"twitter:card\" content=\"summary_large_image\" \/>\n<meta name=\"twitter:label1\" content=\"Tempo estimado de leitura\" \/>\n\t<meta name=\"twitter:data1\" content=\"1 minuto\" \/>\n<script type=\"application\/ld+json\" class=\"yoast-schema-graph\">{\"@context\":\"https:\\\/\\\/schema.org\",\"@graph\":[{\"@type\":\"WebPage\",\"@id\":\"https:\\\/\\\/revolutionpadelstore.com\\\/pt-pt\\\/produto\\\/paletero-bullpadel-bpp25020-neuron-5\\\/\",\"url\":\"https:\\\/\\\/revolutionpadelstore.com\\\/pt-pt\\\/produto\\\/paletero-bullpadel-bpp25020-neuron-5\\\/\",\"name\":\"PALETERO BULLPADEL BPP25020 NEURON - Revolution Padel Store\",\"isPartOf\":{\"@id\":\"https:\\\/\\\/revolutionpadelstore.com\\\/pt-pt\\\/#website\"},\"primaryImageOfPage\":{\"@id\":\"https:\\\/\\\/revolutionpadelstore.com\\\/pt-pt\\\/produto\\\/paletero-bullpadel-bpp25020-neuron-5\\\/#primaryimage\"},\"image\":{\"@id\":\"https:\\\/\\\/revolutionpadelstore.com\\\/pt-pt\\\/produto\\\/paletero-bullpadel-bpp25020-neuron-5\\\/#primaryimage\"},\"thumbnailUrl\":\"https:\\\/\\\/revolutionpadelstore.com\\\/wp-content\\\/uploads\\\/2024\\\/11\\\/113820-paletero-bullpadel-bpp25020-neuron-448148-1500x1500-1.webp\",\"datePublished\":\"2024-11-19T22:57:07+00:00\",\"dateModified\":\"2026-04-08T08:17:49+00:00\",\"description\":\"El paletero Neuron de Bullpadel en color negro, dise\u00f1ado en colaboraci\u00f3n con el jugador Fede Chingotto, es el complemento ideal para la pala Bullpadel Neuron. Este paletero para hombre combina ligereza, practicidad y un dise\u00f1o exclusivo con la firma del jugador, pensado para satisfacer las necesidades de los jugadores de p\u00e1del m\u00e1s exigentes con su equipamiento deportivo.\",\"breadcrumb\":{\"@id\":\"https:\\\/\\\/revolutionpadelstore.com\\\/pt-pt\\\/produto\\\/paletero-bullpadel-bpp25020-neuron-5\\\/#breadcrumb\"},\"inLanguage\":\"pt-PT\",\"potentialAction\":[{\"@type\":\"ReadAction\",\"target\":[\"https:\\\/\\\/revolutionpadelstore.com\\\/pt-pt\\\/produto\\\/paletero-bullpadel-bpp25020-neuron-5\\\/\"]}]},{\"@type\":\"ImageObject\",\"inLanguage\":\"pt-PT\",\"@id\":\"https:\\\/\\\/revolutionpadelstore.com\\\/pt-pt\\\/produto\\\/paletero-bullpadel-bpp25020-neuron-5\\\/#primaryimage\",\"url\":\"https:\\\/\\\/revolutionpadelstore.com\\\/wp-content\\\/uploads\\\/2024\\\/11\\\/113820-paletero-bullpadel-bpp25020-neuron-448148-1500x1500-1.webp\",\"contentUrl\":\"https:\\\/\\\/revolutionpadelstore.com\\\/wp-content\\\/uploads\\\/2024\\\/11\\\/113820-paletero-bullpadel-bpp25020-neuron-448148-1500x1500-1.webp\",\"width\":1500,\"height\":1500},{\"@type\":\"BreadcrumbList\",\"@id\":\"https:\\\/\\\/revolutionpadelstore.com\\\/pt-pt\\\/produto\\\/paletero-bullpadel-bpp25020-neuron-5\\\/#breadcrumb\",\"itemListElement\":[{\"@type\":\"ListItem\",\"position\":1,\"name\":\"Portada\",\"item\":\"https:\\\/\\\/revolutionpadelstore.com\\\/pt-pt\\\/\"},{\"@type\":\"ListItem\",\"position\":2,\"name\":\"Tienda\",\"item\":\"https:\\\/\\\/revolutionpadelstore.com\\\/pt-pt\\\/tienda\\\/\"},{\"@type\":\"ListItem\",\"position\":3,\"name\":\"PALETERO BULLPADEL BPP25020 NEURON\"}]},{\"@type\":\"WebSite\",\"@id\":\"https:\\\/\\\/revolutionpadelstore.com\\\/pt-pt\\\/#website\",\"url\":\"https:\\\/\\\/revolutionpadelstore.com\\\/pt-pt\\\/\",\"name\":\"Revolution Padel Store\",\"description\":\"\",\"publisher\":{\"@id\":\"https:\\\/\\\/revolutionpadelstore.com\\\/pt-pt\\\/#organization\"},\"potentialAction\":[{\"@type\":\"SearchAction\",\"target\":{\"@type\":\"EntryPoint\",\"urlTemplate\":\"https:\\\/\\\/revolutionpadelstore.com\\\/pt-pt\\\/?s={search_term_string}\"},\"query-input\":{\"@type\":\"PropertyValueSpecification\",\"valueRequired\":true,\"valueName\":\"search_term_string\"}}],\"inLanguage\":\"pt-PT\"},{\"@type\":\"Organization\",\"@id\":\"https:\\\/\\\/revolutionpadelstore.com\\\/pt-pt\\\/#organization\",\"name\":\"Revolution Padel Store\",\"url\":\"https:\\\/\\\/revolutionpadelstore.com\\\/pt-pt\\\/\",\"logo\":{\"@type\":\"ImageObject\",\"inLanguage\":\"pt-PT\",\"@id\":\"https:\\\/\\\/revolutionpadelstore.com\\\/pt-pt\\\/#\\\/schema\\\/logo\\\/image\\\/\",\"url\":\"https:\\\/\\\/revolutionpadelstore.com\\\/wp-content\\\/uploads\\\/2026\\\/02\\\/revolution-padel-store.jpg\",\"contentUrl\":\"https:\\\/\\\/revolutionpadelstore.com\\\/wp-content\\\/uploads\\\/2026\\\/02\\\/revolution-padel-store.jpg\",\"width\":2000,\"height\":2000,\"caption\":\"Revolution Padel Store\"},\"image\":{\"@id\":\"https:\\\/\\\/revolutionpadelstore.com\\\/pt-pt\\\/#\\\/schema\\\/logo\\\/image\\\/\"},\"sameAs\":[\"https:\\\/\\\/www.instagram.com\\\/revolutionpadelstore\\\/\"]}]}<\/script>\n<!-- \/ Yoast SEO plugin. -->","yoast_head_json":{"title":"PALETERO BULLPADEL BPP25020 NEURON - Revolution Padel Store","description":"El paletero Neuron de Bullpadel en color negro, dise\u00f1ado en colaboraci\u00f3n con el jugador Fede Chingotto, es el complemento ideal para la pala Bullpadel Neuron. Este paletero para hombre combina ligereza, practicidad y un dise\u00f1o exclusivo con la firma del jugador, pensado para satisfacer las necesidades de los jugadores de p\u00e1del m\u00e1s exigentes con su equipamiento deportivo.","robots":{"index":"index","follow":"follow","max-snippet":"max-snippet:-1","max-image-preview":"max-image-preview:large","max-video-preview":"max-video-preview:-1"},"canonical":"https:\/\/revolutionpadelstore.com\/pt-pt\/produto\/paletero-bullpadel-bpp25020-neuron-5\/","og_locale":"pt_PT","og_type":"article","og_title":"PALETERO BULLPADEL BPP25020 NEURON - Revolution Padel Store","og_description":"El paletero Neuron de Bullpadel en color negro, dise\u00f1ado en colaboraci\u00f3n con el jugador Fede Chingotto, es el complemento ideal para la pala Bullpadel Neuron. Este paletero para hombre combina ligereza, practicidad y un dise\u00f1o exclusivo con la firma del jugador, pensado para satisfacer las necesidades de los jugadores de p\u00e1del m\u00e1s exigentes con su equipamiento deportivo.","og_url":"https:\/\/revolutionpadelstore.com\/pt-pt\/produto\/paletero-bullpadel-bpp25020-neuron-5\/","og_site_name":"Revolution Padel Store","article_modified_time":"2026-04-08T08:17:49+00:00","og_image":[{"width":1500,"height":1500,"url":"https:\/\/revolutionpadelstore.com\/wp-content\/uploads\/2024\/11\/113820-paletero-bullpadel-bpp25020-neuron-448148-1500x1500-1.webp","type":"image\/webp"}],"twitter_card":"summary_large_image","twitter_misc":{"Tempo estimado de leitura":"1 minuto"},"schema":{"@context":"https:\/\/schema.org","@graph":[{"@type":"WebPage","@id":"https:\/\/revolutionpadelstore.com\/pt-pt\/produto\/paletero-bullpadel-bpp25020-neuron-5\/","url":"https:\/\/revolutionpadelstore.com\/pt-pt\/produto\/paletero-bullpadel-bpp25020-neuron-5\/","name":"PALETERO BULLPADEL BPP25020 NEURON - Revolution Padel Store","isPartOf":{"@id":"https:\/\/revolutionpadelstore.com\/pt-pt\/#website"},"primaryImageOfPage":{"@id":"https:\/\/revolutionpadelstore.com\/pt-pt\/produto\/paletero-bullpadel-bpp25020-neuron-5\/#primaryimage"},"image":{"@id":"https:\/\/revolutionpadelstore.com\/pt-pt\/produto\/paletero-bullpadel-bpp25020-neuron-5\/#primaryimage"},"thumbnailUrl":"https:\/\/revolutionpadelstore.com\/wp-content\/uploads\/2024\/11\/113820-paletero-bullpadel-bpp25020-neuron-448148-1500x1500-1.webp","datePublished":"2024-11-19T22:57:07+00:00","dateModified":"2026-04-08T08:17:49+00:00","description":"El paletero Neuron de Bullpadel en color negro, dise\u00f1ado en colaboraci\u00f3n con el jugador Fede Chingotto, es el complemento ideal para la pala Bullpadel Neuron. Este paletero para hombre combina ligereza, practicidad y un dise\u00f1o exclusivo con la firma del jugador, pensado para satisfacer las necesidades de los jugadores de p\u00e1del m\u00e1s exigentes con su equipamiento deportivo.","breadcrumb":{"@id":"https:\/\/revolutionpadelstore.com\/pt-pt\/produto\/paletero-bullpadel-bpp25020-neuron-5\/#breadcrumb"},"inLanguage":"pt-PT","potentialAction":[{"@type":"ReadAction","target":["https:\/\/revolutionpadelstore.com\/pt-pt\/produto\/paletero-bullpadel-bpp25020-neuron-5\/"]}]},{"@type":"ImageObject","inLanguage":"pt-PT","@id":"https:\/\/revolutionpadelstore.com\/pt-pt\/produto\/paletero-bullpadel-bpp25020-neuron-5\/#primaryimage","url":"https:\/\/revolutionpadelstore.com\/wp-content\/uploads\/2024\/11\/113820-paletero-bullpadel-bpp25020-neuron-448148-1500x1500-1.webp","contentUrl":"https:\/\/revolutionpadelstore.com\/wp-content\/uploads\/2024\/11\/113820-paletero-bullpadel-bpp25020-neuron-448148-1500x1500-1.webp","width":1500,"height":1500},{"@type":"BreadcrumbList","@id":"https:\/\/revolutionpadelstore.com\/pt-pt\/produto\/paletero-bullpadel-bpp25020-neuron-5\/#breadcrumb","itemListElement":[{"@type":"ListItem","position":1,"name":"Portada","item":"https:\/\/revolutionpadelstore.com\/pt-pt\/"},{"@type":"ListItem","position":2,"name":"Tienda","item":"https:\/\/revolutionpadelstore.com\/pt-pt\/tienda\/"},{"@type":"ListItem","position":3,"name":"PALETERO BULLPADEL BPP25020 NEURON"}]},{"@type":"WebSite","@id":"https:\/\/revolutionpadelstore.com\/pt-pt\/#website","url":"https:\/\/revolutionpadelstore.com\/pt-pt\/","name":"Revolution Padel Store","description":"","publisher":{"@id":"https:\/\/revolutionpadelstore.com\/pt-pt\/#organization"},"potentialAction":[{"@type":"SearchAction","target":{"@type":"EntryPoint","urlTemplate":"https:\/\/revolutionpadelstore.com\/pt-pt\/?s={search_term_string}"},"query-input":{"@type":"PropertyValueSpecification","valueRequired":true,"valueName":"search_term_string"}}],"inLanguage":"pt-PT"},{"@type":"Organization","@id":"https:\/\/revolutionpadelstore.com\/pt-pt\/#organization","name":"Revolution Padel Store","url":"https:\/\/revolutionpadelstore.com\/pt-pt\/","logo":{"@type":"ImageObject","inLanguage":"pt-PT","@id":"https:\/\/revolutionpadelstore.com\/pt-pt\/#\/schema\/logo\/image\/","url":"https:\/\/revolutionpadelstore.com\/wp-content\/uploads\/2026\/02\/revolution-padel-store.jpg","contentUrl":"https:\/\/revolutionpadelstore.com\/wp-content\/uploads\/2026\/02\/revolution-padel-store.jpg","width":2000,"height":2000,"caption":"Revolution Padel Store"},"image":{"@id":"https:\/\/revolutionpadelstore.com\/pt-pt\/#\/schema\/logo\/image\/"},"sameAs":["https:\/\/www.instagram.com\/revolutionpadelstore\/"]}]}},"_links":{"self":[{"href":"https:\/\/revolutionpadelstore.com\/pt-pt\/wp-json\/wp\/v2\/product\/127330","targetHints":{"allow":["GET"]}}],"collection":[{"href":"https:\/\/revolutionpadelstore.com\/pt-pt\/wp-json\/wp\/v2\/product"}],"about":[{"href":"https:\/\/revolutionpadelstore.com\/pt-pt\/wp-json\/wp\/v2\/types\/product"}],"replies":[{"embeddable":true,"href":"https:\/\/revolutionpadelstore.com\/pt-pt\/wp-json\/wp\/v2\/comments?post=127330"}],"wp:featuredmedia":[{"embeddable":true,"href":"https:\/\/revolutionpadelstore.com\/pt-pt\/wp-json\/wp\/v2\/media\/115949"}],"wp:attachment":[{"href":"https:\/\/revolutionpadelstore.com\/pt-pt\/wp-json\/wp\/v2\/media?parent=127330"}],"wp:term":[{"taxonomy":"acabado","embeddable":true,"href":"https:\/\/revolutionpadelstore.com\/pt-pt\/wp-json\/wp\/v2\/acabado?post=127330"},{"taxonomy":"balance","embeddable":true,"href":"https:\/\/revolutionpadelstore.com\/pt-pt\/wp-json\/wp\/v2\/balance?post=127330"},{"taxonomy":"dureza","embeddable":true,"href":"https:\/\/revolutionpadelstore.com\/pt-pt\/wp-json\/wp\/v2\/dureza?post=127330"},{"taxonomy":"forma","embeddable":true,"href":"https:\/\/revolutionpadelstore.com\/pt-pt\/wp-json\/wp\/v2\/forma?post=127330"},{"taxonomy":"jugador","embeddable":true,"href":"https:\/\/revolutionpadelstore.com\/pt-pt\/wp-json\/wp\/v2\/jugador?post=127330"},{"taxonomy":"marca","embeddable":true,"href":"https:\/\/revolutionpadelstore.com\/pt-pt\/wp-json\/wp\/v2\/marca?post=127330"},{"taxonomy":"nivel-de-juego","embeddable":true,"href":"https:\/\/revolutionpadelstore.com\/pt-pt\/wp-json\/wp\/v2\/nivel-de-juego?post=127330"},{"taxonomy":"superficie","embeddable":true,"href":"https:\/\/revolutionpadelstore.com\/pt-pt\/wp-json\/wp\/v2\/superficie?post=127330"},{"taxonomy":"tipo-de-juego","embeddable":true,"href":"https:\/\/revolutionpadelstore.com\/pt-pt\/wp-json\/wp\/v2\/tipo-de-juego?post=127330"},{"taxonomy":"product_brand","embeddable":true,"href":"https:\/\/revolutionpadelstore.com\/pt-pt\/wp-json\/wp\/v2\/product_brand?post=127330"},{"taxonomy":"product_cat","embeddable":true,"href":"https:\/\/revolutionpadelstore.com\/pt-pt\/wp-json\/wp\/v2\/product_cat?post=127330"},{"taxonomy":"product_tag","embeddable":true,"href":"https:\/\/revolutionpadelstore.com\/pt-pt\/wp-json\/wp\/v2\/product_tag?post=127330"}],"curies":[{"name":"wp","href":"https:\/\/api.w.org\/{rel}","templated":true}]}}