{"id":126100,"date":"2024-11-22T08:08:30","date_gmt":"2024-11-22T07:08:30","guid":{"rendered":"https:\/\/revolutionpadelstore.com\/pack-bullpadel-vertex04-martin-di-nenno-2024\/"},"modified":"2026-04-01T06:54:43","modified_gmt":"2026-04-01T04:54:43","slug":"pack-bullpadel-vertex04-martin-di-nenno-2024","status":"publish","type":"product","link":"https:\/\/revolutionpadelstore.com\/pt-pt\/produto\/pack-bullpadel-vertex04-martin-di-nenno-2024\/","title":{"rendered":"PACK BULLPADEL VERTEX04 MART\u00cdN DI NENNO 2024"},"content":{"rendered":"<p><strong> bullpadel pack v\u00e9rtice 04 mart\u00edn di Nenno 2024 <\/strong><\/p>\n<p>O bullpadel v\u00e9rtice 04 Man Nenno 2024 \u00e9 a op\u00e7\u00e3o ideal para profissionais avan\u00e7ados ou que procuram um conjunto completo e de alta qualidade para maximizar seu desempenho em cada jogo. Este pacote inclui a p\u00e1 do v\u00e9rtice 04, uma mochila, um barco de bola e uma bolha de grande grap.<\/p>\n<p><strong> Padel Blade Vertex 04 Comfort <\/strong><\/p>\n<p>Este pacote inclui a excelente l\u00e2mina de conforto V\u00e9rtex 04, especialmente projetada para jogadores que procuram poder em seu jogo. Com um formato de diamante e um alto equil\u00edbrio, juntamente com um peso entre 360 \u200b\u200be 370 gramas, ele oferece uma cola poderosa e controlada. Os planos da l\u00e2mina s\u00e3o fabricados em fibrix, uma combina\u00e7\u00e3o de x-vidro e carbono, que garante grande durabilidade e resist\u00eancia ao impacto.<\/p>\n<p>O n\u00facleo multieva, composto por duas camadas de diferentes densidades, fornece um equil\u00edbrio perfeito entre controle e pot\u00eancia em cada golpe. A superf\u00edcie do topo, com textura \u00e1spera, permite executar efeitos com alta precis\u00e3o. Al\u00e9m disso, seu sistema de peso personalizado permite ajustar o saldo da p\u00e1 de acordo com as prefer\u00eancias do jogador. A estrutura de carbontubo 100% carbono e a tecnologia Curvatik garantem resist\u00eancia a tor\u00e7\u00f5es e estabilidade, enquanto o cora\u00e7\u00e3o do cora\u00e7\u00e3o minimiza as vibra\u00e7\u00f5es para um golpe mais confort\u00e1vel.<\/p>\n<p><strong> bullpadel Backpack por Mart\u00edn Di Nenno <\/strong><\/p>\n<p>Este pacote tamb\u00e9m inclui uma mochila elegante Black Polypiel com detalhes vermelhos e o logotipo em branco do bullpadel. A mochila \u00e9 espa\u00e7osa e funcional, com um amplo compartimento principal, um compartimento t\u00e9rmico para armazenar at\u00e9 duas l\u00e2minas e um compartimento de vergonha ventilado, projetado para manter uma maior higiene. Ele tamb\u00e9m possui um bolso acolchoado para o laptop e um backup de espuma para conforto ao transport\u00e1 -lo.<\/p>\n<p><strong> Blister Overgrips de Bullpadel e Ball Bottle <\/strong><\/p>\n<p>Este pacote \u00e9 conclu\u00eddo com tr\u00eas Microperados pretos de Bullpadel Overgrips, muito absorventes e que melhoram a ader\u00eancia da p\u00e1, al\u00e9m de um bullpadel pr\u00f3ximo barco de bola, aprovado pela Federa\u00e7\u00e3o Internacional de Paddle. Essas bolas s\u00e3o fabricadas com uma mistura de pel\u00facia natural e sint\u00e9tica, o que garante excelente velocidade e durabilidade.<strong>Pack Bullpadel Vertex 04 Mart\u00edn Di Nenno 2024<\/strong><\/p>\n","protected":false},"excerpt":{"rendered":"<p>Bullpadel Pack Vertex 04 Mart\u00edn Di Nenno 2024 com p\u00e1 de p\u00e1, mochila pr\u00e1tica e bolas oficiais de alta qualidade. Perfeito para um jogo avan\u00e7ado.<\/p>\n","protected":false},"featured_media":124910,"comment_status":"open","ping_status":"closed","template":"","meta":{"_acf_changed":false,"_joinchat":[]},"acabado":[1105],"balance":[1135],"dureza":[1155],"forma":[1170],"jugador":[1190,1200],"marca":[1255],"nivel-de-juego":[1335],"superficie":[1360],"tipo-de-juego":[1375],"product_brand":[],"product_cat":[300],"product_tag":[],"class_list":{"0":"post-126100","1":"product","2":"type-product","3":"status-publish","4":"has-post-thumbnail","6":"acabado-rugoso-pt-pt","7":"balance-alto-pt-pt","8":"dureza-media-pt-pt","9":"forma-diamante-pt-pt","10":"jugador-homem","11":"jugador-polivalente-pt-pt","12":"marca-bullpadel-pt-pt","13":"superficie-rugosa-pt-pt","14":"tipo-de-juego-poder","15":"product_cat-palas","17":"first","18":"instock","19":"sale","20":"taxable","21":"shipping-taxable","22":"purchasable","23":"product-type-simple"},"acf":[],"yoast_head":"<!-- This site is optimized with the Yoast SEO plugin v27.3 - https:\/\/yoast.com\/product\/yoast-seo-wordpress\/ -->\n<title>PACK BULLPADEL VERTEX04 MART\u00cdN DI NENNO 2024 - Revolution Padel Store<\/title>\n<meta name=\"description\" content=\"El Pack Bullpadel Vertex 04 Mant\u00edn Di Nenno 2024 es la opci\u00f3n ideal para jugadores de p\u00e1del avanzados o profesionales que buscan un set completo y de alta calidad para rendir al m\u00e1ximo en cada partido. Pack de pala Vertex, una mochila, un bote de pelotas y un bl\u00edster de overgrips.\" \/>\n<meta name=\"robots\" content=\"index, follow, max-snippet:-1, max-image-preview:large, max-video-preview:-1\" \/>\n<link rel=\"canonical\" href=\"https:\/\/revolutionpadelstore.com\/pt-pt\/produto\/pack-bullpadel-vertex04-martin-di-nenno-2024\/\" \/>\n<meta property=\"og:locale\" content=\"pt_PT\" \/>\n<meta property=\"og:type\" content=\"article\" \/>\n<meta property=\"og:title\" content=\"PACK BULLPADEL VERTEX04 MART\u00cdN DI NENNO 2024 - Revolution Padel Store\" \/>\n<meta property=\"og:description\" content=\"El Pack Bullpadel Vertex 04 Mant\u00edn Di Nenno 2024 es la opci\u00f3n ideal para jugadores de p\u00e1del avanzados o profesionales que buscan un set completo y de alta calidad para rendir al m\u00e1ximo en cada partido. Pack de pala Vertex, una mochila, un bote de pelotas y un bl\u00edster de overgrips.\" \/>\n<meta property=\"og:url\" content=\"https:\/\/revolutionpadelstore.com\/pt-pt\/produto\/pack-bullpadel-vertex04-martin-di-nenno-2024\/\" \/>\n<meta property=\"og:site_name\" content=\"Revolution Padel Store\" \/>\n<meta property=\"article:modified_time\" content=\"2026-04-01T04:54:43+00:00\" \/>\n<meta property=\"og:image\" content=\"https:\/\/revolutionpadelstore.com\/wp-content\/uploads\/2024\/11\/113006-pack-bullpadel-vertex04-man-448209-1500x1500-1.webp\" \/>\n\t<meta property=\"og:image:width\" content=\"1500\" \/>\n\t<meta property=\"og:image:height\" content=\"1500\" \/>\n\t<meta property=\"og:image:type\" content=\"image\/webp\" \/>\n<meta name=\"twitter:card\" content=\"summary_large_image\" \/>\n<meta name=\"twitter:label1\" content=\"Tempo estimado de leitura\" \/>\n\t<meta name=\"twitter:data1\" content=\"2 minutos\" \/>\n<script type=\"application\/ld+json\" class=\"yoast-schema-graph\">{\"@context\":\"https:\\\/\\\/schema.org\",\"@graph\":[{\"@type\":\"WebPage\",\"@id\":\"https:\\\/\\\/revolutionpadelstore.com\\\/pt-pt\\\/produto\\\/pack-bullpadel-vertex04-martin-di-nenno-2024\\\/\",\"url\":\"https:\\\/\\\/revolutionpadelstore.com\\\/pt-pt\\\/produto\\\/pack-bullpadel-vertex04-martin-di-nenno-2024\\\/\",\"name\":\"PACK BULLPADEL VERTEX04 MART\u00cdN DI NENNO 2024 - Revolution Padel Store\",\"isPartOf\":{\"@id\":\"https:\\\/\\\/revolutionpadelstore.com\\\/pt-pt\\\/#website\"},\"primaryImageOfPage\":{\"@id\":\"https:\\\/\\\/revolutionpadelstore.com\\\/pt-pt\\\/produto\\\/pack-bullpadel-vertex04-martin-di-nenno-2024\\\/#primaryimage\"},\"image\":{\"@id\":\"https:\\\/\\\/revolutionpadelstore.com\\\/pt-pt\\\/produto\\\/pack-bullpadel-vertex04-martin-di-nenno-2024\\\/#primaryimage\"},\"thumbnailUrl\":\"https:\\\/\\\/revolutionpadelstore.com\\\/wp-content\\\/uploads\\\/2024\\\/11\\\/113006-pack-bullpadel-vertex04-man-448209-1500x1500-1.webp\",\"datePublished\":\"2024-11-22T07:08:30+00:00\",\"dateModified\":\"2026-04-01T04:54:43+00:00\",\"description\":\"El Pack Bullpadel Vertex 04 Mant\u00edn Di Nenno 2024 es la opci\u00f3n ideal para jugadores de p\u00e1del avanzados o profesionales que buscan un set completo y de alta calidad para rendir al m\u00e1ximo en cada partido. Pack de pala Vertex, una mochila, un bote de pelotas y un bl\u00edster de overgrips.\",\"breadcrumb\":{\"@id\":\"https:\\\/\\\/revolutionpadelstore.com\\\/pt-pt\\\/produto\\\/pack-bullpadel-vertex04-martin-di-nenno-2024\\\/#breadcrumb\"},\"inLanguage\":\"pt-PT\",\"potentialAction\":[{\"@type\":\"ReadAction\",\"target\":[\"https:\\\/\\\/revolutionpadelstore.com\\\/pt-pt\\\/produto\\\/pack-bullpadel-vertex04-martin-di-nenno-2024\\\/\"]}]},{\"@type\":\"ImageObject\",\"inLanguage\":\"pt-PT\",\"@id\":\"https:\\\/\\\/revolutionpadelstore.com\\\/pt-pt\\\/produto\\\/pack-bullpadel-vertex04-martin-di-nenno-2024\\\/#primaryimage\",\"url\":\"https:\\\/\\\/revolutionpadelstore.com\\\/wp-content\\\/uploads\\\/2024\\\/11\\\/113006-pack-bullpadel-vertex04-man-448209-1500x1500-1.webp\",\"contentUrl\":\"https:\\\/\\\/revolutionpadelstore.com\\\/wp-content\\\/uploads\\\/2024\\\/11\\\/113006-pack-bullpadel-vertex04-man-448209-1500x1500-1.webp\",\"width\":1500,\"height\":1500},{\"@type\":\"BreadcrumbList\",\"@id\":\"https:\\\/\\\/revolutionpadelstore.com\\\/pt-pt\\\/produto\\\/pack-bullpadel-vertex04-martin-di-nenno-2024\\\/#breadcrumb\",\"itemListElement\":[{\"@type\":\"ListItem\",\"position\":1,\"name\":\"Portada\",\"item\":\"https:\\\/\\\/revolutionpadelstore.com\\\/pt-pt\\\/\"},{\"@type\":\"ListItem\",\"position\":2,\"name\":\"Tienda\",\"item\":\"https:\\\/\\\/revolutionpadelstore.com\\\/pt-pt\\\/tienda\\\/\"},{\"@type\":\"ListItem\",\"position\":3,\"name\":\"PACK BULLPADEL VERTEX04 MART\u00cdN DI NENNO 2024\"}]},{\"@type\":\"WebSite\",\"@id\":\"https:\\\/\\\/revolutionpadelstore.com\\\/pt-pt\\\/#website\",\"url\":\"https:\\\/\\\/revolutionpadelstore.com\\\/pt-pt\\\/\",\"name\":\"Revolution Padel Store\",\"description\":\"\",\"publisher\":{\"@id\":\"https:\\\/\\\/revolutionpadelstore.com\\\/pt-pt\\\/#organization\"},\"potentialAction\":[{\"@type\":\"SearchAction\",\"target\":{\"@type\":\"EntryPoint\",\"urlTemplate\":\"https:\\\/\\\/revolutionpadelstore.com\\\/pt-pt\\\/?s={search_term_string}\"},\"query-input\":{\"@type\":\"PropertyValueSpecification\",\"valueRequired\":true,\"valueName\":\"search_term_string\"}}],\"inLanguage\":\"pt-PT\"},{\"@type\":\"Organization\",\"@id\":\"https:\\\/\\\/revolutionpadelstore.com\\\/pt-pt\\\/#organization\",\"name\":\"Revolution Padel Store\",\"url\":\"https:\\\/\\\/revolutionpadelstore.com\\\/pt-pt\\\/\",\"logo\":{\"@type\":\"ImageObject\",\"inLanguage\":\"pt-PT\",\"@id\":\"https:\\\/\\\/revolutionpadelstore.com\\\/pt-pt\\\/#\\\/schema\\\/logo\\\/image\\\/\",\"url\":\"https:\\\/\\\/revolutionpadelstore.com\\\/wp-content\\\/uploads\\\/2026\\\/02\\\/revolution-padel-store.jpg\",\"contentUrl\":\"https:\\\/\\\/revolutionpadelstore.com\\\/wp-content\\\/uploads\\\/2026\\\/02\\\/revolution-padel-store.jpg\",\"width\":2000,\"height\":2000,\"caption\":\"Revolution Padel Store\"},\"image\":{\"@id\":\"https:\\\/\\\/revolutionpadelstore.com\\\/pt-pt\\\/#\\\/schema\\\/logo\\\/image\\\/\"},\"sameAs\":[\"https:\\\/\\\/www.instagram.com\\\/revolutionpadelstore\\\/\"]}]}<\/script>\n<!-- \/ Yoast SEO plugin. -->","yoast_head_json":{"title":"PACK BULLPADEL VERTEX04 MART\u00cdN DI NENNO 2024 - Revolution Padel Store","description":"El Pack Bullpadel Vertex 04 Mant\u00edn Di Nenno 2024 es la opci\u00f3n ideal para jugadores de p\u00e1del avanzados o profesionales que buscan un set completo y de alta calidad para rendir al m\u00e1ximo en cada partido. Pack de pala Vertex, una mochila, un bote de pelotas y un bl\u00edster de overgrips.","robots":{"index":"index","follow":"follow","max-snippet":"max-snippet:-1","max-image-preview":"max-image-preview:large","max-video-preview":"max-video-preview:-1"},"canonical":"https:\/\/revolutionpadelstore.com\/pt-pt\/produto\/pack-bullpadel-vertex04-martin-di-nenno-2024\/","og_locale":"pt_PT","og_type":"article","og_title":"PACK BULLPADEL VERTEX04 MART\u00cdN DI NENNO 2024 - Revolution Padel Store","og_description":"El Pack Bullpadel Vertex 04 Mant\u00edn Di Nenno 2024 es la opci\u00f3n ideal para jugadores de p\u00e1del avanzados o profesionales que buscan un set completo y de alta calidad para rendir al m\u00e1ximo en cada partido. Pack de pala Vertex, una mochila, un bote de pelotas y un bl\u00edster de overgrips.","og_url":"https:\/\/revolutionpadelstore.com\/pt-pt\/produto\/pack-bullpadel-vertex04-martin-di-nenno-2024\/","og_site_name":"Revolution Padel Store","article_modified_time":"2026-04-01T04:54:43+00:00","og_image":[{"width":1500,"height":1500,"url":"https:\/\/revolutionpadelstore.com\/wp-content\/uploads\/2024\/11\/113006-pack-bullpadel-vertex04-man-448209-1500x1500-1.webp","type":"image\/webp"}],"twitter_card":"summary_large_image","twitter_misc":{"Tempo estimado de leitura":"2 minutos"},"schema":{"@context":"https:\/\/schema.org","@graph":[{"@type":"WebPage","@id":"https:\/\/revolutionpadelstore.com\/pt-pt\/produto\/pack-bullpadel-vertex04-martin-di-nenno-2024\/","url":"https:\/\/revolutionpadelstore.com\/pt-pt\/produto\/pack-bullpadel-vertex04-martin-di-nenno-2024\/","name":"PACK BULLPADEL VERTEX04 MART\u00cdN DI NENNO 2024 - Revolution Padel Store","isPartOf":{"@id":"https:\/\/revolutionpadelstore.com\/pt-pt\/#website"},"primaryImageOfPage":{"@id":"https:\/\/revolutionpadelstore.com\/pt-pt\/produto\/pack-bullpadel-vertex04-martin-di-nenno-2024\/#primaryimage"},"image":{"@id":"https:\/\/revolutionpadelstore.com\/pt-pt\/produto\/pack-bullpadel-vertex04-martin-di-nenno-2024\/#primaryimage"},"thumbnailUrl":"https:\/\/revolutionpadelstore.com\/wp-content\/uploads\/2024\/11\/113006-pack-bullpadel-vertex04-man-448209-1500x1500-1.webp","datePublished":"2024-11-22T07:08:30+00:00","dateModified":"2026-04-01T04:54:43+00:00","description":"El Pack Bullpadel Vertex 04 Mant\u00edn Di Nenno 2024 es la opci\u00f3n ideal para jugadores de p\u00e1del avanzados o profesionales que buscan un set completo y de alta calidad para rendir al m\u00e1ximo en cada partido. Pack de pala Vertex, una mochila, un bote de pelotas y un bl\u00edster de overgrips.","breadcrumb":{"@id":"https:\/\/revolutionpadelstore.com\/pt-pt\/produto\/pack-bullpadel-vertex04-martin-di-nenno-2024\/#breadcrumb"},"inLanguage":"pt-PT","potentialAction":[{"@type":"ReadAction","target":["https:\/\/revolutionpadelstore.com\/pt-pt\/produto\/pack-bullpadel-vertex04-martin-di-nenno-2024\/"]}]},{"@type":"ImageObject","inLanguage":"pt-PT","@id":"https:\/\/revolutionpadelstore.com\/pt-pt\/produto\/pack-bullpadel-vertex04-martin-di-nenno-2024\/#primaryimage","url":"https:\/\/revolutionpadelstore.com\/wp-content\/uploads\/2024\/11\/113006-pack-bullpadel-vertex04-man-448209-1500x1500-1.webp","contentUrl":"https:\/\/revolutionpadelstore.com\/wp-content\/uploads\/2024\/11\/113006-pack-bullpadel-vertex04-man-448209-1500x1500-1.webp","width":1500,"height":1500},{"@type":"BreadcrumbList","@id":"https:\/\/revolutionpadelstore.com\/pt-pt\/produto\/pack-bullpadel-vertex04-martin-di-nenno-2024\/#breadcrumb","itemListElement":[{"@type":"ListItem","position":1,"name":"Portada","item":"https:\/\/revolutionpadelstore.com\/pt-pt\/"},{"@type":"ListItem","position":2,"name":"Tienda","item":"https:\/\/revolutionpadelstore.com\/pt-pt\/tienda\/"},{"@type":"ListItem","position":3,"name":"PACK BULLPADEL VERTEX04 MART\u00cdN DI NENNO 2024"}]},{"@type":"WebSite","@id":"https:\/\/revolutionpadelstore.com\/pt-pt\/#website","url":"https:\/\/revolutionpadelstore.com\/pt-pt\/","name":"Revolution Padel Store","description":"","publisher":{"@id":"https:\/\/revolutionpadelstore.com\/pt-pt\/#organization"},"potentialAction":[{"@type":"SearchAction","target":{"@type":"EntryPoint","urlTemplate":"https:\/\/revolutionpadelstore.com\/pt-pt\/?s={search_term_string}"},"query-input":{"@type":"PropertyValueSpecification","valueRequired":true,"valueName":"search_term_string"}}],"inLanguage":"pt-PT"},{"@type":"Organization","@id":"https:\/\/revolutionpadelstore.com\/pt-pt\/#organization","name":"Revolution Padel Store","url":"https:\/\/revolutionpadelstore.com\/pt-pt\/","logo":{"@type":"ImageObject","inLanguage":"pt-PT","@id":"https:\/\/revolutionpadelstore.com\/pt-pt\/#\/schema\/logo\/image\/","url":"https:\/\/revolutionpadelstore.com\/wp-content\/uploads\/2026\/02\/revolution-padel-store.jpg","contentUrl":"https:\/\/revolutionpadelstore.com\/wp-content\/uploads\/2026\/02\/revolution-padel-store.jpg","width":2000,"height":2000,"caption":"Revolution Padel Store"},"image":{"@id":"https:\/\/revolutionpadelstore.com\/pt-pt\/#\/schema\/logo\/image\/"},"sameAs":["https:\/\/www.instagram.com\/revolutionpadelstore\/"]}]}},"_links":{"self":[{"href":"https:\/\/revolutionpadelstore.com\/pt-pt\/wp-json\/wp\/v2\/product\/126100","targetHints":{"allow":["GET"]}}],"collection":[{"href":"https:\/\/revolutionpadelstore.com\/pt-pt\/wp-json\/wp\/v2\/product"}],"about":[{"href":"https:\/\/revolutionpadelstore.com\/pt-pt\/wp-json\/wp\/v2\/types\/product"}],"replies":[{"embeddable":true,"href":"https:\/\/revolutionpadelstore.com\/pt-pt\/wp-json\/wp\/v2\/comments?post=126100"}],"wp:featuredmedia":[{"embeddable":true,"href":"https:\/\/revolutionpadelstore.com\/pt-pt\/wp-json\/wp\/v2\/media\/124910"}],"wp:attachment":[{"href":"https:\/\/revolutionpadelstore.com\/pt-pt\/wp-json\/wp\/v2\/media?parent=126100"}],"wp:term":[{"taxonomy":"acabado","embeddable":true,"href":"https:\/\/revolutionpadelstore.com\/pt-pt\/wp-json\/wp\/v2\/acabado?post=126100"},{"taxonomy":"balance","embeddable":true,"href":"https:\/\/revolutionpadelstore.com\/pt-pt\/wp-json\/wp\/v2\/balance?post=126100"},{"taxonomy":"dureza","embeddable":true,"href":"https:\/\/revolutionpadelstore.com\/pt-pt\/wp-json\/wp\/v2\/dureza?post=126100"},{"taxonomy":"forma","embeddable":true,"href":"https:\/\/revolutionpadelstore.com\/pt-pt\/wp-json\/wp\/v2\/forma?post=126100"},{"taxonomy":"jugador","embeddable":true,"href":"https:\/\/revolutionpadelstore.com\/pt-pt\/wp-json\/wp\/v2\/jugador?post=126100"},{"taxonomy":"marca","embeddable":true,"href":"https:\/\/revolutionpadelstore.com\/pt-pt\/wp-json\/wp\/v2\/marca?post=126100"},{"taxonomy":"nivel-de-juego","embeddable":true,"href":"https:\/\/revolutionpadelstore.com\/pt-pt\/wp-json\/wp\/v2\/nivel-de-juego?post=126100"},{"taxonomy":"superficie","embeddable":true,"href":"https:\/\/revolutionpadelstore.com\/pt-pt\/wp-json\/wp\/v2\/superficie?post=126100"},{"taxonomy":"tipo-de-juego","embeddable":true,"href":"https:\/\/revolutionpadelstore.com\/pt-pt\/wp-json\/wp\/v2\/tipo-de-juego?post=126100"},{"taxonomy":"product_brand","embeddable":true,"href":"https:\/\/revolutionpadelstore.com\/pt-pt\/wp-json\/wp\/v2\/product_brand?post=126100"},{"taxonomy":"product_cat","embeddable":true,"href":"https:\/\/revolutionpadelstore.com\/pt-pt\/wp-json\/wp\/v2\/product_cat?post=126100"},{"taxonomy":"product_tag","embeddable":true,"href":"https:\/\/revolutionpadelstore.com\/pt-pt\/wp-json\/wp\/v2\/product_tag?post=126100"}],"curies":[{"name":"wp","href":"https:\/\/api.w.org\/{rel}","templated":true}]}}