{"id":125465,"date":"2024-11-22T08:17:30","date_gmt":"2024-11-22T07:17:30","guid":{"rendered":"https:\/\/revolutionpadelstore.com\/kombat-osorno\/"},"modified":"2026-04-01T06:54:19","modified_gmt":"2026-04-01T04:54:19","slug":"kombat-osorno","status":"publish","type":"product","link":"https:\/\/revolutionpadelstore.com\/pt-pt\/produto\/kombat-osorno\/","title":{"rendered":"KOMBAT OSORNO"},"content":{"rendered":"<p><strong> Kombat Osorno, cole\u00e7\u00e3o de p\u00e1 de l\u00e1grima 2025 <\/strong><br \/>\nO Kombat Osorno foi projetado para aqueles que buscam um equil\u00edbrio perfeito entre poder e conforto em seu jogo. Inspirado pela majestade do vulc\u00e3o Osorno no Chile, esta p\u00e1 tem um design em forma de l\u00e1grima que oferece excelente desempenho, tanto no controle quanto na bola. Seu n\u00facleo de borracha EVA de dupla densidade fornece uma sensa\u00e7\u00e3o suave e precisa em cada golpe, permitindo movimentos \u00e1geis e exatos. Se voc\u00ea precisar de uma p\u00e1 que combine conforto com desempenho explosivo, o Kombat Osorno \u00e9 a op\u00e7\u00e3o ideal para levar seu jogo a novos patamares.<\/p>\n<p><strong> kombat Osorno para jogadores vers\u00e1teis <\/strong><br \/>\nO Kombat Osorno \u00e9 a escolha perfeita para jogadores que procuram uma p\u00e1 que oferece conforto e excelente sa\u00edda de bola sem desistir do poder. Seu n\u00facleo de borracha EVA de dupla densidade \u00e9 ideal para quem deseja gerar velocidade em seus golpes, sempre mantendo um controle excepcional. Com um equil\u00edbrio m\u00e9dio, essa p\u00e1 se adapta a diferentes estilos de jogo, facilitando ataques e defesas. Voc\u00ea j\u00e1 \u00e9 um jogador de n\u00edvel avan\u00e7ado ou intermedi\u00e1rio, o Kombat Osorno permitir\u00e1 que voc\u00ea melhore seu desempenho na quadra, oferecendo a voc\u00ea uma experi\u00eancia de jogo confort\u00e1vel e eficiente.<\/p>\n<p><strong> Kombat Osorno na Revolu\u00e7\u00e3o Padel Store <\/strong><\/p>\n<p>N\u00e3o espere mais para melhorar seu jogo com o <strong> kombat Osorno <\/strong>. Seu design inovador permitir\u00e1 que voc\u00ea gere golpes r\u00e1pidos e precisos sem perder o controle. Obtenha o seu e experimente a diferen\u00e7a em seu treinamento e correspond\u00eancias!<strong>Kombat Osorno, pala de l\u00e1grima Colecci\u00f3n 2025<\/strong><\/p>\n","protected":false},"excerpt":{"rendered":"<p>O Kombat Osorno oferece um equil\u00edbrio entre controle e poder, ideal para jogadores que procuram conforto e uma grande tomada de bola em cada golpe.<\/p>\n","protected":false},"featured_media":124922,"comment_status":"open","ping_status":"closed","template":"","meta":{"_acf_changed":false,"_joinchat":[]},"acabado":[1090],"balance":[1140],"dureza":[1150],"forma":[1185],"jugador":[1190,1200],"marca":[1705],"nivel-de-juego":[1335],"superficie":[1360],"tipo-de-juego":[1385],"product_brand":[],"product_cat":[300],"product_tag":[],"class_list":{"0":"post-125465","1":"product","2":"type-product","3":"status-publish","4":"has-post-thumbnail","6":"acabado-alivio-3d","7":"balance-medio-pt-pt","8":"dureza-blanda-pt-pt","9":"forma-lagrima-pt-pt","10":"jugador-homem","11":"jugador-polivalente-pt-pt","12":"marca-kombat-pt-pt","13":"superficie-rugosa-pt-pt","14":"tipo-de-juego-polivalente-pt-pt","15":"product_cat-palas","17":"first","18":"instock","19":"taxable","20":"shipping-taxable","21":"purchasable","22":"product-type-simple"},"acf":[],"yoast_head":"<!-- This site is optimized with the Yoast SEO plugin v27.3 - https:\/\/yoast.com\/product\/yoast-seo-wordpress\/ -->\n<title>KOMBAT OSORNO - Revolution Padel Store<\/title>\n<meta name=\"description\" content=\"La Kombat Osorno est\u00e1 pensada para quienes buscan un equilibrio perfecto entre potencia y confort en su juego. Inspirada en la majestuosidad del volc\u00e1n Osorno en Chile, esta pala tiene un dise\u00f1o en forma de l\u00e1grima que ofrece un rendimiento sobresaliente tanto en control como en salida de bola\" \/>\n<meta name=\"robots\" content=\"index, follow, max-snippet:-1, max-image-preview:large, max-video-preview:-1\" \/>\n<link rel=\"canonical\" href=\"https:\/\/revolutionpadelstore.com\/pt-pt\/produto\/kombat-osorno\/\" \/>\n<meta property=\"og:locale\" content=\"pt_PT\" \/>\n<meta property=\"og:type\" content=\"article\" \/>\n<meta property=\"og:title\" content=\"KOMBAT OSORNO - Revolution Padel Store\" \/>\n<meta property=\"og:description\" content=\"La Kombat Osorno est\u00e1 pensada para quienes buscan un equilibrio perfecto entre potencia y confort en su juego. Inspirada en la majestuosidad del volc\u00e1n Osorno en Chile, esta pala tiene un dise\u00f1o en forma de l\u00e1grima que ofrece un rendimiento sobresaliente tanto en control como en salida de bola\" \/>\n<meta property=\"og:url\" content=\"https:\/\/revolutionpadelstore.com\/pt-pt\/produto\/kombat-osorno\/\" \/>\n<meta property=\"og:site_name\" content=\"Revolution Padel Store\" \/>\n<meta property=\"article:modified_time\" content=\"2026-04-01T04:54:19+00:00\" \/>\n<meta property=\"og:image\" content=\"https:\/\/revolutionpadelstore.com\/wp-content\/uploads\/2024\/11\/115025_pala_kombat_osorno_1500x1500_1_66f0.webp\" \/>\n\t<meta property=\"og:image:width\" content=\"1500\" \/>\n\t<meta property=\"og:image:height\" content=\"1500\" \/>\n\t<meta property=\"og:image:type\" content=\"image\/webp\" \/>\n<meta name=\"twitter:card\" content=\"summary_large_image\" \/>\n<meta name=\"twitter:label1\" content=\"Tempo estimado de leitura\" \/>\n\t<meta name=\"twitter:data1\" content=\"2 minutos\" \/>\n<script type=\"application\/ld+json\" class=\"yoast-schema-graph\">{\"@context\":\"https:\\\/\\\/schema.org\",\"@graph\":[{\"@type\":\"WebPage\",\"@id\":\"https:\\\/\\\/revolutionpadelstore.com\\\/pt-pt\\\/produto\\\/kombat-osorno\\\/\",\"url\":\"https:\\\/\\\/revolutionpadelstore.com\\\/pt-pt\\\/produto\\\/kombat-osorno\\\/\",\"name\":\"KOMBAT OSORNO - Revolution Padel Store\",\"isPartOf\":{\"@id\":\"https:\\\/\\\/revolutionpadelstore.com\\\/pt-pt\\\/#website\"},\"primaryImageOfPage\":{\"@id\":\"https:\\\/\\\/revolutionpadelstore.com\\\/pt-pt\\\/produto\\\/kombat-osorno\\\/#primaryimage\"},\"image\":{\"@id\":\"https:\\\/\\\/revolutionpadelstore.com\\\/pt-pt\\\/produto\\\/kombat-osorno\\\/#primaryimage\"},\"thumbnailUrl\":\"https:\\\/\\\/revolutionpadelstore.com\\\/wp-content\\\/uploads\\\/2024\\\/11\\\/115025_pala_kombat_osorno_1500x1500_1_66f0.webp\",\"datePublished\":\"2024-11-22T07:17:30+00:00\",\"dateModified\":\"2026-04-01T04:54:19+00:00\",\"description\":\"La Kombat Osorno est\u00e1 pensada para quienes buscan un equilibrio perfecto entre potencia y confort en su juego. Inspirada en la majestuosidad del volc\u00e1n Osorno en Chile, esta pala tiene un dise\u00f1o en forma de l\u00e1grima que ofrece un rendimiento sobresaliente tanto en control como en salida de bola\",\"breadcrumb\":{\"@id\":\"https:\\\/\\\/revolutionpadelstore.com\\\/pt-pt\\\/produto\\\/kombat-osorno\\\/#breadcrumb\"},\"inLanguage\":\"pt-PT\",\"potentialAction\":[{\"@type\":\"ReadAction\",\"target\":[\"https:\\\/\\\/revolutionpadelstore.com\\\/pt-pt\\\/produto\\\/kombat-osorno\\\/\"]}]},{\"@type\":\"ImageObject\",\"inLanguage\":\"pt-PT\",\"@id\":\"https:\\\/\\\/revolutionpadelstore.com\\\/pt-pt\\\/produto\\\/kombat-osorno\\\/#primaryimage\",\"url\":\"https:\\\/\\\/revolutionpadelstore.com\\\/wp-content\\\/uploads\\\/2024\\\/11\\\/115025_pala_kombat_osorno_1500x1500_1_66f0.webp\",\"contentUrl\":\"https:\\\/\\\/revolutionpadelstore.com\\\/wp-content\\\/uploads\\\/2024\\\/11\\\/115025_pala_kombat_osorno_1500x1500_1_66f0.webp\",\"width\":1500,\"height\":1500},{\"@type\":\"BreadcrumbList\",\"@id\":\"https:\\\/\\\/revolutionpadelstore.com\\\/pt-pt\\\/produto\\\/kombat-osorno\\\/#breadcrumb\",\"itemListElement\":[{\"@type\":\"ListItem\",\"position\":1,\"name\":\"Portada\",\"item\":\"https:\\\/\\\/revolutionpadelstore.com\\\/pt-pt\\\/\"},{\"@type\":\"ListItem\",\"position\":2,\"name\":\"Tienda\",\"item\":\"https:\\\/\\\/revolutionpadelstore.com\\\/pt-pt\\\/tienda\\\/\"},{\"@type\":\"ListItem\",\"position\":3,\"name\":\"KOMBAT OSORNO\"}]},{\"@type\":\"WebSite\",\"@id\":\"https:\\\/\\\/revolutionpadelstore.com\\\/pt-pt\\\/#website\",\"url\":\"https:\\\/\\\/revolutionpadelstore.com\\\/pt-pt\\\/\",\"name\":\"Revolution Padel Store\",\"description\":\"\",\"publisher\":{\"@id\":\"https:\\\/\\\/revolutionpadelstore.com\\\/pt-pt\\\/#organization\"},\"potentialAction\":[{\"@type\":\"SearchAction\",\"target\":{\"@type\":\"EntryPoint\",\"urlTemplate\":\"https:\\\/\\\/revolutionpadelstore.com\\\/pt-pt\\\/?s={search_term_string}\"},\"query-input\":{\"@type\":\"PropertyValueSpecification\",\"valueRequired\":true,\"valueName\":\"search_term_string\"}}],\"inLanguage\":\"pt-PT\"},{\"@type\":\"Organization\",\"@id\":\"https:\\\/\\\/revolutionpadelstore.com\\\/pt-pt\\\/#organization\",\"name\":\"Revolution Padel Store\",\"url\":\"https:\\\/\\\/revolutionpadelstore.com\\\/pt-pt\\\/\",\"logo\":{\"@type\":\"ImageObject\",\"inLanguage\":\"pt-PT\",\"@id\":\"https:\\\/\\\/revolutionpadelstore.com\\\/pt-pt\\\/#\\\/schema\\\/logo\\\/image\\\/\",\"url\":\"https:\\\/\\\/revolutionpadelstore.com\\\/wp-content\\\/uploads\\\/2026\\\/02\\\/revolution-padel-store.jpg\",\"contentUrl\":\"https:\\\/\\\/revolutionpadelstore.com\\\/wp-content\\\/uploads\\\/2026\\\/02\\\/revolution-padel-store.jpg\",\"width\":2000,\"height\":2000,\"caption\":\"Revolution Padel Store\"},\"image\":{\"@id\":\"https:\\\/\\\/revolutionpadelstore.com\\\/pt-pt\\\/#\\\/schema\\\/logo\\\/image\\\/\"},\"sameAs\":[\"https:\\\/\\\/www.instagram.com\\\/revolutionpadelstore\\\/\"]}]}<\/script>\n<!-- \/ Yoast SEO plugin. -->","yoast_head_json":{"title":"KOMBAT OSORNO - Revolution Padel Store","description":"La Kombat Osorno est\u00e1 pensada para quienes buscan un equilibrio perfecto entre potencia y confort en su juego. Inspirada en la majestuosidad del volc\u00e1n Osorno en Chile, esta pala tiene un dise\u00f1o en forma de l\u00e1grima que ofrece un rendimiento sobresaliente tanto en control como en salida de bola","robots":{"index":"index","follow":"follow","max-snippet":"max-snippet:-1","max-image-preview":"max-image-preview:large","max-video-preview":"max-video-preview:-1"},"canonical":"https:\/\/revolutionpadelstore.com\/pt-pt\/produto\/kombat-osorno\/","og_locale":"pt_PT","og_type":"article","og_title":"KOMBAT OSORNO - Revolution Padel Store","og_description":"La Kombat Osorno est\u00e1 pensada para quienes buscan un equilibrio perfecto entre potencia y confort en su juego. Inspirada en la majestuosidad del volc\u00e1n Osorno en Chile, esta pala tiene un dise\u00f1o en forma de l\u00e1grima que ofrece un rendimiento sobresaliente tanto en control como en salida de bola","og_url":"https:\/\/revolutionpadelstore.com\/pt-pt\/produto\/kombat-osorno\/","og_site_name":"Revolution Padel Store","article_modified_time":"2026-04-01T04:54:19+00:00","og_image":[{"width":1500,"height":1500,"url":"https:\/\/revolutionpadelstore.com\/wp-content\/uploads\/2024\/11\/115025_pala_kombat_osorno_1500x1500_1_66f0.webp","type":"image\/webp"}],"twitter_card":"summary_large_image","twitter_misc":{"Tempo estimado de leitura":"2 minutos"},"schema":{"@context":"https:\/\/schema.org","@graph":[{"@type":"WebPage","@id":"https:\/\/revolutionpadelstore.com\/pt-pt\/produto\/kombat-osorno\/","url":"https:\/\/revolutionpadelstore.com\/pt-pt\/produto\/kombat-osorno\/","name":"KOMBAT OSORNO - Revolution Padel Store","isPartOf":{"@id":"https:\/\/revolutionpadelstore.com\/pt-pt\/#website"},"primaryImageOfPage":{"@id":"https:\/\/revolutionpadelstore.com\/pt-pt\/produto\/kombat-osorno\/#primaryimage"},"image":{"@id":"https:\/\/revolutionpadelstore.com\/pt-pt\/produto\/kombat-osorno\/#primaryimage"},"thumbnailUrl":"https:\/\/revolutionpadelstore.com\/wp-content\/uploads\/2024\/11\/115025_pala_kombat_osorno_1500x1500_1_66f0.webp","datePublished":"2024-11-22T07:17:30+00:00","dateModified":"2026-04-01T04:54:19+00:00","description":"La Kombat Osorno est\u00e1 pensada para quienes buscan un equilibrio perfecto entre potencia y confort en su juego. Inspirada en la majestuosidad del volc\u00e1n Osorno en Chile, esta pala tiene un dise\u00f1o en forma de l\u00e1grima que ofrece un rendimiento sobresaliente tanto en control como en salida de bola","breadcrumb":{"@id":"https:\/\/revolutionpadelstore.com\/pt-pt\/produto\/kombat-osorno\/#breadcrumb"},"inLanguage":"pt-PT","potentialAction":[{"@type":"ReadAction","target":["https:\/\/revolutionpadelstore.com\/pt-pt\/produto\/kombat-osorno\/"]}]},{"@type":"ImageObject","inLanguage":"pt-PT","@id":"https:\/\/revolutionpadelstore.com\/pt-pt\/produto\/kombat-osorno\/#primaryimage","url":"https:\/\/revolutionpadelstore.com\/wp-content\/uploads\/2024\/11\/115025_pala_kombat_osorno_1500x1500_1_66f0.webp","contentUrl":"https:\/\/revolutionpadelstore.com\/wp-content\/uploads\/2024\/11\/115025_pala_kombat_osorno_1500x1500_1_66f0.webp","width":1500,"height":1500},{"@type":"BreadcrumbList","@id":"https:\/\/revolutionpadelstore.com\/pt-pt\/produto\/kombat-osorno\/#breadcrumb","itemListElement":[{"@type":"ListItem","position":1,"name":"Portada","item":"https:\/\/revolutionpadelstore.com\/pt-pt\/"},{"@type":"ListItem","position":2,"name":"Tienda","item":"https:\/\/revolutionpadelstore.com\/pt-pt\/tienda\/"},{"@type":"ListItem","position":3,"name":"KOMBAT OSORNO"}]},{"@type":"WebSite","@id":"https:\/\/revolutionpadelstore.com\/pt-pt\/#website","url":"https:\/\/revolutionpadelstore.com\/pt-pt\/","name":"Revolution Padel Store","description":"","publisher":{"@id":"https:\/\/revolutionpadelstore.com\/pt-pt\/#organization"},"potentialAction":[{"@type":"SearchAction","target":{"@type":"EntryPoint","urlTemplate":"https:\/\/revolutionpadelstore.com\/pt-pt\/?s={search_term_string}"},"query-input":{"@type":"PropertyValueSpecification","valueRequired":true,"valueName":"search_term_string"}}],"inLanguage":"pt-PT"},{"@type":"Organization","@id":"https:\/\/revolutionpadelstore.com\/pt-pt\/#organization","name":"Revolution Padel Store","url":"https:\/\/revolutionpadelstore.com\/pt-pt\/","logo":{"@type":"ImageObject","inLanguage":"pt-PT","@id":"https:\/\/revolutionpadelstore.com\/pt-pt\/#\/schema\/logo\/image\/","url":"https:\/\/revolutionpadelstore.com\/wp-content\/uploads\/2026\/02\/revolution-padel-store.jpg","contentUrl":"https:\/\/revolutionpadelstore.com\/wp-content\/uploads\/2026\/02\/revolution-padel-store.jpg","width":2000,"height":2000,"caption":"Revolution Padel Store"},"image":{"@id":"https:\/\/revolutionpadelstore.com\/pt-pt\/#\/schema\/logo\/image\/"},"sameAs":["https:\/\/www.instagram.com\/revolutionpadelstore\/"]}]}},"_links":{"self":[{"href":"https:\/\/revolutionpadelstore.com\/pt-pt\/wp-json\/wp\/v2\/product\/125465","targetHints":{"allow":["GET"]}}],"collection":[{"href":"https:\/\/revolutionpadelstore.com\/pt-pt\/wp-json\/wp\/v2\/product"}],"about":[{"href":"https:\/\/revolutionpadelstore.com\/pt-pt\/wp-json\/wp\/v2\/types\/product"}],"replies":[{"embeddable":true,"href":"https:\/\/revolutionpadelstore.com\/pt-pt\/wp-json\/wp\/v2\/comments?post=125465"}],"wp:featuredmedia":[{"embeddable":true,"href":"https:\/\/revolutionpadelstore.com\/pt-pt\/wp-json\/wp\/v2\/media\/124922"}],"wp:attachment":[{"href":"https:\/\/revolutionpadelstore.com\/pt-pt\/wp-json\/wp\/v2\/media?parent=125465"}],"wp:term":[{"taxonomy":"acabado","embeddable":true,"href":"https:\/\/revolutionpadelstore.com\/pt-pt\/wp-json\/wp\/v2\/acabado?post=125465"},{"taxonomy":"balance","embeddable":true,"href":"https:\/\/revolutionpadelstore.com\/pt-pt\/wp-json\/wp\/v2\/balance?post=125465"},{"taxonomy":"dureza","embeddable":true,"href":"https:\/\/revolutionpadelstore.com\/pt-pt\/wp-json\/wp\/v2\/dureza?post=125465"},{"taxonomy":"forma","embeddable":true,"href":"https:\/\/revolutionpadelstore.com\/pt-pt\/wp-json\/wp\/v2\/forma?post=125465"},{"taxonomy":"jugador","embeddable":true,"href":"https:\/\/revolutionpadelstore.com\/pt-pt\/wp-json\/wp\/v2\/jugador?post=125465"},{"taxonomy":"marca","embeddable":true,"href":"https:\/\/revolutionpadelstore.com\/pt-pt\/wp-json\/wp\/v2\/marca?post=125465"},{"taxonomy":"nivel-de-juego","embeddable":true,"href":"https:\/\/revolutionpadelstore.com\/pt-pt\/wp-json\/wp\/v2\/nivel-de-juego?post=125465"},{"taxonomy":"superficie","embeddable":true,"href":"https:\/\/revolutionpadelstore.com\/pt-pt\/wp-json\/wp\/v2\/superficie?post=125465"},{"taxonomy":"tipo-de-juego","embeddable":true,"href":"https:\/\/revolutionpadelstore.com\/pt-pt\/wp-json\/wp\/v2\/tipo-de-juego?post=125465"},{"taxonomy":"product_brand","embeddable":true,"href":"https:\/\/revolutionpadelstore.com\/pt-pt\/wp-json\/wp\/v2\/product_brand?post=125465"},{"taxonomy":"product_cat","embeddable":true,"href":"https:\/\/revolutionpadelstore.com\/pt-pt\/wp-json\/wp\/v2\/product_cat?post=125465"},{"taxonomy":"product_tag","embeddable":true,"href":"https:\/\/revolutionpadelstore.com\/pt-pt\/wp-json\/wp\/v2\/product_tag?post=125465"}],"curies":[{"name":"wp","href":"https:\/\/api.w.org\/{rel}","templated":true}]}}