{"id":125460,"date":"2024-11-22T08:29:02","date_gmt":"2024-11-22T07:29:02","guid":{"rendered":"https:\/\/revolutionpadelstore.com\/kombat-fuji\/"},"modified":"2026-04-01T06:53:53","modified_gmt":"2026-04-01T04:53:53","slug":"kombat-fuji-5","status":"publish","type":"product","link":"https:\/\/revolutionpadelstore.com\/pt-pt\/produto\/kombat-fuji-5\/","title":{"rendered":"KOMBAT FUJI"},"content":{"rendered":"<p><H2> <strong> kombat fuji, versatilidade m\u00e1xima <\/strong> <\/h2>\n<p>A Fuji Paddle Shovel da Kombat \u00e9 o modelo preferido por Manu Mart\u00edn dentro da cole\u00e7\u00e3o Vulcano, gra\u00e7as \u00e0s suas caracter\u00edsticas excepcionais e \u00e0 sua constru\u00e7\u00e3o robusta, que garante desempenho superior na pista. Seu design \u00e9 inspirado pela majestade do Monte Fuji.<\/p>\n<p>Com um molde em forma de l\u00e1grima, equil\u00edbrio m\u00e9dio e um ponto doce centrado, o Fuji Kombat se destaca por sua versatilidade e capacidade de se adaptar a qualquer situa\u00e7\u00e3o de jogo. O equil\u00edbrio m\u00e9dio distribui o peso de maneira equilibrada, enquanto o ponto doce no centro permite obter o melhor desempenho em uma ampla variedade de golpes.<br \/>\n<H2> <strong> pala fuji, ideal para jogadores exigentes <\/strong> <\/h2>\n<p>Esta p\u00e1 foi projetada especificamente para jogadores de paddle que procuram maior versatilidade em seu jogo e desejam imprimir mais efeitos na bola, o que lhes permite executar uma ampla gama de golpes. \u00c9 perfeito para exigir jogadores que procuram um equil\u00edbrio entre controle e poder, oferecendo uma sa\u00edda de bola excepcional.<br \/>\n<H2> <strong> Kombat Fuji Shovel Caracter\u00edsticas <\/strong> <\/h2>\n<p><strong>-Black Eva Eva Nougen Nightness Nightness <\/strong>: fornece uma sensa\u00e7\u00e3o precisa e uma excelente sa\u00edda de bola.<\/p>\n<p><strong> -BARCO Tubular de fibra de carbono 100%<\/strong>: melhora a durabilidade gra\u00e7as \u00e0 sua grande resist\u00eancia ao desgaste.<\/p>\n<p><strong>-carbono planeja 18K aluminizado <\/strong>: Eles fornecem flexibilidade e controle aprimorado.<\/p>\n<p><strong> -superficie rugosa <\/strong>: permite uma maior ader\u00eancia da bola, o que facilita o ataque com maior efeito.<br \/>\n&lt;In<br \/>\nN\u00e3o perca a oportunidade de atingir seu n\u00edvel m\u00e1ximo na pista com o Kombat Fuji, a p\u00e1 de l\u00e1grima mais equilibrada da cole\u00e7\u00e3o Kombat Vulcan. Com os planos de carbono de 18k e o n\u00facleo Black Eva, esta p\u00e1 oferece desempenho excepcional o tempo todo.<\/p>\n<h2><strong>Kombat Fuji, m\u00e1xima versatilidad<\/strong><\/p>\n","protected":false},"excerpt":{"rendered":"<p>Kombat Fuji, p\u00e1 de l\u00e1grima com equil\u00edbrio intermedi\u00e1rio para jogadores que precisam de versatilidade extra para melhorar seu desempenho na pista. N\u00facleo EVA preto e planos de carbono \u00e1spero 18k.<\/p>\n","protected":false},"featured_media":124953,"comment_status":"open","ping_status":"closed","template":"","meta":{"_acf_changed":false,"_joinchat":[]},"acabado":[1090,1080,1085],"balance":[1140],"dureza":[1155],"forma":[1185],"jugador":[1190,1200],"marca":[1705],"nivel-de-juego":[1335,1340],"superficie":[1360],"tipo-de-juego":[1385],"product_brand":[],"product_cat":[300],"product_tag":[],"class_list":{"0":"post-125460","1":"product","2":"type-product","3":"status-publish","4":"has-post-thumbnail","6":"acabado-alivio-3d","7":"acabado-brilho","8":"acabado-companheiro","9":"balance-medio-pt-pt","10":"dureza-media-pt-pt","11":"forma-lagrima-pt-pt","12":"jugador-homem","13":"jugador-polivalente-pt-pt","14":"marca-kombat-pt-pt","15":"superficie-rugosa-pt-pt","16":"tipo-de-juego-polivalente-pt-pt","17":"product_cat-palas","19":"first","20":"instock","21":"taxable","22":"shipping-taxable","23":"purchasable","24":"product-type-simple"},"acf":[],"yoast_head":"<!-- This site is optimized with the Yoast SEO plugin v27.3 - https:\/\/yoast.com\/product\/yoast-seo-wordpress\/ -->\n<title>KOMBAT FUJI - Revolution Padel Store<\/title>\n<meta name=\"description\" content=\"La pala de p\u00e1del Fuji de Kombat es el modelo favorito de Manu Mart\u00edn de la colecci\u00f3n Vulcano por sus incre\u00edbles prestaciones y construcci\u00f3n robusta, que la convierten en una opci\u00f3n que garantiza un gran rendimiento en el terreno de juego. Inspirada en la majestuosidad del monte Fuji.\" \/>\n<meta name=\"robots\" content=\"index, follow, max-snippet:-1, max-image-preview:large, max-video-preview:-1\" \/>\n<link rel=\"canonical\" href=\"https:\/\/revolutionpadelstore.com\/pt-pt\/produto\/kombat-fuji-5\/\" \/>\n<meta property=\"og:locale\" content=\"pt_PT\" \/>\n<meta property=\"og:type\" content=\"article\" \/>\n<meta property=\"og:title\" content=\"KOMBAT FUJI - Revolution Padel Store\" \/>\n<meta property=\"og:description\" content=\"La pala de p\u00e1del Fuji de Kombat es el modelo favorito de Manu Mart\u00edn de la colecci\u00f3n Vulcano por sus incre\u00edbles prestaciones y construcci\u00f3n robusta, que la convierten en una opci\u00f3n que garantiza un gran rendimiento en el terreno de juego. Inspirada en la majestuosidad del monte Fuji.\" \/>\n<meta property=\"og:url\" content=\"https:\/\/revolutionpadelstore.com\/pt-pt\/produto\/kombat-fuji-5\/\" \/>\n<meta property=\"og:site_name\" content=\"Revolution Padel Store\" \/>\n<meta property=\"article:modified_time\" content=\"2026-04-01T04:53:53+00:00\" \/>\n<meta property=\"og:image\" content=\"https:\/\/revolutionpadelstore.com\/wp-content\/uploads\/2024\/11\/115022_pala_kombat_fuji_1500x1500_1_b0e5.webp\" \/>\n\t<meta property=\"og:image:width\" content=\"1500\" \/>\n\t<meta property=\"og:image:height\" content=\"1500\" \/>\n\t<meta property=\"og:image:type\" content=\"image\/webp\" \/>\n<meta name=\"twitter:card\" content=\"summary_large_image\" \/>\n<meta name=\"twitter:label1\" content=\"Tempo estimado de leitura\" \/>\n\t<meta name=\"twitter:data1\" content=\"2 minutos\" \/>\n<script type=\"application\/ld+json\" class=\"yoast-schema-graph\">{\"@context\":\"https:\\\/\\\/schema.org\",\"@graph\":[{\"@type\":\"WebPage\",\"@id\":\"https:\\\/\\\/revolutionpadelstore.com\\\/pt-pt\\\/produto\\\/kombat-fuji-5\\\/\",\"url\":\"https:\\\/\\\/revolutionpadelstore.com\\\/pt-pt\\\/produto\\\/kombat-fuji-5\\\/\",\"name\":\"KOMBAT FUJI - Revolution Padel Store\",\"isPartOf\":{\"@id\":\"https:\\\/\\\/revolutionpadelstore.com\\\/pt-pt\\\/#website\"},\"primaryImageOfPage\":{\"@id\":\"https:\\\/\\\/revolutionpadelstore.com\\\/pt-pt\\\/produto\\\/kombat-fuji-5\\\/#primaryimage\"},\"image\":{\"@id\":\"https:\\\/\\\/revolutionpadelstore.com\\\/pt-pt\\\/produto\\\/kombat-fuji-5\\\/#primaryimage\"},\"thumbnailUrl\":\"https:\\\/\\\/revolutionpadelstore.com\\\/wp-content\\\/uploads\\\/2024\\\/11\\\/115022_pala_kombat_fuji_1500x1500_1_b0e5.webp\",\"datePublished\":\"2024-11-22T07:29:02+00:00\",\"dateModified\":\"2026-04-01T04:53:53+00:00\",\"description\":\"La pala de p\u00e1del Fuji de Kombat es el modelo favorito de Manu Mart\u00edn de la colecci\u00f3n Vulcano por sus incre\u00edbles prestaciones y construcci\u00f3n robusta, que la convierten en una opci\u00f3n que garantiza un gran rendimiento en el terreno de juego. Inspirada en la majestuosidad del monte Fuji.\",\"breadcrumb\":{\"@id\":\"https:\\\/\\\/revolutionpadelstore.com\\\/pt-pt\\\/produto\\\/kombat-fuji-5\\\/#breadcrumb\"},\"inLanguage\":\"pt-PT\",\"potentialAction\":[{\"@type\":\"ReadAction\",\"target\":[\"https:\\\/\\\/revolutionpadelstore.com\\\/pt-pt\\\/produto\\\/kombat-fuji-5\\\/\"]}]},{\"@type\":\"ImageObject\",\"inLanguage\":\"pt-PT\",\"@id\":\"https:\\\/\\\/revolutionpadelstore.com\\\/pt-pt\\\/produto\\\/kombat-fuji-5\\\/#primaryimage\",\"url\":\"https:\\\/\\\/revolutionpadelstore.com\\\/wp-content\\\/uploads\\\/2024\\\/11\\\/115022_pala_kombat_fuji_1500x1500_1_b0e5.webp\",\"contentUrl\":\"https:\\\/\\\/revolutionpadelstore.com\\\/wp-content\\\/uploads\\\/2024\\\/11\\\/115022_pala_kombat_fuji_1500x1500_1_b0e5.webp\",\"width\":1500,\"height\":1500},{\"@type\":\"BreadcrumbList\",\"@id\":\"https:\\\/\\\/revolutionpadelstore.com\\\/pt-pt\\\/produto\\\/kombat-fuji-5\\\/#breadcrumb\",\"itemListElement\":[{\"@type\":\"ListItem\",\"position\":1,\"name\":\"Portada\",\"item\":\"https:\\\/\\\/revolutionpadelstore.com\\\/pt-pt\\\/\"},{\"@type\":\"ListItem\",\"position\":2,\"name\":\"Tienda\",\"item\":\"https:\\\/\\\/revolutionpadelstore.com\\\/pt-pt\\\/tienda\\\/\"},{\"@type\":\"ListItem\",\"position\":3,\"name\":\"KOMBAT FUJI\"}]},{\"@type\":\"WebSite\",\"@id\":\"https:\\\/\\\/revolutionpadelstore.com\\\/pt-pt\\\/#website\",\"url\":\"https:\\\/\\\/revolutionpadelstore.com\\\/pt-pt\\\/\",\"name\":\"Revolution Padel Store\",\"description\":\"\",\"publisher\":{\"@id\":\"https:\\\/\\\/revolutionpadelstore.com\\\/pt-pt\\\/#organization\"},\"potentialAction\":[{\"@type\":\"SearchAction\",\"target\":{\"@type\":\"EntryPoint\",\"urlTemplate\":\"https:\\\/\\\/revolutionpadelstore.com\\\/pt-pt\\\/?s={search_term_string}\"},\"query-input\":{\"@type\":\"PropertyValueSpecification\",\"valueRequired\":true,\"valueName\":\"search_term_string\"}}],\"inLanguage\":\"pt-PT\"},{\"@type\":\"Organization\",\"@id\":\"https:\\\/\\\/revolutionpadelstore.com\\\/pt-pt\\\/#organization\",\"name\":\"Revolution Padel Store\",\"url\":\"https:\\\/\\\/revolutionpadelstore.com\\\/pt-pt\\\/\",\"logo\":{\"@type\":\"ImageObject\",\"inLanguage\":\"pt-PT\",\"@id\":\"https:\\\/\\\/revolutionpadelstore.com\\\/pt-pt\\\/#\\\/schema\\\/logo\\\/image\\\/\",\"url\":\"https:\\\/\\\/revolutionpadelstore.com\\\/wp-content\\\/uploads\\\/2026\\\/02\\\/revolution-padel-store.jpg\",\"contentUrl\":\"https:\\\/\\\/revolutionpadelstore.com\\\/wp-content\\\/uploads\\\/2026\\\/02\\\/revolution-padel-store.jpg\",\"width\":2000,\"height\":2000,\"caption\":\"Revolution Padel Store\"},\"image\":{\"@id\":\"https:\\\/\\\/revolutionpadelstore.com\\\/pt-pt\\\/#\\\/schema\\\/logo\\\/image\\\/\"},\"sameAs\":[\"https:\\\/\\\/www.instagram.com\\\/revolutionpadelstore\\\/\"]}]}<\/script>\n<!-- \/ Yoast SEO plugin. -->","yoast_head_json":{"title":"KOMBAT FUJI - Revolution Padel Store","description":"La pala de p\u00e1del Fuji de Kombat es el modelo favorito de Manu Mart\u00edn de la colecci\u00f3n Vulcano por sus incre\u00edbles prestaciones y construcci\u00f3n robusta, que la convierten en una opci\u00f3n que garantiza un gran rendimiento en el terreno de juego. Inspirada en la majestuosidad del monte Fuji.","robots":{"index":"index","follow":"follow","max-snippet":"max-snippet:-1","max-image-preview":"max-image-preview:large","max-video-preview":"max-video-preview:-1"},"canonical":"https:\/\/revolutionpadelstore.com\/pt-pt\/produto\/kombat-fuji-5\/","og_locale":"pt_PT","og_type":"article","og_title":"KOMBAT FUJI - Revolution Padel Store","og_description":"La pala de p\u00e1del Fuji de Kombat es el modelo favorito de Manu Mart\u00edn de la colecci\u00f3n Vulcano por sus incre\u00edbles prestaciones y construcci\u00f3n robusta, que la convierten en una opci\u00f3n que garantiza un gran rendimiento en el terreno de juego. Inspirada en la majestuosidad del monte Fuji.","og_url":"https:\/\/revolutionpadelstore.com\/pt-pt\/produto\/kombat-fuji-5\/","og_site_name":"Revolution Padel Store","article_modified_time":"2026-04-01T04:53:53+00:00","og_image":[{"width":1500,"height":1500,"url":"https:\/\/revolutionpadelstore.com\/wp-content\/uploads\/2024\/11\/115022_pala_kombat_fuji_1500x1500_1_b0e5.webp","type":"image\/webp"}],"twitter_card":"summary_large_image","twitter_misc":{"Tempo estimado de leitura":"2 minutos"},"schema":{"@context":"https:\/\/schema.org","@graph":[{"@type":"WebPage","@id":"https:\/\/revolutionpadelstore.com\/pt-pt\/produto\/kombat-fuji-5\/","url":"https:\/\/revolutionpadelstore.com\/pt-pt\/produto\/kombat-fuji-5\/","name":"KOMBAT FUJI - Revolution Padel Store","isPartOf":{"@id":"https:\/\/revolutionpadelstore.com\/pt-pt\/#website"},"primaryImageOfPage":{"@id":"https:\/\/revolutionpadelstore.com\/pt-pt\/produto\/kombat-fuji-5\/#primaryimage"},"image":{"@id":"https:\/\/revolutionpadelstore.com\/pt-pt\/produto\/kombat-fuji-5\/#primaryimage"},"thumbnailUrl":"https:\/\/revolutionpadelstore.com\/wp-content\/uploads\/2024\/11\/115022_pala_kombat_fuji_1500x1500_1_b0e5.webp","datePublished":"2024-11-22T07:29:02+00:00","dateModified":"2026-04-01T04:53:53+00:00","description":"La pala de p\u00e1del Fuji de Kombat es el modelo favorito de Manu Mart\u00edn de la colecci\u00f3n Vulcano por sus incre\u00edbles prestaciones y construcci\u00f3n robusta, que la convierten en una opci\u00f3n que garantiza un gran rendimiento en el terreno de juego. Inspirada en la majestuosidad del monte Fuji.","breadcrumb":{"@id":"https:\/\/revolutionpadelstore.com\/pt-pt\/produto\/kombat-fuji-5\/#breadcrumb"},"inLanguage":"pt-PT","potentialAction":[{"@type":"ReadAction","target":["https:\/\/revolutionpadelstore.com\/pt-pt\/produto\/kombat-fuji-5\/"]}]},{"@type":"ImageObject","inLanguage":"pt-PT","@id":"https:\/\/revolutionpadelstore.com\/pt-pt\/produto\/kombat-fuji-5\/#primaryimage","url":"https:\/\/revolutionpadelstore.com\/wp-content\/uploads\/2024\/11\/115022_pala_kombat_fuji_1500x1500_1_b0e5.webp","contentUrl":"https:\/\/revolutionpadelstore.com\/wp-content\/uploads\/2024\/11\/115022_pala_kombat_fuji_1500x1500_1_b0e5.webp","width":1500,"height":1500},{"@type":"BreadcrumbList","@id":"https:\/\/revolutionpadelstore.com\/pt-pt\/produto\/kombat-fuji-5\/#breadcrumb","itemListElement":[{"@type":"ListItem","position":1,"name":"Portada","item":"https:\/\/revolutionpadelstore.com\/pt-pt\/"},{"@type":"ListItem","position":2,"name":"Tienda","item":"https:\/\/revolutionpadelstore.com\/pt-pt\/tienda\/"},{"@type":"ListItem","position":3,"name":"KOMBAT FUJI"}]},{"@type":"WebSite","@id":"https:\/\/revolutionpadelstore.com\/pt-pt\/#website","url":"https:\/\/revolutionpadelstore.com\/pt-pt\/","name":"Revolution Padel Store","description":"","publisher":{"@id":"https:\/\/revolutionpadelstore.com\/pt-pt\/#organization"},"potentialAction":[{"@type":"SearchAction","target":{"@type":"EntryPoint","urlTemplate":"https:\/\/revolutionpadelstore.com\/pt-pt\/?s={search_term_string}"},"query-input":{"@type":"PropertyValueSpecification","valueRequired":true,"valueName":"search_term_string"}}],"inLanguage":"pt-PT"},{"@type":"Organization","@id":"https:\/\/revolutionpadelstore.com\/pt-pt\/#organization","name":"Revolution Padel Store","url":"https:\/\/revolutionpadelstore.com\/pt-pt\/","logo":{"@type":"ImageObject","inLanguage":"pt-PT","@id":"https:\/\/revolutionpadelstore.com\/pt-pt\/#\/schema\/logo\/image\/","url":"https:\/\/revolutionpadelstore.com\/wp-content\/uploads\/2026\/02\/revolution-padel-store.jpg","contentUrl":"https:\/\/revolutionpadelstore.com\/wp-content\/uploads\/2026\/02\/revolution-padel-store.jpg","width":2000,"height":2000,"caption":"Revolution Padel Store"},"image":{"@id":"https:\/\/revolutionpadelstore.com\/pt-pt\/#\/schema\/logo\/image\/"},"sameAs":["https:\/\/www.instagram.com\/revolutionpadelstore\/"]}]}},"_links":{"self":[{"href":"https:\/\/revolutionpadelstore.com\/pt-pt\/wp-json\/wp\/v2\/product\/125460","targetHints":{"allow":["GET"]}}],"collection":[{"href":"https:\/\/revolutionpadelstore.com\/pt-pt\/wp-json\/wp\/v2\/product"}],"about":[{"href":"https:\/\/revolutionpadelstore.com\/pt-pt\/wp-json\/wp\/v2\/types\/product"}],"replies":[{"embeddable":true,"href":"https:\/\/revolutionpadelstore.com\/pt-pt\/wp-json\/wp\/v2\/comments?post=125460"}],"wp:featuredmedia":[{"embeddable":true,"href":"https:\/\/revolutionpadelstore.com\/pt-pt\/wp-json\/wp\/v2\/media\/124953"}],"wp:attachment":[{"href":"https:\/\/revolutionpadelstore.com\/pt-pt\/wp-json\/wp\/v2\/media?parent=125460"}],"wp:term":[{"taxonomy":"acabado","embeddable":true,"href":"https:\/\/revolutionpadelstore.com\/pt-pt\/wp-json\/wp\/v2\/acabado?post=125460"},{"taxonomy":"balance","embeddable":true,"href":"https:\/\/revolutionpadelstore.com\/pt-pt\/wp-json\/wp\/v2\/balance?post=125460"},{"taxonomy":"dureza","embeddable":true,"href":"https:\/\/revolutionpadelstore.com\/pt-pt\/wp-json\/wp\/v2\/dureza?post=125460"},{"taxonomy":"forma","embeddable":true,"href":"https:\/\/revolutionpadelstore.com\/pt-pt\/wp-json\/wp\/v2\/forma?post=125460"},{"taxonomy":"jugador","embeddable":true,"href":"https:\/\/revolutionpadelstore.com\/pt-pt\/wp-json\/wp\/v2\/jugador?post=125460"},{"taxonomy":"marca","embeddable":true,"href":"https:\/\/revolutionpadelstore.com\/pt-pt\/wp-json\/wp\/v2\/marca?post=125460"},{"taxonomy":"nivel-de-juego","embeddable":true,"href":"https:\/\/revolutionpadelstore.com\/pt-pt\/wp-json\/wp\/v2\/nivel-de-juego?post=125460"},{"taxonomy":"superficie","embeddable":true,"href":"https:\/\/revolutionpadelstore.com\/pt-pt\/wp-json\/wp\/v2\/superficie?post=125460"},{"taxonomy":"tipo-de-juego","embeddable":true,"href":"https:\/\/revolutionpadelstore.com\/pt-pt\/wp-json\/wp\/v2\/tipo-de-juego?post=125460"},{"taxonomy":"product_brand","embeddable":true,"href":"https:\/\/revolutionpadelstore.com\/pt-pt\/wp-json\/wp\/v2\/product_brand?post=125460"},{"taxonomy":"product_cat","embeddable":true,"href":"https:\/\/revolutionpadelstore.com\/pt-pt\/wp-json\/wp\/v2\/product_cat?post=125460"},{"taxonomy":"product_tag","embeddable":true,"href":"https:\/\/revolutionpadelstore.com\/pt-pt\/wp-json\/wp\/v2\/product_tag?post=125460"}],"curies":[{"name":"wp","href":"https:\/\/api.w.org\/{rel}","templated":true}]}}