{"id":125455,"date":"2024-11-23T00:58:34","date_gmt":"2024-11-22T23:58:34","guid":{"rendered":"https:\/\/revolutionpadelstore.com\/kombat-etna\/"},"modified":"2026-04-01T06:53:29","modified_gmt":"2026-04-01T04:53:29","slug":"kombat-etna","status":"publish","type":"product","link":"https:\/\/revolutionpadelstore.com\/pt-pt\/produto\/kombat-etna\/","title":{"rendered":"KOMBAT ETNA"},"content":{"rendered":"<p><strong> kombat etna 2025: pot\u00eancia m\u00e1xima <\/strong><\/p>\n<p>A l\u00e2mina Kombat Etna Paddle, parte do vulcano da cole\u00e7\u00e3o Manu Mart\u00edn, tem uma forma de diamante com um alto equil\u00edbrio e um ponto doce orientado para a parte superior, o que a torna uma op\u00e7\u00e3o perfeita para jogadores que procuram poder extraordin\u00e1rio em seus golpes. Domine cada ponto da rede com a for\u00e7a e a estabilidade de suas fotos. Seu design \u00e9 inspirado pela imponente energia do vulc\u00e3o Etna.<\/p>\n<p><strong> pala fuji: para jogadores ambiciosos <\/strong><\/p>\n<p>O Fuji Shovel foi projetado para jogadores ofensivos que desejam dominar cada jogada perto da rede, buscando aumentar a pot\u00eancia e a velocidade em seus golpes sem perder o controle nos chutes descentralizados. \u00c9 a op\u00e7\u00e3o ideal para jogadores ambiciosos que procuram alcan\u00e7ar seu desempenho m\u00e1ximo na quadra.<\/p>\n<p><strong> caracter\u00edsticas do Kombat etna <\/strong><\/p>\n<p>-12k planos de carbono que fornecem uma resposta s\u00f3lida e r\u00e1pida em cada golpe<\/p>\n<p>-Cars com acabamento \u00e1spero para maior precis\u00e3o ao atingir com efeito<\/p>\n<p>-100%Marco tubular de fibra de carbono, o que lhe confere leveza e resist\u00eancia<\/p>\n<p>-O substantivo de borracha de alta densidade de alta densidade eva, garantindo excelente transfer\u00eancia de energia e um toque firme<\/p>\n<p>-Diamond Form com alto equil\u00edbrio para um ataque poderoso \u00e0 rede<\/p>\n<p>-Sistema Sharp Buraco, que estende o ponto doce, oferecendo maior precis\u00e3o ao atingir<\/p>\n<p><strong> dispon\u00edvel na Revolution Padel Store <\/strong><\/p>\n<p>Se voc\u00ea \u00e9 um jogador exigente que busca mais energia em trocas ofensivas perto da rede, o Kombat Etna, com sua forma de diamante e alto equil\u00edbrio, fornecer\u00e1 um desempenho excelente e uma \u00f3tima sa\u00edda de bola, melhorando seu jogo rapidamente.<strong>Kombat Etna 2025: Potencia al m\u00e1ximo<\/strong><\/p>\n","protected":false},"excerpt":{"rendered":"<p>Kombat Etna 2025 da cole\u00e7\u00e3o Manu Mart\u00edn Vulcano. Matada de diamante com alto balan\u00e7o ideal para efeito de impress\u00e3o e pot\u00eancia em cada golpe. Projetado para jogadores ofensivos.<\/p>\n","protected":false},"featured_media":125038,"comment_status":"open","ping_status":"closed","template":"","meta":{"_acf_changed":false,"_joinchat":[]},"acabado":[1080,1085],"balance":[1135],"dureza":[1160],"forma":[1170],"jugador":[1190,1200],"marca":[1705],"nivel-de-juego":[1335],"superficie":[1360],"tipo-de-juego":[1375],"product_brand":[],"product_cat":[300],"product_tag":[],"class_list":{"0":"post-125455","1":"product","2":"type-product","3":"status-publish","4":"has-post-thumbnail","6":"acabado-brilho","7":"acabado-companheiro","8":"balance-alto-pt-pt","9":"dureza-dura-pt-pt","10":"forma-diamante-pt-pt","11":"jugador-homem","12":"jugador-polivalente-pt-pt","13":"marca-kombat-pt-pt","14":"superficie-rugosa-pt-pt","15":"tipo-de-juego-poder","16":"product_cat-palas","18":"first","19":"instock","20":"taxable","21":"shipping-taxable","22":"purchasable","23":"product-type-simple"},"acf":[],"yoast_head":"<!-- This site is optimized with the Yoast SEO plugin v27.3 - https:\/\/yoast.com\/product\/yoast-seo-wordpress\/ -->\n<title>KOMBAT ETNA - Revolution Padel Store<\/title>\n<meta name=\"description\" content=\"La pala de p\u00e1del Kombat Etna, que pertenece a la colecci\u00f3n Vulcano by Manu Mart\u00edn, presenta una forma de diamante con un balance alto y punto dulce inclinado hacia la cabeza, por lo que es una opci\u00f3n que garantiza una espectacular potencia en el ataque. Podr\u00e1s dominar cada punto desde la red gracias a la magn\u00edfica potencia y solidez de tus golpes. Su dise\u00f1o se inspira en la incre\u00edble fuerza del volc\u00e1n Etna\" \/>\n<meta name=\"robots\" content=\"index, follow, max-snippet:-1, max-image-preview:large, max-video-preview:-1\" \/>\n<link rel=\"canonical\" href=\"https:\/\/revolutionpadelstore.com\/pt-pt\/produto\/kombat-etna\/\" \/>\n<meta property=\"og:locale\" content=\"pt_PT\" \/>\n<meta property=\"og:type\" content=\"article\" \/>\n<meta property=\"og:title\" content=\"KOMBAT ETNA - Revolution Padel Store\" \/>\n<meta property=\"og:description\" content=\"La pala de p\u00e1del Kombat Etna, que pertenece a la colecci\u00f3n Vulcano by Manu Mart\u00edn, presenta una forma de diamante con un balance alto y punto dulce inclinado hacia la cabeza, por lo que es una opci\u00f3n que garantiza una espectacular potencia en el ataque. Podr\u00e1s dominar cada punto desde la red gracias a la magn\u00edfica potencia y solidez de tus golpes. Su dise\u00f1o se inspira en la incre\u00edble fuerza del volc\u00e1n Etna\" \/>\n<meta property=\"og:url\" content=\"https:\/\/revolutionpadelstore.com\/pt-pt\/produto\/kombat-etna\/\" \/>\n<meta property=\"og:site_name\" content=\"Revolution Padel Store\" \/>\n<meta property=\"article:modified_time\" content=\"2026-04-01T04:53:29+00:00\" \/>\n<meta property=\"og:image\" content=\"https:\/\/revolutionpadelstore.com\/wp-content\/uploads\/2024\/11\/115021_pala_kombat_etna_1500x1500_1_fc5d.webp\" \/>\n\t<meta property=\"og:image:width\" content=\"1500\" \/>\n\t<meta property=\"og:image:height\" content=\"1500\" \/>\n\t<meta property=\"og:image:type\" content=\"image\/webp\" \/>\n<meta name=\"twitter:card\" content=\"summary_large_image\" \/>\n<meta name=\"twitter:label1\" content=\"Tempo estimado de leitura\" \/>\n\t<meta name=\"twitter:data1\" content=\"2 minutos\" \/>\n<script type=\"application\/ld+json\" class=\"yoast-schema-graph\">{\"@context\":\"https:\\\/\\\/schema.org\",\"@graph\":[{\"@type\":\"WebPage\",\"@id\":\"https:\\\/\\\/revolutionpadelstore.com\\\/pt-pt\\\/produto\\\/kombat-etna\\\/\",\"url\":\"https:\\\/\\\/revolutionpadelstore.com\\\/pt-pt\\\/produto\\\/kombat-etna\\\/\",\"name\":\"KOMBAT ETNA - Revolution Padel Store\",\"isPartOf\":{\"@id\":\"https:\\\/\\\/revolutionpadelstore.com\\\/pt-pt\\\/#website\"},\"primaryImageOfPage\":{\"@id\":\"https:\\\/\\\/revolutionpadelstore.com\\\/pt-pt\\\/produto\\\/kombat-etna\\\/#primaryimage\"},\"image\":{\"@id\":\"https:\\\/\\\/revolutionpadelstore.com\\\/pt-pt\\\/produto\\\/kombat-etna\\\/#primaryimage\"},\"thumbnailUrl\":\"https:\\\/\\\/revolutionpadelstore.com\\\/wp-content\\\/uploads\\\/2024\\\/11\\\/115021_pala_kombat_etna_1500x1500_1_fc5d.webp\",\"datePublished\":\"2024-11-22T23:58:34+00:00\",\"dateModified\":\"2026-04-01T04:53:29+00:00\",\"description\":\"La pala de p\u00e1del Kombat Etna, que pertenece a la colecci\u00f3n Vulcano by Manu Mart\u00edn, presenta una forma de diamante con un balance alto y punto dulce inclinado hacia la cabeza, por lo que es una opci\u00f3n que garantiza una espectacular potencia en el ataque. Podr\u00e1s dominar cada punto desde la red gracias a la magn\u00edfica potencia y solidez de tus golpes. Su dise\u00f1o se inspira en la incre\u00edble fuerza del volc\u00e1n Etna\",\"breadcrumb\":{\"@id\":\"https:\\\/\\\/revolutionpadelstore.com\\\/pt-pt\\\/produto\\\/kombat-etna\\\/#breadcrumb\"},\"inLanguage\":\"pt-PT\",\"potentialAction\":[{\"@type\":\"ReadAction\",\"target\":[\"https:\\\/\\\/revolutionpadelstore.com\\\/pt-pt\\\/produto\\\/kombat-etna\\\/\"]}]},{\"@type\":\"ImageObject\",\"inLanguage\":\"pt-PT\",\"@id\":\"https:\\\/\\\/revolutionpadelstore.com\\\/pt-pt\\\/produto\\\/kombat-etna\\\/#primaryimage\",\"url\":\"https:\\\/\\\/revolutionpadelstore.com\\\/wp-content\\\/uploads\\\/2024\\\/11\\\/115021_pala_kombat_etna_1500x1500_1_fc5d.webp\",\"contentUrl\":\"https:\\\/\\\/revolutionpadelstore.com\\\/wp-content\\\/uploads\\\/2024\\\/11\\\/115021_pala_kombat_etna_1500x1500_1_fc5d.webp\",\"width\":1500,\"height\":1500},{\"@type\":\"BreadcrumbList\",\"@id\":\"https:\\\/\\\/revolutionpadelstore.com\\\/pt-pt\\\/produto\\\/kombat-etna\\\/#breadcrumb\",\"itemListElement\":[{\"@type\":\"ListItem\",\"position\":1,\"name\":\"Portada\",\"item\":\"https:\\\/\\\/revolutionpadelstore.com\\\/pt-pt\\\/\"},{\"@type\":\"ListItem\",\"position\":2,\"name\":\"Tienda\",\"item\":\"https:\\\/\\\/revolutionpadelstore.com\\\/pt-pt\\\/tienda\\\/\"},{\"@type\":\"ListItem\",\"position\":3,\"name\":\"KOMBAT ETNA\"}]},{\"@type\":\"WebSite\",\"@id\":\"https:\\\/\\\/revolutionpadelstore.com\\\/pt-pt\\\/#website\",\"url\":\"https:\\\/\\\/revolutionpadelstore.com\\\/pt-pt\\\/\",\"name\":\"Revolution Padel Store\",\"description\":\"\",\"publisher\":{\"@id\":\"https:\\\/\\\/revolutionpadelstore.com\\\/pt-pt\\\/#organization\"},\"potentialAction\":[{\"@type\":\"SearchAction\",\"target\":{\"@type\":\"EntryPoint\",\"urlTemplate\":\"https:\\\/\\\/revolutionpadelstore.com\\\/pt-pt\\\/?s={search_term_string}\"},\"query-input\":{\"@type\":\"PropertyValueSpecification\",\"valueRequired\":true,\"valueName\":\"search_term_string\"}}],\"inLanguage\":\"pt-PT\"},{\"@type\":\"Organization\",\"@id\":\"https:\\\/\\\/revolutionpadelstore.com\\\/pt-pt\\\/#organization\",\"name\":\"Revolution Padel Store\",\"url\":\"https:\\\/\\\/revolutionpadelstore.com\\\/pt-pt\\\/\",\"logo\":{\"@type\":\"ImageObject\",\"inLanguage\":\"pt-PT\",\"@id\":\"https:\\\/\\\/revolutionpadelstore.com\\\/pt-pt\\\/#\\\/schema\\\/logo\\\/image\\\/\",\"url\":\"https:\\\/\\\/revolutionpadelstore.com\\\/wp-content\\\/uploads\\\/2026\\\/02\\\/revolution-padel-store.jpg\",\"contentUrl\":\"https:\\\/\\\/revolutionpadelstore.com\\\/wp-content\\\/uploads\\\/2026\\\/02\\\/revolution-padel-store.jpg\",\"width\":2000,\"height\":2000,\"caption\":\"Revolution Padel Store\"},\"image\":{\"@id\":\"https:\\\/\\\/revolutionpadelstore.com\\\/pt-pt\\\/#\\\/schema\\\/logo\\\/image\\\/\"},\"sameAs\":[\"https:\\\/\\\/www.instagram.com\\\/revolutionpadelstore\\\/\"]}]}<\/script>\n<!-- \/ Yoast SEO plugin. -->","yoast_head_json":{"title":"KOMBAT ETNA - Revolution Padel Store","description":"La pala de p\u00e1del Kombat Etna, que pertenece a la colecci\u00f3n Vulcano by Manu Mart\u00edn, presenta una forma de diamante con un balance alto y punto dulce inclinado hacia la cabeza, por lo que es una opci\u00f3n que garantiza una espectacular potencia en el ataque. Podr\u00e1s dominar cada punto desde la red gracias a la magn\u00edfica potencia y solidez de tus golpes. Su dise\u00f1o se inspira en la incre\u00edble fuerza del volc\u00e1n Etna","robots":{"index":"index","follow":"follow","max-snippet":"max-snippet:-1","max-image-preview":"max-image-preview:large","max-video-preview":"max-video-preview:-1"},"canonical":"https:\/\/revolutionpadelstore.com\/pt-pt\/produto\/kombat-etna\/","og_locale":"pt_PT","og_type":"article","og_title":"KOMBAT ETNA - Revolution Padel Store","og_description":"La pala de p\u00e1del Kombat Etna, que pertenece a la colecci\u00f3n Vulcano by Manu Mart\u00edn, presenta una forma de diamante con un balance alto y punto dulce inclinado hacia la cabeza, por lo que es una opci\u00f3n que garantiza una espectacular potencia en el ataque. Podr\u00e1s dominar cada punto desde la red gracias a la magn\u00edfica potencia y solidez de tus golpes. Su dise\u00f1o se inspira en la incre\u00edble fuerza del volc\u00e1n Etna","og_url":"https:\/\/revolutionpadelstore.com\/pt-pt\/produto\/kombat-etna\/","og_site_name":"Revolution Padel Store","article_modified_time":"2026-04-01T04:53:29+00:00","og_image":[{"width":1500,"height":1500,"url":"https:\/\/revolutionpadelstore.com\/wp-content\/uploads\/2024\/11\/115021_pala_kombat_etna_1500x1500_1_fc5d.webp","type":"image\/webp"}],"twitter_card":"summary_large_image","twitter_misc":{"Tempo estimado de leitura":"2 minutos"},"schema":{"@context":"https:\/\/schema.org","@graph":[{"@type":"WebPage","@id":"https:\/\/revolutionpadelstore.com\/pt-pt\/produto\/kombat-etna\/","url":"https:\/\/revolutionpadelstore.com\/pt-pt\/produto\/kombat-etna\/","name":"KOMBAT ETNA - Revolution Padel Store","isPartOf":{"@id":"https:\/\/revolutionpadelstore.com\/pt-pt\/#website"},"primaryImageOfPage":{"@id":"https:\/\/revolutionpadelstore.com\/pt-pt\/produto\/kombat-etna\/#primaryimage"},"image":{"@id":"https:\/\/revolutionpadelstore.com\/pt-pt\/produto\/kombat-etna\/#primaryimage"},"thumbnailUrl":"https:\/\/revolutionpadelstore.com\/wp-content\/uploads\/2024\/11\/115021_pala_kombat_etna_1500x1500_1_fc5d.webp","datePublished":"2024-11-22T23:58:34+00:00","dateModified":"2026-04-01T04:53:29+00:00","description":"La pala de p\u00e1del Kombat Etna, que pertenece a la colecci\u00f3n Vulcano by Manu Mart\u00edn, presenta una forma de diamante con un balance alto y punto dulce inclinado hacia la cabeza, por lo que es una opci\u00f3n que garantiza una espectacular potencia en el ataque. Podr\u00e1s dominar cada punto desde la red gracias a la magn\u00edfica potencia y solidez de tus golpes. Su dise\u00f1o se inspira en la incre\u00edble fuerza del volc\u00e1n Etna","breadcrumb":{"@id":"https:\/\/revolutionpadelstore.com\/pt-pt\/produto\/kombat-etna\/#breadcrumb"},"inLanguage":"pt-PT","potentialAction":[{"@type":"ReadAction","target":["https:\/\/revolutionpadelstore.com\/pt-pt\/produto\/kombat-etna\/"]}]},{"@type":"ImageObject","inLanguage":"pt-PT","@id":"https:\/\/revolutionpadelstore.com\/pt-pt\/produto\/kombat-etna\/#primaryimage","url":"https:\/\/revolutionpadelstore.com\/wp-content\/uploads\/2024\/11\/115021_pala_kombat_etna_1500x1500_1_fc5d.webp","contentUrl":"https:\/\/revolutionpadelstore.com\/wp-content\/uploads\/2024\/11\/115021_pala_kombat_etna_1500x1500_1_fc5d.webp","width":1500,"height":1500},{"@type":"BreadcrumbList","@id":"https:\/\/revolutionpadelstore.com\/pt-pt\/produto\/kombat-etna\/#breadcrumb","itemListElement":[{"@type":"ListItem","position":1,"name":"Portada","item":"https:\/\/revolutionpadelstore.com\/pt-pt\/"},{"@type":"ListItem","position":2,"name":"Tienda","item":"https:\/\/revolutionpadelstore.com\/pt-pt\/tienda\/"},{"@type":"ListItem","position":3,"name":"KOMBAT ETNA"}]},{"@type":"WebSite","@id":"https:\/\/revolutionpadelstore.com\/pt-pt\/#website","url":"https:\/\/revolutionpadelstore.com\/pt-pt\/","name":"Revolution Padel Store","description":"","publisher":{"@id":"https:\/\/revolutionpadelstore.com\/pt-pt\/#organization"},"potentialAction":[{"@type":"SearchAction","target":{"@type":"EntryPoint","urlTemplate":"https:\/\/revolutionpadelstore.com\/pt-pt\/?s={search_term_string}"},"query-input":{"@type":"PropertyValueSpecification","valueRequired":true,"valueName":"search_term_string"}}],"inLanguage":"pt-PT"},{"@type":"Organization","@id":"https:\/\/revolutionpadelstore.com\/pt-pt\/#organization","name":"Revolution Padel Store","url":"https:\/\/revolutionpadelstore.com\/pt-pt\/","logo":{"@type":"ImageObject","inLanguage":"pt-PT","@id":"https:\/\/revolutionpadelstore.com\/pt-pt\/#\/schema\/logo\/image\/","url":"https:\/\/revolutionpadelstore.com\/wp-content\/uploads\/2026\/02\/revolution-padel-store.jpg","contentUrl":"https:\/\/revolutionpadelstore.com\/wp-content\/uploads\/2026\/02\/revolution-padel-store.jpg","width":2000,"height":2000,"caption":"Revolution Padel Store"},"image":{"@id":"https:\/\/revolutionpadelstore.com\/pt-pt\/#\/schema\/logo\/image\/"},"sameAs":["https:\/\/www.instagram.com\/revolutionpadelstore\/"]}]}},"_links":{"self":[{"href":"https:\/\/revolutionpadelstore.com\/pt-pt\/wp-json\/wp\/v2\/product\/125455","targetHints":{"allow":["GET"]}}],"collection":[{"href":"https:\/\/revolutionpadelstore.com\/pt-pt\/wp-json\/wp\/v2\/product"}],"about":[{"href":"https:\/\/revolutionpadelstore.com\/pt-pt\/wp-json\/wp\/v2\/types\/product"}],"replies":[{"embeddable":true,"href":"https:\/\/revolutionpadelstore.com\/pt-pt\/wp-json\/wp\/v2\/comments?post=125455"}],"wp:featuredmedia":[{"embeddable":true,"href":"https:\/\/revolutionpadelstore.com\/pt-pt\/wp-json\/wp\/v2\/media\/125038"}],"wp:attachment":[{"href":"https:\/\/revolutionpadelstore.com\/pt-pt\/wp-json\/wp\/v2\/media?parent=125455"}],"wp:term":[{"taxonomy":"acabado","embeddable":true,"href":"https:\/\/revolutionpadelstore.com\/pt-pt\/wp-json\/wp\/v2\/acabado?post=125455"},{"taxonomy":"balance","embeddable":true,"href":"https:\/\/revolutionpadelstore.com\/pt-pt\/wp-json\/wp\/v2\/balance?post=125455"},{"taxonomy":"dureza","embeddable":true,"href":"https:\/\/revolutionpadelstore.com\/pt-pt\/wp-json\/wp\/v2\/dureza?post=125455"},{"taxonomy":"forma","embeddable":true,"href":"https:\/\/revolutionpadelstore.com\/pt-pt\/wp-json\/wp\/v2\/forma?post=125455"},{"taxonomy":"jugador","embeddable":true,"href":"https:\/\/revolutionpadelstore.com\/pt-pt\/wp-json\/wp\/v2\/jugador?post=125455"},{"taxonomy":"marca","embeddable":true,"href":"https:\/\/revolutionpadelstore.com\/pt-pt\/wp-json\/wp\/v2\/marca?post=125455"},{"taxonomy":"nivel-de-juego","embeddable":true,"href":"https:\/\/revolutionpadelstore.com\/pt-pt\/wp-json\/wp\/v2\/nivel-de-juego?post=125455"},{"taxonomy":"superficie","embeddable":true,"href":"https:\/\/revolutionpadelstore.com\/pt-pt\/wp-json\/wp\/v2\/superficie?post=125455"},{"taxonomy":"tipo-de-juego","embeddable":true,"href":"https:\/\/revolutionpadelstore.com\/pt-pt\/wp-json\/wp\/v2\/tipo-de-juego?post=125455"},{"taxonomy":"product_brand","embeddable":true,"href":"https:\/\/revolutionpadelstore.com\/pt-pt\/wp-json\/wp\/v2\/product_brand?post=125455"},{"taxonomy":"product_cat","embeddable":true,"href":"https:\/\/revolutionpadelstore.com\/pt-pt\/wp-json\/wp\/v2\/product_cat?post=125455"},{"taxonomy":"product_tag","embeddable":true,"href":"https:\/\/revolutionpadelstore.com\/pt-pt\/wp-json\/wp\/v2\/product_tag?post=125455"}],"curies":[{"name":"wp","href":"https:\/\/api.w.org\/{rel}","templated":true}]}}