{"id":125445,"date":"2024-11-23T11:16:46","date_gmt":"2024-11-23T10:16:46","guid":{"rendered":"https:\/\/revolutionpadelstore.com\/kombat-vesubio\/"},"modified":"2026-04-01T06:52:42","modified_gmt":"2026-04-01T04:52:42","slug":"kombat-vesubio-4","status":"publish","type":"product","link":"https:\/\/revolutionpadelstore.com\/pt-pt\/produto\/kombat-vesubio-4\/","title":{"rendered":"KOMBAT VESUBIO"},"content":{"rendered":"<p><H2> <strong> kombat vesubio, cole\u00e7\u00e3o 2025 <\/strong> <\/h2>\n<p>Descubra o Kombat Vesubio, uma p\u00e1 ideal para quem procura uma sensa\u00e7\u00e3o suave sem desistir de um desempenho explosivo em cada golpe. Seu design, inspirado na for\u00e7a do vulc\u00e3o Vesubio, o torna uma ferramenta excepcional para jogadores que desejam uma mistura \u00fanica de conforto e poder. Com sua forma de diamante e um alto equil\u00edbrio, esta p\u00e1 foi projetada para oferecer um excelente desempenho em ataque e defesa, garantindo precis\u00e3o em cada golpe.<br \/>\n<H2> <strong> kombat vesubio, p\u00e1 de diamante<br \/>\nO Kombat Vesubio \u00e9 perfeito para jogadores que preferem um toque mais suave, mas tamb\u00e9m precisam de poder para realizar golpes fortes no momento certo. Seu n\u00facleo de borracha EVA de dupla densidade otimiza o conforto, enquanto sua estrutura leve e duradoura fornece uma excelente sa\u00edda de bola. Esta p\u00e1 \u00e9 ideal para quem procura um equil\u00edbrio perfeito entre controle e poder, o que a torna uma op\u00e7\u00e3o excelente para jogadores de todos os n\u00edveis.<\/p>\n<p><strong> Kombat Vesubio 2025 <\/strong> Kombat Caracter\u00edsticas<\/p>\n<p> <strong> -form: <\/strong> diamante com alto balan\u00e7o, ideal para energia<br \/>\n<P> <strong> -Nucole: <\/strong> EVA preto de densidade dupla, otimizando a sa\u00edda r\u00e1pida e a resposta<\/p>\n<p> <strong> -tubular: <\/strong> 100% de fibra de carbono, leve e resistente<\/p>\n<p> <strong> -plano: <\/strong> 3D carbono \u00e1spero para jogar efeito em cada golpe.<br \/>\n<P> <strong> -woling: <\/strong> brilhar e fosco<br \/>\n<P> <strong> -Sear Zone: <\/strong> Meio alta.<\/p>\n<p> <strong> -bolida: <\/strong> 10\/10<br \/>\n<P> <strong> -pet\u00eancia: <\/strong> 8\/10<br \/>\n<P> <strong> -Controle: <\/strong> 9\/10<br \/>\n<strong> Kombat Vesubio 2025 na Revolution Padel Store <\/strong><\/p>\n<p>N\u00e3o perca a oportunidade de melhorar seu desempenho com o Kombat Vesubio. Seu design inovador e a combina\u00e7\u00e3o excepcional de recursos s\u00e3o uma p\u00e1 essencial para qualquer jogador. Ouse sentir o poder do vulc\u00e3o Vesubio em cada golpe. Pegue o seu agora e leve seu jogo para o pr\u00f3ximo n\u00edvel!<\/p>\n<h2><strong>Kombat Vesubio, colecci\u00f3n 2025<\/strong><\/p>\n","protected":false},"excerpt":{"rendered":"<p>O Kombat Vesubio \u00e9 uma p\u00e1 de paddle ideal para jogadores que procuram um toque suave e explosivo, oferecendo um equil\u00edbrio perfeito entre conforto e poder.<\/p>\n","protected":false},"featured_media":125103,"comment_status":"open","ping_status":"closed","template":"","meta":{"_acf_changed":false,"_joinchat":[]},"acabado":[1090],"balance":[1135],"dureza":[1150],"forma":[1170],"jugador":[1190,1200],"marca":[1705],"nivel-de-juego":[1335],"superficie":[1360],"tipo-de-juego":[1375],"product_brand":[],"product_cat":[300],"product_tag":[],"class_list":{"0":"post-125445","1":"product","2":"type-product","3":"status-publish","4":"has-post-thumbnail","6":"acabado-alivio-3d","7":"balance-alto-pt-pt","8":"dureza-blanda-pt-pt","9":"forma-diamante-pt-pt","10":"jugador-homem","11":"jugador-polivalente-pt-pt","12":"marca-kombat-pt-pt","13":"superficie-rugosa-pt-pt","14":"tipo-de-juego-poder","15":"product_cat-palas","17":"first","18":"instock","19":"taxable","20":"shipping-taxable","21":"purchasable","22":"product-type-simple"},"acf":[],"yoast_head":"<!-- This site is optimized with the Yoast SEO plugin v27.3 - https:\/\/yoast.com\/product\/yoast-seo-wordpress\/ -->\n<title>KOMBAT VESUBIO - Revolution Padel Store<\/title>\n<meta name=\"description\" content=\"Descubre la Kombat Vesubio, la pala perfecta para aquellos que buscan un tacto blando sin sacrificar el rendimiento explosivo en cada golpe. Su dise\u00f1o inspirado en el poder del volc\u00e1n Vesubio la convierte en una herramienta excepcional para los jugadores que desean una combinaci\u00f3n \u00fanica de comodidad y potencia. Con su forma de diamante y un balance alto, esta pala est\u00e1 dise\u00f1ada para ofrecer un desempe\u00f1o sobresaliente tanto en ataque como en defensa, garantizando precisi\u00f3n en cada golpe.\" \/>\n<meta name=\"robots\" content=\"index, follow, max-snippet:-1, max-image-preview:large, max-video-preview:-1\" \/>\n<link rel=\"canonical\" href=\"https:\/\/revolutionpadelstore.com\/pt-pt\/produto\/kombat-vesubio-4\/\" \/>\n<meta property=\"og:locale\" content=\"pt_PT\" \/>\n<meta property=\"og:type\" content=\"article\" \/>\n<meta property=\"og:title\" content=\"KOMBAT VESUBIO - Revolution Padel Store\" \/>\n<meta property=\"og:description\" content=\"Descubre la Kombat Vesubio, la pala perfecta para aquellos que buscan un tacto blando sin sacrificar el rendimiento explosivo en cada golpe. Su dise\u00f1o inspirado en el poder del volc\u00e1n Vesubio la convierte en una herramienta excepcional para los jugadores que desean una combinaci\u00f3n \u00fanica de comodidad y potencia. Con su forma de diamante y un balance alto, esta pala est\u00e1 dise\u00f1ada para ofrecer un desempe\u00f1o sobresaliente tanto en ataque como en defensa, garantizando precisi\u00f3n en cada golpe.\" \/>\n<meta property=\"og:url\" content=\"https:\/\/revolutionpadelstore.com\/pt-pt\/produto\/kombat-vesubio-4\/\" \/>\n<meta property=\"og:site_name\" content=\"Revolution Padel Store\" \/>\n<meta property=\"article:modified_time\" content=\"2026-04-01T04:52:42+00:00\" \/>\n<meta property=\"og:image\" content=\"https:\/\/revolutionpadelstore.com\/wp-content\/uploads\/2024\/11\/115027_pala_kombat_vesubio_1500x1500_1_684b.webp\" \/>\n\t<meta property=\"og:image:width\" content=\"1500\" \/>\n\t<meta property=\"og:image:height\" content=\"1500\" \/>\n\t<meta property=\"og:image:type\" content=\"image\/webp\" \/>\n<meta name=\"twitter:card\" content=\"summary_large_image\" \/>\n<meta name=\"twitter:label1\" content=\"Tempo estimado de leitura\" \/>\n\t<meta name=\"twitter:data1\" content=\"2 minutos\" \/>\n<script type=\"application\/ld+json\" class=\"yoast-schema-graph\">{\"@context\":\"https:\\\/\\\/schema.org\",\"@graph\":[{\"@type\":\"WebPage\",\"@id\":\"https:\\\/\\\/revolutionpadelstore.com\\\/pt-pt\\\/produto\\\/kombat-vesubio-4\\\/\",\"url\":\"https:\\\/\\\/revolutionpadelstore.com\\\/pt-pt\\\/produto\\\/kombat-vesubio-4\\\/\",\"name\":\"KOMBAT VESUBIO - Revolution Padel Store\",\"isPartOf\":{\"@id\":\"https:\\\/\\\/revolutionpadelstore.com\\\/pt-pt\\\/#website\"},\"primaryImageOfPage\":{\"@id\":\"https:\\\/\\\/revolutionpadelstore.com\\\/pt-pt\\\/produto\\\/kombat-vesubio-4\\\/#primaryimage\"},\"image\":{\"@id\":\"https:\\\/\\\/revolutionpadelstore.com\\\/pt-pt\\\/produto\\\/kombat-vesubio-4\\\/#primaryimage\"},\"thumbnailUrl\":\"https:\\\/\\\/revolutionpadelstore.com\\\/wp-content\\\/uploads\\\/2024\\\/11\\\/115027_pala_kombat_vesubio_1500x1500_1_684b.webp\",\"datePublished\":\"2024-11-23T10:16:46+00:00\",\"dateModified\":\"2026-04-01T04:52:42+00:00\",\"description\":\"Descubre la Kombat Vesubio, la pala perfecta para aquellos que buscan un tacto blando sin sacrificar el rendimiento explosivo en cada golpe. Su dise\u00f1o inspirado en el poder del volc\u00e1n Vesubio la convierte en una herramienta excepcional para los jugadores que desean una combinaci\u00f3n \u00fanica de comodidad y potencia. Con su forma de diamante y un balance alto, esta pala est\u00e1 dise\u00f1ada para ofrecer un desempe\u00f1o sobresaliente tanto en ataque como en defensa, garantizando precisi\u00f3n en cada golpe.\",\"breadcrumb\":{\"@id\":\"https:\\\/\\\/revolutionpadelstore.com\\\/pt-pt\\\/produto\\\/kombat-vesubio-4\\\/#breadcrumb\"},\"inLanguage\":\"pt-PT\",\"potentialAction\":[{\"@type\":\"ReadAction\",\"target\":[\"https:\\\/\\\/revolutionpadelstore.com\\\/pt-pt\\\/produto\\\/kombat-vesubio-4\\\/\"]}]},{\"@type\":\"ImageObject\",\"inLanguage\":\"pt-PT\",\"@id\":\"https:\\\/\\\/revolutionpadelstore.com\\\/pt-pt\\\/produto\\\/kombat-vesubio-4\\\/#primaryimage\",\"url\":\"https:\\\/\\\/revolutionpadelstore.com\\\/wp-content\\\/uploads\\\/2024\\\/11\\\/115027_pala_kombat_vesubio_1500x1500_1_684b.webp\",\"contentUrl\":\"https:\\\/\\\/revolutionpadelstore.com\\\/wp-content\\\/uploads\\\/2024\\\/11\\\/115027_pala_kombat_vesubio_1500x1500_1_684b.webp\",\"width\":1500,\"height\":1500},{\"@type\":\"BreadcrumbList\",\"@id\":\"https:\\\/\\\/revolutionpadelstore.com\\\/pt-pt\\\/produto\\\/kombat-vesubio-4\\\/#breadcrumb\",\"itemListElement\":[{\"@type\":\"ListItem\",\"position\":1,\"name\":\"Portada\",\"item\":\"https:\\\/\\\/revolutionpadelstore.com\\\/pt-pt\\\/\"},{\"@type\":\"ListItem\",\"position\":2,\"name\":\"Tienda\",\"item\":\"https:\\\/\\\/revolutionpadelstore.com\\\/pt-pt\\\/tienda\\\/\"},{\"@type\":\"ListItem\",\"position\":3,\"name\":\"KOMBAT VESUBIO\"}]},{\"@type\":\"WebSite\",\"@id\":\"https:\\\/\\\/revolutionpadelstore.com\\\/pt-pt\\\/#website\",\"url\":\"https:\\\/\\\/revolutionpadelstore.com\\\/pt-pt\\\/\",\"name\":\"Revolution Padel Store\",\"description\":\"\",\"publisher\":{\"@id\":\"https:\\\/\\\/revolutionpadelstore.com\\\/pt-pt\\\/#organization\"},\"potentialAction\":[{\"@type\":\"SearchAction\",\"target\":{\"@type\":\"EntryPoint\",\"urlTemplate\":\"https:\\\/\\\/revolutionpadelstore.com\\\/pt-pt\\\/?s={search_term_string}\"},\"query-input\":{\"@type\":\"PropertyValueSpecification\",\"valueRequired\":true,\"valueName\":\"search_term_string\"}}],\"inLanguage\":\"pt-PT\"},{\"@type\":\"Organization\",\"@id\":\"https:\\\/\\\/revolutionpadelstore.com\\\/pt-pt\\\/#organization\",\"name\":\"Revolution Padel Store\",\"url\":\"https:\\\/\\\/revolutionpadelstore.com\\\/pt-pt\\\/\",\"logo\":{\"@type\":\"ImageObject\",\"inLanguage\":\"pt-PT\",\"@id\":\"https:\\\/\\\/revolutionpadelstore.com\\\/pt-pt\\\/#\\\/schema\\\/logo\\\/image\\\/\",\"url\":\"https:\\\/\\\/revolutionpadelstore.com\\\/wp-content\\\/uploads\\\/2026\\\/02\\\/revolution-padel-store.jpg\",\"contentUrl\":\"https:\\\/\\\/revolutionpadelstore.com\\\/wp-content\\\/uploads\\\/2026\\\/02\\\/revolution-padel-store.jpg\",\"width\":2000,\"height\":2000,\"caption\":\"Revolution Padel Store\"},\"image\":{\"@id\":\"https:\\\/\\\/revolutionpadelstore.com\\\/pt-pt\\\/#\\\/schema\\\/logo\\\/image\\\/\"},\"sameAs\":[\"https:\\\/\\\/www.instagram.com\\\/revolutionpadelstore\\\/\"]}]}<\/script>\n<!-- \/ Yoast SEO plugin. -->","yoast_head_json":{"title":"KOMBAT VESUBIO - Revolution Padel Store","description":"Descubre la Kombat Vesubio, la pala perfecta para aquellos que buscan un tacto blando sin sacrificar el rendimiento explosivo en cada golpe. Su dise\u00f1o inspirado en el poder del volc\u00e1n Vesubio la convierte en una herramienta excepcional para los jugadores que desean una combinaci\u00f3n \u00fanica de comodidad y potencia. Con su forma de diamante y un balance alto, esta pala est\u00e1 dise\u00f1ada para ofrecer un desempe\u00f1o sobresaliente tanto en ataque como en defensa, garantizando precisi\u00f3n en cada golpe.","robots":{"index":"index","follow":"follow","max-snippet":"max-snippet:-1","max-image-preview":"max-image-preview:large","max-video-preview":"max-video-preview:-1"},"canonical":"https:\/\/revolutionpadelstore.com\/pt-pt\/produto\/kombat-vesubio-4\/","og_locale":"pt_PT","og_type":"article","og_title":"KOMBAT VESUBIO - Revolution Padel Store","og_description":"Descubre la Kombat Vesubio, la pala perfecta para aquellos que buscan un tacto blando sin sacrificar el rendimiento explosivo en cada golpe. Su dise\u00f1o inspirado en el poder del volc\u00e1n Vesubio la convierte en una herramienta excepcional para los jugadores que desean una combinaci\u00f3n \u00fanica de comodidad y potencia. Con su forma de diamante y un balance alto, esta pala est\u00e1 dise\u00f1ada para ofrecer un desempe\u00f1o sobresaliente tanto en ataque como en defensa, garantizando precisi\u00f3n en cada golpe.","og_url":"https:\/\/revolutionpadelstore.com\/pt-pt\/produto\/kombat-vesubio-4\/","og_site_name":"Revolution Padel Store","article_modified_time":"2026-04-01T04:52:42+00:00","og_image":[{"width":1500,"height":1500,"url":"https:\/\/revolutionpadelstore.com\/wp-content\/uploads\/2024\/11\/115027_pala_kombat_vesubio_1500x1500_1_684b.webp","type":"image\/webp"}],"twitter_card":"summary_large_image","twitter_misc":{"Tempo estimado de leitura":"2 minutos"},"schema":{"@context":"https:\/\/schema.org","@graph":[{"@type":"WebPage","@id":"https:\/\/revolutionpadelstore.com\/pt-pt\/produto\/kombat-vesubio-4\/","url":"https:\/\/revolutionpadelstore.com\/pt-pt\/produto\/kombat-vesubio-4\/","name":"KOMBAT VESUBIO - Revolution Padel Store","isPartOf":{"@id":"https:\/\/revolutionpadelstore.com\/pt-pt\/#website"},"primaryImageOfPage":{"@id":"https:\/\/revolutionpadelstore.com\/pt-pt\/produto\/kombat-vesubio-4\/#primaryimage"},"image":{"@id":"https:\/\/revolutionpadelstore.com\/pt-pt\/produto\/kombat-vesubio-4\/#primaryimage"},"thumbnailUrl":"https:\/\/revolutionpadelstore.com\/wp-content\/uploads\/2024\/11\/115027_pala_kombat_vesubio_1500x1500_1_684b.webp","datePublished":"2024-11-23T10:16:46+00:00","dateModified":"2026-04-01T04:52:42+00:00","description":"Descubre la Kombat Vesubio, la pala perfecta para aquellos que buscan un tacto blando sin sacrificar el rendimiento explosivo en cada golpe. Su dise\u00f1o inspirado en el poder del volc\u00e1n Vesubio la convierte en una herramienta excepcional para los jugadores que desean una combinaci\u00f3n \u00fanica de comodidad y potencia. Con su forma de diamante y un balance alto, esta pala est\u00e1 dise\u00f1ada para ofrecer un desempe\u00f1o sobresaliente tanto en ataque como en defensa, garantizando precisi\u00f3n en cada golpe.","breadcrumb":{"@id":"https:\/\/revolutionpadelstore.com\/pt-pt\/produto\/kombat-vesubio-4\/#breadcrumb"},"inLanguage":"pt-PT","potentialAction":[{"@type":"ReadAction","target":["https:\/\/revolutionpadelstore.com\/pt-pt\/produto\/kombat-vesubio-4\/"]}]},{"@type":"ImageObject","inLanguage":"pt-PT","@id":"https:\/\/revolutionpadelstore.com\/pt-pt\/produto\/kombat-vesubio-4\/#primaryimage","url":"https:\/\/revolutionpadelstore.com\/wp-content\/uploads\/2024\/11\/115027_pala_kombat_vesubio_1500x1500_1_684b.webp","contentUrl":"https:\/\/revolutionpadelstore.com\/wp-content\/uploads\/2024\/11\/115027_pala_kombat_vesubio_1500x1500_1_684b.webp","width":1500,"height":1500},{"@type":"BreadcrumbList","@id":"https:\/\/revolutionpadelstore.com\/pt-pt\/produto\/kombat-vesubio-4\/#breadcrumb","itemListElement":[{"@type":"ListItem","position":1,"name":"Portada","item":"https:\/\/revolutionpadelstore.com\/pt-pt\/"},{"@type":"ListItem","position":2,"name":"Tienda","item":"https:\/\/revolutionpadelstore.com\/pt-pt\/tienda\/"},{"@type":"ListItem","position":3,"name":"KOMBAT VESUBIO"}]},{"@type":"WebSite","@id":"https:\/\/revolutionpadelstore.com\/pt-pt\/#website","url":"https:\/\/revolutionpadelstore.com\/pt-pt\/","name":"Revolution Padel Store","description":"","publisher":{"@id":"https:\/\/revolutionpadelstore.com\/pt-pt\/#organization"},"potentialAction":[{"@type":"SearchAction","target":{"@type":"EntryPoint","urlTemplate":"https:\/\/revolutionpadelstore.com\/pt-pt\/?s={search_term_string}"},"query-input":{"@type":"PropertyValueSpecification","valueRequired":true,"valueName":"search_term_string"}}],"inLanguage":"pt-PT"},{"@type":"Organization","@id":"https:\/\/revolutionpadelstore.com\/pt-pt\/#organization","name":"Revolution Padel Store","url":"https:\/\/revolutionpadelstore.com\/pt-pt\/","logo":{"@type":"ImageObject","inLanguage":"pt-PT","@id":"https:\/\/revolutionpadelstore.com\/pt-pt\/#\/schema\/logo\/image\/","url":"https:\/\/revolutionpadelstore.com\/wp-content\/uploads\/2026\/02\/revolution-padel-store.jpg","contentUrl":"https:\/\/revolutionpadelstore.com\/wp-content\/uploads\/2026\/02\/revolution-padel-store.jpg","width":2000,"height":2000,"caption":"Revolution Padel Store"},"image":{"@id":"https:\/\/revolutionpadelstore.com\/pt-pt\/#\/schema\/logo\/image\/"},"sameAs":["https:\/\/www.instagram.com\/revolutionpadelstore\/"]}]}},"_links":{"self":[{"href":"https:\/\/revolutionpadelstore.com\/pt-pt\/wp-json\/wp\/v2\/product\/125445","targetHints":{"allow":["GET"]}}],"collection":[{"href":"https:\/\/revolutionpadelstore.com\/pt-pt\/wp-json\/wp\/v2\/product"}],"about":[{"href":"https:\/\/revolutionpadelstore.com\/pt-pt\/wp-json\/wp\/v2\/types\/product"}],"replies":[{"embeddable":true,"href":"https:\/\/revolutionpadelstore.com\/pt-pt\/wp-json\/wp\/v2\/comments?post=125445"}],"wp:featuredmedia":[{"embeddable":true,"href":"https:\/\/revolutionpadelstore.com\/pt-pt\/wp-json\/wp\/v2\/media\/125103"}],"wp:attachment":[{"href":"https:\/\/revolutionpadelstore.com\/pt-pt\/wp-json\/wp\/v2\/media?parent=125445"}],"wp:term":[{"taxonomy":"acabado","embeddable":true,"href":"https:\/\/revolutionpadelstore.com\/pt-pt\/wp-json\/wp\/v2\/acabado?post=125445"},{"taxonomy":"balance","embeddable":true,"href":"https:\/\/revolutionpadelstore.com\/pt-pt\/wp-json\/wp\/v2\/balance?post=125445"},{"taxonomy":"dureza","embeddable":true,"href":"https:\/\/revolutionpadelstore.com\/pt-pt\/wp-json\/wp\/v2\/dureza?post=125445"},{"taxonomy":"forma","embeddable":true,"href":"https:\/\/revolutionpadelstore.com\/pt-pt\/wp-json\/wp\/v2\/forma?post=125445"},{"taxonomy":"jugador","embeddable":true,"href":"https:\/\/revolutionpadelstore.com\/pt-pt\/wp-json\/wp\/v2\/jugador?post=125445"},{"taxonomy":"marca","embeddable":true,"href":"https:\/\/revolutionpadelstore.com\/pt-pt\/wp-json\/wp\/v2\/marca?post=125445"},{"taxonomy":"nivel-de-juego","embeddable":true,"href":"https:\/\/revolutionpadelstore.com\/pt-pt\/wp-json\/wp\/v2\/nivel-de-juego?post=125445"},{"taxonomy":"superficie","embeddable":true,"href":"https:\/\/revolutionpadelstore.com\/pt-pt\/wp-json\/wp\/v2\/superficie?post=125445"},{"taxonomy":"tipo-de-juego","embeddable":true,"href":"https:\/\/revolutionpadelstore.com\/pt-pt\/wp-json\/wp\/v2\/tipo-de-juego?post=125445"},{"taxonomy":"product_brand","embeddable":true,"href":"https:\/\/revolutionpadelstore.com\/pt-pt\/wp-json\/wp\/v2\/product_brand?post=125445"},{"taxonomy":"product_cat","embeddable":true,"href":"https:\/\/revolutionpadelstore.com\/pt-pt\/wp-json\/wp\/v2\/product_cat?post=125445"},{"taxonomy":"product_tag","embeddable":true,"href":"https:\/\/revolutionpadelstore.com\/pt-pt\/wp-json\/wp\/v2\/product_tag?post=125445"}],"curies":[{"name":"wp","href":"https:\/\/api.w.org\/{rel}","templated":true}]}}