{"id":125440,"date":"2024-11-23T11:23:50","date_gmt":"2024-11-23T10:23:50","guid":{"rendered":"https:\/\/revolutionpadelstore.com\/kombat-arenal-mujer\/"},"modified":"2026-04-01T06:52:21","modified_gmt":"2026-04-01T04:52:21","slug":"kombat-arenal-mujer-5","status":"publish","type":"product","link":"https:\/\/revolutionpadelstore.com\/pt-pt\/produto\/kombat-arenal-mujer-5\/","title":{"rendered":"KOMBAT ARENAL MUJER"},"content":{"rendered":"<p><H2> <strong> Kombat Arenal Woman 2025, Power and Precision <\/strong> <\/h2>\n<p>A arena do Kombat, parte da cole\u00e7\u00e3o Vulcano criada em colabora\u00e7\u00e3o com Manu Mart\u00edn, \u00e9 um modelo projetado para oferecer um poder explosivo sem sacrificar o controle necess\u00e1rio para executar ataques precisos. Sua forma de diamante, alto equil\u00edbrio e um ponto doce localizado na cabe\u00e7a da l\u00e2mina garantem um grande soco em cada golpe.<\/p>\n<p>Com um peso leve de 355 gramas, esta p\u00e1 se destaca por sua capacidade de gerenciamento sem perder o poder caracter\u00edstico do molde de diamante. Al\u00e9m disso, o sistema pro pro pro propuit of Vibra\u00e7\u00e3o Propuit System ajuda a minimizar o impacto nas juntas e melhora a estabilidade.<br \/>\n<H2> <strong> Pala Arenal, ideal para jogadores agressivos <\/strong> <\/h2>\n<p>Projetado especificamente para jogadores ofensivos, o Kombat Arenal 2025 para mulheres se adapta perfeitamente aos jogadores que buscam ser mais agressivos em seus ataques perto da rede. \u00c9 o modelo perfeito para quem deseja uma sensa\u00e7\u00e3o mais s\u00f3lida e est\u00e1vel ao atingir a bola.<\/p>\n<p>Al\u00e9m disso, sua superf\u00edcie \u00e1spera permitir\u00e1 que voc\u00ea aplique efeitos com precis\u00e3o total, facilmente surpreendente aos seus oponentes.<\/p>\n<p><strong> Caracter\u00edsticas e tecnologias da p\u00e1 de Kombat Arenal <\/strong><\/p>\n<p>-Estrutura mais clara e mais leve gra\u00e7as \u00e0 estrutura tubular de fibra de carbono 100%<\/p>\n<p>-18k Planos de carbono com acabamento brilhante e fosco, oferecendo maior resist\u00eancia<\/p>\n<p> superf\u00edcie \u00e1spera para um golpe com efeito<br \/>\n<P>-Cora\u00e7\u00e3o de borracha EVA preto de dureza m\u00e9dia, que equilibra o toque e fornece solidez em cada impacto.<\/p>\n<p>-Inclui o <strong> Sharp Hole System <\/strong>, que expande o ponto doce, permitindo um acerto mais preciso.<br \/>\n<P> estabilidade e firmeza melhoraram com o <strong> protuneed System <\/strong>, o que reduz as vibra\u00e7\u00f5es<br \/>\n<strong> Compre no Revolution Padel Store The Shovel for Women Kombat Arenal 2025 <\/strong><\/p>\n<p>Perfeito para jogadores que procuram dominar a rede de forma agressiva, esta folha de diamante e alto equil\u00edbrio oferece alto controle e sa\u00edda da bola superior, garantindo o desempenho ideal em qualquer situa\u00e7\u00e3o de jogo.<\/p>\n<h2><strong>Kombat Arenal Mujer 2025, potencia y precisi\u00f3n<\/strong><\/p>\n","protected":false},"excerpt":{"rendered":"<p>Diamond Shovel com alto equil\u00edbrio para mulheres Kombat Arenal para pe\u00e7as ofensivas agressivas. Com avi\u00f5es \u00e1speros feitos de carbono 18k e n\u00facleo de borracha eva preto.<\/p>\n","protected":false},"featured_media":125134,"comment_status":"open","ping_status":"closed","template":"","meta":{"_acf_changed":false,"_joinchat":[]},"acabado":[1080,1085],"balance":[1135],"dureza":[1155],"forma":[1170],"jugador":[1195],"marca":[1705],"nivel-de-juego":[1335,1340],"superficie":[1360],"tipo-de-juego":[1375],"product_brand":[],"product_cat":[300],"product_tag":[],"class_list":{"0":"post-125440","1":"product","2":"type-product","3":"status-publish","4":"has-post-thumbnail","6":"acabado-brilho","7":"acabado-companheiro","8":"balance-alto-pt-pt","9":"dureza-media-pt-pt","10":"forma-diamante-pt-pt","11":"jugador-mulher","12":"marca-kombat-pt-pt","13":"superficie-rugosa-pt-pt","14":"tipo-de-juego-poder","15":"product_cat-palas","17":"first","18":"instock","19":"taxable","20":"shipping-taxable","21":"purchasable","22":"product-type-simple"},"acf":[],"yoast_head":"<!-- This site is optimized with the Yoast SEO plugin v27.3 - https:\/\/yoast.com\/product\/yoast-seo-wordpress\/ -->\n<title>KOMBAT ARENAL MUJER - Revolution Padel Store<\/title>\n<meta name=\"description\" content=\"La pala de p\u00e1del Arenal de Kombat es un modelo que pertenece a la colecci\u00f3n Vulcano dise\u00f1ada en colaboraci\u00f3n con Manu Mart\u00edn. Esta pala con forma de diamante, balance alto y punto dulce en la cabeza garantiza una potencia explosiva en cada golpe, sin perder un control sobresaliente para atacar con precisi\u00f3n.\" \/>\n<meta name=\"robots\" content=\"index, follow, max-snippet:-1, max-image-preview:large, max-video-preview:-1\" \/>\n<link rel=\"canonical\" href=\"https:\/\/revolutionpadelstore.com\/pt-pt\/produto\/kombat-arenal-mujer-5\/\" \/>\n<meta property=\"og:locale\" content=\"pt_PT\" \/>\n<meta property=\"og:type\" content=\"article\" \/>\n<meta property=\"og:title\" content=\"KOMBAT ARENAL MUJER - Revolution Padel Store\" \/>\n<meta property=\"og:description\" content=\"La pala de p\u00e1del Arenal de Kombat es un modelo que pertenece a la colecci\u00f3n Vulcano dise\u00f1ada en colaboraci\u00f3n con Manu Mart\u00edn. Esta pala con forma de diamante, balance alto y punto dulce en la cabeza garantiza una potencia explosiva en cada golpe, sin perder un control sobresaliente para atacar con precisi\u00f3n.\" \/>\n<meta property=\"og:url\" content=\"https:\/\/revolutionpadelstore.com\/pt-pt\/produto\/kombat-arenal-mujer-5\/\" \/>\n<meta property=\"og:site_name\" content=\"Revolution Padel Store\" \/>\n<meta property=\"article:modified_time\" content=\"2026-04-01T04:52:21+00:00\" \/>\n<meta property=\"og:image\" content=\"https:\/\/revolutionpadelstore.com\/wp-content\/uploads\/2024\/11\/115020_pala_kombat_arenal_1500x1500_1_141c-1.webp\" \/>\n\t<meta property=\"og:image:width\" content=\"1500\" \/>\n\t<meta property=\"og:image:height\" content=\"1500\" \/>\n\t<meta property=\"og:image:type\" content=\"image\/webp\" \/>\n<meta name=\"twitter:card\" content=\"summary_large_image\" \/>\n<meta name=\"twitter:label1\" content=\"Tempo estimado de leitura\" \/>\n\t<meta name=\"twitter:data1\" content=\"2 minutos\" \/>\n<script type=\"application\/ld+json\" class=\"yoast-schema-graph\">{\"@context\":\"https:\\\/\\\/schema.org\",\"@graph\":[{\"@type\":\"WebPage\",\"@id\":\"https:\\\/\\\/revolutionpadelstore.com\\\/pt-pt\\\/produto\\\/kombat-arenal-mujer-5\\\/\",\"url\":\"https:\\\/\\\/revolutionpadelstore.com\\\/pt-pt\\\/produto\\\/kombat-arenal-mujer-5\\\/\",\"name\":\"KOMBAT ARENAL MUJER - Revolution Padel Store\",\"isPartOf\":{\"@id\":\"https:\\\/\\\/revolutionpadelstore.com\\\/pt-pt\\\/#website\"},\"primaryImageOfPage\":{\"@id\":\"https:\\\/\\\/revolutionpadelstore.com\\\/pt-pt\\\/produto\\\/kombat-arenal-mujer-5\\\/#primaryimage\"},\"image\":{\"@id\":\"https:\\\/\\\/revolutionpadelstore.com\\\/pt-pt\\\/produto\\\/kombat-arenal-mujer-5\\\/#primaryimage\"},\"thumbnailUrl\":\"https:\\\/\\\/revolutionpadelstore.com\\\/wp-content\\\/uploads\\\/2024\\\/11\\\/115020_pala_kombat_arenal_1500x1500_1_141c-1.webp\",\"datePublished\":\"2024-11-23T10:23:50+00:00\",\"dateModified\":\"2026-04-01T04:52:21+00:00\",\"description\":\"La pala de p\u00e1del Arenal de Kombat es un modelo que pertenece a la colecci\u00f3n Vulcano dise\u00f1ada en colaboraci\u00f3n con Manu Mart\u00edn. Esta pala con forma de diamante, balance alto y punto dulce en la cabeza garantiza una potencia explosiva en cada golpe, sin perder un control sobresaliente para atacar con precisi\u00f3n.\",\"breadcrumb\":{\"@id\":\"https:\\\/\\\/revolutionpadelstore.com\\\/pt-pt\\\/produto\\\/kombat-arenal-mujer-5\\\/#breadcrumb\"},\"inLanguage\":\"pt-PT\",\"potentialAction\":[{\"@type\":\"ReadAction\",\"target\":[\"https:\\\/\\\/revolutionpadelstore.com\\\/pt-pt\\\/produto\\\/kombat-arenal-mujer-5\\\/\"]}]},{\"@type\":\"ImageObject\",\"inLanguage\":\"pt-PT\",\"@id\":\"https:\\\/\\\/revolutionpadelstore.com\\\/pt-pt\\\/produto\\\/kombat-arenal-mujer-5\\\/#primaryimage\",\"url\":\"https:\\\/\\\/revolutionpadelstore.com\\\/wp-content\\\/uploads\\\/2024\\\/11\\\/115020_pala_kombat_arenal_1500x1500_1_141c-1.webp\",\"contentUrl\":\"https:\\\/\\\/revolutionpadelstore.com\\\/wp-content\\\/uploads\\\/2024\\\/11\\\/115020_pala_kombat_arenal_1500x1500_1_141c-1.webp\",\"width\":1500,\"height\":1500},{\"@type\":\"BreadcrumbList\",\"@id\":\"https:\\\/\\\/revolutionpadelstore.com\\\/pt-pt\\\/produto\\\/kombat-arenal-mujer-5\\\/#breadcrumb\",\"itemListElement\":[{\"@type\":\"ListItem\",\"position\":1,\"name\":\"Portada\",\"item\":\"https:\\\/\\\/revolutionpadelstore.com\\\/pt-pt\\\/\"},{\"@type\":\"ListItem\",\"position\":2,\"name\":\"Tienda\",\"item\":\"https:\\\/\\\/revolutionpadelstore.com\\\/pt-pt\\\/tienda\\\/\"},{\"@type\":\"ListItem\",\"position\":3,\"name\":\"KOMBAT ARENAL MUJER\"}]},{\"@type\":\"WebSite\",\"@id\":\"https:\\\/\\\/revolutionpadelstore.com\\\/pt-pt\\\/#website\",\"url\":\"https:\\\/\\\/revolutionpadelstore.com\\\/pt-pt\\\/\",\"name\":\"Revolution Padel Store\",\"description\":\"\",\"publisher\":{\"@id\":\"https:\\\/\\\/revolutionpadelstore.com\\\/pt-pt\\\/#organization\"},\"potentialAction\":[{\"@type\":\"SearchAction\",\"target\":{\"@type\":\"EntryPoint\",\"urlTemplate\":\"https:\\\/\\\/revolutionpadelstore.com\\\/pt-pt\\\/?s={search_term_string}\"},\"query-input\":{\"@type\":\"PropertyValueSpecification\",\"valueRequired\":true,\"valueName\":\"search_term_string\"}}],\"inLanguage\":\"pt-PT\"},{\"@type\":\"Organization\",\"@id\":\"https:\\\/\\\/revolutionpadelstore.com\\\/pt-pt\\\/#organization\",\"name\":\"Revolution Padel Store\",\"url\":\"https:\\\/\\\/revolutionpadelstore.com\\\/pt-pt\\\/\",\"logo\":{\"@type\":\"ImageObject\",\"inLanguage\":\"pt-PT\",\"@id\":\"https:\\\/\\\/revolutionpadelstore.com\\\/pt-pt\\\/#\\\/schema\\\/logo\\\/image\\\/\",\"url\":\"https:\\\/\\\/revolutionpadelstore.com\\\/wp-content\\\/uploads\\\/2026\\\/02\\\/revolution-padel-store.jpg\",\"contentUrl\":\"https:\\\/\\\/revolutionpadelstore.com\\\/wp-content\\\/uploads\\\/2026\\\/02\\\/revolution-padel-store.jpg\",\"width\":2000,\"height\":2000,\"caption\":\"Revolution Padel Store\"},\"image\":{\"@id\":\"https:\\\/\\\/revolutionpadelstore.com\\\/pt-pt\\\/#\\\/schema\\\/logo\\\/image\\\/\"},\"sameAs\":[\"https:\\\/\\\/www.instagram.com\\\/revolutionpadelstore\\\/\"]}]}<\/script>\n<!-- \/ Yoast SEO plugin. -->","yoast_head_json":{"title":"KOMBAT ARENAL MUJER - Revolution Padel Store","description":"La pala de p\u00e1del Arenal de Kombat es un modelo que pertenece a la colecci\u00f3n Vulcano dise\u00f1ada en colaboraci\u00f3n con Manu Mart\u00edn. Esta pala con forma de diamante, balance alto y punto dulce en la cabeza garantiza una potencia explosiva en cada golpe, sin perder un control sobresaliente para atacar con precisi\u00f3n.","robots":{"index":"index","follow":"follow","max-snippet":"max-snippet:-1","max-image-preview":"max-image-preview:large","max-video-preview":"max-video-preview:-1"},"canonical":"https:\/\/revolutionpadelstore.com\/pt-pt\/produto\/kombat-arenal-mujer-5\/","og_locale":"pt_PT","og_type":"article","og_title":"KOMBAT ARENAL MUJER - Revolution Padel Store","og_description":"La pala de p\u00e1del Arenal de Kombat es un modelo que pertenece a la colecci\u00f3n Vulcano dise\u00f1ada en colaboraci\u00f3n con Manu Mart\u00edn. Esta pala con forma de diamante, balance alto y punto dulce en la cabeza garantiza una potencia explosiva en cada golpe, sin perder un control sobresaliente para atacar con precisi\u00f3n.","og_url":"https:\/\/revolutionpadelstore.com\/pt-pt\/produto\/kombat-arenal-mujer-5\/","og_site_name":"Revolution Padel Store","article_modified_time":"2026-04-01T04:52:21+00:00","og_image":[{"width":1500,"height":1500,"url":"https:\/\/revolutionpadelstore.com\/wp-content\/uploads\/2024\/11\/115020_pala_kombat_arenal_1500x1500_1_141c-1.webp","type":"image\/webp"}],"twitter_card":"summary_large_image","twitter_misc":{"Tempo estimado de leitura":"2 minutos"},"schema":{"@context":"https:\/\/schema.org","@graph":[{"@type":"WebPage","@id":"https:\/\/revolutionpadelstore.com\/pt-pt\/produto\/kombat-arenal-mujer-5\/","url":"https:\/\/revolutionpadelstore.com\/pt-pt\/produto\/kombat-arenal-mujer-5\/","name":"KOMBAT ARENAL MUJER - Revolution Padel Store","isPartOf":{"@id":"https:\/\/revolutionpadelstore.com\/pt-pt\/#website"},"primaryImageOfPage":{"@id":"https:\/\/revolutionpadelstore.com\/pt-pt\/produto\/kombat-arenal-mujer-5\/#primaryimage"},"image":{"@id":"https:\/\/revolutionpadelstore.com\/pt-pt\/produto\/kombat-arenal-mujer-5\/#primaryimage"},"thumbnailUrl":"https:\/\/revolutionpadelstore.com\/wp-content\/uploads\/2024\/11\/115020_pala_kombat_arenal_1500x1500_1_141c-1.webp","datePublished":"2024-11-23T10:23:50+00:00","dateModified":"2026-04-01T04:52:21+00:00","description":"La pala de p\u00e1del Arenal de Kombat es un modelo que pertenece a la colecci\u00f3n Vulcano dise\u00f1ada en colaboraci\u00f3n con Manu Mart\u00edn. Esta pala con forma de diamante, balance alto y punto dulce en la cabeza garantiza una potencia explosiva en cada golpe, sin perder un control sobresaliente para atacar con precisi\u00f3n.","breadcrumb":{"@id":"https:\/\/revolutionpadelstore.com\/pt-pt\/produto\/kombat-arenal-mujer-5\/#breadcrumb"},"inLanguage":"pt-PT","potentialAction":[{"@type":"ReadAction","target":["https:\/\/revolutionpadelstore.com\/pt-pt\/produto\/kombat-arenal-mujer-5\/"]}]},{"@type":"ImageObject","inLanguage":"pt-PT","@id":"https:\/\/revolutionpadelstore.com\/pt-pt\/produto\/kombat-arenal-mujer-5\/#primaryimage","url":"https:\/\/revolutionpadelstore.com\/wp-content\/uploads\/2024\/11\/115020_pala_kombat_arenal_1500x1500_1_141c-1.webp","contentUrl":"https:\/\/revolutionpadelstore.com\/wp-content\/uploads\/2024\/11\/115020_pala_kombat_arenal_1500x1500_1_141c-1.webp","width":1500,"height":1500},{"@type":"BreadcrumbList","@id":"https:\/\/revolutionpadelstore.com\/pt-pt\/produto\/kombat-arenal-mujer-5\/#breadcrumb","itemListElement":[{"@type":"ListItem","position":1,"name":"Portada","item":"https:\/\/revolutionpadelstore.com\/pt-pt\/"},{"@type":"ListItem","position":2,"name":"Tienda","item":"https:\/\/revolutionpadelstore.com\/pt-pt\/tienda\/"},{"@type":"ListItem","position":3,"name":"KOMBAT ARENAL MUJER"}]},{"@type":"WebSite","@id":"https:\/\/revolutionpadelstore.com\/pt-pt\/#website","url":"https:\/\/revolutionpadelstore.com\/pt-pt\/","name":"Revolution Padel Store","description":"","publisher":{"@id":"https:\/\/revolutionpadelstore.com\/pt-pt\/#organization"},"potentialAction":[{"@type":"SearchAction","target":{"@type":"EntryPoint","urlTemplate":"https:\/\/revolutionpadelstore.com\/pt-pt\/?s={search_term_string}"},"query-input":{"@type":"PropertyValueSpecification","valueRequired":true,"valueName":"search_term_string"}}],"inLanguage":"pt-PT"},{"@type":"Organization","@id":"https:\/\/revolutionpadelstore.com\/pt-pt\/#organization","name":"Revolution Padel Store","url":"https:\/\/revolutionpadelstore.com\/pt-pt\/","logo":{"@type":"ImageObject","inLanguage":"pt-PT","@id":"https:\/\/revolutionpadelstore.com\/pt-pt\/#\/schema\/logo\/image\/","url":"https:\/\/revolutionpadelstore.com\/wp-content\/uploads\/2026\/02\/revolution-padel-store.jpg","contentUrl":"https:\/\/revolutionpadelstore.com\/wp-content\/uploads\/2026\/02\/revolution-padel-store.jpg","width":2000,"height":2000,"caption":"Revolution Padel Store"},"image":{"@id":"https:\/\/revolutionpadelstore.com\/pt-pt\/#\/schema\/logo\/image\/"},"sameAs":["https:\/\/www.instagram.com\/revolutionpadelstore\/"]}]}},"_links":{"self":[{"href":"https:\/\/revolutionpadelstore.com\/pt-pt\/wp-json\/wp\/v2\/product\/125440","targetHints":{"allow":["GET"]}}],"collection":[{"href":"https:\/\/revolutionpadelstore.com\/pt-pt\/wp-json\/wp\/v2\/product"}],"about":[{"href":"https:\/\/revolutionpadelstore.com\/pt-pt\/wp-json\/wp\/v2\/types\/product"}],"replies":[{"embeddable":true,"href":"https:\/\/revolutionpadelstore.com\/pt-pt\/wp-json\/wp\/v2\/comments?post=125440"}],"wp:featuredmedia":[{"embeddable":true,"href":"https:\/\/revolutionpadelstore.com\/pt-pt\/wp-json\/wp\/v2\/media\/125134"}],"wp:attachment":[{"href":"https:\/\/revolutionpadelstore.com\/pt-pt\/wp-json\/wp\/v2\/media?parent=125440"}],"wp:term":[{"taxonomy":"acabado","embeddable":true,"href":"https:\/\/revolutionpadelstore.com\/pt-pt\/wp-json\/wp\/v2\/acabado?post=125440"},{"taxonomy":"balance","embeddable":true,"href":"https:\/\/revolutionpadelstore.com\/pt-pt\/wp-json\/wp\/v2\/balance?post=125440"},{"taxonomy":"dureza","embeddable":true,"href":"https:\/\/revolutionpadelstore.com\/pt-pt\/wp-json\/wp\/v2\/dureza?post=125440"},{"taxonomy":"forma","embeddable":true,"href":"https:\/\/revolutionpadelstore.com\/pt-pt\/wp-json\/wp\/v2\/forma?post=125440"},{"taxonomy":"jugador","embeddable":true,"href":"https:\/\/revolutionpadelstore.com\/pt-pt\/wp-json\/wp\/v2\/jugador?post=125440"},{"taxonomy":"marca","embeddable":true,"href":"https:\/\/revolutionpadelstore.com\/pt-pt\/wp-json\/wp\/v2\/marca?post=125440"},{"taxonomy":"nivel-de-juego","embeddable":true,"href":"https:\/\/revolutionpadelstore.com\/pt-pt\/wp-json\/wp\/v2\/nivel-de-juego?post=125440"},{"taxonomy":"superficie","embeddable":true,"href":"https:\/\/revolutionpadelstore.com\/pt-pt\/wp-json\/wp\/v2\/superficie?post=125440"},{"taxonomy":"tipo-de-juego","embeddable":true,"href":"https:\/\/revolutionpadelstore.com\/pt-pt\/wp-json\/wp\/v2\/tipo-de-juego?post=125440"},{"taxonomy":"product_brand","embeddable":true,"href":"https:\/\/revolutionpadelstore.com\/pt-pt\/wp-json\/wp\/v2\/product_brand?post=125440"},{"taxonomy":"product_cat","embeddable":true,"href":"https:\/\/revolutionpadelstore.com\/pt-pt\/wp-json\/wp\/v2\/product_cat?post=125440"},{"taxonomy":"product_tag","embeddable":true,"href":"https:\/\/revolutionpadelstore.com\/pt-pt\/wp-json\/wp\/v2\/product_tag?post=125440"}],"curies":[{"name":"wp","href":"https:\/\/api.w.org\/{rel}","templated":true}]}}