{"id":125230,"date":"2024-11-23T12:02:11","date_gmt":"2024-11-23T11:02:11","guid":{"rendered":"https:\/\/revolutionpadelstore.com\/kombat-galeras-mujer\/"},"modified":"2026-04-01T06:51:33","modified_gmt":"2026-04-01T04:51:33","slug":"kombat-galeras-mujer-5","status":"publish","type":"product","link":"https:\/\/revolutionpadelstore.com\/pt-pt\/produto\/kombat-galeras-mujer-5\/","title":{"rendered":"KOMBAT GALERAS MUJER"},"content":{"rendered":"<p>&lt;Il<br \/>\nInspirado pela for\u00e7a do vulc\u00e3o Galeras, a Matinho da Galley Kombat \u00e9 projetada para oferecer extrema leveza, excelente gerenciamento e alto desempenho em cada golpe.<\/p>\n<p>Com uma forma lacrimal, equil\u00edbrio m\u00e9dio e um ponto doce centrado, esta p\u00e1 oferece um equil\u00edbrio perfeito entre controle e poder, tornando -a uma op\u00e7\u00e3o altamente equilibrada. O ponto doce m\u00e9dio garante uma excelente sa\u00edda de bola, enquanto o equil\u00edbrio intermedi\u00e1rio distribui o uniforme de peso, melhorando a capacidade de gerenciamento.<br \/>\n<H2> <strong> pala galeras, ideal para jogadores din\u00e2micos <\/strong> <\/h2>\n<p>O Kombat Galeras Shovel foi pensado para jogadores que procuram uma op\u00e7\u00e3o leve, f\u00e1ceis de manusear e equilibrados. \u00c9 perfeito para quem deseja uma resposta r\u00e1pida e golpes precisos.<\/p>\n<p>Este modelo \u00e9 ideal para jogadores t\u00e9cnicos que buscam o melhor desempenho em cada golpe. Seu acabamento dif\u00edcil nos planos permite aplicar efeitos \u00e0 bola com maior precis\u00e3o, o que permitir\u00e1 que voc\u00ea surpreenda seus rivais e fa\u00e7a uma variedade de golpes.<br \/>\n<H2> <strong> caracter\u00edsticas das galeras Kombat Shovel <\/strong> <\/h2>\n<p>-High Highdness Black EVA Nucleus, fornecendo um toque firme e um bom rebote<\/p>\n<p>-18k Planos de carbono, oferecendo uma sensa\u00e7\u00e3o de maior rigidez<\/p>\n<p> superf\u00edcie \u00e1spera nas faces, permitindo imprimir efeitos com maior precis\u00e3o<\/p>\n<p>-100% da estrutura tubular da fibra de carbono, garantindo maior resist\u00eancia e durabilidade<\/p>\n<p>-355 gramas de peso leve, que oferece gerenciamento e agilidade superiores.<br \/>\n<P> Tecnologia anti-vibra\u00e7\u00e3o para obter um acerto mais forte e mais est\u00e1vel<\/p>\n<p><H2> <strong> Obtenha o Kombat Galeras 2025 na Revolution Padel Store.<br \/>\nO Kombat Galeras \u00e9 uma p\u00e1 de l\u00e1grima com equil\u00edbrio m\u00e9dio para as mulheres, feita de carbono e um n\u00facleo de borracha r\u00edgido EVA. Ele garante golpes consistentes e um jogo explosivo e preciso, ideal para jogadores que buscam versatilidade e desempenho em todas as situa\u00e7\u00f5es de jogo.<\/p>\n<h2><strong>Kombat Galeras Mujer 2025, explosividad y precisi\u00f3n<\/strong><\/p>\n","protected":false},"excerpt":{"rendered":"<p>L\u00e1grimas e meia Kombat Galeras 2025, projetadas para fornecer precis\u00e3o e explosividade a jogadores exigentes. Com os planos de carbono Rufo 18k e o n\u00facleo Black Eva.<\/p>\n","protected":false},"featured_media":125201,"comment_status":"open","ping_status":"closed","template":"","meta":{"_acf_changed":false,"_joinchat":[]},"acabado":[1080,1085],"balance":[1140],"dureza":[1160],"forma":[1185],"jugador":[1195],"marca":[1705],"nivel-de-juego":[1335,1340],"superficie":[1360],"tipo-de-juego":[1385],"product_brand":[],"product_cat":[300],"product_tag":[],"class_list":{"0":"post-125230","1":"product","2":"type-product","3":"status-publish","4":"has-post-thumbnail","6":"acabado-brilho","7":"acabado-companheiro","8":"balance-medio-pt-pt","9":"dureza-dura-pt-pt","10":"forma-lagrima-pt-pt","11":"jugador-mulher","12":"marca-kombat-pt-pt","13":"superficie-rugosa-pt-pt","14":"tipo-de-juego-polivalente-pt-pt","15":"product_cat-palas","17":"first","18":"instock","19":"taxable","20":"shipping-taxable","21":"purchasable","22":"product-type-simple"},"acf":[],"yoast_head":"<!-- This site is optimized with the Yoast SEO plugin v27.3 - https:\/\/yoast.com\/product\/yoast-seo-wordpress\/ -->\n<title>KOMBAT GALERAS MUJER - Revolution Padel Store<\/title>\n<meta name=\"description\" content=\"Dise\u00f1ada para brindar una extrema ligereza, f\u00e1cil manejabilidad y alto rendimiento en cada golpe, la pala de p\u00e1del Galeras de Kombat est\u00e1 inspirada en la fuerza del volc\u00e1n Galeras. Presenta una forma de l\u00e1grima, un balance medio y punto dulce centrado, por lo que concede un equilibrio superior entre control y potencia. Se considera una pala muy equilibrada. Gracias al punto dulce medio se consigue una salida de bola sobresaliente, mientras que el balance intermedio distribuye el peso uniformemente para una mejor manejabilidad.\" \/>\n<meta name=\"robots\" content=\"index, follow, max-snippet:-1, max-image-preview:large, max-video-preview:-1\" \/>\n<link rel=\"canonical\" href=\"https:\/\/revolutionpadelstore.com\/pt-pt\/produto\/kombat-galeras-mujer-5\/\" \/>\n<meta property=\"og:locale\" content=\"pt_PT\" \/>\n<meta property=\"og:type\" content=\"article\" \/>\n<meta property=\"og:title\" content=\"KOMBAT GALERAS MUJER - Revolution Padel Store\" \/>\n<meta property=\"og:description\" content=\"Dise\u00f1ada para brindar una extrema ligereza, f\u00e1cil manejabilidad y alto rendimiento en cada golpe, la pala de p\u00e1del Galeras de Kombat est\u00e1 inspirada en la fuerza del volc\u00e1n Galeras. Presenta una forma de l\u00e1grima, un balance medio y punto dulce centrado, por lo que concede un equilibrio superior entre control y potencia. Se considera una pala muy equilibrada. Gracias al punto dulce medio se consigue una salida de bola sobresaliente, mientras que el balance intermedio distribuye el peso uniformemente para una mejor manejabilidad.\" \/>\n<meta property=\"og:url\" content=\"https:\/\/revolutionpadelstore.com\/pt-pt\/produto\/kombat-galeras-mujer-5\/\" \/>\n<meta property=\"og:site_name\" content=\"Revolution Padel Store\" \/>\n<meta property=\"article:modified_time\" content=\"2026-04-01T04:51:33+00:00\" \/>\n<meta property=\"og:image\" content=\"https:\/\/revolutionpadelstore.com\/wp-content\/uploads\/2024\/11\/115023_pala_kombat_galeras_1500x1500_1_19bf.webp\" \/>\n\t<meta property=\"og:image:width\" content=\"1500\" \/>\n\t<meta property=\"og:image:height\" content=\"1500\" \/>\n\t<meta property=\"og:image:type\" content=\"image\/webp\" \/>\n<meta name=\"twitter:card\" content=\"summary_large_image\" \/>\n<meta name=\"twitter:label1\" content=\"Tempo estimado de leitura\" \/>\n\t<meta name=\"twitter:data1\" content=\"2 minutos\" \/>\n<script type=\"application\/ld+json\" class=\"yoast-schema-graph\">{\"@context\":\"https:\\\/\\\/schema.org\",\"@graph\":[{\"@type\":\"WebPage\",\"@id\":\"https:\\\/\\\/revolutionpadelstore.com\\\/pt-pt\\\/produto\\\/kombat-galeras-mujer-5\\\/\",\"url\":\"https:\\\/\\\/revolutionpadelstore.com\\\/pt-pt\\\/produto\\\/kombat-galeras-mujer-5\\\/\",\"name\":\"KOMBAT GALERAS MUJER - Revolution Padel Store\",\"isPartOf\":{\"@id\":\"https:\\\/\\\/revolutionpadelstore.com\\\/pt-pt\\\/#website\"},\"primaryImageOfPage\":{\"@id\":\"https:\\\/\\\/revolutionpadelstore.com\\\/pt-pt\\\/produto\\\/kombat-galeras-mujer-5\\\/#primaryimage\"},\"image\":{\"@id\":\"https:\\\/\\\/revolutionpadelstore.com\\\/pt-pt\\\/produto\\\/kombat-galeras-mujer-5\\\/#primaryimage\"},\"thumbnailUrl\":\"https:\\\/\\\/revolutionpadelstore.com\\\/wp-content\\\/uploads\\\/2024\\\/11\\\/115023_pala_kombat_galeras_1500x1500_1_19bf.webp\",\"datePublished\":\"2024-11-23T11:02:11+00:00\",\"dateModified\":\"2026-04-01T04:51:33+00:00\",\"description\":\"Dise\u00f1ada para brindar una extrema ligereza, f\u00e1cil manejabilidad y alto rendimiento en cada golpe, la pala de p\u00e1del Galeras de Kombat est\u00e1 inspirada en la fuerza del volc\u00e1n Galeras. Presenta una forma de l\u00e1grima, un balance medio y punto dulce centrado, por lo que concede un equilibrio superior entre control y potencia. Se considera una pala muy equilibrada. Gracias al punto dulce medio se consigue una salida de bola sobresaliente, mientras que el balance intermedio distribuye el peso uniformemente para una mejor manejabilidad.\",\"breadcrumb\":{\"@id\":\"https:\\\/\\\/revolutionpadelstore.com\\\/pt-pt\\\/produto\\\/kombat-galeras-mujer-5\\\/#breadcrumb\"},\"inLanguage\":\"pt-PT\",\"potentialAction\":[{\"@type\":\"ReadAction\",\"target\":[\"https:\\\/\\\/revolutionpadelstore.com\\\/pt-pt\\\/produto\\\/kombat-galeras-mujer-5\\\/\"]}]},{\"@type\":\"ImageObject\",\"inLanguage\":\"pt-PT\",\"@id\":\"https:\\\/\\\/revolutionpadelstore.com\\\/pt-pt\\\/produto\\\/kombat-galeras-mujer-5\\\/#primaryimage\",\"url\":\"https:\\\/\\\/revolutionpadelstore.com\\\/wp-content\\\/uploads\\\/2024\\\/11\\\/115023_pala_kombat_galeras_1500x1500_1_19bf.webp\",\"contentUrl\":\"https:\\\/\\\/revolutionpadelstore.com\\\/wp-content\\\/uploads\\\/2024\\\/11\\\/115023_pala_kombat_galeras_1500x1500_1_19bf.webp\",\"width\":1500,\"height\":1500},{\"@type\":\"BreadcrumbList\",\"@id\":\"https:\\\/\\\/revolutionpadelstore.com\\\/pt-pt\\\/produto\\\/kombat-galeras-mujer-5\\\/#breadcrumb\",\"itemListElement\":[{\"@type\":\"ListItem\",\"position\":1,\"name\":\"Portada\",\"item\":\"https:\\\/\\\/revolutionpadelstore.com\\\/pt-pt\\\/\"},{\"@type\":\"ListItem\",\"position\":2,\"name\":\"Tienda\",\"item\":\"https:\\\/\\\/revolutionpadelstore.com\\\/pt-pt\\\/tienda\\\/\"},{\"@type\":\"ListItem\",\"position\":3,\"name\":\"KOMBAT GALERAS MUJER\"}]},{\"@type\":\"WebSite\",\"@id\":\"https:\\\/\\\/revolutionpadelstore.com\\\/pt-pt\\\/#website\",\"url\":\"https:\\\/\\\/revolutionpadelstore.com\\\/pt-pt\\\/\",\"name\":\"Revolution Padel Store\",\"description\":\"\",\"publisher\":{\"@id\":\"https:\\\/\\\/revolutionpadelstore.com\\\/pt-pt\\\/#organization\"},\"potentialAction\":[{\"@type\":\"SearchAction\",\"target\":{\"@type\":\"EntryPoint\",\"urlTemplate\":\"https:\\\/\\\/revolutionpadelstore.com\\\/pt-pt\\\/?s={search_term_string}\"},\"query-input\":{\"@type\":\"PropertyValueSpecification\",\"valueRequired\":true,\"valueName\":\"search_term_string\"}}],\"inLanguage\":\"pt-PT\"},{\"@type\":\"Organization\",\"@id\":\"https:\\\/\\\/revolutionpadelstore.com\\\/pt-pt\\\/#organization\",\"name\":\"Revolution Padel Store\",\"url\":\"https:\\\/\\\/revolutionpadelstore.com\\\/pt-pt\\\/\",\"logo\":{\"@type\":\"ImageObject\",\"inLanguage\":\"pt-PT\",\"@id\":\"https:\\\/\\\/revolutionpadelstore.com\\\/pt-pt\\\/#\\\/schema\\\/logo\\\/image\\\/\",\"url\":\"https:\\\/\\\/revolutionpadelstore.com\\\/wp-content\\\/uploads\\\/2026\\\/02\\\/revolution-padel-store.jpg\",\"contentUrl\":\"https:\\\/\\\/revolutionpadelstore.com\\\/wp-content\\\/uploads\\\/2026\\\/02\\\/revolution-padel-store.jpg\",\"width\":2000,\"height\":2000,\"caption\":\"Revolution Padel Store\"},\"image\":{\"@id\":\"https:\\\/\\\/revolutionpadelstore.com\\\/pt-pt\\\/#\\\/schema\\\/logo\\\/image\\\/\"},\"sameAs\":[\"https:\\\/\\\/www.instagram.com\\\/revolutionpadelstore\\\/\"]}]}<\/script>\n<!-- \/ Yoast SEO plugin. -->","yoast_head_json":{"title":"KOMBAT GALERAS MUJER - Revolution Padel Store","description":"Dise\u00f1ada para brindar una extrema ligereza, f\u00e1cil manejabilidad y alto rendimiento en cada golpe, la pala de p\u00e1del Galeras de Kombat est\u00e1 inspirada en la fuerza del volc\u00e1n Galeras. Presenta una forma de l\u00e1grima, un balance medio y punto dulce centrado, por lo que concede un equilibrio superior entre control y potencia. Se considera una pala muy equilibrada. Gracias al punto dulce medio se consigue una salida de bola sobresaliente, mientras que el balance intermedio distribuye el peso uniformemente para una mejor manejabilidad.","robots":{"index":"index","follow":"follow","max-snippet":"max-snippet:-1","max-image-preview":"max-image-preview:large","max-video-preview":"max-video-preview:-1"},"canonical":"https:\/\/revolutionpadelstore.com\/pt-pt\/produto\/kombat-galeras-mujer-5\/","og_locale":"pt_PT","og_type":"article","og_title":"KOMBAT GALERAS MUJER - Revolution Padel Store","og_description":"Dise\u00f1ada para brindar una extrema ligereza, f\u00e1cil manejabilidad y alto rendimiento en cada golpe, la pala de p\u00e1del Galeras de Kombat est\u00e1 inspirada en la fuerza del volc\u00e1n Galeras. Presenta una forma de l\u00e1grima, un balance medio y punto dulce centrado, por lo que concede un equilibrio superior entre control y potencia. Se considera una pala muy equilibrada. Gracias al punto dulce medio se consigue una salida de bola sobresaliente, mientras que el balance intermedio distribuye el peso uniformemente para una mejor manejabilidad.","og_url":"https:\/\/revolutionpadelstore.com\/pt-pt\/produto\/kombat-galeras-mujer-5\/","og_site_name":"Revolution Padel Store","article_modified_time":"2026-04-01T04:51:33+00:00","og_image":[{"width":1500,"height":1500,"url":"https:\/\/revolutionpadelstore.com\/wp-content\/uploads\/2024\/11\/115023_pala_kombat_galeras_1500x1500_1_19bf.webp","type":"image\/webp"}],"twitter_card":"summary_large_image","twitter_misc":{"Tempo estimado de leitura":"2 minutos"},"schema":{"@context":"https:\/\/schema.org","@graph":[{"@type":"WebPage","@id":"https:\/\/revolutionpadelstore.com\/pt-pt\/produto\/kombat-galeras-mujer-5\/","url":"https:\/\/revolutionpadelstore.com\/pt-pt\/produto\/kombat-galeras-mujer-5\/","name":"KOMBAT GALERAS MUJER - Revolution Padel Store","isPartOf":{"@id":"https:\/\/revolutionpadelstore.com\/pt-pt\/#website"},"primaryImageOfPage":{"@id":"https:\/\/revolutionpadelstore.com\/pt-pt\/produto\/kombat-galeras-mujer-5\/#primaryimage"},"image":{"@id":"https:\/\/revolutionpadelstore.com\/pt-pt\/produto\/kombat-galeras-mujer-5\/#primaryimage"},"thumbnailUrl":"https:\/\/revolutionpadelstore.com\/wp-content\/uploads\/2024\/11\/115023_pala_kombat_galeras_1500x1500_1_19bf.webp","datePublished":"2024-11-23T11:02:11+00:00","dateModified":"2026-04-01T04:51:33+00:00","description":"Dise\u00f1ada para brindar una extrema ligereza, f\u00e1cil manejabilidad y alto rendimiento en cada golpe, la pala de p\u00e1del Galeras de Kombat est\u00e1 inspirada en la fuerza del volc\u00e1n Galeras. Presenta una forma de l\u00e1grima, un balance medio y punto dulce centrado, por lo que concede un equilibrio superior entre control y potencia. Se considera una pala muy equilibrada. Gracias al punto dulce medio se consigue una salida de bola sobresaliente, mientras que el balance intermedio distribuye el peso uniformemente para una mejor manejabilidad.","breadcrumb":{"@id":"https:\/\/revolutionpadelstore.com\/pt-pt\/produto\/kombat-galeras-mujer-5\/#breadcrumb"},"inLanguage":"pt-PT","potentialAction":[{"@type":"ReadAction","target":["https:\/\/revolutionpadelstore.com\/pt-pt\/produto\/kombat-galeras-mujer-5\/"]}]},{"@type":"ImageObject","inLanguage":"pt-PT","@id":"https:\/\/revolutionpadelstore.com\/pt-pt\/produto\/kombat-galeras-mujer-5\/#primaryimage","url":"https:\/\/revolutionpadelstore.com\/wp-content\/uploads\/2024\/11\/115023_pala_kombat_galeras_1500x1500_1_19bf.webp","contentUrl":"https:\/\/revolutionpadelstore.com\/wp-content\/uploads\/2024\/11\/115023_pala_kombat_galeras_1500x1500_1_19bf.webp","width":1500,"height":1500},{"@type":"BreadcrumbList","@id":"https:\/\/revolutionpadelstore.com\/pt-pt\/produto\/kombat-galeras-mujer-5\/#breadcrumb","itemListElement":[{"@type":"ListItem","position":1,"name":"Portada","item":"https:\/\/revolutionpadelstore.com\/pt-pt\/"},{"@type":"ListItem","position":2,"name":"Tienda","item":"https:\/\/revolutionpadelstore.com\/pt-pt\/tienda\/"},{"@type":"ListItem","position":3,"name":"KOMBAT GALERAS MUJER"}]},{"@type":"WebSite","@id":"https:\/\/revolutionpadelstore.com\/pt-pt\/#website","url":"https:\/\/revolutionpadelstore.com\/pt-pt\/","name":"Revolution Padel Store","description":"","publisher":{"@id":"https:\/\/revolutionpadelstore.com\/pt-pt\/#organization"},"potentialAction":[{"@type":"SearchAction","target":{"@type":"EntryPoint","urlTemplate":"https:\/\/revolutionpadelstore.com\/pt-pt\/?s={search_term_string}"},"query-input":{"@type":"PropertyValueSpecification","valueRequired":true,"valueName":"search_term_string"}}],"inLanguage":"pt-PT"},{"@type":"Organization","@id":"https:\/\/revolutionpadelstore.com\/pt-pt\/#organization","name":"Revolution Padel Store","url":"https:\/\/revolutionpadelstore.com\/pt-pt\/","logo":{"@type":"ImageObject","inLanguage":"pt-PT","@id":"https:\/\/revolutionpadelstore.com\/pt-pt\/#\/schema\/logo\/image\/","url":"https:\/\/revolutionpadelstore.com\/wp-content\/uploads\/2026\/02\/revolution-padel-store.jpg","contentUrl":"https:\/\/revolutionpadelstore.com\/wp-content\/uploads\/2026\/02\/revolution-padel-store.jpg","width":2000,"height":2000,"caption":"Revolution Padel Store"},"image":{"@id":"https:\/\/revolutionpadelstore.com\/pt-pt\/#\/schema\/logo\/image\/"},"sameAs":["https:\/\/www.instagram.com\/revolutionpadelstore\/"]}]}},"_links":{"self":[{"href":"https:\/\/revolutionpadelstore.com\/pt-pt\/wp-json\/wp\/v2\/product\/125230","targetHints":{"allow":["GET"]}}],"collection":[{"href":"https:\/\/revolutionpadelstore.com\/pt-pt\/wp-json\/wp\/v2\/product"}],"about":[{"href":"https:\/\/revolutionpadelstore.com\/pt-pt\/wp-json\/wp\/v2\/types\/product"}],"replies":[{"embeddable":true,"href":"https:\/\/revolutionpadelstore.com\/pt-pt\/wp-json\/wp\/v2\/comments?post=125230"}],"wp:featuredmedia":[{"embeddable":true,"href":"https:\/\/revolutionpadelstore.com\/pt-pt\/wp-json\/wp\/v2\/media\/125201"}],"wp:attachment":[{"href":"https:\/\/revolutionpadelstore.com\/pt-pt\/wp-json\/wp\/v2\/media?parent=125230"}],"wp:term":[{"taxonomy":"acabado","embeddable":true,"href":"https:\/\/revolutionpadelstore.com\/pt-pt\/wp-json\/wp\/v2\/acabado?post=125230"},{"taxonomy":"balance","embeddable":true,"href":"https:\/\/revolutionpadelstore.com\/pt-pt\/wp-json\/wp\/v2\/balance?post=125230"},{"taxonomy":"dureza","embeddable":true,"href":"https:\/\/revolutionpadelstore.com\/pt-pt\/wp-json\/wp\/v2\/dureza?post=125230"},{"taxonomy":"forma","embeddable":true,"href":"https:\/\/revolutionpadelstore.com\/pt-pt\/wp-json\/wp\/v2\/forma?post=125230"},{"taxonomy":"jugador","embeddable":true,"href":"https:\/\/revolutionpadelstore.com\/pt-pt\/wp-json\/wp\/v2\/jugador?post=125230"},{"taxonomy":"marca","embeddable":true,"href":"https:\/\/revolutionpadelstore.com\/pt-pt\/wp-json\/wp\/v2\/marca?post=125230"},{"taxonomy":"nivel-de-juego","embeddable":true,"href":"https:\/\/revolutionpadelstore.com\/pt-pt\/wp-json\/wp\/v2\/nivel-de-juego?post=125230"},{"taxonomy":"superficie","embeddable":true,"href":"https:\/\/revolutionpadelstore.com\/pt-pt\/wp-json\/wp\/v2\/superficie?post=125230"},{"taxonomy":"tipo-de-juego","embeddable":true,"href":"https:\/\/revolutionpadelstore.com\/pt-pt\/wp-json\/wp\/v2\/tipo-de-juego?post=125230"},{"taxonomy":"product_brand","embeddable":true,"href":"https:\/\/revolutionpadelstore.com\/pt-pt\/wp-json\/wp\/v2\/product_brand?post=125230"},{"taxonomy":"product_cat","embeddable":true,"href":"https:\/\/revolutionpadelstore.com\/pt-pt\/wp-json\/wp\/v2\/product_cat?post=125230"},{"taxonomy":"product_tag","embeddable":true,"href":"https:\/\/revolutionpadelstore.com\/pt-pt\/wp-json\/wp\/v2\/product_tag?post=125230"}],"curies":[{"name":"wp","href":"https:\/\/api.w.org\/{rel}","templated":true}]}}