{"id":125194,"date":"2024-11-23T11:51:43","date_gmt":"2024-11-23T10:51:43","guid":{"rendered":"https:\/\/revolutionpadelstore.com\/kombat-krakatoa\/"},"modified":"2026-04-01T06:51:58","modified_gmt":"2026-04-01T04:51:58","slug":"kombat-krakatoa","status":"publish","type":"product","link":"https:\/\/revolutionpadelstore.com\/pt-pt\/produto\/kombat-krakatoa\/","title":{"rendered":"KOMBAT KRAKATOA"},"content":{"rendered":"<p><H2> Kombat Krakatoa, Round Padel Pala<br \/>\nO <strong> Kombat Krakatoa <\/strong> \u00e9 uma p\u00e1 de <strong> molde <\/strong> <strong> rodada <\/strong> que se destaca dentro da cole\u00e7\u00e3o Vulcano, inspirada no poder e na estabilidade do vulc\u00e3o Krakatoa. Projetado para fornecer controle absoluto em cada golpe, esta p\u00e1 combina precis\u00e3o e agilidade, oferecendo uma \u00e1rea doce perfeitamente centrada. Com um equil\u00edbrio orientado para a al\u00e7a, gra\u00e7as ao seu padr\u00e3o inovador de buracos, o Kombat Krakatoa fornece manuseio excepcionalmente confort\u00e1vel. Se voc\u00ea est\u00e1 procurando uma p\u00e1 que ofere\u00e7a precis\u00e3o em cada ponto e estabilidade no jogo, o Krakatoa foi projetado para voc\u00ea.<br \/>\n<H2> Kombat Krakatoa para jogadores de controle <\/h2>\n<p>O <strong> Kombat Krakatoa <\/strong> \u00e9 uma id\u00e9ia <strong> l para jogadores que valorizam o controle <\/strong> sobre o poder. Perfeito para aqueles que est\u00e3o come\u00e7ando na raquete ou para jogadores amadores que preferem uma abordagem t\u00e9cnica e precisa. A p\u00e1 oferece conforto incompar\u00e1vel, sem sacrificar o poder necess\u00e1rio nos momentos -chave do jogo. Gra\u00e7as ao seu n\u00facleo EVA preto de dureza m\u00e9dia, ele permite um equil\u00edbrio entre o toque suave e a resposta r\u00e1pida, proporcionando uma grande sensa\u00e7\u00e3o em cada golpe. Com um design vers\u00e1til, ele se adapta a novos jogadores e para aqueles que procuram aperfei\u00e7oar seu estilo.<br \/>\n<H2> Kombat Krakatoa e suas caracter\u00edsticas <\/h2>\n<p> forma: <strong> redonda <\/strong> com baixo balan\u00e7o<br \/>\n<P> <strong> -Nucole <\/strong>: Black <strong> Eva <\/strong> da dureza m\u00e9dia <\/strong><\/p>\n<p>-tubular: 100% de fibra de carbono<\/p>\n<p> plano: <strong> carbono 12k <\/strong> Rough<\/p>\n<p>-acabamento: brilho\/mate <\/p>\n<p><P>-Poder: 8\/10 <\/p>\n<p><P>-Control: 10\/10 <\/p>\n<p>-sa\u00edda de bola: 9\/10 <\/p>\n<p><H2> Kombat Krakatoa dispon\u00edvel na Revolu\u00e7\u00e3o Padel Store <\/h2>\n<p>N\u00e3o perca a oportunidade de levar seu jogo para o pr\u00f3ximo n\u00edvel com o <strong> Kombat Krakatoa <\/strong>. Seu design e controle superiores ajudar\u00e3o voc\u00ea a dominar cada ponto. Compre o seu agora e melhore sua precis\u00e3o na pista!<\/p>\n<h2>Kombat Krakatoa, pala de p\u00e1del redonda colecci\u00f3n 2025<\/h2>\n","protected":false},"excerpt":{"rendered":"<p>O Krakatoa Kombat oferece controle superior, gra\u00e7as ao seu design redondo e zona doce centrada, ideal para jogadores t\u00e9cnicos que priorizem a precis\u00e3o.<\/p>\n","protected":false},"featured_media":125165,"comment_status":"open","ping_status":"closed","template":"","meta":{"_acf_changed":false,"_joinchat":[]},"acabado":[1090],"balance":[1145],"dureza":[1155],"forma":[1180],"jugador":[1190,1200],"marca":[1705],"nivel-de-juego":[1335,1340],"superficie":[1360],"tipo-de-juego":[1370],"product_brand":[],"product_cat":[300],"product_tag":[],"class_list":{"0":"post-125194","1":"product","2":"type-product","3":"status-publish","4":"has-post-thumbnail","6":"acabado-alivio-3d","7":"balance-baixo","8":"dureza-media-pt-pt","9":"forma-rodada","10":"jugador-homem","11":"jugador-polivalente-pt-pt","12":"marca-kombat-pt-pt","13":"superficie-rugosa-pt-pt","14":"tipo-de-juego-controle","15":"product_cat-palas","17":"first","18":"instock","19":"taxable","20":"shipping-taxable","21":"purchasable","22":"product-type-simple"},"acf":[],"yoast_head":"<!-- This site is optimized with the Yoast SEO plugin v27.3 - https:\/\/yoast.com\/product\/yoast-seo-wordpress\/ -->\n<title>KOMBAT KRAKATOA - Revolution Padel Store<\/title>\n<meta name=\"description\" content=\"La Kombat Krakatoa es una pala de molde redondo que destaca dentro de la colecci\u00f3n Vulcano, inspirada en la potencia y estabilidad del volc\u00e1n Krakatoa. Dise\u00f1ada para proporcionar un control absoluto en cada golpe, esta pala combina precisi\u00f3n y agilidad, ofreciendo una zona dulce perfectamente centrada. Con un balance orientado hacia la empu\u00f1adura, gracias a su innovador patr\u00f3n de agujeros, la Kombat Krakatoa proporciona un manejo excepcionalmente c\u00f3modo. Si buscas una pala que ofrezca precisi\u00f3n en cada punto y estabilidad en el juego, la Krakatoa est\u00e1 pensada para ti.\" \/>\n<meta name=\"robots\" content=\"index, follow, max-snippet:-1, max-image-preview:large, max-video-preview:-1\" \/>\n<link rel=\"canonical\" href=\"https:\/\/revolutionpadelstore.com\/pt-pt\/produto\/kombat-krakatoa\/\" \/>\n<meta property=\"og:locale\" content=\"pt_PT\" \/>\n<meta property=\"og:type\" content=\"article\" \/>\n<meta property=\"og:title\" content=\"KOMBAT KRAKATOA - Revolution Padel Store\" \/>\n<meta property=\"og:description\" content=\"La Kombat Krakatoa es una pala de molde redondo que destaca dentro de la colecci\u00f3n Vulcano, inspirada en la potencia y estabilidad del volc\u00e1n Krakatoa. Dise\u00f1ada para proporcionar un control absoluto en cada golpe, esta pala combina precisi\u00f3n y agilidad, ofreciendo una zona dulce perfectamente centrada. Con un balance orientado hacia la empu\u00f1adura, gracias a su innovador patr\u00f3n de agujeros, la Kombat Krakatoa proporciona un manejo excepcionalmente c\u00f3modo. Si buscas una pala que ofrezca precisi\u00f3n en cada punto y estabilidad en el juego, la Krakatoa est\u00e1 pensada para ti.\" \/>\n<meta property=\"og:url\" content=\"https:\/\/revolutionpadelstore.com\/pt-pt\/produto\/kombat-krakatoa\/\" \/>\n<meta property=\"og:site_name\" content=\"Revolution Padel Store\" \/>\n<meta property=\"article:modified_time\" content=\"2026-04-01T04:51:58+00:00\" \/>\n<meta property=\"og:image\" content=\"https:\/\/revolutionpadelstore.com\/wp-content\/uploads\/2024\/11\/115024_pala_kombat_krakatoa_1500x1500_1_7937.webp\" \/>\n\t<meta property=\"og:image:width\" content=\"1500\" \/>\n\t<meta property=\"og:image:height\" content=\"1500\" \/>\n\t<meta property=\"og:image:type\" content=\"image\/webp\" \/>\n<meta name=\"twitter:card\" content=\"summary_large_image\" \/>\n<meta name=\"twitter:label1\" content=\"Tempo estimado de leitura\" \/>\n\t<meta name=\"twitter:data1\" content=\"2 minutos\" \/>\n<script type=\"application\/ld+json\" class=\"yoast-schema-graph\">{\"@context\":\"https:\\\/\\\/schema.org\",\"@graph\":[{\"@type\":\"WebPage\",\"@id\":\"https:\\\/\\\/revolutionpadelstore.com\\\/pt-pt\\\/produto\\\/kombat-krakatoa\\\/\",\"url\":\"https:\\\/\\\/revolutionpadelstore.com\\\/pt-pt\\\/produto\\\/kombat-krakatoa\\\/\",\"name\":\"KOMBAT KRAKATOA - Revolution Padel Store\",\"isPartOf\":{\"@id\":\"https:\\\/\\\/revolutionpadelstore.com\\\/pt-pt\\\/#website\"},\"primaryImageOfPage\":{\"@id\":\"https:\\\/\\\/revolutionpadelstore.com\\\/pt-pt\\\/produto\\\/kombat-krakatoa\\\/#primaryimage\"},\"image\":{\"@id\":\"https:\\\/\\\/revolutionpadelstore.com\\\/pt-pt\\\/produto\\\/kombat-krakatoa\\\/#primaryimage\"},\"thumbnailUrl\":\"https:\\\/\\\/revolutionpadelstore.com\\\/wp-content\\\/uploads\\\/2024\\\/11\\\/115024_pala_kombat_krakatoa_1500x1500_1_7937.webp\",\"datePublished\":\"2024-11-23T10:51:43+00:00\",\"dateModified\":\"2026-04-01T04:51:58+00:00\",\"description\":\"La Kombat Krakatoa es una pala de molde redondo que destaca dentro de la colecci\u00f3n Vulcano, inspirada en la potencia y estabilidad del volc\u00e1n Krakatoa. Dise\u00f1ada para proporcionar un control absoluto en cada golpe, esta pala combina precisi\u00f3n y agilidad, ofreciendo una zona dulce perfectamente centrada. Con un balance orientado hacia la empu\u00f1adura, gracias a su innovador patr\u00f3n de agujeros, la Kombat Krakatoa proporciona un manejo excepcionalmente c\u00f3modo. Si buscas una pala que ofrezca precisi\u00f3n en cada punto y estabilidad en el juego, la Krakatoa est\u00e1 pensada para ti.\",\"breadcrumb\":{\"@id\":\"https:\\\/\\\/revolutionpadelstore.com\\\/pt-pt\\\/produto\\\/kombat-krakatoa\\\/#breadcrumb\"},\"inLanguage\":\"pt-PT\",\"potentialAction\":[{\"@type\":\"ReadAction\",\"target\":[\"https:\\\/\\\/revolutionpadelstore.com\\\/pt-pt\\\/produto\\\/kombat-krakatoa\\\/\"]}]},{\"@type\":\"ImageObject\",\"inLanguage\":\"pt-PT\",\"@id\":\"https:\\\/\\\/revolutionpadelstore.com\\\/pt-pt\\\/produto\\\/kombat-krakatoa\\\/#primaryimage\",\"url\":\"https:\\\/\\\/revolutionpadelstore.com\\\/wp-content\\\/uploads\\\/2024\\\/11\\\/115024_pala_kombat_krakatoa_1500x1500_1_7937.webp\",\"contentUrl\":\"https:\\\/\\\/revolutionpadelstore.com\\\/wp-content\\\/uploads\\\/2024\\\/11\\\/115024_pala_kombat_krakatoa_1500x1500_1_7937.webp\",\"width\":1500,\"height\":1500},{\"@type\":\"BreadcrumbList\",\"@id\":\"https:\\\/\\\/revolutionpadelstore.com\\\/pt-pt\\\/produto\\\/kombat-krakatoa\\\/#breadcrumb\",\"itemListElement\":[{\"@type\":\"ListItem\",\"position\":1,\"name\":\"Portada\",\"item\":\"https:\\\/\\\/revolutionpadelstore.com\\\/pt-pt\\\/\"},{\"@type\":\"ListItem\",\"position\":2,\"name\":\"Tienda\",\"item\":\"https:\\\/\\\/revolutionpadelstore.com\\\/pt-pt\\\/tienda\\\/\"},{\"@type\":\"ListItem\",\"position\":3,\"name\":\"KOMBAT KRAKATOA\"}]},{\"@type\":\"WebSite\",\"@id\":\"https:\\\/\\\/revolutionpadelstore.com\\\/pt-pt\\\/#website\",\"url\":\"https:\\\/\\\/revolutionpadelstore.com\\\/pt-pt\\\/\",\"name\":\"Revolution Padel Store\",\"description\":\"\",\"publisher\":{\"@id\":\"https:\\\/\\\/revolutionpadelstore.com\\\/pt-pt\\\/#organization\"},\"potentialAction\":[{\"@type\":\"SearchAction\",\"target\":{\"@type\":\"EntryPoint\",\"urlTemplate\":\"https:\\\/\\\/revolutionpadelstore.com\\\/pt-pt\\\/?s={search_term_string}\"},\"query-input\":{\"@type\":\"PropertyValueSpecification\",\"valueRequired\":true,\"valueName\":\"search_term_string\"}}],\"inLanguage\":\"pt-PT\"},{\"@type\":\"Organization\",\"@id\":\"https:\\\/\\\/revolutionpadelstore.com\\\/pt-pt\\\/#organization\",\"name\":\"Revolution Padel Store\",\"url\":\"https:\\\/\\\/revolutionpadelstore.com\\\/pt-pt\\\/\",\"logo\":{\"@type\":\"ImageObject\",\"inLanguage\":\"pt-PT\",\"@id\":\"https:\\\/\\\/revolutionpadelstore.com\\\/pt-pt\\\/#\\\/schema\\\/logo\\\/image\\\/\",\"url\":\"https:\\\/\\\/revolutionpadelstore.com\\\/wp-content\\\/uploads\\\/2026\\\/02\\\/revolution-padel-store.jpg\",\"contentUrl\":\"https:\\\/\\\/revolutionpadelstore.com\\\/wp-content\\\/uploads\\\/2026\\\/02\\\/revolution-padel-store.jpg\",\"width\":2000,\"height\":2000,\"caption\":\"Revolution Padel Store\"},\"image\":{\"@id\":\"https:\\\/\\\/revolutionpadelstore.com\\\/pt-pt\\\/#\\\/schema\\\/logo\\\/image\\\/\"},\"sameAs\":[\"https:\\\/\\\/www.instagram.com\\\/revolutionpadelstore\\\/\"]}]}<\/script>\n<!-- \/ Yoast SEO plugin. -->","yoast_head_json":{"title":"KOMBAT KRAKATOA - Revolution Padel Store","description":"La Kombat Krakatoa es una pala de molde redondo que destaca dentro de la colecci\u00f3n Vulcano, inspirada en la potencia y estabilidad del volc\u00e1n Krakatoa. Dise\u00f1ada para proporcionar un control absoluto en cada golpe, esta pala combina precisi\u00f3n y agilidad, ofreciendo una zona dulce perfectamente centrada. Con un balance orientado hacia la empu\u00f1adura, gracias a su innovador patr\u00f3n de agujeros, la Kombat Krakatoa proporciona un manejo excepcionalmente c\u00f3modo. Si buscas una pala que ofrezca precisi\u00f3n en cada punto y estabilidad en el juego, la Krakatoa est\u00e1 pensada para ti.","robots":{"index":"index","follow":"follow","max-snippet":"max-snippet:-1","max-image-preview":"max-image-preview:large","max-video-preview":"max-video-preview:-1"},"canonical":"https:\/\/revolutionpadelstore.com\/pt-pt\/produto\/kombat-krakatoa\/","og_locale":"pt_PT","og_type":"article","og_title":"KOMBAT KRAKATOA - Revolution Padel Store","og_description":"La Kombat Krakatoa es una pala de molde redondo que destaca dentro de la colecci\u00f3n Vulcano, inspirada en la potencia y estabilidad del volc\u00e1n Krakatoa. Dise\u00f1ada para proporcionar un control absoluto en cada golpe, esta pala combina precisi\u00f3n y agilidad, ofreciendo una zona dulce perfectamente centrada. Con un balance orientado hacia la empu\u00f1adura, gracias a su innovador patr\u00f3n de agujeros, la Kombat Krakatoa proporciona un manejo excepcionalmente c\u00f3modo. Si buscas una pala que ofrezca precisi\u00f3n en cada punto y estabilidad en el juego, la Krakatoa est\u00e1 pensada para ti.","og_url":"https:\/\/revolutionpadelstore.com\/pt-pt\/produto\/kombat-krakatoa\/","og_site_name":"Revolution Padel Store","article_modified_time":"2026-04-01T04:51:58+00:00","og_image":[{"width":1500,"height":1500,"url":"https:\/\/revolutionpadelstore.com\/wp-content\/uploads\/2024\/11\/115024_pala_kombat_krakatoa_1500x1500_1_7937.webp","type":"image\/webp"}],"twitter_card":"summary_large_image","twitter_misc":{"Tempo estimado de leitura":"2 minutos"},"schema":{"@context":"https:\/\/schema.org","@graph":[{"@type":"WebPage","@id":"https:\/\/revolutionpadelstore.com\/pt-pt\/produto\/kombat-krakatoa\/","url":"https:\/\/revolutionpadelstore.com\/pt-pt\/produto\/kombat-krakatoa\/","name":"KOMBAT KRAKATOA - Revolution Padel Store","isPartOf":{"@id":"https:\/\/revolutionpadelstore.com\/pt-pt\/#website"},"primaryImageOfPage":{"@id":"https:\/\/revolutionpadelstore.com\/pt-pt\/produto\/kombat-krakatoa\/#primaryimage"},"image":{"@id":"https:\/\/revolutionpadelstore.com\/pt-pt\/produto\/kombat-krakatoa\/#primaryimage"},"thumbnailUrl":"https:\/\/revolutionpadelstore.com\/wp-content\/uploads\/2024\/11\/115024_pala_kombat_krakatoa_1500x1500_1_7937.webp","datePublished":"2024-11-23T10:51:43+00:00","dateModified":"2026-04-01T04:51:58+00:00","description":"La Kombat Krakatoa es una pala de molde redondo que destaca dentro de la colecci\u00f3n Vulcano, inspirada en la potencia y estabilidad del volc\u00e1n Krakatoa. Dise\u00f1ada para proporcionar un control absoluto en cada golpe, esta pala combina precisi\u00f3n y agilidad, ofreciendo una zona dulce perfectamente centrada. Con un balance orientado hacia la empu\u00f1adura, gracias a su innovador patr\u00f3n de agujeros, la Kombat Krakatoa proporciona un manejo excepcionalmente c\u00f3modo. Si buscas una pala que ofrezca precisi\u00f3n en cada punto y estabilidad en el juego, la Krakatoa est\u00e1 pensada para ti.","breadcrumb":{"@id":"https:\/\/revolutionpadelstore.com\/pt-pt\/produto\/kombat-krakatoa\/#breadcrumb"},"inLanguage":"pt-PT","potentialAction":[{"@type":"ReadAction","target":["https:\/\/revolutionpadelstore.com\/pt-pt\/produto\/kombat-krakatoa\/"]}]},{"@type":"ImageObject","inLanguage":"pt-PT","@id":"https:\/\/revolutionpadelstore.com\/pt-pt\/produto\/kombat-krakatoa\/#primaryimage","url":"https:\/\/revolutionpadelstore.com\/wp-content\/uploads\/2024\/11\/115024_pala_kombat_krakatoa_1500x1500_1_7937.webp","contentUrl":"https:\/\/revolutionpadelstore.com\/wp-content\/uploads\/2024\/11\/115024_pala_kombat_krakatoa_1500x1500_1_7937.webp","width":1500,"height":1500},{"@type":"BreadcrumbList","@id":"https:\/\/revolutionpadelstore.com\/pt-pt\/produto\/kombat-krakatoa\/#breadcrumb","itemListElement":[{"@type":"ListItem","position":1,"name":"Portada","item":"https:\/\/revolutionpadelstore.com\/pt-pt\/"},{"@type":"ListItem","position":2,"name":"Tienda","item":"https:\/\/revolutionpadelstore.com\/pt-pt\/tienda\/"},{"@type":"ListItem","position":3,"name":"KOMBAT KRAKATOA"}]},{"@type":"WebSite","@id":"https:\/\/revolutionpadelstore.com\/pt-pt\/#website","url":"https:\/\/revolutionpadelstore.com\/pt-pt\/","name":"Revolution Padel Store","description":"","publisher":{"@id":"https:\/\/revolutionpadelstore.com\/pt-pt\/#organization"},"potentialAction":[{"@type":"SearchAction","target":{"@type":"EntryPoint","urlTemplate":"https:\/\/revolutionpadelstore.com\/pt-pt\/?s={search_term_string}"},"query-input":{"@type":"PropertyValueSpecification","valueRequired":true,"valueName":"search_term_string"}}],"inLanguage":"pt-PT"},{"@type":"Organization","@id":"https:\/\/revolutionpadelstore.com\/pt-pt\/#organization","name":"Revolution Padel Store","url":"https:\/\/revolutionpadelstore.com\/pt-pt\/","logo":{"@type":"ImageObject","inLanguage":"pt-PT","@id":"https:\/\/revolutionpadelstore.com\/pt-pt\/#\/schema\/logo\/image\/","url":"https:\/\/revolutionpadelstore.com\/wp-content\/uploads\/2026\/02\/revolution-padel-store.jpg","contentUrl":"https:\/\/revolutionpadelstore.com\/wp-content\/uploads\/2026\/02\/revolution-padel-store.jpg","width":2000,"height":2000,"caption":"Revolution Padel Store"},"image":{"@id":"https:\/\/revolutionpadelstore.com\/pt-pt\/#\/schema\/logo\/image\/"},"sameAs":["https:\/\/www.instagram.com\/revolutionpadelstore\/"]}]}},"_links":{"self":[{"href":"https:\/\/revolutionpadelstore.com\/pt-pt\/wp-json\/wp\/v2\/product\/125194","targetHints":{"allow":["GET"]}}],"collection":[{"href":"https:\/\/revolutionpadelstore.com\/pt-pt\/wp-json\/wp\/v2\/product"}],"about":[{"href":"https:\/\/revolutionpadelstore.com\/pt-pt\/wp-json\/wp\/v2\/types\/product"}],"replies":[{"embeddable":true,"href":"https:\/\/revolutionpadelstore.com\/pt-pt\/wp-json\/wp\/v2\/comments?post=125194"}],"wp:featuredmedia":[{"embeddable":true,"href":"https:\/\/revolutionpadelstore.com\/pt-pt\/wp-json\/wp\/v2\/media\/125165"}],"wp:attachment":[{"href":"https:\/\/revolutionpadelstore.com\/pt-pt\/wp-json\/wp\/v2\/media?parent=125194"}],"wp:term":[{"taxonomy":"acabado","embeddable":true,"href":"https:\/\/revolutionpadelstore.com\/pt-pt\/wp-json\/wp\/v2\/acabado?post=125194"},{"taxonomy":"balance","embeddable":true,"href":"https:\/\/revolutionpadelstore.com\/pt-pt\/wp-json\/wp\/v2\/balance?post=125194"},{"taxonomy":"dureza","embeddable":true,"href":"https:\/\/revolutionpadelstore.com\/pt-pt\/wp-json\/wp\/v2\/dureza?post=125194"},{"taxonomy":"forma","embeddable":true,"href":"https:\/\/revolutionpadelstore.com\/pt-pt\/wp-json\/wp\/v2\/forma?post=125194"},{"taxonomy":"jugador","embeddable":true,"href":"https:\/\/revolutionpadelstore.com\/pt-pt\/wp-json\/wp\/v2\/jugador?post=125194"},{"taxonomy":"marca","embeddable":true,"href":"https:\/\/revolutionpadelstore.com\/pt-pt\/wp-json\/wp\/v2\/marca?post=125194"},{"taxonomy":"nivel-de-juego","embeddable":true,"href":"https:\/\/revolutionpadelstore.com\/pt-pt\/wp-json\/wp\/v2\/nivel-de-juego?post=125194"},{"taxonomy":"superficie","embeddable":true,"href":"https:\/\/revolutionpadelstore.com\/pt-pt\/wp-json\/wp\/v2\/superficie?post=125194"},{"taxonomy":"tipo-de-juego","embeddable":true,"href":"https:\/\/revolutionpadelstore.com\/pt-pt\/wp-json\/wp\/v2\/tipo-de-juego?post=125194"},{"taxonomy":"product_brand","embeddable":true,"href":"https:\/\/revolutionpadelstore.com\/pt-pt\/wp-json\/wp\/v2\/product_brand?post=125194"},{"taxonomy":"product_cat","embeddable":true,"href":"https:\/\/revolutionpadelstore.com\/pt-pt\/wp-json\/wp\/v2\/product_cat?post=125194"},{"taxonomy":"product_tag","embeddable":true,"href":"https:\/\/revolutionpadelstore.com\/pt-pt\/wp-json\/wp\/v2\/product_tag?post=125194"}],"curies":[{"name":"wp","href":"https:\/\/api.w.org\/{rel}","templated":true}]}}