{"id":12062,"date":"2024-02-29T15:14:09","date_gmt":"2024-02-29T14:14:09","guid":{"rendered":"https:\/\/revolutionpadelstore.com\/adidas-adipower-multiweight-3-3\/"},"modified":"2026-04-08T16:15:15","modified_gmt":"2026-04-08T14:15:15","slug":"adidas-adipower-multiweight-3-3","status":"publish","type":"product","link":"https:\/\/revolutionpadelstore.com\/pt-pt\/produto\/adidas-adipower-multiweight-3-3\/","title":{"rendered":"ADIDAS ADIPOWER MULTIWEIGHT 3.3"},"content":{"rendered":"<h2>Adidas Adipower Multiweight 3.3, mais velocidade e controle<\/h2>\n<p>Projetado para jogadores de padel de alto n\u00edvel que praticam o esporte com frequ\u00eancia e intensidade, o <strong>Adidas Adipower Multiweight 3.3<\/strong> proporciona um controle magn\u00edfico em movimentos r\u00e1pidos.<\/p>\n<p>Tem formato redondo, seu equil\u00edbrio \u00e9 baixo e o ponto ideal \u00e9 centralizado, sendo ideal se voc\u00ea busca melhorar a sensa\u00e7\u00e3o de controle e facilidade de manuseio.<\/p>\n<p>Devido ao sistema de peso localizado no trilho de borda <strong>Weight &amp; Balance System Multiweight<\/strong>, esta raquete tem a particularidade de poder modificar seu peso, somando at\u00e9 9 gramas distribu\u00eddos em 7 parafusos, para adaptar o equil\u00edbrio \u00e0s necessidades do momento.<\/p>\n<h3>Resist\u00eancia otimizada<\/h3>\n<p>Quanto aos materiais, a estrutura \u00e9 feita de fibra de carbono, enquanto filamentos de fibra de carbono 18K entrela\u00e7ados foram utilizados nas faces. Este material garante grande durabilidade, rigidez e resist\u00eancia.<\/p>\n<p>Por outro lado, no n\u00facleo encontramos borracha de alta densidade <strong>EVA High Memory<\/strong>, uma espuma que se destaca por proporcionar pot\u00eancia suprema nos golpes mais r\u00e1pidos.<\/p>\n<h3>Golpes cheios de spin<\/h3>\n<p>Da mesma forma, possui uma nervura interna de carbono no quadro denominada <strong>Power Embossed Ridge<\/strong>, que \u00e9 respons\u00e1vel por aumentar a rigidez da estrutura. Gra\u00e7as ao <strong>Exoesqueleto Duplo<\/strong> a estrutura e o cora\u00e7\u00e3o da raquete s\u00e3o refor\u00e7ados para que o jogador exer\u00e7a mais for\u00e7a em cada golpe.<\/p>\n<p>Da mesma forma, para melhorar a durabilidade inclui o <strong>Refor\u00e7o Estrutural<\/strong>, que consiste em refor\u00e7os perimetrais que resistem a altas tor\u00e7\u00f5es.<\/p>\n<p>E com a inten\u00e7\u00e3o de que o jogador consiga acertar a bola com muito mais giro e poder surpreender seus advers\u00e1rios com mais facilidade, incorpora o relevo <strong>Spin Blade Decal<\/strong> e a <strong>Smart Holes Curve<\/strong>, um arranjo de furos projetado para facilitar o uso de efeitos.<\/p>\n<h2>Adidas Adipower Multiweight 3.3, m\u00e1s velocidad y control<\/h2>\n","protected":false},"excerpt":{"rendered":"<p>Adidas Adipower Multiweight 3.3: Pot\u00eancia e controle em cada golpe. Com sistema Weight &amp; Balance ajust\u00e1vel, esta raquete de alto desempenho oferece \u00f3tima resist\u00eancia e golpes cheios de spin. Projetado para jogadores avan\u00e7ados em competi\u00e7\u00e3o.<\/p>\n","protected":false},"featured_media":62110,"comment_status":"open","ping_status":"closed","template":"","meta":{"_acf_changed":false,"_joinchat":[]},"acabado":[1085],"balance":[1135],"dureza":[1155],"forma":[1170],"jugador":[1190,1200],"marca":[1230],"nivel-de-juego":[1335],"superficie":[1360],"tipo-de-juego":[1370],"product_brand":[],"product_cat":[300],"product_tag":[],"class_list":{"0":"post-12062","1":"product","2":"type-product","3":"status-publish","4":"has-post-thumbnail","6":"acabado-companheiro","7":"balance-alto-pt-pt","8":"dureza-media-pt-pt","9":"forma-diamante-pt-pt","10":"jugador-homem","11":"jugador-polivalente-pt-pt","12":"marca-adidas-pt-pt","13":"superficie-rugosa-pt-pt","14":"tipo-de-juego-controle","15":"product_cat-palas","17":"first","18":"instock","19":"sale","20":"taxable","21":"shipping-taxable","22":"purchasable","23":"product-type-simple"},"acf":[],"yoast_head":"<!-- This site is optimized with the Yoast SEO plugin v27.4 - https:\/\/yoast.com\/product\/yoast-seo-wordpress\/ -->\n<title>ADIDAS ADIPOWER MULTIWEIGHT 3.3 - Revolution Padel Store<\/title>\n<meta name=\"description\" content=\"Adidas Adipower Multiweight 3.3: Potencia y control en cada golpe. Con sistema Weight &amp; Balance ajustable, esta pala de alto rendimiento ofrece resistencia \u00f3ptima y golpes llenos de efecto. Dise\u00f1ada para jugadores avanzados en competici\u00f3n.\" \/>\n<meta name=\"robots\" content=\"index, follow, max-snippet:-1, max-image-preview:large, max-video-preview:-1\" \/>\n<link rel=\"canonical\" href=\"https:\/\/revolutionpadelstore.com\/pt-pt\/produto\/adidas-adipower-multiweight-3-3\/\" \/>\n<meta property=\"og:locale\" content=\"pt_PT\" \/>\n<meta property=\"og:type\" content=\"article\" \/>\n<meta property=\"og:title\" content=\"Adidas Adipower Multiweight 3.3\" \/>\n<meta property=\"og:description\" content=\"Adidas Adipower Multiweight 3.3: Potencia y control en cada golpe. Con sistema Weight &amp; Balance ajustable, esta pala de alto rendimiento ofrece resistencia \u00f3ptima y golpes llenos de efecto. Dise\u00f1ada para jugadores avanzados en competici\u00f3n.\" \/>\n<meta property=\"og:url\" content=\"https:\/\/revolutionpadelstore.com\/pt-pt\/produto\/adidas-adipower-multiweight-3-3\/\" \/>\n<meta property=\"og:site_name\" content=\"Revolution Padel Store\" \/>\n<meta property=\"article:modified_time\" content=\"2026-04-08T14:15:15+00:00\" \/>\n<meta property=\"og:image\" content=\"https:\/\/revolutionpadelstore.com\/wp-content\/uploads\/2024\/02\/110129_padel_webs_padel_y_grupo_pala_adidas_adipower_multiweight_3_3_adrk1aa2u0_835a-4.webp\" \/>\n\t<meta property=\"og:image:width\" content=\"1500\" \/>\n\t<meta property=\"og:image:height\" content=\"1500\" \/>\n\t<meta property=\"og:image:type\" content=\"image\/webp\" \/>\n<meta name=\"twitter:card\" content=\"summary_large_image\" \/>\n<meta name=\"twitter:label1\" content=\"Tempo estimado de leitura\" \/>\n\t<meta name=\"twitter:data1\" content=\"2 minutos\" \/>\n<script type=\"application\/ld+json\" class=\"yoast-schema-graph\">{\"@context\":\"https:\\\/\\\/schema.org\",\"@graph\":[{\"@type\":\"WebPage\",\"@id\":\"https:\\\/\\\/revolutionpadelstore.com\\\/pt-pt\\\/produto\\\/adidas-adipower-multiweight-3-3\\\/\",\"url\":\"https:\\\/\\\/revolutionpadelstore.com\\\/pt-pt\\\/produto\\\/adidas-adipower-multiweight-3-3\\\/\",\"name\":\"ADIDAS ADIPOWER MULTIWEIGHT 3.3 - Revolution Padel Store\",\"isPartOf\":{\"@id\":\"https:\\\/\\\/revolutionpadelstore.com\\\/pt-pt\\\/#website\"},\"primaryImageOfPage\":{\"@id\":\"https:\\\/\\\/revolutionpadelstore.com\\\/pt-pt\\\/produto\\\/adidas-adipower-multiweight-3-3\\\/#primaryimage\"},\"image\":{\"@id\":\"https:\\\/\\\/revolutionpadelstore.com\\\/pt-pt\\\/produto\\\/adidas-adipower-multiweight-3-3\\\/#primaryimage\"},\"thumbnailUrl\":\"https:\\\/\\\/revolutionpadelstore.com\\\/wp-content\\\/uploads\\\/2024\\\/02\\\/110129_padel_webs_padel_y_grupo_pala_adidas_adipower_multiweight_3_3_adrk1aa2u0_835a-1.webp\",\"datePublished\":\"2024-02-29T14:14:09+00:00\",\"dateModified\":\"2026-04-08T14:15:15+00:00\",\"description\":\"Adidas Adipower Multiweight 3.3: Potencia y control en cada golpe. Con sistema Weight & Balance ajustable, esta pala de alto rendimiento ofrece resistencia \u00f3ptima y golpes llenos de efecto. Dise\u00f1ada para jugadores avanzados en competici\u00f3n.\",\"breadcrumb\":{\"@id\":\"https:\\\/\\\/revolutionpadelstore.com\\\/pt-pt\\\/produto\\\/adidas-adipower-multiweight-3-3\\\/#breadcrumb\"},\"inLanguage\":\"pt-PT\",\"potentialAction\":[{\"@type\":\"ReadAction\",\"target\":[\"https:\\\/\\\/revolutionpadelstore.com\\\/pt-pt\\\/produto\\\/adidas-adipower-multiweight-3-3\\\/\"]}]},{\"@type\":\"ImageObject\",\"inLanguage\":\"pt-PT\",\"@id\":\"https:\\\/\\\/revolutionpadelstore.com\\\/pt-pt\\\/produto\\\/adidas-adipower-multiweight-3-3\\\/#primaryimage\",\"url\":\"https:\\\/\\\/revolutionpadelstore.com\\\/wp-content\\\/uploads\\\/2024\\\/02\\\/110129_padel_webs_padel_y_grupo_pala_adidas_adipower_multiweight_3_3_adrk1aa2u0_835a-1.webp\",\"contentUrl\":\"https:\\\/\\\/revolutionpadelstore.com\\\/wp-content\\\/uploads\\\/2024\\\/02\\\/110129_padel_webs_padel_y_grupo_pala_adidas_adipower_multiweight_3_3_adrk1aa2u0_835a-1.webp\",\"width\":1500,\"height\":1500},{\"@type\":\"BreadcrumbList\",\"@id\":\"https:\\\/\\\/revolutionpadelstore.com\\\/pt-pt\\\/produto\\\/adidas-adipower-multiweight-3-3\\\/#breadcrumb\",\"itemListElement\":[{\"@type\":\"ListItem\",\"position\":1,\"name\":\"Portada\",\"item\":\"https:\\\/\\\/revolutionpadelstore.com\\\/pt-pt\\\/\"},{\"@type\":\"ListItem\",\"position\":2,\"name\":\"Tienda\",\"item\":\"https:\\\/\\\/revolutionpadelstore.com\\\/pt-pt\\\/tienda\\\/\"},{\"@type\":\"ListItem\",\"position\":3,\"name\":\"ADIDAS ADIPOWER MULTIWEIGHT 3.3\"}]},{\"@type\":\"WebSite\",\"@id\":\"https:\\\/\\\/revolutionpadelstore.com\\\/pt-pt\\\/#website\",\"url\":\"https:\\\/\\\/revolutionpadelstore.com\\\/pt-pt\\\/\",\"name\":\"Revolution Padel Store\",\"description\":\"\",\"publisher\":{\"@id\":\"https:\\\/\\\/revolutionpadelstore.com\\\/pt-pt\\\/#organization\"},\"potentialAction\":[{\"@type\":\"SearchAction\",\"target\":{\"@type\":\"EntryPoint\",\"urlTemplate\":\"https:\\\/\\\/revolutionpadelstore.com\\\/pt-pt\\\/?s={search_term_string}\"},\"query-input\":{\"@type\":\"PropertyValueSpecification\",\"valueRequired\":true,\"valueName\":\"search_term_string\"}}],\"inLanguage\":\"pt-PT\"},{\"@type\":\"Organization\",\"@id\":\"https:\\\/\\\/revolutionpadelstore.com\\\/pt-pt\\\/#organization\",\"name\":\"Revolution Padel Store\",\"url\":\"https:\\\/\\\/revolutionpadelstore.com\\\/pt-pt\\\/\",\"logo\":{\"@type\":\"ImageObject\",\"inLanguage\":\"pt-PT\",\"@id\":\"https:\\\/\\\/revolutionpadelstore.com\\\/pt-pt\\\/#\\\/schema\\\/logo\\\/image\\\/\",\"url\":\"https:\\\/\\\/revolutionpadelstore.com\\\/wp-content\\\/uploads\\\/2026\\\/02\\\/revolution-padel-store.jpg\",\"contentUrl\":\"https:\\\/\\\/revolutionpadelstore.com\\\/wp-content\\\/uploads\\\/2026\\\/02\\\/revolution-padel-store.jpg\",\"width\":2000,\"height\":2000,\"caption\":\"Revolution Padel Store\"},\"image\":{\"@id\":\"https:\\\/\\\/revolutionpadelstore.com\\\/pt-pt\\\/#\\\/schema\\\/logo\\\/image\\\/\"},\"sameAs\":[\"https:\\\/\\\/www.instagram.com\\\/revolutionpadelstore\\\/\"]}]}<\/script>\n<!-- \/ Yoast SEO plugin. -->","yoast_head_json":{"title":"ADIDAS ADIPOWER MULTIWEIGHT 3.3 - Revolution Padel Store","description":"Adidas Adipower Multiweight 3.3: Potencia y control en cada golpe. Con sistema Weight & Balance ajustable, esta pala de alto rendimiento ofrece resistencia \u00f3ptima y golpes llenos de efecto. Dise\u00f1ada para jugadores avanzados en competici\u00f3n.","robots":{"index":"index","follow":"follow","max-snippet":"max-snippet:-1","max-image-preview":"max-image-preview:large","max-video-preview":"max-video-preview:-1"},"canonical":"https:\/\/revolutionpadelstore.com\/pt-pt\/produto\/adidas-adipower-multiweight-3-3\/","og_locale":"pt_PT","og_type":"article","og_title":"Adidas Adipower Multiweight 3.3","og_description":"Adidas Adipower Multiweight 3.3: Potencia y control en cada golpe. Con sistema Weight & Balance ajustable, esta pala de alto rendimiento ofrece resistencia \u00f3ptima y golpes llenos de efecto. Dise\u00f1ada para jugadores avanzados en competici\u00f3n.","og_url":"https:\/\/revolutionpadelstore.com\/pt-pt\/produto\/adidas-adipower-multiweight-3-3\/","og_site_name":"Revolution Padel Store","article_modified_time":"2026-04-08T14:15:15+00:00","og_image":[{"width":1500,"height":1500,"url":"https:\/\/revolutionpadelstore.com\/wp-content\/uploads\/2024\/02\/110129_padel_webs_padel_y_grupo_pala_adidas_adipower_multiweight_3_3_adrk1aa2u0_835a-4.webp","type":"image\/webp"}],"twitter_card":"summary_large_image","twitter_misc":{"Tempo estimado de leitura":"2 minutos"},"schema":{"@context":"https:\/\/schema.org","@graph":[{"@type":"WebPage","@id":"https:\/\/revolutionpadelstore.com\/pt-pt\/produto\/adidas-adipower-multiweight-3-3\/","url":"https:\/\/revolutionpadelstore.com\/pt-pt\/produto\/adidas-adipower-multiweight-3-3\/","name":"ADIDAS ADIPOWER MULTIWEIGHT 3.3 - Revolution Padel Store","isPartOf":{"@id":"https:\/\/revolutionpadelstore.com\/pt-pt\/#website"},"primaryImageOfPage":{"@id":"https:\/\/revolutionpadelstore.com\/pt-pt\/produto\/adidas-adipower-multiweight-3-3\/#primaryimage"},"image":{"@id":"https:\/\/revolutionpadelstore.com\/pt-pt\/produto\/adidas-adipower-multiweight-3-3\/#primaryimage"},"thumbnailUrl":"https:\/\/revolutionpadelstore.com\/wp-content\/uploads\/2024\/02\/110129_padel_webs_padel_y_grupo_pala_adidas_adipower_multiweight_3_3_adrk1aa2u0_835a-1.webp","datePublished":"2024-02-29T14:14:09+00:00","dateModified":"2026-04-08T14:15:15+00:00","description":"Adidas Adipower Multiweight 3.3: Potencia y control en cada golpe. Con sistema Weight & Balance ajustable, esta pala de alto rendimiento ofrece resistencia \u00f3ptima y golpes llenos de efecto. Dise\u00f1ada para jugadores avanzados en competici\u00f3n.","breadcrumb":{"@id":"https:\/\/revolutionpadelstore.com\/pt-pt\/produto\/adidas-adipower-multiweight-3-3\/#breadcrumb"},"inLanguage":"pt-PT","potentialAction":[{"@type":"ReadAction","target":["https:\/\/revolutionpadelstore.com\/pt-pt\/produto\/adidas-adipower-multiweight-3-3\/"]}]},{"@type":"ImageObject","inLanguage":"pt-PT","@id":"https:\/\/revolutionpadelstore.com\/pt-pt\/produto\/adidas-adipower-multiweight-3-3\/#primaryimage","url":"https:\/\/revolutionpadelstore.com\/wp-content\/uploads\/2024\/02\/110129_padel_webs_padel_y_grupo_pala_adidas_adipower_multiweight_3_3_adrk1aa2u0_835a-1.webp","contentUrl":"https:\/\/revolutionpadelstore.com\/wp-content\/uploads\/2024\/02\/110129_padel_webs_padel_y_grupo_pala_adidas_adipower_multiweight_3_3_adrk1aa2u0_835a-1.webp","width":1500,"height":1500},{"@type":"BreadcrumbList","@id":"https:\/\/revolutionpadelstore.com\/pt-pt\/produto\/adidas-adipower-multiweight-3-3\/#breadcrumb","itemListElement":[{"@type":"ListItem","position":1,"name":"Portada","item":"https:\/\/revolutionpadelstore.com\/pt-pt\/"},{"@type":"ListItem","position":2,"name":"Tienda","item":"https:\/\/revolutionpadelstore.com\/pt-pt\/tienda\/"},{"@type":"ListItem","position":3,"name":"ADIDAS ADIPOWER MULTIWEIGHT 3.3"}]},{"@type":"WebSite","@id":"https:\/\/revolutionpadelstore.com\/pt-pt\/#website","url":"https:\/\/revolutionpadelstore.com\/pt-pt\/","name":"Revolution Padel Store","description":"","publisher":{"@id":"https:\/\/revolutionpadelstore.com\/pt-pt\/#organization"},"potentialAction":[{"@type":"SearchAction","target":{"@type":"EntryPoint","urlTemplate":"https:\/\/revolutionpadelstore.com\/pt-pt\/?s={search_term_string}"},"query-input":{"@type":"PropertyValueSpecification","valueRequired":true,"valueName":"search_term_string"}}],"inLanguage":"pt-PT"},{"@type":"Organization","@id":"https:\/\/revolutionpadelstore.com\/pt-pt\/#organization","name":"Revolution Padel Store","url":"https:\/\/revolutionpadelstore.com\/pt-pt\/","logo":{"@type":"ImageObject","inLanguage":"pt-PT","@id":"https:\/\/revolutionpadelstore.com\/pt-pt\/#\/schema\/logo\/image\/","url":"https:\/\/revolutionpadelstore.com\/wp-content\/uploads\/2026\/02\/revolution-padel-store.jpg","contentUrl":"https:\/\/revolutionpadelstore.com\/wp-content\/uploads\/2026\/02\/revolution-padel-store.jpg","width":2000,"height":2000,"caption":"Revolution Padel Store"},"image":{"@id":"https:\/\/revolutionpadelstore.com\/pt-pt\/#\/schema\/logo\/image\/"},"sameAs":["https:\/\/www.instagram.com\/revolutionpadelstore\/"]}]}},"_links":{"self":[{"href":"https:\/\/revolutionpadelstore.com\/pt-pt\/wp-json\/wp\/v2\/product\/12062","targetHints":{"allow":["GET"]}}],"collection":[{"href":"https:\/\/revolutionpadelstore.com\/pt-pt\/wp-json\/wp\/v2\/product"}],"about":[{"href":"https:\/\/revolutionpadelstore.com\/pt-pt\/wp-json\/wp\/v2\/types\/product"}],"replies":[{"embeddable":true,"href":"https:\/\/revolutionpadelstore.com\/pt-pt\/wp-json\/wp\/v2\/comments?post=12062"}],"wp:featuredmedia":[{"embeddable":true,"href":"https:\/\/revolutionpadelstore.com\/pt-pt\/wp-json\/wp\/v2\/media\/62110"}],"wp:attachment":[{"href":"https:\/\/revolutionpadelstore.com\/pt-pt\/wp-json\/wp\/v2\/media?parent=12062"}],"wp:term":[{"taxonomy":"acabado","embeddable":true,"href":"https:\/\/revolutionpadelstore.com\/pt-pt\/wp-json\/wp\/v2\/acabado?post=12062"},{"taxonomy":"balance","embeddable":true,"href":"https:\/\/revolutionpadelstore.com\/pt-pt\/wp-json\/wp\/v2\/balance?post=12062"},{"taxonomy":"dureza","embeddable":true,"href":"https:\/\/revolutionpadelstore.com\/pt-pt\/wp-json\/wp\/v2\/dureza?post=12062"},{"taxonomy":"forma","embeddable":true,"href":"https:\/\/revolutionpadelstore.com\/pt-pt\/wp-json\/wp\/v2\/forma?post=12062"},{"taxonomy":"jugador","embeddable":true,"href":"https:\/\/revolutionpadelstore.com\/pt-pt\/wp-json\/wp\/v2\/jugador?post=12062"},{"taxonomy":"marca","embeddable":true,"href":"https:\/\/revolutionpadelstore.com\/pt-pt\/wp-json\/wp\/v2\/marca?post=12062"},{"taxonomy":"nivel-de-juego","embeddable":true,"href":"https:\/\/revolutionpadelstore.com\/pt-pt\/wp-json\/wp\/v2\/nivel-de-juego?post=12062"},{"taxonomy":"superficie","embeddable":true,"href":"https:\/\/revolutionpadelstore.com\/pt-pt\/wp-json\/wp\/v2\/superficie?post=12062"},{"taxonomy":"tipo-de-juego","embeddable":true,"href":"https:\/\/revolutionpadelstore.com\/pt-pt\/wp-json\/wp\/v2\/tipo-de-juego?post=12062"},{"taxonomy":"product_brand","embeddable":true,"href":"https:\/\/revolutionpadelstore.com\/pt-pt\/wp-json\/wp\/v2\/product_brand?post=12062"},{"taxonomy":"product_cat","embeddable":true,"href":"https:\/\/revolutionpadelstore.com\/pt-pt\/wp-json\/wp\/v2\/product_cat?post=12062"},{"taxonomy":"product_tag","embeddable":true,"href":"https:\/\/revolutionpadelstore.com\/pt-pt\/wp-json\/wp\/v2\/product_tag?post=12062"}],"curies":[{"name":"wp","href":"https:\/\/api.w.org\/{rel}","templated":true}]}}