{"id":12057,"date":"2024-03-01T14:20:01","date_gmt":"2024-03-01T13:20:01","guid":{"rendered":"https:\/\/revolutionpadelstore.com\/adidas-metalbone-hrd-2024\/"},"modified":"2026-04-08T16:14:33","modified_gmt":"2026-04-08T14:14:33","slug":"adidas-metalbone-hrd-2024","status":"publish","type":"product","link":"https:\/\/revolutionpadelstore.com\/pt-pt\/produto\/adidas-metalbone-hrd-2024\/","title":{"rendered":"ADIDAS METALBONE HRD+ 2024"},"content":{"rendered":"<h2>Cole\u00e7\u00e3o Adidas Metalbone HRD+ 2024<\/h2>\n<p><strong>Adidas Metalbone HRD+<\/strong>, este modelo de raquete Adidas \u00e9 da cole\u00e7\u00e3o <strong>2024<\/strong>. \u00c9 uma raquete com corpo superdimensionado em forma de diamante, perfeita para jogadores de n\u00edvel profissional. \u00c9 por isso que \u00e9 a raquete oficial de <strong>Ale Gal\u00e1n<\/strong>.<\/p>\n<p>Com corpo de diamante superdimensionado e alto equil\u00edbrio, ele joga com for\u00e7a. Tem mais superf\u00edcie de contato. Termine com <strong>poder e agressividade<\/strong> contra seu rival para marcar o ponto decisivo.<\/p>\n<p>Tecnologia <strong>Weight &amp; Balance System<\/em><\/strong> exclusiva da Adidas. Adicione ou remova pesos personaliz\u00e1veis \u200b\u200bda raquete para alterar seu peso e a dire\u00e7\u00e3o de seu equil\u00edbrio para modificar sua t\u00e9cnica de jogo.<\/p>\n<h2>Corrida por jogadores com t\u00e9cnica poderosa<\/h2>\n<p>A estrutura \u00e9 feita de fibra de carbono com excelente resist\u00eancia e durabilidade. As faces foram feitas com <strong><em>Carbono Aluminizado 2 a 1<\/em><\/strong>. Fibra de carbono aluminizada entrela\u00e7ada 2 para 1 que gera uma superf\u00edcie dura e inflex\u00edvel para bater com grande pot\u00eancia.<\/p>\n<p>No n\u00facleo est\u00e1 a<strong>borracha EVA<em>Alta mem\u00f3ria<\/em><\/strong>. Esta borracha de alta densidade permite jogar com bolas que viajam em alta velocidade. Sinta tamb\u00e9m como voc\u00ea acerta com pot\u00eancia m\u00e1xima.<\/p>\n<p>Obtenha efeitos incr\u00edveis com as tecnologias <strong>Spin Blade Decal <\/em> e <em>Smart Holes Curve<\/em><\/strong>. Uma superf\u00edcie com acabamento \u00e1spero que aumenta a quantidade de giro e a sensa\u00e7\u00e3o de controle sobre a bola. E consiga efeitos em todos os acertos gra\u00e7as \u00e0 disposi\u00e7\u00e3o das matrizes.<\/p>\n<h3>Uma raquete s\u00f3lida e forte<\/h3>\n<p>Uma raquete resistente e s\u00f3lida com tecnologia de <strong>Estrutura Octogonal<\/em>e <em>Refor\u00e7o Estrutural<\/em><\/strong>. Um tubular octogonal de carbono e um refor\u00e7o perimetral tornam esta raquete resistente \u00e0 tor\u00e7\u00e3o e com durabilidade superior. E com Metalbone Protector Tape, um protetor adesivo 3M personalizado para proteger a raquete enquanto voc\u00ea joga.<\/p>\n<p>Possui design impec\u00e1vel e minimalista com corpo em preto, logo nos planos, ponte e al\u00e7a em branco e assinatura de Gal\u00e1n em vermelho.<\/p>\n<h2>Adidas Metalbone HRD+ colecci\u00f3n 2024<\/h2>\n","protected":false},"excerpt":{"rendered":"<p>Adidas Metalbone HRD+: Pot\u00eancia e controle em uma raquete projetada para jogadores de n\u00edvel profissional. Cole\u00e7\u00e3o 2024, com formato de diamante oversized e tecnologias exclusivas para efeitos surpreendentes.<\/p>\n","protected":false},"featured_media":62118,"comment_status":"open","ping_status":"closed","template":"","meta":{"_acf_changed":false,"_joinchat":[]},"acabado":[1100],"balance":[1135],"dureza":[1160],"forma":[1170],"jugador":[1190,1200],"marca":[1230],"nivel-de-juego":[1335],"superficie":[1360],"tipo-de-juego":[1390],"product_brand":[],"product_cat":[300],"product_tag":[],"class_list":{"0":"post-12057","1":"product","2":"type-product","3":"status-publish","4":"has-post-thumbnail","6":"acabado-aluminio-carbono-pt-pt","7":"balance-alto-pt-pt","8":"dureza-dura-pt-pt","9":"forma-diamante-pt-pt","10":"jugador-homem","11":"jugador-polivalente-pt-pt","12":"marca-adidas-pt-pt","13":"superficie-rugosa-pt-pt","14":"tipo-de-juego-avanzado-competicion-pt-pt","15":"product_cat-palas","17":"first","18":"outofstock","19":"sale","20":"taxable","21":"shipping-taxable","22":"purchasable","23":"product-type-simple"},"acf":[],"yoast_head":"<!-- This site is optimized with the Yoast SEO plugin v27.4 - https:\/\/yoast.com\/product\/yoast-seo-wordpress\/ -->\n<title>ADIDAS METALBONE HRD+ 2024 - Revolution Padel Store<\/title>\n<meta name=\"description\" content=\"Adidas Metalbone HRD+: Potencia y control en una pala dise\u00f1ada para jugadores de nivel profesional. Colecci\u00f3n 2024, con forma de diamante oversize y tecnolog\u00edas exclusivas para efectos sorprendentes.\" \/>\n<meta name=\"robots\" content=\"index, follow, max-snippet:-1, max-image-preview:large, max-video-preview:-1\" \/>\n<link rel=\"canonical\" href=\"https:\/\/revolutionpadelstore.com\/pt-pt\/produto\/adidas-metalbone-hrd-2024\/\" \/>\n<meta property=\"og:locale\" content=\"pt_PT\" \/>\n<meta property=\"og:type\" content=\"article\" \/>\n<meta property=\"og:title\" content=\"ADIDAS METALBONE HRD+ 2024\" \/>\n<meta property=\"og:description\" content=\"Adidas Metalbone HRD+: Potencia y control en una pala dise\u00f1ada para jugadores de nivel profesional. Colecci\u00f3n 2024, con forma de diamante oversize y tecnolog\u00edas exclusivas para efectos sorprendentes.\" \/>\n<meta property=\"og:url\" content=\"https:\/\/revolutionpadelstore.com\/pt-pt\/produto\/adidas-metalbone-hrd-2024\/\" \/>\n<meta property=\"og:site_name\" content=\"Revolution Padel Store\" \/>\n<meta property=\"article:modified_time\" content=\"2026-04-08T14:14:33+00:00\" \/>\n<meta property=\"og:image\" content=\"https:\/\/revolutionpadelstore.com\/wp-content\/uploads\/2024\/03\/110145_padel_webs_padel_y_grupo_pala_adidas_metalbone_hrd_adrk1aa1u0016f_1500x1_9bd9.webp\" \/>\n\t<meta property=\"og:image:width\" content=\"1500\" \/>\n\t<meta property=\"og:image:height\" content=\"1500\" \/>\n\t<meta property=\"og:image:type\" content=\"image\/webp\" \/>\n<meta name=\"twitter:card\" content=\"summary_large_image\" \/>\n<meta name=\"twitter:label1\" content=\"Tempo estimado de leitura\" \/>\n\t<meta name=\"twitter:data1\" content=\"2 minutos\" \/>\n<script type=\"application\/ld+json\" class=\"yoast-schema-graph\">{\"@context\":\"https:\\\/\\\/schema.org\",\"@graph\":[{\"@type\":\"WebPage\",\"@id\":\"https:\\\/\\\/revolutionpadelstore.com\\\/pt-pt\\\/produto\\\/adidas-metalbone-hrd-2024\\\/\",\"url\":\"https:\\\/\\\/revolutionpadelstore.com\\\/pt-pt\\\/produto\\\/adidas-metalbone-hrd-2024\\\/\",\"name\":\"ADIDAS METALBONE HRD+ 2024 - Revolution Padel Store\",\"isPartOf\":{\"@id\":\"https:\\\/\\\/revolutionpadelstore.com\\\/pt-pt\\\/#website\"},\"primaryImageOfPage\":{\"@id\":\"https:\\\/\\\/revolutionpadelstore.com\\\/pt-pt\\\/produto\\\/adidas-metalbone-hrd-2024\\\/#primaryimage\"},\"image\":{\"@id\":\"https:\\\/\\\/revolutionpadelstore.com\\\/pt-pt\\\/produto\\\/adidas-metalbone-hrd-2024\\\/#primaryimage\"},\"thumbnailUrl\":\"https:\\\/\\\/revolutionpadelstore.com\\\/wp-content\\\/uploads\\\/2024\\\/03\\\/110145_padel_webs_padel_y_grupo_pala_adidas_metalbone_hrd_adrk1aa1u0016f_1500x1_9bd9.webp\",\"datePublished\":\"2024-03-01T13:20:01+00:00\",\"dateModified\":\"2026-04-08T14:14:33+00:00\",\"description\":\"Adidas Metalbone HRD+: Potencia y control en una pala dise\u00f1ada para jugadores de nivel profesional. Colecci\u00f3n 2024, con forma de diamante oversize y tecnolog\u00edas exclusivas para efectos sorprendentes.\",\"breadcrumb\":{\"@id\":\"https:\\\/\\\/revolutionpadelstore.com\\\/pt-pt\\\/produto\\\/adidas-metalbone-hrd-2024\\\/#breadcrumb\"},\"inLanguage\":\"pt-PT\",\"potentialAction\":[{\"@type\":\"ReadAction\",\"target\":[\"https:\\\/\\\/revolutionpadelstore.com\\\/pt-pt\\\/produto\\\/adidas-metalbone-hrd-2024\\\/\"]}]},{\"@type\":\"ImageObject\",\"inLanguage\":\"pt-PT\",\"@id\":\"https:\\\/\\\/revolutionpadelstore.com\\\/pt-pt\\\/produto\\\/adidas-metalbone-hrd-2024\\\/#primaryimage\",\"url\":\"https:\\\/\\\/revolutionpadelstore.com\\\/wp-content\\\/uploads\\\/2024\\\/03\\\/110145_padel_webs_padel_y_grupo_pala_adidas_metalbone_hrd_adrk1aa1u0016f_1500x1_9bd9.webp\",\"contentUrl\":\"https:\\\/\\\/revolutionpadelstore.com\\\/wp-content\\\/uploads\\\/2024\\\/03\\\/110145_padel_webs_padel_y_grupo_pala_adidas_metalbone_hrd_adrk1aa1u0016f_1500x1_9bd9.webp\",\"width\":1500,\"height\":1500},{\"@type\":\"BreadcrumbList\",\"@id\":\"https:\\\/\\\/revolutionpadelstore.com\\\/pt-pt\\\/produto\\\/adidas-metalbone-hrd-2024\\\/#breadcrumb\",\"itemListElement\":[{\"@type\":\"ListItem\",\"position\":1,\"name\":\"Portada\",\"item\":\"https:\\\/\\\/revolutionpadelstore.com\\\/pt-pt\\\/\"},{\"@type\":\"ListItem\",\"position\":2,\"name\":\"Tienda\",\"item\":\"https:\\\/\\\/revolutionpadelstore.com\\\/pt-pt\\\/tienda\\\/\"},{\"@type\":\"ListItem\",\"position\":3,\"name\":\"ADIDAS METALBONE HRD+ 2024\"}]},{\"@type\":\"WebSite\",\"@id\":\"https:\\\/\\\/revolutionpadelstore.com\\\/pt-pt\\\/#website\",\"url\":\"https:\\\/\\\/revolutionpadelstore.com\\\/pt-pt\\\/\",\"name\":\"Revolution Padel Store\",\"description\":\"\",\"publisher\":{\"@id\":\"https:\\\/\\\/revolutionpadelstore.com\\\/pt-pt\\\/#organization\"},\"potentialAction\":[{\"@type\":\"SearchAction\",\"target\":{\"@type\":\"EntryPoint\",\"urlTemplate\":\"https:\\\/\\\/revolutionpadelstore.com\\\/pt-pt\\\/?s={search_term_string}\"},\"query-input\":{\"@type\":\"PropertyValueSpecification\",\"valueRequired\":true,\"valueName\":\"search_term_string\"}}],\"inLanguage\":\"pt-PT\"},{\"@type\":\"Organization\",\"@id\":\"https:\\\/\\\/revolutionpadelstore.com\\\/pt-pt\\\/#organization\",\"name\":\"Revolution Padel Store\",\"url\":\"https:\\\/\\\/revolutionpadelstore.com\\\/pt-pt\\\/\",\"logo\":{\"@type\":\"ImageObject\",\"inLanguage\":\"pt-PT\",\"@id\":\"https:\\\/\\\/revolutionpadelstore.com\\\/pt-pt\\\/#\\\/schema\\\/logo\\\/image\\\/\",\"url\":\"https:\\\/\\\/revolutionpadelstore.com\\\/wp-content\\\/uploads\\\/2026\\\/02\\\/revolution-padel-store.jpg\",\"contentUrl\":\"https:\\\/\\\/revolutionpadelstore.com\\\/wp-content\\\/uploads\\\/2026\\\/02\\\/revolution-padel-store.jpg\",\"width\":2000,\"height\":2000,\"caption\":\"Revolution Padel Store\"},\"image\":{\"@id\":\"https:\\\/\\\/revolutionpadelstore.com\\\/pt-pt\\\/#\\\/schema\\\/logo\\\/image\\\/\"},\"sameAs\":[\"https:\\\/\\\/www.instagram.com\\\/revolutionpadelstore\\\/\"]}]}<\/script>\n<!-- \/ Yoast SEO plugin. -->","yoast_head_json":{"title":"ADIDAS METALBONE HRD+ 2024 - Revolution Padel Store","description":"Adidas Metalbone HRD+: Potencia y control en una pala dise\u00f1ada para jugadores de nivel profesional. Colecci\u00f3n 2024, con forma de diamante oversize y tecnolog\u00edas exclusivas para efectos sorprendentes.","robots":{"index":"index","follow":"follow","max-snippet":"max-snippet:-1","max-image-preview":"max-image-preview:large","max-video-preview":"max-video-preview:-1"},"canonical":"https:\/\/revolutionpadelstore.com\/pt-pt\/produto\/adidas-metalbone-hrd-2024\/","og_locale":"pt_PT","og_type":"article","og_title":"ADIDAS METALBONE HRD+ 2024","og_description":"Adidas Metalbone HRD+: Potencia y control en una pala dise\u00f1ada para jugadores de nivel profesional. Colecci\u00f3n 2024, con forma de diamante oversize y tecnolog\u00edas exclusivas para efectos sorprendentes.","og_url":"https:\/\/revolutionpadelstore.com\/pt-pt\/produto\/adidas-metalbone-hrd-2024\/","og_site_name":"Revolution Padel Store","article_modified_time":"2026-04-08T14:14:33+00:00","og_image":[{"width":1500,"height":1500,"url":"https:\/\/revolutionpadelstore.com\/wp-content\/uploads\/2024\/03\/110145_padel_webs_padel_y_grupo_pala_adidas_metalbone_hrd_adrk1aa1u0016f_1500x1_9bd9.webp","type":"image\/webp"}],"twitter_card":"summary_large_image","twitter_misc":{"Tempo estimado de leitura":"2 minutos"},"schema":{"@context":"https:\/\/schema.org","@graph":[{"@type":"WebPage","@id":"https:\/\/revolutionpadelstore.com\/pt-pt\/produto\/adidas-metalbone-hrd-2024\/","url":"https:\/\/revolutionpadelstore.com\/pt-pt\/produto\/adidas-metalbone-hrd-2024\/","name":"ADIDAS METALBONE HRD+ 2024 - Revolution Padel Store","isPartOf":{"@id":"https:\/\/revolutionpadelstore.com\/pt-pt\/#website"},"primaryImageOfPage":{"@id":"https:\/\/revolutionpadelstore.com\/pt-pt\/produto\/adidas-metalbone-hrd-2024\/#primaryimage"},"image":{"@id":"https:\/\/revolutionpadelstore.com\/pt-pt\/produto\/adidas-metalbone-hrd-2024\/#primaryimage"},"thumbnailUrl":"https:\/\/revolutionpadelstore.com\/wp-content\/uploads\/2024\/03\/110145_padel_webs_padel_y_grupo_pala_adidas_metalbone_hrd_adrk1aa1u0016f_1500x1_9bd9.webp","datePublished":"2024-03-01T13:20:01+00:00","dateModified":"2026-04-08T14:14:33+00:00","description":"Adidas Metalbone HRD+: Potencia y control en una pala dise\u00f1ada para jugadores de nivel profesional. Colecci\u00f3n 2024, con forma de diamante oversize y tecnolog\u00edas exclusivas para efectos sorprendentes.","breadcrumb":{"@id":"https:\/\/revolutionpadelstore.com\/pt-pt\/produto\/adidas-metalbone-hrd-2024\/#breadcrumb"},"inLanguage":"pt-PT","potentialAction":[{"@type":"ReadAction","target":["https:\/\/revolutionpadelstore.com\/pt-pt\/produto\/adidas-metalbone-hrd-2024\/"]}]},{"@type":"ImageObject","inLanguage":"pt-PT","@id":"https:\/\/revolutionpadelstore.com\/pt-pt\/produto\/adidas-metalbone-hrd-2024\/#primaryimage","url":"https:\/\/revolutionpadelstore.com\/wp-content\/uploads\/2024\/03\/110145_padel_webs_padel_y_grupo_pala_adidas_metalbone_hrd_adrk1aa1u0016f_1500x1_9bd9.webp","contentUrl":"https:\/\/revolutionpadelstore.com\/wp-content\/uploads\/2024\/03\/110145_padel_webs_padel_y_grupo_pala_adidas_metalbone_hrd_adrk1aa1u0016f_1500x1_9bd9.webp","width":1500,"height":1500},{"@type":"BreadcrumbList","@id":"https:\/\/revolutionpadelstore.com\/pt-pt\/produto\/adidas-metalbone-hrd-2024\/#breadcrumb","itemListElement":[{"@type":"ListItem","position":1,"name":"Portada","item":"https:\/\/revolutionpadelstore.com\/pt-pt\/"},{"@type":"ListItem","position":2,"name":"Tienda","item":"https:\/\/revolutionpadelstore.com\/pt-pt\/tienda\/"},{"@type":"ListItem","position":3,"name":"ADIDAS METALBONE HRD+ 2024"}]},{"@type":"WebSite","@id":"https:\/\/revolutionpadelstore.com\/pt-pt\/#website","url":"https:\/\/revolutionpadelstore.com\/pt-pt\/","name":"Revolution Padel Store","description":"","publisher":{"@id":"https:\/\/revolutionpadelstore.com\/pt-pt\/#organization"},"potentialAction":[{"@type":"SearchAction","target":{"@type":"EntryPoint","urlTemplate":"https:\/\/revolutionpadelstore.com\/pt-pt\/?s={search_term_string}"},"query-input":{"@type":"PropertyValueSpecification","valueRequired":true,"valueName":"search_term_string"}}],"inLanguage":"pt-PT"},{"@type":"Organization","@id":"https:\/\/revolutionpadelstore.com\/pt-pt\/#organization","name":"Revolution Padel Store","url":"https:\/\/revolutionpadelstore.com\/pt-pt\/","logo":{"@type":"ImageObject","inLanguage":"pt-PT","@id":"https:\/\/revolutionpadelstore.com\/pt-pt\/#\/schema\/logo\/image\/","url":"https:\/\/revolutionpadelstore.com\/wp-content\/uploads\/2026\/02\/revolution-padel-store.jpg","contentUrl":"https:\/\/revolutionpadelstore.com\/wp-content\/uploads\/2026\/02\/revolution-padel-store.jpg","width":2000,"height":2000,"caption":"Revolution Padel Store"},"image":{"@id":"https:\/\/revolutionpadelstore.com\/pt-pt\/#\/schema\/logo\/image\/"},"sameAs":["https:\/\/www.instagram.com\/revolutionpadelstore\/"]}]}},"_links":{"self":[{"href":"https:\/\/revolutionpadelstore.com\/pt-pt\/wp-json\/wp\/v2\/product\/12057","targetHints":{"allow":["GET"]}}],"collection":[{"href":"https:\/\/revolutionpadelstore.com\/pt-pt\/wp-json\/wp\/v2\/product"}],"about":[{"href":"https:\/\/revolutionpadelstore.com\/pt-pt\/wp-json\/wp\/v2\/types\/product"}],"replies":[{"embeddable":true,"href":"https:\/\/revolutionpadelstore.com\/pt-pt\/wp-json\/wp\/v2\/comments?post=12057"}],"wp:featuredmedia":[{"embeddable":true,"href":"https:\/\/revolutionpadelstore.com\/pt-pt\/wp-json\/wp\/v2\/media\/62118"}],"wp:attachment":[{"href":"https:\/\/revolutionpadelstore.com\/pt-pt\/wp-json\/wp\/v2\/media?parent=12057"}],"wp:term":[{"taxonomy":"acabado","embeddable":true,"href":"https:\/\/revolutionpadelstore.com\/pt-pt\/wp-json\/wp\/v2\/acabado?post=12057"},{"taxonomy":"balance","embeddable":true,"href":"https:\/\/revolutionpadelstore.com\/pt-pt\/wp-json\/wp\/v2\/balance?post=12057"},{"taxonomy":"dureza","embeddable":true,"href":"https:\/\/revolutionpadelstore.com\/pt-pt\/wp-json\/wp\/v2\/dureza?post=12057"},{"taxonomy":"forma","embeddable":true,"href":"https:\/\/revolutionpadelstore.com\/pt-pt\/wp-json\/wp\/v2\/forma?post=12057"},{"taxonomy":"jugador","embeddable":true,"href":"https:\/\/revolutionpadelstore.com\/pt-pt\/wp-json\/wp\/v2\/jugador?post=12057"},{"taxonomy":"marca","embeddable":true,"href":"https:\/\/revolutionpadelstore.com\/pt-pt\/wp-json\/wp\/v2\/marca?post=12057"},{"taxonomy":"nivel-de-juego","embeddable":true,"href":"https:\/\/revolutionpadelstore.com\/pt-pt\/wp-json\/wp\/v2\/nivel-de-juego?post=12057"},{"taxonomy":"superficie","embeddable":true,"href":"https:\/\/revolutionpadelstore.com\/pt-pt\/wp-json\/wp\/v2\/superficie?post=12057"},{"taxonomy":"tipo-de-juego","embeddable":true,"href":"https:\/\/revolutionpadelstore.com\/pt-pt\/wp-json\/wp\/v2\/tipo-de-juego?post=12057"},{"taxonomy":"product_brand","embeddable":true,"href":"https:\/\/revolutionpadelstore.com\/pt-pt\/wp-json\/wp\/v2\/product_brand?post=12057"},{"taxonomy":"product_cat","embeddable":true,"href":"https:\/\/revolutionpadelstore.com\/pt-pt\/wp-json\/wp\/v2\/product_cat?post=12057"},{"taxonomy":"product_tag","embeddable":true,"href":"https:\/\/revolutionpadelstore.com\/pt-pt\/wp-json\/wp\/v2\/product_tag?post=12057"}],"curies":[{"name":"wp","href":"https:\/\/api.w.org\/{rel}","templated":true}]}}