{"id":12052,"date":"2024-03-01T14:30:08","date_gmt":"2024-03-01T13:30:08","guid":{"rendered":"https:\/\/revolutionpadelstore.com\/adidas-metalbone-ctrl-3-3-2024\/"},"modified":"2026-04-08T16:13:51","modified_gmt":"2026-04-08T14:13:51","slug":"adidas-metalbone-ctrl-3-3-2024","status":"publish","type":"product","link":"https:\/\/revolutionpadelstore.com\/pt-pt\/produto\/adidas-metalbone-ctrl-3-3-2024\/","title":{"rendered":"ADIDAS METALBONE CTRL 3.3 2024"},"content":{"rendered":"<h2>Adidas Metalbone CTRL 3.3, a escolha profissional de Lorena Rufo em 2024<\/h2>\n<p>Projetada para a jogadora profissional de padel Lorena Rufo, a <strong>Adidas Metalbone CTRL 3.3<\/strong> \u00e9 o modelo em destaque da cole\u00e7\u00e3o 2024. Esta raquete de alto desempenho \u00e9 voltada para jogadores com habilidades t\u00e9cnicas avan\u00e7adas, oferecendo controle excepcional gra\u00e7as ao seu. formato redondo e equil\u00edbrio centrado.<\/p>\n<p>O <strong>Weight &amp; Balance System<\/strong> permite uma personaliza\u00e7\u00e3o \u00fanica, permitindo ajustar o peso da raquete adicionando ou eliminando parafusos, com possibilidade de adicionar at\u00e9 12 gramas adicionais.<\/p>\n<h3>Constru\u00e7\u00e3o de alta qualidade<\/h3>\n<p>A estrutura de fibra de carbono e as faces de carbono aluminado 2 para 1 proporcionam resist\u00eancia e resist\u00eancia, oferecendo uma sensa\u00e7\u00e3o de rigidez para golpes poderosos. O n\u00facleo de borracha <strong>EVA Soft Performance<\/strong> de baixa densidade fornece sa\u00edda din\u00e2mica e uma sensa\u00e7\u00e3o confort\u00e1vel a cada batida.<\/p>\n<p>A superf\u00edcie \u00e1spera com <strong>Spin Blade Decal<\/strong> e o design da matriz <strong>Smart Hole Curve<\/strong> melhoram o controle e o manuseio do giro, elevando o desempenho no jogo.<\/p>\n<h3>Rigidez e resist\u00eancia excepcionais<\/h3>\n<p>As tecnologias de <strong>Estrutura Octogonal<\/strong> e <strong>Refor\u00e7o Estrutural<\/strong> fazem desta raquete uma op\u00e7\u00e3o s\u00f3lida e resistente. O tubular octogonal fortalece o corpo, enquanto o refor\u00e7o perimetral resiste \u00e0 tor\u00e7\u00e3o durante o jogo.<\/p>\n<p>Com um atraente design esportivo em detalhes em preto e branco e azul, o <strong>Adidas Metalbone CTRL 3.3<\/strong> combina estilo com desempenho excepcional.<\/p>\n<h2>Adidas Metalbone CTRL 3.3, la elecci\u00f3n profesional de Lorena Rufo en 2024<\/h2>\n","protected":false},"excerpt":{"rendered":"<p>Adidas Metalbone CTRL 3.3: a escolha de Lorena Rufo para controle excepcional em 2024. Sistema ajust\u00e1vel de peso e equil\u00edbrio, constru\u00e7\u00e3o de alta qualidade com fibra de carbono e EVA Soft Performance. Design dur\u00e1vel e atraente para jogadores de alto desempenho.<\/p>\n","protected":false},"featured_media":62128,"comment_status":"open","ping_status":"closed","template":"","meta":{"_acf_changed":false,"_joinchat":[]},"acabado":[1090],"balance":[1145],"dureza":[1150],"forma":[1180],"jugador":[1190,1200],"marca":[1230],"nivel-de-juego":[1335],"superficie":[1360],"tipo-de-juego":[1370],"product_brand":[],"product_cat":[300],"product_tag":[],"class_list":{"0":"post-12052","1":"product","2":"type-product","3":"status-publish","4":"has-post-thumbnail","6":"acabado-alivio-3d","7":"balance-baixo","8":"dureza-blanda-pt-pt","9":"forma-rodada","10":"jugador-homem","11":"jugador-polivalente-pt-pt","12":"marca-adidas-pt-pt","13":"superficie-rugosa-pt-pt","14":"tipo-de-juego-controle","15":"product_cat-palas","17":"first","18":"instock","19":"sale","20":"taxable","21":"shipping-taxable","22":"purchasable","23":"product-type-simple"},"acf":[],"yoast_head":"<!-- This site is optimized with the Yoast SEO plugin v27.4 - https:\/\/yoast.com\/product\/yoast-seo-wordpress\/ -->\n<title>ADIDAS METALBONE CTRL 3.3 2024 - Revolution Padel Store<\/title>\n<meta name=\"description\" content=\"Adidas Metalbone CTRL 3.3: La elecci\u00f3n de Lorena Rufo para un control excepcional en 2024. Sistema Weight &amp; Balance ajustable, construcci\u00f3n de alta calidad con fibra de carbono y EVA Soft Performance. Dise\u00f1o resistente y atractivo para jugadores de alto rendimiento.\" \/>\n<meta name=\"robots\" content=\"index, follow, max-snippet:-1, max-image-preview:large, max-video-preview:-1\" \/>\n<link rel=\"canonical\" href=\"https:\/\/revolutionpadelstore.com\/pt-pt\/produto\/adidas-metalbone-ctrl-3-3-2024\/\" \/>\n<meta property=\"og:locale\" content=\"pt_PT\" \/>\n<meta property=\"og:type\" content=\"article\" \/>\n<meta property=\"og:title\" content=\"ADIDAS METALBONE CTRL 3.3 2024\" \/>\n<meta property=\"og:description\" content=\"Adidas Metalbone CTRL 3.3: La elecci\u00f3n de Lorena Rufo para un control excepcional en 2024. Sistema Weight &amp; Balance ajustable, construcci\u00f3n de alta calidad con fibra de carbono y EVA Soft Performance. Dise\u00f1o resistente y atractivo para jugadores de alto rendimiento.\" \/>\n<meta property=\"og:url\" content=\"https:\/\/revolutionpadelstore.com\/pt-pt\/produto\/adidas-metalbone-ctrl-3-3-2024\/\" \/>\n<meta property=\"og:site_name\" content=\"Revolution Padel Store\" \/>\n<meta property=\"article:modified_time\" content=\"2026-04-08T14:13:51+00:00\" \/>\n<meta property=\"og:image\" content=\"https:\/\/revolutionpadelstore.com\/wp-content\/uploads\/2024\/03\/110144_padel_webs_padel_y_grupo_pala_adidas_metalbone_ctrl_3_3_adrk1ca0u0012f_1_d7a6.webp\" \/>\n\t<meta property=\"og:image:width\" content=\"1500\" \/>\n\t<meta property=\"og:image:height\" content=\"1500\" \/>\n\t<meta property=\"og:image:type\" content=\"image\/webp\" \/>\n<meta name=\"twitter:card\" content=\"summary_large_image\" \/>\n<meta name=\"twitter:label1\" content=\"Tempo estimado de leitura\" \/>\n\t<meta name=\"twitter:data1\" content=\"2 minutos\" \/>\n<script type=\"application\/ld+json\" class=\"yoast-schema-graph\">{\"@context\":\"https:\\\/\\\/schema.org\",\"@graph\":[{\"@type\":\"WebPage\",\"@id\":\"https:\\\/\\\/revolutionpadelstore.com\\\/pt-pt\\\/produto\\\/adidas-metalbone-ctrl-3-3-2024\\\/\",\"url\":\"https:\\\/\\\/revolutionpadelstore.com\\\/pt-pt\\\/produto\\\/adidas-metalbone-ctrl-3-3-2024\\\/\",\"name\":\"ADIDAS METALBONE CTRL 3.3 2024 - Revolution Padel Store\",\"isPartOf\":{\"@id\":\"https:\\\/\\\/revolutionpadelstore.com\\\/pt-pt\\\/#website\"},\"primaryImageOfPage\":{\"@id\":\"https:\\\/\\\/revolutionpadelstore.com\\\/pt-pt\\\/produto\\\/adidas-metalbone-ctrl-3-3-2024\\\/#primaryimage\"},\"image\":{\"@id\":\"https:\\\/\\\/revolutionpadelstore.com\\\/pt-pt\\\/produto\\\/adidas-metalbone-ctrl-3-3-2024\\\/#primaryimage\"},\"thumbnailUrl\":\"https:\\\/\\\/revolutionpadelstore.com\\\/wp-content\\\/uploads\\\/2024\\\/03\\\/110144_padel_webs_padel_y_grupo_pala_adidas_metalbone_ctrl_3_3_adrk1ca0u0012f_1_d7a6.webp\",\"datePublished\":\"2024-03-01T13:30:08+00:00\",\"dateModified\":\"2026-04-08T14:13:51+00:00\",\"description\":\"Adidas Metalbone CTRL 3.3: La elecci\u00f3n de Lorena Rufo para un control excepcional en 2024. Sistema Weight & Balance ajustable, construcci\u00f3n de alta calidad con fibra de carbono y EVA Soft Performance. Dise\u00f1o resistente y atractivo para jugadores de alto rendimiento.\",\"breadcrumb\":{\"@id\":\"https:\\\/\\\/revolutionpadelstore.com\\\/pt-pt\\\/produto\\\/adidas-metalbone-ctrl-3-3-2024\\\/#breadcrumb\"},\"inLanguage\":\"pt-PT\",\"potentialAction\":[{\"@type\":\"ReadAction\",\"target\":[\"https:\\\/\\\/revolutionpadelstore.com\\\/pt-pt\\\/produto\\\/adidas-metalbone-ctrl-3-3-2024\\\/\"]}]},{\"@type\":\"ImageObject\",\"inLanguage\":\"pt-PT\",\"@id\":\"https:\\\/\\\/revolutionpadelstore.com\\\/pt-pt\\\/produto\\\/adidas-metalbone-ctrl-3-3-2024\\\/#primaryimage\",\"url\":\"https:\\\/\\\/revolutionpadelstore.com\\\/wp-content\\\/uploads\\\/2024\\\/03\\\/110144_padel_webs_padel_y_grupo_pala_adidas_metalbone_ctrl_3_3_adrk1ca0u0012f_1_d7a6.webp\",\"contentUrl\":\"https:\\\/\\\/revolutionpadelstore.com\\\/wp-content\\\/uploads\\\/2024\\\/03\\\/110144_padel_webs_padel_y_grupo_pala_adidas_metalbone_ctrl_3_3_adrk1ca0u0012f_1_d7a6.webp\",\"width\":1500,\"height\":1500},{\"@type\":\"BreadcrumbList\",\"@id\":\"https:\\\/\\\/revolutionpadelstore.com\\\/pt-pt\\\/produto\\\/adidas-metalbone-ctrl-3-3-2024\\\/#breadcrumb\",\"itemListElement\":[{\"@type\":\"ListItem\",\"position\":1,\"name\":\"Portada\",\"item\":\"https:\\\/\\\/revolutionpadelstore.com\\\/pt-pt\\\/\"},{\"@type\":\"ListItem\",\"position\":2,\"name\":\"Tienda\",\"item\":\"https:\\\/\\\/revolutionpadelstore.com\\\/pt-pt\\\/tienda\\\/\"},{\"@type\":\"ListItem\",\"position\":3,\"name\":\"ADIDAS METALBONE CTRL 3.3 2024\"}]},{\"@type\":\"WebSite\",\"@id\":\"https:\\\/\\\/revolutionpadelstore.com\\\/pt-pt\\\/#website\",\"url\":\"https:\\\/\\\/revolutionpadelstore.com\\\/pt-pt\\\/\",\"name\":\"Revolution Padel Store\",\"description\":\"\",\"publisher\":{\"@id\":\"https:\\\/\\\/revolutionpadelstore.com\\\/pt-pt\\\/#organization\"},\"potentialAction\":[{\"@type\":\"SearchAction\",\"target\":{\"@type\":\"EntryPoint\",\"urlTemplate\":\"https:\\\/\\\/revolutionpadelstore.com\\\/pt-pt\\\/?s={search_term_string}\"},\"query-input\":{\"@type\":\"PropertyValueSpecification\",\"valueRequired\":true,\"valueName\":\"search_term_string\"}}],\"inLanguage\":\"pt-PT\"},{\"@type\":\"Organization\",\"@id\":\"https:\\\/\\\/revolutionpadelstore.com\\\/pt-pt\\\/#organization\",\"name\":\"Revolution Padel Store\",\"url\":\"https:\\\/\\\/revolutionpadelstore.com\\\/pt-pt\\\/\",\"logo\":{\"@type\":\"ImageObject\",\"inLanguage\":\"pt-PT\",\"@id\":\"https:\\\/\\\/revolutionpadelstore.com\\\/pt-pt\\\/#\\\/schema\\\/logo\\\/image\\\/\",\"url\":\"https:\\\/\\\/revolutionpadelstore.com\\\/wp-content\\\/uploads\\\/2026\\\/02\\\/revolution-padel-store.jpg\",\"contentUrl\":\"https:\\\/\\\/revolutionpadelstore.com\\\/wp-content\\\/uploads\\\/2026\\\/02\\\/revolution-padel-store.jpg\",\"width\":2000,\"height\":2000,\"caption\":\"Revolution Padel Store\"},\"image\":{\"@id\":\"https:\\\/\\\/revolutionpadelstore.com\\\/pt-pt\\\/#\\\/schema\\\/logo\\\/image\\\/\"},\"sameAs\":[\"https:\\\/\\\/www.instagram.com\\\/revolutionpadelstore\\\/\"]}]}<\/script>\n<!-- \/ Yoast SEO plugin. -->","yoast_head_json":{"title":"ADIDAS METALBONE CTRL 3.3 2024 - Revolution Padel Store","description":"Adidas Metalbone CTRL 3.3: La elecci\u00f3n de Lorena Rufo para un control excepcional en 2024. Sistema Weight & Balance ajustable, construcci\u00f3n de alta calidad con fibra de carbono y EVA Soft Performance. Dise\u00f1o resistente y atractivo para jugadores de alto rendimiento.","robots":{"index":"index","follow":"follow","max-snippet":"max-snippet:-1","max-image-preview":"max-image-preview:large","max-video-preview":"max-video-preview:-1"},"canonical":"https:\/\/revolutionpadelstore.com\/pt-pt\/produto\/adidas-metalbone-ctrl-3-3-2024\/","og_locale":"pt_PT","og_type":"article","og_title":"ADIDAS METALBONE CTRL 3.3 2024","og_description":"Adidas Metalbone CTRL 3.3: La elecci\u00f3n de Lorena Rufo para un control excepcional en 2024. Sistema Weight & Balance ajustable, construcci\u00f3n de alta calidad con fibra de carbono y EVA Soft Performance. Dise\u00f1o resistente y atractivo para jugadores de alto rendimiento.","og_url":"https:\/\/revolutionpadelstore.com\/pt-pt\/produto\/adidas-metalbone-ctrl-3-3-2024\/","og_site_name":"Revolution Padel Store","article_modified_time":"2026-04-08T14:13:51+00:00","og_image":[{"width":1500,"height":1500,"url":"https:\/\/revolutionpadelstore.com\/wp-content\/uploads\/2024\/03\/110144_padel_webs_padel_y_grupo_pala_adidas_metalbone_ctrl_3_3_adrk1ca0u0012f_1_d7a6.webp","type":"image\/webp"}],"twitter_card":"summary_large_image","twitter_misc":{"Tempo estimado de leitura":"2 minutos"},"schema":{"@context":"https:\/\/schema.org","@graph":[{"@type":"WebPage","@id":"https:\/\/revolutionpadelstore.com\/pt-pt\/produto\/adidas-metalbone-ctrl-3-3-2024\/","url":"https:\/\/revolutionpadelstore.com\/pt-pt\/produto\/adidas-metalbone-ctrl-3-3-2024\/","name":"ADIDAS METALBONE CTRL 3.3 2024 - Revolution Padel Store","isPartOf":{"@id":"https:\/\/revolutionpadelstore.com\/pt-pt\/#website"},"primaryImageOfPage":{"@id":"https:\/\/revolutionpadelstore.com\/pt-pt\/produto\/adidas-metalbone-ctrl-3-3-2024\/#primaryimage"},"image":{"@id":"https:\/\/revolutionpadelstore.com\/pt-pt\/produto\/adidas-metalbone-ctrl-3-3-2024\/#primaryimage"},"thumbnailUrl":"https:\/\/revolutionpadelstore.com\/wp-content\/uploads\/2024\/03\/110144_padel_webs_padel_y_grupo_pala_adidas_metalbone_ctrl_3_3_adrk1ca0u0012f_1_d7a6.webp","datePublished":"2024-03-01T13:30:08+00:00","dateModified":"2026-04-08T14:13:51+00:00","description":"Adidas Metalbone CTRL 3.3: La elecci\u00f3n de Lorena Rufo para un control excepcional en 2024. Sistema Weight & Balance ajustable, construcci\u00f3n de alta calidad con fibra de carbono y EVA Soft Performance. Dise\u00f1o resistente y atractivo para jugadores de alto rendimiento.","breadcrumb":{"@id":"https:\/\/revolutionpadelstore.com\/pt-pt\/produto\/adidas-metalbone-ctrl-3-3-2024\/#breadcrumb"},"inLanguage":"pt-PT","potentialAction":[{"@type":"ReadAction","target":["https:\/\/revolutionpadelstore.com\/pt-pt\/produto\/adidas-metalbone-ctrl-3-3-2024\/"]}]},{"@type":"ImageObject","inLanguage":"pt-PT","@id":"https:\/\/revolutionpadelstore.com\/pt-pt\/produto\/adidas-metalbone-ctrl-3-3-2024\/#primaryimage","url":"https:\/\/revolutionpadelstore.com\/wp-content\/uploads\/2024\/03\/110144_padel_webs_padel_y_grupo_pala_adidas_metalbone_ctrl_3_3_adrk1ca0u0012f_1_d7a6.webp","contentUrl":"https:\/\/revolutionpadelstore.com\/wp-content\/uploads\/2024\/03\/110144_padel_webs_padel_y_grupo_pala_adidas_metalbone_ctrl_3_3_adrk1ca0u0012f_1_d7a6.webp","width":1500,"height":1500},{"@type":"BreadcrumbList","@id":"https:\/\/revolutionpadelstore.com\/pt-pt\/produto\/adidas-metalbone-ctrl-3-3-2024\/#breadcrumb","itemListElement":[{"@type":"ListItem","position":1,"name":"Portada","item":"https:\/\/revolutionpadelstore.com\/pt-pt\/"},{"@type":"ListItem","position":2,"name":"Tienda","item":"https:\/\/revolutionpadelstore.com\/pt-pt\/tienda\/"},{"@type":"ListItem","position":3,"name":"ADIDAS METALBONE CTRL 3.3 2024"}]},{"@type":"WebSite","@id":"https:\/\/revolutionpadelstore.com\/pt-pt\/#website","url":"https:\/\/revolutionpadelstore.com\/pt-pt\/","name":"Revolution Padel Store","description":"","publisher":{"@id":"https:\/\/revolutionpadelstore.com\/pt-pt\/#organization"},"potentialAction":[{"@type":"SearchAction","target":{"@type":"EntryPoint","urlTemplate":"https:\/\/revolutionpadelstore.com\/pt-pt\/?s={search_term_string}"},"query-input":{"@type":"PropertyValueSpecification","valueRequired":true,"valueName":"search_term_string"}}],"inLanguage":"pt-PT"},{"@type":"Organization","@id":"https:\/\/revolutionpadelstore.com\/pt-pt\/#organization","name":"Revolution Padel Store","url":"https:\/\/revolutionpadelstore.com\/pt-pt\/","logo":{"@type":"ImageObject","inLanguage":"pt-PT","@id":"https:\/\/revolutionpadelstore.com\/pt-pt\/#\/schema\/logo\/image\/","url":"https:\/\/revolutionpadelstore.com\/wp-content\/uploads\/2026\/02\/revolution-padel-store.jpg","contentUrl":"https:\/\/revolutionpadelstore.com\/wp-content\/uploads\/2026\/02\/revolution-padel-store.jpg","width":2000,"height":2000,"caption":"Revolution Padel Store"},"image":{"@id":"https:\/\/revolutionpadelstore.com\/pt-pt\/#\/schema\/logo\/image\/"},"sameAs":["https:\/\/www.instagram.com\/revolutionpadelstore\/"]}]}},"_links":{"self":[{"href":"https:\/\/revolutionpadelstore.com\/pt-pt\/wp-json\/wp\/v2\/product\/12052","targetHints":{"allow":["GET"]}}],"collection":[{"href":"https:\/\/revolutionpadelstore.com\/pt-pt\/wp-json\/wp\/v2\/product"}],"about":[{"href":"https:\/\/revolutionpadelstore.com\/pt-pt\/wp-json\/wp\/v2\/types\/product"}],"replies":[{"embeddable":true,"href":"https:\/\/revolutionpadelstore.com\/pt-pt\/wp-json\/wp\/v2\/comments?post=12052"}],"wp:featuredmedia":[{"embeddable":true,"href":"https:\/\/revolutionpadelstore.com\/pt-pt\/wp-json\/wp\/v2\/media\/62128"}],"wp:attachment":[{"href":"https:\/\/revolutionpadelstore.com\/pt-pt\/wp-json\/wp\/v2\/media?parent=12052"}],"wp:term":[{"taxonomy":"acabado","embeddable":true,"href":"https:\/\/revolutionpadelstore.com\/pt-pt\/wp-json\/wp\/v2\/acabado?post=12052"},{"taxonomy":"balance","embeddable":true,"href":"https:\/\/revolutionpadelstore.com\/pt-pt\/wp-json\/wp\/v2\/balance?post=12052"},{"taxonomy":"dureza","embeddable":true,"href":"https:\/\/revolutionpadelstore.com\/pt-pt\/wp-json\/wp\/v2\/dureza?post=12052"},{"taxonomy":"forma","embeddable":true,"href":"https:\/\/revolutionpadelstore.com\/pt-pt\/wp-json\/wp\/v2\/forma?post=12052"},{"taxonomy":"jugador","embeddable":true,"href":"https:\/\/revolutionpadelstore.com\/pt-pt\/wp-json\/wp\/v2\/jugador?post=12052"},{"taxonomy":"marca","embeddable":true,"href":"https:\/\/revolutionpadelstore.com\/pt-pt\/wp-json\/wp\/v2\/marca?post=12052"},{"taxonomy":"nivel-de-juego","embeddable":true,"href":"https:\/\/revolutionpadelstore.com\/pt-pt\/wp-json\/wp\/v2\/nivel-de-juego?post=12052"},{"taxonomy":"superficie","embeddable":true,"href":"https:\/\/revolutionpadelstore.com\/pt-pt\/wp-json\/wp\/v2\/superficie?post=12052"},{"taxonomy":"tipo-de-juego","embeddable":true,"href":"https:\/\/revolutionpadelstore.com\/pt-pt\/wp-json\/wp\/v2\/tipo-de-juego?post=12052"},{"taxonomy":"product_brand","embeddable":true,"href":"https:\/\/revolutionpadelstore.com\/pt-pt\/wp-json\/wp\/v2\/product_brand?post=12052"},{"taxonomy":"product_cat","embeddable":true,"href":"https:\/\/revolutionpadelstore.com\/pt-pt\/wp-json\/wp\/v2\/product_cat?post=12052"},{"taxonomy":"product_tag","embeddable":true,"href":"https:\/\/revolutionpadelstore.com\/pt-pt\/wp-json\/wp\/v2\/product_tag?post=12052"}],"curies":[{"name":"wp","href":"https:\/\/api.w.org\/{rel}","templated":true}]}}