{"id":119543,"date":"2024-11-20T23:53:44","date_gmt":"2024-11-20T22:53:44","guid":{"rendered":"https:\/\/revolutionpadelstore.com\/head-gravity-team-light-2024\/"},"modified":"2026-04-08T10:15:22","modified_gmt":"2026-04-08T08:15:22","slug":"head-gravity-team-light-2024-5","status":"publish","type":"product","link":"https:\/\/revolutionpadelstore.com\/pt-pt\/produto\/head-gravity-team-light-2024-5\/","title":{"rendered":"HEAD GRAVITY TEAM LIGHT 2024"},"content":{"rendered":"<p><strong> Luz da equipe da gravidade da cabe\u00e7a 2024: controle e conforto em cada golpe <\/strong><\/p>\n<p>A equipe de Gravity da Head 2024 se distingue por oferecer uma experi\u00eancia de jogo baseada no controle, leveza e conforto em cada golpe. Seu design redondo e amplamente doce facilita maior precis\u00e3o nos tiros, permitindo que os jogadores se apresentem ao m\u00e1ximo nas trocas defensivas da parte inferior da pista.<\/p>\n<p>Com apenas 340 gramas de peso, esse modelo \u00e9 o alcance mais leve da gravidade, que oferece uma experi\u00eancia de jogo mais confort\u00e1vel e acess\u00edvel, permitindo um manuseio f\u00e1cil e sem esfor\u00e7o. Seu leve peso tamb\u00e9m reduz o risco de les\u00f5es.<\/p>\n<p><strong> Pala Gravity Team Light 2024, perfeita para jogadores ocasionais <\/strong><\/p>\n<p>Esta p\u00e1 de luz da cabe\u00e7a \u00e9 ideal para jogadores intermedi\u00e1rios ou para aqueles que praticam ocasionalmente e procuram manter o controle total durante o jogo. Sua forma redonda, ponto doce amplo, n\u00facleo de controle leve e de espuma permitem precis\u00e3o e controle excepcionais.<\/p>\n<p><strong> Caracter\u00edsticas e tecnologias da luz da gravidade da cabe\u00e7a <\/strong><\/p>\n<p>-Foam Control Nucleus que oferece toler\u00e2ncia, precis\u00e3o e um ponto doce expandido<\/p>\n<p>-Carbon e grafeno Marco que fornecem alta resist\u00eancia e durabilidade<\/p>\n<p>-Tecnologia de estrutura de altera\u00e7\u00f5es para maior desempenho, maior toler\u00e2ncia e jogabilidade<\/p>\n<p>-Priar planos de fibra de vidro que oferecem um toque suave, uma grande tomada de bola e um excelente conforto<\/p>\n<p>-Imfraxibilidade e sentimento de impacto gra\u00e7as \u00e0 tecnologia Trafeno 360+<\/p>\n<p>-Protetor de carbono telas (IPS) que reduz arranh\u00f5es e golpes<\/p>\n<p>-Peso de 340 gramas e formato redondo para maior gerenciamento e precis\u00e3o<\/p>\n<p><strong> Eu j\u00e1 recebo a equipe de gravidade da cabe\u00e7a 2024 na Revolution Padel Store <\/strong><\/p>\n<p>Desfrute de um jogo confort\u00e1vel e simples com a equipe da Gravidade da Cabe\u00e7a 2024, uma p\u00e1 redonda com um ponto doce, projetado para fornecer gerenciamento e controle a jogadores intermedi\u00e1rios ou ocasionais que desejam melhorar seu jogo a partir da parte inferior da pista.<strong>Head Gravity Team Light 2024: Control y Comodidad en Cada Golpe<\/strong><\/p>\n","protected":false},"excerpt":{"rendered":"<p>L\u00e2mina redonda com ampla e doce e leve equipe de gravidade da cabe\u00e7a 2024. Com planos de fibra de vidro para boa sa\u00edda de bola e n\u00facleo de controle de espuma.<\/p>\n","protected":false},"featured_media":119518,"comment_status":"open","ping_status":"closed","template":"","meta":{"_acf_changed":false,"_joinchat":[]},"acabado":[1085],"balance":[1145],"dureza":[1150],"forma":[1180],"jugador":[1195],"marca":[1220],"nivel-de-juego":[1350],"superficie":[1355],"tipo-de-juego":[1370],"product_brand":[],"product_cat":[300],"product_tag":[],"class_list":{"0":"post-119543","1":"product","2":"type-product","3":"status-publish","4":"has-post-thumbnail","6":"acabado-companheiro","7":"balance-baixo","8":"dureza-blanda-pt-pt","9":"forma-rodada","10":"jugador-mulher","11":"marca-cabeca","12":"superficie-lisa-pt-pt","13":"tipo-de-juego-controle","14":"product_cat-palas","16":"first","17":"outofstock","18":"sale","19":"taxable","20":"shipping-taxable","21":"purchasable","22":"product-type-simple"},"acf":[],"yoast_head":"<!-- This site is optimized with the Yoast SEO plugin v27.4 - https:\/\/yoast.com\/product\/yoast-seo-wordpress\/ -->\n<title>HEAD GRAVITY TEAM LIGHT 2024 - Revolution Padel Store<\/title>\n<meta name=\"description\" content=\"La pala Gravity Team 2024 de Head se distingue por ofrecer una experiencia de juego basada en el control, ligereza y confort en cada golpe. Su dise\u00f1o de forma redonda y amplio punto dulce facilita una mayor precisi\u00f3n en los disparos, permitiendo a los jugadores rendir al m\u00e1ximo en los intercambios defensivos desde el fondo de la pista.\" \/>\n<meta name=\"robots\" content=\"index, follow, max-snippet:-1, max-image-preview:large, max-video-preview:-1\" \/>\n<link rel=\"canonical\" href=\"https:\/\/revolutionpadelstore.com\/pt-pt\/produto\/head-gravity-team-light-2024-5\/\" \/>\n<meta property=\"og:locale\" content=\"pt_PT\" \/>\n<meta property=\"og:type\" content=\"article\" \/>\n<meta property=\"og:title\" content=\"HEAD GRAVITY TEAM LIGHT 2024 - Revolution Padel Store\" \/>\n<meta property=\"og:description\" content=\"La pala Gravity Team 2024 de Head se distingue por ofrecer una experiencia de juego basada en el control, ligereza y confort en cada golpe. Su dise\u00f1o de forma redonda y amplio punto dulce facilita una mayor precisi\u00f3n en los disparos, permitiendo a los jugadores rendir al m\u00e1ximo en los intercambios defensivos desde el fondo de la pista.\" \/>\n<meta property=\"og:url\" content=\"https:\/\/revolutionpadelstore.com\/pt-pt\/produto\/head-gravity-team-light-2024-5\/\" \/>\n<meta property=\"og:site_name\" content=\"Revolution Padel Store\" \/>\n<meta property=\"article:modified_time\" content=\"2026-04-08T08:15:22+00:00\" \/>\n<meta property=\"og:image\" content=\"https:\/\/revolutionpadelstore.com\/wp-content\/uploads\/2024\/11\/113829_pala_de_padel_gravity_team_light_2024_224064_1000x1000_1_1899.webp\" \/>\n\t<meta property=\"og:image:width\" content=\"1000\" \/>\n\t<meta property=\"og:image:height\" content=\"1000\" \/>\n\t<meta property=\"og:image:type\" content=\"image\/webp\" \/>\n<meta name=\"twitter:card\" content=\"summary_large_image\" \/>\n<meta name=\"twitter:label1\" content=\"Tempo estimado de leitura\" \/>\n\t<meta name=\"twitter:data1\" content=\"2 minutos\" \/>\n<script type=\"application\/ld+json\" class=\"yoast-schema-graph\">{\"@context\":\"https:\\\/\\\/schema.org\",\"@graph\":[{\"@type\":\"WebPage\",\"@id\":\"https:\\\/\\\/revolutionpadelstore.com\\\/pt-pt\\\/produto\\\/head-gravity-team-light-2024-5\\\/\",\"url\":\"https:\\\/\\\/revolutionpadelstore.com\\\/pt-pt\\\/produto\\\/head-gravity-team-light-2024-5\\\/\",\"name\":\"HEAD GRAVITY TEAM LIGHT 2024 - Revolution Padel Store\",\"isPartOf\":{\"@id\":\"https:\\\/\\\/revolutionpadelstore.com\\\/pt-pt\\\/#website\"},\"primaryImageOfPage\":{\"@id\":\"https:\\\/\\\/revolutionpadelstore.com\\\/pt-pt\\\/produto\\\/head-gravity-team-light-2024-5\\\/#primaryimage\"},\"image\":{\"@id\":\"https:\\\/\\\/revolutionpadelstore.com\\\/pt-pt\\\/produto\\\/head-gravity-team-light-2024-5\\\/#primaryimage\"},\"thumbnailUrl\":\"https:\\\/\\\/revolutionpadelstore.com\\\/wp-content\\\/uploads\\\/2024\\\/11\\\/113829_pala_de_padel_gravity_team_light_2024_224064_1000x1000_1_1899.webp\",\"datePublished\":\"2024-11-20T22:53:44+00:00\",\"dateModified\":\"2026-04-08T08:15:22+00:00\",\"description\":\"La pala Gravity Team 2024 de Head se distingue por ofrecer una experiencia de juego basada en el control, ligereza y confort en cada golpe. Su dise\u00f1o de forma redonda y amplio punto dulce facilita una mayor precisi\u00f3n en los disparos, permitiendo a los jugadores rendir al m\u00e1ximo en los intercambios defensivos desde el fondo de la pista.\",\"breadcrumb\":{\"@id\":\"https:\\\/\\\/revolutionpadelstore.com\\\/pt-pt\\\/produto\\\/head-gravity-team-light-2024-5\\\/#breadcrumb\"},\"inLanguage\":\"pt-PT\",\"potentialAction\":[{\"@type\":\"ReadAction\",\"target\":[\"https:\\\/\\\/revolutionpadelstore.com\\\/pt-pt\\\/produto\\\/head-gravity-team-light-2024-5\\\/\"]}]},{\"@type\":\"ImageObject\",\"inLanguage\":\"pt-PT\",\"@id\":\"https:\\\/\\\/revolutionpadelstore.com\\\/pt-pt\\\/produto\\\/head-gravity-team-light-2024-5\\\/#primaryimage\",\"url\":\"https:\\\/\\\/revolutionpadelstore.com\\\/wp-content\\\/uploads\\\/2024\\\/11\\\/113829_pala_de_padel_gravity_team_light_2024_224064_1000x1000_1_1899.webp\",\"contentUrl\":\"https:\\\/\\\/revolutionpadelstore.com\\\/wp-content\\\/uploads\\\/2024\\\/11\\\/113829_pala_de_padel_gravity_team_light_2024_224064_1000x1000_1_1899.webp\",\"width\":1000,\"height\":1000},{\"@type\":\"BreadcrumbList\",\"@id\":\"https:\\\/\\\/revolutionpadelstore.com\\\/pt-pt\\\/produto\\\/head-gravity-team-light-2024-5\\\/#breadcrumb\",\"itemListElement\":[{\"@type\":\"ListItem\",\"position\":1,\"name\":\"Portada\",\"item\":\"https:\\\/\\\/revolutionpadelstore.com\\\/pt-pt\\\/\"},{\"@type\":\"ListItem\",\"position\":2,\"name\":\"Tienda\",\"item\":\"https:\\\/\\\/revolutionpadelstore.com\\\/pt-pt\\\/tienda\\\/\"},{\"@type\":\"ListItem\",\"position\":3,\"name\":\"HEAD GRAVITY TEAM LIGHT 2024\"}]},{\"@type\":\"WebSite\",\"@id\":\"https:\\\/\\\/revolutionpadelstore.com\\\/pt-pt\\\/#website\",\"url\":\"https:\\\/\\\/revolutionpadelstore.com\\\/pt-pt\\\/\",\"name\":\"Revolution Padel Store\",\"description\":\"\",\"publisher\":{\"@id\":\"https:\\\/\\\/revolutionpadelstore.com\\\/pt-pt\\\/#organization\"},\"potentialAction\":[{\"@type\":\"SearchAction\",\"target\":{\"@type\":\"EntryPoint\",\"urlTemplate\":\"https:\\\/\\\/revolutionpadelstore.com\\\/pt-pt\\\/?s={search_term_string}\"},\"query-input\":{\"@type\":\"PropertyValueSpecification\",\"valueRequired\":true,\"valueName\":\"search_term_string\"}}],\"inLanguage\":\"pt-PT\"},{\"@type\":\"Organization\",\"@id\":\"https:\\\/\\\/revolutionpadelstore.com\\\/pt-pt\\\/#organization\",\"name\":\"Revolution Padel Store\",\"url\":\"https:\\\/\\\/revolutionpadelstore.com\\\/pt-pt\\\/\",\"logo\":{\"@type\":\"ImageObject\",\"inLanguage\":\"pt-PT\",\"@id\":\"https:\\\/\\\/revolutionpadelstore.com\\\/pt-pt\\\/#\\\/schema\\\/logo\\\/image\\\/\",\"url\":\"https:\\\/\\\/revolutionpadelstore.com\\\/wp-content\\\/uploads\\\/2026\\\/02\\\/revolution-padel-store.jpg\",\"contentUrl\":\"https:\\\/\\\/revolutionpadelstore.com\\\/wp-content\\\/uploads\\\/2026\\\/02\\\/revolution-padel-store.jpg\",\"width\":2000,\"height\":2000,\"caption\":\"Revolution Padel Store\"},\"image\":{\"@id\":\"https:\\\/\\\/revolutionpadelstore.com\\\/pt-pt\\\/#\\\/schema\\\/logo\\\/image\\\/\"},\"sameAs\":[\"https:\\\/\\\/www.instagram.com\\\/revolutionpadelstore\\\/\"]}]}<\/script>\n<!-- \/ Yoast SEO plugin. -->","yoast_head_json":{"title":"HEAD GRAVITY TEAM LIGHT 2024 - Revolution Padel Store","description":"La pala Gravity Team 2024 de Head se distingue por ofrecer una experiencia de juego basada en el control, ligereza y confort en cada golpe. Su dise\u00f1o de forma redonda y amplio punto dulce facilita una mayor precisi\u00f3n en los disparos, permitiendo a los jugadores rendir al m\u00e1ximo en los intercambios defensivos desde el fondo de la pista.","robots":{"index":"index","follow":"follow","max-snippet":"max-snippet:-1","max-image-preview":"max-image-preview:large","max-video-preview":"max-video-preview:-1"},"canonical":"https:\/\/revolutionpadelstore.com\/pt-pt\/produto\/head-gravity-team-light-2024-5\/","og_locale":"pt_PT","og_type":"article","og_title":"HEAD GRAVITY TEAM LIGHT 2024 - Revolution Padel Store","og_description":"La pala Gravity Team 2024 de Head se distingue por ofrecer una experiencia de juego basada en el control, ligereza y confort en cada golpe. Su dise\u00f1o de forma redonda y amplio punto dulce facilita una mayor precisi\u00f3n en los disparos, permitiendo a los jugadores rendir al m\u00e1ximo en los intercambios defensivos desde el fondo de la pista.","og_url":"https:\/\/revolutionpadelstore.com\/pt-pt\/produto\/head-gravity-team-light-2024-5\/","og_site_name":"Revolution Padel Store","article_modified_time":"2026-04-08T08:15:22+00:00","og_image":[{"width":1000,"height":1000,"url":"https:\/\/revolutionpadelstore.com\/wp-content\/uploads\/2024\/11\/113829_pala_de_padel_gravity_team_light_2024_224064_1000x1000_1_1899.webp","type":"image\/webp"}],"twitter_card":"summary_large_image","twitter_misc":{"Tempo estimado de leitura":"2 minutos"},"schema":{"@context":"https:\/\/schema.org","@graph":[{"@type":"WebPage","@id":"https:\/\/revolutionpadelstore.com\/pt-pt\/produto\/head-gravity-team-light-2024-5\/","url":"https:\/\/revolutionpadelstore.com\/pt-pt\/produto\/head-gravity-team-light-2024-5\/","name":"HEAD GRAVITY TEAM LIGHT 2024 - Revolution Padel Store","isPartOf":{"@id":"https:\/\/revolutionpadelstore.com\/pt-pt\/#website"},"primaryImageOfPage":{"@id":"https:\/\/revolutionpadelstore.com\/pt-pt\/produto\/head-gravity-team-light-2024-5\/#primaryimage"},"image":{"@id":"https:\/\/revolutionpadelstore.com\/pt-pt\/produto\/head-gravity-team-light-2024-5\/#primaryimage"},"thumbnailUrl":"https:\/\/revolutionpadelstore.com\/wp-content\/uploads\/2024\/11\/113829_pala_de_padel_gravity_team_light_2024_224064_1000x1000_1_1899.webp","datePublished":"2024-11-20T22:53:44+00:00","dateModified":"2026-04-08T08:15:22+00:00","description":"La pala Gravity Team 2024 de Head se distingue por ofrecer una experiencia de juego basada en el control, ligereza y confort en cada golpe. Su dise\u00f1o de forma redonda y amplio punto dulce facilita una mayor precisi\u00f3n en los disparos, permitiendo a los jugadores rendir al m\u00e1ximo en los intercambios defensivos desde el fondo de la pista.","breadcrumb":{"@id":"https:\/\/revolutionpadelstore.com\/pt-pt\/produto\/head-gravity-team-light-2024-5\/#breadcrumb"},"inLanguage":"pt-PT","potentialAction":[{"@type":"ReadAction","target":["https:\/\/revolutionpadelstore.com\/pt-pt\/produto\/head-gravity-team-light-2024-5\/"]}]},{"@type":"ImageObject","inLanguage":"pt-PT","@id":"https:\/\/revolutionpadelstore.com\/pt-pt\/produto\/head-gravity-team-light-2024-5\/#primaryimage","url":"https:\/\/revolutionpadelstore.com\/wp-content\/uploads\/2024\/11\/113829_pala_de_padel_gravity_team_light_2024_224064_1000x1000_1_1899.webp","contentUrl":"https:\/\/revolutionpadelstore.com\/wp-content\/uploads\/2024\/11\/113829_pala_de_padel_gravity_team_light_2024_224064_1000x1000_1_1899.webp","width":1000,"height":1000},{"@type":"BreadcrumbList","@id":"https:\/\/revolutionpadelstore.com\/pt-pt\/produto\/head-gravity-team-light-2024-5\/#breadcrumb","itemListElement":[{"@type":"ListItem","position":1,"name":"Portada","item":"https:\/\/revolutionpadelstore.com\/pt-pt\/"},{"@type":"ListItem","position":2,"name":"Tienda","item":"https:\/\/revolutionpadelstore.com\/pt-pt\/tienda\/"},{"@type":"ListItem","position":3,"name":"HEAD GRAVITY TEAM LIGHT 2024"}]},{"@type":"WebSite","@id":"https:\/\/revolutionpadelstore.com\/pt-pt\/#website","url":"https:\/\/revolutionpadelstore.com\/pt-pt\/","name":"Revolution Padel Store","description":"","publisher":{"@id":"https:\/\/revolutionpadelstore.com\/pt-pt\/#organization"},"potentialAction":[{"@type":"SearchAction","target":{"@type":"EntryPoint","urlTemplate":"https:\/\/revolutionpadelstore.com\/pt-pt\/?s={search_term_string}"},"query-input":{"@type":"PropertyValueSpecification","valueRequired":true,"valueName":"search_term_string"}}],"inLanguage":"pt-PT"},{"@type":"Organization","@id":"https:\/\/revolutionpadelstore.com\/pt-pt\/#organization","name":"Revolution Padel Store","url":"https:\/\/revolutionpadelstore.com\/pt-pt\/","logo":{"@type":"ImageObject","inLanguage":"pt-PT","@id":"https:\/\/revolutionpadelstore.com\/pt-pt\/#\/schema\/logo\/image\/","url":"https:\/\/revolutionpadelstore.com\/wp-content\/uploads\/2026\/02\/revolution-padel-store.jpg","contentUrl":"https:\/\/revolutionpadelstore.com\/wp-content\/uploads\/2026\/02\/revolution-padel-store.jpg","width":2000,"height":2000,"caption":"Revolution Padel Store"},"image":{"@id":"https:\/\/revolutionpadelstore.com\/pt-pt\/#\/schema\/logo\/image\/"},"sameAs":["https:\/\/www.instagram.com\/revolutionpadelstore\/"]}]}},"_links":{"self":[{"href":"https:\/\/revolutionpadelstore.com\/pt-pt\/wp-json\/wp\/v2\/product\/119543","targetHints":{"allow":["GET"]}}],"collection":[{"href":"https:\/\/revolutionpadelstore.com\/pt-pt\/wp-json\/wp\/v2\/product"}],"about":[{"href":"https:\/\/revolutionpadelstore.com\/pt-pt\/wp-json\/wp\/v2\/types\/product"}],"replies":[{"embeddable":true,"href":"https:\/\/revolutionpadelstore.com\/pt-pt\/wp-json\/wp\/v2\/comments?post=119543"}],"wp:featuredmedia":[{"embeddable":true,"href":"https:\/\/revolutionpadelstore.com\/pt-pt\/wp-json\/wp\/v2\/media\/119518"}],"wp:attachment":[{"href":"https:\/\/revolutionpadelstore.com\/pt-pt\/wp-json\/wp\/v2\/media?parent=119543"}],"wp:term":[{"taxonomy":"acabado","embeddable":true,"href":"https:\/\/revolutionpadelstore.com\/pt-pt\/wp-json\/wp\/v2\/acabado?post=119543"},{"taxonomy":"balance","embeddable":true,"href":"https:\/\/revolutionpadelstore.com\/pt-pt\/wp-json\/wp\/v2\/balance?post=119543"},{"taxonomy":"dureza","embeddable":true,"href":"https:\/\/revolutionpadelstore.com\/pt-pt\/wp-json\/wp\/v2\/dureza?post=119543"},{"taxonomy":"forma","embeddable":true,"href":"https:\/\/revolutionpadelstore.com\/pt-pt\/wp-json\/wp\/v2\/forma?post=119543"},{"taxonomy":"jugador","embeddable":true,"href":"https:\/\/revolutionpadelstore.com\/pt-pt\/wp-json\/wp\/v2\/jugador?post=119543"},{"taxonomy":"marca","embeddable":true,"href":"https:\/\/revolutionpadelstore.com\/pt-pt\/wp-json\/wp\/v2\/marca?post=119543"},{"taxonomy":"nivel-de-juego","embeddable":true,"href":"https:\/\/revolutionpadelstore.com\/pt-pt\/wp-json\/wp\/v2\/nivel-de-juego?post=119543"},{"taxonomy":"superficie","embeddable":true,"href":"https:\/\/revolutionpadelstore.com\/pt-pt\/wp-json\/wp\/v2\/superficie?post=119543"},{"taxonomy":"tipo-de-juego","embeddable":true,"href":"https:\/\/revolutionpadelstore.com\/pt-pt\/wp-json\/wp\/v2\/tipo-de-juego?post=119543"},{"taxonomy":"product_brand","embeddable":true,"href":"https:\/\/revolutionpadelstore.com\/pt-pt\/wp-json\/wp\/v2\/product_brand?post=119543"},{"taxonomy":"product_cat","embeddable":true,"href":"https:\/\/revolutionpadelstore.com\/pt-pt\/wp-json\/wp\/v2\/product_cat?post=119543"},{"taxonomy":"product_tag","embeddable":true,"href":"https:\/\/revolutionpadelstore.com\/pt-pt\/wp-json\/wp\/v2\/product_tag?post=119543"}],"curies":[{"name":"wp","href":"https:\/\/api.w.org\/{rel}","templated":true}]}}