{"id":119457,"date":"2024-11-15T08:03:29","date_gmt":"2024-11-15T07:03:29","guid":{"rendered":"https:\/\/revolutionpadelstore.com\/nox-at10-lux-negro-rojo\/"},"modified":"2026-04-08T10:21:34","modified_gmt":"2026-04-08T08:21:34","slug":"nox-at10-lux-negro-rojo-5","status":"publish","type":"product","link":"https:\/\/revolutionpadelstore.com\/pt-pt\/produto\/nox-at10-lux-negro-rojo-5\/","title":{"rendered":"NOX AT10 LUX NEGRO ROJO"},"content":{"rendered":"<p>Esses sapatos de p\u00e1s foram fabricados com materiais da mais alta qualidade, oferecendo excelente almofada gra\u00e7as \u00e0 sua entressola de Phylon injetada, um componente de baixa densidade que otimiza a rebote e a absor\u00e7\u00e3o de impacto atrav\u00e9s do gerenciamento eficaz de energia.<\/p>\n<p>O design do NOX AT10 Lux, em tons pretos e vermelhos, se destaca por sua estabilidade. O sistema de suporte suporta reduz o risco de entorses durante os movimentos laterais, permitindo atingir alta velocidade e revezar -se com seguran\u00e7a.<\/p>\n<p>A sola desses sapatos est\u00e1 equipada com um padr\u00e3o de pico combinado com pequenas tacos, o que melhora a tra\u00e7\u00e3o em v\u00e1rias superf\u00edcies.<\/p>\n<p>S\u00e3o sapatos confort\u00e1veis, uma vez que a parte superior incorpora uma malha respir\u00e1vel na \u00e1rea do petep, juntamente com revestimentos que otimizam o ajuste e a fixa\u00e7\u00e3o do p\u00e9.<\/p>\n<p>Esteticamente, seu design \u00e9 chocante, com um fundo preto e detalhes vermelhos, como os atacadores e o logotipo da marca nas laterais. Al\u00e9m disso, esses sapatos s\u00e3o certificados por pod\u00f3logos, o que garante sua qualidade e conforto do ponto de vista cl\u00ednico.<\/p>\n","protected":false},"excerpt":{"rendered":"<p>Ideal para o jogador mais exigente, o <strong> Paddle Shoes <\/strong> NOx at10 Lux Black Red foi desenvolvido especialmente com inova\u00e7\u00f5es tecnol\u00f3gicas que buscam minimizar a possibilidade de uma les\u00e3o.<strong>zapatillas de p\u00e1del\u00a0<\/strong><\/p>\n","protected":false},"featured_media":110592,"comment_status":"open","ping_status":"closed","template":"","meta":{"_acf_changed":false,"_joinchat":[]},"acabado":[],"balance":[],"dureza":[],"forma":[],"jugador":[1190],"marca":[1260],"nivel-de-juego":[],"superficie":[],"tipo-de-juego":[],"product_brand":[],"product_cat":[833,401],"product_tag":[],"class_list":{"0":"post-119457","1":"product","2":"type-product","3":"status-publish","4":"has-post-thumbnail","6":"jugador-homem","7":"marca-nox-pt-pt","8":"product_cat-tenis","9":"product_cat-tenis-masculino","11":"first","12":"outofstock","13":"sale","14":"taxable","15":"shipping-taxable","16":"purchasable","17":"product-type-variable"},"acf":[],"yoast_head":"<!-- This site is optimized with the Yoast SEO plugin v27.4 - https:\/\/yoast.com\/product\/yoast-seo-wordpress\/ -->\n<title>NOX AT10 LUX NEGRO ROJO - Revolution Padel Store<\/title>\n<meta name=\"description\" content=\"Estas zapatillas de p\u00e1del han sido fabricadas con materiales de la m\u00e1s alta calidad, ofreciendo una excelente amortiguaci\u00f3n gracias a su mediasuela de Phylon inyectado, un componente de baja densidad que optimiza el rebote y la absorci\u00f3n de impacto mediante una eficaz gesti\u00f3n de la energ\u00eda.\" \/>\n<meta name=\"robots\" content=\"index, follow, max-snippet:-1, max-image-preview:large, max-video-preview:-1\" \/>\n<link rel=\"canonical\" href=\"https:\/\/revolutionpadelstore.com\/pt-pt\/produto\/nox-at10-lux-negro-rojo-5\/\" \/>\n<meta property=\"og:locale\" content=\"pt_PT\" \/>\n<meta property=\"og:type\" content=\"article\" \/>\n<meta property=\"og:title\" content=\"NOX AT10 LUX NEGRO ROJO - Revolution Padel Store\" \/>\n<meta property=\"og:description\" content=\"Estas zapatillas de p\u00e1del han sido fabricadas con materiales de la m\u00e1s alta calidad, ofreciendo una excelente amortiguaci\u00f3n gracias a su mediasuela de Phylon inyectado, un componente de baja densidad que optimiza el rebote y la absorci\u00f3n de impacto mediante una eficaz gesti\u00f3n de la energ\u00eda.\" \/>\n<meta property=\"og:url\" content=\"https:\/\/revolutionpadelstore.com\/pt-pt\/produto\/nox-at10-lux-negro-rojo-5\/\" \/>\n<meta property=\"og:site_name\" content=\"Revolution Padel Store\" \/>\n<meta property=\"article:modified_time\" content=\"2026-04-08T08:21:34+00:00\" \/>\n<meta property=\"og:image\" content=\"https:\/\/revolutionpadelstore.com\/wp-content\/uploads\/2024\/11\/imagen_1_24128_efe75f49_e276.webp\" \/>\n\t<meta property=\"og:image:width\" content=\"1000\" \/>\n\t<meta property=\"og:image:height\" content=\"1000\" \/>\n\t<meta property=\"og:image:type\" content=\"image\/webp\" \/>\n<meta name=\"twitter:card\" content=\"summary_large_image\" \/>\n<meta name=\"twitter:label1\" content=\"Tempo estimado de leitura\" \/>\n\t<meta name=\"twitter:data1\" content=\"1 minuto\" \/>\n<script type=\"application\/ld+json\" class=\"yoast-schema-graph\">{\"@context\":\"https:\\\/\\\/schema.org\",\"@graph\":[{\"@type\":\"WebPage\",\"@id\":\"https:\\\/\\\/revolutionpadelstore.com\\\/pt-pt\\\/produto\\\/nox-at10-lux-negro-rojo-5\\\/\",\"url\":\"https:\\\/\\\/revolutionpadelstore.com\\\/pt-pt\\\/produto\\\/nox-at10-lux-negro-rojo-5\\\/\",\"name\":\"NOX AT10 LUX NEGRO ROJO - Revolution Padel Store\",\"isPartOf\":{\"@id\":\"https:\\\/\\\/revolutionpadelstore.com\\\/pt-pt\\\/#website\"},\"primaryImageOfPage\":{\"@id\":\"https:\\\/\\\/revolutionpadelstore.com\\\/pt-pt\\\/produto\\\/nox-at10-lux-negro-rojo-5\\\/#primaryimage\"},\"image\":{\"@id\":\"https:\\\/\\\/revolutionpadelstore.com\\\/pt-pt\\\/produto\\\/nox-at10-lux-negro-rojo-5\\\/#primaryimage\"},\"thumbnailUrl\":\"https:\\\/\\\/revolutionpadelstore.com\\\/wp-content\\\/uploads\\\/2024\\\/11\\\/imagen_1_24128_efe75f49_e276.webp\",\"datePublished\":\"2024-11-15T07:03:29+00:00\",\"dateModified\":\"2026-04-08T08:21:34+00:00\",\"description\":\"Estas zapatillas de p\u00e1del han sido fabricadas con materiales de la m\u00e1s alta calidad, ofreciendo una excelente amortiguaci\u00f3n gracias a su mediasuela de Phylon inyectado, un componente de baja densidad que optimiza el rebote y la absorci\u00f3n de impacto mediante una eficaz gesti\u00f3n de la energ\u00eda.\",\"breadcrumb\":{\"@id\":\"https:\\\/\\\/revolutionpadelstore.com\\\/pt-pt\\\/produto\\\/nox-at10-lux-negro-rojo-5\\\/#breadcrumb\"},\"inLanguage\":\"pt-PT\",\"potentialAction\":[{\"@type\":\"ReadAction\",\"target\":[\"https:\\\/\\\/revolutionpadelstore.com\\\/pt-pt\\\/produto\\\/nox-at10-lux-negro-rojo-5\\\/\"]}]},{\"@type\":\"ImageObject\",\"inLanguage\":\"pt-PT\",\"@id\":\"https:\\\/\\\/revolutionpadelstore.com\\\/pt-pt\\\/produto\\\/nox-at10-lux-negro-rojo-5\\\/#primaryimage\",\"url\":\"https:\\\/\\\/revolutionpadelstore.com\\\/wp-content\\\/uploads\\\/2024\\\/11\\\/imagen_1_24128_efe75f49_e276.webp\",\"contentUrl\":\"https:\\\/\\\/revolutionpadelstore.com\\\/wp-content\\\/uploads\\\/2024\\\/11\\\/imagen_1_24128_efe75f49_e276.webp\",\"width\":1000,\"height\":1000},{\"@type\":\"BreadcrumbList\",\"@id\":\"https:\\\/\\\/revolutionpadelstore.com\\\/pt-pt\\\/produto\\\/nox-at10-lux-negro-rojo-5\\\/#breadcrumb\",\"itemListElement\":[{\"@type\":\"ListItem\",\"position\":1,\"name\":\"Portada\",\"item\":\"https:\\\/\\\/revolutionpadelstore.com\\\/pt-pt\\\/\"},{\"@type\":\"ListItem\",\"position\":2,\"name\":\"Tienda\",\"item\":\"https:\\\/\\\/revolutionpadelstore.com\\\/pt-pt\\\/tienda\\\/\"},{\"@type\":\"ListItem\",\"position\":3,\"name\":\"NOX AT10 LUX NEGRO ROJO\"}]},{\"@type\":\"WebSite\",\"@id\":\"https:\\\/\\\/revolutionpadelstore.com\\\/pt-pt\\\/#website\",\"url\":\"https:\\\/\\\/revolutionpadelstore.com\\\/pt-pt\\\/\",\"name\":\"Revolution Padel Store\",\"description\":\"\",\"publisher\":{\"@id\":\"https:\\\/\\\/revolutionpadelstore.com\\\/pt-pt\\\/#organization\"},\"potentialAction\":[{\"@type\":\"SearchAction\",\"target\":{\"@type\":\"EntryPoint\",\"urlTemplate\":\"https:\\\/\\\/revolutionpadelstore.com\\\/pt-pt\\\/?s={search_term_string}\"},\"query-input\":{\"@type\":\"PropertyValueSpecification\",\"valueRequired\":true,\"valueName\":\"search_term_string\"}}],\"inLanguage\":\"pt-PT\"},{\"@type\":\"Organization\",\"@id\":\"https:\\\/\\\/revolutionpadelstore.com\\\/pt-pt\\\/#organization\",\"name\":\"Revolution Padel Store\",\"url\":\"https:\\\/\\\/revolutionpadelstore.com\\\/pt-pt\\\/\",\"logo\":{\"@type\":\"ImageObject\",\"inLanguage\":\"pt-PT\",\"@id\":\"https:\\\/\\\/revolutionpadelstore.com\\\/pt-pt\\\/#\\\/schema\\\/logo\\\/image\\\/\",\"url\":\"https:\\\/\\\/revolutionpadelstore.com\\\/wp-content\\\/uploads\\\/2026\\\/02\\\/revolution-padel-store.jpg\",\"contentUrl\":\"https:\\\/\\\/revolutionpadelstore.com\\\/wp-content\\\/uploads\\\/2026\\\/02\\\/revolution-padel-store.jpg\",\"width\":2000,\"height\":2000,\"caption\":\"Revolution Padel Store\"},\"image\":{\"@id\":\"https:\\\/\\\/revolutionpadelstore.com\\\/pt-pt\\\/#\\\/schema\\\/logo\\\/image\\\/\"},\"sameAs\":[\"https:\\\/\\\/www.instagram.com\\\/revolutionpadelstore\\\/\"]}]}<\/script>\n<!-- \/ Yoast SEO plugin. -->","yoast_head_json":{"title":"NOX AT10 LUX NEGRO ROJO - Revolution Padel Store","description":"Estas zapatillas de p\u00e1del han sido fabricadas con materiales de la m\u00e1s alta calidad, ofreciendo una excelente amortiguaci\u00f3n gracias a su mediasuela de Phylon inyectado, un componente de baja densidad que optimiza el rebote y la absorci\u00f3n de impacto mediante una eficaz gesti\u00f3n de la energ\u00eda.","robots":{"index":"index","follow":"follow","max-snippet":"max-snippet:-1","max-image-preview":"max-image-preview:large","max-video-preview":"max-video-preview:-1"},"canonical":"https:\/\/revolutionpadelstore.com\/pt-pt\/produto\/nox-at10-lux-negro-rojo-5\/","og_locale":"pt_PT","og_type":"article","og_title":"NOX AT10 LUX NEGRO ROJO - Revolution Padel Store","og_description":"Estas zapatillas de p\u00e1del han sido fabricadas con materiales de la m\u00e1s alta calidad, ofreciendo una excelente amortiguaci\u00f3n gracias a su mediasuela de Phylon inyectado, un componente de baja densidad que optimiza el rebote y la absorci\u00f3n de impacto mediante una eficaz gesti\u00f3n de la energ\u00eda.","og_url":"https:\/\/revolutionpadelstore.com\/pt-pt\/produto\/nox-at10-lux-negro-rojo-5\/","og_site_name":"Revolution Padel Store","article_modified_time":"2026-04-08T08:21:34+00:00","og_image":[{"width":1000,"height":1000,"url":"https:\/\/revolutionpadelstore.com\/wp-content\/uploads\/2024\/11\/imagen_1_24128_efe75f49_e276.webp","type":"image\/webp"}],"twitter_card":"summary_large_image","twitter_misc":{"Tempo estimado de leitura":"1 minuto"},"schema":{"@context":"https:\/\/schema.org","@graph":[{"@type":"WebPage","@id":"https:\/\/revolutionpadelstore.com\/pt-pt\/produto\/nox-at10-lux-negro-rojo-5\/","url":"https:\/\/revolutionpadelstore.com\/pt-pt\/produto\/nox-at10-lux-negro-rojo-5\/","name":"NOX AT10 LUX NEGRO ROJO - Revolution Padel Store","isPartOf":{"@id":"https:\/\/revolutionpadelstore.com\/pt-pt\/#website"},"primaryImageOfPage":{"@id":"https:\/\/revolutionpadelstore.com\/pt-pt\/produto\/nox-at10-lux-negro-rojo-5\/#primaryimage"},"image":{"@id":"https:\/\/revolutionpadelstore.com\/pt-pt\/produto\/nox-at10-lux-negro-rojo-5\/#primaryimage"},"thumbnailUrl":"https:\/\/revolutionpadelstore.com\/wp-content\/uploads\/2024\/11\/imagen_1_24128_efe75f49_e276.webp","datePublished":"2024-11-15T07:03:29+00:00","dateModified":"2026-04-08T08:21:34+00:00","description":"Estas zapatillas de p\u00e1del han sido fabricadas con materiales de la m\u00e1s alta calidad, ofreciendo una excelente amortiguaci\u00f3n gracias a su mediasuela de Phylon inyectado, un componente de baja densidad que optimiza el rebote y la absorci\u00f3n de impacto mediante una eficaz gesti\u00f3n de la energ\u00eda.","breadcrumb":{"@id":"https:\/\/revolutionpadelstore.com\/pt-pt\/produto\/nox-at10-lux-negro-rojo-5\/#breadcrumb"},"inLanguage":"pt-PT","potentialAction":[{"@type":"ReadAction","target":["https:\/\/revolutionpadelstore.com\/pt-pt\/produto\/nox-at10-lux-negro-rojo-5\/"]}]},{"@type":"ImageObject","inLanguage":"pt-PT","@id":"https:\/\/revolutionpadelstore.com\/pt-pt\/produto\/nox-at10-lux-negro-rojo-5\/#primaryimage","url":"https:\/\/revolutionpadelstore.com\/wp-content\/uploads\/2024\/11\/imagen_1_24128_efe75f49_e276.webp","contentUrl":"https:\/\/revolutionpadelstore.com\/wp-content\/uploads\/2024\/11\/imagen_1_24128_efe75f49_e276.webp","width":1000,"height":1000},{"@type":"BreadcrumbList","@id":"https:\/\/revolutionpadelstore.com\/pt-pt\/produto\/nox-at10-lux-negro-rojo-5\/#breadcrumb","itemListElement":[{"@type":"ListItem","position":1,"name":"Portada","item":"https:\/\/revolutionpadelstore.com\/pt-pt\/"},{"@type":"ListItem","position":2,"name":"Tienda","item":"https:\/\/revolutionpadelstore.com\/pt-pt\/tienda\/"},{"@type":"ListItem","position":3,"name":"NOX AT10 LUX NEGRO ROJO"}]},{"@type":"WebSite","@id":"https:\/\/revolutionpadelstore.com\/pt-pt\/#website","url":"https:\/\/revolutionpadelstore.com\/pt-pt\/","name":"Revolution Padel Store","description":"","publisher":{"@id":"https:\/\/revolutionpadelstore.com\/pt-pt\/#organization"},"potentialAction":[{"@type":"SearchAction","target":{"@type":"EntryPoint","urlTemplate":"https:\/\/revolutionpadelstore.com\/pt-pt\/?s={search_term_string}"},"query-input":{"@type":"PropertyValueSpecification","valueRequired":true,"valueName":"search_term_string"}}],"inLanguage":"pt-PT"},{"@type":"Organization","@id":"https:\/\/revolutionpadelstore.com\/pt-pt\/#organization","name":"Revolution Padel Store","url":"https:\/\/revolutionpadelstore.com\/pt-pt\/","logo":{"@type":"ImageObject","inLanguage":"pt-PT","@id":"https:\/\/revolutionpadelstore.com\/pt-pt\/#\/schema\/logo\/image\/","url":"https:\/\/revolutionpadelstore.com\/wp-content\/uploads\/2026\/02\/revolution-padel-store.jpg","contentUrl":"https:\/\/revolutionpadelstore.com\/wp-content\/uploads\/2026\/02\/revolution-padel-store.jpg","width":2000,"height":2000,"caption":"Revolution Padel Store"},"image":{"@id":"https:\/\/revolutionpadelstore.com\/pt-pt\/#\/schema\/logo\/image\/"},"sameAs":["https:\/\/www.instagram.com\/revolutionpadelstore\/"]}]}},"_links":{"self":[{"href":"https:\/\/revolutionpadelstore.com\/pt-pt\/wp-json\/wp\/v2\/product\/119457","targetHints":{"allow":["GET"]}}],"collection":[{"href":"https:\/\/revolutionpadelstore.com\/pt-pt\/wp-json\/wp\/v2\/product"}],"about":[{"href":"https:\/\/revolutionpadelstore.com\/pt-pt\/wp-json\/wp\/v2\/types\/product"}],"replies":[{"embeddable":true,"href":"https:\/\/revolutionpadelstore.com\/pt-pt\/wp-json\/wp\/v2\/comments?post=119457"}],"wp:featuredmedia":[{"embeddable":true,"href":"https:\/\/revolutionpadelstore.com\/pt-pt\/wp-json\/wp\/v2\/media\/110592"}],"wp:attachment":[{"href":"https:\/\/revolutionpadelstore.com\/pt-pt\/wp-json\/wp\/v2\/media?parent=119457"}],"wp:term":[{"taxonomy":"acabado","embeddable":true,"href":"https:\/\/revolutionpadelstore.com\/pt-pt\/wp-json\/wp\/v2\/acabado?post=119457"},{"taxonomy":"balance","embeddable":true,"href":"https:\/\/revolutionpadelstore.com\/pt-pt\/wp-json\/wp\/v2\/balance?post=119457"},{"taxonomy":"dureza","embeddable":true,"href":"https:\/\/revolutionpadelstore.com\/pt-pt\/wp-json\/wp\/v2\/dureza?post=119457"},{"taxonomy":"forma","embeddable":true,"href":"https:\/\/revolutionpadelstore.com\/pt-pt\/wp-json\/wp\/v2\/forma?post=119457"},{"taxonomy":"jugador","embeddable":true,"href":"https:\/\/revolutionpadelstore.com\/pt-pt\/wp-json\/wp\/v2\/jugador?post=119457"},{"taxonomy":"marca","embeddable":true,"href":"https:\/\/revolutionpadelstore.com\/pt-pt\/wp-json\/wp\/v2\/marca?post=119457"},{"taxonomy":"nivel-de-juego","embeddable":true,"href":"https:\/\/revolutionpadelstore.com\/pt-pt\/wp-json\/wp\/v2\/nivel-de-juego?post=119457"},{"taxonomy":"superficie","embeddable":true,"href":"https:\/\/revolutionpadelstore.com\/pt-pt\/wp-json\/wp\/v2\/superficie?post=119457"},{"taxonomy":"tipo-de-juego","embeddable":true,"href":"https:\/\/revolutionpadelstore.com\/pt-pt\/wp-json\/wp\/v2\/tipo-de-juego?post=119457"},{"taxonomy":"product_brand","embeddable":true,"href":"https:\/\/revolutionpadelstore.com\/pt-pt\/wp-json\/wp\/v2\/product_brand?post=119457"},{"taxonomy":"product_cat","embeddable":true,"href":"https:\/\/revolutionpadelstore.com\/pt-pt\/wp-json\/wp\/v2\/product_cat?post=119457"},{"taxonomy":"product_tag","embeddable":true,"href":"https:\/\/revolutionpadelstore.com\/pt-pt\/wp-json\/wp\/v2\/product_tag?post=119457"}],"curies":[{"name":"wp","href":"https:\/\/api.w.org\/{rel}","templated":true}]}}