{"id":119452,"date":"2024-11-15T08:24:32","date_gmt":"2024-11-15T07:24:32","guid":{"rendered":"https:\/\/revolutionpadelstore.com\/nox-ml10-hexa-black-slate-grey\/"},"modified":"2026-04-08T10:19:55","modified_gmt":"2026-04-08T08:19:55","slug":"nox-ml10-hexa-black-slate-grey-5","status":"publish","type":"product","link":"https:\/\/revolutionpadelstore.com\/pt-pt\/produto\/nox-ml10-hexa-black-slate-grey-5\/","title":{"rendered":"NOX ML10 HEXA BLACK\/SLATE GREY"},"content":{"rendered":"<p><Div class=\"flex max-w-suppl-colup flex-grow\"><br \/>\n<Div class=\"Min-H-8-8-Message Flex W-suprime Flee Data-Message-Author-Role =\"><\/p>\n<div class=\"Flex W-Full Flex-Col Gap-1 Emty: Hidden First: pt- [3px]\">&gt;<\/p>\n<div class=\"Markdown continuou W-Full Break-Words Dark: Prose-Invert Dark\">\n<H2> NOX ML10 HEXA BLACK, INCR\u00cdVEL FIRENTES E APOIO <\/H2><br \/>\nNome ML10 HEXA Black Paddle Shoes s\u00e3o projetados para oferecer firmeza e suporte excepcionais, projetados para revolucionar o desempenho da sua faixa. Escolhidos por Miguel Lamperti para o Premier Padel Espanha 2024, esses sapatos oferecem maior desempenho e ajudam a minimizar o risco de les\u00f5es.<\/p>\n<p>Certificado pelo IcoScop Footwear Technology Center em Alicante, o ML10 Hexa da s\u00e9rie de luxo tem uma sola mista que combina picos e microtacacos, o que garante uma excelente ader\u00eancia e versatilidade em qualquer tipo de superf\u00edcie do jogo.<\/p>\n<p>Para garantir um amortecimento ideal e um excelente retorno de energia, os sapatos incluem uma planta de espuma Strobel Eva e um Phylon a meio caminho. Al\u00e9m disso, o modelo de ort\u00f3lito n\u00e3o apenas melhora o conforto, mas tamb\u00e9m oferece propriedades antimicrobianas para evitar a prolifera\u00e7\u00e3o de bact\u00e9rias, mantendo seus p\u00e9s frescos e confort\u00e1veis.<\/p>\n<p>O sistema lateral suporta a estabilidade em cada movimento, expandindo a superf\u00edcie de contato com o solo e reduzindo o risco de entorses. A tecnologia avan\u00e7ada da geometria da gravidade (AGG) facilita as partidas r\u00e1pidas e melhora a posi\u00e7\u00e3o de espera. Ele tamb\u00e9m incorpora o refor\u00e7o lateral da Abraxone, que aumenta a resist\u00eancia \u00e0 abras\u00e3o.<\/p>\n<p>Com o NOX ML10 Hexa Black, voc\u00ea pode melhorar seu desempenho na pista, desfrutar de um jogo mais seguro e eficiente e aumentar seu n\u00edvel ao m\u00e1ximo. N\u00e3o perca a oportunidade de levar seu jogo para o pr\u00f3ximo n\u00edvel!<\/p>\n<\/div>\n<\/div>\n<\/div>\n<\/div>\n","protected":false},"excerpt":{"rendered":"<p>O NOX ML10 Hexa 2024 \u00e9 o sapato favorito do jogador mais carism\u00e1tico do circuito de paddle, Miguel Lamperti. Ele confia neles tanto para o treinamento quanto para seus partidos oficiais, garantindo o desempenho ideal e o m\u00e1ximo conforto o tempo todo.<\/p>\n","protected":false},"featured_media":110600,"comment_status":"open","ping_status":"closed","template":"","meta":{"_acf_changed":false,"_joinchat":[]},"acabado":[],"balance":[],"dureza":[],"forma":[],"jugador":[1190],"marca":[1260],"nivel-de-juego":[],"superficie":[],"tipo-de-juego":[],"product_brand":[],"product_cat":[833],"product_tag":[],"class_list":{"0":"post-119452","1":"product","2":"type-product","3":"status-publish","4":"has-post-thumbnail","6":"jugador-homem","7":"marca-nox-pt-pt","8":"product_cat-tenis","10":"first","11":"outofstock","12":"sale","13":"taxable","14":"shipping-taxable","15":"purchasable","16":"product-type-variable"},"acf":[],"yoast_head":"<!-- This site is optimized with the Yoast SEO plugin v27.4 - https:\/\/yoast.com\/product\/yoast-seo-wordpress\/ -->\n<title>NOX ML10 HEXA BLACK\/SLATE GREY - Revolution Padel Store<\/title>\n<meta name=\"description\" content=\"Las zapatillas de p\u00e1del Nox ML10 Hexa Negro est\u00e1n dise\u00f1adas para ofrecer una firmeza y soporte excepcionales, pensadas para revolucionar tu rendimiento en la pista. Escogidas por Miguel Lamperti para el Premier Padel Espa\u00f1a 2024, estas zapatillas proporcionan un rendimiento superior y ayudan a minimizar el riesgo de lesiones.\" \/>\n<meta name=\"robots\" content=\"index, follow, max-snippet:-1, max-image-preview:large, max-video-preview:-1\" \/>\n<link rel=\"canonical\" href=\"https:\/\/revolutionpadelstore.com\/pt-pt\/produto\/nox-ml10-hexa-black-slate-grey-5\/\" \/>\n<meta property=\"og:locale\" content=\"pt_PT\" \/>\n<meta property=\"og:type\" content=\"article\" \/>\n<meta property=\"og:title\" content=\"NOX ML10 HEXA BLACK\/SLATE GREY - Revolution Padel Store\" \/>\n<meta property=\"og:description\" content=\"Las zapatillas de p\u00e1del Nox ML10 Hexa Negro est\u00e1n dise\u00f1adas para ofrecer una firmeza y soporte excepcionales, pensadas para revolucionar tu rendimiento en la pista. Escogidas por Miguel Lamperti para el Premier Padel Espa\u00f1a 2024, estas zapatillas proporcionan un rendimiento superior y ayudan a minimizar el riesgo de lesiones.\" \/>\n<meta property=\"og:url\" content=\"https:\/\/revolutionpadelstore.com\/pt-pt\/produto\/nox-ml10-hexa-black-slate-grey-5\/\" \/>\n<meta property=\"og:site_name\" content=\"Revolution Padel Store\" \/>\n<meta property=\"article:modified_time\" content=\"2026-04-08T08:19:55+00:00\" \/>\n<meta property=\"og:image\" content=\"https:\/\/revolutionpadelstore.com\/wp-content\/uploads\/2024\/11\/113140_zapatillas_nox_ml10_hexa_calmlhexblgs_1500x1500_1_4667.webp\" \/>\n\t<meta property=\"og:image:width\" content=\"1500\" \/>\n\t<meta property=\"og:image:height\" content=\"1500\" \/>\n\t<meta property=\"og:image:type\" content=\"image\/webp\" \/>\n<meta name=\"twitter:card\" content=\"summary_large_image\" \/>\n<meta name=\"twitter:label1\" content=\"Tempo estimado de leitura\" \/>\n\t<meta name=\"twitter:data1\" content=\"2 minutos\" \/>\n<script type=\"application\/ld+json\" class=\"yoast-schema-graph\">{\"@context\":\"https:\\\/\\\/schema.org\",\"@graph\":[{\"@type\":\"WebPage\",\"@id\":\"https:\\\/\\\/revolutionpadelstore.com\\\/pt-pt\\\/produto\\\/nox-ml10-hexa-black-slate-grey-5\\\/\",\"url\":\"https:\\\/\\\/revolutionpadelstore.com\\\/pt-pt\\\/produto\\\/nox-ml10-hexa-black-slate-grey-5\\\/\",\"name\":\"NOX ML10 HEXA BLACK\\\/SLATE GREY - Revolution Padel Store\",\"isPartOf\":{\"@id\":\"https:\\\/\\\/revolutionpadelstore.com\\\/pt-pt\\\/#website\"},\"primaryImageOfPage\":{\"@id\":\"https:\\\/\\\/revolutionpadelstore.com\\\/pt-pt\\\/produto\\\/nox-ml10-hexa-black-slate-grey-5\\\/#primaryimage\"},\"image\":{\"@id\":\"https:\\\/\\\/revolutionpadelstore.com\\\/pt-pt\\\/produto\\\/nox-ml10-hexa-black-slate-grey-5\\\/#primaryimage\"},\"thumbnailUrl\":\"https:\\\/\\\/revolutionpadelstore.com\\\/wp-content\\\/uploads\\\/2024\\\/11\\\/113140_zapatillas_nox_ml10_hexa_calmlhexblgs_1500x1500_1_4667.webp\",\"datePublished\":\"2024-11-15T07:24:32+00:00\",\"dateModified\":\"2026-04-08T08:19:55+00:00\",\"description\":\"Las zapatillas de p\u00e1del Nox ML10 Hexa Negro est\u00e1n dise\u00f1adas para ofrecer una firmeza y soporte excepcionales, pensadas para revolucionar tu rendimiento en la pista. Escogidas por Miguel Lamperti para el Premier Padel Espa\u00f1a 2024, estas zapatillas proporcionan un rendimiento superior y ayudan a minimizar el riesgo de lesiones.\",\"breadcrumb\":{\"@id\":\"https:\\\/\\\/revolutionpadelstore.com\\\/pt-pt\\\/produto\\\/nox-ml10-hexa-black-slate-grey-5\\\/#breadcrumb\"},\"inLanguage\":\"pt-PT\",\"potentialAction\":[{\"@type\":\"ReadAction\",\"target\":[\"https:\\\/\\\/revolutionpadelstore.com\\\/pt-pt\\\/produto\\\/nox-ml10-hexa-black-slate-grey-5\\\/\"]}]},{\"@type\":\"ImageObject\",\"inLanguage\":\"pt-PT\",\"@id\":\"https:\\\/\\\/revolutionpadelstore.com\\\/pt-pt\\\/produto\\\/nox-ml10-hexa-black-slate-grey-5\\\/#primaryimage\",\"url\":\"https:\\\/\\\/revolutionpadelstore.com\\\/wp-content\\\/uploads\\\/2024\\\/11\\\/113140_zapatillas_nox_ml10_hexa_calmlhexblgs_1500x1500_1_4667.webp\",\"contentUrl\":\"https:\\\/\\\/revolutionpadelstore.com\\\/wp-content\\\/uploads\\\/2024\\\/11\\\/113140_zapatillas_nox_ml10_hexa_calmlhexblgs_1500x1500_1_4667.webp\",\"width\":1500,\"height\":1500},{\"@type\":\"BreadcrumbList\",\"@id\":\"https:\\\/\\\/revolutionpadelstore.com\\\/pt-pt\\\/produto\\\/nox-ml10-hexa-black-slate-grey-5\\\/#breadcrumb\",\"itemListElement\":[{\"@type\":\"ListItem\",\"position\":1,\"name\":\"Portada\",\"item\":\"https:\\\/\\\/revolutionpadelstore.com\\\/pt-pt\\\/\"},{\"@type\":\"ListItem\",\"position\":2,\"name\":\"Tienda\",\"item\":\"https:\\\/\\\/revolutionpadelstore.com\\\/pt-pt\\\/tienda\\\/\"},{\"@type\":\"ListItem\",\"position\":3,\"name\":\"NOX ML10 HEXA BLACK\\\/SLATE GREY\"}]},{\"@type\":\"WebSite\",\"@id\":\"https:\\\/\\\/revolutionpadelstore.com\\\/pt-pt\\\/#website\",\"url\":\"https:\\\/\\\/revolutionpadelstore.com\\\/pt-pt\\\/\",\"name\":\"Revolution Padel Store\",\"description\":\"\",\"publisher\":{\"@id\":\"https:\\\/\\\/revolutionpadelstore.com\\\/pt-pt\\\/#organization\"},\"potentialAction\":[{\"@type\":\"SearchAction\",\"target\":{\"@type\":\"EntryPoint\",\"urlTemplate\":\"https:\\\/\\\/revolutionpadelstore.com\\\/pt-pt\\\/?s={search_term_string}\"},\"query-input\":{\"@type\":\"PropertyValueSpecification\",\"valueRequired\":true,\"valueName\":\"search_term_string\"}}],\"inLanguage\":\"pt-PT\"},{\"@type\":\"Organization\",\"@id\":\"https:\\\/\\\/revolutionpadelstore.com\\\/pt-pt\\\/#organization\",\"name\":\"Revolution Padel Store\",\"url\":\"https:\\\/\\\/revolutionpadelstore.com\\\/pt-pt\\\/\",\"logo\":{\"@type\":\"ImageObject\",\"inLanguage\":\"pt-PT\",\"@id\":\"https:\\\/\\\/revolutionpadelstore.com\\\/pt-pt\\\/#\\\/schema\\\/logo\\\/image\\\/\",\"url\":\"https:\\\/\\\/revolutionpadelstore.com\\\/wp-content\\\/uploads\\\/2026\\\/02\\\/revolution-padel-store.jpg\",\"contentUrl\":\"https:\\\/\\\/revolutionpadelstore.com\\\/wp-content\\\/uploads\\\/2026\\\/02\\\/revolution-padel-store.jpg\",\"width\":2000,\"height\":2000,\"caption\":\"Revolution Padel Store\"},\"image\":{\"@id\":\"https:\\\/\\\/revolutionpadelstore.com\\\/pt-pt\\\/#\\\/schema\\\/logo\\\/image\\\/\"},\"sameAs\":[\"https:\\\/\\\/www.instagram.com\\\/revolutionpadelstore\\\/\"]}]}<\/script>\n<!-- \/ Yoast SEO plugin. -->","yoast_head_json":{"title":"NOX ML10 HEXA BLACK\/SLATE GREY - Revolution Padel Store","description":"Las zapatillas de p\u00e1del Nox ML10 Hexa Negro est\u00e1n dise\u00f1adas para ofrecer una firmeza y soporte excepcionales, pensadas para revolucionar tu rendimiento en la pista. Escogidas por Miguel Lamperti para el Premier Padel Espa\u00f1a 2024, estas zapatillas proporcionan un rendimiento superior y ayudan a minimizar el riesgo de lesiones.","robots":{"index":"index","follow":"follow","max-snippet":"max-snippet:-1","max-image-preview":"max-image-preview:large","max-video-preview":"max-video-preview:-1"},"canonical":"https:\/\/revolutionpadelstore.com\/pt-pt\/produto\/nox-ml10-hexa-black-slate-grey-5\/","og_locale":"pt_PT","og_type":"article","og_title":"NOX ML10 HEXA BLACK\/SLATE GREY - Revolution Padel Store","og_description":"Las zapatillas de p\u00e1del Nox ML10 Hexa Negro est\u00e1n dise\u00f1adas para ofrecer una firmeza y soporte excepcionales, pensadas para revolucionar tu rendimiento en la pista. Escogidas por Miguel Lamperti para el Premier Padel Espa\u00f1a 2024, estas zapatillas proporcionan un rendimiento superior y ayudan a minimizar el riesgo de lesiones.","og_url":"https:\/\/revolutionpadelstore.com\/pt-pt\/produto\/nox-ml10-hexa-black-slate-grey-5\/","og_site_name":"Revolution Padel Store","article_modified_time":"2026-04-08T08:19:55+00:00","og_image":[{"width":1500,"height":1500,"url":"https:\/\/revolutionpadelstore.com\/wp-content\/uploads\/2024\/11\/113140_zapatillas_nox_ml10_hexa_calmlhexblgs_1500x1500_1_4667.webp","type":"image\/webp"}],"twitter_card":"summary_large_image","twitter_misc":{"Tempo estimado de leitura":"2 minutos"},"schema":{"@context":"https:\/\/schema.org","@graph":[{"@type":"WebPage","@id":"https:\/\/revolutionpadelstore.com\/pt-pt\/produto\/nox-ml10-hexa-black-slate-grey-5\/","url":"https:\/\/revolutionpadelstore.com\/pt-pt\/produto\/nox-ml10-hexa-black-slate-grey-5\/","name":"NOX ML10 HEXA BLACK\/SLATE GREY - Revolution Padel Store","isPartOf":{"@id":"https:\/\/revolutionpadelstore.com\/pt-pt\/#website"},"primaryImageOfPage":{"@id":"https:\/\/revolutionpadelstore.com\/pt-pt\/produto\/nox-ml10-hexa-black-slate-grey-5\/#primaryimage"},"image":{"@id":"https:\/\/revolutionpadelstore.com\/pt-pt\/produto\/nox-ml10-hexa-black-slate-grey-5\/#primaryimage"},"thumbnailUrl":"https:\/\/revolutionpadelstore.com\/wp-content\/uploads\/2024\/11\/113140_zapatillas_nox_ml10_hexa_calmlhexblgs_1500x1500_1_4667.webp","datePublished":"2024-11-15T07:24:32+00:00","dateModified":"2026-04-08T08:19:55+00:00","description":"Las zapatillas de p\u00e1del Nox ML10 Hexa Negro est\u00e1n dise\u00f1adas para ofrecer una firmeza y soporte excepcionales, pensadas para revolucionar tu rendimiento en la pista. Escogidas por Miguel Lamperti para el Premier Padel Espa\u00f1a 2024, estas zapatillas proporcionan un rendimiento superior y ayudan a minimizar el riesgo de lesiones.","breadcrumb":{"@id":"https:\/\/revolutionpadelstore.com\/pt-pt\/produto\/nox-ml10-hexa-black-slate-grey-5\/#breadcrumb"},"inLanguage":"pt-PT","potentialAction":[{"@type":"ReadAction","target":["https:\/\/revolutionpadelstore.com\/pt-pt\/produto\/nox-ml10-hexa-black-slate-grey-5\/"]}]},{"@type":"ImageObject","inLanguage":"pt-PT","@id":"https:\/\/revolutionpadelstore.com\/pt-pt\/produto\/nox-ml10-hexa-black-slate-grey-5\/#primaryimage","url":"https:\/\/revolutionpadelstore.com\/wp-content\/uploads\/2024\/11\/113140_zapatillas_nox_ml10_hexa_calmlhexblgs_1500x1500_1_4667.webp","contentUrl":"https:\/\/revolutionpadelstore.com\/wp-content\/uploads\/2024\/11\/113140_zapatillas_nox_ml10_hexa_calmlhexblgs_1500x1500_1_4667.webp","width":1500,"height":1500},{"@type":"BreadcrumbList","@id":"https:\/\/revolutionpadelstore.com\/pt-pt\/produto\/nox-ml10-hexa-black-slate-grey-5\/#breadcrumb","itemListElement":[{"@type":"ListItem","position":1,"name":"Portada","item":"https:\/\/revolutionpadelstore.com\/pt-pt\/"},{"@type":"ListItem","position":2,"name":"Tienda","item":"https:\/\/revolutionpadelstore.com\/pt-pt\/tienda\/"},{"@type":"ListItem","position":3,"name":"NOX ML10 HEXA BLACK\/SLATE GREY"}]},{"@type":"WebSite","@id":"https:\/\/revolutionpadelstore.com\/pt-pt\/#website","url":"https:\/\/revolutionpadelstore.com\/pt-pt\/","name":"Revolution Padel Store","description":"","publisher":{"@id":"https:\/\/revolutionpadelstore.com\/pt-pt\/#organization"},"potentialAction":[{"@type":"SearchAction","target":{"@type":"EntryPoint","urlTemplate":"https:\/\/revolutionpadelstore.com\/pt-pt\/?s={search_term_string}"},"query-input":{"@type":"PropertyValueSpecification","valueRequired":true,"valueName":"search_term_string"}}],"inLanguage":"pt-PT"},{"@type":"Organization","@id":"https:\/\/revolutionpadelstore.com\/pt-pt\/#organization","name":"Revolution Padel Store","url":"https:\/\/revolutionpadelstore.com\/pt-pt\/","logo":{"@type":"ImageObject","inLanguage":"pt-PT","@id":"https:\/\/revolutionpadelstore.com\/pt-pt\/#\/schema\/logo\/image\/","url":"https:\/\/revolutionpadelstore.com\/wp-content\/uploads\/2026\/02\/revolution-padel-store.jpg","contentUrl":"https:\/\/revolutionpadelstore.com\/wp-content\/uploads\/2026\/02\/revolution-padel-store.jpg","width":2000,"height":2000,"caption":"Revolution Padel Store"},"image":{"@id":"https:\/\/revolutionpadelstore.com\/pt-pt\/#\/schema\/logo\/image\/"},"sameAs":["https:\/\/www.instagram.com\/revolutionpadelstore\/"]}]}},"_links":{"self":[{"href":"https:\/\/revolutionpadelstore.com\/pt-pt\/wp-json\/wp\/v2\/product\/119452","targetHints":{"allow":["GET"]}}],"collection":[{"href":"https:\/\/revolutionpadelstore.com\/pt-pt\/wp-json\/wp\/v2\/product"}],"about":[{"href":"https:\/\/revolutionpadelstore.com\/pt-pt\/wp-json\/wp\/v2\/types\/product"}],"replies":[{"embeddable":true,"href":"https:\/\/revolutionpadelstore.com\/pt-pt\/wp-json\/wp\/v2\/comments?post=119452"}],"wp:featuredmedia":[{"embeddable":true,"href":"https:\/\/revolutionpadelstore.com\/pt-pt\/wp-json\/wp\/v2\/media\/110600"}],"wp:attachment":[{"href":"https:\/\/revolutionpadelstore.com\/pt-pt\/wp-json\/wp\/v2\/media?parent=119452"}],"wp:term":[{"taxonomy":"acabado","embeddable":true,"href":"https:\/\/revolutionpadelstore.com\/pt-pt\/wp-json\/wp\/v2\/acabado?post=119452"},{"taxonomy":"balance","embeddable":true,"href":"https:\/\/revolutionpadelstore.com\/pt-pt\/wp-json\/wp\/v2\/balance?post=119452"},{"taxonomy":"dureza","embeddable":true,"href":"https:\/\/revolutionpadelstore.com\/pt-pt\/wp-json\/wp\/v2\/dureza?post=119452"},{"taxonomy":"forma","embeddable":true,"href":"https:\/\/revolutionpadelstore.com\/pt-pt\/wp-json\/wp\/v2\/forma?post=119452"},{"taxonomy":"jugador","embeddable":true,"href":"https:\/\/revolutionpadelstore.com\/pt-pt\/wp-json\/wp\/v2\/jugador?post=119452"},{"taxonomy":"marca","embeddable":true,"href":"https:\/\/revolutionpadelstore.com\/pt-pt\/wp-json\/wp\/v2\/marca?post=119452"},{"taxonomy":"nivel-de-juego","embeddable":true,"href":"https:\/\/revolutionpadelstore.com\/pt-pt\/wp-json\/wp\/v2\/nivel-de-juego?post=119452"},{"taxonomy":"superficie","embeddable":true,"href":"https:\/\/revolutionpadelstore.com\/pt-pt\/wp-json\/wp\/v2\/superficie?post=119452"},{"taxonomy":"tipo-de-juego","embeddable":true,"href":"https:\/\/revolutionpadelstore.com\/pt-pt\/wp-json\/wp\/v2\/tipo-de-juego?post=119452"},{"taxonomy":"product_brand","embeddable":true,"href":"https:\/\/revolutionpadelstore.com\/pt-pt\/wp-json\/wp\/v2\/product_brand?post=119452"},{"taxonomy":"product_cat","embeddable":true,"href":"https:\/\/revolutionpadelstore.com\/pt-pt\/wp-json\/wp\/v2\/product_cat?post=119452"},{"taxonomy":"product_tag","embeddable":true,"href":"https:\/\/revolutionpadelstore.com\/pt-pt\/wp-json\/wp\/v2\/product_tag?post=119452"}],"curies":[{"name":"wp","href":"https:\/\/api.w.org\/{rel}","templated":true}]}}