{"id":119441,"date":"2024-11-15T08:41:05","date_gmt":"2024-11-15T07:41:05","guid":{"rendered":"https:\/\/revolutionpadelstore.com\/paletero-nox-luxury-master-series-blanco-negro\/"},"modified":"2026-04-08T10:19:31","modified_gmt":"2026-04-08T08:19:31","slug":"paletero-nox-luxury-master-series-blanco-negro-5","status":"publish","type":"product","link":"https:\/\/revolutionpadelstore.com\/pt-pt\/produto\/paletero-nox-luxury-master-series-blanco-negro-5\/","title":{"rendered":"PALETERO NOX LUXURY MASTER SERIES BLANCO NEGRO"},"content":{"rendered":"<p><H2> Paletero Nox Luxury Master Series preto preto, \u00f3tima resist\u00eancia <\/h2>\n<p>A s\u00e9rie de mestres de luxo de NOx, em uma elegante cor em preto e branco, foi projetada para oferecer uma experi\u00eancia de uso exclusiva. Fabricado com estado -of -ATT Materiais t\u00e9cnicos e t\u00eaxteis de alta qualidade, garante grande resist\u00eancia ao desgaste e, ao mesmo tempo, um peso mais leve. Uma combina\u00e7\u00e3o perfeita de durabilidade, estilo e funcionalidade.<\/p>\n<p>Com uma capacidade de 60 litros e dimens\u00f5es de 60x30x35 cm, este paletero permite transportar toda a sua equipe sem deixar nada para tr\u00e1s. Seu design inclui a op\u00e7\u00e3o de mochila, mas com al\u00e7as remov\u00edveis, que oferecem grande versatilidade e conforto no transporte.<\/p>\n<p><strong> base r\u00edgida e al\u00e7a ergon\u00f4mica <\/strong><\/p>\n<p>Este paletero se destaca por sua excelente capacidade de armazenamento, com um compartimento principal de facilmente acess\u00edvel, gra\u00e7as \u00e0 abertura lateral, onde voc\u00ea pode armazenar at\u00e9 3 p\u00e1s, roupas ou qualquer outro acess\u00f3rio esportivo. Ele tamb\u00e9m possui um compartimento ventilado para sapatos, permitindo circula\u00e7\u00e3o de ar eficiente e mant\u00e9m o restante do seu equipamento limpo e seco.<\/p>\n<p>Al\u00e9m disso, o paletero incorpora dois compartimentos laterais: um com uma superf\u00edcie r\u00edgida que fornece maior prote\u00e7\u00e3o e outra com v\u00e1rios bolsos para organizar seus objetos pessoais e acess\u00e1 -los rapidamente. Ele tamb\u00e9m possui um compartimento t\u00e9rmico com a tecnologia Thermotch, que mant\u00e9m suas p\u00e1s e outros objetos sens\u00edveis \u00e0 temperatura em condi\u00e7\u00f5es ideais.<\/p>\n<p>Com a s\u00e9rie de mestres de luxo da NOX, voc\u00ea ter\u00e1 tudo o que precisa para manter sua equipe organizada e segura, enquanto desfruta de um design pr\u00e1tico e sofisticado.<\/p>\n<h2>Paletero Nox Luxury Master Series Blanco Negro, gran resistencia<\/h2>\n","protected":false},"excerpt":{"rendered":"<p>Descubra o novo mestre de luxo da Paletero Padel, projetado com o melhor material t\u00eaxtil e t\u00e9cnico para reduzir o peso e aumentar a resist\u00eancia, oferecendo uma combina\u00e7\u00e3o perfeita de estilo, funcionalidade e durabilidade. Em preto\/branco.<\/p>\n","protected":false},"featured_media":110631,"comment_status":"open","ping_status":"closed","template":"","meta":{"_acf_changed":false,"_joinchat":[]},"acabado":[],"balance":[],"dureza":[],"forma":[],"jugador":[],"marca":[1260],"nivel-de-juego":[],"superficie":[],"tipo-de-juego":[],"product_brand":[],"product_cat":[316],"product_tag":[],"class_list":{"0":"post-119441","1":"product","2":"type-product","3":"status-publish","4":"has-post-thumbnail","6":"marca-nox-pt-pt","7":"product_cat-bolsas-pt-pt","9":"first","10":"outofstock","11":"sale","12":"taxable","13":"shipping-taxable","14":"purchasable","15":"product-type-simple"},"acf":[],"yoast_head":"<!-- This site is optimized with the Yoast SEO plugin v27.4 - https:\/\/yoast.com\/product\/yoast-seo-wordpress\/ -->\n<title>PALETERO NOX LUXURY MASTER SERIES BLANCO NEGRO - Revolution Padel Store<\/title>\n<meta name=\"description\" content=\"El Paletero Luxury Master Series de Nox, en un elegante color blanco y negro, est\u00e1 dise\u00f1ado para ofrecer una experiencia de uso inigualable. Fabricado con materiales t\u00e9cnicos de \u00faltima generaci\u00f3n y textiles de alta calidad, garantiza una gran resistencia al desgaste y, al mismo tiempo, un peso m\u00e1s ligero. Una combinaci\u00f3n perfecta de durabilidad, estilo y funcionalidad.\" \/>\n<meta name=\"robots\" content=\"index, follow, max-snippet:-1, max-image-preview:large, max-video-preview:-1\" \/>\n<link rel=\"canonical\" href=\"https:\/\/revolutionpadelstore.com\/pt-pt\/produto\/paletero-nox-luxury-master-series-blanco-negro-5\/\" \/>\n<meta property=\"og:locale\" content=\"pt_PT\" \/>\n<meta property=\"og:type\" content=\"article\" \/>\n<meta property=\"og:title\" content=\"PALETERO NOX LUXURY MASTER SERIES BLANCO NEGRO - Revolution Padel Store\" \/>\n<meta property=\"og:description\" content=\"El Paletero Luxury Master Series de Nox, en un elegante color blanco y negro, est\u00e1 dise\u00f1ado para ofrecer una experiencia de uso inigualable. Fabricado con materiales t\u00e9cnicos de \u00faltima generaci\u00f3n y textiles de alta calidad, garantiza una gran resistencia al desgaste y, al mismo tiempo, un peso m\u00e1s ligero. Una combinaci\u00f3n perfecta de durabilidad, estilo y funcionalidad.\" \/>\n<meta property=\"og:url\" content=\"https:\/\/revolutionpadelstore.com\/pt-pt\/produto\/paletero-nox-luxury-master-series-blanco-negro-5\/\" \/>\n<meta property=\"og:site_name\" content=\"Revolution Padel Store\" \/>\n<meta property=\"article:modified_time\" content=\"2026-04-08T08:19:31+00:00\" \/>\n<meta property=\"og:image\" content=\"https:\/\/revolutionpadelstore.com\/wp-content\/uploads\/2024\/11\/113157_paletero_nox_luxury_master_series_bpluxmaster_1500x1500_1_a40c.webp\" \/>\n\t<meta property=\"og:image:width\" content=\"1500\" \/>\n\t<meta property=\"og:image:height\" content=\"1500\" \/>\n\t<meta property=\"og:image:type\" content=\"image\/webp\" \/>\n<meta name=\"twitter:card\" content=\"summary_large_image\" \/>\n<meta name=\"twitter:label1\" content=\"Tempo estimado de leitura\" \/>\n\t<meta name=\"twitter:data1\" content=\"1 minuto\" \/>\n<script type=\"application\/ld+json\" class=\"yoast-schema-graph\">{\"@context\":\"https:\\\/\\\/schema.org\",\"@graph\":[{\"@type\":\"WebPage\",\"@id\":\"https:\\\/\\\/revolutionpadelstore.com\\\/pt-pt\\\/produto\\\/paletero-nox-luxury-master-series-blanco-negro-5\\\/\",\"url\":\"https:\\\/\\\/revolutionpadelstore.com\\\/pt-pt\\\/produto\\\/paletero-nox-luxury-master-series-blanco-negro-5\\\/\",\"name\":\"PALETERO NOX LUXURY MASTER SERIES BLANCO NEGRO - Revolution Padel Store\",\"isPartOf\":{\"@id\":\"https:\\\/\\\/revolutionpadelstore.com\\\/pt-pt\\\/#website\"},\"primaryImageOfPage\":{\"@id\":\"https:\\\/\\\/revolutionpadelstore.com\\\/pt-pt\\\/produto\\\/paletero-nox-luxury-master-series-blanco-negro-5\\\/#primaryimage\"},\"image\":{\"@id\":\"https:\\\/\\\/revolutionpadelstore.com\\\/pt-pt\\\/produto\\\/paletero-nox-luxury-master-series-blanco-negro-5\\\/#primaryimage\"},\"thumbnailUrl\":\"https:\\\/\\\/revolutionpadelstore.com\\\/wp-content\\\/uploads\\\/2024\\\/11\\\/113157_paletero_nox_luxury_master_series_bpluxmaster_1500x1500_1_a40c.webp\",\"datePublished\":\"2024-11-15T07:41:05+00:00\",\"dateModified\":\"2026-04-08T08:19:31+00:00\",\"description\":\"El Paletero Luxury Master Series de Nox, en un elegante color blanco y negro, est\u00e1 dise\u00f1ado para ofrecer una experiencia de uso inigualable. Fabricado con materiales t\u00e9cnicos de \u00faltima generaci\u00f3n y textiles de alta calidad, garantiza una gran resistencia al desgaste y, al mismo tiempo, un peso m\u00e1s ligero. Una combinaci\u00f3n perfecta de durabilidad, estilo y funcionalidad.\",\"breadcrumb\":{\"@id\":\"https:\\\/\\\/revolutionpadelstore.com\\\/pt-pt\\\/produto\\\/paletero-nox-luxury-master-series-blanco-negro-5\\\/#breadcrumb\"},\"inLanguage\":\"pt-PT\",\"potentialAction\":[{\"@type\":\"ReadAction\",\"target\":[\"https:\\\/\\\/revolutionpadelstore.com\\\/pt-pt\\\/produto\\\/paletero-nox-luxury-master-series-blanco-negro-5\\\/\"]}]},{\"@type\":\"ImageObject\",\"inLanguage\":\"pt-PT\",\"@id\":\"https:\\\/\\\/revolutionpadelstore.com\\\/pt-pt\\\/produto\\\/paletero-nox-luxury-master-series-blanco-negro-5\\\/#primaryimage\",\"url\":\"https:\\\/\\\/revolutionpadelstore.com\\\/wp-content\\\/uploads\\\/2024\\\/11\\\/113157_paletero_nox_luxury_master_series_bpluxmaster_1500x1500_1_a40c.webp\",\"contentUrl\":\"https:\\\/\\\/revolutionpadelstore.com\\\/wp-content\\\/uploads\\\/2024\\\/11\\\/113157_paletero_nox_luxury_master_series_bpluxmaster_1500x1500_1_a40c.webp\",\"width\":1500,\"height\":1500},{\"@type\":\"BreadcrumbList\",\"@id\":\"https:\\\/\\\/revolutionpadelstore.com\\\/pt-pt\\\/produto\\\/paletero-nox-luxury-master-series-blanco-negro-5\\\/#breadcrumb\",\"itemListElement\":[{\"@type\":\"ListItem\",\"position\":1,\"name\":\"Portada\",\"item\":\"https:\\\/\\\/revolutionpadelstore.com\\\/pt-pt\\\/\"},{\"@type\":\"ListItem\",\"position\":2,\"name\":\"Tienda\",\"item\":\"https:\\\/\\\/revolutionpadelstore.com\\\/pt-pt\\\/tienda\\\/\"},{\"@type\":\"ListItem\",\"position\":3,\"name\":\"PALETERO NOX LUXURY MASTER SERIES BLANCO NEGRO\"}]},{\"@type\":\"WebSite\",\"@id\":\"https:\\\/\\\/revolutionpadelstore.com\\\/pt-pt\\\/#website\",\"url\":\"https:\\\/\\\/revolutionpadelstore.com\\\/pt-pt\\\/\",\"name\":\"Revolution Padel Store\",\"description\":\"\",\"publisher\":{\"@id\":\"https:\\\/\\\/revolutionpadelstore.com\\\/pt-pt\\\/#organization\"},\"potentialAction\":[{\"@type\":\"SearchAction\",\"target\":{\"@type\":\"EntryPoint\",\"urlTemplate\":\"https:\\\/\\\/revolutionpadelstore.com\\\/pt-pt\\\/?s={search_term_string}\"},\"query-input\":{\"@type\":\"PropertyValueSpecification\",\"valueRequired\":true,\"valueName\":\"search_term_string\"}}],\"inLanguage\":\"pt-PT\"},{\"@type\":\"Organization\",\"@id\":\"https:\\\/\\\/revolutionpadelstore.com\\\/pt-pt\\\/#organization\",\"name\":\"Revolution Padel Store\",\"url\":\"https:\\\/\\\/revolutionpadelstore.com\\\/pt-pt\\\/\",\"logo\":{\"@type\":\"ImageObject\",\"inLanguage\":\"pt-PT\",\"@id\":\"https:\\\/\\\/revolutionpadelstore.com\\\/pt-pt\\\/#\\\/schema\\\/logo\\\/image\\\/\",\"url\":\"https:\\\/\\\/revolutionpadelstore.com\\\/wp-content\\\/uploads\\\/2026\\\/02\\\/revolution-padel-store.jpg\",\"contentUrl\":\"https:\\\/\\\/revolutionpadelstore.com\\\/wp-content\\\/uploads\\\/2026\\\/02\\\/revolution-padel-store.jpg\",\"width\":2000,\"height\":2000,\"caption\":\"Revolution Padel Store\"},\"image\":{\"@id\":\"https:\\\/\\\/revolutionpadelstore.com\\\/pt-pt\\\/#\\\/schema\\\/logo\\\/image\\\/\"},\"sameAs\":[\"https:\\\/\\\/www.instagram.com\\\/revolutionpadelstore\\\/\"]}]}<\/script>\n<!-- \/ Yoast SEO plugin. -->","yoast_head_json":{"title":"PALETERO NOX LUXURY MASTER SERIES BLANCO NEGRO - Revolution Padel Store","description":"El Paletero Luxury Master Series de Nox, en un elegante color blanco y negro, est\u00e1 dise\u00f1ado para ofrecer una experiencia de uso inigualable. Fabricado con materiales t\u00e9cnicos de \u00faltima generaci\u00f3n y textiles de alta calidad, garantiza una gran resistencia al desgaste y, al mismo tiempo, un peso m\u00e1s ligero. Una combinaci\u00f3n perfecta de durabilidad, estilo y funcionalidad.","robots":{"index":"index","follow":"follow","max-snippet":"max-snippet:-1","max-image-preview":"max-image-preview:large","max-video-preview":"max-video-preview:-1"},"canonical":"https:\/\/revolutionpadelstore.com\/pt-pt\/produto\/paletero-nox-luxury-master-series-blanco-negro-5\/","og_locale":"pt_PT","og_type":"article","og_title":"PALETERO NOX LUXURY MASTER SERIES BLANCO NEGRO - Revolution Padel Store","og_description":"El Paletero Luxury Master Series de Nox, en un elegante color blanco y negro, est\u00e1 dise\u00f1ado para ofrecer una experiencia de uso inigualable. Fabricado con materiales t\u00e9cnicos de \u00faltima generaci\u00f3n y textiles de alta calidad, garantiza una gran resistencia al desgaste y, al mismo tiempo, un peso m\u00e1s ligero. Una combinaci\u00f3n perfecta de durabilidad, estilo y funcionalidad.","og_url":"https:\/\/revolutionpadelstore.com\/pt-pt\/produto\/paletero-nox-luxury-master-series-blanco-negro-5\/","og_site_name":"Revolution Padel Store","article_modified_time":"2026-04-08T08:19:31+00:00","og_image":[{"width":1500,"height":1500,"url":"https:\/\/revolutionpadelstore.com\/wp-content\/uploads\/2024\/11\/113157_paletero_nox_luxury_master_series_bpluxmaster_1500x1500_1_a40c.webp","type":"image\/webp"}],"twitter_card":"summary_large_image","twitter_misc":{"Tempo estimado de leitura":"1 minuto"},"schema":{"@context":"https:\/\/schema.org","@graph":[{"@type":"WebPage","@id":"https:\/\/revolutionpadelstore.com\/pt-pt\/produto\/paletero-nox-luxury-master-series-blanco-negro-5\/","url":"https:\/\/revolutionpadelstore.com\/pt-pt\/produto\/paletero-nox-luxury-master-series-blanco-negro-5\/","name":"PALETERO NOX LUXURY MASTER SERIES BLANCO NEGRO - Revolution Padel Store","isPartOf":{"@id":"https:\/\/revolutionpadelstore.com\/pt-pt\/#website"},"primaryImageOfPage":{"@id":"https:\/\/revolutionpadelstore.com\/pt-pt\/produto\/paletero-nox-luxury-master-series-blanco-negro-5\/#primaryimage"},"image":{"@id":"https:\/\/revolutionpadelstore.com\/pt-pt\/produto\/paletero-nox-luxury-master-series-blanco-negro-5\/#primaryimage"},"thumbnailUrl":"https:\/\/revolutionpadelstore.com\/wp-content\/uploads\/2024\/11\/113157_paletero_nox_luxury_master_series_bpluxmaster_1500x1500_1_a40c.webp","datePublished":"2024-11-15T07:41:05+00:00","dateModified":"2026-04-08T08:19:31+00:00","description":"El Paletero Luxury Master Series de Nox, en un elegante color blanco y negro, est\u00e1 dise\u00f1ado para ofrecer una experiencia de uso inigualable. Fabricado con materiales t\u00e9cnicos de \u00faltima generaci\u00f3n y textiles de alta calidad, garantiza una gran resistencia al desgaste y, al mismo tiempo, un peso m\u00e1s ligero. Una combinaci\u00f3n perfecta de durabilidad, estilo y funcionalidad.","breadcrumb":{"@id":"https:\/\/revolutionpadelstore.com\/pt-pt\/produto\/paletero-nox-luxury-master-series-blanco-negro-5\/#breadcrumb"},"inLanguage":"pt-PT","potentialAction":[{"@type":"ReadAction","target":["https:\/\/revolutionpadelstore.com\/pt-pt\/produto\/paletero-nox-luxury-master-series-blanco-negro-5\/"]}]},{"@type":"ImageObject","inLanguage":"pt-PT","@id":"https:\/\/revolutionpadelstore.com\/pt-pt\/produto\/paletero-nox-luxury-master-series-blanco-negro-5\/#primaryimage","url":"https:\/\/revolutionpadelstore.com\/wp-content\/uploads\/2024\/11\/113157_paletero_nox_luxury_master_series_bpluxmaster_1500x1500_1_a40c.webp","contentUrl":"https:\/\/revolutionpadelstore.com\/wp-content\/uploads\/2024\/11\/113157_paletero_nox_luxury_master_series_bpluxmaster_1500x1500_1_a40c.webp","width":1500,"height":1500},{"@type":"BreadcrumbList","@id":"https:\/\/revolutionpadelstore.com\/pt-pt\/produto\/paletero-nox-luxury-master-series-blanco-negro-5\/#breadcrumb","itemListElement":[{"@type":"ListItem","position":1,"name":"Portada","item":"https:\/\/revolutionpadelstore.com\/pt-pt\/"},{"@type":"ListItem","position":2,"name":"Tienda","item":"https:\/\/revolutionpadelstore.com\/pt-pt\/tienda\/"},{"@type":"ListItem","position":3,"name":"PALETERO NOX LUXURY MASTER SERIES BLANCO NEGRO"}]},{"@type":"WebSite","@id":"https:\/\/revolutionpadelstore.com\/pt-pt\/#website","url":"https:\/\/revolutionpadelstore.com\/pt-pt\/","name":"Revolution Padel Store","description":"","publisher":{"@id":"https:\/\/revolutionpadelstore.com\/pt-pt\/#organization"},"potentialAction":[{"@type":"SearchAction","target":{"@type":"EntryPoint","urlTemplate":"https:\/\/revolutionpadelstore.com\/pt-pt\/?s={search_term_string}"},"query-input":{"@type":"PropertyValueSpecification","valueRequired":true,"valueName":"search_term_string"}}],"inLanguage":"pt-PT"},{"@type":"Organization","@id":"https:\/\/revolutionpadelstore.com\/pt-pt\/#organization","name":"Revolution Padel Store","url":"https:\/\/revolutionpadelstore.com\/pt-pt\/","logo":{"@type":"ImageObject","inLanguage":"pt-PT","@id":"https:\/\/revolutionpadelstore.com\/pt-pt\/#\/schema\/logo\/image\/","url":"https:\/\/revolutionpadelstore.com\/wp-content\/uploads\/2026\/02\/revolution-padel-store.jpg","contentUrl":"https:\/\/revolutionpadelstore.com\/wp-content\/uploads\/2026\/02\/revolution-padel-store.jpg","width":2000,"height":2000,"caption":"Revolution Padel Store"},"image":{"@id":"https:\/\/revolutionpadelstore.com\/pt-pt\/#\/schema\/logo\/image\/"},"sameAs":["https:\/\/www.instagram.com\/revolutionpadelstore\/"]}]}},"_links":{"self":[{"href":"https:\/\/revolutionpadelstore.com\/pt-pt\/wp-json\/wp\/v2\/product\/119441","targetHints":{"allow":["GET"]}}],"collection":[{"href":"https:\/\/revolutionpadelstore.com\/pt-pt\/wp-json\/wp\/v2\/product"}],"about":[{"href":"https:\/\/revolutionpadelstore.com\/pt-pt\/wp-json\/wp\/v2\/types\/product"}],"replies":[{"embeddable":true,"href":"https:\/\/revolutionpadelstore.com\/pt-pt\/wp-json\/wp\/v2\/comments?post=119441"}],"wp:featuredmedia":[{"embeddable":true,"href":"https:\/\/revolutionpadelstore.com\/pt-pt\/wp-json\/wp\/v2\/media\/110631"}],"wp:attachment":[{"href":"https:\/\/revolutionpadelstore.com\/pt-pt\/wp-json\/wp\/v2\/media?parent=119441"}],"wp:term":[{"taxonomy":"acabado","embeddable":true,"href":"https:\/\/revolutionpadelstore.com\/pt-pt\/wp-json\/wp\/v2\/acabado?post=119441"},{"taxonomy":"balance","embeddable":true,"href":"https:\/\/revolutionpadelstore.com\/pt-pt\/wp-json\/wp\/v2\/balance?post=119441"},{"taxonomy":"dureza","embeddable":true,"href":"https:\/\/revolutionpadelstore.com\/pt-pt\/wp-json\/wp\/v2\/dureza?post=119441"},{"taxonomy":"forma","embeddable":true,"href":"https:\/\/revolutionpadelstore.com\/pt-pt\/wp-json\/wp\/v2\/forma?post=119441"},{"taxonomy":"jugador","embeddable":true,"href":"https:\/\/revolutionpadelstore.com\/pt-pt\/wp-json\/wp\/v2\/jugador?post=119441"},{"taxonomy":"marca","embeddable":true,"href":"https:\/\/revolutionpadelstore.com\/pt-pt\/wp-json\/wp\/v2\/marca?post=119441"},{"taxonomy":"nivel-de-juego","embeddable":true,"href":"https:\/\/revolutionpadelstore.com\/pt-pt\/wp-json\/wp\/v2\/nivel-de-juego?post=119441"},{"taxonomy":"superficie","embeddable":true,"href":"https:\/\/revolutionpadelstore.com\/pt-pt\/wp-json\/wp\/v2\/superficie?post=119441"},{"taxonomy":"tipo-de-juego","embeddable":true,"href":"https:\/\/revolutionpadelstore.com\/pt-pt\/wp-json\/wp\/v2\/tipo-de-juego?post=119441"},{"taxonomy":"product_brand","embeddable":true,"href":"https:\/\/revolutionpadelstore.com\/pt-pt\/wp-json\/wp\/v2\/product_brand?post=119441"},{"taxonomy":"product_cat","embeddable":true,"href":"https:\/\/revolutionpadelstore.com\/pt-pt\/wp-json\/wp\/v2\/product_cat?post=119441"},{"taxonomy":"product_tag","embeddable":true,"href":"https:\/\/revolutionpadelstore.com\/pt-pt\/wp-json\/wp\/v2\/product_tag?post=119441"}],"curies":[{"name":"wp","href":"https:\/\/api.w.org\/{rel}","templated":true}]}}