{"id":117701,"date":"2024-11-16T11:39:09","date_gmt":"2024-11-16T10:39:09","guid":{"rendered":"https:\/\/revolutionpadelstore.com\/paletero-bullpadel-bpp25012-hack-petroleo\/"},"modified":"2026-04-08T10:19:08","modified_gmt":"2026-04-08T08:19:08","slug":"paletero-bullpadel-bpp25012-hack-petroleo-5","status":"publish","type":"product","link":"https:\/\/revolutionpadelstore.com\/pt-pt\/produto\/paletero-bullpadel-bpp25012-hack-petroleo-5\/","title":{"rendered":"PALETERO BULLPADEL BPP25012 HACK PETROLEO"},"content":{"rendered":"<p>O <strong> paquito Navarro <\/strong> paletero \u00e9 o complemento perfeito para o novo hack 04. Ele tem um compartimento principal para armazenar tudo o que voc\u00ea precisa, possui dois compartimentos t\u00e9rmicos com capacidade para quatro l\u00e2minas e um compartimento separado e ventilado para roupas e cal\u00e7ados. O design do Papato Navarro Paletero incorpora nas laterais Um alojamento semi -r\u00edgido que fornece maior rigidez e maior prote\u00e7\u00e3o para l\u00e2minas, al\u00e9m disso, o design das costas tem pe\u00e7as de espuma que garantem a m\u00e1xima ventila\u00e7\u00e3o e conforto nas costas.<strong>Paquito Navarro<\/strong><\/p>\n","protected":false},"excerpt":{"rendered":"<p>O <strong> paquito Navarro <\/strong> paletero \u00e9 o complemento perfeito para a nova p\u00e1 de hack 04.<strong>Paquito Navarro<\/strong><\/p>\n","protected":false},"featured_media":110678,"comment_status":"open","ping_status":"closed","template":"","meta":{"_acf_changed":false,"_joinchat":[]},"acabado":[],"balance":[],"dureza":[],"forma":[],"jugador":[],"marca":[1255],"nivel-de-juego":[],"superficie":[],"tipo-de-juego":[],"product_brand":[],"product_cat":[316],"product_tag":[],"class_list":{"0":"post-117701","1":"product","2":"type-product","3":"status-publish","4":"has-post-thumbnail","6":"marca-bullpadel-pt-pt","7":"product_cat-bolsas-pt-pt","9":"first","10":"outofstock","11":"sale","12":"taxable","13":"shipping-taxable","14":"purchasable","15":"product-type-simple"},"acf":[],"yoast_head":"<!-- This site is optimized with the Yoast SEO plugin v27.4 - https:\/\/yoast.com\/product\/yoast-seo-wordpress\/ -->\n<title>PALETERO BULLPADEL BPP25012 HACK PETROLEO - Revolution Padel Store<\/title>\n<meta name=\"description\" content=\"El paletero HACK de Paquito Navarro es el accesorio ideal para complementar la nueva pala Hack 04. Cuenta con un compartimento principal para almacenar lo que necesites, adem\u00e1s de dos bolsillos termo con capacidad para hasta cuatro palas. Tambi\u00e9n incluye un compartimento ventilado y separado para ropa y calzado. Su dise\u00f1o incorpora una estructura semirr\u00edgida en los laterales, lo que otorga mayor rigidez y protecci\u00f3n a las palas. Adem\u00e1s, la espalda del paletero est\u00e1 equipada con piezas de foam que aseguran una ventilaci\u00f3n \u00f3ptima y comodidad durante su uso.\" \/>\n<meta name=\"robots\" content=\"index, follow, max-snippet:-1, max-image-preview:large, max-video-preview:-1\" \/>\n<link rel=\"canonical\" href=\"https:\/\/revolutionpadelstore.com\/pt-pt\/produto\/paletero-bullpadel-bpp25012-hack-petroleo-5\/\" \/>\n<meta property=\"og:locale\" content=\"pt_PT\" \/>\n<meta property=\"og:type\" content=\"article\" \/>\n<meta property=\"og:title\" content=\"PALETERO BULLPADEL BPP25012 HACK PETROLEO - Revolution Padel Store\" \/>\n<meta property=\"og:description\" content=\"El paletero HACK de Paquito Navarro es el accesorio ideal para complementar la nueva pala Hack 04. Cuenta con un compartimento principal para almacenar lo que necesites, adem\u00e1s de dos bolsillos termo con capacidad para hasta cuatro palas. Tambi\u00e9n incluye un compartimento ventilado y separado para ropa y calzado. Su dise\u00f1o incorpora una estructura semirr\u00edgida en los laterales, lo que otorga mayor rigidez y protecci\u00f3n a las palas. Adem\u00e1s, la espalda del paletero est\u00e1 equipada con piezas de foam que aseguran una ventilaci\u00f3n \u00f3ptima y comodidad durante su uso.\" \/>\n<meta property=\"og:url\" content=\"https:\/\/revolutionpadelstore.com\/pt-pt\/produto\/paletero-bullpadel-bpp25012-hack-petroleo-5\/\" \/>\n<meta property=\"og:site_name\" content=\"Revolution Padel Store\" \/>\n<meta property=\"article:modified_time\" content=\"2026-04-08T08:19:08+00:00\" \/>\n<meta property=\"og:image\" content=\"https:\/\/revolutionpadelstore.com\/wp-content\/uploads\/2024\/11\/bolsa-bullpadel-bpp25012-hack-petroleo-1.jpg\" \/>\n\t<meta property=\"og:image:width\" content=\"1000\" \/>\n\t<meta property=\"og:image:height\" content=\"1188\" \/>\n\t<meta property=\"og:image:type\" content=\"image\/jpeg\" \/>\n<meta name=\"twitter:card\" content=\"summary_large_image\" \/>\n<script type=\"application\/ld+json\" class=\"yoast-schema-graph\">{\"@context\":\"https:\\\/\\\/schema.org\",\"@graph\":[{\"@type\":\"WebPage\",\"@id\":\"https:\\\/\\\/revolutionpadelstore.com\\\/pt-pt\\\/produto\\\/paletero-bullpadel-bpp25012-hack-petroleo-5\\\/\",\"url\":\"https:\\\/\\\/revolutionpadelstore.com\\\/pt-pt\\\/produto\\\/paletero-bullpadel-bpp25012-hack-petroleo-5\\\/\",\"name\":\"PALETERO BULLPADEL BPP25012 HACK PETROLEO - Revolution Padel Store\",\"isPartOf\":{\"@id\":\"https:\\\/\\\/revolutionpadelstore.com\\\/pt-pt\\\/#website\"},\"primaryImageOfPage\":{\"@id\":\"https:\\\/\\\/revolutionpadelstore.com\\\/pt-pt\\\/produto\\\/paletero-bullpadel-bpp25012-hack-petroleo-5\\\/#primaryimage\"},\"image\":{\"@id\":\"https:\\\/\\\/revolutionpadelstore.com\\\/pt-pt\\\/produto\\\/paletero-bullpadel-bpp25012-hack-petroleo-5\\\/#primaryimage\"},\"thumbnailUrl\":\"https:\\\/\\\/revolutionpadelstore.com\\\/wp-content\\\/uploads\\\/2024\\\/11\\\/bolsa-bullpadel-bpp25012-hack-petroleo-1.jpg\",\"datePublished\":\"2024-11-16T10:39:09+00:00\",\"dateModified\":\"2026-04-08T08:19:08+00:00\",\"description\":\"El paletero HACK de Paquito Navarro es el accesorio ideal para complementar la nueva pala Hack 04. Cuenta con un compartimento principal para almacenar lo que necesites, adem\u00e1s de dos bolsillos termo con capacidad para hasta cuatro palas. Tambi\u00e9n incluye un compartimento ventilado y separado para ropa y calzado. Su dise\u00f1o incorpora una estructura semirr\u00edgida en los laterales, lo que otorga mayor rigidez y protecci\u00f3n a las palas. Adem\u00e1s, la espalda del paletero est\u00e1 equipada con piezas de foam que aseguran una ventilaci\u00f3n \u00f3ptima y comodidad durante su uso.\",\"breadcrumb\":{\"@id\":\"https:\\\/\\\/revolutionpadelstore.com\\\/pt-pt\\\/produto\\\/paletero-bullpadel-bpp25012-hack-petroleo-5\\\/#breadcrumb\"},\"inLanguage\":\"pt-PT\",\"potentialAction\":[{\"@type\":\"ReadAction\",\"target\":[\"https:\\\/\\\/revolutionpadelstore.com\\\/pt-pt\\\/produto\\\/paletero-bullpadel-bpp25012-hack-petroleo-5\\\/\"]}]},{\"@type\":\"ImageObject\",\"inLanguage\":\"pt-PT\",\"@id\":\"https:\\\/\\\/revolutionpadelstore.com\\\/pt-pt\\\/produto\\\/paletero-bullpadel-bpp25012-hack-petroleo-5\\\/#primaryimage\",\"url\":\"https:\\\/\\\/revolutionpadelstore.com\\\/wp-content\\\/uploads\\\/2024\\\/11\\\/bolsa-bullpadel-bpp25012-hack-petroleo-1.jpg\",\"contentUrl\":\"https:\\\/\\\/revolutionpadelstore.com\\\/wp-content\\\/uploads\\\/2024\\\/11\\\/bolsa-bullpadel-bpp25012-hack-petroleo-1.jpg\",\"width\":1000,\"height\":1188},{\"@type\":\"BreadcrumbList\",\"@id\":\"https:\\\/\\\/revolutionpadelstore.com\\\/pt-pt\\\/produto\\\/paletero-bullpadel-bpp25012-hack-petroleo-5\\\/#breadcrumb\",\"itemListElement\":[{\"@type\":\"ListItem\",\"position\":1,\"name\":\"Portada\",\"item\":\"https:\\\/\\\/revolutionpadelstore.com\\\/pt-pt\\\/\"},{\"@type\":\"ListItem\",\"position\":2,\"name\":\"Tienda\",\"item\":\"https:\\\/\\\/revolutionpadelstore.com\\\/pt-pt\\\/tienda\\\/\"},{\"@type\":\"ListItem\",\"position\":3,\"name\":\"PALETERO BULLPADEL BPP25012 HACK PETROLEO\"}]},{\"@type\":\"WebSite\",\"@id\":\"https:\\\/\\\/revolutionpadelstore.com\\\/pt-pt\\\/#website\",\"url\":\"https:\\\/\\\/revolutionpadelstore.com\\\/pt-pt\\\/\",\"name\":\"Revolution Padel Store\",\"description\":\"\",\"publisher\":{\"@id\":\"https:\\\/\\\/revolutionpadelstore.com\\\/pt-pt\\\/#organization\"},\"potentialAction\":[{\"@type\":\"SearchAction\",\"target\":{\"@type\":\"EntryPoint\",\"urlTemplate\":\"https:\\\/\\\/revolutionpadelstore.com\\\/pt-pt\\\/?s={search_term_string}\"},\"query-input\":{\"@type\":\"PropertyValueSpecification\",\"valueRequired\":true,\"valueName\":\"search_term_string\"}}],\"inLanguage\":\"pt-PT\"},{\"@type\":\"Organization\",\"@id\":\"https:\\\/\\\/revolutionpadelstore.com\\\/pt-pt\\\/#organization\",\"name\":\"Revolution Padel Store\",\"url\":\"https:\\\/\\\/revolutionpadelstore.com\\\/pt-pt\\\/\",\"logo\":{\"@type\":\"ImageObject\",\"inLanguage\":\"pt-PT\",\"@id\":\"https:\\\/\\\/revolutionpadelstore.com\\\/pt-pt\\\/#\\\/schema\\\/logo\\\/image\\\/\",\"url\":\"https:\\\/\\\/revolutionpadelstore.com\\\/wp-content\\\/uploads\\\/2026\\\/02\\\/revolution-padel-store.jpg\",\"contentUrl\":\"https:\\\/\\\/revolutionpadelstore.com\\\/wp-content\\\/uploads\\\/2026\\\/02\\\/revolution-padel-store.jpg\",\"width\":2000,\"height\":2000,\"caption\":\"Revolution Padel Store\"},\"image\":{\"@id\":\"https:\\\/\\\/revolutionpadelstore.com\\\/pt-pt\\\/#\\\/schema\\\/logo\\\/image\\\/\"},\"sameAs\":[\"https:\\\/\\\/www.instagram.com\\\/revolutionpadelstore\\\/\"]}]}<\/script>\n<!-- \/ Yoast SEO plugin. -->","yoast_head_json":{"title":"PALETERO BULLPADEL BPP25012 HACK PETROLEO - Revolution Padel Store","description":"El paletero HACK de Paquito Navarro es el accesorio ideal para complementar la nueva pala Hack 04. Cuenta con un compartimento principal para almacenar lo que necesites, adem\u00e1s de dos bolsillos termo con capacidad para hasta cuatro palas. Tambi\u00e9n incluye un compartimento ventilado y separado para ropa y calzado. Su dise\u00f1o incorpora una estructura semirr\u00edgida en los laterales, lo que otorga mayor rigidez y protecci\u00f3n a las palas. Adem\u00e1s, la espalda del paletero est\u00e1 equipada con piezas de foam que aseguran una ventilaci\u00f3n \u00f3ptima y comodidad durante su uso.","robots":{"index":"index","follow":"follow","max-snippet":"max-snippet:-1","max-image-preview":"max-image-preview:large","max-video-preview":"max-video-preview:-1"},"canonical":"https:\/\/revolutionpadelstore.com\/pt-pt\/produto\/paletero-bullpadel-bpp25012-hack-petroleo-5\/","og_locale":"pt_PT","og_type":"article","og_title":"PALETERO BULLPADEL BPP25012 HACK PETROLEO - Revolution Padel Store","og_description":"El paletero HACK de Paquito Navarro es el accesorio ideal para complementar la nueva pala Hack 04. Cuenta con un compartimento principal para almacenar lo que necesites, adem\u00e1s de dos bolsillos termo con capacidad para hasta cuatro palas. Tambi\u00e9n incluye un compartimento ventilado y separado para ropa y calzado. Su dise\u00f1o incorpora una estructura semirr\u00edgida en los laterales, lo que otorga mayor rigidez y protecci\u00f3n a las palas. Adem\u00e1s, la espalda del paletero est\u00e1 equipada con piezas de foam que aseguran una ventilaci\u00f3n \u00f3ptima y comodidad durante su uso.","og_url":"https:\/\/revolutionpadelstore.com\/pt-pt\/produto\/paletero-bullpadel-bpp25012-hack-petroleo-5\/","og_site_name":"Revolution Padel Store","article_modified_time":"2026-04-08T08:19:08+00:00","og_image":[{"width":1000,"height":1188,"url":"https:\/\/revolutionpadelstore.com\/wp-content\/uploads\/2024\/11\/bolsa-bullpadel-bpp25012-hack-petroleo-1.jpg","type":"image\/jpeg"}],"twitter_card":"summary_large_image","schema":{"@context":"https:\/\/schema.org","@graph":[{"@type":"WebPage","@id":"https:\/\/revolutionpadelstore.com\/pt-pt\/produto\/paletero-bullpadel-bpp25012-hack-petroleo-5\/","url":"https:\/\/revolutionpadelstore.com\/pt-pt\/produto\/paletero-bullpadel-bpp25012-hack-petroleo-5\/","name":"PALETERO BULLPADEL BPP25012 HACK PETROLEO - Revolution Padel Store","isPartOf":{"@id":"https:\/\/revolutionpadelstore.com\/pt-pt\/#website"},"primaryImageOfPage":{"@id":"https:\/\/revolutionpadelstore.com\/pt-pt\/produto\/paletero-bullpadel-bpp25012-hack-petroleo-5\/#primaryimage"},"image":{"@id":"https:\/\/revolutionpadelstore.com\/pt-pt\/produto\/paletero-bullpadel-bpp25012-hack-petroleo-5\/#primaryimage"},"thumbnailUrl":"https:\/\/revolutionpadelstore.com\/wp-content\/uploads\/2024\/11\/bolsa-bullpadel-bpp25012-hack-petroleo-1.jpg","datePublished":"2024-11-16T10:39:09+00:00","dateModified":"2026-04-08T08:19:08+00:00","description":"El paletero HACK de Paquito Navarro es el accesorio ideal para complementar la nueva pala Hack 04. Cuenta con un compartimento principal para almacenar lo que necesites, adem\u00e1s de dos bolsillos termo con capacidad para hasta cuatro palas. Tambi\u00e9n incluye un compartimento ventilado y separado para ropa y calzado. Su dise\u00f1o incorpora una estructura semirr\u00edgida en los laterales, lo que otorga mayor rigidez y protecci\u00f3n a las palas. Adem\u00e1s, la espalda del paletero est\u00e1 equipada con piezas de foam que aseguran una ventilaci\u00f3n \u00f3ptima y comodidad durante su uso.","breadcrumb":{"@id":"https:\/\/revolutionpadelstore.com\/pt-pt\/produto\/paletero-bullpadel-bpp25012-hack-petroleo-5\/#breadcrumb"},"inLanguage":"pt-PT","potentialAction":[{"@type":"ReadAction","target":["https:\/\/revolutionpadelstore.com\/pt-pt\/produto\/paletero-bullpadel-bpp25012-hack-petroleo-5\/"]}]},{"@type":"ImageObject","inLanguage":"pt-PT","@id":"https:\/\/revolutionpadelstore.com\/pt-pt\/produto\/paletero-bullpadel-bpp25012-hack-petroleo-5\/#primaryimage","url":"https:\/\/revolutionpadelstore.com\/wp-content\/uploads\/2024\/11\/bolsa-bullpadel-bpp25012-hack-petroleo-1.jpg","contentUrl":"https:\/\/revolutionpadelstore.com\/wp-content\/uploads\/2024\/11\/bolsa-bullpadel-bpp25012-hack-petroleo-1.jpg","width":1000,"height":1188},{"@type":"BreadcrumbList","@id":"https:\/\/revolutionpadelstore.com\/pt-pt\/produto\/paletero-bullpadel-bpp25012-hack-petroleo-5\/#breadcrumb","itemListElement":[{"@type":"ListItem","position":1,"name":"Portada","item":"https:\/\/revolutionpadelstore.com\/pt-pt\/"},{"@type":"ListItem","position":2,"name":"Tienda","item":"https:\/\/revolutionpadelstore.com\/pt-pt\/tienda\/"},{"@type":"ListItem","position":3,"name":"PALETERO BULLPADEL BPP25012 HACK PETROLEO"}]},{"@type":"WebSite","@id":"https:\/\/revolutionpadelstore.com\/pt-pt\/#website","url":"https:\/\/revolutionpadelstore.com\/pt-pt\/","name":"Revolution Padel Store","description":"","publisher":{"@id":"https:\/\/revolutionpadelstore.com\/pt-pt\/#organization"},"potentialAction":[{"@type":"SearchAction","target":{"@type":"EntryPoint","urlTemplate":"https:\/\/revolutionpadelstore.com\/pt-pt\/?s={search_term_string}"},"query-input":{"@type":"PropertyValueSpecification","valueRequired":true,"valueName":"search_term_string"}}],"inLanguage":"pt-PT"},{"@type":"Organization","@id":"https:\/\/revolutionpadelstore.com\/pt-pt\/#organization","name":"Revolution Padel Store","url":"https:\/\/revolutionpadelstore.com\/pt-pt\/","logo":{"@type":"ImageObject","inLanguage":"pt-PT","@id":"https:\/\/revolutionpadelstore.com\/pt-pt\/#\/schema\/logo\/image\/","url":"https:\/\/revolutionpadelstore.com\/wp-content\/uploads\/2026\/02\/revolution-padel-store.jpg","contentUrl":"https:\/\/revolutionpadelstore.com\/wp-content\/uploads\/2026\/02\/revolution-padel-store.jpg","width":2000,"height":2000,"caption":"Revolution Padel Store"},"image":{"@id":"https:\/\/revolutionpadelstore.com\/pt-pt\/#\/schema\/logo\/image\/"},"sameAs":["https:\/\/www.instagram.com\/revolutionpadelstore\/"]}]}},"_links":{"self":[{"href":"https:\/\/revolutionpadelstore.com\/pt-pt\/wp-json\/wp\/v2\/product\/117701","targetHints":{"allow":["GET"]}}],"collection":[{"href":"https:\/\/revolutionpadelstore.com\/pt-pt\/wp-json\/wp\/v2\/product"}],"about":[{"href":"https:\/\/revolutionpadelstore.com\/pt-pt\/wp-json\/wp\/v2\/types\/product"}],"replies":[{"embeddable":true,"href":"https:\/\/revolutionpadelstore.com\/pt-pt\/wp-json\/wp\/v2\/comments?post=117701"}],"wp:featuredmedia":[{"embeddable":true,"href":"https:\/\/revolutionpadelstore.com\/pt-pt\/wp-json\/wp\/v2\/media\/110678"}],"wp:attachment":[{"href":"https:\/\/revolutionpadelstore.com\/pt-pt\/wp-json\/wp\/v2\/media?parent=117701"}],"wp:term":[{"taxonomy":"acabado","embeddable":true,"href":"https:\/\/revolutionpadelstore.com\/pt-pt\/wp-json\/wp\/v2\/acabado?post=117701"},{"taxonomy":"balance","embeddable":true,"href":"https:\/\/revolutionpadelstore.com\/pt-pt\/wp-json\/wp\/v2\/balance?post=117701"},{"taxonomy":"dureza","embeddable":true,"href":"https:\/\/revolutionpadelstore.com\/pt-pt\/wp-json\/wp\/v2\/dureza?post=117701"},{"taxonomy":"forma","embeddable":true,"href":"https:\/\/revolutionpadelstore.com\/pt-pt\/wp-json\/wp\/v2\/forma?post=117701"},{"taxonomy":"jugador","embeddable":true,"href":"https:\/\/revolutionpadelstore.com\/pt-pt\/wp-json\/wp\/v2\/jugador?post=117701"},{"taxonomy":"marca","embeddable":true,"href":"https:\/\/revolutionpadelstore.com\/pt-pt\/wp-json\/wp\/v2\/marca?post=117701"},{"taxonomy":"nivel-de-juego","embeddable":true,"href":"https:\/\/revolutionpadelstore.com\/pt-pt\/wp-json\/wp\/v2\/nivel-de-juego?post=117701"},{"taxonomy":"superficie","embeddable":true,"href":"https:\/\/revolutionpadelstore.com\/pt-pt\/wp-json\/wp\/v2\/superficie?post=117701"},{"taxonomy":"tipo-de-juego","embeddable":true,"href":"https:\/\/revolutionpadelstore.com\/pt-pt\/wp-json\/wp\/v2\/tipo-de-juego?post=117701"},{"taxonomy":"product_brand","embeddable":true,"href":"https:\/\/revolutionpadelstore.com\/pt-pt\/wp-json\/wp\/v2\/product_brand?post=117701"},{"taxonomy":"product_cat","embeddable":true,"href":"https:\/\/revolutionpadelstore.com\/pt-pt\/wp-json\/wp\/v2\/product_cat?post=117701"},{"taxonomy":"product_tag","embeddable":true,"href":"https:\/\/revolutionpadelstore.com\/pt-pt\/wp-json\/wp\/v2\/product_tag?post=117701"}],"curies":[{"name":"wp","href":"https:\/\/api.w.org\/{rel}","templated":true}]}}