{"id":11300,"date":"2024-03-01T14:55:33","date_gmt":"2024-03-01T13:55:33","guid":{"rendered":"https:\/\/revolutionpadelstore.com\/adidas-adipower-ctrl-3-3\/"},"modified":"2026-04-08T16:11:40","modified_gmt":"2026-04-08T14:11:40","slug":"adidas-adipower-ctrl-3-3-5","status":"publish","type":"product","link":"https:\/\/revolutionpadelstore.com\/pt-pt\/produto\/adidas-adipower-ctrl-3-3-5\/","title":{"rendered":"ADIDAS ADIPOWER CTRL 3.3"},"content":{"rendered":"<h2>Adidas Adipower CTRL 3.3, maior precis\u00e3o e firmeza<\/h2>\n<p>A Adidas apresenta em sua cole\u00e7\u00e3o 2024 a <strong>Adidas Adipower CTRL 3.3<\/strong>, uma raquete projetada para jogadores de padel de n\u00edvel avan\u00e7ado que buscam melhorar o controle em suas rebatidas frequentes.<\/p>\n<p>Com seu formato redondo, baixo equil\u00edbrio e amplo ponto ideal no centro, esta raquete oferece excelente controle em cada golpe. O peso inclinado em dire\u00e7\u00e3o \u00e0 empunhadura permite um manuseio preciso e firme.<\/p>\n<h3>\u00d3tima qualidade<\/h3>\n<p>A borracha <strong><em>EVA Soft Performance<\/em><\/strong> comp\u00f5e o n\u00facleo interno, uma espuma de baixa densidade que garante excelente sa\u00edda de bola e jogo confort\u00e1vel em todos os momentos.<\/p>\n<p>Os avi\u00f5es, por sua vez, s\u00e3o confeccionados com <strong>fibra de carbono 3K<\/strong>, tecido que proporciona rigidez superior que resulta em maior pot\u00eancia no golpe. Este material permite excepcional durabilidade, resist\u00eancia e flexibilidade.<\/p>\n<p>A arma\u00e7\u00e3o cont\u00e9m <strong>50% de fibra de carbono<\/strong>, tornando-a uma raquete extremamente leve e dur\u00e1vel.<\/strong> Absorve de forma ideal as vibra\u00e7\u00f5es, reduzindo a possibilidade de les\u00f5es ao aumentar o amortecimento.<\/p>\n<h3>Com tecnologia de Refor\u00e7o Estrutural<\/h3>\n<p>Se focarmos nas tecnologias, podemos destacar o <strong><em>Spin Blade Mold<\/em><\/strong>, uma rugosidade com relevo 3D inserida no molde com o objetivo de aumentar a pot\u00eancia e ader\u00eancia da bola para que gire com <strong>mais efeito.<\/strong> Com a mesma inten\u00e7\u00e3o, incorpora a <em><strong>Smart Holes Curve<\/strong><\/em>, uma disposi\u00e7\u00e3o das matrizes ideal para obter efeito em seus golpes.<\/p>\n<p>Na ponte vemos a tecnologia <strong><em>Dual Exoskeleton<\/em><\/strong>, que consiste em uma dupla inser\u00e7\u00e3o de nervuras de carbono que fornecem refor\u00e7o extra para \u00e1reas vulner\u00e1veis, como o cora\u00e7\u00e3o ou a estrutura do p\u00e1.<\/p>\n<p>Al\u00e9m disso, foi inserida a tecnologia <em><strong>Power Embossed Ridge<\/strong><\/em>, uma nervura interna de carbono que percorre o quadro proporcionando excepcional rigidez \u00e0 estrutura para maior durabilidade<\/p>\n<h2>Adidas Adipower CTRL 3.3, precisi\u00f3n y firmeza mejoradas<\/h2>\n","protected":false},"excerpt":{"rendered":"<p>Adidas Adipower CTRL 3.3: Controle preciso e maior firmeza. N\u00facleo Soft Eva, faces de carbono 3k e tecnologias avan\u00e7adas para desempenho excepcional. Domine a quadra com a Adidas!<\/p>\n","protected":false},"featured_media":11301,"comment_status":"open","ping_status":"closed","template":"","meta":{"_acf_changed":false,"_joinchat":[]},"acabado":[1110],"balance":[1145],"dureza":[1150],"forma":[1180],"jugador":[1190,1200],"marca":[1230],"nivel-de-juego":[1335],"superficie":[1360],"tipo-de-juego":[1370],"product_brand":[],"product_cat":[300],"product_tag":[],"class_list":{"0":"post-11300","1":"product","2":"type-product","3":"status-publish","4":"has-post-thumbnail","6":"acabado-carbono-3k-pt-pt","7":"balance-baixo","8":"dureza-blanda-pt-pt","9":"forma-rodada","10":"jugador-homem","11":"jugador-polivalente-pt-pt","12":"marca-adidas-pt-pt","13":"superficie-rugosa-pt-pt","14":"tipo-de-juego-controle","15":"product_cat-palas","17":"first","18":"instock","19":"sale","20":"taxable","21":"shipping-taxable","22":"purchasable","23":"product-type-simple"},"acf":[],"yoast_head":"<!-- This site is optimized with the Yoast SEO plugin v27.6 - https:\/\/yoast.com\/product\/yoast-seo-wordpress\/ -->\n<title>ADIDAS ADIPOWER CTRL 3.3 - Revolution Padel Store<\/title>\n<meta name=\"description\" content=\"Adidas Adipower CTRL 3.3: Control preciso y firmeza mejorada. N\u00facleo Soft Eva, caras de Carbono 3k y tecnolog\u00edas avanzadas para un rendimiento excepcional. \u00a1Domina la pista con Adidas!\" \/>\n<meta name=\"robots\" content=\"index, follow, max-snippet:-1, max-image-preview:large, max-video-preview:-1\" \/>\n<link rel=\"canonical\" href=\"https:\/\/revolutionpadelstore.com\/pt-pt\/produto\/adidas-adipower-ctrl-3-3-5\/\" \/>\n<meta property=\"og:locale\" content=\"pt_PT\" \/>\n<meta property=\"og:type\" content=\"article\" \/>\n<meta property=\"og:title\" content=\"ADIDAS ADIPOWER CTRL 3.3\" \/>\n<meta property=\"og:description\" content=\"Adidas Adipower CTRL 3.3: Control preciso y firmeza mejorada. N\u00facleo Soft Eva, caras de Carbono 3k y tecnolog\u00edas avanzadas para un rendimiento excepcional. \u00a1Domina la pista con Adidas!\" \/>\n<meta property=\"og:url\" content=\"https:\/\/revolutionpadelstore.com\/pt-pt\/produto\/adidas-adipower-ctrl-3-3-5\/\" \/>\n<meta property=\"og:site_name\" content=\"Revolution Padel Store\" \/>\n<meta property=\"article:modified_time\" content=\"2026-04-08T14:11:40+00:00\" \/>\n<meta property=\"og:image\" content=\"https:\/\/revolutionpadelstore.com\/wp-content\/uploads\/2024\/03\/110125_padel_webs_padel_y_grupo_pala_adidas_adipower_ctrl_3_3_adrk1ca2u0017f_15_6c05.webp\" \/>\n\t<meta property=\"og:image:width\" content=\"1500\" \/>\n\t<meta property=\"og:image:height\" content=\"1500\" \/>\n\t<meta property=\"og:image:type\" content=\"image\/webp\" \/>\n<meta name=\"twitter:card\" content=\"summary_large_image\" \/>\n<meta name=\"twitter:label1\" content=\"Tempo estimado de leitura\" \/>\n\t<meta name=\"twitter:data1\" content=\"2 minutos\" \/>\n<script type=\"application\/ld+json\" class=\"yoast-schema-graph\">{\"@context\":\"https:\\\/\\\/schema.org\",\"@graph\":[{\"@type\":\"WebPage\",\"@id\":\"https:\\\/\\\/revolutionpadelstore.com\\\/pt-pt\\\/produto\\\/adidas-adipower-ctrl-3-3-5\\\/\",\"url\":\"https:\\\/\\\/revolutionpadelstore.com\\\/pt-pt\\\/produto\\\/adidas-adipower-ctrl-3-3-5\\\/\",\"name\":\"ADIDAS ADIPOWER CTRL 3.3 - Revolution Padel Store\",\"isPartOf\":{\"@id\":\"https:\\\/\\\/revolutionpadelstore.com\\\/pt-pt\\\/#website\"},\"primaryImageOfPage\":{\"@id\":\"https:\\\/\\\/revolutionpadelstore.com\\\/pt-pt\\\/produto\\\/adidas-adipower-ctrl-3-3-5\\\/#primaryimage\"},\"image\":{\"@id\":\"https:\\\/\\\/revolutionpadelstore.com\\\/pt-pt\\\/produto\\\/adidas-adipower-ctrl-3-3-5\\\/#primaryimage\"},\"thumbnailUrl\":\"https:\\\/\\\/revolutionpadelstore.com\\\/wp-content\\\/uploads\\\/2024\\\/03\\\/110125_padel_webs_padel_y_grupo_pala_adidas_adipower_ctrl_3_3_adrk1ca2u0017f_15_6c05.webp\",\"datePublished\":\"2024-03-01T13:55:33+00:00\",\"dateModified\":\"2026-04-08T14:11:40+00:00\",\"description\":\"Adidas Adipower CTRL 3.3: Control preciso y firmeza mejorada. N\u00facleo Soft Eva, caras de Carbono 3k y tecnolog\u00edas avanzadas para un rendimiento excepcional. \u00a1Domina la pista con Adidas!\",\"breadcrumb\":{\"@id\":\"https:\\\/\\\/revolutionpadelstore.com\\\/pt-pt\\\/produto\\\/adidas-adipower-ctrl-3-3-5\\\/#breadcrumb\"},\"inLanguage\":\"pt-PT\",\"potentialAction\":[{\"@type\":\"ReadAction\",\"target\":[\"https:\\\/\\\/revolutionpadelstore.com\\\/pt-pt\\\/produto\\\/adidas-adipower-ctrl-3-3-5\\\/\"]}]},{\"@type\":\"ImageObject\",\"inLanguage\":\"pt-PT\",\"@id\":\"https:\\\/\\\/revolutionpadelstore.com\\\/pt-pt\\\/produto\\\/adidas-adipower-ctrl-3-3-5\\\/#primaryimage\",\"url\":\"https:\\\/\\\/revolutionpadelstore.com\\\/wp-content\\\/uploads\\\/2024\\\/03\\\/110125_padel_webs_padel_y_grupo_pala_adidas_adipower_ctrl_3_3_adrk1ca2u0017f_15_6c05.webp\",\"contentUrl\":\"https:\\\/\\\/revolutionpadelstore.com\\\/wp-content\\\/uploads\\\/2024\\\/03\\\/110125_padel_webs_padel_y_grupo_pala_adidas_adipower_ctrl_3_3_adrk1ca2u0017f_15_6c05.webp\",\"width\":1500,\"height\":1500},{\"@type\":\"BreadcrumbList\",\"@id\":\"https:\\\/\\\/revolutionpadelstore.com\\\/pt-pt\\\/produto\\\/adidas-adipower-ctrl-3-3-5\\\/#breadcrumb\",\"itemListElement\":[{\"@type\":\"ListItem\",\"position\":1,\"name\":\"Portada\",\"item\":\"https:\\\/\\\/revolutionpadelstore.com\\\/pt-pt\\\/\"},{\"@type\":\"ListItem\",\"position\":2,\"name\":\"Tienda\",\"item\":\"https:\\\/\\\/revolutionpadelstore.com\\\/pt-pt\\\/tienda\\\/\"},{\"@type\":\"ListItem\",\"position\":3,\"name\":\"ADIDAS ADIPOWER CTRL 3.3\"}]},{\"@type\":\"WebSite\",\"@id\":\"https:\\\/\\\/revolutionpadelstore.com\\\/pt-pt\\\/#website\",\"url\":\"https:\\\/\\\/revolutionpadelstore.com\\\/pt-pt\\\/\",\"name\":\"Revolution Padel Store\",\"description\":\"\",\"publisher\":{\"@id\":\"https:\\\/\\\/revolutionpadelstore.com\\\/pt-pt\\\/#organization\"},\"potentialAction\":[{\"@type\":\"SearchAction\",\"target\":{\"@type\":\"EntryPoint\",\"urlTemplate\":\"https:\\\/\\\/revolutionpadelstore.com\\\/pt-pt\\\/?s={search_term_string}\"},\"query-input\":{\"@type\":\"PropertyValueSpecification\",\"valueRequired\":true,\"valueName\":\"search_term_string\"}}],\"inLanguage\":\"pt-PT\"},{\"@type\":\"Organization\",\"@id\":\"https:\\\/\\\/revolutionpadelstore.com\\\/pt-pt\\\/#organization\",\"name\":\"Revolution Padel Store\",\"url\":\"https:\\\/\\\/revolutionpadelstore.com\\\/pt-pt\\\/\",\"logo\":{\"@type\":\"ImageObject\",\"inLanguage\":\"pt-PT\",\"@id\":\"https:\\\/\\\/revolutionpadelstore.com\\\/pt-pt\\\/#\\\/schema\\\/logo\\\/image\\\/\",\"url\":\"https:\\\/\\\/revolutionpadelstore.com\\\/wp-content\\\/uploads\\\/2026\\\/02\\\/revolution-padel-store.jpg\",\"contentUrl\":\"https:\\\/\\\/revolutionpadelstore.com\\\/wp-content\\\/uploads\\\/2026\\\/02\\\/revolution-padel-store.jpg\",\"width\":2000,\"height\":2000,\"caption\":\"Revolution Padel Store\"},\"image\":{\"@id\":\"https:\\\/\\\/revolutionpadelstore.com\\\/pt-pt\\\/#\\\/schema\\\/logo\\\/image\\\/\"},\"sameAs\":[\"https:\\\/\\\/www.instagram.com\\\/revolutionpadelstore\\\/\"]}]}<\/script>\n<!-- \/ Yoast SEO plugin. -->","yoast_head_json":{"title":"ADIDAS ADIPOWER CTRL 3.3 - Revolution Padel Store","description":"Adidas Adipower CTRL 3.3: Control preciso y firmeza mejorada. N\u00facleo Soft Eva, caras de Carbono 3k y tecnolog\u00edas avanzadas para un rendimiento excepcional. \u00a1Domina la pista con Adidas!","robots":{"index":"index","follow":"follow","max-snippet":"max-snippet:-1","max-image-preview":"max-image-preview:large","max-video-preview":"max-video-preview:-1"},"canonical":"https:\/\/revolutionpadelstore.com\/pt-pt\/produto\/adidas-adipower-ctrl-3-3-5\/","og_locale":"pt_PT","og_type":"article","og_title":"ADIDAS ADIPOWER CTRL 3.3","og_description":"Adidas Adipower CTRL 3.3: Control preciso y firmeza mejorada. N\u00facleo Soft Eva, caras de Carbono 3k y tecnolog\u00edas avanzadas para un rendimiento excepcional. \u00a1Domina la pista con Adidas!","og_url":"https:\/\/revolutionpadelstore.com\/pt-pt\/produto\/adidas-adipower-ctrl-3-3-5\/","og_site_name":"Revolution Padel Store","article_modified_time":"2026-04-08T14:11:40+00:00","og_image":[{"width":1500,"height":1500,"url":"https:\/\/revolutionpadelstore.com\/wp-content\/uploads\/2024\/03\/110125_padel_webs_padel_y_grupo_pala_adidas_adipower_ctrl_3_3_adrk1ca2u0017f_15_6c05.webp","type":"image\/webp"}],"twitter_card":"summary_large_image","twitter_misc":{"Tempo estimado de leitura":"2 minutos"},"schema":{"@context":"https:\/\/schema.org","@graph":[{"@type":"WebPage","@id":"https:\/\/revolutionpadelstore.com\/pt-pt\/produto\/adidas-adipower-ctrl-3-3-5\/","url":"https:\/\/revolutionpadelstore.com\/pt-pt\/produto\/adidas-adipower-ctrl-3-3-5\/","name":"ADIDAS ADIPOWER CTRL 3.3 - Revolution Padel Store","isPartOf":{"@id":"https:\/\/revolutionpadelstore.com\/pt-pt\/#website"},"primaryImageOfPage":{"@id":"https:\/\/revolutionpadelstore.com\/pt-pt\/produto\/adidas-adipower-ctrl-3-3-5\/#primaryimage"},"image":{"@id":"https:\/\/revolutionpadelstore.com\/pt-pt\/produto\/adidas-adipower-ctrl-3-3-5\/#primaryimage"},"thumbnailUrl":"https:\/\/revolutionpadelstore.com\/wp-content\/uploads\/2024\/03\/110125_padel_webs_padel_y_grupo_pala_adidas_adipower_ctrl_3_3_adrk1ca2u0017f_15_6c05.webp","datePublished":"2024-03-01T13:55:33+00:00","dateModified":"2026-04-08T14:11:40+00:00","description":"Adidas Adipower CTRL 3.3: Control preciso y firmeza mejorada. N\u00facleo Soft Eva, caras de Carbono 3k y tecnolog\u00edas avanzadas para un rendimiento excepcional. \u00a1Domina la pista con Adidas!","breadcrumb":{"@id":"https:\/\/revolutionpadelstore.com\/pt-pt\/produto\/adidas-adipower-ctrl-3-3-5\/#breadcrumb"},"inLanguage":"pt-PT","potentialAction":[{"@type":"ReadAction","target":["https:\/\/revolutionpadelstore.com\/pt-pt\/produto\/adidas-adipower-ctrl-3-3-5\/"]}]},{"@type":"ImageObject","inLanguage":"pt-PT","@id":"https:\/\/revolutionpadelstore.com\/pt-pt\/produto\/adidas-adipower-ctrl-3-3-5\/#primaryimage","url":"https:\/\/revolutionpadelstore.com\/wp-content\/uploads\/2024\/03\/110125_padel_webs_padel_y_grupo_pala_adidas_adipower_ctrl_3_3_adrk1ca2u0017f_15_6c05.webp","contentUrl":"https:\/\/revolutionpadelstore.com\/wp-content\/uploads\/2024\/03\/110125_padel_webs_padel_y_grupo_pala_adidas_adipower_ctrl_3_3_adrk1ca2u0017f_15_6c05.webp","width":1500,"height":1500},{"@type":"BreadcrumbList","@id":"https:\/\/revolutionpadelstore.com\/pt-pt\/produto\/adidas-adipower-ctrl-3-3-5\/#breadcrumb","itemListElement":[{"@type":"ListItem","position":1,"name":"Portada","item":"https:\/\/revolutionpadelstore.com\/pt-pt\/"},{"@type":"ListItem","position":2,"name":"Tienda","item":"https:\/\/revolutionpadelstore.com\/pt-pt\/tienda\/"},{"@type":"ListItem","position":3,"name":"ADIDAS ADIPOWER CTRL 3.3"}]},{"@type":"WebSite","@id":"https:\/\/revolutionpadelstore.com\/pt-pt\/#website","url":"https:\/\/revolutionpadelstore.com\/pt-pt\/","name":"Revolution Padel Store","description":"","publisher":{"@id":"https:\/\/revolutionpadelstore.com\/pt-pt\/#organization"},"potentialAction":[{"@type":"SearchAction","target":{"@type":"EntryPoint","urlTemplate":"https:\/\/revolutionpadelstore.com\/pt-pt\/?s={search_term_string}"},"query-input":{"@type":"PropertyValueSpecification","valueRequired":true,"valueName":"search_term_string"}}],"inLanguage":"pt-PT"},{"@type":"Organization","@id":"https:\/\/revolutionpadelstore.com\/pt-pt\/#organization","name":"Revolution Padel Store","url":"https:\/\/revolutionpadelstore.com\/pt-pt\/","logo":{"@type":"ImageObject","inLanguage":"pt-PT","@id":"https:\/\/revolutionpadelstore.com\/pt-pt\/#\/schema\/logo\/image\/","url":"https:\/\/revolutionpadelstore.com\/wp-content\/uploads\/2026\/02\/revolution-padel-store.jpg","contentUrl":"https:\/\/revolutionpadelstore.com\/wp-content\/uploads\/2026\/02\/revolution-padel-store.jpg","width":2000,"height":2000,"caption":"Revolution Padel Store"},"image":{"@id":"https:\/\/revolutionpadelstore.com\/pt-pt\/#\/schema\/logo\/image\/"},"sameAs":["https:\/\/www.instagram.com\/revolutionpadelstore\/"]}]}},"_links":{"self":[{"href":"https:\/\/revolutionpadelstore.com\/pt-pt\/wp-json\/wp\/v2\/product\/11300","targetHints":{"allow":["GET"]}}],"collection":[{"href":"https:\/\/revolutionpadelstore.com\/pt-pt\/wp-json\/wp\/v2\/product"}],"about":[{"href":"https:\/\/revolutionpadelstore.com\/pt-pt\/wp-json\/wp\/v2\/types\/product"}],"replies":[{"embeddable":true,"href":"https:\/\/revolutionpadelstore.com\/pt-pt\/wp-json\/wp\/v2\/comments?post=11300"}],"wp:featuredmedia":[{"embeddable":true,"href":"https:\/\/revolutionpadelstore.com\/pt-pt\/wp-json\/wp\/v2\/media\/11301"}],"wp:attachment":[{"href":"https:\/\/revolutionpadelstore.com\/pt-pt\/wp-json\/wp\/v2\/media?parent=11300"}],"wp:term":[{"taxonomy":"acabado","embeddable":true,"href":"https:\/\/revolutionpadelstore.com\/pt-pt\/wp-json\/wp\/v2\/acabado?post=11300"},{"taxonomy":"balance","embeddable":true,"href":"https:\/\/revolutionpadelstore.com\/pt-pt\/wp-json\/wp\/v2\/balance?post=11300"},{"taxonomy":"dureza","embeddable":true,"href":"https:\/\/revolutionpadelstore.com\/pt-pt\/wp-json\/wp\/v2\/dureza?post=11300"},{"taxonomy":"forma","embeddable":true,"href":"https:\/\/revolutionpadelstore.com\/pt-pt\/wp-json\/wp\/v2\/forma?post=11300"},{"taxonomy":"jugador","embeddable":true,"href":"https:\/\/revolutionpadelstore.com\/pt-pt\/wp-json\/wp\/v2\/jugador?post=11300"},{"taxonomy":"marca","embeddable":true,"href":"https:\/\/revolutionpadelstore.com\/pt-pt\/wp-json\/wp\/v2\/marca?post=11300"},{"taxonomy":"nivel-de-juego","embeddable":true,"href":"https:\/\/revolutionpadelstore.com\/pt-pt\/wp-json\/wp\/v2\/nivel-de-juego?post=11300"},{"taxonomy":"superficie","embeddable":true,"href":"https:\/\/revolutionpadelstore.com\/pt-pt\/wp-json\/wp\/v2\/superficie?post=11300"},{"taxonomy":"tipo-de-juego","embeddable":true,"href":"https:\/\/revolutionpadelstore.com\/pt-pt\/wp-json\/wp\/v2\/tipo-de-juego?post=11300"},{"taxonomy":"product_brand","embeddable":true,"href":"https:\/\/revolutionpadelstore.com\/pt-pt\/wp-json\/wp\/v2\/product_brand?post=11300"},{"taxonomy":"product_cat","embeddable":true,"href":"https:\/\/revolutionpadelstore.com\/pt-pt\/wp-json\/wp\/v2\/product_cat?post=11300"},{"taxonomy":"product_tag","embeddable":true,"href":"https:\/\/revolutionpadelstore.com\/pt-pt\/wp-json\/wp\/v2\/product_tag?post=11300"}],"curies":[{"name":"wp","href":"https:\/\/api.w.org\/{rel}","templated":true}]}}