{"id":11282,"date":"2024-03-01T15:11:31","date_gmt":"2024-03-01T14:11:31","guid":{"rendered":"https:\/\/revolutionpadelstore.com\/adidas-metalbone-carbon-3-3-2024\/"},"modified":"2026-04-08T16:10:17","modified_gmt":"2026-04-08T14:10:17","slug":"adidas-metalbone-carbon-3-3-2024-5","status":"publish","type":"product","link":"https:\/\/revolutionpadelstore.com\/pt-pt\/produto\/adidas-metalbone-carbon-3-3-2024-5\/","title":{"rendered":"ADIDAS METALBONE CARBON 3.3 2024"},"content":{"rendered":"<h2>Adidas Metalbone Carbon 3.3, disco de diamante 2024 de Pablo Cardona<\/h2>\n<p>A <strong>Adidas Metalbone Carbon 3.3<\/strong> \u00e9 a raquete de padel oficial de Pablo Cardona para 2024, projetada para jogadores de alto rendimento e n\u00edvel avan\u00e7ado, prontos para partidas intensas e uso frequente.<\/p>\n<p>Com formato de diamante oversized e alto equil\u00edbrio, esta raquete permite finaliza\u00e7\u00f5es cheias de pot\u00eancia. Resistente e forte, possui materiais de alta qualidade e tecnologias avan\u00e7adas, incluindo o protetor Metalbone Protector Tape para resistir ao atrito e ao desgaste do uso intenso.<\/p>\n<h3>L\u00e2mina flex\u00edvel com fibra de carbono 6K<\/h3>\n<p>A estrutura leve e forte de fibra de carbono \u00e9 combinada com faces de fibra de carbono 6K flex\u00edveis e dur\u00e1veis. O n\u00facleo de borracha EVA Soft Performance de baixa densidade proporciona um toque macio para jogar com conforto e controle da bola.<\/p>\n<p>Integrando tecnologias Spin Blade Decal (acabamento \u00e1spero para maior ader\u00eancia) e Smart Holes Curves (matrizes curvas perfuradas para melhor acesso ao spin), esta raquete permite jogar com spin em cada tacada.<\/p>\n<h3>L\u00e2mina s\u00f3lida e resistente \u00e0 tor\u00e7\u00e3o<\/h3>\n<p>Uma raquete com corpo s\u00f3lido e resistente gra\u00e7as ao seu design. Um tubular octogonal projetado com tecnologia de estrutura octogonal para dar rigidez ao corpo. E a tecnologia de<em><strong>Refor\u00e7o Estrutural<\/strong><\/em>que refor\u00e7a o per\u00edmetro da l\u00e2mina para que seja resistente \u00e0 tor\u00e7\u00e3o.<\/p>\n<p>Esta raquete tem um design elegante e imponente. O corpo da raquete e o punho s\u00e3o pretos e a ponte da raquete \u00e9 de cobre. O logotipo da Adidas nas plantas tamb\u00e9m \u00e9 na cor cobre.<\/p>\n<h2>Adidas Metalbone Carbon 3.3, pala 2024 de diamante de Pablo Cardona<\/h2>\n","protected":false},"excerpt":{"rendered":"<p>Adidas Metalbone Carbon 3.3: raquete oficial de Pablo Cardona para 2024. Design elegante, formato de diamante oversized e tecnologias avan\u00e7adas. Pot\u00eancia e resist\u00eancia para jogadores de alto desempenho.<\/p>\n","protected":false},"featured_media":11283,"comment_status":"open","ping_status":"closed","template":"","meta":{"_acf_changed":false,"_joinchat":[]},"acabado":[1090],"balance":[1135],"dureza":[1150],"forma":[1170],"jugador":[1190,1200],"marca":[1230],"nivel-de-juego":[1335],"superficie":[1360],"tipo-de-juego":[1375],"product_brand":[],"product_cat":[300],"product_tag":[],"class_list":{"0":"post-11282","1":"product","2":"type-product","3":"status-publish","4":"has-post-thumbnail","6":"acabado-alivio-3d","7":"balance-alto-pt-pt","8":"dureza-blanda-pt-pt","9":"forma-diamante-pt-pt","10":"jugador-homem","11":"jugador-polivalente-pt-pt","12":"marca-adidas-pt-pt","13":"superficie-rugosa-pt-pt","14":"tipo-de-juego-poder","15":"product_cat-palas","17":"first","18":"instock","19":"sale","20":"taxable","21":"shipping-taxable","22":"purchasable","23":"product-type-simple"},"acf":[],"yoast_head":"<!-- This site is optimized with the Yoast SEO plugin v27.4 - https:\/\/yoast.com\/product\/yoast-seo-wordpress\/ -->\n<title>ADIDAS METALBONE CARBON 3.3 2024 - Revolution Padel Store<\/title>\n<meta name=\"description\" content=\"Adidas Metalbone Carbon 3.3: Pala oficial de Pablo Cardona para el 2024. Dise\u00f1o elegante, formato diamante oversize y tecnolog\u00edas avanzadas. Potencia y resistencia para jugadores de alto rendimiento.\" \/>\n<meta name=\"robots\" content=\"index, follow, max-snippet:-1, max-image-preview:large, max-video-preview:-1\" \/>\n<link rel=\"canonical\" href=\"https:\/\/revolutionpadelstore.com\/pt-pt\/produto\/adidas-metalbone-carbon-3-3-2024-5\/\" \/>\n<meta property=\"og:locale\" content=\"pt_PT\" \/>\n<meta property=\"og:type\" content=\"article\" \/>\n<meta property=\"og:title\" content=\"ADIDAS METALBONE CARBON 3.3 2024\" \/>\n<meta property=\"og:description\" content=\"Adidas Metalbone Carbon 3.3: Pala oficial de Pablo Cardona para el 2024. Dise\u00f1o elegante, formato diamante oversize y tecnolog\u00edas avanzadas. Potencia y resistencia para jugadores de alto rendimiento.\" \/>\n<meta property=\"og:url\" content=\"https:\/\/revolutionpadelstore.com\/pt-pt\/produto\/adidas-metalbone-carbon-3-3-2024-5\/\" \/>\n<meta property=\"og:site_name\" content=\"Revolution Padel Store\" \/>\n<meta property=\"article:modified_time\" content=\"2026-04-08T14:10:17+00:00\" \/>\n<meta property=\"og:image\" content=\"https:\/\/revolutionpadelstore.com\/wp-content\/uploads\/2024\/03\/110142_padel_webs_padel_y_grupo_pala_adidas_metalbone_carbon_3_3_adrk1aa3u0017f_d9f6.webp\" \/>\n\t<meta property=\"og:image:width\" content=\"1500\" \/>\n\t<meta property=\"og:image:height\" content=\"1500\" \/>\n\t<meta property=\"og:image:type\" content=\"image\/webp\" \/>\n<meta name=\"twitter:card\" content=\"summary_large_image\" \/>\n<meta name=\"twitter:label1\" content=\"Tempo estimado de leitura\" \/>\n\t<meta name=\"twitter:data1\" content=\"2 minutos\" \/>\n<script type=\"application\/ld+json\" class=\"yoast-schema-graph\">{\"@context\":\"https:\\\/\\\/schema.org\",\"@graph\":[{\"@type\":\"WebPage\",\"@id\":\"https:\\\/\\\/revolutionpadelstore.com\\\/pt-pt\\\/produto\\\/adidas-metalbone-carbon-3-3-2024-5\\\/\",\"url\":\"https:\\\/\\\/revolutionpadelstore.com\\\/pt-pt\\\/produto\\\/adidas-metalbone-carbon-3-3-2024-5\\\/\",\"name\":\"ADIDAS METALBONE CARBON 3.3 2024 - Revolution Padel Store\",\"isPartOf\":{\"@id\":\"https:\\\/\\\/revolutionpadelstore.com\\\/pt-pt\\\/#website\"},\"primaryImageOfPage\":{\"@id\":\"https:\\\/\\\/revolutionpadelstore.com\\\/pt-pt\\\/produto\\\/adidas-metalbone-carbon-3-3-2024-5\\\/#primaryimage\"},\"image\":{\"@id\":\"https:\\\/\\\/revolutionpadelstore.com\\\/pt-pt\\\/produto\\\/adidas-metalbone-carbon-3-3-2024-5\\\/#primaryimage\"},\"thumbnailUrl\":\"https:\\\/\\\/revolutionpadelstore.com\\\/wp-content\\\/uploads\\\/2024\\\/03\\\/110142_padel_webs_padel_y_grupo_pala_adidas_metalbone_carbon_3_3_adrk1aa3u0017f_d9f6.webp\",\"datePublished\":\"2024-03-01T14:11:31+00:00\",\"dateModified\":\"2026-04-08T14:10:17+00:00\",\"description\":\"Adidas Metalbone Carbon 3.3: Pala oficial de Pablo Cardona para el 2024. Dise\u00f1o elegante, formato diamante oversize y tecnolog\u00edas avanzadas. Potencia y resistencia para jugadores de alto rendimiento.\",\"breadcrumb\":{\"@id\":\"https:\\\/\\\/revolutionpadelstore.com\\\/pt-pt\\\/produto\\\/adidas-metalbone-carbon-3-3-2024-5\\\/#breadcrumb\"},\"inLanguage\":\"pt-PT\",\"potentialAction\":[{\"@type\":\"ReadAction\",\"target\":[\"https:\\\/\\\/revolutionpadelstore.com\\\/pt-pt\\\/produto\\\/adidas-metalbone-carbon-3-3-2024-5\\\/\"]}]},{\"@type\":\"ImageObject\",\"inLanguage\":\"pt-PT\",\"@id\":\"https:\\\/\\\/revolutionpadelstore.com\\\/pt-pt\\\/produto\\\/adidas-metalbone-carbon-3-3-2024-5\\\/#primaryimage\",\"url\":\"https:\\\/\\\/revolutionpadelstore.com\\\/wp-content\\\/uploads\\\/2024\\\/03\\\/110142_padel_webs_padel_y_grupo_pala_adidas_metalbone_carbon_3_3_adrk1aa3u0017f_d9f6.webp\",\"contentUrl\":\"https:\\\/\\\/revolutionpadelstore.com\\\/wp-content\\\/uploads\\\/2024\\\/03\\\/110142_padel_webs_padel_y_grupo_pala_adidas_metalbone_carbon_3_3_adrk1aa3u0017f_d9f6.webp\",\"width\":1500,\"height\":1500},{\"@type\":\"BreadcrumbList\",\"@id\":\"https:\\\/\\\/revolutionpadelstore.com\\\/pt-pt\\\/produto\\\/adidas-metalbone-carbon-3-3-2024-5\\\/#breadcrumb\",\"itemListElement\":[{\"@type\":\"ListItem\",\"position\":1,\"name\":\"Portada\",\"item\":\"https:\\\/\\\/revolutionpadelstore.com\\\/pt-pt\\\/\"},{\"@type\":\"ListItem\",\"position\":2,\"name\":\"Tienda\",\"item\":\"https:\\\/\\\/revolutionpadelstore.com\\\/pt-pt\\\/tienda\\\/\"},{\"@type\":\"ListItem\",\"position\":3,\"name\":\"ADIDAS METALBONE CARBON 3.3 2024\"}]},{\"@type\":\"WebSite\",\"@id\":\"https:\\\/\\\/revolutionpadelstore.com\\\/pt-pt\\\/#website\",\"url\":\"https:\\\/\\\/revolutionpadelstore.com\\\/pt-pt\\\/\",\"name\":\"Revolution Padel Store\",\"description\":\"\",\"publisher\":{\"@id\":\"https:\\\/\\\/revolutionpadelstore.com\\\/pt-pt\\\/#organization\"},\"potentialAction\":[{\"@type\":\"SearchAction\",\"target\":{\"@type\":\"EntryPoint\",\"urlTemplate\":\"https:\\\/\\\/revolutionpadelstore.com\\\/pt-pt\\\/?s={search_term_string}\"},\"query-input\":{\"@type\":\"PropertyValueSpecification\",\"valueRequired\":true,\"valueName\":\"search_term_string\"}}],\"inLanguage\":\"pt-PT\"},{\"@type\":\"Organization\",\"@id\":\"https:\\\/\\\/revolutionpadelstore.com\\\/pt-pt\\\/#organization\",\"name\":\"Revolution Padel Store\",\"url\":\"https:\\\/\\\/revolutionpadelstore.com\\\/pt-pt\\\/\",\"logo\":{\"@type\":\"ImageObject\",\"inLanguage\":\"pt-PT\",\"@id\":\"https:\\\/\\\/revolutionpadelstore.com\\\/pt-pt\\\/#\\\/schema\\\/logo\\\/image\\\/\",\"url\":\"https:\\\/\\\/revolutionpadelstore.com\\\/wp-content\\\/uploads\\\/2026\\\/02\\\/revolution-padel-store.jpg\",\"contentUrl\":\"https:\\\/\\\/revolutionpadelstore.com\\\/wp-content\\\/uploads\\\/2026\\\/02\\\/revolution-padel-store.jpg\",\"width\":2000,\"height\":2000,\"caption\":\"Revolution Padel Store\"},\"image\":{\"@id\":\"https:\\\/\\\/revolutionpadelstore.com\\\/pt-pt\\\/#\\\/schema\\\/logo\\\/image\\\/\"},\"sameAs\":[\"https:\\\/\\\/www.instagram.com\\\/revolutionpadelstore\\\/\"]}]}<\/script>\n<!-- \/ Yoast SEO plugin. -->","yoast_head_json":{"title":"ADIDAS METALBONE CARBON 3.3 2024 - Revolution Padel Store","description":"Adidas Metalbone Carbon 3.3: Pala oficial de Pablo Cardona para el 2024. Dise\u00f1o elegante, formato diamante oversize y tecnolog\u00edas avanzadas. Potencia y resistencia para jugadores de alto rendimiento.","robots":{"index":"index","follow":"follow","max-snippet":"max-snippet:-1","max-image-preview":"max-image-preview:large","max-video-preview":"max-video-preview:-1"},"canonical":"https:\/\/revolutionpadelstore.com\/pt-pt\/produto\/adidas-metalbone-carbon-3-3-2024-5\/","og_locale":"pt_PT","og_type":"article","og_title":"ADIDAS METALBONE CARBON 3.3 2024","og_description":"Adidas Metalbone Carbon 3.3: Pala oficial de Pablo Cardona para el 2024. Dise\u00f1o elegante, formato diamante oversize y tecnolog\u00edas avanzadas. Potencia y resistencia para jugadores de alto rendimiento.","og_url":"https:\/\/revolutionpadelstore.com\/pt-pt\/produto\/adidas-metalbone-carbon-3-3-2024-5\/","og_site_name":"Revolution Padel Store","article_modified_time":"2026-04-08T14:10:17+00:00","og_image":[{"width":1500,"height":1500,"url":"https:\/\/revolutionpadelstore.com\/wp-content\/uploads\/2024\/03\/110142_padel_webs_padel_y_grupo_pala_adidas_metalbone_carbon_3_3_adrk1aa3u0017f_d9f6.webp","type":"image\/webp"}],"twitter_card":"summary_large_image","twitter_misc":{"Tempo estimado de leitura":"2 minutos"},"schema":{"@context":"https:\/\/schema.org","@graph":[{"@type":"WebPage","@id":"https:\/\/revolutionpadelstore.com\/pt-pt\/produto\/adidas-metalbone-carbon-3-3-2024-5\/","url":"https:\/\/revolutionpadelstore.com\/pt-pt\/produto\/adidas-metalbone-carbon-3-3-2024-5\/","name":"ADIDAS METALBONE CARBON 3.3 2024 - Revolution Padel Store","isPartOf":{"@id":"https:\/\/revolutionpadelstore.com\/pt-pt\/#website"},"primaryImageOfPage":{"@id":"https:\/\/revolutionpadelstore.com\/pt-pt\/produto\/adidas-metalbone-carbon-3-3-2024-5\/#primaryimage"},"image":{"@id":"https:\/\/revolutionpadelstore.com\/pt-pt\/produto\/adidas-metalbone-carbon-3-3-2024-5\/#primaryimage"},"thumbnailUrl":"https:\/\/revolutionpadelstore.com\/wp-content\/uploads\/2024\/03\/110142_padel_webs_padel_y_grupo_pala_adidas_metalbone_carbon_3_3_adrk1aa3u0017f_d9f6.webp","datePublished":"2024-03-01T14:11:31+00:00","dateModified":"2026-04-08T14:10:17+00:00","description":"Adidas Metalbone Carbon 3.3: Pala oficial de Pablo Cardona para el 2024. Dise\u00f1o elegante, formato diamante oversize y tecnolog\u00edas avanzadas. Potencia y resistencia para jugadores de alto rendimiento.","breadcrumb":{"@id":"https:\/\/revolutionpadelstore.com\/pt-pt\/produto\/adidas-metalbone-carbon-3-3-2024-5\/#breadcrumb"},"inLanguage":"pt-PT","potentialAction":[{"@type":"ReadAction","target":["https:\/\/revolutionpadelstore.com\/pt-pt\/produto\/adidas-metalbone-carbon-3-3-2024-5\/"]}]},{"@type":"ImageObject","inLanguage":"pt-PT","@id":"https:\/\/revolutionpadelstore.com\/pt-pt\/produto\/adidas-metalbone-carbon-3-3-2024-5\/#primaryimage","url":"https:\/\/revolutionpadelstore.com\/wp-content\/uploads\/2024\/03\/110142_padel_webs_padel_y_grupo_pala_adidas_metalbone_carbon_3_3_adrk1aa3u0017f_d9f6.webp","contentUrl":"https:\/\/revolutionpadelstore.com\/wp-content\/uploads\/2024\/03\/110142_padel_webs_padel_y_grupo_pala_adidas_metalbone_carbon_3_3_adrk1aa3u0017f_d9f6.webp","width":1500,"height":1500},{"@type":"BreadcrumbList","@id":"https:\/\/revolutionpadelstore.com\/pt-pt\/produto\/adidas-metalbone-carbon-3-3-2024-5\/#breadcrumb","itemListElement":[{"@type":"ListItem","position":1,"name":"Portada","item":"https:\/\/revolutionpadelstore.com\/pt-pt\/"},{"@type":"ListItem","position":2,"name":"Tienda","item":"https:\/\/revolutionpadelstore.com\/pt-pt\/tienda\/"},{"@type":"ListItem","position":3,"name":"ADIDAS METALBONE CARBON 3.3 2024"}]},{"@type":"WebSite","@id":"https:\/\/revolutionpadelstore.com\/pt-pt\/#website","url":"https:\/\/revolutionpadelstore.com\/pt-pt\/","name":"Revolution Padel Store","description":"","publisher":{"@id":"https:\/\/revolutionpadelstore.com\/pt-pt\/#organization"},"potentialAction":[{"@type":"SearchAction","target":{"@type":"EntryPoint","urlTemplate":"https:\/\/revolutionpadelstore.com\/pt-pt\/?s={search_term_string}"},"query-input":{"@type":"PropertyValueSpecification","valueRequired":true,"valueName":"search_term_string"}}],"inLanguage":"pt-PT"},{"@type":"Organization","@id":"https:\/\/revolutionpadelstore.com\/pt-pt\/#organization","name":"Revolution Padel Store","url":"https:\/\/revolutionpadelstore.com\/pt-pt\/","logo":{"@type":"ImageObject","inLanguage":"pt-PT","@id":"https:\/\/revolutionpadelstore.com\/pt-pt\/#\/schema\/logo\/image\/","url":"https:\/\/revolutionpadelstore.com\/wp-content\/uploads\/2026\/02\/revolution-padel-store.jpg","contentUrl":"https:\/\/revolutionpadelstore.com\/wp-content\/uploads\/2026\/02\/revolution-padel-store.jpg","width":2000,"height":2000,"caption":"Revolution Padel Store"},"image":{"@id":"https:\/\/revolutionpadelstore.com\/pt-pt\/#\/schema\/logo\/image\/"},"sameAs":["https:\/\/www.instagram.com\/revolutionpadelstore\/"]}]}},"_links":{"self":[{"href":"https:\/\/revolutionpadelstore.com\/pt-pt\/wp-json\/wp\/v2\/product\/11282","targetHints":{"allow":["GET"]}}],"collection":[{"href":"https:\/\/revolutionpadelstore.com\/pt-pt\/wp-json\/wp\/v2\/product"}],"about":[{"href":"https:\/\/revolutionpadelstore.com\/pt-pt\/wp-json\/wp\/v2\/types\/product"}],"replies":[{"embeddable":true,"href":"https:\/\/revolutionpadelstore.com\/pt-pt\/wp-json\/wp\/v2\/comments?post=11282"}],"wp:featuredmedia":[{"embeddable":true,"href":"https:\/\/revolutionpadelstore.com\/pt-pt\/wp-json\/wp\/v2\/media\/11283"}],"wp:attachment":[{"href":"https:\/\/revolutionpadelstore.com\/pt-pt\/wp-json\/wp\/v2\/media?parent=11282"}],"wp:term":[{"taxonomy":"acabado","embeddable":true,"href":"https:\/\/revolutionpadelstore.com\/pt-pt\/wp-json\/wp\/v2\/acabado?post=11282"},{"taxonomy":"balance","embeddable":true,"href":"https:\/\/revolutionpadelstore.com\/pt-pt\/wp-json\/wp\/v2\/balance?post=11282"},{"taxonomy":"dureza","embeddable":true,"href":"https:\/\/revolutionpadelstore.com\/pt-pt\/wp-json\/wp\/v2\/dureza?post=11282"},{"taxonomy":"forma","embeddable":true,"href":"https:\/\/revolutionpadelstore.com\/pt-pt\/wp-json\/wp\/v2\/forma?post=11282"},{"taxonomy":"jugador","embeddable":true,"href":"https:\/\/revolutionpadelstore.com\/pt-pt\/wp-json\/wp\/v2\/jugador?post=11282"},{"taxonomy":"marca","embeddable":true,"href":"https:\/\/revolutionpadelstore.com\/pt-pt\/wp-json\/wp\/v2\/marca?post=11282"},{"taxonomy":"nivel-de-juego","embeddable":true,"href":"https:\/\/revolutionpadelstore.com\/pt-pt\/wp-json\/wp\/v2\/nivel-de-juego?post=11282"},{"taxonomy":"superficie","embeddable":true,"href":"https:\/\/revolutionpadelstore.com\/pt-pt\/wp-json\/wp\/v2\/superficie?post=11282"},{"taxonomy":"tipo-de-juego","embeddable":true,"href":"https:\/\/revolutionpadelstore.com\/pt-pt\/wp-json\/wp\/v2\/tipo-de-juego?post=11282"},{"taxonomy":"product_brand","embeddable":true,"href":"https:\/\/revolutionpadelstore.com\/pt-pt\/wp-json\/wp\/v2\/product_brand?post=11282"},{"taxonomy":"product_cat","embeddable":true,"href":"https:\/\/revolutionpadelstore.com\/pt-pt\/wp-json\/wp\/v2\/product_cat?post=11282"},{"taxonomy":"product_tag","embeddable":true,"href":"https:\/\/revolutionpadelstore.com\/pt-pt\/wp-json\/wp\/v2\/product_tag?post=11282"}],"curies":[{"name":"wp","href":"https:\/\/api.w.org\/{rel}","templated":true}]}}