{"id":11095,"date":"2024-06-18T00:14:07","date_gmt":"2024-06-17T22:14:07","guid":{"rendered":"https:\/\/revolutionpadelstore.com\/head-speed-speed-motion-ltd-ari-sanchez\/"},"modified":"2026-04-08T11:17:43","modified_gmt":"2026-04-08T09:17:43","slug":"head-speed-motion-ltd-ari-sanchez-5","status":"publish","type":"product","link":"https:\/\/revolutionpadelstore.com\/pt-pt\/produto\/head-speed-motion-ltd-ari-sanchez-5\/","title":{"rendered":"HEAD SPEED MOTION LTD \u2013 ARI S\u00c1NCHEZ"},"content":{"rendered":"<p>Baseada no modelo Speed \u200b\u200b\u200b\u200bMotion, e dotada das mesmas caracter\u00edsticas e tecnologias, a raquete SPEED MOTION LTD ARI S\u00c1NCHEZ apresenta um design exclusivo desenhado para &#8216;Magic Ari&#8217;, o n\u00famero 1 do mundo. Seu toque m\u00e1gico foi incorporado ao design da raquete com alguns detalhes hologr\u00e1ficos. Como co-designer, Ari escolheu as cores desta raquete de edi\u00e7\u00e3o limitada, dotada de um design elegante e exclusivo, que inclui a sua assinatura. Esta raquete, confeccionada em formato de l\u00e1grima, \u00e9 ideal para jogadores avan\u00e7ados e profissionais que buscam a combina\u00e7\u00e3o perfeita de pot\u00eancia e controle, com um n\u00edvel extra de manuseio.<\/p>\n<p>\u00b7 Edi\u00e7\u00e3o limitada co-desenhada por Ari S\u00e1nchez, n\u00famero 1 do mundo<br \/>\n\u00b7 Cores elegantes e exclusivas escolhidas por Ari<br \/>\n\u00b7 Design com assinatura de Ari e detalhes hologr\u00e1ficos feitos para &#8216;Magic Ari&#8217;<br \/>\n\u00b7 Feito para jogadores avan\u00e7ados e profissionais que procuram pot\u00eancia sem perder o controle<br \/>\n\u00b7 P\u00e1 vers\u00e1til e gerenci\u00e1vel<br \/>\n\u00b7 Molde em forma de l\u00e1grima<br \/>\n\u00b7 Baseado no modelo Speed \u200b\u200bMotion, com as mesmas funcionalidades e tecnologias<br \/>\n\u00b7 Inclui pela primeira vez o acess\u00f3rio Pro Spin Strips, novas tiras adesivas com superf\u00edcie rugosa para gerar maior ader\u00eancia e giro da bola<\/p>\n<p>TECNOLOGIAS<\/p>\n<p>A constru\u00e7\u00e3o aux\u00e9tica apresenta uma deforma\u00e7\u00e3o \u00fanica em compara\u00e7\u00e3o com as constru\u00e7\u00f5es n\u00e3o aux\u00e9ticas. As constru\u00e7\u00f5es aux\u00e9ticas ampliam-se quando uma for\u00e7a de &#8220;tra\u00e7\u00e3o&#8221; \u00e9 aplicada e contraem-se quando comprimidas. Quanto maior a for\u00e7a aplicada, maior ser\u00e1 a rea\u00e7\u00e3o Aux\u00e9tica.<\/p>\n<p>O grafeno fortalece o quadro, proporciona maior estabilidade e otimiza a sa\u00edda da bola.<\/p>\n<p>A borracha POWER FOAM foi projetada para atingir o m\u00e1ximo de pot\u00eancia e for\u00e7a, potencializando golpes de ataque como smash, X3 ou X4.<\/p>\n<p>A nova tampa \u00e9 feita de material macio que proporciona uma pegada confort\u00e1vel e macia. Com acabamento laranja, serve para diminuir vibra\u00e7\u00f5es e diminuir a press\u00e3o, evitando les\u00f5es e bolhas nas m\u00e3os.<\/p>\n<p>A tecnologia SMART BRIDGE consiste na constru\u00e7\u00e3o individualizada da \u00e1rea da ponte inclu\u00edda no molde, adaptando-se \u00e0s caracter\u00edsticas de cada raquete em fun\u00e7\u00e3o da sua jogabilidade.<\/p>\n<p>A tecnologia OPTIMIZED SWEET SPOT adapta o padr\u00e3o de furo a cada l\u00e2mina para expandir a \u00e1rea do ponto ideal.<\/p>\n<p>Por n\u00e3o possuir tubular, a estrutura da raquete \u00e9 meticulosamente projetada e constru\u00edda sob medida para cada raquete para um desempenho ideal, permitindo maximizar o desempenho de cada raquete.<\/p>\n<p>Protetor transparente que aumenta a durabilidade da raquete, protegendo-a de choques e arranh\u00f5es. Tamb\u00e9m pode ser substitu\u00eddo facilmente, maximizando a vida \u00fatil.<\/p>\n","protected":false},"excerpt":{"rendered":"<p>Como co-designer, Ari escolheu as cores desta raquete de edi\u00e7\u00e3o limitada, com design elegante e exclusivo, que inclui sua assinatura. Esta raquete, confeccionada com molde em forma de l\u00e1grima, \u00e9 ideal para jogadores avan\u00e7ados e profissionais que buscam a combina\u00e7\u00e3o perfeita de pot\u00eancia e controle, com um n\u00edvel extra de manuseio.<\/p>\n","protected":false},"featured_media":11096,"comment_status":"open","ping_status":"closed","template":"","meta":{"_acf_changed":false,"_joinchat":[]},"acabado":[1080],"balance":[1135,1140],"dureza":[1160,1155],"forma":[1170],"jugador":[1195],"marca":[1220],"nivel-de-juego":[1335],"superficie":[1355],"tipo-de-juego":[1375,1385],"product_brand":[],"product_cat":[300],"product_tag":[],"class_list":{"0":"post-11095","1":"product","2":"type-product","3":"status-publish","4":"has-post-thumbnail","6":"acabado-brilho","7":"balance-alto-pt-pt","8":"balance-medio-pt-pt","9":"dureza-dura-pt-pt","10":"dureza-media-pt-pt","11":"forma-diamante-pt-pt","12":"jugador-mulher","13":"marca-cabeca","14":"superficie-lisa-pt-pt","15":"tipo-de-juego-poder","16":"tipo-de-juego-polivalente-pt-pt","17":"product_cat-palas","19":"first","20":"instock","21":"sale","22":"taxable","23":"shipping-taxable","24":"purchasable","25":"product-type-simple"},"acf":[],"yoast_head":"<!-- This site is optimized with the Yoast SEO plugin v27.4 - https:\/\/yoast.com\/product\/yoast-seo-wordpress\/ -->\n<title>HEAD SPEED MOTION LTD \u2013 ARI S\u00c1NCHEZ - Revolution Padel Store<\/title>\n<meta name=\"description\" content=\"Basada en el modelo Speed Motion, y provista de las mismas prestaciones y tecnolog\u00edas, la pala SPEED MOTION LTD ARI S\u00c1NCHEZ luce un dise\u00f1o exclusivo pensado para \u2018Magic Ari\u2019, la n\u00famero 1 del mundo. Su toque m\u00e1gico se ha incorporado al dise\u00f1o de la pala con algunos detalles hologr\u00e1ficos. Como co-dise\u00f1adora, Ari eligi\u00f3 los colores para esta pala de edici\u00f3n limitada, provista de un dise\u00f1o elegante y exclusivo, que incluye su firma. Esta pala, fabricada con un molde en forma de l\u00e1grima, es ideal para jugadores avanzados y profesionales que buscan la mezcla perfecta de potencia y control, con un nivel extra de manejabilidad.\" \/>\n<meta name=\"robots\" content=\"index, follow, max-snippet:-1, max-image-preview:large, max-video-preview:-1\" \/>\n<link rel=\"canonical\" href=\"https:\/\/revolutionpadelstore.com\/pt-pt\/produto\/head-speed-motion-ltd-ari-sanchez-5\/\" \/>\n<meta property=\"og:locale\" content=\"pt_PT\" \/>\n<meta property=\"og:type\" content=\"article\" \/>\n<meta property=\"og:title\" content=\"HEAD SPEED MOTION LTD \u2013 ARI S\u00c1NCHEZ - Revolution Padel Store\" \/>\n<meta property=\"og:description\" content=\"Basada en el modelo Speed Motion, y provista de las mismas prestaciones y tecnolog\u00edas, la pala SPEED MOTION LTD ARI S\u00c1NCHEZ luce un dise\u00f1o exclusivo pensado para \u2018Magic Ari\u2019, la n\u00famero 1 del mundo. Su toque m\u00e1gico se ha incorporado al dise\u00f1o de la pala con algunos detalles hologr\u00e1ficos. Como co-dise\u00f1adora, Ari eligi\u00f3 los colores para esta pala de edici\u00f3n limitada, provista de un dise\u00f1o elegante y exclusivo, que incluye su firma. Esta pala, fabricada con un molde en forma de l\u00e1grima, es ideal para jugadores avanzados y profesionales que buscan la mezcla perfecta de potencia y control, con un nivel extra de manejabilidad.\" \/>\n<meta property=\"og:url\" content=\"https:\/\/revolutionpadelstore.com\/pt-pt\/produto\/head-speed-motion-ltd-ari-sanchez-5\/\" \/>\n<meta property=\"og:site_name\" content=\"Revolution Padel Store\" \/>\n<meta property=\"article:modified_time\" content=\"2026-04-08T09:17:43+00:00\" \/>\n<meta property=\"og:image\" content=\"https:\/\/revolutionpadelstore.com\/wp-content\/uploads\/2024\/06\/speed-motion-ltd.jpg\" \/>\n\t<meta property=\"og:image:width\" content=\"768\" \/>\n\t<meta property=\"og:image:height\" content=\"768\" \/>\n\t<meta property=\"og:image:type\" content=\"image\/jpeg\" \/>\n<meta name=\"twitter:card\" content=\"summary_large_image\" \/>\n<meta name=\"twitter:label1\" content=\"Tempo estimado de leitura\" \/>\n\t<meta name=\"twitter:data1\" content=\"3 minutos\" \/>\n<script type=\"application\/ld+json\" class=\"yoast-schema-graph\">{\"@context\":\"https:\\\/\\\/schema.org\",\"@graph\":[{\"@type\":\"WebPage\",\"@id\":\"https:\\\/\\\/revolutionpadelstore.com\\\/pt-pt\\\/produto\\\/head-speed-motion-ltd-ari-sanchez-5\\\/\",\"url\":\"https:\\\/\\\/revolutionpadelstore.com\\\/pt-pt\\\/produto\\\/head-speed-motion-ltd-ari-sanchez-5\\\/\",\"name\":\"HEAD SPEED MOTION LTD \u2013 ARI S\u00c1NCHEZ - Revolution Padel Store\",\"isPartOf\":{\"@id\":\"https:\\\/\\\/revolutionpadelstore.com\\\/pt-pt\\\/#website\"},\"primaryImageOfPage\":{\"@id\":\"https:\\\/\\\/revolutionpadelstore.com\\\/pt-pt\\\/produto\\\/head-speed-motion-ltd-ari-sanchez-5\\\/#primaryimage\"},\"image\":{\"@id\":\"https:\\\/\\\/revolutionpadelstore.com\\\/pt-pt\\\/produto\\\/head-speed-motion-ltd-ari-sanchez-5\\\/#primaryimage\"},\"thumbnailUrl\":\"https:\\\/\\\/revolutionpadelstore.com\\\/wp-content\\\/uploads\\\/2024\\\/06\\\/speed-motion-ltd.jpg\",\"datePublished\":\"2024-06-17T22:14:07+00:00\",\"dateModified\":\"2026-04-08T09:17:43+00:00\",\"description\":\"Basada en el modelo Speed Motion, y provista de las mismas prestaciones y tecnolog\u00edas, la pala SPEED MOTION LTD ARI S\u00c1NCHEZ luce un dise\u00f1o exclusivo pensado para \u2018Magic Ari\u2019, la n\u00famero 1 del mundo. Su toque m\u00e1gico se ha incorporado al dise\u00f1o de la pala con algunos detalles hologr\u00e1ficos. Como co-dise\u00f1adora, Ari eligi\u00f3 los colores para esta pala de edici\u00f3n limitada, provista de un dise\u00f1o elegante y exclusivo, que incluye su firma. Esta pala, fabricada con un molde en forma de l\u00e1grima, es ideal para jugadores avanzados y profesionales que buscan la mezcla perfecta de potencia y control, con un nivel extra de manejabilidad.\",\"breadcrumb\":{\"@id\":\"https:\\\/\\\/revolutionpadelstore.com\\\/pt-pt\\\/produto\\\/head-speed-motion-ltd-ari-sanchez-5\\\/#breadcrumb\"},\"inLanguage\":\"pt-PT\",\"potentialAction\":[{\"@type\":\"ReadAction\",\"target\":[\"https:\\\/\\\/revolutionpadelstore.com\\\/pt-pt\\\/produto\\\/head-speed-motion-ltd-ari-sanchez-5\\\/\"]}]},{\"@type\":\"ImageObject\",\"inLanguage\":\"pt-PT\",\"@id\":\"https:\\\/\\\/revolutionpadelstore.com\\\/pt-pt\\\/produto\\\/head-speed-motion-ltd-ari-sanchez-5\\\/#primaryimage\",\"url\":\"https:\\\/\\\/revolutionpadelstore.com\\\/wp-content\\\/uploads\\\/2024\\\/06\\\/speed-motion-ltd.jpg\",\"contentUrl\":\"https:\\\/\\\/revolutionpadelstore.com\\\/wp-content\\\/uploads\\\/2024\\\/06\\\/speed-motion-ltd.jpg\",\"width\":768,\"height\":768},{\"@type\":\"BreadcrumbList\",\"@id\":\"https:\\\/\\\/revolutionpadelstore.com\\\/pt-pt\\\/produto\\\/head-speed-motion-ltd-ari-sanchez-5\\\/#breadcrumb\",\"itemListElement\":[{\"@type\":\"ListItem\",\"position\":1,\"name\":\"Portada\",\"item\":\"https:\\\/\\\/revolutionpadelstore.com\\\/pt-pt\\\/\"},{\"@type\":\"ListItem\",\"position\":2,\"name\":\"Tienda\",\"item\":\"https:\\\/\\\/revolutionpadelstore.com\\\/pt-pt\\\/tienda\\\/\"},{\"@type\":\"ListItem\",\"position\":3,\"name\":\"HEAD SPEED MOTION LTD \u2013 ARI S\u00c1NCHEZ\"}]},{\"@type\":\"WebSite\",\"@id\":\"https:\\\/\\\/revolutionpadelstore.com\\\/pt-pt\\\/#website\",\"url\":\"https:\\\/\\\/revolutionpadelstore.com\\\/pt-pt\\\/\",\"name\":\"Revolution Padel Store\",\"description\":\"\",\"publisher\":{\"@id\":\"https:\\\/\\\/revolutionpadelstore.com\\\/pt-pt\\\/#organization\"},\"potentialAction\":[{\"@type\":\"SearchAction\",\"target\":{\"@type\":\"EntryPoint\",\"urlTemplate\":\"https:\\\/\\\/revolutionpadelstore.com\\\/pt-pt\\\/?s={search_term_string}\"},\"query-input\":{\"@type\":\"PropertyValueSpecification\",\"valueRequired\":true,\"valueName\":\"search_term_string\"}}],\"inLanguage\":\"pt-PT\"},{\"@type\":\"Organization\",\"@id\":\"https:\\\/\\\/revolutionpadelstore.com\\\/pt-pt\\\/#organization\",\"name\":\"Revolution Padel Store\",\"url\":\"https:\\\/\\\/revolutionpadelstore.com\\\/pt-pt\\\/\",\"logo\":{\"@type\":\"ImageObject\",\"inLanguage\":\"pt-PT\",\"@id\":\"https:\\\/\\\/revolutionpadelstore.com\\\/pt-pt\\\/#\\\/schema\\\/logo\\\/image\\\/\",\"url\":\"https:\\\/\\\/revolutionpadelstore.com\\\/wp-content\\\/uploads\\\/2026\\\/02\\\/revolution-padel-store.jpg\",\"contentUrl\":\"https:\\\/\\\/revolutionpadelstore.com\\\/wp-content\\\/uploads\\\/2026\\\/02\\\/revolution-padel-store.jpg\",\"width\":2000,\"height\":2000,\"caption\":\"Revolution Padel Store\"},\"image\":{\"@id\":\"https:\\\/\\\/revolutionpadelstore.com\\\/pt-pt\\\/#\\\/schema\\\/logo\\\/image\\\/\"},\"sameAs\":[\"https:\\\/\\\/www.instagram.com\\\/revolutionpadelstore\\\/\"]}]}<\/script>\n<!-- \/ Yoast SEO plugin. -->","yoast_head_json":{"title":"HEAD SPEED MOTION LTD \u2013 ARI S\u00c1NCHEZ - Revolution Padel Store","description":"Basada en el modelo Speed Motion, y provista de las mismas prestaciones y tecnolog\u00edas, la pala SPEED MOTION LTD ARI S\u00c1NCHEZ luce un dise\u00f1o exclusivo pensado para \u2018Magic Ari\u2019, la n\u00famero 1 del mundo. Su toque m\u00e1gico se ha incorporado al dise\u00f1o de la pala con algunos detalles hologr\u00e1ficos. Como co-dise\u00f1adora, Ari eligi\u00f3 los colores para esta pala de edici\u00f3n limitada, provista de un dise\u00f1o elegante y exclusivo, que incluye su firma. Esta pala, fabricada con un molde en forma de l\u00e1grima, es ideal para jugadores avanzados y profesionales que buscan la mezcla perfecta de potencia y control, con un nivel extra de manejabilidad.","robots":{"index":"index","follow":"follow","max-snippet":"max-snippet:-1","max-image-preview":"max-image-preview:large","max-video-preview":"max-video-preview:-1"},"canonical":"https:\/\/revolutionpadelstore.com\/pt-pt\/produto\/head-speed-motion-ltd-ari-sanchez-5\/","og_locale":"pt_PT","og_type":"article","og_title":"HEAD SPEED MOTION LTD \u2013 ARI S\u00c1NCHEZ - Revolution Padel Store","og_description":"Basada en el modelo Speed Motion, y provista de las mismas prestaciones y tecnolog\u00edas, la pala SPEED MOTION LTD ARI S\u00c1NCHEZ luce un dise\u00f1o exclusivo pensado para \u2018Magic Ari\u2019, la n\u00famero 1 del mundo. Su toque m\u00e1gico se ha incorporado al dise\u00f1o de la pala con algunos detalles hologr\u00e1ficos. Como co-dise\u00f1adora, Ari eligi\u00f3 los colores para esta pala de edici\u00f3n limitada, provista de un dise\u00f1o elegante y exclusivo, que incluye su firma. Esta pala, fabricada con un molde en forma de l\u00e1grima, es ideal para jugadores avanzados y profesionales que buscan la mezcla perfecta de potencia y control, con un nivel extra de manejabilidad.","og_url":"https:\/\/revolutionpadelstore.com\/pt-pt\/produto\/head-speed-motion-ltd-ari-sanchez-5\/","og_site_name":"Revolution Padel Store","article_modified_time":"2026-04-08T09:17:43+00:00","og_image":[{"width":768,"height":768,"url":"https:\/\/revolutionpadelstore.com\/wp-content\/uploads\/2024\/06\/speed-motion-ltd.jpg","type":"image\/jpeg"}],"twitter_card":"summary_large_image","twitter_misc":{"Tempo estimado de leitura":"3 minutos"},"schema":{"@context":"https:\/\/schema.org","@graph":[{"@type":"WebPage","@id":"https:\/\/revolutionpadelstore.com\/pt-pt\/produto\/head-speed-motion-ltd-ari-sanchez-5\/","url":"https:\/\/revolutionpadelstore.com\/pt-pt\/produto\/head-speed-motion-ltd-ari-sanchez-5\/","name":"HEAD SPEED MOTION LTD \u2013 ARI S\u00c1NCHEZ - Revolution Padel Store","isPartOf":{"@id":"https:\/\/revolutionpadelstore.com\/pt-pt\/#website"},"primaryImageOfPage":{"@id":"https:\/\/revolutionpadelstore.com\/pt-pt\/produto\/head-speed-motion-ltd-ari-sanchez-5\/#primaryimage"},"image":{"@id":"https:\/\/revolutionpadelstore.com\/pt-pt\/produto\/head-speed-motion-ltd-ari-sanchez-5\/#primaryimage"},"thumbnailUrl":"https:\/\/revolutionpadelstore.com\/wp-content\/uploads\/2024\/06\/speed-motion-ltd.jpg","datePublished":"2024-06-17T22:14:07+00:00","dateModified":"2026-04-08T09:17:43+00:00","description":"Basada en el modelo Speed Motion, y provista de las mismas prestaciones y tecnolog\u00edas, la pala SPEED MOTION LTD ARI S\u00c1NCHEZ luce un dise\u00f1o exclusivo pensado para \u2018Magic Ari\u2019, la n\u00famero 1 del mundo. Su toque m\u00e1gico se ha incorporado al dise\u00f1o de la pala con algunos detalles hologr\u00e1ficos. Como co-dise\u00f1adora, Ari eligi\u00f3 los colores para esta pala de edici\u00f3n limitada, provista de un dise\u00f1o elegante y exclusivo, que incluye su firma. Esta pala, fabricada con un molde en forma de l\u00e1grima, es ideal para jugadores avanzados y profesionales que buscan la mezcla perfecta de potencia y control, con un nivel extra de manejabilidad.","breadcrumb":{"@id":"https:\/\/revolutionpadelstore.com\/pt-pt\/produto\/head-speed-motion-ltd-ari-sanchez-5\/#breadcrumb"},"inLanguage":"pt-PT","potentialAction":[{"@type":"ReadAction","target":["https:\/\/revolutionpadelstore.com\/pt-pt\/produto\/head-speed-motion-ltd-ari-sanchez-5\/"]}]},{"@type":"ImageObject","inLanguage":"pt-PT","@id":"https:\/\/revolutionpadelstore.com\/pt-pt\/produto\/head-speed-motion-ltd-ari-sanchez-5\/#primaryimage","url":"https:\/\/revolutionpadelstore.com\/wp-content\/uploads\/2024\/06\/speed-motion-ltd.jpg","contentUrl":"https:\/\/revolutionpadelstore.com\/wp-content\/uploads\/2024\/06\/speed-motion-ltd.jpg","width":768,"height":768},{"@type":"BreadcrumbList","@id":"https:\/\/revolutionpadelstore.com\/pt-pt\/produto\/head-speed-motion-ltd-ari-sanchez-5\/#breadcrumb","itemListElement":[{"@type":"ListItem","position":1,"name":"Portada","item":"https:\/\/revolutionpadelstore.com\/pt-pt\/"},{"@type":"ListItem","position":2,"name":"Tienda","item":"https:\/\/revolutionpadelstore.com\/pt-pt\/tienda\/"},{"@type":"ListItem","position":3,"name":"HEAD SPEED MOTION LTD \u2013 ARI S\u00c1NCHEZ"}]},{"@type":"WebSite","@id":"https:\/\/revolutionpadelstore.com\/pt-pt\/#website","url":"https:\/\/revolutionpadelstore.com\/pt-pt\/","name":"Revolution Padel Store","description":"","publisher":{"@id":"https:\/\/revolutionpadelstore.com\/pt-pt\/#organization"},"potentialAction":[{"@type":"SearchAction","target":{"@type":"EntryPoint","urlTemplate":"https:\/\/revolutionpadelstore.com\/pt-pt\/?s={search_term_string}"},"query-input":{"@type":"PropertyValueSpecification","valueRequired":true,"valueName":"search_term_string"}}],"inLanguage":"pt-PT"},{"@type":"Organization","@id":"https:\/\/revolutionpadelstore.com\/pt-pt\/#organization","name":"Revolution Padel Store","url":"https:\/\/revolutionpadelstore.com\/pt-pt\/","logo":{"@type":"ImageObject","inLanguage":"pt-PT","@id":"https:\/\/revolutionpadelstore.com\/pt-pt\/#\/schema\/logo\/image\/","url":"https:\/\/revolutionpadelstore.com\/wp-content\/uploads\/2026\/02\/revolution-padel-store.jpg","contentUrl":"https:\/\/revolutionpadelstore.com\/wp-content\/uploads\/2026\/02\/revolution-padel-store.jpg","width":2000,"height":2000,"caption":"Revolution Padel Store"},"image":{"@id":"https:\/\/revolutionpadelstore.com\/pt-pt\/#\/schema\/logo\/image\/"},"sameAs":["https:\/\/www.instagram.com\/revolutionpadelstore\/"]}]}},"_links":{"self":[{"href":"https:\/\/revolutionpadelstore.com\/pt-pt\/wp-json\/wp\/v2\/product\/11095","targetHints":{"allow":["GET"]}}],"collection":[{"href":"https:\/\/revolutionpadelstore.com\/pt-pt\/wp-json\/wp\/v2\/product"}],"about":[{"href":"https:\/\/revolutionpadelstore.com\/pt-pt\/wp-json\/wp\/v2\/types\/product"}],"replies":[{"embeddable":true,"href":"https:\/\/revolutionpadelstore.com\/pt-pt\/wp-json\/wp\/v2\/comments?post=11095"}],"wp:featuredmedia":[{"embeddable":true,"href":"https:\/\/revolutionpadelstore.com\/pt-pt\/wp-json\/wp\/v2\/media\/11096"}],"wp:attachment":[{"href":"https:\/\/revolutionpadelstore.com\/pt-pt\/wp-json\/wp\/v2\/media?parent=11095"}],"wp:term":[{"taxonomy":"acabado","embeddable":true,"href":"https:\/\/revolutionpadelstore.com\/pt-pt\/wp-json\/wp\/v2\/acabado?post=11095"},{"taxonomy":"balance","embeddable":true,"href":"https:\/\/revolutionpadelstore.com\/pt-pt\/wp-json\/wp\/v2\/balance?post=11095"},{"taxonomy":"dureza","embeddable":true,"href":"https:\/\/revolutionpadelstore.com\/pt-pt\/wp-json\/wp\/v2\/dureza?post=11095"},{"taxonomy":"forma","embeddable":true,"href":"https:\/\/revolutionpadelstore.com\/pt-pt\/wp-json\/wp\/v2\/forma?post=11095"},{"taxonomy":"jugador","embeddable":true,"href":"https:\/\/revolutionpadelstore.com\/pt-pt\/wp-json\/wp\/v2\/jugador?post=11095"},{"taxonomy":"marca","embeddable":true,"href":"https:\/\/revolutionpadelstore.com\/pt-pt\/wp-json\/wp\/v2\/marca?post=11095"},{"taxonomy":"nivel-de-juego","embeddable":true,"href":"https:\/\/revolutionpadelstore.com\/pt-pt\/wp-json\/wp\/v2\/nivel-de-juego?post=11095"},{"taxonomy":"superficie","embeddable":true,"href":"https:\/\/revolutionpadelstore.com\/pt-pt\/wp-json\/wp\/v2\/superficie?post=11095"},{"taxonomy":"tipo-de-juego","embeddable":true,"href":"https:\/\/revolutionpadelstore.com\/pt-pt\/wp-json\/wp\/v2\/tipo-de-juego?post=11095"},{"taxonomy":"product_brand","embeddable":true,"href":"https:\/\/revolutionpadelstore.com\/pt-pt\/wp-json\/wp\/v2\/product_brand?post=11095"},{"taxonomy":"product_cat","embeddable":true,"href":"https:\/\/revolutionpadelstore.com\/pt-pt\/wp-json\/wp\/v2\/product_cat?post=11095"},{"taxonomy":"product_tag","embeddable":true,"href":"https:\/\/revolutionpadelstore.com\/pt-pt\/wp-json\/wp\/v2\/product_tag?post=11095"}],"curies":[{"name":"wp","href":"https:\/\/api.w.org\/{rel}","templated":true}]}}