{"id":11057,"date":"2024-06-18T08:19:32","date_gmt":"2024-06-18T06:19:32","guid":{"rendered":"https:\/\/revolutionpadelstore.com\/metalbone-pro-edt-2024-ale-galan\/"},"modified":"2026-04-08T11:17:12","modified_gmt":"2026-04-08T09:17:12","slug":"adidas-metalbone-pro-edt-2024-ale-galan","status":"publish","type":"product","link":"https:\/\/revolutionpadelstore.com\/pt-pt\/produto\/adidas-metalbone-pro-edt-2024-ale-galan\/","title":{"rendered":"ADIDAS METALBONE PRO EDT 2024 ALE GALAN"},"content":{"rendered":"<div class=\"elementor-widget Elementor-element Elementor-element-p657a86 Elementor-widget-heading\" data-element_type=\"heading\">\n<div class=\"elementor-widget-container\">\n<h2 class=\"elementor-heading-titleelementor-size-default none\">METALBONE MASTER LTD<\/h2>\n<\/div>\n<\/div>\n<div class=\"elementor-widget Elementor-element Elementor-element-xd2ewci Elementor-widget-text-editor\" data-element_type=\"text-editor\">\n<div class=\"elementor-widget-container\">\n<div class=\"elementor-text-editor rte-content\">\n<p>A PRO-EDT Metalbone de Ale Gal\u00e1n funde as melhores tecnologias do madridista em uma raquete exclusiva para quem busca dominar a quadra. Sua <strong>Estrutura Octogonal<\/strong> oferece rigidez incompar\u00e1vel e enorme pot\u00eancia, enquanto a rugosidade <strong>Spin Blade<\/strong> e o layout dos furos <strong>Smart Holes Curv<\/strong>e Eles permitem que voc\u00ea execute tiros com efeito sonhador.<\/p>\n<p>O sistema Weight &amp; Balance d\u00e1-lhe a capacidade de ajustar o peso e o equil\u00edbrio da raquete ao seu gosto, adaptando-a ao seu estilo de jogo \u00fanico. E a combina\u00e7\u00e3o de fibra <strong>Carbono Aluminizado 2 para 1<\/strong> e borracha <strong>EVA Soft Performance<\/strong> oferece controle e pot\u00eancia excepcionais, permitindo que voc\u00ea brilhe a cada golpe.<\/p>\n<div class=\"elementor-widget Elementor-element Elementor-element-e1sg3cr Elementor-widget-text-editor\" data-element_type=\"text-editor\">\n<div class=\"elementor-widget-container\">\n<div class=\"elementor-text-editor rte-content\">\n<p>O equil\u00edbrio e os pesos da raquete s\u00e3o modific\u00e1veis \u200b\u200bgra\u00e7as a esta tecnologia inovadora presente apenas nas raquetes do mais alto n\u00edvel. Seu sistema de parafusos remov\u00edveis instalado na ponte da raquete permite ajustar o equil\u00edbrio do peso e adaptar o comportamento \u00e0s necessidades de cada jogador em cada momento.<\/p>\n<div class=\"elementor-widget Elementor-element Elementor-element-yvqj33e Elementor-widget-text-editor\" data-element_type=\"text-editor\">\n<div class=\"elementor-widget-container\">\n<div class=\"elementor-text-editor rte-content\">\n<p>Localizada na estrutura e no cora\u00e7\u00e3o da raquete, esta tecnologia confere \u00e0 raquete uma estrutura de m\u00e1xima rigidez. Composto por um tubo de carbono com oito arestas, gera um esqueleto interno extremamente resistente \u00e0s tor\u00e7\u00f5es a que ficam expostas as l\u00e2minas dos melhores padelistas.<\/p>\n<div class=\"elementor-widget Elementor-element Elementor-element-quql4dj Elementor-widget-text-editor\" data-element_type=\"text-editor\">\n<div class=\"elementor-widget-container\">\n<div class=\"elementor-text-editor rte-content\">\n<p>A raquete incorpora uma camada \u00e1spera na superf\u00edcie para oferecer os melhores efeitos. Atrav\u00e9s de um desenho de formas octogonais, otimiza a cria\u00e7\u00e3o de movimentos de rota\u00e7\u00e3o na bola.<\/p>\n<\/div>\n<\/div>\n<\/div>\n<\/div>\n<\/div>\n<\/div>\n<\/div>\n<\/div>\n<\/div>\n<\/div>\n<\/div>\n<\/div>\n","protected":false},"excerpt":{"rendered":"<p>METALBONE MASTER LTD A PRO-EDT Metalbone de Ale Gal\u00e1n funde as melhores tecnologias do madridista em uma raquete exclusiva para quem busca dominar a quadra. Sua Estrutura Octogonal oferece rigidez incompar\u00e1vel e enorme pot\u00eancia, enquanto a rugosidade Spin Blade e o layout dos furos Smart Holes Curve Eles permitem que voc\u00ea execute tiros com efeito [&hellip;]<\/p>\n","protected":false},"featured_media":11066,"comment_status":"open","ping_status":"closed","template":"","meta":{"_acf_changed":false,"_joinchat":[]},"acabado":[1090],"balance":[1135,1140],"dureza":[1160,1155],"forma":[1170],"jugador":[1190,1200],"marca":[1230],"nivel-de-juego":[1335],"superficie":[1360],"tipo-de-juego":[1375,1385],"product_brand":[],"product_cat":[300],"product_tag":[],"class_list":{"0":"post-11057","1":"product","2":"type-product","3":"status-publish","4":"has-post-thumbnail","6":"acabado-alivio-3d","7":"balance-alto-pt-pt","8":"balance-medio-pt-pt","9":"dureza-dura-pt-pt","10":"dureza-media-pt-pt","11":"forma-diamante-pt-pt","12":"jugador-homem","13":"jugador-polivalente-pt-pt","14":"marca-adidas-pt-pt","15":"superficie-rugosa-pt-pt","16":"tipo-de-juego-poder","17":"tipo-de-juego-polivalente-pt-pt","18":"product_cat-palas","20":"first","21":"outofstock","22":"sale","23":"taxable","24":"shipping-taxable","25":"purchasable","26":"product-type-simple"},"acf":[],"yoast_head":"<!-- This site is optimized with the Yoast SEO plugin v27.4 - https:\/\/yoast.com\/product\/yoast-seo-wordpress\/ -->\n<title>ADIDAS METALBONE PRO EDT 2024 ALE GALAN - Revolution Padel Store<\/title>\n<meta name=\"description\" content=\"La PRO-EDT Metalbone by Ale Gal\u00e1n fusiona las mejores tecnolog\u00edas del jugador madrile\u00f1o en una pala exclusiva para aquellos que buscan dominar la pista. Su\u00a0Octogonal Structure\u00a0ofrece una rigidez sin igual y una potencia descomunal, mientras que la rugosidad\u00a0Spin Blade\u00a0y la disposici\u00f3n de los agujeros\u00a0Smart Holes Curve te permiten ejecutar golpes con efecto de ensue\u00f1o. El\u00a0Weight &amp; Balance System\u00a0te da el poder de ajustar el peso y el equilibrio de la pala a tu gusto, adapt\u00e1ndola a tu estilo de juego \u00fanico. Y la combinaci\u00f3n de fibra\u00a0Carbon Aluminized 2 to 1\u00a0y goma\u00a0EVA Soft Performance\u00a0te ofrece un control y una potencia excepcionales, permiti\u00e9ndote brillar en cada golpe.\" \/>\n<meta name=\"robots\" content=\"index, follow, max-snippet:-1, max-image-preview:large, max-video-preview:-1\" \/>\n<link rel=\"canonical\" href=\"https:\/\/revolutionpadelstore.com\/pt-pt\/produto\/adidas-metalbone-pro-edt-2024-ale-galan\/\" \/>\n<meta property=\"og:locale\" content=\"pt_PT\" \/>\n<meta property=\"og:type\" content=\"article\" \/>\n<meta property=\"og:title\" content=\"COMPRAR METALBONE PRO EDT 2024 ALE GALAN\" \/>\n<meta property=\"og:description\" content=\"La PRO-EDT Metalbone by Ale Gal\u00e1n fusiona las mejores tecnolog\u00edas del jugador madrile\u00f1o en una pala exclusiva para aquellos que buscan dominar la pista. Su\u00a0Octogonal Structure\u00a0ofrece una rigidez sin igual y una potencia descomunal, mientras que la rugosidad\u00a0Spin Blade\u00a0y la disposici\u00f3n de los agujeros\u00a0Smart Holes Curve te permiten ejecutar golpes con efecto de ensue\u00f1o. El\u00a0Weight &amp; Balance System\u00a0te da el poder de ajustar el peso y el equilibrio de la pala a tu gusto, adapt\u00e1ndola a tu estilo de juego \u00fanico. Y la combinaci\u00f3n de fibra\u00a0Carbon Aluminized 2 to 1\u00a0y goma\u00a0EVA Soft Performance\u00a0te ofrece un control y una potencia excepcionales, permiti\u00e9ndote brillar en cada golpe.\" \/>\n<meta property=\"og:url\" content=\"https:\/\/revolutionpadelstore.com\/pt-pt\/produto\/adidas-metalbone-pro-edt-2024-ale-galan\/\" \/>\n<meta property=\"og:site_name\" content=\"Revolution Padel Store\" \/>\n<meta property=\"article:modified_time\" content=\"2026-04-08T09:17:12+00:00\" \/>\n<meta property=\"og:image\" content=\"https:\/\/revolutionpadelstore.com\/wp-content\/uploads\/2024\/06\/adidas-metalbone-pro-edt-2024.png\" \/>\n\t<meta property=\"og:image:width\" content=\"900\" \/>\n\t<meta property=\"og:image:height\" content=\"900\" \/>\n\t<meta property=\"og:image:type\" content=\"image\/png\" \/>\n<meta name=\"twitter:card\" content=\"summary_large_image\" \/>\n<meta name=\"twitter:label1\" content=\"Tempo estimado de leitura\" \/>\n\t<meta name=\"twitter:data1\" content=\"2 minutos\" \/>\n<script type=\"application\/ld+json\" class=\"yoast-schema-graph\">{\"@context\":\"https:\\\/\\\/schema.org\",\"@graph\":[{\"@type\":\"WebPage\",\"@id\":\"https:\\\/\\\/revolutionpadelstore.com\\\/pt-pt\\\/produto\\\/adidas-metalbone-pro-edt-2024-ale-galan\\\/\",\"url\":\"https:\\\/\\\/revolutionpadelstore.com\\\/pt-pt\\\/produto\\\/adidas-metalbone-pro-edt-2024-ale-galan\\\/\",\"name\":\"ADIDAS METALBONE PRO EDT 2024 ALE GALAN - Revolution Padel Store\",\"isPartOf\":{\"@id\":\"https:\\\/\\\/revolutionpadelstore.com\\\/pt-pt\\\/#website\"},\"primaryImageOfPage\":{\"@id\":\"https:\\\/\\\/revolutionpadelstore.com\\\/pt-pt\\\/produto\\\/adidas-metalbone-pro-edt-2024-ale-galan\\\/#primaryimage\"},\"image\":{\"@id\":\"https:\\\/\\\/revolutionpadelstore.com\\\/pt-pt\\\/produto\\\/adidas-metalbone-pro-edt-2024-ale-galan\\\/#primaryimage\"},\"thumbnailUrl\":\"https:\\\/\\\/revolutionpadelstore.com\\\/wp-content\\\/uploads\\\/2024\\\/06\\\/adidas-metalbone-pro-edt-2024.png\",\"datePublished\":\"2024-06-18T06:19:32+00:00\",\"dateModified\":\"2026-04-08T09:17:12+00:00\",\"description\":\"La PRO-EDT Metalbone by Ale Gal\u00e1n fusiona las mejores tecnolog\u00edas del jugador madrile\u00f1o en una pala exclusiva para aquellos que buscan dominar la pista. Su\u00a0Octogonal Structure\u00a0ofrece una rigidez sin igual y una potencia descomunal, mientras que la rugosidad\u00a0Spin Blade\u00a0y la disposici\u00f3n de los agujeros\u00a0Smart Holes Curve te permiten ejecutar golpes con efecto de ensue\u00f1o. El\u00a0Weight & Balance System\u00a0te da el poder de ajustar el peso y el equilibrio de la pala a tu gusto, adapt\u00e1ndola a tu estilo de juego \u00fanico. Y la combinaci\u00f3n de fibra\u00a0Carbon Aluminized 2 to 1\u00a0y goma\u00a0EVA Soft Performance\u00a0te ofrece un control y una potencia excepcionales, permiti\u00e9ndote brillar en cada golpe.\",\"breadcrumb\":{\"@id\":\"https:\\\/\\\/revolutionpadelstore.com\\\/pt-pt\\\/produto\\\/adidas-metalbone-pro-edt-2024-ale-galan\\\/#breadcrumb\"},\"inLanguage\":\"pt-PT\",\"potentialAction\":[{\"@type\":\"ReadAction\",\"target\":[\"https:\\\/\\\/revolutionpadelstore.com\\\/pt-pt\\\/produto\\\/adidas-metalbone-pro-edt-2024-ale-galan\\\/\"]}]},{\"@type\":\"ImageObject\",\"inLanguage\":\"pt-PT\",\"@id\":\"https:\\\/\\\/revolutionpadelstore.com\\\/pt-pt\\\/produto\\\/adidas-metalbone-pro-edt-2024-ale-galan\\\/#primaryimage\",\"url\":\"https:\\\/\\\/revolutionpadelstore.com\\\/wp-content\\\/uploads\\\/2024\\\/06\\\/adidas-metalbone-pro-edt-2024.png\",\"contentUrl\":\"https:\\\/\\\/revolutionpadelstore.com\\\/wp-content\\\/uploads\\\/2024\\\/06\\\/adidas-metalbone-pro-edt-2024.png\",\"width\":900,\"height\":900},{\"@type\":\"BreadcrumbList\",\"@id\":\"https:\\\/\\\/revolutionpadelstore.com\\\/pt-pt\\\/produto\\\/adidas-metalbone-pro-edt-2024-ale-galan\\\/#breadcrumb\",\"itemListElement\":[{\"@type\":\"ListItem\",\"position\":1,\"name\":\"Portada\",\"item\":\"https:\\\/\\\/revolutionpadelstore.com\\\/pt-pt\\\/\"},{\"@type\":\"ListItem\",\"position\":2,\"name\":\"Tienda\",\"item\":\"https:\\\/\\\/revolutionpadelstore.com\\\/pt-pt\\\/tienda\\\/\"},{\"@type\":\"ListItem\",\"position\":3,\"name\":\"ADIDAS METALBONE PRO EDT 2024 ALE GALAN\"}]},{\"@type\":\"WebSite\",\"@id\":\"https:\\\/\\\/revolutionpadelstore.com\\\/pt-pt\\\/#website\",\"url\":\"https:\\\/\\\/revolutionpadelstore.com\\\/pt-pt\\\/\",\"name\":\"Revolution Padel Store\",\"description\":\"\",\"publisher\":{\"@id\":\"https:\\\/\\\/revolutionpadelstore.com\\\/pt-pt\\\/#organization\"},\"potentialAction\":[{\"@type\":\"SearchAction\",\"target\":{\"@type\":\"EntryPoint\",\"urlTemplate\":\"https:\\\/\\\/revolutionpadelstore.com\\\/pt-pt\\\/?s={search_term_string}\"},\"query-input\":{\"@type\":\"PropertyValueSpecification\",\"valueRequired\":true,\"valueName\":\"search_term_string\"}}],\"inLanguage\":\"pt-PT\"},{\"@type\":\"Organization\",\"@id\":\"https:\\\/\\\/revolutionpadelstore.com\\\/pt-pt\\\/#organization\",\"name\":\"Revolution Padel Store\",\"url\":\"https:\\\/\\\/revolutionpadelstore.com\\\/pt-pt\\\/\",\"logo\":{\"@type\":\"ImageObject\",\"inLanguage\":\"pt-PT\",\"@id\":\"https:\\\/\\\/revolutionpadelstore.com\\\/pt-pt\\\/#\\\/schema\\\/logo\\\/image\\\/\",\"url\":\"https:\\\/\\\/revolutionpadelstore.com\\\/wp-content\\\/uploads\\\/2026\\\/02\\\/revolution-padel-store.jpg\",\"contentUrl\":\"https:\\\/\\\/revolutionpadelstore.com\\\/wp-content\\\/uploads\\\/2026\\\/02\\\/revolution-padel-store.jpg\",\"width\":2000,\"height\":2000,\"caption\":\"Revolution Padel Store\"},\"image\":{\"@id\":\"https:\\\/\\\/revolutionpadelstore.com\\\/pt-pt\\\/#\\\/schema\\\/logo\\\/image\\\/\"},\"sameAs\":[\"https:\\\/\\\/www.instagram.com\\\/revolutionpadelstore\\\/\"]}]}<\/script>\n<!-- \/ Yoast SEO plugin. -->","yoast_head_json":{"title":"ADIDAS METALBONE PRO EDT 2024 ALE GALAN - Revolution Padel Store","description":"La PRO-EDT Metalbone by Ale Gal\u00e1n fusiona las mejores tecnolog\u00edas del jugador madrile\u00f1o en una pala exclusiva para aquellos que buscan dominar la pista. Su\u00a0Octogonal Structure\u00a0ofrece una rigidez sin igual y una potencia descomunal, mientras que la rugosidad\u00a0Spin Blade\u00a0y la disposici\u00f3n de los agujeros\u00a0Smart Holes Curve te permiten ejecutar golpes con efecto de ensue\u00f1o. El\u00a0Weight & Balance System\u00a0te da el poder de ajustar el peso y el equilibrio de la pala a tu gusto, adapt\u00e1ndola a tu estilo de juego \u00fanico. Y la combinaci\u00f3n de fibra\u00a0Carbon Aluminized 2 to 1\u00a0y goma\u00a0EVA Soft Performance\u00a0te ofrece un control y una potencia excepcionales, permiti\u00e9ndote brillar en cada golpe.","robots":{"index":"index","follow":"follow","max-snippet":"max-snippet:-1","max-image-preview":"max-image-preview:large","max-video-preview":"max-video-preview:-1"},"canonical":"https:\/\/revolutionpadelstore.com\/pt-pt\/produto\/adidas-metalbone-pro-edt-2024-ale-galan\/","og_locale":"pt_PT","og_type":"article","og_title":"COMPRAR METALBONE PRO EDT 2024 ALE GALAN","og_description":"La PRO-EDT Metalbone by Ale Gal\u00e1n fusiona las mejores tecnolog\u00edas del jugador madrile\u00f1o en una pala exclusiva para aquellos que buscan dominar la pista. Su\u00a0Octogonal Structure\u00a0ofrece una rigidez sin igual y una potencia descomunal, mientras que la rugosidad\u00a0Spin Blade\u00a0y la disposici\u00f3n de los agujeros\u00a0Smart Holes Curve te permiten ejecutar golpes con efecto de ensue\u00f1o. El\u00a0Weight & Balance System\u00a0te da el poder de ajustar el peso y el equilibrio de la pala a tu gusto, adapt\u00e1ndola a tu estilo de juego \u00fanico. Y la combinaci\u00f3n de fibra\u00a0Carbon Aluminized 2 to 1\u00a0y goma\u00a0EVA Soft Performance\u00a0te ofrece un control y una potencia excepcionales, permiti\u00e9ndote brillar en cada golpe.","og_url":"https:\/\/revolutionpadelstore.com\/pt-pt\/produto\/adidas-metalbone-pro-edt-2024-ale-galan\/","og_site_name":"Revolution Padel Store","article_modified_time":"2026-04-08T09:17:12+00:00","og_image":[{"width":900,"height":900,"url":"https:\/\/revolutionpadelstore.com\/wp-content\/uploads\/2024\/06\/adidas-metalbone-pro-edt-2024.png","type":"image\/png"}],"twitter_card":"summary_large_image","twitter_misc":{"Tempo estimado de leitura":"2 minutos"},"schema":{"@context":"https:\/\/schema.org","@graph":[{"@type":"WebPage","@id":"https:\/\/revolutionpadelstore.com\/pt-pt\/produto\/adidas-metalbone-pro-edt-2024-ale-galan\/","url":"https:\/\/revolutionpadelstore.com\/pt-pt\/produto\/adidas-metalbone-pro-edt-2024-ale-galan\/","name":"ADIDAS METALBONE PRO EDT 2024 ALE GALAN - Revolution Padel Store","isPartOf":{"@id":"https:\/\/revolutionpadelstore.com\/pt-pt\/#website"},"primaryImageOfPage":{"@id":"https:\/\/revolutionpadelstore.com\/pt-pt\/produto\/adidas-metalbone-pro-edt-2024-ale-galan\/#primaryimage"},"image":{"@id":"https:\/\/revolutionpadelstore.com\/pt-pt\/produto\/adidas-metalbone-pro-edt-2024-ale-galan\/#primaryimage"},"thumbnailUrl":"https:\/\/revolutionpadelstore.com\/wp-content\/uploads\/2024\/06\/adidas-metalbone-pro-edt-2024.png","datePublished":"2024-06-18T06:19:32+00:00","dateModified":"2026-04-08T09:17:12+00:00","description":"La PRO-EDT Metalbone by Ale Gal\u00e1n fusiona las mejores tecnolog\u00edas del jugador madrile\u00f1o en una pala exclusiva para aquellos que buscan dominar la pista. Su\u00a0Octogonal Structure\u00a0ofrece una rigidez sin igual y una potencia descomunal, mientras que la rugosidad\u00a0Spin Blade\u00a0y la disposici\u00f3n de los agujeros\u00a0Smart Holes Curve te permiten ejecutar golpes con efecto de ensue\u00f1o. El\u00a0Weight & Balance System\u00a0te da el poder de ajustar el peso y el equilibrio de la pala a tu gusto, adapt\u00e1ndola a tu estilo de juego \u00fanico. Y la combinaci\u00f3n de fibra\u00a0Carbon Aluminized 2 to 1\u00a0y goma\u00a0EVA Soft Performance\u00a0te ofrece un control y una potencia excepcionales, permiti\u00e9ndote brillar en cada golpe.","breadcrumb":{"@id":"https:\/\/revolutionpadelstore.com\/pt-pt\/produto\/adidas-metalbone-pro-edt-2024-ale-galan\/#breadcrumb"},"inLanguage":"pt-PT","potentialAction":[{"@type":"ReadAction","target":["https:\/\/revolutionpadelstore.com\/pt-pt\/produto\/adidas-metalbone-pro-edt-2024-ale-galan\/"]}]},{"@type":"ImageObject","inLanguage":"pt-PT","@id":"https:\/\/revolutionpadelstore.com\/pt-pt\/produto\/adidas-metalbone-pro-edt-2024-ale-galan\/#primaryimage","url":"https:\/\/revolutionpadelstore.com\/wp-content\/uploads\/2024\/06\/adidas-metalbone-pro-edt-2024.png","contentUrl":"https:\/\/revolutionpadelstore.com\/wp-content\/uploads\/2024\/06\/adidas-metalbone-pro-edt-2024.png","width":900,"height":900},{"@type":"BreadcrumbList","@id":"https:\/\/revolutionpadelstore.com\/pt-pt\/produto\/adidas-metalbone-pro-edt-2024-ale-galan\/#breadcrumb","itemListElement":[{"@type":"ListItem","position":1,"name":"Portada","item":"https:\/\/revolutionpadelstore.com\/pt-pt\/"},{"@type":"ListItem","position":2,"name":"Tienda","item":"https:\/\/revolutionpadelstore.com\/pt-pt\/tienda\/"},{"@type":"ListItem","position":3,"name":"ADIDAS METALBONE PRO EDT 2024 ALE GALAN"}]},{"@type":"WebSite","@id":"https:\/\/revolutionpadelstore.com\/pt-pt\/#website","url":"https:\/\/revolutionpadelstore.com\/pt-pt\/","name":"Revolution Padel Store","description":"","publisher":{"@id":"https:\/\/revolutionpadelstore.com\/pt-pt\/#organization"},"potentialAction":[{"@type":"SearchAction","target":{"@type":"EntryPoint","urlTemplate":"https:\/\/revolutionpadelstore.com\/pt-pt\/?s={search_term_string}"},"query-input":{"@type":"PropertyValueSpecification","valueRequired":true,"valueName":"search_term_string"}}],"inLanguage":"pt-PT"},{"@type":"Organization","@id":"https:\/\/revolutionpadelstore.com\/pt-pt\/#organization","name":"Revolution Padel Store","url":"https:\/\/revolutionpadelstore.com\/pt-pt\/","logo":{"@type":"ImageObject","inLanguage":"pt-PT","@id":"https:\/\/revolutionpadelstore.com\/pt-pt\/#\/schema\/logo\/image\/","url":"https:\/\/revolutionpadelstore.com\/wp-content\/uploads\/2026\/02\/revolution-padel-store.jpg","contentUrl":"https:\/\/revolutionpadelstore.com\/wp-content\/uploads\/2026\/02\/revolution-padel-store.jpg","width":2000,"height":2000,"caption":"Revolution Padel Store"},"image":{"@id":"https:\/\/revolutionpadelstore.com\/pt-pt\/#\/schema\/logo\/image\/"},"sameAs":["https:\/\/www.instagram.com\/revolutionpadelstore\/"]}]}},"_links":{"self":[{"href":"https:\/\/revolutionpadelstore.com\/pt-pt\/wp-json\/wp\/v2\/product\/11057","targetHints":{"allow":["GET"]}}],"collection":[{"href":"https:\/\/revolutionpadelstore.com\/pt-pt\/wp-json\/wp\/v2\/product"}],"about":[{"href":"https:\/\/revolutionpadelstore.com\/pt-pt\/wp-json\/wp\/v2\/types\/product"}],"replies":[{"embeddable":true,"href":"https:\/\/revolutionpadelstore.com\/pt-pt\/wp-json\/wp\/v2\/comments?post=11057"}],"wp:featuredmedia":[{"embeddable":true,"href":"https:\/\/revolutionpadelstore.com\/pt-pt\/wp-json\/wp\/v2\/media\/11066"}],"wp:attachment":[{"href":"https:\/\/revolutionpadelstore.com\/pt-pt\/wp-json\/wp\/v2\/media?parent=11057"}],"wp:term":[{"taxonomy":"acabado","embeddable":true,"href":"https:\/\/revolutionpadelstore.com\/pt-pt\/wp-json\/wp\/v2\/acabado?post=11057"},{"taxonomy":"balance","embeddable":true,"href":"https:\/\/revolutionpadelstore.com\/pt-pt\/wp-json\/wp\/v2\/balance?post=11057"},{"taxonomy":"dureza","embeddable":true,"href":"https:\/\/revolutionpadelstore.com\/pt-pt\/wp-json\/wp\/v2\/dureza?post=11057"},{"taxonomy":"forma","embeddable":true,"href":"https:\/\/revolutionpadelstore.com\/pt-pt\/wp-json\/wp\/v2\/forma?post=11057"},{"taxonomy":"jugador","embeddable":true,"href":"https:\/\/revolutionpadelstore.com\/pt-pt\/wp-json\/wp\/v2\/jugador?post=11057"},{"taxonomy":"marca","embeddable":true,"href":"https:\/\/revolutionpadelstore.com\/pt-pt\/wp-json\/wp\/v2\/marca?post=11057"},{"taxonomy":"nivel-de-juego","embeddable":true,"href":"https:\/\/revolutionpadelstore.com\/pt-pt\/wp-json\/wp\/v2\/nivel-de-juego?post=11057"},{"taxonomy":"superficie","embeddable":true,"href":"https:\/\/revolutionpadelstore.com\/pt-pt\/wp-json\/wp\/v2\/superficie?post=11057"},{"taxonomy":"tipo-de-juego","embeddable":true,"href":"https:\/\/revolutionpadelstore.com\/pt-pt\/wp-json\/wp\/v2\/tipo-de-juego?post=11057"},{"taxonomy":"product_brand","embeddable":true,"href":"https:\/\/revolutionpadelstore.com\/pt-pt\/wp-json\/wp\/v2\/product_brand?post=11057"},{"taxonomy":"product_cat","embeddable":true,"href":"https:\/\/revolutionpadelstore.com\/pt-pt\/wp-json\/wp\/v2\/product_cat?post=11057"},{"taxonomy":"product_tag","embeddable":true,"href":"https:\/\/revolutionpadelstore.com\/pt-pt\/wp-json\/wp\/v2\/product_tag?post=11057"}],"curies":[{"name":"wp","href":"https:\/\/api.w.org\/{rel}","templated":true}]}}