{"id":11019,"date":"2024-06-18T13:16:46","date_gmt":"2024-06-18T11:16:46","guid":{"rendered":"https:\/\/revolutionpadelstore.com\/cross-it-pro-edt-2024-marta-ortega\/"},"modified":"2026-04-08T11:16:40","modified_gmt":"2026-04-08T09:16:40","slug":"adidas-cross-it-pro-edt-2024-marta-ortega","status":"publish","type":"product","link":"https:\/\/revolutionpadelstore.com\/pt-pt\/produto\/adidas-cross-it-pro-edt-2024-marta-ortega\/","title":{"rendered":"ADIDAS CROSS IT PRO EDT 2024 MARTA ORTEGA"},"content":{"rendered":"<div class=\"elementor-widget Elementor-element Elementor-element-v9q0wy0 Elementor-widget-heading\" data-element_type=\"heading\">\n<div class=\"elementor-widget-container\">\n<h2 class=\"elementor-heading-titleelementor-size-default none\">CROSS IT PRO EDT<\/h2>\n<\/div>\n<\/div>\n<div class=\"elementor-widget Elementor-element Elementor-element-1chplo7 Elementor-widget-text-editor\" data-element_type=\"text-editor\">\n<div class=\"elementor-widget-container\">\n<div class=\"elementor-text-editor rte-content\">\n<p>A PRO-EDT Cross It Light de Marta Ortega \u00e9 uma raquete exclusiva pensada para jogadores que buscam a perfei\u00e7\u00e3o em todos os pontos. Incorpora todas as tecnologias revolucion\u00e1rias Cross It, que proporcionam um valor diferencial em todos os aspectos do jogo. O sistema Extra Power Grip e Dynamic Air Flow permitem que voc\u00ea libere uma pot\u00eancia esmagadora, enquanto o Spin Blade Mold ajuda voc\u00ea a executar golpes com um giro digno de um profissional. As tecnologias <strong>Eleven 13<\/strong> e <strong>Structural Reinforcement<\/strong> garantem que sua raquete resista aos golpes mais fortes, permitindo que voc\u00ea jogue sem preocupa\u00e7\u00f5es. A composi\u00e7\u00e3o de fibra de carbono aluminizado 24K e borracha <strong>EVA Soft Energy<\/strong> proporciona uma rigidez invej\u00e1vel, perfeita para brilhar em golpes potentes e precisos.<\/p>\n<p>A aerodin\u00e2mica chegou ao mundo do padel. Essa tecnologia reduz a resist\u00eancia do ar na regi\u00e3o do pesco\u00e7o da raquete para ganhar velocidade na execu\u00e7\u00e3o de golpes, principalmente os mais potentes.<\/p>\n<p>Uma nova forma de disposi\u00e7\u00e3o dos furos que melhora a durabilidade e a capacidade de pot\u00eancia da raquete. Eles consistem em orif\u00edcios menores que o normal, localizados na parte central da cabe\u00e7a. Desta forma, esta parte central ganha consist\u00eancia e rigidez.<\/p>\n<p>O aperto da raquete \u00e9 mais longo que o normal. Com isso, o equil\u00edbrio da raquete fica concentrado na cabe\u00e7a, fator que permite ganhar mais in\u00e9rcia e melhor comportamento em golpes poderosos.<\/p>\n<\/div>\n<\/div>\n<\/div>\n","protected":false},"excerpt":{"rendered":"<p>A PRO-EDT Cross It Light de Marta Ortega \u00e9 uma raquete exclusiva projetada para jogadores que buscam a perfei\u00e7\u00e3o em todos os pontos. Incorpora todas as tecnologias revolucion\u00e1rias Cross It, que proporcionam valor diferencial em todos os aspectos do jogo.<\/p>\n","protected":false},"featured_media":11027,"comment_status":"open","ping_status":"closed","template":"","meta":{"_acf_changed":false,"_joinchat":[]},"acabado":[1090],"balance":[1135,1140],"dureza":[1160,1155],"forma":[1175],"jugador":[1195],"marca":[1230],"nivel-de-juego":[1335],"superficie":[1360],"tipo-de-juego":[1375,1385],"product_brand":[],"product_cat":[300],"product_tag":[],"class_list":{"0":"post-11019","1":"product","2":"type-product","3":"status-publish","4":"has-post-thumbnail","6":"acabado-alivio-3d","7":"balance-alto-pt-pt","8":"balance-medio-pt-pt","9":"dureza-dura-pt-pt","10":"dureza-media-pt-pt","11":"forma-hibrido","12":"jugador-mulher","13":"marca-adidas-pt-pt","14":"superficie-rugosa-pt-pt","15":"tipo-de-juego-poder","16":"tipo-de-juego-polivalente-pt-pt","17":"product_cat-palas","19":"first","20":"outofstock","21":"sale","22":"taxable","23":"shipping-taxable","24":"purchasable","25":"product-type-simple"},"acf":[],"yoast_head":"<!-- This site is optimized with the Yoast SEO plugin v27.4 - https:\/\/yoast.com\/product\/yoast-seo-wordpress\/ -->\n<title>ADIDAS CROSS IT PRO EDT 2024 MARTA ORTEGA - Revolution Padel Store<\/title>\n<meta name=\"description\" content=\"La PRO-EDT Cross It Light by Marta Ortega es una pala exclusiva dise\u00f1ada para jugadoras y jugadores que buscan la perfecci\u00f3n en cada punto. Incorpora todas las revolucionarias tecnolog\u00edas Cross It, que te brindan un valor diferencial en todos los aspectos del juego.\" \/>\n<meta name=\"robots\" content=\"index, follow, max-snippet:-1, max-image-preview:large, max-video-preview:-1\" \/>\n<link rel=\"canonical\" href=\"https:\/\/revolutionpadelstore.com\/pt-pt\/produto\/adidas-cross-it-pro-edt-2024-marta-ortega\/\" \/>\n<meta property=\"og:locale\" content=\"pt_PT\" \/>\n<meta property=\"og:type\" content=\"article\" \/>\n<meta property=\"og:title\" content=\"COMPRAR CROSS IT PRO EDT 2024 MARTA ORTEGA\" \/>\n<meta property=\"og:description\" content=\"La PRO-EDT Cross It Light by Marta Ortega es una pala exclusiva dise\u00f1ada para jugadoras y jugadores que buscan la perfecci\u00f3n en cada punto. Incorpora todas las revolucionarias tecnolog\u00edas Cross It, que te brindan un valor diferencial en todos los aspectos del juego.\" \/>\n<meta property=\"og:url\" content=\"https:\/\/revolutionpadelstore.com\/pt-pt\/produto\/adidas-cross-it-pro-edt-2024-marta-ortega\/\" \/>\n<meta property=\"og:site_name\" content=\"Revolution Padel Store\" \/>\n<meta property=\"article:modified_time\" content=\"2026-04-08T09:16:40+00:00\" \/>\n<meta property=\"og:image\" content=\"https:\/\/revolutionpadelstore.com\/wp-content\/uploads\/2024\/06\/adidas-cross-it-pro-edt-2024.png\" \/>\n\t<meta property=\"og:image:width\" content=\"900\" \/>\n\t<meta property=\"og:image:height\" content=\"900\" \/>\n\t<meta property=\"og:image:type\" content=\"image\/png\" \/>\n<meta name=\"twitter:card\" content=\"summary_large_image\" \/>\n<meta name=\"twitter:label1\" content=\"Tempo estimado de leitura\" \/>\n\t<meta name=\"twitter:data1\" content=\"2 minutos\" \/>\n<script type=\"application\/ld+json\" class=\"yoast-schema-graph\">{\"@context\":\"https:\\\/\\\/schema.org\",\"@graph\":[{\"@type\":\"WebPage\",\"@id\":\"https:\\\/\\\/revolutionpadelstore.com\\\/pt-pt\\\/produto\\\/adidas-cross-it-pro-edt-2024-marta-ortega\\\/\",\"url\":\"https:\\\/\\\/revolutionpadelstore.com\\\/pt-pt\\\/produto\\\/adidas-cross-it-pro-edt-2024-marta-ortega\\\/\",\"name\":\"ADIDAS CROSS IT PRO EDT 2024 MARTA ORTEGA - Revolution Padel Store\",\"isPartOf\":{\"@id\":\"https:\\\/\\\/revolutionpadelstore.com\\\/pt-pt\\\/#website\"},\"primaryImageOfPage\":{\"@id\":\"https:\\\/\\\/revolutionpadelstore.com\\\/pt-pt\\\/produto\\\/adidas-cross-it-pro-edt-2024-marta-ortega\\\/#primaryimage\"},\"image\":{\"@id\":\"https:\\\/\\\/revolutionpadelstore.com\\\/pt-pt\\\/produto\\\/adidas-cross-it-pro-edt-2024-marta-ortega\\\/#primaryimage\"},\"thumbnailUrl\":\"https:\\\/\\\/revolutionpadelstore.com\\\/wp-content\\\/uploads\\\/2024\\\/06\\\/adidas-cross-it-pro-edt-2024.png\",\"datePublished\":\"2024-06-18T11:16:46+00:00\",\"dateModified\":\"2026-04-08T09:16:40+00:00\",\"description\":\"La PRO-EDT Cross It Light by Marta Ortega es una pala exclusiva dise\u00f1ada para jugadoras y jugadores que buscan la perfecci\u00f3n en cada punto. Incorpora todas las revolucionarias tecnolog\u00edas Cross It, que te brindan un valor diferencial en todos los aspectos del juego.\",\"breadcrumb\":{\"@id\":\"https:\\\/\\\/revolutionpadelstore.com\\\/pt-pt\\\/produto\\\/adidas-cross-it-pro-edt-2024-marta-ortega\\\/#breadcrumb\"},\"inLanguage\":\"pt-PT\",\"potentialAction\":[{\"@type\":\"ReadAction\",\"target\":[\"https:\\\/\\\/revolutionpadelstore.com\\\/pt-pt\\\/produto\\\/adidas-cross-it-pro-edt-2024-marta-ortega\\\/\"]}]},{\"@type\":\"ImageObject\",\"inLanguage\":\"pt-PT\",\"@id\":\"https:\\\/\\\/revolutionpadelstore.com\\\/pt-pt\\\/produto\\\/adidas-cross-it-pro-edt-2024-marta-ortega\\\/#primaryimage\",\"url\":\"https:\\\/\\\/revolutionpadelstore.com\\\/wp-content\\\/uploads\\\/2024\\\/06\\\/adidas-cross-it-pro-edt-2024.png\",\"contentUrl\":\"https:\\\/\\\/revolutionpadelstore.com\\\/wp-content\\\/uploads\\\/2024\\\/06\\\/adidas-cross-it-pro-edt-2024.png\",\"width\":900,\"height\":900},{\"@type\":\"BreadcrumbList\",\"@id\":\"https:\\\/\\\/revolutionpadelstore.com\\\/pt-pt\\\/produto\\\/adidas-cross-it-pro-edt-2024-marta-ortega\\\/#breadcrumb\",\"itemListElement\":[{\"@type\":\"ListItem\",\"position\":1,\"name\":\"Portada\",\"item\":\"https:\\\/\\\/revolutionpadelstore.com\\\/pt-pt\\\/\"},{\"@type\":\"ListItem\",\"position\":2,\"name\":\"Tienda\",\"item\":\"https:\\\/\\\/revolutionpadelstore.com\\\/pt-pt\\\/tienda\\\/\"},{\"@type\":\"ListItem\",\"position\":3,\"name\":\"ADIDAS CROSS IT PRO EDT 2024 MARTA ORTEGA\"}]},{\"@type\":\"WebSite\",\"@id\":\"https:\\\/\\\/revolutionpadelstore.com\\\/pt-pt\\\/#website\",\"url\":\"https:\\\/\\\/revolutionpadelstore.com\\\/pt-pt\\\/\",\"name\":\"Revolution Padel Store\",\"description\":\"\",\"publisher\":{\"@id\":\"https:\\\/\\\/revolutionpadelstore.com\\\/pt-pt\\\/#organization\"},\"potentialAction\":[{\"@type\":\"SearchAction\",\"target\":{\"@type\":\"EntryPoint\",\"urlTemplate\":\"https:\\\/\\\/revolutionpadelstore.com\\\/pt-pt\\\/?s={search_term_string}\"},\"query-input\":{\"@type\":\"PropertyValueSpecification\",\"valueRequired\":true,\"valueName\":\"search_term_string\"}}],\"inLanguage\":\"pt-PT\"},{\"@type\":\"Organization\",\"@id\":\"https:\\\/\\\/revolutionpadelstore.com\\\/pt-pt\\\/#organization\",\"name\":\"Revolution Padel Store\",\"url\":\"https:\\\/\\\/revolutionpadelstore.com\\\/pt-pt\\\/\",\"logo\":{\"@type\":\"ImageObject\",\"inLanguage\":\"pt-PT\",\"@id\":\"https:\\\/\\\/revolutionpadelstore.com\\\/pt-pt\\\/#\\\/schema\\\/logo\\\/image\\\/\",\"url\":\"https:\\\/\\\/revolutionpadelstore.com\\\/wp-content\\\/uploads\\\/2026\\\/02\\\/revolution-padel-store.jpg\",\"contentUrl\":\"https:\\\/\\\/revolutionpadelstore.com\\\/wp-content\\\/uploads\\\/2026\\\/02\\\/revolution-padel-store.jpg\",\"width\":2000,\"height\":2000,\"caption\":\"Revolution Padel Store\"},\"image\":{\"@id\":\"https:\\\/\\\/revolutionpadelstore.com\\\/pt-pt\\\/#\\\/schema\\\/logo\\\/image\\\/\"},\"sameAs\":[\"https:\\\/\\\/www.instagram.com\\\/revolutionpadelstore\\\/\"]}]}<\/script>\n<!-- \/ Yoast SEO plugin. -->","yoast_head_json":{"title":"ADIDAS CROSS IT PRO EDT 2024 MARTA ORTEGA - Revolution Padel Store","description":"La PRO-EDT Cross It Light by Marta Ortega es una pala exclusiva dise\u00f1ada para jugadoras y jugadores que buscan la perfecci\u00f3n en cada punto. Incorpora todas las revolucionarias tecnolog\u00edas Cross It, que te brindan un valor diferencial en todos los aspectos del juego.","robots":{"index":"index","follow":"follow","max-snippet":"max-snippet:-1","max-image-preview":"max-image-preview:large","max-video-preview":"max-video-preview:-1"},"canonical":"https:\/\/revolutionpadelstore.com\/pt-pt\/produto\/adidas-cross-it-pro-edt-2024-marta-ortega\/","og_locale":"pt_PT","og_type":"article","og_title":"COMPRAR CROSS IT PRO EDT 2024 MARTA ORTEGA","og_description":"La PRO-EDT Cross It Light by Marta Ortega es una pala exclusiva dise\u00f1ada para jugadoras y jugadores que buscan la perfecci\u00f3n en cada punto. Incorpora todas las revolucionarias tecnolog\u00edas Cross It, que te brindan un valor diferencial en todos los aspectos del juego.","og_url":"https:\/\/revolutionpadelstore.com\/pt-pt\/produto\/adidas-cross-it-pro-edt-2024-marta-ortega\/","og_site_name":"Revolution Padel Store","article_modified_time":"2026-04-08T09:16:40+00:00","og_image":[{"width":900,"height":900,"url":"https:\/\/revolutionpadelstore.com\/wp-content\/uploads\/2024\/06\/adidas-cross-it-pro-edt-2024.png","type":"image\/png"}],"twitter_card":"summary_large_image","twitter_misc":{"Tempo estimado de leitura":"2 minutos"},"schema":{"@context":"https:\/\/schema.org","@graph":[{"@type":"WebPage","@id":"https:\/\/revolutionpadelstore.com\/pt-pt\/produto\/adidas-cross-it-pro-edt-2024-marta-ortega\/","url":"https:\/\/revolutionpadelstore.com\/pt-pt\/produto\/adidas-cross-it-pro-edt-2024-marta-ortega\/","name":"ADIDAS CROSS IT PRO EDT 2024 MARTA ORTEGA - Revolution Padel Store","isPartOf":{"@id":"https:\/\/revolutionpadelstore.com\/pt-pt\/#website"},"primaryImageOfPage":{"@id":"https:\/\/revolutionpadelstore.com\/pt-pt\/produto\/adidas-cross-it-pro-edt-2024-marta-ortega\/#primaryimage"},"image":{"@id":"https:\/\/revolutionpadelstore.com\/pt-pt\/produto\/adidas-cross-it-pro-edt-2024-marta-ortega\/#primaryimage"},"thumbnailUrl":"https:\/\/revolutionpadelstore.com\/wp-content\/uploads\/2024\/06\/adidas-cross-it-pro-edt-2024.png","datePublished":"2024-06-18T11:16:46+00:00","dateModified":"2026-04-08T09:16:40+00:00","description":"La PRO-EDT Cross It Light by Marta Ortega es una pala exclusiva dise\u00f1ada para jugadoras y jugadores que buscan la perfecci\u00f3n en cada punto. Incorpora todas las revolucionarias tecnolog\u00edas Cross It, que te brindan un valor diferencial en todos los aspectos del juego.","breadcrumb":{"@id":"https:\/\/revolutionpadelstore.com\/pt-pt\/produto\/adidas-cross-it-pro-edt-2024-marta-ortega\/#breadcrumb"},"inLanguage":"pt-PT","potentialAction":[{"@type":"ReadAction","target":["https:\/\/revolutionpadelstore.com\/pt-pt\/produto\/adidas-cross-it-pro-edt-2024-marta-ortega\/"]}]},{"@type":"ImageObject","inLanguage":"pt-PT","@id":"https:\/\/revolutionpadelstore.com\/pt-pt\/produto\/adidas-cross-it-pro-edt-2024-marta-ortega\/#primaryimage","url":"https:\/\/revolutionpadelstore.com\/wp-content\/uploads\/2024\/06\/adidas-cross-it-pro-edt-2024.png","contentUrl":"https:\/\/revolutionpadelstore.com\/wp-content\/uploads\/2024\/06\/adidas-cross-it-pro-edt-2024.png","width":900,"height":900},{"@type":"BreadcrumbList","@id":"https:\/\/revolutionpadelstore.com\/pt-pt\/produto\/adidas-cross-it-pro-edt-2024-marta-ortega\/#breadcrumb","itemListElement":[{"@type":"ListItem","position":1,"name":"Portada","item":"https:\/\/revolutionpadelstore.com\/pt-pt\/"},{"@type":"ListItem","position":2,"name":"Tienda","item":"https:\/\/revolutionpadelstore.com\/pt-pt\/tienda\/"},{"@type":"ListItem","position":3,"name":"ADIDAS CROSS IT PRO EDT 2024 MARTA ORTEGA"}]},{"@type":"WebSite","@id":"https:\/\/revolutionpadelstore.com\/pt-pt\/#website","url":"https:\/\/revolutionpadelstore.com\/pt-pt\/","name":"Revolution Padel Store","description":"","publisher":{"@id":"https:\/\/revolutionpadelstore.com\/pt-pt\/#organization"},"potentialAction":[{"@type":"SearchAction","target":{"@type":"EntryPoint","urlTemplate":"https:\/\/revolutionpadelstore.com\/pt-pt\/?s={search_term_string}"},"query-input":{"@type":"PropertyValueSpecification","valueRequired":true,"valueName":"search_term_string"}}],"inLanguage":"pt-PT"},{"@type":"Organization","@id":"https:\/\/revolutionpadelstore.com\/pt-pt\/#organization","name":"Revolution Padel Store","url":"https:\/\/revolutionpadelstore.com\/pt-pt\/","logo":{"@type":"ImageObject","inLanguage":"pt-PT","@id":"https:\/\/revolutionpadelstore.com\/pt-pt\/#\/schema\/logo\/image\/","url":"https:\/\/revolutionpadelstore.com\/wp-content\/uploads\/2026\/02\/revolution-padel-store.jpg","contentUrl":"https:\/\/revolutionpadelstore.com\/wp-content\/uploads\/2026\/02\/revolution-padel-store.jpg","width":2000,"height":2000,"caption":"Revolution Padel Store"},"image":{"@id":"https:\/\/revolutionpadelstore.com\/pt-pt\/#\/schema\/logo\/image\/"},"sameAs":["https:\/\/www.instagram.com\/revolutionpadelstore\/"]}]}},"_links":{"self":[{"href":"https:\/\/revolutionpadelstore.com\/pt-pt\/wp-json\/wp\/v2\/product\/11019","targetHints":{"allow":["GET"]}}],"collection":[{"href":"https:\/\/revolutionpadelstore.com\/pt-pt\/wp-json\/wp\/v2\/product"}],"about":[{"href":"https:\/\/revolutionpadelstore.com\/pt-pt\/wp-json\/wp\/v2\/types\/product"}],"replies":[{"embeddable":true,"href":"https:\/\/revolutionpadelstore.com\/pt-pt\/wp-json\/wp\/v2\/comments?post=11019"}],"wp:featuredmedia":[{"embeddable":true,"href":"https:\/\/revolutionpadelstore.com\/pt-pt\/wp-json\/wp\/v2\/media\/11027"}],"wp:attachment":[{"href":"https:\/\/revolutionpadelstore.com\/pt-pt\/wp-json\/wp\/v2\/media?parent=11019"}],"wp:term":[{"taxonomy":"acabado","embeddable":true,"href":"https:\/\/revolutionpadelstore.com\/pt-pt\/wp-json\/wp\/v2\/acabado?post=11019"},{"taxonomy":"balance","embeddable":true,"href":"https:\/\/revolutionpadelstore.com\/pt-pt\/wp-json\/wp\/v2\/balance?post=11019"},{"taxonomy":"dureza","embeddable":true,"href":"https:\/\/revolutionpadelstore.com\/pt-pt\/wp-json\/wp\/v2\/dureza?post=11019"},{"taxonomy":"forma","embeddable":true,"href":"https:\/\/revolutionpadelstore.com\/pt-pt\/wp-json\/wp\/v2\/forma?post=11019"},{"taxonomy":"jugador","embeddable":true,"href":"https:\/\/revolutionpadelstore.com\/pt-pt\/wp-json\/wp\/v2\/jugador?post=11019"},{"taxonomy":"marca","embeddable":true,"href":"https:\/\/revolutionpadelstore.com\/pt-pt\/wp-json\/wp\/v2\/marca?post=11019"},{"taxonomy":"nivel-de-juego","embeddable":true,"href":"https:\/\/revolutionpadelstore.com\/pt-pt\/wp-json\/wp\/v2\/nivel-de-juego?post=11019"},{"taxonomy":"superficie","embeddable":true,"href":"https:\/\/revolutionpadelstore.com\/pt-pt\/wp-json\/wp\/v2\/superficie?post=11019"},{"taxonomy":"tipo-de-juego","embeddable":true,"href":"https:\/\/revolutionpadelstore.com\/pt-pt\/wp-json\/wp\/v2\/tipo-de-juego?post=11019"},{"taxonomy":"product_brand","embeddable":true,"href":"https:\/\/revolutionpadelstore.com\/pt-pt\/wp-json\/wp\/v2\/product_brand?post=11019"},{"taxonomy":"product_cat","embeddable":true,"href":"https:\/\/revolutionpadelstore.com\/pt-pt\/wp-json\/wp\/v2\/product_cat?post=11019"},{"taxonomy":"product_tag","embeddable":true,"href":"https:\/\/revolutionpadelstore.com\/pt-pt\/wp-json\/wp\/v2\/product_tag?post=11019"}],"curies":[{"name":"wp","href":"https:\/\/api.w.org\/{rel}","templated":true}]}}