{"id":10982,"date":"2024-06-18T14:51:16","date_gmt":"2024-06-18T12:51:16","guid":{"rendered":"https:\/\/revolutionpadelstore.com\/adipower-ctrl-mtw-pro-edt-2024-alex-ruiz\/"},"modified":"2026-04-08T11:16:10","modified_gmt":"2026-04-08T09:16:10","slug":"adidas-adipower-ctrl-mtw-pro-edt-2024-alex-ruiz","status":"publish","type":"product","link":"https:\/\/revolutionpadelstore.com\/pt-pt\/produto\/adidas-adipower-ctrl-mtw-pro-edt-2024-alex-ruiz\/","title":{"rendered":"ADIDAS ADIPOWER CTRL MTW PRO EDT 2024 ALEX RUIZ"},"content":{"rendered":"<div class=\"elementor-widget Elementor-element Elementor-element-hb8cjf9 Elementor-widget-heading\" data-element_type=\"heading\">\n<div class=\"elementor-widget-container\">\n<h2 class=\"elementor-heading-titleelementor-size-default none\">ADIPOWER CTRL MTW PRO EDT<\/h2>\n<\/div>\n<\/div>\n<div class=\"elementor-widget Elementor-element Elementor-element-tv9zqlu Elementor-widget-text-editor\" data-element_type=\"text-editor\">\n<div class=\"elementor-widget-container\">\n<div class=\"elementor-text-editor rte-content\">\n<p>O PRO-EDT Adipower CTRL MTW de \u00c1lex Ruiz \u00e9 um modelo \u00fanico e exclusivo. Re\u00fane todas as tecnologias Multiweight e materiais da mais alta qualidade para alcan\u00e7ar a excel\u00eancia. Para atingir a pot\u00eancia m\u00e1xima, o Power Embossed Ridge e o Dual Exoskeleton proporcionam uma rigidez incompar\u00e1vel, enquanto o melhor giro vem do Spin Blade <\/strong>.<\/p>\n<p>O sistema de <strong>Peso e Equil\u00edbrio<\/strong> permite ajustar o peso e o equil\u00edbrio da raquete ao seu gosto, permitindo-lhe encontrar o equil\u00edbrio perfeito entre pot\u00eancia e controle. O formato redondo da raquete oferece controle absoluto. a bola, permitindo coloc\u00e1-la com precis\u00e3o em qualquer canto da quadra.<\/p>\n<p>A combina\u00e7\u00e3o de <strong>fibra de carbono 18K<\/strong> e borracha <strong>EVA High Memory<\/strong> fornece rigidez inigual\u00e1vel, perfeita para implantar um jogo de ataque avassalador.<\/p>\n<p>O equil\u00edbrio e os pesos da raquete s\u00e3o modific\u00e1veis \u200b\u200bgra\u00e7as a esta tecnologia inovadora presente apenas nas raquetes do mais alto n\u00edvel. Seu sistema de parafusos remov\u00edveis instalados na parte superior e nas laterais da cabe\u00e7a da raquete permite ajustar o equil\u00edbrio do peso e adaptar o comportamento \u00e0s necessidades de cada jogador em cada momento.<\/p>\n<p>A rigidez \u00e9 uma caracter\u00edstica integrante das p\u00e1s que possuem esta tecnologia de refor\u00e7o estrutural. As nervuras de carbono de altura dupla espalhadas pelo n\u00facleo e pela estrutura oferecem o melhor desempenho nos golpes mais poderosos.<\/p>\n<p>A raquete possui um relevo \u00e1spero na superf\u00edcie para obter os melhores efeitos. O atrito com a bola \u00e9 de alta tens\u00e3o para conseguir as curvas mais surpreendentes e complicadas para os rivais.<\/p>\n<\/div>\n<\/div>\n<\/div>\n","protected":false},"excerpt":{"rendered":"<p>ADIPOWER CTRL MTW PRO EDT O PRO-EDT Adipower CTRL MTW de \u00c1lex Ruiz \u00e9 um modelo \u00fanico e exclusivo. Re\u00fane todas as tecnologias Multiweight e materiais da mais alta qualidade para alcan\u00e7ar a excel\u00eancia. Para atingir a pot\u00eancia m\u00e1xima, o Power Embossed Ridge e o Dual Exoskeleton proporcionam uma rigidez incompar\u00e1vel, enquanto o melhor giro [&hellip;]<\/p>\n","protected":false},"featured_media":10990,"comment_status":"open","ping_status":"closed","template":"","meta":{"_acf_changed":false,"_joinchat":[]},"acabado":[1090],"balance":[1140],"dureza":[1155],"forma":[1180],"jugador":[1190,1200],"marca":[1230],"nivel-de-juego":[1335],"superficie":[1360],"tipo-de-juego":[1390,1385],"product_brand":[],"product_cat":[300],"product_tag":[],"class_list":{"0":"post-10982","1":"product","2":"type-product","3":"status-publish","4":"has-post-thumbnail","6":"acabado-alivio-3d","7":"balance-medio-pt-pt","8":"dureza-media-pt-pt","9":"forma-rodada","10":"jugador-homem","11":"jugador-polivalente-pt-pt","12":"marca-adidas-pt-pt","13":"superficie-rugosa-pt-pt","14":"tipo-de-juego-avanzado-competicion-pt-pt","15":"tipo-de-juego-polivalente-pt-pt","16":"product_cat-palas","18":"first","19":"outofstock","20":"sale","21":"taxable","22":"shipping-taxable","23":"purchasable","24":"product-type-simple"},"acf":[],"yoast_head":"<!-- This site is optimized with the Yoast SEO plugin v27.4 - https:\/\/yoast.com\/product\/yoast-seo-wordpress\/ -->\n<title>ADIDAS ADIPOWER CTRL MTW PRO EDT 2024 ALEX RUIZ - Revolution Padel Store<\/title>\n<meta name=\"description\" content=\"La PRO-EDT Adipower CTRL MTW by \u00c1lex Ruiz es un modelo \u00fanico y exclusivo. Agrupa todas las tecnolog\u00edas de Multiweight y los materiales de mayor calidad para alcanzar la excelencia.\" \/>\n<meta name=\"robots\" content=\"index, follow, max-snippet:-1, max-image-preview:large, max-video-preview:-1\" \/>\n<link rel=\"canonical\" href=\"https:\/\/revolutionpadelstore.com\/pt-pt\/produto\/adidas-adipower-ctrl-mtw-pro-edt-2024-alex-ruiz\/\" \/>\n<meta property=\"og:locale\" content=\"pt_PT\" \/>\n<meta property=\"og:type\" content=\"article\" \/>\n<meta property=\"og:title\" content=\"COMPRAR ADIPOWER CTRL MTW PRO EDT 2024 ALEX RUIZ\" \/>\n<meta property=\"og:description\" content=\"La PRO-EDT Adipower CTRL MTW by \u00c1lex Ruiz es un modelo \u00fanico y exclusivo. Agrupa todas las tecnolog\u00edas de Multiweight y los materiales de mayor calidad para alcanzar la excelencia.\" \/>\n<meta property=\"og:url\" content=\"https:\/\/revolutionpadelstore.com\/pt-pt\/produto\/adidas-adipower-ctrl-mtw-pro-edt-2024-alex-ruiz\/\" \/>\n<meta property=\"og:site_name\" content=\"Revolution Padel Store\" \/>\n<meta property=\"article:modified_time\" content=\"2026-04-08T09:16:10+00:00\" \/>\n<meta property=\"og:image\" content=\"https:\/\/revolutionpadelstore.com\/wp-content\/uploads\/2024\/06\/adidas-adipower-ctrl-mtw-pro-edt-2024.png\" \/>\n\t<meta property=\"og:image:width\" content=\"900\" \/>\n\t<meta property=\"og:image:height\" content=\"900\" \/>\n\t<meta property=\"og:image:type\" content=\"image\/png\" \/>\n<meta name=\"twitter:card\" content=\"summary_large_image\" \/>\n<meta name=\"twitter:label1\" content=\"Tempo estimado de leitura\" \/>\n\t<meta name=\"twitter:data1\" content=\"2 minutos\" \/>\n<script type=\"application\/ld+json\" class=\"yoast-schema-graph\">{\"@context\":\"https:\\\/\\\/schema.org\",\"@graph\":[{\"@type\":\"WebPage\",\"@id\":\"https:\\\/\\\/revolutionpadelstore.com\\\/pt-pt\\\/produto\\\/adidas-adipower-ctrl-mtw-pro-edt-2024-alex-ruiz\\\/\",\"url\":\"https:\\\/\\\/revolutionpadelstore.com\\\/pt-pt\\\/produto\\\/adidas-adipower-ctrl-mtw-pro-edt-2024-alex-ruiz\\\/\",\"name\":\"ADIDAS ADIPOWER CTRL MTW PRO EDT 2024 ALEX RUIZ - Revolution Padel Store\",\"isPartOf\":{\"@id\":\"https:\\\/\\\/revolutionpadelstore.com\\\/pt-pt\\\/#website\"},\"primaryImageOfPage\":{\"@id\":\"https:\\\/\\\/revolutionpadelstore.com\\\/pt-pt\\\/produto\\\/adidas-adipower-ctrl-mtw-pro-edt-2024-alex-ruiz\\\/#primaryimage\"},\"image\":{\"@id\":\"https:\\\/\\\/revolutionpadelstore.com\\\/pt-pt\\\/produto\\\/adidas-adipower-ctrl-mtw-pro-edt-2024-alex-ruiz\\\/#primaryimage\"},\"thumbnailUrl\":\"https:\\\/\\\/revolutionpadelstore.com\\\/wp-content\\\/uploads\\\/2024\\\/06\\\/adidas-adipower-ctrl-mtw-pro-edt-2024.png\",\"datePublished\":\"2024-06-18T12:51:16+00:00\",\"dateModified\":\"2026-04-08T09:16:10+00:00\",\"description\":\"La PRO-EDT Adipower CTRL MTW by \u00c1lex Ruiz es un modelo \u00fanico y exclusivo. Agrupa todas las tecnolog\u00edas de Multiweight y los materiales de mayor calidad para alcanzar la excelencia.\",\"breadcrumb\":{\"@id\":\"https:\\\/\\\/revolutionpadelstore.com\\\/pt-pt\\\/produto\\\/adidas-adipower-ctrl-mtw-pro-edt-2024-alex-ruiz\\\/#breadcrumb\"},\"inLanguage\":\"pt-PT\",\"potentialAction\":[{\"@type\":\"ReadAction\",\"target\":[\"https:\\\/\\\/revolutionpadelstore.com\\\/pt-pt\\\/produto\\\/adidas-adipower-ctrl-mtw-pro-edt-2024-alex-ruiz\\\/\"]}]},{\"@type\":\"ImageObject\",\"inLanguage\":\"pt-PT\",\"@id\":\"https:\\\/\\\/revolutionpadelstore.com\\\/pt-pt\\\/produto\\\/adidas-adipower-ctrl-mtw-pro-edt-2024-alex-ruiz\\\/#primaryimage\",\"url\":\"https:\\\/\\\/revolutionpadelstore.com\\\/wp-content\\\/uploads\\\/2024\\\/06\\\/adidas-adipower-ctrl-mtw-pro-edt-2024.png\",\"contentUrl\":\"https:\\\/\\\/revolutionpadelstore.com\\\/wp-content\\\/uploads\\\/2024\\\/06\\\/adidas-adipower-ctrl-mtw-pro-edt-2024.png\",\"width\":900,\"height\":900},{\"@type\":\"BreadcrumbList\",\"@id\":\"https:\\\/\\\/revolutionpadelstore.com\\\/pt-pt\\\/produto\\\/adidas-adipower-ctrl-mtw-pro-edt-2024-alex-ruiz\\\/#breadcrumb\",\"itemListElement\":[{\"@type\":\"ListItem\",\"position\":1,\"name\":\"Portada\",\"item\":\"https:\\\/\\\/revolutionpadelstore.com\\\/pt-pt\\\/\"},{\"@type\":\"ListItem\",\"position\":2,\"name\":\"Tienda\",\"item\":\"https:\\\/\\\/revolutionpadelstore.com\\\/pt-pt\\\/tienda\\\/\"},{\"@type\":\"ListItem\",\"position\":3,\"name\":\"ADIDAS ADIPOWER CTRL MTW PRO EDT 2024 ALEX RUIZ\"}]},{\"@type\":\"WebSite\",\"@id\":\"https:\\\/\\\/revolutionpadelstore.com\\\/pt-pt\\\/#website\",\"url\":\"https:\\\/\\\/revolutionpadelstore.com\\\/pt-pt\\\/\",\"name\":\"Revolution Padel Store\",\"description\":\"\",\"publisher\":{\"@id\":\"https:\\\/\\\/revolutionpadelstore.com\\\/pt-pt\\\/#organization\"},\"potentialAction\":[{\"@type\":\"SearchAction\",\"target\":{\"@type\":\"EntryPoint\",\"urlTemplate\":\"https:\\\/\\\/revolutionpadelstore.com\\\/pt-pt\\\/?s={search_term_string}\"},\"query-input\":{\"@type\":\"PropertyValueSpecification\",\"valueRequired\":true,\"valueName\":\"search_term_string\"}}],\"inLanguage\":\"pt-PT\"},{\"@type\":\"Organization\",\"@id\":\"https:\\\/\\\/revolutionpadelstore.com\\\/pt-pt\\\/#organization\",\"name\":\"Revolution Padel Store\",\"url\":\"https:\\\/\\\/revolutionpadelstore.com\\\/pt-pt\\\/\",\"logo\":{\"@type\":\"ImageObject\",\"inLanguage\":\"pt-PT\",\"@id\":\"https:\\\/\\\/revolutionpadelstore.com\\\/pt-pt\\\/#\\\/schema\\\/logo\\\/image\\\/\",\"url\":\"https:\\\/\\\/revolutionpadelstore.com\\\/wp-content\\\/uploads\\\/2026\\\/02\\\/revolution-padel-store.jpg\",\"contentUrl\":\"https:\\\/\\\/revolutionpadelstore.com\\\/wp-content\\\/uploads\\\/2026\\\/02\\\/revolution-padel-store.jpg\",\"width\":2000,\"height\":2000,\"caption\":\"Revolution Padel Store\"},\"image\":{\"@id\":\"https:\\\/\\\/revolutionpadelstore.com\\\/pt-pt\\\/#\\\/schema\\\/logo\\\/image\\\/\"},\"sameAs\":[\"https:\\\/\\\/www.instagram.com\\\/revolutionpadelstore\\\/\"]}]}<\/script>\n<!-- \/ Yoast SEO plugin. -->","yoast_head_json":{"title":"ADIDAS ADIPOWER CTRL MTW PRO EDT 2024 ALEX RUIZ - Revolution Padel Store","description":"La PRO-EDT Adipower CTRL MTW by \u00c1lex Ruiz es un modelo \u00fanico y exclusivo. Agrupa todas las tecnolog\u00edas de Multiweight y los materiales de mayor calidad para alcanzar la excelencia.","robots":{"index":"index","follow":"follow","max-snippet":"max-snippet:-1","max-image-preview":"max-image-preview:large","max-video-preview":"max-video-preview:-1"},"canonical":"https:\/\/revolutionpadelstore.com\/pt-pt\/produto\/adidas-adipower-ctrl-mtw-pro-edt-2024-alex-ruiz\/","og_locale":"pt_PT","og_type":"article","og_title":"COMPRAR ADIPOWER CTRL MTW PRO EDT 2024 ALEX RUIZ","og_description":"La PRO-EDT Adipower CTRL MTW by \u00c1lex Ruiz es un modelo \u00fanico y exclusivo. Agrupa todas las tecnolog\u00edas de Multiweight y los materiales de mayor calidad para alcanzar la excelencia.","og_url":"https:\/\/revolutionpadelstore.com\/pt-pt\/produto\/adidas-adipower-ctrl-mtw-pro-edt-2024-alex-ruiz\/","og_site_name":"Revolution Padel Store","article_modified_time":"2026-04-08T09:16:10+00:00","og_image":[{"width":900,"height":900,"url":"https:\/\/revolutionpadelstore.com\/wp-content\/uploads\/2024\/06\/adidas-adipower-ctrl-mtw-pro-edt-2024.png","type":"image\/png"}],"twitter_card":"summary_large_image","twitter_misc":{"Tempo estimado de leitura":"2 minutos"},"schema":{"@context":"https:\/\/schema.org","@graph":[{"@type":"WebPage","@id":"https:\/\/revolutionpadelstore.com\/pt-pt\/produto\/adidas-adipower-ctrl-mtw-pro-edt-2024-alex-ruiz\/","url":"https:\/\/revolutionpadelstore.com\/pt-pt\/produto\/adidas-adipower-ctrl-mtw-pro-edt-2024-alex-ruiz\/","name":"ADIDAS ADIPOWER CTRL MTW PRO EDT 2024 ALEX RUIZ - Revolution Padel Store","isPartOf":{"@id":"https:\/\/revolutionpadelstore.com\/pt-pt\/#website"},"primaryImageOfPage":{"@id":"https:\/\/revolutionpadelstore.com\/pt-pt\/produto\/adidas-adipower-ctrl-mtw-pro-edt-2024-alex-ruiz\/#primaryimage"},"image":{"@id":"https:\/\/revolutionpadelstore.com\/pt-pt\/produto\/adidas-adipower-ctrl-mtw-pro-edt-2024-alex-ruiz\/#primaryimage"},"thumbnailUrl":"https:\/\/revolutionpadelstore.com\/wp-content\/uploads\/2024\/06\/adidas-adipower-ctrl-mtw-pro-edt-2024.png","datePublished":"2024-06-18T12:51:16+00:00","dateModified":"2026-04-08T09:16:10+00:00","description":"La PRO-EDT Adipower CTRL MTW by \u00c1lex Ruiz es un modelo \u00fanico y exclusivo. Agrupa todas las tecnolog\u00edas de Multiweight y los materiales de mayor calidad para alcanzar la excelencia.","breadcrumb":{"@id":"https:\/\/revolutionpadelstore.com\/pt-pt\/produto\/adidas-adipower-ctrl-mtw-pro-edt-2024-alex-ruiz\/#breadcrumb"},"inLanguage":"pt-PT","potentialAction":[{"@type":"ReadAction","target":["https:\/\/revolutionpadelstore.com\/pt-pt\/produto\/adidas-adipower-ctrl-mtw-pro-edt-2024-alex-ruiz\/"]}]},{"@type":"ImageObject","inLanguage":"pt-PT","@id":"https:\/\/revolutionpadelstore.com\/pt-pt\/produto\/adidas-adipower-ctrl-mtw-pro-edt-2024-alex-ruiz\/#primaryimage","url":"https:\/\/revolutionpadelstore.com\/wp-content\/uploads\/2024\/06\/adidas-adipower-ctrl-mtw-pro-edt-2024.png","contentUrl":"https:\/\/revolutionpadelstore.com\/wp-content\/uploads\/2024\/06\/adidas-adipower-ctrl-mtw-pro-edt-2024.png","width":900,"height":900},{"@type":"BreadcrumbList","@id":"https:\/\/revolutionpadelstore.com\/pt-pt\/produto\/adidas-adipower-ctrl-mtw-pro-edt-2024-alex-ruiz\/#breadcrumb","itemListElement":[{"@type":"ListItem","position":1,"name":"Portada","item":"https:\/\/revolutionpadelstore.com\/pt-pt\/"},{"@type":"ListItem","position":2,"name":"Tienda","item":"https:\/\/revolutionpadelstore.com\/pt-pt\/tienda\/"},{"@type":"ListItem","position":3,"name":"ADIDAS ADIPOWER CTRL MTW PRO EDT 2024 ALEX RUIZ"}]},{"@type":"WebSite","@id":"https:\/\/revolutionpadelstore.com\/pt-pt\/#website","url":"https:\/\/revolutionpadelstore.com\/pt-pt\/","name":"Revolution Padel Store","description":"","publisher":{"@id":"https:\/\/revolutionpadelstore.com\/pt-pt\/#organization"},"potentialAction":[{"@type":"SearchAction","target":{"@type":"EntryPoint","urlTemplate":"https:\/\/revolutionpadelstore.com\/pt-pt\/?s={search_term_string}"},"query-input":{"@type":"PropertyValueSpecification","valueRequired":true,"valueName":"search_term_string"}}],"inLanguage":"pt-PT"},{"@type":"Organization","@id":"https:\/\/revolutionpadelstore.com\/pt-pt\/#organization","name":"Revolution Padel Store","url":"https:\/\/revolutionpadelstore.com\/pt-pt\/","logo":{"@type":"ImageObject","inLanguage":"pt-PT","@id":"https:\/\/revolutionpadelstore.com\/pt-pt\/#\/schema\/logo\/image\/","url":"https:\/\/revolutionpadelstore.com\/wp-content\/uploads\/2026\/02\/revolution-padel-store.jpg","contentUrl":"https:\/\/revolutionpadelstore.com\/wp-content\/uploads\/2026\/02\/revolution-padel-store.jpg","width":2000,"height":2000,"caption":"Revolution Padel Store"},"image":{"@id":"https:\/\/revolutionpadelstore.com\/pt-pt\/#\/schema\/logo\/image\/"},"sameAs":["https:\/\/www.instagram.com\/revolutionpadelstore\/"]}]}},"_links":{"self":[{"href":"https:\/\/revolutionpadelstore.com\/pt-pt\/wp-json\/wp\/v2\/product\/10982","targetHints":{"allow":["GET"]}}],"collection":[{"href":"https:\/\/revolutionpadelstore.com\/pt-pt\/wp-json\/wp\/v2\/product"}],"about":[{"href":"https:\/\/revolutionpadelstore.com\/pt-pt\/wp-json\/wp\/v2\/types\/product"}],"replies":[{"embeddable":true,"href":"https:\/\/revolutionpadelstore.com\/pt-pt\/wp-json\/wp\/v2\/comments?post=10982"}],"wp:featuredmedia":[{"embeddable":true,"href":"https:\/\/revolutionpadelstore.com\/pt-pt\/wp-json\/wp\/v2\/media\/10990"}],"wp:attachment":[{"href":"https:\/\/revolutionpadelstore.com\/pt-pt\/wp-json\/wp\/v2\/media?parent=10982"}],"wp:term":[{"taxonomy":"acabado","embeddable":true,"href":"https:\/\/revolutionpadelstore.com\/pt-pt\/wp-json\/wp\/v2\/acabado?post=10982"},{"taxonomy":"balance","embeddable":true,"href":"https:\/\/revolutionpadelstore.com\/pt-pt\/wp-json\/wp\/v2\/balance?post=10982"},{"taxonomy":"dureza","embeddable":true,"href":"https:\/\/revolutionpadelstore.com\/pt-pt\/wp-json\/wp\/v2\/dureza?post=10982"},{"taxonomy":"forma","embeddable":true,"href":"https:\/\/revolutionpadelstore.com\/pt-pt\/wp-json\/wp\/v2\/forma?post=10982"},{"taxonomy":"jugador","embeddable":true,"href":"https:\/\/revolutionpadelstore.com\/pt-pt\/wp-json\/wp\/v2\/jugador?post=10982"},{"taxonomy":"marca","embeddable":true,"href":"https:\/\/revolutionpadelstore.com\/pt-pt\/wp-json\/wp\/v2\/marca?post=10982"},{"taxonomy":"nivel-de-juego","embeddable":true,"href":"https:\/\/revolutionpadelstore.com\/pt-pt\/wp-json\/wp\/v2\/nivel-de-juego?post=10982"},{"taxonomy":"superficie","embeddable":true,"href":"https:\/\/revolutionpadelstore.com\/pt-pt\/wp-json\/wp\/v2\/superficie?post=10982"},{"taxonomy":"tipo-de-juego","embeddable":true,"href":"https:\/\/revolutionpadelstore.com\/pt-pt\/wp-json\/wp\/v2\/tipo-de-juego?post=10982"},{"taxonomy":"product_brand","embeddable":true,"href":"https:\/\/revolutionpadelstore.com\/pt-pt\/wp-json\/wp\/v2\/product_brand?post=10982"},{"taxonomy":"product_cat","embeddable":true,"href":"https:\/\/revolutionpadelstore.com\/pt-pt\/wp-json\/wp\/v2\/product_cat?post=10982"},{"taxonomy":"product_tag","embeddable":true,"href":"https:\/\/revolutionpadelstore.com\/pt-pt\/wp-json\/wp\/v2\/product_tag?post=10982"}],"curies":[{"name":"wp","href":"https:\/\/api.w.org\/{rel}","templated":true}]}}