{"id":100235,"date":"2024-10-21T13:57:20","date_gmt":"2024-10-21T11:57:20","guid":{"rendered":"https:\/\/revolutionpadelstore.com\/nox-ml10-quantum-3k-by-miguel-lamperti-2025-2\/"},"modified":"2026-04-01T07:06:05","modified_gmt":"2026-04-01T05:06:05","slug":"nox-ml10-quantum-3k-by-miguel-lamperti-2025-5","status":"publish","type":"product","link":"https:\/\/revolutionpadelstore.com\/pt-pt\/produto\/nox-ml10-quantum-3k-by-miguel-lamperti-2025-5\/","title":{"rendered":"NOX ML10 QUANTUM 3K BY MIGUEL LAMPERTI 2025"},"content":{"rendered":"<h2>Nox ML10 Quantum 3K Miguel Lamperti 2025, raquete h\u00edbrida por excel\u00eancia<\/h2>\n<p>A raquete Nox ML10 Quantum 3K \u00e9 a escolhida pelo jogador Miguel Lamperti para a cole\u00e7\u00e3o 2025. Uma raquete em constante evolu\u00e7\u00e3o, que continua a ser essencial para os jogadores de padel. In\u00fameras melhorias foram inclu\u00eddas nesta nova vers\u00e3o, mas mantendo aquelas que continuam a dar excelentes resultados, como a borracha HR3. Entre essas novidades, incorpora a nova tecnologia <strong>Photochromic Paint<\/strong>.<\/p>\n<h2>Nox ML10 Quantum 3K Miguel Lamperti 2025, equil\u00edbrio e velocidade excepcionais<\/h2>\n<p>Voltado para jogadores profissionais e de alto n\u00edvel, este Nox ML10 Quantum possui formato redondo e equil\u00edbrio m\u00e9dio. Isso significa um excelente equil\u00edbrio entre controle e pot\u00eancia. Destaca-se por trazer equil\u00edbrio e velocidade ao seu jogo. Al\u00e9m disso, melhora a ader\u00eancia e reduz as vibra\u00e7\u00f5es a cada golpe. Voc\u00ea desfrutar\u00e1 do seu melhor n\u00edvel com esta <strong>p\u00e1 r\u00e1pida e decisiva<\/strong><\/p>\n<h2>Apresenta Nox ML10 Quantum 3K Miguel Lamperti 2025<\/h2>\n<p style=\"padding-left: 40px\"><em>-3K Carbon<\/em>, fibras entrela\u00e7adas que proporcionam maior <strong>resist\u00eancia<\/strong> \u00e0 l\u00e2mina.<\/p>\n<p style=\"padding-left: 40px\"><strong>-Borracha HR3<\/strong>, de alta densidade, que melhora a <strong>mem\u00f3ria<\/strong> da raquete e, por sua vez, maior pot\u00eancia em cada acertar.<\/p>\n<p style=\"padding-left: 40px\"><em>-Exclusive Spin<\/em>, tecnologia que melhora o <strong>controle<\/strong> e o <strong>spin<\/strong> em cada tacada. <\/p>\n<p style=\"padding-left: 40px\"><em>-EOS Flap<\/em>, melhora a aerodin\u00e2mica e a <strong>maneabilidade<\/strong> da l\u00e2mina com as perfura\u00e7\u00f5es laterais na base da estrutura. a p\u00e1 Isso significa maior rigidez e controle ao bater.<\/p>\n<p style=\"padding-left: 40px\"><em>-Pulse System<\/em>, para<strong>reduzir vibra\u00e7\u00f5es<\/strong>atrav\u00e9s de borrachas laterais, desde a base da estrutura at\u00e9 a tampa da p\u00e1 .<\/p>\n<p style=\"padding-left: 40px\"><em>-Moldura de carbono<\/em> na moldura da l\u00e2mina.<\/p>\n<p style=\"padding-left: 40px\"><strong>-DCS<\/strong>, sistema que reduz a diferen\u00e7a de dureza entre moldura e faces, minimizando assim o poss\u00edvel corte das fibras quando atingidas com a parte externa da a raquete.<\/p>\n<p style=\"padding-left: 40px\"><em>-Pintura Fotocrom\u00e1tica<\/em>, uma das <strong>inova\u00e7\u00f5es<\/strong> para 2025 \u00e9 a tinta reativa ao NOX, que varia sua cor dependendo da luz . Esta tecnologia \u00e9 complementada pelo design da borracha, criando um efeito visual din\u00e2mico e atraente que n\u00e3o passar\u00e1 despercebido na quadra.<\/p>\n<h3>Nox ML10 Quantum 3K Miguel Lamperti 2025 dispon\u00edvel na REVOLUTION PADEL STORE<\/h3>\n<p>Se voc\u00ea \u00e9 um jogador vers\u00e1til, fiel \u00e0 raquete de Nox e Miguel Lamperti, esta nova ML10 Quantum 3K ser\u00e1 sua melhor aliada em quadra. Obtenha-o o mais r\u00e1pido poss\u00edvel no site REVOLUTION PADEL STORE<\/p>\n<h2>Nox ML10 Quantum 3K Miguel Lamperti 2025, pala h\u00edbrida por excelencia<\/h2>\n","protected":false},"excerpt":{"rendered":"<p>Raquete h\u00edbrida por excel\u00eancia, ideal para jogadores vers\u00e1teis e r\u00e1pidos.<\/p>\n","protected":false},"featured_media":125367,"comment_status":"open","ping_status":"closed","template":"","meta":{"_acf_changed":false,"_joinchat":[]},"acabado":[1090],"balance":[1140],"dureza":[1155],"forma":[1180],"jugador":[1190,1200],"marca":[1260],"nivel-de-juego":[1335],"superficie":[1360],"tipo-de-juego":[1385],"product_brand":[],"product_cat":[300],"product_tag":[],"class_list":{"0":"post-100235","1":"product","2":"type-product","3":"status-publish","4":"has-post-thumbnail","6":"acabado-alivio-3d","7":"balance-medio-pt-pt","8":"dureza-media-pt-pt","9":"forma-rodada","10":"jugador-homem","11":"jugador-polivalente-pt-pt","12":"marca-nox-pt-pt","13":"superficie-rugosa-pt-pt","14":"tipo-de-juego-polivalente-pt-pt","15":"product_cat-palas","17":"first","18":"instock","19":"sale","20":"taxable","21":"shipping-taxable","22":"purchasable","23":"product-type-simple"},"acf":[],"yoast_head":"<!-- This site is optimized with the Yoast SEO plugin v27.3 - https:\/\/yoast.com\/product\/yoast-seo-wordpress\/ -->\n<title>NOX ML10 QUANTUM 3K BY MIGUEL LAMPERTI 2025 - Revolution Padel Store<\/title>\n<meta name=\"description\" content=\"Dirigida a jugadores de nivel alto y profesional, esta\u00a0Nox ML10 Quantum\u00a0tiene\u00a0forma redonda\u00a0y balance medio. Esto significa un excelente equilibrio entre control y potencia. Destaca por aportar\u00a0equilibrio\u00a0y\u00a0velocidad\u00a0a tu juego. Adem\u00e1s, mejora el agarre y reduce las vibraciones en cada golpeo. Disfrutar\u00e1s de tu mejor nivel con esta\u00a0pala r\u00e1pida y decisiva.\" \/>\n<meta name=\"robots\" content=\"index, follow, max-snippet:-1, max-image-preview:large, max-video-preview:-1\" \/>\n<link rel=\"canonical\" href=\"https:\/\/revolutionpadelstore.com\/pt-pt\/produto\/nox-ml10-quantum-3k-by-miguel-lamperti-2025-5\/\" \/>\n<meta property=\"og:locale\" content=\"pt_PT\" \/>\n<meta property=\"og:type\" content=\"article\" \/>\n<meta property=\"og:title\" content=\"NOX ML10 QUANTUM 3K BY MIGUEL LAMPERTI 2025 - Revolution Padel Store\" \/>\n<meta property=\"og:description\" content=\"Dirigida a jugadores de nivel alto y profesional, esta\u00a0Nox ML10 Quantum\u00a0tiene\u00a0forma redonda\u00a0y balance medio. Esto significa un excelente equilibrio entre control y potencia. Destaca por aportar\u00a0equilibrio\u00a0y\u00a0velocidad\u00a0a tu juego. Adem\u00e1s, mejora el agarre y reduce las vibraciones en cada golpeo. Disfrutar\u00e1s de tu mejor nivel con esta\u00a0pala r\u00e1pida y decisiva.\" \/>\n<meta property=\"og:url\" content=\"https:\/\/revolutionpadelstore.com\/pt-pt\/produto\/nox-ml10-quantum-3k-by-miguel-lamperti-2025-5\/\" \/>\n<meta property=\"og:site_name\" content=\"Revolution Padel Store\" \/>\n<meta property=\"article:modified_time\" content=\"2026-04-01T05:06:05+00:00\" \/>\n<meta property=\"og:image\" content=\"https:\/\/revolutionpadelstore.com\/wp-content\/uploads\/2024\/10\/113548_pala_nox_ml10_quantum_3k_by_miguel_lamperti_pml10luxq25_1500x1500_1_a4e0.webp\" \/>\n\t<meta property=\"og:image:width\" content=\"1500\" \/>\n\t<meta property=\"og:image:height\" content=\"1500\" \/>\n\t<meta property=\"og:image:type\" content=\"image\/webp\" \/>\n<meta name=\"twitter:card\" content=\"summary_large_image\" \/>\n<meta name=\"twitter:label1\" content=\"Tempo estimado de leitura\" \/>\n\t<meta name=\"twitter:data1\" content=\"3 minutos\" \/>\n<script type=\"application\/ld+json\" class=\"yoast-schema-graph\">{\"@context\":\"https:\\\/\\\/schema.org\",\"@graph\":[{\"@type\":\"WebPage\",\"@id\":\"https:\\\/\\\/revolutionpadelstore.com\\\/pt-pt\\\/produto\\\/nox-ml10-quantum-3k-by-miguel-lamperti-2025-5\\\/\",\"url\":\"https:\\\/\\\/revolutionpadelstore.com\\\/pt-pt\\\/produto\\\/nox-ml10-quantum-3k-by-miguel-lamperti-2025-5\\\/\",\"name\":\"NOX ML10 QUANTUM 3K BY MIGUEL LAMPERTI 2025 - Revolution Padel Store\",\"isPartOf\":{\"@id\":\"https:\\\/\\\/revolutionpadelstore.com\\\/pt-pt\\\/#website\"},\"primaryImageOfPage\":{\"@id\":\"https:\\\/\\\/revolutionpadelstore.com\\\/pt-pt\\\/produto\\\/nox-ml10-quantum-3k-by-miguel-lamperti-2025-5\\\/#primaryimage\"},\"image\":{\"@id\":\"https:\\\/\\\/revolutionpadelstore.com\\\/pt-pt\\\/produto\\\/nox-ml10-quantum-3k-by-miguel-lamperti-2025-5\\\/#primaryimage\"},\"thumbnailUrl\":\"https:\\\/\\\/revolutionpadelstore.com\\\/wp-content\\\/uploads\\\/2024\\\/10\\\/113548_pala_nox_ml10_quantum_3k_by_miguel_lamperti_pml10luxq25_1500x1500_1_a4e0.webp\",\"datePublished\":\"2024-10-21T11:57:20+00:00\",\"dateModified\":\"2026-04-01T05:06:05+00:00\",\"description\":\"Dirigida a jugadores de nivel alto y profesional, esta\u00a0Nox ML10 Quantum\u00a0tiene\u00a0forma redonda\u00a0y balance medio. Esto significa un excelente equilibrio entre control y potencia. Destaca por aportar\u00a0equilibrio\u00a0y\u00a0velocidad\u00a0a tu juego. Adem\u00e1s, mejora el agarre y reduce las vibraciones en cada golpeo. Disfrutar\u00e1s de tu mejor nivel con esta\u00a0pala r\u00e1pida y decisiva.\",\"breadcrumb\":{\"@id\":\"https:\\\/\\\/revolutionpadelstore.com\\\/pt-pt\\\/produto\\\/nox-ml10-quantum-3k-by-miguel-lamperti-2025-5\\\/#breadcrumb\"},\"inLanguage\":\"pt-PT\",\"potentialAction\":[{\"@type\":\"ReadAction\",\"target\":[\"https:\\\/\\\/revolutionpadelstore.com\\\/pt-pt\\\/produto\\\/nox-ml10-quantum-3k-by-miguel-lamperti-2025-5\\\/\"]}]},{\"@type\":\"ImageObject\",\"inLanguage\":\"pt-PT\",\"@id\":\"https:\\\/\\\/revolutionpadelstore.com\\\/pt-pt\\\/produto\\\/nox-ml10-quantum-3k-by-miguel-lamperti-2025-5\\\/#primaryimage\",\"url\":\"https:\\\/\\\/revolutionpadelstore.com\\\/wp-content\\\/uploads\\\/2024\\\/10\\\/113548_pala_nox_ml10_quantum_3k_by_miguel_lamperti_pml10luxq25_1500x1500_1_a4e0.webp\",\"contentUrl\":\"https:\\\/\\\/revolutionpadelstore.com\\\/wp-content\\\/uploads\\\/2024\\\/10\\\/113548_pala_nox_ml10_quantum_3k_by_miguel_lamperti_pml10luxq25_1500x1500_1_a4e0.webp\",\"width\":1500,\"height\":1500},{\"@type\":\"BreadcrumbList\",\"@id\":\"https:\\\/\\\/revolutionpadelstore.com\\\/pt-pt\\\/produto\\\/nox-ml10-quantum-3k-by-miguel-lamperti-2025-5\\\/#breadcrumb\",\"itemListElement\":[{\"@type\":\"ListItem\",\"position\":1,\"name\":\"Portada\",\"item\":\"https:\\\/\\\/revolutionpadelstore.com\\\/pt-pt\\\/\"},{\"@type\":\"ListItem\",\"position\":2,\"name\":\"Tienda\",\"item\":\"https:\\\/\\\/revolutionpadelstore.com\\\/pt-pt\\\/tienda\\\/\"},{\"@type\":\"ListItem\",\"position\":3,\"name\":\"NOX ML10 QUANTUM 3K BY MIGUEL LAMPERTI 2025\"}]},{\"@type\":\"WebSite\",\"@id\":\"https:\\\/\\\/revolutionpadelstore.com\\\/pt-pt\\\/#website\",\"url\":\"https:\\\/\\\/revolutionpadelstore.com\\\/pt-pt\\\/\",\"name\":\"Revolution Padel Store\",\"description\":\"\",\"publisher\":{\"@id\":\"https:\\\/\\\/revolutionpadelstore.com\\\/pt-pt\\\/#organization\"},\"potentialAction\":[{\"@type\":\"SearchAction\",\"target\":{\"@type\":\"EntryPoint\",\"urlTemplate\":\"https:\\\/\\\/revolutionpadelstore.com\\\/pt-pt\\\/?s={search_term_string}\"},\"query-input\":{\"@type\":\"PropertyValueSpecification\",\"valueRequired\":true,\"valueName\":\"search_term_string\"}}],\"inLanguage\":\"pt-PT\"},{\"@type\":\"Organization\",\"@id\":\"https:\\\/\\\/revolutionpadelstore.com\\\/pt-pt\\\/#organization\",\"name\":\"Revolution Padel Store\",\"url\":\"https:\\\/\\\/revolutionpadelstore.com\\\/pt-pt\\\/\",\"logo\":{\"@type\":\"ImageObject\",\"inLanguage\":\"pt-PT\",\"@id\":\"https:\\\/\\\/revolutionpadelstore.com\\\/pt-pt\\\/#\\\/schema\\\/logo\\\/image\\\/\",\"url\":\"https:\\\/\\\/revolutionpadelstore.com\\\/wp-content\\\/uploads\\\/2026\\\/02\\\/revolution-padel-store.jpg\",\"contentUrl\":\"https:\\\/\\\/revolutionpadelstore.com\\\/wp-content\\\/uploads\\\/2026\\\/02\\\/revolution-padel-store.jpg\",\"width\":2000,\"height\":2000,\"caption\":\"Revolution Padel Store\"},\"image\":{\"@id\":\"https:\\\/\\\/revolutionpadelstore.com\\\/pt-pt\\\/#\\\/schema\\\/logo\\\/image\\\/\"},\"sameAs\":[\"https:\\\/\\\/www.instagram.com\\\/revolutionpadelstore\\\/\"]}]}<\/script>\n<!-- \/ Yoast SEO plugin. -->","yoast_head_json":{"title":"NOX ML10 QUANTUM 3K BY MIGUEL LAMPERTI 2025 - Revolution Padel Store","description":"Dirigida a jugadores de nivel alto y profesional, esta\u00a0Nox ML10 Quantum\u00a0tiene\u00a0forma redonda\u00a0y balance medio. Esto significa un excelente equilibrio entre control y potencia. Destaca por aportar\u00a0equilibrio\u00a0y\u00a0velocidad\u00a0a tu juego. Adem\u00e1s, mejora el agarre y reduce las vibraciones en cada golpeo. Disfrutar\u00e1s de tu mejor nivel con esta\u00a0pala r\u00e1pida y decisiva.","robots":{"index":"index","follow":"follow","max-snippet":"max-snippet:-1","max-image-preview":"max-image-preview:large","max-video-preview":"max-video-preview:-1"},"canonical":"https:\/\/revolutionpadelstore.com\/pt-pt\/produto\/nox-ml10-quantum-3k-by-miguel-lamperti-2025-5\/","og_locale":"pt_PT","og_type":"article","og_title":"NOX ML10 QUANTUM 3K BY MIGUEL LAMPERTI 2025 - Revolution Padel Store","og_description":"Dirigida a jugadores de nivel alto y profesional, esta\u00a0Nox ML10 Quantum\u00a0tiene\u00a0forma redonda\u00a0y balance medio. Esto significa un excelente equilibrio entre control y potencia. Destaca por aportar\u00a0equilibrio\u00a0y\u00a0velocidad\u00a0a tu juego. Adem\u00e1s, mejora el agarre y reduce las vibraciones en cada golpeo. Disfrutar\u00e1s de tu mejor nivel con esta\u00a0pala r\u00e1pida y decisiva.","og_url":"https:\/\/revolutionpadelstore.com\/pt-pt\/produto\/nox-ml10-quantum-3k-by-miguel-lamperti-2025-5\/","og_site_name":"Revolution Padel Store","article_modified_time":"2026-04-01T05:06:05+00:00","og_image":[{"width":1500,"height":1500,"url":"https:\/\/revolutionpadelstore.com\/wp-content\/uploads\/2024\/10\/113548_pala_nox_ml10_quantum_3k_by_miguel_lamperti_pml10luxq25_1500x1500_1_a4e0.webp","type":"image\/webp"}],"twitter_card":"summary_large_image","twitter_misc":{"Tempo estimado de leitura":"3 minutos"},"schema":{"@context":"https:\/\/schema.org","@graph":[{"@type":"WebPage","@id":"https:\/\/revolutionpadelstore.com\/pt-pt\/produto\/nox-ml10-quantum-3k-by-miguel-lamperti-2025-5\/","url":"https:\/\/revolutionpadelstore.com\/pt-pt\/produto\/nox-ml10-quantum-3k-by-miguel-lamperti-2025-5\/","name":"NOX ML10 QUANTUM 3K BY MIGUEL LAMPERTI 2025 - Revolution Padel Store","isPartOf":{"@id":"https:\/\/revolutionpadelstore.com\/pt-pt\/#website"},"primaryImageOfPage":{"@id":"https:\/\/revolutionpadelstore.com\/pt-pt\/produto\/nox-ml10-quantum-3k-by-miguel-lamperti-2025-5\/#primaryimage"},"image":{"@id":"https:\/\/revolutionpadelstore.com\/pt-pt\/produto\/nox-ml10-quantum-3k-by-miguel-lamperti-2025-5\/#primaryimage"},"thumbnailUrl":"https:\/\/revolutionpadelstore.com\/wp-content\/uploads\/2024\/10\/113548_pala_nox_ml10_quantum_3k_by_miguel_lamperti_pml10luxq25_1500x1500_1_a4e0.webp","datePublished":"2024-10-21T11:57:20+00:00","dateModified":"2026-04-01T05:06:05+00:00","description":"Dirigida a jugadores de nivel alto y profesional, esta\u00a0Nox ML10 Quantum\u00a0tiene\u00a0forma redonda\u00a0y balance medio. Esto significa un excelente equilibrio entre control y potencia. Destaca por aportar\u00a0equilibrio\u00a0y\u00a0velocidad\u00a0a tu juego. Adem\u00e1s, mejora el agarre y reduce las vibraciones en cada golpeo. Disfrutar\u00e1s de tu mejor nivel con esta\u00a0pala r\u00e1pida y decisiva.","breadcrumb":{"@id":"https:\/\/revolutionpadelstore.com\/pt-pt\/produto\/nox-ml10-quantum-3k-by-miguel-lamperti-2025-5\/#breadcrumb"},"inLanguage":"pt-PT","potentialAction":[{"@type":"ReadAction","target":["https:\/\/revolutionpadelstore.com\/pt-pt\/produto\/nox-ml10-quantum-3k-by-miguel-lamperti-2025-5\/"]}]},{"@type":"ImageObject","inLanguage":"pt-PT","@id":"https:\/\/revolutionpadelstore.com\/pt-pt\/produto\/nox-ml10-quantum-3k-by-miguel-lamperti-2025-5\/#primaryimage","url":"https:\/\/revolutionpadelstore.com\/wp-content\/uploads\/2024\/10\/113548_pala_nox_ml10_quantum_3k_by_miguel_lamperti_pml10luxq25_1500x1500_1_a4e0.webp","contentUrl":"https:\/\/revolutionpadelstore.com\/wp-content\/uploads\/2024\/10\/113548_pala_nox_ml10_quantum_3k_by_miguel_lamperti_pml10luxq25_1500x1500_1_a4e0.webp","width":1500,"height":1500},{"@type":"BreadcrumbList","@id":"https:\/\/revolutionpadelstore.com\/pt-pt\/produto\/nox-ml10-quantum-3k-by-miguel-lamperti-2025-5\/#breadcrumb","itemListElement":[{"@type":"ListItem","position":1,"name":"Portada","item":"https:\/\/revolutionpadelstore.com\/pt-pt\/"},{"@type":"ListItem","position":2,"name":"Tienda","item":"https:\/\/revolutionpadelstore.com\/pt-pt\/tienda\/"},{"@type":"ListItem","position":3,"name":"NOX ML10 QUANTUM 3K BY MIGUEL LAMPERTI 2025"}]},{"@type":"WebSite","@id":"https:\/\/revolutionpadelstore.com\/pt-pt\/#website","url":"https:\/\/revolutionpadelstore.com\/pt-pt\/","name":"Revolution Padel Store","description":"","publisher":{"@id":"https:\/\/revolutionpadelstore.com\/pt-pt\/#organization"},"potentialAction":[{"@type":"SearchAction","target":{"@type":"EntryPoint","urlTemplate":"https:\/\/revolutionpadelstore.com\/pt-pt\/?s={search_term_string}"},"query-input":{"@type":"PropertyValueSpecification","valueRequired":true,"valueName":"search_term_string"}}],"inLanguage":"pt-PT"},{"@type":"Organization","@id":"https:\/\/revolutionpadelstore.com\/pt-pt\/#organization","name":"Revolution Padel Store","url":"https:\/\/revolutionpadelstore.com\/pt-pt\/","logo":{"@type":"ImageObject","inLanguage":"pt-PT","@id":"https:\/\/revolutionpadelstore.com\/pt-pt\/#\/schema\/logo\/image\/","url":"https:\/\/revolutionpadelstore.com\/wp-content\/uploads\/2026\/02\/revolution-padel-store.jpg","contentUrl":"https:\/\/revolutionpadelstore.com\/wp-content\/uploads\/2026\/02\/revolution-padel-store.jpg","width":2000,"height":2000,"caption":"Revolution Padel Store"},"image":{"@id":"https:\/\/revolutionpadelstore.com\/pt-pt\/#\/schema\/logo\/image\/"},"sameAs":["https:\/\/www.instagram.com\/revolutionpadelstore\/"]}]}},"_links":{"self":[{"href":"https:\/\/revolutionpadelstore.com\/pt-pt\/wp-json\/wp\/v2\/product\/100235","targetHints":{"allow":["GET"]}}],"collection":[{"href":"https:\/\/revolutionpadelstore.com\/pt-pt\/wp-json\/wp\/v2\/product"}],"about":[{"href":"https:\/\/revolutionpadelstore.com\/pt-pt\/wp-json\/wp\/v2\/types\/product"}],"replies":[{"embeddable":true,"href":"https:\/\/revolutionpadelstore.com\/pt-pt\/wp-json\/wp\/v2\/comments?post=100235"}],"wp:featuredmedia":[{"embeddable":true,"href":"https:\/\/revolutionpadelstore.com\/pt-pt\/wp-json\/wp\/v2\/media\/125367"}],"wp:attachment":[{"href":"https:\/\/revolutionpadelstore.com\/pt-pt\/wp-json\/wp\/v2\/media?parent=100235"}],"wp:term":[{"taxonomy":"acabado","embeddable":true,"href":"https:\/\/revolutionpadelstore.com\/pt-pt\/wp-json\/wp\/v2\/acabado?post=100235"},{"taxonomy":"balance","embeddable":true,"href":"https:\/\/revolutionpadelstore.com\/pt-pt\/wp-json\/wp\/v2\/balance?post=100235"},{"taxonomy":"dureza","embeddable":true,"href":"https:\/\/revolutionpadelstore.com\/pt-pt\/wp-json\/wp\/v2\/dureza?post=100235"},{"taxonomy":"forma","embeddable":true,"href":"https:\/\/revolutionpadelstore.com\/pt-pt\/wp-json\/wp\/v2\/forma?post=100235"},{"taxonomy":"jugador","embeddable":true,"href":"https:\/\/revolutionpadelstore.com\/pt-pt\/wp-json\/wp\/v2\/jugador?post=100235"},{"taxonomy":"marca","embeddable":true,"href":"https:\/\/revolutionpadelstore.com\/pt-pt\/wp-json\/wp\/v2\/marca?post=100235"},{"taxonomy":"nivel-de-juego","embeddable":true,"href":"https:\/\/revolutionpadelstore.com\/pt-pt\/wp-json\/wp\/v2\/nivel-de-juego?post=100235"},{"taxonomy":"superficie","embeddable":true,"href":"https:\/\/revolutionpadelstore.com\/pt-pt\/wp-json\/wp\/v2\/superficie?post=100235"},{"taxonomy":"tipo-de-juego","embeddable":true,"href":"https:\/\/revolutionpadelstore.com\/pt-pt\/wp-json\/wp\/v2\/tipo-de-juego?post=100235"},{"taxonomy":"product_brand","embeddable":true,"href":"https:\/\/revolutionpadelstore.com\/pt-pt\/wp-json\/wp\/v2\/product_brand?post=100235"},{"taxonomy":"product_cat","embeddable":true,"href":"https:\/\/revolutionpadelstore.com\/pt-pt\/wp-json\/wp\/v2\/product_cat?post=100235"},{"taxonomy":"product_tag","embeddable":true,"href":"https:\/\/revolutionpadelstore.com\/pt-pt\/wp-json\/wp\/v2\/product_tag?post=100235"}],"curies":[{"name":"wp","href":"https:\/\/api.w.org\/{rel}","templated":true}]}}