{"id":100225,"date":"2024-11-05T22:54:48","date_gmt":"2024-11-05T21:54:48","guid":{"rendered":"https:\/\/revolutionpadelstore.com\/cajon-72-pelotas-head-padel-pro\/"},"modified":"2026-04-09T14:00:05","modified_gmt":"2026-04-09T12:00:05","slug":"cajon-72-pelotas-head-padel-pro-5","status":"publish","type":"product","link":"https:\/\/revolutionpadelstore.com\/pt-pt\/produto\/cajon-72-pelotas-head-padel-pro-5\/","title":{"rendered":"CAJON 72 PELOTAS HEAD PADEL PRO+"},"content":{"rendered":"<p>Com n\u00facleo feito a partir de uma nova f\u00f3rmula &#8211; que mant\u00e9m a press\u00e3o por mais tempo &#8211; al\u00e9m de um novo feltro desenvolvido exclusivamente para padel, o HEAD PADEL PRO+ agora \u00e9 mais dur\u00e1vel. Al\u00e9m disso, sua parede mais fina facilita o controle. Popular entre os jogadores mais exigentes que procuram um controlo excepcional, \u00e9 a bola oficial da Federa\u00e7\u00e3o Espanhola de Paddle e \u00e9 embalada de forma mais sustent\u00e1vel com um novo design que torna o tubo mais ecol\u00f3gico e f\u00e1cil de reciclar.<\/p>\n<p>\u00b7 Excelente controle<br \/>\n\u00b7 Baile oficial da Federa\u00e7\u00e3o Espanhola de Paddle<br \/>\n\u00b7 Nova f\u00f3rmula central que mant\u00e9m a press\u00e3o por mais tempo<br \/>\n\u00b7 O novo feltro foi desenvolvido exclusivamente para padel e melhora a durabilidade<br \/>\n\u00b7 Parede mais fina para maior controle<br \/>\n\u00b7 \u00c9 mais f\u00e1cil reciclar um design de tubo novo e mais sustent\u00e1vel<br \/>\n\u00b7 Pode ser fabricado com 35% de PET reciclado<br \/>\n\u00b7 A manga \u00e9 mais curta e \u00e9 feita de polipropileno, material recicl\u00e1vel<br \/>\n\u00b7 As m\u00e1quinas detectam facilmente o PET e enviam a lata para o fluxo de reciclagem correto<\/p>\n","protected":false},"excerpt":{"rendered":"<p>Com n\u00facleo feito a partir de uma nova f\u00f3rmula &#8211; que mant\u00e9m a press\u00e3o por mais tempo &#8211; al\u00e9m de um novo feltro desenvolvido exclusivamente para padel, o HEAD PADEL PRO+ agora \u00e9 mais dur\u00e1vel.<\/p>\n","protected":false},"featured_media":100195,"comment_status":"open","ping_status":"closed","template":"","meta":{"_acf_changed":false,"_joinchat":[]},"acabado":[],"balance":[],"dureza":[],"forma":[],"jugador":[],"marca":[1220],"nivel-de-juego":[],"superficie":[],"tipo-de-juego":[],"product_brand":[],"product_cat":[604],"product_tag":[],"class_list":{"0":"post-100225","1":"product","2":"type-product","3":"status-publish","4":"has-post-thumbnail","6":"marca-cabeca","7":"product_cat-bolas","9":"first","10":"instock","11":"sale","12":"taxable","13":"shipping-taxable","14":"purchasable","15":"product-type-simple"},"acf":[],"yoast_head":"<!-- This site is optimized with the Yoast SEO plugin v27.4 - https:\/\/yoast.com\/product\/yoast-seo-wordpress\/ -->\n<title>CAJON 72 PELOTAS HEAD PADEL PRO+ - Revolution Padel Store<\/title>\n<meta name=\"description\" content=\"Con un n\u00facleo fabricado a partir de una nueva f\u00f3rmula -que mantiene su presi\u00f3n durante m\u00e1s tiempo-, adem\u00e1s de un nuevo fieltro desarrollado exclusivamente para p\u00e1del, la HEAD PADEL PRO+ es ahora m\u00e1s duradera. Adem\u00e1s, su pared m\u00e1s delgada hace que sea m\u00e1s f\u00e1cil de controlar. Popular entre los jugadores m\u00e1s exigentes que buscan un control excepcional, es la pelota oficial de la Federaci\u00f3n Espa\u00f1ola de P\u00e1del y est\u00e1 envasada de forma m\u00e1s sostenible con un nuevo dise\u00f1o que hace que el tubo sea m\u00e1s ecol\u00f3gico y f\u00e1cil de reciclar.\" \/>\n<meta name=\"robots\" content=\"index, follow, max-snippet:-1, max-image-preview:large, max-video-preview:-1\" \/>\n<link rel=\"canonical\" href=\"https:\/\/revolutionpadelstore.com\/pt-pt\/produto\/cajon-72-pelotas-head-padel-pro-5\/\" \/>\n<meta property=\"og:locale\" content=\"pt_PT\" \/>\n<meta property=\"og:type\" content=\"article\" \/>\n<meta property=\"og:title\" content=\"CAJON 72 PELOTAS HEAD PADEL PRO+ - Revolution Padel Store\" \/>\n<meta property=\"og:description\" content=\"Con un n\u00facleo fabricado a partir de una nueva f\u00f3rmula -que mantiene su presi\u00f3n durante m\u00e1s tiempo-, adem\u00e1s de un nuevo fieltro desarrollado exclusivamente para p\u00e1del, la HEAD PADEL PRO+ es ahora m\u00e1s duradera. Adem\u00e1s, su pared m\u00e1s delgada hace que sea m\u00e1s f\u00e1cil de controlar. Popular entre los jugadores m\u00e1s exigentes que buscan un control excepcional, es la pelota oficial de la Federaci\u00f3n Espa\u00f1ola de P\u00e1del y est\u00e1 envasada de forma m\u00e1s sostenible con un nuevo dise\u00f1o que hace que el tubo sea m\u00e1s ecol\u00f3gico y f\u00e1cil de reciclar.\" \/>\n<meta property=\"og:url\" content=\"https:\/\/revolutionpadelstore.com\/pt-pt\/produto\/cajon-72-pelotas-head-padel-pro-5\/\" \/>\n<meta property=\"og:site_name\" content=\"Revolution Padel Store\" \/>\n<meta property=\"article:modified_time\" content=\"2026-04-09T12:00:05+00:00\" \/>\n<meta property=\"og:image\" content=\"https:\/\/revolutionpadelstore.com\/wp-content\/uploads\/2024\/11\/cajon-72-pelotas-24-botes-de-3-uds-head-padel-pro-1000x1000-1.webp\" \/>\n\t<meta property=\"og:image:width\" content=\"1000\" \/>\n\t<meta property=\"og:image:height\" content=\"1000\" \/>\n\t<meta property=\"og:image:type\" content=\"image\/webp\" \/>\n<meta name=\"twitter:card\" content=\"summary_large_image\" \/>\n<meta name=\"twitter:label1\" content=\"Tempo estimado de leitura\" \/>\n\t<meta name=\"twitter:data1\" content=\"2 minutos\" \/>\n<script type=\"application\/ld+json\" class=\"yoast-schema-graph\">{\"@context\":\"https:\\\/\\\/schema.org\",\"@graph\":[{\"@type\":\"WebPage\",\"@id\":\"https:\\\/\\\/revolutionpadelstore.com\\\/pt-pt\\\/produto\\\/cajon-72-pelotas-head-padel-pro-5\\\/\",\"url\":\"https:\\\/\\\/revolutionpadelstore.com\\\/pt-pt\\\/produto\\\/cajon-72-pelotas-head-padel-pro-5\\\/\",\"name\":\"CAJON 72 PELOTAS HEAD PADEL PRO+ - Revolution Padel Store\",\"isPartOf\":{\"@id\":\"https:\\\/\\\/revolutionpadelstore.com\\\/pt-pt\\\/#website\"},\"primaryImageOfPage\":{\"@id\":\"https:\\\/\\\/revolutionpadelstore.com\\\/pt-pt\\\/produto\\\/cajon-72-pelotas-head-padel-pro-5\\\/#primaryimage\"},\"image\":{\"@id\":\"https:\\\/\\\/revolutionpadelstore.com\\\/pt-pt\\\/produto\\\/cajon-72-pelotas-head-padel-pro-5\\\/#primaryimage\"},\"thumbnailUrl\":\"https:\\\/\\\/revolutionpadelstore.com\\\/wp-content\\\/uploads\\\/2024\\\/11\\\/cajon-72-pelotas-24-botes-de-3-uds-head-padel-pro-1000x1000-1.webp\",\"datePublished\":\"2024-11-05T21:54:48+00:00\",\"dateModified\":\"2026-04-09T12:00:05+00:00\",\"description\":\"Con un n\u00facleo fabricado a partir de una nueva f\u00f3rmula -que mantiene su presi\u00f3n durante m\u00e1s tiempo-, adem\u00e1s de un nuevo fieltro desarrollado exclusivamente para p\u00e1del, la HEAD PADEL PRO+ es ahora m\u00e1s duradera. Adem\u00e1s, su pared m\u00e1s delgada hace que sea m\u00e1s f\u00e1cil de controlar. Popular entre los jugadores m\u00e1s exigentes que buscan un control excepcional, es la pelota oficial de la Federaci\u00f3n Espa\u00f1ola de P\u00e1del y est\u00e1 envasada de forma m\u00e1s sostenible con un nuevo dise\u00f1o que hace que el tubo sea m\u00e1s ecol\u00f3gico y f\u00e1cil de reciclar.\",\"breadcrumb\":{\"@id\":\"https:\\\/\\\/revolutionpadelstore.com\\\/pt-pt\\\/produto\\\/cajon-72-pelotas-head-padel-pro-5\\\/#breadcrumb\"},\"inLanguage\":\"pt-PT\",\"potentialAction\":[{\"@type\":\"ReadAction\",\"target\":[\"https:\\\/\\\/revolutionpadelstore.com\\\/pt-pt\\\/produto\\\/cajon-72-pelotas-head-padel-pro-5\\\/\"]}]},{\"@type\":\"ImageObject\",\"inLanguage\":\"pt-PT\",\"@id\":\"https:\\\/\\\/revolutionpadelstore.com\\\/pt-pt\\\/produto\\\/cajon-72-pelotas-head-padel-pro-5\\\/#primaryimage\",\"url\":\"https:\\\/\\\/revolutionpadelstore.com\\\/wp-content\\\/uploads\\\/2024\\\/11\\\/cajon-72-pelotas-24-botes-de-3-uds-head-padel-pro-1000x1000-1.webp\",\"contentUrl\":\"https:\\\/\\\/revolutionpadelstore.com\\\/wp-content\\\/uploads\\\/2024\\\/11\\\/cajon-72-pelotas-24-botes-de-3-uds-head-padel-pro-1000x1000-1.webp\",\"width\":1000,\"height\":1000},{\"@type\":\"BreadcrumbList\",\"@id\":\"https:\\\/\\\/revolutionpadelstore.com\\\/pt-pt\\\/produto\\\/cajon-72-pelotas-head-padel-pro-5\\\/#breadcrumb\",\"itemListElement\":[{\"@type\":\"ListItem\",\"position\":1,\"name\":\"Portada\",\"item\":\"https:\\\/\\\/revolutionpadelstore.com\\\/pt-pt\\\/\"},{\"@type\":\"ListItem\",\"position\":2,\"name\":\"Tienda\",\"item\":\"https:\\\/\\\/revolutionpadelstore.com\\\/pt-pt\\\/tienda\\\/\"},{\"@type\":\"ListItem\",\"position\":3,\"name\":\"CAJON 72 PELOTAS HEAD PADEL PRO+\"}]},{\"@type\":\"WebSite\",\"@id\":\"https:\\\/\\\/revolutionpadelstore.com\\\/pt-pt\\\/#website\",\"url\":\"https:\\\/\\\/revolutionpadelstore.com\\\/pt-pt\\\/\",\"name\":\"Revolution Padel Store\",\"description\":\"\",\"publisher\":{\"@id\":\"https:\\\/\\\/revolutionpadelstore.com\\\/pt-pt\\\/#organization\"},\"potentialAction\":[{\"@type\":\"SearchAction\",\"target\":{\"@type\":\"EntryPoint\",\"urlTemplate\":\"https:\\\/\\\/revolutionpadelstore.com\\\/pt-pt\\\/?s={search_term_string}\"},\"query-input\":{\"@type\":\"PropertyValueSpecification\",\"valueRequired\":true,\"valueName\":\"search_term_string\"}}],\"inLanguage\":\"pt-PT\"},{\"@type\":\"Organization\",\"@id\":\"https:\\\/\\\/revolutionpadelstore.com\\\/pt-pt\\\/#organization\",\"name\":\"Revolution Padel Store\",\"url\":\"https:\\\/\\\/revolutionpadelstore.com\\\/pt-pt\\\/\",\"logo\":{\"@type\":\"ImageObject\",\"inLanguage\":\"pt-PT\",\"@id\":\"https:\\\/\\\/revolutionpadelstore.com\\\/pt-pt\\\/#\\\/schema\\\/logo\\\/image\\\/\",\"url\":\"https:\\\/\\\/revolutionpadelstore.com\\\/wp-content\\\/uploads\\\/2026\\\/02\\\/revolution-padel-store.jpg\",\"contentUrl\":\"https:\\\/\\\/revolutionpadelstore.com\\\/wp-content\\\/uploads\\\/2026\\\/02\\\/revolution-padel-store.jpg\",\"width\":2000,\"height\":2000,\"caption\":\"Revolution Padel Store\"},\"image\":{\"@id\":\"https:\\\/\\\/revolutionpadelstore.com\\\/pt-pt\\\/#\\\/schema\\\/logo\\\/image\\\/\"},\"sameAs\":[\"https:\\\/\\\/www.instagram.com\\\/revolutionpadelstore\\\/\"]}]}<\/script>\n<!-- \/ Yoast SEO plugin. -->","yoast_head_json":{"title":"CAJON 72 PELOTAS HEAD PADEL PRO+ - Revolution Padel Store","description":"Con un n\u00facleo fabricado a partir de una nueva f\u00f3rmula -que mantiene su presi\u00f3n durante m\u00e1s tiempo-, adem\u00e1s de un nuevo fieltro desarrollado exclusivamente para p\u00e1del, la HEAD PADEL PRO+ es ahora m\u00e1s duradera. Adem\u00e1s, su pared m\u00e1s delgada hace que sea m\u00e1s f\u00e1cil de controlar. Popular entre los jugadores m\u00e1s exigentes que buscan un control excepcional, es la pelota oficial de la Federaci\u00f3n Espa\u00f1ola de P\u00e1del y est\u00e1 envasada de forma m\u00e1s sostenible con un nuevo dise\u00f1o que hace que el tubo sea m\u00e1s ecol\u00f3gico y f\u00e1cil de reciclar.","robots":{"index":"index","follow":"follow","max-snippet":"max-snippet:-1","max-image-preview":"max-image-preview:large","max-video-preview":"max-video-preview:-1"},"canonical":"https:\/\/revolutionpadelstore.com\/pt-pt\/produto\/cajon-72-pelotas-head-padel-pro-5\/","og_locale":"pt_PT","og_type":"article","og_title":"CAJON 72 PELOTAS HEAD PADEL PRO+ - Revolution Padel Store","og_description":"Con un n\u00facleo fabricado a partir de una nueva f\u00f3rmula -que mantiene su presi\u00f3n durante m\u00e1s tiempo-, adem\u00e1s de un nuevo fieltro desarrollado exclusivamente para p\u00e1del, la HEAD PADEL PRO+ es ahora m\u00e1s duradera. Adem\u00e1s, su pared m\u00e1s delgada hace que sea m\u00e1s f\u00e1cil de controlar. Popular entre los jugadores m\u00e1s exigentes que buscan un control excepcional, es la pelota oficial de la Federaci\u00f3n Espa\u00f1ola de P\u00e1del y est\u00e1 envasada de forma m\u00e1s sostenible con un nuevo dise\u00f1o que hace que el tubo sea m\u00e1s ecol\u00f3gico y f\u00e1cil de reciclar.","og_url":"https:\/\/revolutionpadelstore.com\/pt-pt\/produto\/cajon-72-pelotas-head-padel-pro-5\/","og_site_name":"Revolution Padel Store","article_modified_time":"2026-04-09T12:00:05+00:00","og_image":[{"width":1000,"height":1000,"url":"https:\/\/revolutionpadelstore.com\/wp-content\/uploads\/2024\/11\/cajon-72-pelotas-24-botes-de-3-uds-head-padel-pro-1000x1000-1.webp","type":"image\/webp"}],"twitter_card":"summary_large_image","twitter_misc":{"Tempo estimado de leitura":"2 minutos"},"schema":{"@context":"https:\/\/schema.org","@graph":[{"@type":"WebPage","@id":"https:\/\/revolutionpadelstore.com\/pt-pt\/produto\/cajon-72-pelotas-head-padel-pro-5\/","url":"https:\/\/revolutionpadelstore.com\/pt-pt\/produto\/cajon-72-pelotas-head-padel-pro-5\/","name":"CAJON 72 PELOTAS HEAD PADEL PRO+ - Revolution Padel Store","isPartOf":{"@id":"https:\/\/revolutionpadelstore.com\/pt-pt\/#website"},"primaryImageOfPage":{"@id":"https:\/\/revolutionpadelstore.com\/pt-pt\/produto\/cajon-72-pelotas-head-padel-pro-5\/#primaryimage"},"image":{"@id":"https:\/\/revolutionpadelstore.com\/pt-pt\/produto\/cajon-72-pelotas-head-padel-pro-5\/#primaryimage"},"thumbnailUrl":"https:\/\/revolutionpadelstore.com\/wp-content\/uploads\/2024\/11\/cajon-72-pelotas-24-botes-de-3-uds-head-padel-pro-1000x1000-1.webp","datePublished":"2024-11-05T21:54:48+00:00","dateModified":"2026-04-09T12:00:05+00:00","description":"Con un n\u00facleo fabricado a partir de una nueva f\u00f3rmula -que mantiene su presi\u00f3n durante m\u00e1s tiempo-, adem\u00e1s de un nuevo fieltro desarrollado exclusivamente para p\u00e1del, la HEAD PADEL PRO+ es ahora m\u00e1s duradera. Adem\u00e1s, su pared m\u00e1s delgada hace que sea m\u00e1s f\u00e1cil de controlar. Popular entre los jugadores m\u00e1s exigentes que buscan un control excepcional, es la pelota oficial de la Federaci\u00f3n Espa\u00f1ola de P\u00e1del y est\u00e1 envasada de forma m\u00e1s sostenible con un nuevo dise\u00f1o que hace que el tubo sea m\u00e1s ecol\u00f3gico y f\u00e1cil de reciclar.","breadcrumb":{"@id":"https:\/\/revolutionpadelstore.com\/pt-pt\/produto\/cajon-72-pelotas-head-padel-pro-5\/#breadcrumb"},"inLanguage":"pt-PT","potentialAction":[{"@type":"ReadAction","target":["https:\/\/revolutionpadelstore.com\/pt-pt\/produto\/cajon-72-pelotas-head-padel-pro-5\/"]}]},{"@type":"ImageObject","inLanguage":"pt-PT","@id":"https:\/\/revolutionpadelstore.com\/pt-pt\/produto\/cajon-72-pelotas-head-padel-pro-5\/#primaryimage","url":"https:\/\/revolutionpadelstore.com\/wp-content\/uploads\/2024\/11\/cajon-72-pelotas-24-botes-de-3-uds-head-padel-pro-1000x1000-1.webp","contentUrl":"https:\/\/revolutionpadelstore.com\/wp-content\/uploads\/2024\/11\/cajon-72-pelotas-24-botes-de-3-uds-head-padel-pro-1000x1000-1.webp","width":1000,"height":1000},{"@type":"BreadcrumbList","@id":"https:\/\/revolutionpadelstore.com\/pt-pt\/produto\/cajon-72-pelotas-head-padel-pro-5\/#breadcrumb","itemListElement":[{"@type":"ListItem","position":1,"name":"Portada","item":"https:\/\/revolutionpadelstore.com\/pt-pt\/"},{"@type":"ListItem","position":2,"name":"Tienda","item":"https:\/\/revolutionpadelstore.com\/pt-pt\/tienda\/"},{"@type":"ListItem","position":3,"name":"CAJON 72 PELOTAS HEAD PADEL PRO+"}]},{"@type":"WebSite","@id":"https:\/\/revolutionpadelstore.com\/pt-pt\/#website","url":"https:\/\/revolutionpadelstore.com\/pt-pt\/","name":"Revolution Padel Store","description":"","publisher":{"@id":"https:\/\/revolutionpadelstore.com\/pt-pt\/#organization"},"potentialAction":[{"@type":"SearchAction","target":{"@type":"EntryPoint","urlTemplate":"https:\/\/revolutionpadelstore.com\/pt-pt\/?s={search_term_string}"},"query-input":{"@type":"PropertyValueSpecification","valueRequired":true,"valueName":"search_term_string"}}],"inLanguage":"pt-PT"},{"@type":"Organization","@id":"https:\/\/revolutionpadelstore.com\/pt-pt\/#organization","name":"Revolution Padel Store","url":"https:\/\/revolutionpadelstore.com\/pt-pt\/","logo":{"@type":"ImageObject","inLanguage":"pt-PT","@id":"https:\/\/revolutionpadelstore.com\/pt-pt\/#\/schema\/logo\/image\/","url":"https:\/\/revolutionpadelstore.com\/wp-content\/uploads\/2026\/02\/revolution-padel-store.jpg","contentUrl":"https:\/\/revolutionpadelstore.com\/wp-content\/uploads\/2026\/02\/revolution-padel-store.jpg","width":2000,"height":2000,"caption":"Revolution Padel Store"},"image":{"@id":"https:\/\/revolutionpadelstore.com\/pt-pt\/#\/schema\/logo\/image\/"},"sameAs":["https:\/\/www.instagram.com\/revolutionpadelstore\/"]}]}},"_links":{"self":[{"href":"https:\/\/revolutionpadelstore.com\/pt-pt\/wp-json\/wp\/v2\/product\/100225","targetHints":{"allow":["GET"]}}],"collection":[{"href":"https:\/\/revolutionpadelstore.com\/pt-pt\/wp-json\/wp\/v2\/product"}],"about":[{"href":"https:\/\/revolutionpadelstore.com\/pt-pt\/wp-json\/wp\/v2\/types\/product"}],"replies":[{"embeddable":true,"href":"https:\/\/revolutionpadelstore.com\/pt-pt\/wp-json\/wp\/v2\/comments?post=100225"}],"wp:featuredmedia":[{"embeddable":true,"href":"https:\/\/revolutionpadelstore.com\/pt-pt\/wp-json\/wp\/v2\/media\/100195"}],"wp:attachment":[{"href":"https:\/\/revolutionpadelstore.com\/pt-pt\/wp-json\/wp\/v2\/media?parent=100225"}],"wp:term":[{"taxonomy":"acabado","embeddable":true,"href":"https:\/\/revolutionpadelstore.com\/pt-pt\/wp-json\/wp\/v2\/acabado?post=100225"},{"taxonomy":"balance","embeddable":true,"href":"https:\/\/revolutionpadelstore.com\/pt-pt\/wp-json\/wp\/v2\/balance?post=100225"},{"taxonomy":"dureza","embeddable":true,"href":"https:\/\/revolutionpadelstore.com\/pt-pt\/wp-json\/wp\/v2\/dureza?post=100225"},{"taxonomy":"forma","embeddable":true,"href":"https:\/\/revolutionpadelstore.com\/pt-pt\/wp-json\/wp\/v2\/forma?post=100225"},{"taxonomy":"jugador","embeddable":true,"href":"https:\/\/revolutionpadelstore.com\/pt-pt\/wp-json\/wp\/v2\/jugador?post=100225"},{"taxonomy":"marca","embeddable":true,"href":"https:\/\/revolutionpadelstore.com\/pt-pt\/wp-json\/wp\/v2\/marca?post=100225"},{"taxonomy":"nivel-de-juego","embeddable":true,"href":"https:\/\/revolutionpadelstore.com\/pt-pt\/wp-json\/wp\/v2\/nivel-de-juego?post=100225"},{"taxonomy":"superficie","embeddable":true,"href":"https:\/\/revolutionpadelstore.com\/pt-pt\/wp-json\/wp\/v2\/superficie?post=100225"},{"taxonomy":"tipo-de-juego","embeddable":true,"href":"https:\/\/revolutionpadelstore.com\/pt-pt\/wp-json\/wp\/v2\/tipo-de-juego?post=100225"},{"taxonomy":"product_brand","embeddable":true,"href":"https:\/\/revolutionpadelstore.com\/pt-pt\/wp-json\/wp\/v2\/product_brand?post=100225"},{"taxonomy":"product_cat","embeddable":true,"href":"https:\/\/revolutionpadelstore.com\/pt-pt\/wp-json\/wp\/v2\/product_cat?post=100225"},{"taxonomy":"product_tag","embeddable":true,"href":"https:\/\/revolutionpadelstore.com\/pt-pt\/wp-json\/wp\/v2\/product_tag?post=100225"}],"curies":[{"name":"wp","href":"https:\/\/api.w.org\/{rel}","templated":true}]}}