{"id":100220,"date":"2024-11-05T23:01:52","date_gmt":"2024-11-05T22:01:52","guid":{"rendered":"https:\/\/revolutionpadelstore.com\/cajon-72-pelotas-head-padel-pro-s\/"},"modified":"2026-04-21T14:00:10","modified_gmt":"2026-04-21T12:00:10","slug":"cajon-72-pelotas-head-padel-pro-s-5","status":"publish","type":"product","link":"https:\/\/revolutionpadelstore.com\/pt-pt\/produto\/cajon-72-pelotas-head-padel-pro-s-5\/","title":{"rendered":"CAJON 72 PELOTAS HEAD PADEL PRO S+"},"content":{"rendered":"<p>Quer mais velocidade e emo\u00e7\u00e3o na pista? A bola HEAD PADEL PRO S+, com maior dureza e rebote, permite um jogo muito mais r\u00e1pido e \u00e9 mais f\u00e1cil de sair x3 e x4 com pot\u00eancia m\u00e1xima. Para maior durabilidade, o n\u00facleo foi fabricado a partir de uma nova f\u00f3rmula, o que significa que esta bola de competi\u00e7\u00e3o manter\u00e1 a press\u00e3o por mais tempo durante o jogo. O novo feltro \u2013 desenvolvido exclusivamente para padel \u2013 tamb\u00e9m melhora a durabilidade da bola para que voc\u00ea possa continuar jogando r\u00e1pido por mais tempo. Para reduzir o impacto ambiental, o HEAD PADEL PRO S+ \u00e9 fornecido em embalagens mais sustent\u00e1veis, cujos elementos podem ser facilmente separados para reciclagem.<br \/>\n\u00b7 Nova f\u00f3rmula central que mant\u00e9m a press\u00e3o por mais tempo<br \/>\n\u00b7 O novo feltro foi desenvolvido exclusivamente para padel e melhora a durabilidade<br \/>\n\u00b7 \u00c9 mais f\u00e1cil reciclar um design de tubo novo e mais sustent\u00e1vel<br \/>\n\u00b7 Pode ser fabricado com 35% de PET reciclado<br \/>\n\u00b7 A manga \u00e9 mais curta e \u00e9 feita de polipropileno, material recicl\u00e1vel<br \/>\n\u00b7 As m\u00e1quinas detectam facilmente o PET e enviam a lata para o fluxo de reciclagem correto<\/p>\n","protected":false},"excerpt":{"rendered":"<p><span class=\"ng-binding\">Voc\u00ea quer mais velocidade e emo\u00e7\u00e3o na pista? A bola HEAD PADEL PRO S+, com maior dureza e rebote, permite um jogo muito mais r\u00e1pido e \u00e9 mais f\u00e1cil de sair x3 e x4 com pot\u00eancia m\u00e1xima<\/span><\/p>\n","protected":false},"featured_media":100201,"comment_status":"open","ping_status":"closed","template":"","meta":{"_acf_changed":false,"_joinchat":[]},"acabado":[],"balance":[],"dureza":[],"forma":[],"jugador":[],"marca":[1220],"nivel-de-juego":[],"superficie":[],"tipo-de-juego":[],"product_brand":[],"product_cat":[604],"product_tag":[],"class_list":{"0":"post-100220","1":"product","2":"type-product","3":"status-publish","4":"has-post-thumbnail","6":"marca-cabeca","7":"product_cat-bolas","9":"first","10":"instock","11":"sale","12":"taxable","13":"shipping-taxable","14":"purchasable","15":"product-type-simple"},"acf":[],"yoast_head":"<!-- This site is optimized with the Yoast SEO plugin v27.4 - https:\/\/yoast.com\/product\/yoast-seo-wordpress\/ -->\n<title>CAJON 72 PELOTAS HEAD PADEL PRO S+ - Revolution Padel Store<\/title>\n<meta name=\"description\" content=\"\u00bfQuieres m\u00e1s velocidad y emoci\u00f3n en la pista? La pelota HEAD PADEL PRO S+, con mayor dureza y rebote, permite un juego mucho m\u00e1s r\u00e1pido y es m\u00e1s f\u00e1cil sacarla x3 y x4 con la m\u00e1xima potencia. Para un extra de durabilidad, el n\u00facleo se ha fabricado a partir de una nueva f\u00f3rmula, lo que se traduce, en que esta pelota de competici\u00f3n mantendr\u00e1 su presi\u00f3n durante m\u00e1s tiempo durante el juego\" \/>\n<meta name=\"robots\" content=\"index, follow, max-snippet:-1, max-image-preview:large, max-video-preview:-1\" \/>\n<link rel=\"canonical\" href=\"https:\/\/revolutionpadelstore.com\/pt-pt\/produto\/cajon-72-pelotas-head-padel-pro-s-5\/\" \/>\n<meta property=\"og:locale\" content=\"pt_PT\" \/>\n<meta property=\"og:type\" content=\"article\" \/>\n<meta property=\"og:title\" content=\"CAJON 72 PELOTAS HEAD PADEL PRO S+ - Revolution Padel Store\" \/>\n<meta property=\"og:description\" content=\"\u00bfQuieres m\u00e1s velocidad y emoci\u00f3n en la pista? La pelota HEAD PADEL PRO S+, con mayor dureza y rebote, permite un juego mucho m\u00e1s r\u00e1pido y es m\u00e1s f\u00e1cil sacarla x3 y x4 con la m\u00e1xima potencia. Para un extra de durabilidad, el n\u00facleo se ha fabricado a partir de una nueva f\u00f3rmula, lo que se traduce, en que esta pelota de competici\u00f3n mantendr\u00e1 su presi\u00f3n durante m\u00e1s tiempo durante el juego\" \/>\n<meta property=\"og:url\" content=\"https:\/\/revolutionpadelstore.com\/pt-pt\/produto\/cajon-72-pelotas-head-padel-pro-s-5\/\" \/>\n<meta property=\"og:site_name\" content=\"Revolution Padel Store\" \/>\n<meta property=\"article:modified_time\" content=\"2026-04-21T12:00:10+00:00\" \/>\n<meta property=\"og:image\" content=\"https:\/\/revolutionpadelstore.com\/wp-content\/uploads\/2024\/11\/cajon-72-pelotas-24-botes-de-3-uds-head-padel-pro-s-1100x1100-1.webp\" \/>\n\t<meta property=\"og:image:width\" content=\"1100\" \/>\n\t<meta property=\"og:image:height\" content=\"1100\" \/>\n\t<meta property=\"og:image:type\" content=\"image\/webp\" \/>\n<meta name=\"twitter:card\" content=\"summary_large_image\" \/>\n<meta name=\"twitter:label1\" content=\"Tempo estimado de leitura\" \/>\n\t<meta name=\"twitter:data1\" content=\"1 minuto\" \/>\n<script type=\"application\/ld+json\" class=\"yoast-schema-graph\">{\"@context\":\"https:\\\/\\\/schema.org\",\"@graph\":[{\"@type\":\"WebPage\",\"@id\":\"https:\\\/\\\/revolutionpadelstore.com\\\/pt-pt\\\/produto\\\/cajon-72-pelotas-head-padel-pro-s-5\\\/\",\"url\":\"https:\\\/\\\/revolutionpadelstore.com\\\/pt-pt\\\/produto\\\/cajon-72-pelotas-head-padel-pro-s-5\\\/\",\"name\":\"CAJON 72 PELOTAS HEAD PADEL PRO S+ - Revolution Padel Store\",\"isPartOf\":{\"@id\":\"https:\\\/\\\/revolutionpadelstore.com\\\/pt-pt\\\/#website\"},\"primaryImageOfPage\":{\"@id\":\"https:\\\/\\\/revolutionpadelstore.com\\\/pt-pt\\\/produto\\\/cajon-72-pelotas-head-padel-pro-s-5\\\/#primaryimage\"},\"image\":{\"@id\":\"https:\\\/\\\/revolutionpadelstore.com\\\/pt-pt\\\/produto\\\/cajon-72-pelotas-head-padel-pro-s-5\\\/#primaryimage\"},\"thumbnailUrl\":\"https:\\\/\\\/revolutionpadelstore.com\\\/wp-content\\\/uploads\\\/2024\\\/11\\\/cajon-72-pelotas-24-botes-de-3-uds-head-padel-pro-s-1100x1100-1.webp\",\"datePublished\":\"2024-11-05T22:01:52+00:00\",\"dateModified\":\"2026-04-21T12:00:10+00:00\",\"description\":\"\u00bfQuieres m\u00e1s velocidad y emoci\u00f3n en la pista? La pelota HEAD PADEL PRO S+, con mayor dureza y rebote, permite un juego mucho m\u00e1s r\u00e1pido y es m\u00e1s f\u00e1cil sacarla x3 y x4 con la m\u00e1xima potencia. Para un extra de durabilidad, el n\u00facleo se ha fabricado a partir de una nueva f\u00f3rmula, lo que se traduce, en que esta pelota de competici\u00f3n mantendr\u00e1 su presi\u00f3n durante m\u00e1s tiempo durante el juego\",\"breadcrumb\":{\"@id\":\"https:\\\/\\\/revolutionpadelstore.com\\\/pt-pt\\\/produto\\\/cajon-72-pelotas-head-padel-pro-s-5\\\/#breadcrumb\"},\"inLanguage\":\"pt-PT\",\"potentialAction\":[{\"@type\":\"ReadAction\",\"target\":[\"https:\\\/\\\/revolutionpadelstore.com\\\/pt-pt\\\/produto\\\/cajon-72-pelotas-head-padel-pro-s-5\\\/\"]}]},{\"@type\":\"ImageObject\",\"inLanguage\":\"pt-PT\",\"@id\":\"https:\\\/\\\/revolutionpadelstore.com\\\/pt-pt\\\/produto\\\/cajon-72-pelotas-head-padel-pro-s-5\\\/#primaryimage\",\"url\":\"https:\\\/\\\/revolutionpadelstore.com\\\/wp-content\\\/uploads\\\/2024\\\/11\\\/cajon-72-pelotas-24-botes-de-3-uds-head-padel-pro-s-1100x1100-1.webp\",\"contentUrl\":\"https:\\\/\\\/revolutionpadelstore.com\\\/wp-content\\\/uploads\\\/2024\\\/11\\\/cajon-72-pelotas-24-botes-de-3-uds-head-padel-pro-s-1100x1100-1.webp\",\"width\":1100,\"height\":1100},{\"@type\":\"BreadcrumbList\",\"@id\":\"https:\\\/\\\/revolutionpadelstore.com\\\/pt-pt\\\/produto\\\/cajon-72-pelotas-head-padel-pro-s-5\\\/#breadcrumb\",\"itemListElement\":[{\"@type\":\"ListItem\",\"position\":1,\"name\":\"Portada\",\"item\":\"https:\\\/\\\/revolutionpadelstore.com\\\/pt-pt\\\/\"},{\"@type\":\"ListItem\",\"position\":2,\"name\":\"Tienda\",\"item\":\"https:\\\/\\\/revolutionpadelstore.com\\\/pt-pt\\\/tienda\\\/\"},{\"@type\":\"ListItem\",\"position\":3,\"name\":\"CAJON 72 PELOTAS HEAD PADEL PRO S+\"}]},{\"@type\":\"WebSite\",\"@id\":\"https:\\\/\\\/revolutionpadelstore.com\\\/pt-pt\\\/#website\",\"url\":\"https:\\\/\\\/revolutionpadelstore.com\\\/pt-pt\\\/\",\"name\":\"Revolution Padel Store\",\"description\":\"\",\"publisher\":{\"@id\":\"https:\\\/\\\/revolutionpadelstore.com\\\/pt-pt\\\/#organization\"},\"potentialAction\":[{\"@type\":\"SearchAction\",\"target\":{\"@type\":\"EntryPoint\",\"urlTemplate\":\"https:\\\/\\\/revolutionpadelstore.com\\\/pt-pt\\\/?s={search_term_string}\"},\"query-input\":{\"@type\":\"PropertyValueSpecification\",\"valueRequired\":true,\"valueName\":\"search_term_string\"}}],\"inLanguage\":\"pt-PT\"},{\"@type\":\"Organization\",\"@id\":\"https:\\\/\\\/revolutionpadelstore.com\\\/pt-pt\\\/#organization\",\"name\":\"Revolution Padel Store\",\"url\":\"https:\\\/\\\/revolutionpadelstore.com\\\/pt-pt\\\/\",\"logo\":{\"@type\":\"ImageObject\",\"inLanguage\":\"pt-PT\",\"@id\":\"https:\\\/\\\/revolutionpadelstore.com\\\/pt-pt\\\/#\\\/schema\\\/logo\\\/image\\\/\",\"url\":\"https:\\\/\\\/revolutionpadelstore.com\\\/wp-content\\\/uploads\\\/2026\\\/02\\\/revolution-padel-store.jpg\",\"contentUrl\":\"https:\\\/\\\/revolutionpadelstore.com\\\/wp-content\\\/uploads\\\/2026\\\/02\\\/revolution-padel-store.jpg\",\"width\":2000,\"height\":2000,\"caption\":\"Revolution Padel Store\"},\"image\":{\"@id\":\"https:\\\/\\\/revolutionpadelstore.com\\\/pt-pt\\\/#\\\/schema\\\/logo\\\/image\\\/\"},\"sameAs\":[\"https:\\\/\\\/www.instagram.com\\\/revolutionpadelstore\\\/\"]}]}<\/script>\n<!-- \/ Yoast SEO plugin. -->","yoast_head_json":{"title":"CAJON 72 PELOTAS HEAD PADEL PRO S+ - Revolution Padel Store","description":"\u00bfQuieres m\u00e1s velocidad y emoci\u00f3n en la pista? La pelota HEAD PADEL PRO S+, con mayor dureza y rebote, permite un juego mucho m\u00e1s r\u00e1pido y es m\u00e1s f\u00e1cil sacarla x3 y x4 con la m\u00e1xima potencia. Para un extra de durabilidad, el n\u00facleo se ha fabricado a partir de una nueva f\u00f3rmula, lo que se traduce, en que esta pelota de competici\u00f3n mantendr\u00e1 su presi\u00f3n durante m\u00e1s tiempo durante el juego","robots":{"index":"index","follow":"follow","max-snippet":"max-snippet:-1","max-image-preview":"max-image-preview:large","max-video-preview":"max-video-preview:-1"},"canonical":"https:\/\/revolutionpadelstore.com\/pt-pt\/produto\/cajon-72-pelotas-head-padel-pro-s-5\/","og_locale":"pt_PT","og_type":"article","og_title":"CAJON 72 PELOTAS HEAD PADEL PRO S+ - Revolution Padel Store","og_description":"\u00bfQuieres m\u00e1s velocidad y emoci\u00f3n en la pista? La pelota HEAD PADEL PRO S+, con mayor dureza y rebote, permite un juego mucho m\u00e1s r\u00e1pido y es m\u00e1s f\u00e1cil sacarla x3 y x4 con la m\u00e1xima potencia. Para un extra de durabilidad, el n\u00facleo se ha fabricado a partir de una nueva f\u00f3rmula, lo que se traduce, en que esta pelota de competici\u00f3n mantendr\u00e1 su presi\u00f3n durante m\u00e1s tiempo durante el juego","og_url":"https:\/\/revolutionpadelstore.com\/pt-pt\/produto\/cajon-72-pelotas-head-padel-pro-s-5\/","og_site_name":"Revolution Padel Store","article_modified_time":"2026-04-21T12:00:10+00:00","og_image":[{"width":1100,"height":1100,"url":"https:\/\/revolutionpadelstore.com\/wp-content\/uploads\/2024\/11\/cajon-72-pelotas-24-botes-de-3-uds-head-padel-pro-s-1100x1100-1.webp","type":"image\/webp"}],"twitter_card":"summary_large_image","twitter_misc":{"Tempo estimado de leitura":"1 minuto"},"schema":{"@context":"https:\/\/schema.org","@graph":[{"@type":"WebPage","@id":"https:\/\/revolutionpadelstore.com\/pt-pt\/produto\/cajon-72-pelotas-head-padel-pro-s-5\/","url":"https:\/\/revolutionpadelstore.com\/pt-pt\/produto\/cajon-72-pelotas-head-padel-pro-s-5\/","name":"CAJON 72 PELOTAS HEAD PADEL PRO S+ - Revolution Padel Store","isPartOf":{"@id":"https:\/\/revolutionpadelstore.com\/pt-pt\/#website"},"primaryImageOfPage":{"@id":"https:\/\/revolutionpadelstore.com\/pt-pt\/produto\/cajon-72-pelotas-head-padel-pro-s-5\/#primaryimage"},"image":{"@id":"https:\/\/revolutionpadelstore.com\/pt-pt\/produto\/cajon-72-pelotas-head-padel-pro-s-5\/#primaryimage"},"thumbnailUrl":"https:\/\/revolutionpadelstore.com\/wp-content\/uploads\/2024\/11\/cajon-72-pelotas-24-botes-de-3-uds-head-padel-pro-s-1100x1100-1.webp","datePublished":"2024-11-05T22:01:52+00:00","dateModified":"2026-04-21T12:00:10+00:00","description":"\u00bfQuieres m\u00e1s velocidad y emoci\u00f3n en la pista? La pelota HEAD PADEL PRO S+, con mayor dureza y rebote, permite un juego mucho m\u00e1s r\u00e1pido y es m\u00e1s f\u00e1cil sacarla x3 y x4 con la m\u00e1xima potencia. Para un extra de durabilidad, el n\u00facleo se ha fabricado a partir de una nueva f\u00f3rmula, lo que se traduce, en que esta pelota de competici\u00f3n mantendr\u00e1 su presi\u00f3n durante m\u00e1s tiempo durante el juego","breadcrumb":{"@id":"https:\/\/revolutionpadelstore.com\/pt-pt\/produto\/cajon-72-pelotas-head-padel-pro-s-5\/#breadcrumb"},"inLanguage":"pt-PT","potentialAction":[{"@type":"ReadAction","target":["https:\/\/revolutionpadelstore.com\/pt-pt\/produto\/cajon-72-pelotas-head-padel-pro-s-5\/"]}]},{"@type":"ImageObject","inLanguage":"pt-PT","@id":"https:\/\/revolutionpadelstore.com\/pt-pt\/produto\/cajon-72-pelotas-head-padel-pro-s-5\/#primaryimage","url":"https:\/\/revolutionpadelstore.com\/wp-content\/uploads\/2024\/11\/cajon-72-pelotas-24-botes-de-3-uds-head-padel-pro-s-1100x1100-1.webp","contentUrl":"https:\/\/revolutionpadelstore.com\/wp-content\/uploads\/2024\/11\/cajon-72-pelotas-24-botes-de-3-uds-head-padel-pro-s-1100x1100-1.webp","width":1100,"height":1100},{"@type":"BreadcrumbList","@id":"https:\/\/revolutionpadelstore.com\/pt-pt\/produto\/cajon-72-pelotas-head-padel-pro-s-5\/#breadcrumb","itemListElement":[{"@type":"ListItem","position":1,"name":"Portada","item":"https:\/\/revolutionpadelstore.com\/pt-pt\/"},{"@type":"ListItem","position":2,"name":"Tienda","item":"https:\/\/revolutionpadelstore.com\/pt-pt\/tienda\/"},{"@type":"ListItem","position":3,"name":"CAJON 72 PELOTAS HEAD PADEL PRO S+"}]},{"@type":"WebSite","@id":"https:\/\/revolutionpadelstore.com\/pt-pt\/#website","url":"https:\/\/revolutionpadelstore.com\/pt-pt\/","name":"Revolution Padel Store","description":"","publisher":{"@id":"https:\/\/revolutionpadelstore.com\/pt-pt\/#organization"},"potentialAction":[{"@type":"SearchAction","target":{"@type":"EntryPoint","urlTemplate":"https:\/\/revolutionpadelstore.com\/pt-pt\/?s={search_term_string}"},"query-input":{"@type":"PropertyValueSpecification","valueRequired":true,"valueName":"search_term_string"}}],"inLanguage":"pt-PT"},{"@type":"Organization","@id":"https:\/\/revolutionpadelstore.com\/pt-pt\/#organization","name":"Revolution Padel Store","url":"https:\/\/revolutionpadelstore.com\/pt-pt\/","logo":{"@type":"ImageObject","inLanguage":"pt-PT","@id":"https:\/\/revolutionpadelstore.com\/pt-pt\/#\/schema\/logo\/image\/","url":"https:\/\/revolutionpadelstore.com\/wp-content\/uploads\/2026\/02\/revolution-padel-store.jpg","contentUrl":"https:\/\/revolutionpadelstore.com\/wp-content\/uploads\/2026\/02\/revolution-padel-store.jpg","width":2000,"height":2000,"caption":"Revolution Padel Store"},"image":{"@id":"https:\/\/revolutionpadelstore.com\/pt-pt\/#\/schema\/logo\/image\/"},"sameAs":["https:\/\/www.instagram.com\/revolutionpadelstore\/"]}]}},"_links":{"self":[{"href":"https:\/\/revolutionpadelstore.com\/pt-pt\/wp-json\/wp\/v2\/product\/100220","targetHints":{"allow":["GET"]}}],"collection":[{"href":"https:\/\/revolutionpadelstore.com\/pt-pt\/wp-json\/wp\/v2\/product"}],"about":[{"href":"https:\/\/revolutionpadelstore.com\/pt-pt\/wp-json\/wp\/v2\/types\/product"}],"replies":[{"embeddable":true,"href":"https:\/\/revolutionpadelstore.com\/pt-pt\/wp-json\/wp\/v2\/comments?post=100220"}],"wp:featuredmedia":[{"embeddable":true,"href":"https:\/\/revolutionpadelstore.com\/pt-pt\/wp-json\/wp\/v2\/media\/100201"}],"wp:attachment":[{"href":"https:\/\/revolutionpadelstore.com\/pt-pt\/wp-json\/wp\/v2\/media?parent=100220"}],"wp:term":[{"taxonomy":"acabado","embeddable":true,"href":"https:\/\/revolutionpadelstore.com\/pt-pt\/wp-json\/wp\/v2\/acabado?post=100220"},{"taxonomy":"balance","embeddable":true,"href":"https:\/\/revolutionpadelstore.com\/pt-pt\/wp-json\/wp\/v2\/balance?post=100220"},{"taxonomy":"dureza","embeddable":true,"href":"https:\/\/revolutionpadelstore.com\/pt-pt\/wp-json\/wp\/v2\/dureza?post=100220"},{"taxonomy":"forma","embeddable":true,"href":"https:\/\/revolutionpadelstore.com\/pt-pt\/wp-json\/wp\/v2\/forma?post=100220"},{"taxonomy":"jugador","embeddable":true,"href":"https:\/\/revolutionpadelstore.com\/pt-pt\/wp-json\/wp\/v2\/jugador?post=100220"},{"taxonomy":"marca","embeddable":true,"href":"https:\/\/revolutionpadelstore.com\/pt-pt\/wp-json\/wp\/v2\/marca?post=100220"},{"taxonomy":"nivel-de-juego","embeddable":true,"href":"https:\/\/revolutionpadelstore.com\/pt-pt\/wp-json\/wp\/v2\/nivel-de-juego?post=100220"},{"taxonomy":"superficie","embeddable":true,"href":"https:\/\/revolutionpadelstore.com\/pt-pt\/wp-json\/wp\/v2\/superficie?post=100220"},{"taxonomy":"tipo-de-juego","embeddable":true,"href":"https:\/\/revolutionpadelstore.com\/pt-pt\/wp-json\/wp\/v2\/tipo-de-juego?post=100220"},{"taxonomy":"product_brand","embeddable":true,"href":"https:\/\/revolutionpadelstore.com\/pt-pt\/wp-json\/wp\/v2\/product_brand?post=100220"},{"taxonomy":"product_cat","embeddable":true,"href":"https:\/\/revolutionpadelstore.com\/pt-pt\/wp-json\/wp\/v2\/product_cat?post=100220"},{"taxonomy":"product_tag","embeddable":true,"href":"https:\/\/revolutionpadelstore.com\/pt-pt\/wp-json\/wp\/v2\/product_tag?post=100220"}],"curies":[{"name":"wp","href":"https:\/\/api.w.org\/{rel}","templated":true}]}}