{"id":82505,"date":"2023-12-15T16:08:52","date_gmt":"2023-12-15T15:08:52","guid":{"rendered":"https:\/\/revolutionpadelstore.com\/garantia\/"},"modified":"2024-09-30T16:06:43","modified_gmt":"2024-09-30T14:06:43","slug":"garantia","status":"publish","type":"page","link":"https:\/\/revolutionpadelstore.com\/pt-pt\/garantia\/","title":{"rendered":"Garantia"},"content":{"rendered":"\n<p><strong>GARANTIAS APLIC\u00c1VEIS<\/strong><\/p>\n\n\n\n<p>Todos os produtos oferecidos atrav\u00e9s do site s\u00e3o totalmente originais, salvo indica\u00e7\u00e3o em contr\u00e1rio na sua descri\u00e7\u00e3o.<\/p>\n\n\n\n<p>De acordo com a regulamenta\u00e7\u00e3o em vigor sobre garantias de bens de consumo, os nossos produtos t\u00eam uma garantia de 2 anos a partir da data da fatura de compra (para encomendas anteriores a 1 de janeiro de 2022) ou de 3 anos (para encomendas posteriores a 1 de janeiro de 2022), embora durante o Nos primeiros meses se presuma que o defeito que o produto possa apresentar \u00e9 origin\u00e1rio de f\u00e1brica, salvo prova em contr\u00e1rio, o cliente dever\u00e1 demonstrar que tamb\u00e9m se trata de um defeito origin\u00e1rio de f\u00e1brica se ocorrer a partir do sexto m\u00eas e antes dos dois anos. Sempre com fatura ou recibo de compra.<\/p>\n\n\n\n<p>Assim, se houver uma deteriora\u00e7\u00e3o do artigo e o cliente suspeitar que pode ser devido a um defeito de fabrico, poder\u00e1 fazer uso da garantia contactando o nosso servi\u00e7o de apoio ao cliente online na sec\u00e7\u00e3o de envios e devolu\u00e7\u00f5es do site onde o artigo foi realizado a compra, de acordo com o conte\u00fado e as limita\u00e7\u00f5es estabelecidas na Lei Geral de Defesa dos Consumidores e Utilizadores e demais regulamenta\u00e7\u00e3o aplic\u00e1vel.<\/p>\n\n\n\n<p>A Sport Business Solutions S.L processar\u00e1 a garantia junto do servi\u00e7o t\u00e9cnico da marca do produto.<\/p>\n\n\n\n<p>Uma vez analisado o artigo pelo servi\u00e7o t\u00e9cnico, podem ocorrer tr\u00eas situa\u00e7\u00f5es:<\/p>\n\n\n\n<p>\u00b7 Pe\u00e7a ao servi\u00e7o t\u00e9cnico para reparar o produto e devolv\u00ea-lo ao cliente.<\/p>\n\n\n\n<p>\u00b7 Solicitar ao servi\u00e7o t\u00e9cnico a troca do artigo por um novo. Neste caso, o mesmo artigo ser\u00e1 SEMPRE devolvido, n\u00e3o sendo poss\u00edvel a troca por outro diferente (a n\u00e3o ser que haja rutura de stock).<\/p>\n\n\n\n<p>\u00b7 Que o servi\u00e7o t\u00e9cnico determine que o produto n\u00e3o apresenta defeito de fabrico e que a altera\u00e7\u00e3o ou repara\u00e7\u00e3o n\u00e3o \u00e9 adequada. Neste caso, o produto original do cliente ser\u00e1 devolvido ao cliente.<\/p>\n\n\n\n<p>(Lei 3\/2014, de 27 de mar\u00e7o, que altera o texto consolidado da Lei Geral de Defesa dos Consumidores e Utilizadores e outras leis complementares, aprovada pelo Real Decreto Legislativo 1\/2007, de 16 de novembro BOE n.\u00ba 76, de 28 de Mar\u00e7o , 2014.)<\/p>\n\n\n\n<p>Resolu\u00e7\u00e3o de lit\u00edgios on-line<\/p>\n\n\n\n<p>Na qualidade de Consumidor e Utilizador, informamos que de acordo com o Art. 14\u00ba do Regulamento (UE) 524\/2013, a Comiss\u00e3o Europeia disponibiliza uma plataforma de acesso gratuito para a resolu\u00e7\u00e3o de conflitos online entre as Partes, sem necessidade de recorrer aos tribunais, atrav\u00e9s da interven\u00e7\u00e3o de um terceiro, denominado \u00d3rg\u00e3o de Resolu\u00e7\u00e3o de Lit\u00edgios, que funciona como intermedi\u00e1rio entre ambos. Este \u00f3rg\u00e3o \u00e9 neutro e dialogar\u00e1 com ambas as Partes para chegar a um acordo, podendo finalmente sugerir e\/ou impor uma solu\u00e7\u00e3o para o conflito. Link para a plataforma ODR<\/p>\n\n\n\n<p>Lei e jurisdi\u00e7\u00e3o aplic\u00e1veis<\/p>\n\n\n\n<p>Estas condi\u00e7\u00f5es ser\u00e3o regidas ou interpretadas de acordo com a legisla\u00e7\u00e3o espanhola naquilo que n\u00e3o esteja expressamente estabelecido. O fornecedor e o CLIENTE comprometem-se a submeter qualquer lit\u00edgio que possa surgir do fornecimento dos produtos ou servi\u00e7os sujeitos \u00e0s presentes Condi\u00e7\u00f5es, aos Tribunais e Tribunais do domic\u00edlio do CLIENTE.<\/p>\n\n\n\n<p>No caso de o CLIENTE estar domiciliado fora de Espanha, o fornecedor e o CLIENTE renunciam expressamente a qualquer outro foro, submetendo-se aos Tribunais e Tribunais competentes e legalmente determinados pelas leis aplic\u00e1veis \u200b\u200ba este contrato.<\/p>\n\n\n\n<p>Ao fazer o seu pedido, concorda com estes Termos e Condi\u00e7\u00f5es e com os Termos de Servi\u00e7o abaixo.<\/p>\n\n\n\n<ol class=\"wp-block-list\">\n<li>Os brindes f\u00edsicos estar\u00e3o dispon\u00edveis enquanto durarem os stocks, mas em caso algum a encomenda ser\u00e1 enviada sem o correspondente brinde ou reposi\u00e7\u00e3o, se assim for indicado no pedido.<\/li>\n\n\n\n<li>Reservamo-nos o direito de trocar artigos de oferta, caso n\u00e3o estejam dispon\u00edveis, por outros de valor igual ou superior.<\/li>\n\n\n\n<li>Os presentes n\u00e3o podem ser trocados por dinheiro, nem s\u00e3o permitidas trocas, devolu\u00e7\u00f5es ou garantias.<\/li>\n\n\n\n<li>As devolu\u00e7\u00f5es de artigos para oferta dever\u00e3o ser previamente aprovadas por escrito no Centro de Atendimento ao Cliente e ser\u00e3o aceites ou n\u00e3o, dependendo da disponibilidade dos artigos.<\/li>\n\n\n\n<li>Os custos de envio para troca de artigos de oferta, previamente aprovados, dever\u00e3o ser assumidos pelo cliente tanto no tro\u00e7o da sua casa at\u00e9 \u00e0s nossas instala\u00e7\u00f5es como no tro\u00e7o de substitui\u00e7\u00e3o das nossas instala\u00e7\u00f5es at\u00e9 a casa do cliente.<\/li>\n\n\n\n<li>No caso de realizar uma encomenda que inclua um brinde e n\u00e3o ter nesse momento stock da encomenda inicial; Ser-lhe-\u00e1 oferecida uma indemniza\u00e7\u00e3o pelo inc\u00f3modo causado por outro artigo de caracter\u00edsticas iguais ou melhores, que poder\u00e1 ou n\u00e3o corresponder ao artigo do presente.<\/li>\n\n\n\n<li>A empresa n\u00e3o se responsabiliza pelo peso das p\u00e1s enviadas. Tentamos respeitar os coment\u00e1rios, enviando o peso mais pr\u00f3ximo poss\u00edvel, mas n\u00e3o podemos garantir o envio e n\u00e3o nos responsabilizamos por poss\u00edveis custos de devolu\u00e7\u00e3o.<\/li>\n\n\n\n<li>A resolu\u00e7\u00e3o de qualquer conflito que possa surgir da rela\u00e7\u00e3o ser\u00e1 resolvida de acordo com a legisla\u00e7\u00e3o espanhola e ser\u00e1 submetida aos Tribunais e Tribunais competentes e legalmente determinados pelas leis aplic\u00e1veis \u200b\u200ba este contrato.<\/li>\n<\/ol>\n","protected":false},"excerpt":{"rendered":"<p>GARANTIAS APLIC\u00c1VEIS Todos os produtos oferecidos atrav\u00e9s do site s\u00e3o totalmente originais, salvo indica\u00e7\u00e3o em contr\u00e1rio na sua descri\u00e7\u00e3o. De acordo com a regulamenta\u00e7\u00e3o em vigor sobre garantias de bens de consumo, os nossos produtos t\u00eam uma garantia de 2 anos a partir da data da fatura de compra (para encomendas anteriores a 1 de [&hellip;]<\/p>\n","protected":false},"author":1,"featured_media":0,"parent":0,"menu_order":0,"comment_status":"closed","ping_status":"closed","template":"legal.php","meta":{"_acf_changed":false,"_joinchat":[],"footnotes":""},"class_list":["post-82505","page","type-page","status-publish","hentry"],"acf":[],"yoast_head":"<!-- This site is optimized with the Yoast SEO plugin v27.4 - https:\/\/yoast.com\/product\/yoast-seo-wordpress\/ -->\n<title>Garantia - Revolution Padel Store<\/title>\n<meta name=\"robots\" content=\"index, follow, max-snippet:-1, max-image-preview:large, max-video-preview:-1\" \/>\n<link rel=\"canonical\" href=\"https:\/\/revolutionpadelstore.com\/pt-pt\/garantia\/\" \/>\n<meta property=\"og:locale\" content=\"pt_PT\" \/>\n<meta property=\"og:type\" content=\"article\" \/>\n<meta property=\"og:title\" content=\"Garantia - Revolution Padel Store\" \/>\n<meta property=\"og:description\" content=\"GARANTIAS APLIC\u00c1VEIS Todos os produtos oferecidos atrav\u00e9s do site s\u00e3o totalmente originais, salvo indica\u00e7\u00e3o em contr\u00e1rio na sua descri\u00e7\u00e3o. De acordo com a regulamenta\u00e7\u00e3o em vigor sobre garantias de bens de consumo, os nossos produtos t\u00eam uma garantia de 2 anos a partir da data da fatura de compra (para encomendas anteriores a 1 de [&hellip;]\" \/>\n<meta property=\"og:url\" content=\"https:\/\/revolutionpadelstore.com\/pt-pt\/garantia\/\" \/>\n<meta property=\"og:site_name\" content=\"Revolution Padel Store\" \/>\n<meta property=\"article:modified_time\" content=\"2024-09-30T14:06:43+00:00\" \/>\n<meta property=\"og:image\" content=\"https:\/\/revolutionpadelstore.com\/wp-content\/uploads\/2026\/02\/revolution-padel-store.jpg\" \/>\n\t<meta property=\"og:image:width\" content=\"2000\" \/>\n\t<meta property=\"og:image:height\" content=\"2000\" \/>\n\t<meta property=\"og:image:type\" content=\"image\/jpeg\" \/>\n<meta name=\"twitter:card\" content=\"summary_large_image\" \/>\n<meta name=\"twitter:label1\" content=\"Tempo estimado de leitura\" \/>\n\t<meta name=\"twitter:data1\" content=\"4 minutos\" \/>\n<script type=\"application\/ld+json\" class=\"yoast-schema-graph\">{\"@context\":\"https:\\\/\\\/schema.org\",\"@graph\":[{\"@type\":\"WebPage\",\"@id\":\"https:\\\/\\\/revolutionpadelstore.com\\\/pt-pt\\\/garantia\\\/\",\"url\":\"https:\\\/\\\/revolutionpadelstore.com\\\/pt-pt\\\/garantia\\\/\",\"name\":\"Garantia - Revolution Padel Store\",\"isPartOf\":{\"@id\":\"https:\\\/\\\/revolutionpadelstore.com\\\/pt-pt\\\/#website\"},\"datePublished\":\"2023-12-15T15:08:52+00:00\",\"dateModified\":\"2024-09-30T14:06:43+00:00\",\"breadcrumb\":{\"@id\":\"https:\\\/\\\/revolutionpadelstore.com\\\/pt-pt\\\/garantia\\\/#breadcrumb\"},\"inLanguage\":\"pt-PT\",\"potentialAction\":[{\"@type\":\"ReadAction\",\"target\":[\"https:\\\/\\\/revolutionpadelstore.com\\\/pt-pt\\\/garantia\\\/\"]}]},{\"@type\":\"BreadcrumbList\",\"@id\":\"https:\\\/\\\/revolutionpadelstore.com\\\/pt-pt\\\/garantia\\\/#breadcrumb\",\"itemListElement\":[{\"@type\":\"ListItem\",\"position\":1,\"name\":\"Portada\",\"item\":\"https:\\\/\\\/revolutionpadelstore.com\\\/pt-pt\\\/\"},{\"@type\":\"ListItem\",\"position\":2,\"name\":\"Garantia\"}]},{\"@type\":\"WebSite\",\"@id\":\"https:\\\/\\\/revolutionpadelstore.com\\\/pt-pt\\\/#website\",\"url\":\"https:\\\/\\\/revolutionpadelstore.com\\\/pt-pt\\\/\",\"name\":\"Revolution Padel Store\",\"description\":\"\",\"publisher\":{\"@id\":\"https:\\\/\\\/revolutionpadelstore.com\\\/pt-pt\\\/#organization\"},\"potentialAction\":[{\"@type\":\"SearchAction\",\"target\":{\"@type\":\"EntryPoint\",\"urlTemplate\":\"https:\\\/\\\/revolutionpadelstore.com\\\/pt-pt\\\/?s={search_term_string}\"},\"query-input\":{\"@type\":\"PropertyValueSpecification\",\"valueRequired\":true,\"valueName\":\"search_term_string\"}}],\"inLanguage\":\"pt-PT\"},{\"@type\":\"Organization\",\"@id\":\"https:\\\/\\\/revolutionpadelstore.com\\\/pt-pt\\\/#organization\",\"name\":\"Revolution Padel Store\",\"url\":\"https:\\\/\\\/revolutionpadelstore.com\\\/pt-pt\\\/\",\"logo\":{\"@type\":\"ImageObject\",\"inLanguage\":\"pt-PT\",\"@id\":\"https:\\\/\\\/revolutionpadelstore.com\\\/pt-pt\\\/#\\\/schema\\\/logo\\\/image\\\/\",\"url\":\"https:\\\/\\\/revolutionpadelstore.com\\\/wp-content\\\/uploads\\\/2026\\\/02\\\/revolution-padel-store.jpg\",\"contentUrl\":\"https:\\\/\\\/revolutionpadelstore.com\\\/wp-content\\\/uploads\\\/2026\\\/02\\\/revolution-padel-store.jpg\",\"width\":2000,\"height\":2000,\"caption\":\"Revolution Padel Store\"},\"image\":{\"@id\":\"https:\\\/\\\/revolutionpadelstore.com\\\/pt-pt\\\/#\\\/schema\\\/logo\\\/image\\\/\"},\"sameAs\":[\"https:\\\/\\\/www.instagram.com\\\/revolutionpadelstore\\\/\"]}]}<\/script>\n<!-- \/ Yoast SEO plugin. -->","yoast_head_json":{"title":"Garantia - Revolution Padel Store","robots":{"index":"index","follow":"follow","max-snippet":"max-snippet:-1","max-image-preview":"max-image-preview:large","max-video-preview":"max-video-preview:-1"},"canonical":"https:\/\/revolutionpadelstore.com\/pt-pt\/garantia\/","og_locale":"pt_PT","og_type":"article","og_title":"Garantia - Revolution Padel Store","og_description":"GARANTIAS APLIC\u00c1VEIS Todos os produtos oferecidos atrav\u00e9s do site s\u00e3o totalmente originais, salvo indica\u00e7\u00e3o em contr\u00e1rio na sua descri\u00e7\u00e3o. De acordo com a regulamenta\u00e7\u00e3o em vigor sobre garantias de bens de consumo, os nossos produtos t\u00eam uma garantia de 2 anos a partir da data da fatura de compra (para encomendas anteriores a 1 de [&hellip;]","og_url":"https:\/\/revolutionpadelstore.com\/pt-pt\/garantia\/","og_site_name":"Revolution Padel Store","article_modified_time":"2024-09-30T14:06:43+00:00","og_image":[{"width":2000,"height":2000,"url":"https:\/\/revolutionpadelstore.com\/wp-content\/uploads\/2026\/02\/revolution-padel-store.jpg","type":"image\/jpeg"}],"twitter_card":"summary_large_image","twitter_misc":{"Tempo estimado de leitura":"4 minutos"},"schema":{"@context":"https:\/\/schema.org","@graph":[{"@type":"WebPage","@id":"https:\/\/revolutionpadelstore.com\/pt-pt\/garantia\/","url":"https:\/\/revolutionpadelstore.com\/pt-pt\/garantia\/","name":"Garantia - Revolution Padel Store","isPartOf":{"@id":"https:\/\/revolutionpadelstore.com\/pt-pt\/#website"},"datePublished":"2023-12-15T15:08:52+00:00","dateModified":"2024-09-30T14:06:43+00:00","breadcrumb":{"@id":"https:\/\/revolutionpadelstore.com\/pt-pt\/garantia\/#breadcrumb"},"inLanguage":"pt-PT","potentialAction":[{"@type":"ReadAction","target":["https:\/\/revolutionpadelstore.com\/pt-pt\/garantia\/"]}]},{"@type":"BreadcrumbList","@id":"https:\/\/revolutionpadelstore.com\/pt-pt\/garantia\/#breadcrumb","itemListElement":[{"@type":"ListItem","position":1,"name":"Portada","item":"https:\/\/revolutionpadelstore.com\/pt-pt\/"},{"@type":"ListItem","position":2,"name":"Garantia"}]},{"@type":"WebSite","@id":"https:\/\/revolutionpadelstore.com\/pt-pt\/#website","url":"https:\/\/revolutionpadelstore.com\/pt-pt\/","name":"Revolution Padel Store","description":"","publisher":{"@id":"https:\/\/revolutionpadelstore.com\/pt-pt\/#organization"},"potentialAction":[{"@type":"SearchAction","target":{"@type":"EntryPoint","urlTemplate":"https:\/\/revolutionpadelstore.com\/pt-pt\/?s={search_term_string}"},"query-input":{"@type":"PropertyValueSpecification","valueRequired":true,"valueName":"search_term_string"}}],"inLanguage":"pt-PT"},{"@type":"Organization","@id":"https:\/\/revolutionpadelstore.com\/pt-pt\/#organization","name":"Revolution Padel Store","url":"https:\/\/revolutionpadelstore.com\/pt-pt\/","logo":{"@type":"ImageObject","inLanguage":"pt-PT","@id":"https:\/\/revolutionpadelstore.com\/pt-pt\/#\/schema\/logo\/image\/","url":"https:\/\/revolutionpadelstore.com\/wp-content\/uploads\/2026\/02\/revolution-padel-store.jpg","contentUrl":"https:\/\/revolutionpadelstore.com\/wp-content\/uploads\/2026\/02\/revolution-padel-store.jpg","width":2000,"height":2000,"caption":"Revolution Padel Store"},"image":{"@id":"https:\/\/revolutionpadelstore.com\/pt-pt\/#\/schema\/logo\/image\/"},"sameAs":["https:\/\/www.instagram.com\/revolutionpadelstore\/"]}]}},"_links":{"self":[{"href":"https:\/\/revolutionpadelstore.com\/pt-pt\/wp-json\/wp\/v2\/pages\/82505","targetHints":{"allow":["GET"]}}],"collection":[{"href":"https:\/\/revolutionpadelstore.com\/pt-pt\/wp-json\/wp\/v2\/pages"}],"about":[{"href":"https:\/\/revolutionpadelstore.com\/pt-pt\/wp-json\/wp\/v2\/types\/page"}],"author":[{"embeddable":true,"href":"https:\/\/revolutionpadelstore.com\/pt-pt\/wp-json\/wp\/v2\/users\/1"}],"replies":[{"embeddable":true,"href":"https:\/\/revolutionpadelstore.com\/pt-pt\/wp-json\/wp\/v2\/comments?post=82505"}],"version-history":[{"count":1,"href":"https:\/\/revolutionpadelstore.com\/pt-pt\/wp-json\/wp\/v2\/pages\/82505\/revisions"}],"predecessor-version":[{"id":82526,"href":"https:\/\/revolutionpadelstore.com\/pt-pt\/wp-json\/wp\/v2\/pages\/82505\/revisions\/82526"}],"wp:attachment":[{"href":"https:\/\/revolutionpadelstore.com\/pt-pt\/wp-json\/wp\/v2\/media?parent=82505"}],"curies":[{"name":"wp","href":"https:\/\/api.w.org\/{rel}","templated":true}]}}