{"id":82502,"date":"2023-12-15T16:07:48","date_gmt":"2023-12-15T15:07:48","guid":{"rendered":"https:\/\/revolutionpadelstore.com\/envios\/"},"modified":"2024-09-30T16:07:53","modified_gmt":"2024-09-30T14:07:53","slug":"envios","status":"publish","type":"page","link":"https:\/\/revolutionpadelstore.com\/pt-pt\/envios\/","title":{"rendered":"Envio"},"content":{"rendered":"\n<p>SERVI\u00c7O A\u00c9REO DE ENVIO E TEMPO DE ENTREGA<\/p>\n\n\n\n<p>Os portes de envio s\u00e3o calculados no carrinho, considerando tanto os produtos<\/p>\n\n\n\n<p>selecionado como endere\u00e7o de entrega. Isto permite-lhe saber o valor total, incluindo os custos de envio, antes de finalizar a sua compra. Desta forma garantimos transpar\u00eancia e a melhor tarifa ajustada \u00e0s suas necessidades. Explore os nossos produtos e descubra os portes de envio no final da sua compra! Se tiver alguma d\u00favida, n\u00e3o hesite em contactar-nos.<\/p>\n\n\n\n<p>O prazo de entrega pode variar consoante o pa\u00eds de destino, embora geralmente demore entre 3 e 5 dias \u00fateis.<\/p>\n\n\n\n<p>CONSIDERA\u00c7\u00d5ES IMPORTANTES:<\/p>\n\n\n\n<p>Quaisquer custos adicionais devido ao processamento aduaneiro ser\u00e3o suportados pelo cliente, a empresa n\u00e3o ser\u00e1 respons\u00e1vel por quaisquer direitos de importa\u00e7\u00e3o que possam ser aplicados ao envio. Caso a encomenda seja rejeitada no destino, a Revolution Padel Store tentar\u00e1 recuperar o envio, passando para o cliente o envio, devolu\u00e7\u00e3o, alf\u00e2ndega e quaisquer outros custos que possam ser gerados.<\/p>\n\n\n\n<p>PASSOS A SEGUIR EM CASO DE ACIDENTE<\/p>\n\n\n\n<p>Ap\u00f3s a recep\u00e7\u00e3o da encomenda, caso note danos na embalagem, produtos errados ou algum problema na sua encomenda devido ao transporte, por favor contacte-nos no prazo de 24 horas ap\u00f3s a recep\u00e7\u00e3o.<\/p>\n\n\n\n<p>Decorridas 24 horas sobre o sinistro, a seguradora rejeita qualquer reclama\u00e7\u00e3o abrangida pelo artigo 366.\u00ba do c\u00f3digo comercial.&#8221;<\/p>\n\n\n\n<p>Pode contactar diretamente o nosso centro de atendimento ao cliente: support@revolutionpadelstore.com com fotografias da embalagem, danos e etiqueta de envio.<\/p>\n","protected":false},"excerpt":{"rendered":"<p>SERVI\u00c7O A\u00c9REO DE ENVIO E TEMPO DE ENTREGA Os portes de envio s\u00e3o calculados no carrinho, considerando tanto os produtos selecionado como endere\u00e7o de entrega. Isto permite-lhe saber o valor total, incluindo os custos de envio, antes de finalizar a sua compra. Desta forma garantimos transpar\u00eancia e a melhor tarifa ajustada \u00e0s suas necessidades. Explore [&hellip;]<\/p>\n","protected":false},"author":1,"featured_media":0,"parent":0,"menu_order":0,"comment_status":"closed","ping_status":"closed","template":"legal.php","meta":{"_acf_changed":false,"_joinchat":[],"footnotes":""},"class_list":["post-82502","page","type-page","status-publish","hentry"],"acf":[],"yoast_head":"<!-- This site is optimized with the Yoast SEO plugin v27.4 - https:\/\/yoast.com\/product\/yoast-seo-wordpress\/ -->\n<title>Envio - Revolution Padel Store<\/title>\n<meta name=\"robots\" content=\"index, follow, max-snippet:-1, max-image-preview:large, max-video-preview:-1\" \/>\n<link rel=\"canonical\" href=\"https:\/\/revolutionpadelstore.com\/pt-pt\/envios\/\" \/>\n<meta property=\"og:locale\" content=\"pt_PT\" \/>\n<meta property=\"og:type\" content=\"article\" \/>\n<meta property=\"og:title\" content=\"Envio - Revolution Padel Store\" \/>\n<meta property=\"og:description\" content=\"SERVI\u00c7O A\u00c9REO DE ENVIO E TEMPO DE ENTREGA Os portes de envio s\u00e3o calculados no carrinho, considerando tanto os produtos selecionado como endere\u00e7o de entrega. Isto permite-lhe saber o valor total, incluindo os custos de envio, antes de finalizar a sua compra. Desta forma garantimos transpar\u00eancia e a melhor tarifa ajustada \u00e0s suas necessidades. Explore [&hellip;]\" \/>\n<meta property=\"og:url\" content=\"https:\/\/revolutionpadelstore.com\/pt-pt\/envios\/\" \/>\n<meta property=\"og:site_name\" content=\"Revolution Padel Store\" \/>\n<meta property=\"article:modified_time\" content=\"2024-09-30T14:07:53+00:00\" \/>\n<meta property=\"og:image\" content=\"https:\/\/revolutionpadelstore.com\/wp-content\/uploads\/2026\/02\/revolution-padel-store.jpg\" \/>\n\t<meta property=\"og:image:width\" content=\"2000\" \/>\n\t<meta property=\"og:image:height\" content=\"2000\" \/>\n\t<meta property=\"og:image:type\" content=\"image\/jpeg\" \/>\n<meta name=\"twitter:card\" content=\"summary_large_image\" \/>\n<meta name=\"twitter:label1\" content=\"Tempo estimado de leitura\" \/>\n\t<meta name=\"twitter:data1\" content=\"2 minutos\" \/>\n<script type=\"application\/ld+json\" class=\"yoast-schema-graph\">{\"@context\":\"https:\\\/\\\/schema.org\",\"@graph\":[{\"@type\":\"WebPage\",\"@id\":\"https:\\\/\\\/revolutionpadelstore.com\\\/pt-pt\\\/envios\\\/\",\"url\":\"https:\\\/\\\/revolutionpadelstore.com\\\/pt-pt\\\/envios\\\/\",\"name\":\"Envio - Revolution Padel Store\",\"isPartOf\":{\"@id\":\"https:\\\/\\\/revolutionpadelstore.com\\\/pt-pt\\\/#website\"},\"datePublished\":\"2023-12-15T15:07:48+00:00\",\"dateModified\":\"2024-09-30T14:07:53+00:00\",\"breadcrumb\":{\"@id\":\"https:\\\/\\\/revolutionpadelstore.com\\\/pt-pt\\\/envios\\\/#breadcrumb\"},\"inLanguage\":\"pt-PT\",\"potentialAction\":[{\"@type\":\"ReadAction\",\"target\":[\"https:\\\/\\\/revolutionpadelstore.com\\\/pt-pt\\\/envios\\\/\"]}]},{\"@type\":\"BreadcrumbList\",\"@id\":\"https:\\\/\\\/revolutionpadelstore.com\\\/pt-pt\\\/envios\\\/#breadcrumb\",\"itemListElement\":[{\"@type\":\"ListItem\",\"position\":1,\"name\":\"Portada\",\"item\":\"https:\\\/\\\/revolutionpadelstore.com\\\/pt-pt\\\/\"},{\"@type\":\"ListItem\",\"position\":2,\"name\":\"Envio\"}]},{\"@type\":\"WebSite\",\"@id\":\"https:\\\/\\\/revolutionpadelstore.com\\\/pt-pt\\\/#website\",\"url\":\"https:\\\/\\\/revolutionpadelstore.com\\\/pt-pt\\\/\",\"name\":\"Revolution Padel Store\",\"description\":\"\",\"publisher\":{\"@id\":\"https:\\\/\\\/revolutionpadelstore.com\\\/pt-pt\\\/#organization\"},\"potentialAction\":[{\"@type\":\"SearchAction\",\"target\":{\"@type\":\"EntryPoint\",\"urlTemplate\":\"https:\\\/\\\/revolutionpadelstore.com\\\/pt-pt\\\/?s={search_term_string}\"},\"query-input\":{\"@type\":\"PropertyValueSpecification\",\"valueRequired\":true,\"valueName\":\"search_term_string\"}}],\"inLanguage\":\"pt-PT\"},{\"@type\":\"Organization\",\"@id\":\"https:\\\/\\\/revolutionpadelstore.com\\\/pt-pt\\\/#organization\",\"name\":\"Revolution Padel Store\",\"url\":\"https:\\\/\\\/revolutionpadelstore.com\\\/pt-pt\\\/\",\"logo\":{\"@type\":\"ImageObject\",\"inLanguage\":\"pt-PT\",\"@id\":\"https:\\\/\\\/revolutionpadelstore.com\\\/pt-pt\\\/#\\\/schema\\\/logo\\\/image\\\/\",\"url\":\"https:\\\/\\\/revolutionpadelstore.com\\\/wp-content\\\/uploads\\\/2026\\\/02\\\/revolution-padel-store.jpg\",\"contentUrl\":\"https:\\\/\\\/revolutionpadelstore.com\\\/wp-content\\\/uploads\\\/2026\\\/02\\\/revolution-padel-store.jpg\",\"width\":2000,\"height\":2000,\"caption\":\"Revolution Padel Store\"},\"image\":{\"@id\":\"https:\\\/\\\/revolutionpadelstore.com\\\/pt-pt\\\/#\\\/schema\\\/logo\\\/image\\\/\"},\"sameAs\":[\"https:\\\/\\\/www.instagram.com\\\/revolutionpadelstore\\\/\"]}]}<\/script>\n<!-- \/ Yoast SEO plugin. -->","yoast_head_json":{"title":"Envio - Revolution Padel Store","robots":{"index":"index","follow":"follow","max-snippet":"max-snippet:-1","max-image-preview":"max-image-preview:large","max-video-preview":"max-video-preview:-1"},"canonical":"https:\/\/revolutionpadelstore.com\/pt-pt\/envios\/","og_locale":"pt_PT","og_type":"article","og_title":"Envio - Revolution Padel Store","og_description":"SERVI\u00c7O A\u00c9REO DE ENVIO E TEMPO DE ENTREGA Os portes de envio s\u00e3o calculados no carrinho, considerando tanto os produtos selecionado como endere\u00e7o de entrega. Isto permite-lhe saber o valor total, incluindo os custos de envio, antes de finalizar a sua compra. Desta forma garantimos transpar\u00eancia e a melhor tarifa ajustada \u00e0s suas necessidades. Explore [&hellip;]","og_url":"https:\/\/revolutionpadelstore.com\/pt-pt\/envios\/","og_site_name":"Revolution Padel Store","article_modified_time":"2024-09-30T14:07:53+00:00","og_image":[{"width":2000,"height":2000,"url":"https:\/\/revolutionpadelstore.com\/wp-content\/uploads\/2026\/02\/revolution-padel-store.jpg","type":"image\/jpeg"}],"twitter_card":"summary_large_image","twitter_misc":{"Tempo estimado de leitura":"2 minutos"},"schema":{"@context":"https:\/\/schema.org","@graph":[{"@type":"WebPage","@id":"https:\/\/revolutionpadelstore.com\/pt-pt\/envios\/","url":"https:\/\/revolutionpadelstore.com\/pt-pt\/envios\/","name":"Envio - Revolution Padel Store","isPartOf":{"@id":"https:\/\/revolutionpadelstore.com\/pt-pt\/#website"},"datePublished":"2023-12-15T15:07:48+00:00","dateModified":"2024-09-30T14:07:53+00:00","breadcrumb":{"@id":"https:\/\/revolutionpadelstore.com\/pt-pt\/envios\/#breadcrumb"},"inLanguage":"pt-PT","potentialAction":[{"@type":"ReadAction","target":["https:\/\/revolutionpadelstore.com\/pt-pt\/envios\/"]}]},{"@type":"BreadcrumbList","@id":"https:\/\/revolutionpadelstore.com\/pt-pt\/envios\/#breadcrumb","itemListElement":[{"@type":"ListItem","position":1,"name":"Portada","item":"https:\/\/revolutionpadelstore.com\/pt-pt\/"},{"@type":"ListItem","position":2,"name":"Envio"}]},{"@type":"WebSite","@id":"https:\/\/revolutionpadelstore.com\/pt-pt\/#website","url":"https:\/\/revolutionpadelstore.com\/pt-pt\/","name":"Revolution Padel Store","description":"","publisher":{"@id":"https:\/\/revolutionpadelstore.com\/pt-pt\/#organization"},"potentialAction":[{"@type":"SearchAction","target":{"@type":"EntryPoint","urlTemplate":"https:\/\/revolutionpadelstore.com\/pt-pt\/?s={search_term_string}"},"query-input":{"@type":"PropertyValueSpecification","valueRequired":true,"valueName":"search_term_string"}}],"inLanguage":"pt-PT"},{"@type":"Organization","@id":"https:\/\/revolutionpadelstore.com\/pt-pt\/#organization","name":"Revolution Padel Store","url":"https:\/\/revolutionpadelstore.com\/pt-pt\/","logo":{"@type":"ImageObject","inLanguage":"pt-PT","@id":"https:\/\/revolutionpadelstore.com\/pt-pt\/#\/schema\/logo\/image\/","url":"https:\/\/revolutionpadelstore.com\/wp-content\/uploads\/2026\/02\/revolution-padel-store.jpg","contentUrl":"https:\/\/revolutionpadelstore.com\/wp-content\/uploads\/2026\/02\/revolution-padel-store.jpg","width":2000,"height":2000,"caption":"Revolution Padel Store"},"image":{"@id":"https:\/\/revolutionpadelstore.com\/pt-pt\/#\/schema\/logo\/image\/"},"sameAs":["https:\/\/www.instagram.com\/revolutionpadelstore\/"]}]}},"_links":{"self":[{"href":"https:\/\/revolutionpadelstore.com\/pt-pt\/wp-json\/wp\/v2\/pages\/82502","targetHints":{"allow":["GET"]}}],"collection":[{"href":"https:\/\/revolutionpadelstore.com\/pt-pt\/wp-json\/wp\/v2\/pages"}],"about":[{"href":"https:\/\/revolutionpadelstore.com\/pt-pt\/wp-json\/wp\/v2\/types\/page"}],"author":[{"embeddable":true,"href":"https:\/\/revolutionpadelstore.com\/pt-pt\/wp-json\/wp\/v2\/users\/1"}],"replies":[{"embeddable":true,"href":"https:\/\/revolutionpadelstore.com\/pt-pt\/wp-json\/wp\/v2\/comments?post=82502"}],"version-history":[{"count":1,"href":"https:\/\/revolutionpadelstore.com\/pt-pt\/wp-json\/wp\/v2\/pages\/82502\/revisions"}],"predecessor-version":[{"id":82528,"href":"https:\/\/revolutionpadelstore.com\/pt-pt\/wp-json\/wp\/v2\/pages\/82502\/revisions\/82528"}],"wp:attachment":[{"href":"https:\/\/revolutionpadelstore.com\/pt-pt\/wp-json\/wp\/v2\/media?parent=82502"}],"curies":[{"name":"wp","href":"https:\/\/api.w.org\/{rel}","templated":true}]}}