{"id":82498,"date":"2023-12-15T16:08:07","date_gmt":"2023-12-15T15:08:07","guid":{"rendered":"https:\/\/revolutionpadelstore.com\/devoluciones\/"},"modified":"2024-09-30T16:10:12","modified_gmt":"2024-09-30T14:10:12","slug":"devoluciones","status":"publish","type":"page","link":"https:\/\/revolutionpadelstore.com\/pt-pt\/devoluciones\/","title":{"rendered":"Devolu\u00e7\u00f5es"},"content":{"rendered":"\n<p><strong>DEVOLU\u00c7\u00d5ES E TROCAS<\/strong><\/p>\n\n\n\n<p>Na Revolution Padel Store a nossa prioridade \u00e9 oferecer produtos que v\u00e3o ao encontro das necessidades dos nossos clientes. No entanto, compreendemos que por vezes possa surgir a necessidade de efetuar uma devolu\u00e7\u00e3o.<\/p>\n\n\n\n<p>Para garantir uma experi\u00eancia de devolu\u00e7\u00e3o mutuamente satisfat\u00f3ria, certifique-se de que o artigo que pretende devolver n\u00e3o foi utilizado. Se o produto tiver sido utilizado, reservamo-nos o direito de n\u00e3o aceitar a devolu\u00e7\u00e3o ou de aplicar uma taxa de substitui\u00e7\u00e3o.<\/p>\n\n\n\n<p>Condi\u00e7\u00f5es de Devolu\u00e7\u00e3o<\/p>\n\n\n\n<p>Tem 30 dias corridos a partir da rece\u00e7\u00e3o do pedido.<\/p>\n\n\n\n<p>O artigo dever\u00e1 estar na sua embalagem original, sem danos ou defeitos.<\/p>\n\n\n\n<p>Todos os acess\u00f3rios e documenta\u00e7\u00e3o que acompanham o produto no momento da compra devem ser inclu\u00eddos.<\/p>\n\n\n\n<p>O produto n\u00e3o deve ter sido utilizado, adulterado ou modificado de qualquer forma.<\/p>\n\n\n\n<p>Recomendamos:<\/p>\n\n\n\n<p>N\u00e3o acondicione diretamente na embalagem original do produto.<\/p>\n\n\n\n<p>Utilize embalagens adicionais para proteger o produto durante o transporte.<\/p>\n\n\n\n<p>Se tiver alguma d\u00favida ou precisar de assist\u00eancia, n\u00e3o hesite em contactar o nosso servi\u00e7o de apoio ao cliente em support@revolutionpadelsport.com<\/p>\n\n\n\n<p>Para mais informa\u00e7\u00f5es:<\/p>\n\n\n\n<p>Observa\u00e7\u00e3o:<\/p>\n\n\n\n<p>Caso o produto n\u00e3o cumpra os requisitos acima mencionados, reservamo-nos o direito de n\u00e3o aceitar a devolu\u00e7\u00e3o ou de aplicar uma taxa de reabastecimento.<\/p>\n\n\n\n<p>Processo de regresso passo a passo (v\u00e1lido apenas para a Pen\u00ednsula e Ilhas Baleares)<\/p>\n\n\n\n<p>Solicite a sua etiqueta de devolu\u00e7\u00e3o: Envie um e-mail para support@revolutionpadelstore.com a solicitar a sua etiqueta de devolu\u00e7\u00e3o Correos.<\/p>\n\n\n\n<p>Prepare a sua Embalagem: Certifique-se que os produtos s\u00e3o novos, sem uso, na sua embalagem original, com a embalagem e os selos originais. N\u00e3o se esque\u00e7a de incluir a fatura ou a nota de entrega na embalagem.<\/p>\n\n\n\n<p>Etiqueta de devolu\u00e7\u00e3o: Cole a etiqueta de devolu\u00e7\u00e3o no exterior da embalagem e siga as instru\u00e7\u00f5es recebidas por e-mail. N\u00e3o cole diretamente o r\u00f3tulo nos produtos ou nas suas caixas originais. Caso n\u00e3o consiga imprimir, pode mostrar a etiqueta no seu telem\u00f3vel.<\/p>\n\n\n\n<p>Revis\u00e3o e Reembolso: Assim que recebermos o produto, iremos verific\u00e1-lo para ter a certeza de que est\u00e1 em perfeitas condi\u00e7\u00f5es. Em seguida, reembolsaremos o seu dinheiro o mais rapidamente poss\u00edvel, utilizando o mesmo m\u00e9todo de pagamento.<\/p>\n\n\n\n<p>Custo de devolu\u00e7\u00e3o<\/p>\n\n\n\n<p>O custo da devolu\u00e7\u00e3o para a Pen\u00ednsula e Ilhas Baleares ser\u00e1 de 4,95\u20ac se a encomenda inicial for superior a 59\u20ac, se a encomenda inicial for inferior a 59\u20ac o custo da devolu\u00e7\u00e3o ser\u00e1 de 7,90\u20ac. Este valor ser\u00e1 deduzido do reembolso total se utilizar o nosso servi\u00e7o de etiqueta pr\u00e9-paga. Caso prefira utilizar outro meio para devolver o produto, o custo ser\u00e1 indicado pela ag\u00eancia de transporte escolhida e n\u00e3o estar\u00e1 associado a n\u00f3s. Em caso de troca, ser\u00e3o aplicados os mesmos custos da devolu\u00e7\u00e3o.<\/p>\n\n\n\n<p>Outras considera\u00e7\u00f5es<\/p>\n\n\n\n<p>Devolu\u00e7\u00f5es Volunt\u00e1rias: As devolu\u00e7\u00f5es volunt\u00e1rias n\u00e3o ser\u00e3o gratuitas e ter\u00e3o um custo de 4,95\u20ac.<\/p>\n\n\n\n<p>Destinos Fora da Pen\u00ednsula: Se a sua encomenda foi entregue num destino diferente da Pen\u00ednsula, os custos de devolu\u00e7\u00e3o ser\u00e3o por sua conta. Dever\u00e1 enviar a encomenda com porte pago, devidamente embalada e na sua embalagem original, no prazo m\u00e1ximo de 30 dias de calend\u00e1rio a contar da rece\u00e7\u00e3o da encomenda. Utilize o seguinte endere\u00e7o:<\/p>\n\n\n\n<p>Revolu\u00e7\u00e3o Padel Loja<\/p>\n\n\n\n<p>Calle Espa\u00f1a N21 CP 2880 Meco (Madrid) Espanha<\/p>\n\n\n\n<p>Como e quando receberei o reembolso?<\/p>\n\n\n\n<p>Uma vez recebida a devolu\u00e7\u00e3o nas condi\u00e7\u00f5es acima referidas, procederemos ao reembolso de acordo com o m\u00e9todo de pagamento que utilizou:<\/p>\n\n\n\n<p>Pagamento por cart\u00e3o de cr\u00e9dito: receber\u00e1 um cr\u00e9dito na sua conta de cart\u00e3o de cr\u00e9dito.<\/p>\n\n\n\n<p>Pagamento atrav\u00e9s do PayPal: Receber\u00e1 um cr\u00e9dito na sua conta PayPal. Ser-lhe-\u00e1 dada a op\u00e7\u00e3o de manter o valor na sua conta PayPal para compras futuras ou transferi-lo para a sua conta banc\u00e1ria. Se escolher a segunda op\u00e7\u00e3o, basta contactar o PayPal para receber o seu dinheiro onde preferir.<\/p>\n\n\n\n<p>Pagamento por transfer\u00eancia banc\u00e1ria: Receber\u00e1 uma transfer\u00eancia banc\u00e1ria para a mesma conta na qual a efetuou.<\/p>\n\n\n\n<p>Na Revolution Padel Store estamos aqui para garantir que a sua experi\u00eancia de compra seja o mais simples e satisfat\u00f3ria poss\u00edvel. Se tiver alguma d\u00favida ou precisar de mais informa\u00e7\u00f5es sobre as nossas pol\u00edticas de devolu\u00e7\u00e3o, n\u00e3o hesite em contactar-nos. A sua satisfa\u00e7\u00e3o \u00e9 a nossa principal prioridade.<\/p>\n\n\n\n<p>Processo de reembolso para outros pa\u00edses e Can\u00e1rias passo a passo<\/p>\n\n\n\n<p>Envie um email para support@revolutionpadelstore.com a solicitar a sua devolu\u00e7\u00e3o.<\/p>\n\n\n\n<p>Para devolu\u00e7\u00e3o de artigos, todos os materiais ser\u00e3o enviados para as nossas instala\u00e7\u00f5es com portes pagos para a morada abaixo indicada. N\u00e3o ser\u00e1 cobrado qualquer material devido aos portes. A devolu\u00e7\u00e3o de artigos \u00e9 um direito regulado pelas regras que tem como cliente, em que os custos de transporte da devolu\u00e7\u00e3o s\u00e3o suportados pelo cliente.<\/p>\n\n\n\n<p>Todas as devolu\u00e7\u00f5es dever\u00e3o ser previamente aprovadas<\/p>\n\n\n\n<p>Quando os artigos forem recebidos, inspecionados e verificarmos o seu estado como novos e n\u00e3o utilizados, procederemos ao reembolso do dinheiro pelos produtos devolvidos.<\/p>\n\n\n\n<p>Caso a op\u00e7\u00e3o de devolu\u00e7\u00e3o tenha sido aceite, o custo total ser\u00e1 transferido para a conta fornecida no prazo de 14 dias ap\u00f3s a rece\u00e7\u00e3o do material.<\/p>\n\n\n\n<p>A morada de devolu\u00e7\u00e3o dos artigos, com portes pagos, \u00e9 a seguinte:<\/p>\n\n\n\n<p>Revolu\u00e7\u00e3o Padel Loja<\/p>\n\n\n\n<p>Calle Espa\u00f1a N21 CP 2880 Meco (Madrid) Espanha<\/p>\n\n\n\n<p>MUITO IMPORTANTE: Dever\u00e1 incluir uma c\u00f3pia da fatura de sa\u00edda dentro da embalagem e indicar o n\u00famero de refer\u00eancia do ticket de suporte que efetuou no Centro de Atendimento ao Cliente e o texto \u201cDEVOLU\u00c7\u00c3O\u201d, tanto no exterior como no interior da embalagem; caso o seu pedido seja cancelado por impossibilidade de o identificar. Se estiver bem indicado, conseguiremos reconhecer de onde vem e, desta forma, conseguiremos gerir a devolu\u00e7\u00e3o pretendida o mais rapidamente poss\u00edvel, reduzindo assim o tempo de espera durante o processo.<\/p>\n\n\n\n<p>ALTERA\u00c7\u00d5ES DE PRODUTO (Pen\u00ednsula e Ilhas Baleares)<\/p>\n\n\n\n<p>Para altera\u00e7\u00f5es de produtos deve escrever para support@revolutionpadelstore.com a solicitar a altera\u00e7\u00e3o do produto. O departamento de Ap\u00f3s-Venda indicar\u00e1 o protocolo correspondente para efetuar corretamente a sua altera\u00e7\u00e3o.<\/p>\n\n\n\n<p>ALTERA\u00c7\u00d5ES DE PRODUTO noutros pa\u00edses e nas Ilhas Can\u00e1rias<\/p>\n\n\n\n<p>Qualquer d\u00favida envie um email para support@revolutionpadelstore.com<\/p>\n\n\n\n<p>PRAZO DE ENVIO E ENTREGA &#8211; SERVI\u00c7O TERRESTRE<\/p>\n\n\n\n<p>Adicionar tabela de transporte<\/p>\n\n\n\n<p>Todos os pa\u00edses que n\u00e3o aparecem na tabela n\u00e3o t\u00eam servi\u00e7o de envio terrestre dispon\u00edvel e apenas ter\u00e3o servi\u00e7o de entrega a\u00e9rea.<\/p>\n\n\n\n<p>SERVI\u00c7O A\u00c9REO DE ENVIO E TEMPO DE ENTREGA<\/p>\n\n\n\n<p>Os portes de envio s\u00e3o calculados no carrinho, considerando tanto os produtos<\/p>\n\n\n\n<p>selecionado como endere\u00e7o de entrega. Isto permite-lhe saber o valor total, incluindo os custos de envio, antes de finalizar a sua compra. Desta forma garantimos transpar\u00eancia e a melhor tarifa ajustada \u00e0s suas necessidades. Explore os nossos produtos e descubra os portes de envio no final da sua compra! Se tiver alguma d\u00favida, n\u00e3o hesite em contactar-nos.<\/p>\n\n\n\n<p>O prazo de entrega pode variar consoante o pa\u00eds de destino, embora geralmente demore entre 3 e 5 dias \u00fateis.<\/p>\n\n\n\n<p>CONSIDERA\u00c7\u00d5ES IMPORTANTES:<\/p>\n\n\n\n<p>Quaisquer custos adicionais devido ao processamento aduaneiro ser\u00e3o suportados pelo cliente, a empresa n\u00e3o ser\u00e1 respons\u00e1vel por quaisquer direitos de importa\u00e7\u00e3o que possam ser aplicados ao envio. Caso a encomenda seja rejeitada no destino, a Revolution Padel Store tentar\u00e1 recuperar o envio, passando para o cliente o envio, devolu\u00e7\u00e3o, alf\u00e2ndega e quaisquer outros custos que possam ser gerados.<\/p>\n\n\n\n<p>PASSOS A SEGUIR EM CASO DE ACIDENTE<\/p>\n\n\n\n<p>Ap\u00f3s a recep\u00e7\u00e3o da encomenda, caso note danos na embalagem, produtos errados ou algum problema na sua encomenda devido ao transporte, por favor contacte-nos no prazo de 24 horas ap\u00f3s a recep\u00e7\u00e3o.<\/p>\n\n\n\n<p>Decorridas 24 horas sobre o sinistro, a seguradora rejeita qualquer reclama\u00e7\u00e3o abrangida pelo artigo 366.\u00ba do c\u00f3digo comercial.&#8221;<\/p>\n\n\n\n<p>Pode contactar diretamente o nosso centro de atendimento ao cliente: support@revolutionpadelstore.com com fotografias da embalagem, danos e etiqueta de envio.<\/p>\n","protected":false},"excerpt":{"rendered":"<p>DEVOLU\u00c7\u00d5ES E TROCAS Na Revolution Padel Store a nossa prioridade \u00e9 oferecer produtos que v\u00e3o ao encontro das necessidades dos nossos clientes. No entanto, compreendemos que por vezes possa surgir a necessidade de efetuar uma devolu\u00e7\u00e3o. Para garantir uma experi\u00eancia de devolu\u00e7\u00e3o mutuamente satisfat\u00f3ria, certifique-se de que o artigo que pretende devolver n\u00e3o foi utilizado. [&hellip;]<\/p>\n","protected":false},"author":1,"featured_media":0,"parent":0,"menu_order":0,"comment_status":"closed","ping_status":"closed","template":"legal.php","meta":{"_acf_changed":false,"_joinchat":[],"footnotes":""},"class_list":["post-82498","page","type-page","status-publish","hentry"],"acf":[],"yoast_head":"<!-- This site is optimized with the Yoast SEO plugin v27.4 - https:\/\/yoast.com\/product\/yoast-seo-wordpress\/ -->\n<title>Devolu\u00e7\u00f5es - Revolution Padel Store<\/title>\n<meta name=\"robots\" content=\"index, follow, max-snippet:-1, max-image-preview:large, max-video-preview:-1\" \/>\n<link rel=\"canonical\" href=\"https:\/\/revolutionpadelstore.com\/pt-pt\/devoluciones\/\" \/>\n<meta property=\"og:locale\" content=\"pt_PT\" \/>\n<meta property=\"og:type\" content=\"article\" \/>\n<meta property=\"og:title\" content=\"Devolu\u00e7\u00f5es - Revolution Padel Store\" \/>\n<meta property=\"og:description\" content=\"DEVOLU\u00c7\u00d5ES E TROCAS Na Revolution Padel Store a nossa prioridade \u00e9 oferecer produtos que v\u00e3o ao encontro das necessidades dos nossos clientes. No entanto, compreendemos que por vezes possa surgir a necessidade de efetuar uma devolu\u00e7\u00e3o. Para garantir uma experi\u00eancia de devolu\u00e7\u00e3o mutuamente satisfat\u00f3ria, certifique-se de que o artigo que pretende devolver n\u00e3o foi utilizado. [&hellip;]\" \/>\n<meta property=\"og:url\" content=\"https:\/\/revolutionpadelstore.com\/pt-pt\/devoluciones\/\" \/>\n<meta property=\"og:site_name\" content=\"Revolution Padel Store\" \/>\n<meta property=\"article:modified_time\" content=\"2024-09-30T14:10:12+00:00\" \/>\n<meta property=\"og:image\" content=\"https:\/\/revolutionpadelstore.com\/wp-content\/uploads\/2026\/02\/revolution-padel-store.jpg\" \/>\n\t<meta property=\"og:image:width\" content=\"2000\" \/>\n\t<meta property=\"og:image:height\" content=\"2000\" \/>\n\t<meta property=\"og:image:type\" content=\"image\/jpeg\" \/>\n<meta name=\"twitter:card\" content=\"summary_large_image\" \/>\n<meta name=\"twitter:label1\" content=\"Tempo estimado de leitura\" \/>\n\t<meta name=\"twitter:data1\" content=\"6 minutos\" \/>\n<script type=\"application\/ld+json\" class=\"yoast-schema-graph\">{\"@context\":\"https:\\\/\\\/schema.org\",\"@graph\":[{\"@type\":\"WebPage\",\"@id\":\"https:\\\/\\\/revolutionpadelstore.com\\\/pt-pt\\\/devoluciones\\\/\",\"url\":\"https:\\\/\\\/revolutionpadelstore.com\\\/pt-pt\\\/devoluciones\\\/\",\"name\":\"Devolu\u00e7\u00f5es - Revolution Padel Store\",\"isPartOf\":{\"@id\":\"https:\\\/\\\/revolutionpadelstore.com\\\/pt-pt\\\/#website\"},\"datePublished\":\"2023-12-15T15:08:07+00:00\",\"dateModified\":\"2024-09-30T14:10:12+00:00\",\"breadcrumb\":{\"@id\":\"https:\\\/\\\/revolutionpadelstore.com\\\/pt-pt\\\/devoluciones\\\/#breadcrumb\"},\"inLanguage\":\"pt-PT\",\"potentialAction\":[{\"@type\":\"ReadAction\",\"target\":[\"https:\\\/\\\/revolutionpadelstore.com\\\/pt-pt\\\/devoluciones\\\/\"]}]},{\"@type\":\"BreadcrumbList\",\"@id\":\"https:\\\/\\\/revolutionpadelstore.com\\\/pt-pt\\\/devoluciones\\\/#breadcrumb\",\"itemListElement\":[{\"@type\":\"ListItem\",\"position\":1,\"name\":\"Portada\",\"item\":\"https:\\\/\\\/revolutionpadelstore.com\\\/pt-pt\\\/\"},{\"@type\":\"ListItem\",\"position\":2,\"name\":\"Devolu\u00e7\u00f5es\"}]},{\"@type\":\"WebSite\",\"@id\":\"https:\\\/\\\/revolutionpadelstore.com\\\/pt-pt\\\/#website\",\"url\":\"https:\\\/\\\/revolutionpadelstore.com\\\/pt-pt\\\/\",\"name\":\"Revolution Padel Store\",\"description\":\"\",\"publisher\":{\"@id\":\"https:\\\/\\\/revolutionpadelstore.com\\\/pt-pt\\\/#organization\"},\"potentialAction\":[{\"@type\":\"SearchAction\",\"target\":{\"@type\":\"EntryPoint\",\"urlTemplate\":\"https:\\\/\\\/revolutionpadelstore.com\\\/pt-pt\\\/?s={search_term_string}\"},\"query-input\":{\"@type\":\"PropertyValueSpecification\",\"valueRequired\":true,\"valueName\":\"search_term_string\"}}],\"inLanguage\":\"pt-PT\"},{\"@type\":\"Organization\",\"@id\":\"https:\\\/\\\/revolutionpadelstore.com\\\/pt-pt\\\/#organization\",\"name\":\"Revolution Padel Store\",\"url\":\"https:\\\/\\\/revolutionpadelstore.com\\\/pt-pt\\\/\",\"logo\":{\"@type\":\"ImageObject\",\"inLanguage\":\"pt-PT\",\"@id\":\"https:\\\/\\\/revolutionpadelstore.com\\\/pt-pt\\\/#\\\/schema\\\/logo\\\/image\\\/\",\"url\":\"https:\\\/\\\/revolutionpadelstore.com\\\/wp-content\\\/uploads\\\/2026\\\/02\\\/revolution-padel-store.jpg\",\"contentUrl\":\"https:\\\/\\\/revolutionpadelstore.com\\\/wp-content\\\/uploads\\\/2026\\\/02\\\/revolution-padel-store.jpg\",\"width\":2000,\"height\":2000,\"caption\":\"Revolution Padel Store\"},\"image\":{\"@id\":\"https:\\\/\\\/revolutionpadelstore.com\\\/pt-pt\\\/#\\\/schema\\\/logo\\\/image\\\/\"},\"sameAs\":[\"https:\\\/\\\/www.instagram.com\\\/revolutionpadelstore\\\/\"]}]}<\/script>\n<!-- \/ Yoast SEO plugin. -->","yoast_head_json":{"title":"Devolu\u00e7\u00f5es - Revolution Padel Store","robots":{"index":"index","follow":"follow","max-snippet":"max-snippet:-1","max-image-preview":"max-image-preview:large","max-video-preview":"max-video-preview:-1"},"canonical":"https:\/\/revolutionpadelstore.com\/pt-pt\/devoluciones\/","og_locale":"pt_PT","og_type":"article","og_title":"Devolu\u00e7\u00f5es - Revolution Padel Store","og_description":"DEVOLU\u00c7\u00d5ES E TROCAS Na Revolution Padel Store a nossa prioridade \u00e9 oferecer produtos que v\u00e3o ao encontro das necessidades dos nossos clientes. No entanto, compreendemos que por vezes possa surgir a necessidade de efetuar uma devolu\u00e7\u00e3o. Para garantir uma experi\u00eancia de devolu\u00e7\u00e3o mutuamente satisfat\u00f3ria, certifique-se de que o artigo que pretende devolver n\u00e3o foi utilizado. [&hellip;]","og_url":"https:\/\/revolutionpadelstore.com\/pt-pt\/devoluciones\/","og_site_name":"Revolution Padel Store","article_modified_time":"2024-09-30T14:10:12+00:00","og_image":[{"width":2000,"height":2000,"url":"https:\/\/revolutionpadelstore.com\/wp-content\/uploads\/2026\/02\/revolution-padel-store.jpg","type":"image\/jpeg"}],"twitter_card":"summary_large_image","twitter_misc":{"Tempo estimado de leitura":"6 minutos"},"schema":{"@context":"https:\/\/schema.org","@graph":[{"@type":"WebPage","@id":"https:\/\/revolutionpadelstore.com\/pt-pt\/devoluciones\/","url":"https:\/\/revolutionpadelstore.com\/pt-pt\/devoluciones\/","name":"Devolu\u00e7\u00f5es - Revolution Padel Store","isPartOf":{"@id":"https:\/\/revolutionpadelstore.com\/pt-pt\/#website"},"datePublished":"2023-12-15T15:08:07+00:00","dateModified":"2024-09-30T14:10:12+00:00","breadcrumb":{"@id":"https:\/\/revolutionpadelstore.com\/pt-pt\/devoluciones\/#breadcrumb"},"inLanguage":"pt-PT","potentialAction":[{"@type":"ReadAction","target":["https:\/\/revolutionpadelstore.com\/pt-pt\/devoluciones\/"]}]},{"@type":"BreadcrumbList","@id":"https:\/\/revolutionpadelstore.com\/pt-pt\/devoluciones\/#breadcrumb","itemListElement":[{"@type":"ListItem","position":1,"name":"Portada","item":"https:\/\/revolutionpadelstore.com\/pt-pt\/"},{"@type":"ListItem","position":2,"name":"Devolu\u00e7\u00f5es"}]},{"@type":"WebSite","@id":"https:\/\/revolutionpadelstore.com\/pt-pt\/#website","url":"https:\/\/revolutionpadelstore.com\/pt-pt\/","name":"Revolution Padel Store","description":"","publisher":{"@id":"https:\/\/revolutionpadelstore.com\/pt-pt\/#organization"},"potentialAction":[{"@type":"SearchAction","target":{"@type":"EntryPoint","urlTemplate":"https:\/\/revolutionpadelstore.com\/pt-pt\/?s={search_term_string}"},"query-input":{"@type":"PropertyValueSpecification","valueRequired":true,"valueName":"search_term_string"}}],"inLanguage":"pt-PT"},{"@type":"Organization","@id":"https:\/\/revolutionpadelstore.com\/pt-pt\/#organization","name":"Revolution Padel Store","url":"https:\/\/revolutionpadelstore.com\/pt-pt\/","logo":{"@type":"ImageObject","inLanguage":"pt-PT","@id":"https:\/\/revolutionpadelstore.com\/pt-pt\/#\/schema\/logo\/image\/","url":"https:\/\/revolutionpadelstore.com\/wp-content\/uploads\/2026\/02\/revolution-padel-store.jpg","contentUrl":"https:\/\/revolutionpadelstore.com\/wp-content\/uploads\/2026\/02\/revolution-padel-store.jpg","width":2000,"height":2000,"caption":"Revolution Padel Store"},"image":{"@id":"https:\/\/revolutionpadelstore.com\/pt-pt\/#\/schema\/logo\/image\/"},"sameAs":["https:\/\/www.instagram.com\/revolutionpadelstore\/"]}]}},"_links":{"self":[{"href":"https:\/\/revolutionpadelstore.com\/pt-pt\/wp-json\/wp\/v2\/pages\/82498","targetHints":{"allow":["GET"]}}],"collection":[{"href":"https:\/\/revolutionpadelstore.com\/pt-pt\/wp-json\/wp\/v2\/pages"}],"about":[{"href":"https:\/\/revolutionpadelstore.com\/pt-pt\/wp-json\/wp\/v2\/types\/page"}],"author":[{"embeddable":true,"href":"https:\/\/revolutionpadelstore.com\/pt-pt\/wp-json\/wp\/v2\/users\/1"}],"replies":[{"embeddable":true,"href":"https:\/\/revolutionpadelstore.com\/pt-pt\/wp-json\/wp\/v2\/comments?post=82498"}],"version-history":[{"count":1,"href":"https:\/\/revolutionpadelstore.com\/pt-pt\/wp-json\/wp\/v2\/pages\/82498\/revisions"}],"predecessor-version":[{"id":82530,"href":"https:\/\/revolutionpadelstore.com\/pt-pt\/wp-json\/wp\/v2\/pages\/82498\/revisions\/82530"}],"wp:attachment":[{"href":"https:\/\/revolutionpadelstore.com\/pt-pt\/wp-json\/wp\/v2\/media?parent=82498"}],"curies":[{"name":"wp","href":"https:\/\/api.w.org\/{rel}","templated":true}]}}