{"id":82365,"date":"2024-03-11T20:49:52","date_gmt":"2024-03-11T19:49:52","guid":{"rendered":"https:\/\/revolutionpadelstore.com\/politica-de-cookies\/"},"modified":"2024-09-30T16:05:24","modified_gmt":"2024-09-30T14:05:24","slug":"politica-de-cookies","status":"publish","type":"page","link":"https:\/\/revolutionpadelstore.com\/pt-pt\/politica-de-cookies\/","title":{"rendered":"POL\u00cdTICA DE COOKIES"},"content":{"rendered":"\n<h2 class=\"wp-block-heading\">POL\u00cdTICA DE COOKIES<\/h2>\n\n\n\n<p>Pol\u00edtica de Cookies 1. Utiliza\u00e7\u00e3o de Cookies. 2.\u00ba Tipo, finalidade e funcionamento dos Cookies. 3. Descri\u00e7\u00e3o dos Cookies. 4.\u00ba Gest\u00e3o de Cookies. 5.\u00ba Como desativar os Cookies nos principais browsers.<\/p>\n\n\n\n<p>Utiliza\u00e7\u00e3o de Cookies.<\/p>\n\n\n\n<p>O site Revolutionpadelstore.com utiliza cookies e outros mecanismos semelhantes (doravante, Cookies). Um \u201cCookie\u201d \u00e9 um pequeno ficheiro que \u00e9 armazenado no computador do utilizador e que nos permite reconhec\u00ea-lo. O conjunto de \u201ccookies\u201d ajuda-nos a melhorar a qualidade do nosso website, permitindo-nos controlar quais as p\u00e1ginas que os nossos utilizadores consideram \u00fateis e quais n\u00e3o consideram. Os cookies s\u00e3o essenciais para o funcionamento da Internet, proporcionando in\u00fameras vantagens na presta\u00e7\u00e3o de servi\u00e7os interactivos, facilitando a navega\u00e7\u00e3o e usabilidade do nosso site. Tenha em aten\u00e7\u00e3o que os cookies n\u00e3o podem danificar o seu computador e, em troca, quando s\u00e3o ativados, ajudam-nos a identificar e a resolver erros.<\/p>\n\n\n\n<p>Tipo, finalidade e funcionamento dos Cookies.<\/p>\n\n\n\n<p>Os cookies, dependendo da sua perman\u00eancia, podem ser divididos em cookies de sess\u00e3o ou permanentes.<\/p>\n\n\n\n<p>Cookies de sess\u00e3o: s\u00e3o cookies tempor\u00e1rios que permanecem no ficheiro de cookies do seu browser at\u00e9 sair do site, pelo que nenhum fica registado no disco r\u00edgido do utilizador. A informa\u00e7\u00e3o obtida atrav\u00e9s destes cookies \u00e9 utilizada para analisar padr\u00f5es de tr\u00e1fego na web. Em \u00faltima an\u00e1lise, isto permite-nos proporcionar uma melhor experi\u00eancia, melhorando o conte\u00fado e tornando-o mais f\u00e1cil de utilizar.<\/p>\n\n\n\n<p>Os cookies permanentes s\u00e3o armazenados no seu disco r\u00edgido e o nosso website l\u00ea-os sempre que o visita novamente. Um site permanente tem uma data de validade espec\u00edfica. O cookie deixar\u00e1 de funcionar ap\u00f3s essa data. Geralmente utilizamo-los para facilitar os servi\u00e7os de compra e registo.<\/p>\n\n\n\n<p>Adicionalmente, dependendo da sua finalidade, os Cookies podem ser classificados da seguinte forma:<\/p>\n\n\n\n<p>Cookies de Desempenho: Este tipo de Cookie recorda as suas prefer\u00eancias em rela\u00e7\u00e3o \u00e0s ferramentas que se encontram nos Servi\u00e7os, para que n\u00e3o tenha de reconfigurar o servi\u00e7o cada vez que o visita. A t\u00edtulo de exemplo, esta tipologia inclui:<\/p>\n\n\n\n<p>\u00b7 Ajustes de volume para leitores de v\u00eddeo ou de som.<\/p>\n\n\n\n<p>\u00b7 A resolu\u00e7\u00e3o preferencial nos v\u00eddeos.<\/p>\n\n\n\n<p>\u00b7 Velocidades de streaming de v\u00eddeo suportadas pelo seu browser.<\/p>\n\n\n\n<p>Cookies de geolocaliza\u00e7\u00e3o: Estes Cookies s\u00e3o utilizados para saber em que pa\u00eds se encontra quando solicita um Servi\u00e7o. Este cookie \u00e9 completamente an\u00f3nimo e \u00e9 utilizado apenas para ajudar a direcionar conte\u00fado para a sua localiza\u00e7\u00e3o. Cookies de Registo: Os Cookies de Registo s\u00e3o gerados quando o Utilizador se regista ou abre posteriormente a sua sess\u00e3o, e s\u00e3o utilizados para identificar o Utilizador nos Servi\u00e7os para os seguintes fins:<\/p>\n\n\n\n<p>\u00b7 Manter o Utilizador identificado para que, caso feche um Servi\u00e7o, o browser ou o computador e noutro momento ou noutro dia volte a entrar no referido Servi\u00e7o, continue identificado, facilitando assim a sua navega\u00e7\u00e3o sem ter de se identificar novamente. Esta funcionalidade pode ser eliminada caso o Utilizador clique na funcionalidade \u201clog out\u201d, para que este Cookie seja eliminado e na pr\u00f3xima vez que o Utilizador entrar no Servi\u00e7o ter\u00e1 que efetuar login para ser identificado.<\/p>\n\n\n\n<p>\u00b7 Verifique se o Utilizador est\u00e1 autorizado a aceder a determinados Servi\u00e7os, por exemplo, para participar num concurso.<\/p>\n\n\n\n<p>Al\u00e9m disso, alguns Servi\u00e7os podem utilizar conectores com redes sociais como o Facebook ou o Twitter. Quando o Utilizador se regista num Servi\u00e7o com credenciais de uma rede social, autoriza a rede social a armazenar um Cookie persistente que memoriza a sua identidade e garante o acesso aos Servi\u00e7os at\u00e9 que expire. O Utilizador pode eliminar este Cookie e revogar o acesso aos Servi\u00e7os atrav\u00e9s das redes sociais, atualizando as suas prefer\u00eancias na rede social que especificar.<\/p>\n\n\n\n<p>Cookies Anal\u00edticos: Cada vez que um Utilizador visita um Servi\u00e7o, uma ferramenta de um fornecedor externo (Omniture, Netscope, Comscore e similares que podem ser adicionados a esta lista caso variem em rela\u00e7\u00e3o aos atuais) gera um Cookie anal\u00edtico no computador do Utilizador. Este Cookie, que apenas \u00e9 gerado durante a visita, ser\u00e1 utilizado em futuras visitas aos Servi\u00e7os Revolutionpadelstore.com para identificar anonimamente o visitante. Os principais objetivos prosseguidos s\u00e3o:<\/p>\n\n\n\n<p>\u00b7 Permitir a identifica\u00e7\u00e3o an\u00f3nima dos Utilizadores navegantes atrav\u00e9s do \u201cCookie\u201d (identifica navegadores e dispositivos, n\u00e3o pessoas) e portanto a contabiliza\u00e7\u00e3o aproximada do n\u00famero de visitantes e a sua tend\u00eancia ao longo do tempo.<\/p>\n\n\n\n<p>\u00b7 Identificar anonimamente os conte\u00fados mais visitados e, por isso, mais atrativos para os Utilizadores.<\/p>\n\n\n\n<p>\u00b7 Saber se o Utilizador que est\u00e1 a aceder \u00e9 novo ou repete visita.<\/p>\n\n\n\n<p>Importante: A menos que o Utilizador decida registar-se num Servi\u00e7o da Revolutio Padel Store, o Cookie nunca ser\u00e1 associado a quaisquer dados pessoais que o possam identificar. Estes Cookies ser\u00e3o utilizados apenas para fins<\/p>\n\n\n\n<p>estat\u00edsticas que ajudam a otimizar a experi\u00eancia do utilizador no website.<\/p>\n\n\n\n<p>Cookies publicit\u00e1rios: Este tipo de Cookies permite ampliar a informa\u00e7\u00e3o sobre os an\u00fancios mostrados a cada Utilizador an\u00f3nimo nos Servi\u00e7os da Revolution Padel Store. e\/ou os padr\u00f5es de navega\u00e7\u00e3o ou comportamentos do Utilizador, pois ajudam a criar um perfil de interesse publicit\u00e1rio. Desta forma, permitem oferecer publicidade relacionada com os interesses do Utilizador.<\/p>\n\n\n\n<p>Descri\u00e7\u00e3o do biscoito:<\/p>\n\n\n\n<p>Bolachas da loja Revolution Padel<\/p>\n\n\n\n<p>Google Analytics: Cookies __utmb, __utmc, __utmz e __utma: Permitem-nos contar as visualiza\u00e7\u00f5es de p\u00e1ginas e as fontes de tr\u00e1fego para medir e melhorar o desempenho dos sites. O Google armazena as informa\u00e7\u00f5es recolhidas pelos cookies em servidores nos Estados Unidos. O Google poder\u00e1 transferir as informa\u00e7\u00f5es para terceiros quando tal for exigido por lei ou quando esses terceiros processem as informa\u00e7\u00f5es em nome do Google. O Google n\u00e3o associar\u00e1 o seu endere\u00e7o IP a quaisquer outros dados detidos pelo Google.<\/p>\n\n\n\n<p>Gest\u00e3o de cookies:<\/p>\n\n\n\n<p>Como garantia complementar \u00e0s anteriormente descritas, o registo de cookies poder\u00e1 estar sujeito a aceita\u00e7\u00e3o durante a instala\u00e7\u00e3o ou atualiza\u00e7\u00e3o do browser utilizado, podendo esta aceita\u00e7\u00e3o ser revogada a qualquer momento atrav\u00e9s das op\u00e7\u00f5es de configura\u00e7\u00e3o de conte\u00fados e privacidade dispon\u00edveis.<\/p>\n\n\n\n<p>Muitos navegadores permitem ativar um modo privado atrav\u00e9s do qual os cookies s\u00e3o sempre eliminados ap\u00f3s a sua visita. Dependendo de cada browser, este modo privado pode ter nomes diferentes. Abaixo encontrar\u00e1 uma lista dos navegadores mais comuns e os diferentes nomes deste \u201cmodo privado\u201d:<\/p>\n\n\n\n<p>\u00b7 Internet Explorer 8 e superior; InPrivado<\/p>\n\n\n\n<p>\u00b7 \u00d3pera 10.5 e superior; Navega\u00e7\u00e3o Privada<\/p>\n\n\n\n<p>\u00b7 Google Chrome 10 e superior; Inc\u00f3gnito<\/p>\n\n\n\n<p>\u00b7 Safari 2 e superior; Navega\u00e7\u00e3o Privada<\/p>\n\n\n\n<p>\u00b7 FireFox 3.5 e superior; Navega\u00e7\u00e3o Privada<\/p>\n\n\n\n<p>Importante: Leia atentamente a sec\u00e7\u00e3o de ajuda do seu browser para saber mais sobre como ativar o &#8220;modo privado&#8221;. Pode continuar a visitar os nossos sites, mesmo que o seu navegador esteja em \u201cmodo privado\u201d, embora a sua navega\u00e7\u00e3o no nosso site possa n\u00e3o ser a ideal e alguns utilit\u00e1rios possam n\u00e3o funcionar corretamente.<\/p>\n\n\n\n<p>Como desativar os Cookies nos principais browsers:<\/p>\n\n\n\n<p>Geralmente \u00e9 poss\u00edvel deixar de aceitar Cookies do browser ou deixar de aceitar Cookies de um Servi\u00e7o espec\u00edfico.<\/p>\n\n\n\n<p>Todos os navegadores modernos permitem alterar as defini\u00e7\u00f5es de cookies. Estas defini\u00e7\u00f5es encontram-se geralmente nas op\u00e7\u00f5es ou prefer\u00eancias do menu do seu navegador. Tamb\u00e9m pode configurar o seu navegador ou gestor de e-mail, bem como instalar plug-ins gratuitos para evitar o download de Web Bugs ao abrir um e-mail.<\/p>\n\n\n\n<p>Oferecemos orienta\u00e7\u00e3o ao Utilizador sobre os passos para aceder ao menu de configura\u00e7\u00e3o de cookies e, quando aplic\u00e1vel, a navega\u00e7\u00e3o privada em cada um dos principais navegadores:<\/p>\n\n\n\n<p>Internet Explorer: Ferramentas -&gt; Op\u00e7\u00f5es de Internet -&gt; Privacidade -&gt; Defini\u00e7\u00f5es. Firefox: Ferramentas -&gt; Op\u00e7\u00f5es -&gt; Privacidade -&gt; Hist\u00f3rico -&gt; Defini\u00e7\u00f5es personalizadas. Chrome: Defini\u00e7\u00f5es -&gt; Mostrar op\u00e7\u00f5es avan\u00e7adas -&gt; Privacidade -&gt; Defini\u00e7\u00f5es de conte\u00fado. Safari: Prefer\u00eancias -&gt; Seguran\u00e7a.<\/p>\n","protected":false},"excerpt":{"rendered":"<p>POL\u00cdTICA DE COOKIES Pol\u00edtica de Cookies 1. Utiliza\u00e7\u00e3o de Cookies. 2.\u00ba Tipo, finalidade e funcionamento dos Cookies. 3. Descri\u00e7\u00e3o dos Cookies. 4.\u00ba Gest\u00e3o de Cookies. 5.\u00ba Como desativar os Cookies nos principais browsers. Utiliza\u00e7\u00e3o de Cookies. O site Revolutionpadelstore.com utiliza cookies e outros mecanismos semelhantes (doravante, Cookies). Um \u201cCookie\u201d \u00e9 um pequeno ficheiro que \u00e9 [&hellip;]<\/p>\n","protected":false},"author":1,"featured_media":0,"parent":0,"menu_order":0,"comment_status":"closed","ping_status":"closed","template":"legal.php","meta":{"_acf_changed":false,"_joinchat":[],"footnotes":""},"class_list":["post-82365","page","type-page","status-publish","hentry"],"acf":[],"yoast_head":"<!-- This site is optimized with the Yoast SEO plugin v27.4 - https:\/\/yoast.com\/product\/yoast-seo-wordpress\/ -->\n<title>POL\u00cdTICA DE COOKIES - Revolution Padel Store<\/title>\n<meta name=\"robots\" content=\"index, follow, max-snippet:-1, max-image-preview:large, max-video-preview:-1\" \/>\n<link rel=\"canonical\" href=\"https:\/\/revolutionpadelstore.com\/pt-pt\/politica-de-cookies\/\" \/>\n<meta property=\"og:locale\" content=\"pt_PT\" \/>\n<meta property=\"og:type\" content=\"article\" \/>\n<meta property=\"og:title\" content=\"POL\u00cdTICA DE COOKIES - Revolution Padel Store\" \/>\n<meta property=\"og:description\" content=\"POL\u00cdTICA DE COOKIES Pol\u00edtica de Cookies 1. Utiliza\u00e7\u00e3o de Cookies. 2.\u00ba Tipo, finalidade e funcionamento dos Cookies. 3. Descri\u00e7\u00e3o dos Cookies. 4.\u00ba Gest\u00e3o de Cookies. 5.\u00ba Como desativar os Cookies nos principais browsers. Utiliza\u00e7\u00e3o de Cookies. O site Revolutionpadelstore.com utiliza cookies e outros mecanismos semelhantes (doravante, Cookies). Um \u201cCookie\u201d \u00e9 um pequeno ficheiro que \u00e9 [&hellip;]\" \/>\n<meta property=\"og:url\" content=\"https:\/\/revolutionpadelstore.com\/pt-pt\/politica-de-cookies\/\" \/>\n<meta property=\"og:site_name\" content=\"Revolution Padel Store\" \/>\n<meta property=\"article:modified_time\" content=\"2024-09-30T14:05:24+00:00\" \/>\n<meta property=\"og:image\" content=\"https:\/\/revolutionpadelstore.com\/wp-content\/uploads\/2026\/02\/revolution-padel-store.jpg\" \/>\n\t<meta property=\"og:image:width\" content=\"2000\" \/>\n\t<meta property=\"og:image:height\" content=\"2000\" \/>\n\t<meta property=\"og:image:type\" content=\"image\/jpeg\" \/>\n<meta name=\"twitter:card\" content=\"summary_large_image\" \/>\n<meta name=\"twitter:label1\" content=\"Tempo estimado de leitura\" \/>\n\t<meta name=\"twitter:data1\" content=\"6 minutos\" \/>\n<script type=\"application\/ld+json\" class=\"yoast-schema-graph\">{\"@context\":\"https:\\\/\\\/schema.org\",\"@graph\":[{\"@type\":\"WebPage\",\"@id\":\"https:\\\/\\\/revolutionpadelstore.com\\\/pt-pt\\\/politica-de-cookies\\\/\",\"url\":\"https:\\\/\\\/revolutionpadelstore.com\\\/pt-pt\\\/politica-de-cookies\\\/\",\"name\":\"POL\u00cdTICA DE COOKIES - Revolution Padel Store\",\"isPartOf\":{\"@id\":\"https:\\\/\\\/revolutionpadelstore.com\\\/pt-pt\\\/#website\"},\"datePublished\":\"2024-03-11T19:49:52+00:00\",\"dateModified\":\"2024-09-30T14:05:24+00:00\",\"breadcrumb\":{\"@id\":\"https:\\\/\\\/revolutionpadelstore.com\\\/pt-pt\\\/politica-de-cookies\\\/#breadcrumb\"},\"inLanguage\":\"pt-PT\",\"potentialAction\":[{\"@type\":\"ReadAction\",\"target\":[\"https:\\\/\\\/revolutionpadelstore.com\\\/pt-pt\\\/politica-de-cookies\\\/\"]}]},{\"@type\":\"BreadcrumbList\",\"@id\":\"https:\\\/\\\/revolutionpadelstore.com\\\/pt-pt\\\/politica-de-cookies\\\/#breadcrumb\",\"itemListElement\":[{\"@type\":\"ListItem\",\"position\":1,\"name\":\"Portada\",\"item\":\"https:\\\/\\\/revolutionpadelstore.com\\\/pt-pt\\\/\"},{\"@type\":\"ListItem\",\"position\":2,\"name\":\"POL\u00cdTICA DE COOKIES\"}]},{\"@type\":\"WebSite\",\"@id\":\"https:\\\/\\\/revolutionpadelstore.com\\\/pt-pt\\\/#website\",\"url\":\"https:\\\/\\\/revolutionpadelstore.com\\\/pt-pt\\\/\",\"name\":\"Revolution Padel Store\",\"description\":\"\",\"publisher\":{\"@id\":\"https:\\\/\\\/revolutionpadelstore.com\\\/pt-pt\\\/#organization\"},\"potentialAction\":[{\"@type\":\"SearchAction\",\"target\":{\"@type\":\"EntryPoint\",\"urlTemplate\":\"https:\\\/\\\/revolutionpadelstore.com\\\/pt-pt\\\/?s={search_term_string}\"},\"query-input\":{\"@type\":\"PropertyValueSpecification\",\"valueRequired\":true,\"valueName\":\"search_term_string\"}}],\"inLanguage\":\"pt-PT\"},{\"@type\":\"Organization\",\"@id\":\"https:\\\/\\\/revolutionpadelstore.com\\\/pt-pt\\\/#organization\",\"name\":\"Revolution Padel Store\",\"url\":\"https:\\\/\\\/revolutionpadelstore.com\\\/pt-pt\\\/\",\"logo\":{\"@type\":\"ImageObject\",\"inLanguage\":\"pt-PT\",\"@id\":\"https:\\\/\\\/revolutionpadelstore.com\\\/pt-pt\\\/#\\\/schema\\\/logo\\\/image\\\/\",\"url\":\"https:\\\/\\\/revolutionpadelstore.com\\\/wp-content\\\/uploads\\\/2026\\\/02\\\/revolution-padel-store.jpg\",\"contentUrl\":\"https:\\\/\\\/revolutionpadelstore.com\\\/wp-content\\\/uploads\\\/2026\\\/02\\\/revolution-padel-store.jpg\",\"width\":2000,\"height\":2000,\"caption\":\"Revolution Padel Store\"},\"image\":{\"@id\":\"https:\\\/\\\/revolutionpadelstore.com\\\/pt-pt\\\/#\\\/schema\\\/logo\\\/image\\\/\"},\"sameAs\":[\"https:\\\/\\\/www.instagram.com\\\/revolutionpadelstore\\\/\"]}]}<\/script>\n<!-- \/ Yoast SEO plugin. -->","yoast_head_json":{"title":"POL\u00cdTICA DE COOKIES - Revolution Padel Store","robots":{"index":"index","follow":"follow","max-snippet":"max-snippet:-1","max-image-preview":"max-image-preview:large","max-video-preview":"max-video-preview:-1"},"canonical":"https:\/\/revolutionpadelstore.com\/pt-pt\/politica-de-cookies\/","og_locale":"pt_PT","og_type":"article","og_title":"POL\u00cdTICA DE COOKIES - Revolution Padel Store","og_description":"POL\u00cdTICA DE COOKIES Pol\u00edtica de Cookies 1. Utiliza\u00e7\u00e3o de Cookies. 2.\u00ba Tipo, finalidade e funcionamento dos Cookies. 3. Descri\u00e7\u00e3o dos Cookies. 4.\u00ba Gest\u00e3o de Cookies. 5.\u00ba Como desativar os Cookies nos principais browsers. Utiliza\u00e7\u00e3o de Cookies. O site Revolutionpadelstore.com utiliza cookies e outros mecanismos semelhantes (doravante, Cookies). Um \u201cCookie\u201d \u00e9 um pequeno ficheiro que \u00e9 [&hellip;]","og_url":"https:\/\/revolutionpadelstore.com\/pt-pt\/politica-de-cookies\/","og_site_name":"Revolution Padel Store","article_modified_time":"2024-09-30T14:05:24+00:00","og_image":[{"width":2000,"height":2000,"url":"https:\/\/revolutionpadelstore.com\/wp-content\/uploads\/2026\/02\/revolution-padel-store.jpg","type":"image\/jpeg"}],"twitter_card":"summary_large_image","twitter_misc":{"Tempo estimado de leitura":"6 minutos"},"schema":{"@context":"https:\/\/schema.org","@graph":[{"@type":"WebPage","@id":"https:\/\/revolutionpadelstore.com\/pt-pt\/politica-de-cookies\/","url":"https:\/\/revolutionpadelstore.com\/pt-pt\/politica-de-cookies\/","name":"POL\u00cdTICA DE COOKIES - Revolution Padel Store","isPartOf":{"@id":"https:\/\/revolutionpadelstore.com\/pt-pt\/#website"},"datePublished":"2024-03-11T19:49:52+00:00","dateModified":"2024-09-30T14:05:24+00:00","breadcrumb":{"@id":"https:\/\/revolutionpadelstore.com\/pt-pt\/politica-de-cookies\/#breadcrumb"},"inLanguage":"pt-PT","potentialAction":[{"@type":"ReadAction","target":["https:\/\/revolutionpadelstore.com\/pt-pt\/politica-de-cookies\/"]}]},{"@type":"BreadcrumbList","@id":"https:\/\/revolutionpadelstore.com\/pt-pt\/politica-de-cookies\/#breadcrumb","itemListElement":[{"@type":"ListItem","position":1,"name":"Portada","item":"https:\/\/revolutionpadelstore.com\/pt-pt\/"},{"@type":"ListItem","position":2,"name":"POL\u00cdTICA DE COOKIES"}]},{"@type":"WebSite","@id":"https:\/\/revolutionpadelstore.com\/pt-pt\/#website","url":"https:\/\/revolutionpadelstore.com\/pt-pt\/","name":"Revolution Padel Store","description":"","publisher":{"@id":"https:\/\/revolutionpadelstore.com\/pt-pt\/#organization"},"potentialAction":[{"@type":"SearchAction","target":{"@type":"EntryPoint","urlTemplate":"https:\/\/revolutionpadelstore.com\/pt-pt\/?s={search_term_string}"},"query-input":{"@type":"PropertyValueSpecification","valueRequired":true,"valueName":"search_term_string"}}],"inLanguage":"pt-PT"},{"@type":"Organization","@id":"https:\/\/revolutionpadelstore.com\/pt-pt\/#organization","name":"Revolution Padel Store","url":"https:\/\/revolutionpadelstore.com\/pt-pt\/","logo":{"@type":"ImageObject","inLanguage":"pt-PT","@id":"https:\/\/revolutionpadelstore.com\/pt-pt\/#\/schema\/logo\/image\/","url":"https:\/\/revolutionpadelstore.com\/wp-content\/uploads\/2026\/02\/revolution-padel-store.jpg","contentUrl":"https:\/\/revolutionpadelstore.com\/wp-content\/uploads\/2026\/02\/revolution-padel-store.jpg","width":2000,"height":2000,"caption":"Revolution Padel Store"},"image":{"@id":"https:\/\/revolutionpadelstore.com\/pt-pt\/#\/schema\/logo\/image\/"},"sameAs":["https:\/\/www.instagram.com\/revolutionpadelstore\/"]}]}},"_links":{"self":[{"href":"https:\/\/revolutionpadelstore.com\/pt-pt\/wp-json\/wp\/v2\/pages\/82365","targetHints":{"allow":["GET"]}}],"collection":[{"href":"https:\/\/revolutionpadelstore.com\/pt-pt\/wp-json\/wp\/v2\/pages"}],"about":[{"href":"https:\/\/revolutionpadelstore.com\/pt-pt\/wp-json\/wp\/v2\/types\/page"}],"author":[{"embeddable":true,"href":"https:\/\/revolutionpadelstore.com\/pt-pt\/wp-json\/wp\/v2\/users\/1"}],"replies":[{"embeddable":true,"href":"https:\/\/revolutionpadelstore.com\/pt-pt\/wp-json\/wp\/v2\/comments?post=82365"}],"version-history":[{"count":1,"href":"https:\/\/revolutionpadelstore.com\/pt-pt\/wp-json\/wp\/v2\/pages\/82365\/revisions"}],"predecessor-version":[{"id":82525,"href":"https:\/\/revolutionpadelstore.com\/pt-pt\/wp-json\/wp\/v2\/pages\/82365\/revisions\/82525"}],"wp:attachment":[{"href":"https:\/\/revolutionpadelstore.com\/pt-pt\/wp-json\/wp\/v2\/media?parent=82365"}],"curies":[{"name":"wp","href":"https:\/\/api.w.org\/{rel}","templated":true}]}}