{"id":99076,"date":"2024-10-13T10:03:58","date_gmt":"2024-10-13T08:03:58","guid":{"rendered":"https:\/\/revolutionpadelstore.com\/starvie-drax-pro-touch-2025\/"},"modified":"2026-04-08T10:26:08","modified_gmt":"2026-04-08T08:26:08","slug":"starvie-drax-pro-touch-2025","status":"publish","type":"product","link":"https:\/\/revolutionpadelstore.com\/it\/prodotto\/starvie-drax-pro-touch-2025\/","title":{"rendered":"STARVIE DRAX PRO TOUCH 2025"},"content":{"rendered":"<h3>StarVie Drax Pro Touch 2025: stabilit\u00e0 e versatilit\u00e0<\/h3>\n<p>La racchetta Drax Pro Touch 2025 di StarVie, parte della sua gamma Premium, \u00e8 progettata per un gioco che combina controllo e attacco. Offre un equilibrio eccezionale tra potenza e precisione, permettendoti di adattarti a qualsiasi situazione in campo. Il design della Drax Pro Touch 2025 cerca di ottimizzare le prestazioni del giocatore, fornendo un&#8217;eccezionale versatilit\u00e0 in ogni colpo.<\/p>\n<p><strong>Ideale per giocatori avanzati<\/strong><\/p>\n<p>Questa racchetta \u00e8 perfetta per i giocatori di padel di livello avanzato che eccellono sia nella difesa da fondo campo che negli attacchi aggressivi a rete. Se ti piace aggiungere effetto alla palla e sorprendere i tuoi avversari, la Drax Pro Touch sar\u00e0 la tua compagna ideale nelle partite pi\u00f9 impegnative.<\/p>\n<p><strong>Funzionalit\u00e0 e tecnologie<\/strong><\/p>\n<p style=\"padding-left: 40px\"><strong>-Nucleo:<\/strong> gomma EVA Pro Touch a densit\u00e0 medio-dura per controllo e potenza eccezionali, oltre a una maggiore sensibilit\u00e0 ad ogni colpo.<\/p>\n<p style=\"padding-left: 40px\"><strong>-Superficie:<\/strong> due strati di carbonio 12K che ammorbidiscono il tocco e ottimizzano la resa della palla.<\/p>\n<p style=\"padding-left: 40px\"><strong>-Telaio:<\/strong> carbonio 3K che massimizza fermezza e resistenza.<\/p>\n<p style=\"padding-left: 40px\"><strong>-Racing Tech Roughness:<\/strong> aerei che consentono pi\u00f9 rotazione alla palla.<\/p>\n<p style=\"padding-left: 40px\"><strong>-Noene Inside Technology:<\/strong> Applicato al pugno, assorbe l&#8217;energia delle vibrazioni.<\/p>\n<p style=\"padding-left: 40px\"><strong>-Profilo:<\/strong> 38 mm con Airflow Design per colpi pi\u00f9 potenti e veloci.<\/p>\n<p style=\"padding-left: 40px\"><strong>-Hepta Bridge:<\/strong> nel cuore della pala, fornisce fermezza, manovrabilit\u00e0 e assorbimento delle vibrazioni.<\/p>\n<p style=\"padding-left: 40px\"><strong>-Peso:<\/strong> Tra 350 e 380 grammi.<\/p>\n<p style=\"padding-left: 40px\"><strong>-Include:<\/strong> sacca da palestra sostenibile e corda regolabile.<\/p>\n<h3>Migliora il tuo gioco<\/h3>\n<p>Ottieni StarVie Drax Pro Touch 2025 su Revolution Padel Store. Con il suo design a goccia e lo sweet spot rialzato, questa racchetta consentir\u00e0 ai giocatori avanzati di colpire la palla con maggiore versatilit\u00e0, comfort e effetti. Migliora le tue prestazioni in campo con questa racchetta della gamma Premium.<\/p>\n<h3>StarVie Drax Pro Touch 2025: Estabilidad y Versatilidad<\/h3>\n","protected":false},"excerpt":{"rendered":"<p>Racchetta StarVie Drax Pro Touch 2025 a goccia e ad alto equilibrio, progettata per i giocatori avanzati che amano sia l&#8217;attacco che la difesa. Aerei in carbonio grezzo 12K.<\/p>\n","protected":false},"featured_media":98930,"comment_status":"open","ping_status":"closed","template":"","meta":{"_acf_changed":false,"_joinchat":[]},"acabado":[1091],"balance":[1136],"dureza":[1156],"forma":[1186],"jugador":[1201,1191],"marca":[1291],"nivel-de-juego":[1336],"superficie":[1361],"tipo-de-juego":[1386],"product_brand":[],"product_cat":[301],"product_tag":[],"class_list":{"0":"post-99076","1":"product","2":"type-product","3":"status-publish","4":"has-post-thumbnail","6":"acabado-relieve-3d-it","7":"balance-alto-it","8":"dureza-media-it","9":"forma-lagrima-it","10":"jugador-multiuso","11":"jugador-uomo","12":"marca-starvie-it","13":"superficie-rugosa-it","14":"tipo-de-juego-multiuso","15":"product_cat-palas-de-padel-it","17":"first","18":"instock","19":"sale","20":"taxable","21":"shipping-taxable","22":"purchasable","23":"product-type-simple"},"acf":[],"yoast_head":"<!-- This site is optimized with the Yoast SEO plugin v27.4 - https:\/\/yoast.com\/product\/yoast-seo-wordpress\/ -->\n<title>STARVIE DRAX PRO TOUCH 2025 - Revolution Padel Store<\/title>\n<meta name=\"description\" content=\"Enfocada en un juego tanto de control como de ataque, la pala Drax Pro Touch 2025, de la gama Premium de StarVie, garantiza un equilibrio perfecto entre potencia y precisi\u00f3n para una excelente adaptaci\u00f3n a cualquier situaci\u00f3n que se te presente en la pista.\" \/>\n<meta name=\"robots\" content=\"index, follow, max-snippet:-1, max-image-preview:large, max-video-preview:-1\" \/>\n<link rel=\"canonical\" href=\"https:\/\/revolutionpadelstore.com\/it\/prodotto\/starvie-drax-pro-touch-2025\/\" \/>\n<meta property=\"og:locale\" content=\"it_IT\" \/>\n<meta property=\"og:type\" content=\"article\" \/>\n<meta property=\"og:title\" content=\"STARVIE DRAX PRO TOUCH 2025 - Revolution Padel Store\" \/>\n<meta property=\"og:description\" content=\"Enfocada en un juego tanto de control como de ataque, la pala Drax Pro Touch 2025, de la gama Premium de StarVie, garantiza un equilibrio perfecto entre potencia y precisi\u00f3n para una excelente adaptaci\u00f3n a cualquier situaci\u00f3n que se te presente en la pista.\" \/>\n<meta property=\"og:url\" content=\"https:\/\/revolutionpadelstore.com\/it\/prodotto\/starvie-drax-pro-touch-2025\/\" \/>\n<meta property=\"og:site_name\" content=\"Revolution Padel Store\" \/>\n<meta property=\"article:modified_time\" content=\"2026-04-08T08:26:08+00:00\" \/>\n<meta property=\"og:image\" content=\"https:\/\/revolutionpadelstore.com\/wp-content\/uploads\/2024\/10\/114817_pala_starvie_drax_pro_touch_pstdv21000_1500x1500_1_96f5.webp\" \/>\n\t<meta property=\"og:image:width\" content=\"1500\" \/>\n\t<meta property=\"og:image:height\" content=\"1500\" \/>\n\t<meta property=\"og:image:type\" content=\"image\/webp\" \/>\n<meta name=\"twitter:card\" content=\"summary_large_image\" \/>\n<meta name=\"twitter:label1\" content=\"Tempo di lettura stimato\" \/>\n\t<meta name=\"twitter:data1\" content=\"2 minuti\" \/>\n<script type=\"application\/ld+json\" class=\"yoast-schema-graph\">{\"@context\":\"https:\\\/\\\/schema.org\",\"@graph\":[{\"@type\":\"WebPage\",\"@id\":\"https:\\\/\\\/revolutionpadelstore.com\\\/it\\\/prodotto\\\/starvie-drax-pro-touch-2025\\\/\",\"url\":\"https:\\\/\\\/revolutionpadelstore.com\\\/it\\\/prodotto\\\/starvie-drax-pro-touch-2025\\\/\",\"name\":\"STARVIE DRAX PRO TOUCH 2025 - Revolution Padel Store\",\"isPartOf\":{\"@id\":\"https:\\\/\\\/revolutionpadelstore.com\\\/it\\\/#website\"},\"primaryImageOfPage\":{\"@id\":\"https:\\\/\\\/revolutionpadelstore.com\\\/it\\\/prodotto\\\/starvie-drax-pro-touch-2025\\\/#primaryimage\"},\"image\":{\"@id\":\"https:\\\/\\\/revolutionpadelstore.com\\\/it\\\/prodotto\\\/starvie-drax-pro-touch-2025\\\/#primaryimage\"},\"thumbnailUrl\":\"https:\\\/\\\/revolutionpadelstore.com\\\/wp-content\\\/uploads\\\/2024\\\/10\\\/114817_pala_starvie_drax_pro_touch_pstdv21000_1500x1500_1_96f5.webp\",\"datePublished\":\"2024-10-13T08:03:58+00:00\",\"dateModified\":\"2026-04-08T08:26:08+00:00\",\"description\":\"Enfocada en un juego tanto de control como de ataque, la pala Drax Pro Touch 2025, de la gama Premium de StarVie, garantiza un equilibrio perfecto entre potencia y precisi\u00f3n para una excelente adaptaci\u00f3n a cualquier situaci\u00f3n que se te presente en la pista.\",\"breadcrumb\":{\"@id\":\"https:\\\/\\\/revolutionpadelstore.com\\\/it\\\/prodotto\\\/starvie-drax-pro-touch-2025\\\/#breadcrumb\"},\"inLanguage\":\"it-IT\",\"potentialAction\":[{\"@type\":\"ReadAction\",\"target\":[\"https:\\\/\\\/revolutionpadelstore.com\\\/it\\\/prodotto\\\/starvie-drax-pro-touch-2025\\\/\"]}]},{\"@type\":\"ImageObject\",\"inLanguage\":\"it-IT\",\"@id\":\"https:\\\/\\\/revolutionpadelstore.com\\\/it\\\/prodotto\\\/starvie-drax-pro-touch-2025\\\/#primaryimage\",\"url\":\"https:\\\/\\\/revolutionpadelstore.com\\\/wp-content\\\/uploads\\\/2024\\\/10\\\/114817_pala_starvie_drax_pro_touch_pstdv21000_1500x1500_1_96f5.webp\",\"contentUrl\":\"https:\\\/\\\/revolutionpadelstore.com\\\/wp-content\\\/uploads\\\/2024\\\/10\\\/114817_pala_starvie_drax_pro_touch_pstdv21000_1500x1500_1_96f5.webp\",\"width\":1500,\"height\":1500},{\"@type\":\"BreadcrumbList\",\"@id\":\"https:\\\/\\\/revolutionpadelstore.com\\\/it\\\/prodotto\\\/starvie-drax-pro-touch-2025\\\/#breadcrumb\",\"itemListElement\":[{\"@type\":\"ListItem\",\"position\":1,\"name\":\"Portada\",\"item\":\"https:\\\/\\\/revolutionpadelstore.com\\\/it\\\/\"},{\"@type\":\"ListItem\",\"position\":2,\"name\":\"Tienda\",\"item\":\"https:\\\/\\\/revolutionpadelstore.com\\\/it\\\/tienda\\\/\"},{\"@type\":\"ListItem\",\"position\":3,\"name\":\"STARVIE DRAX PRO TOUCH 2025\"}]},{\"@type\":\"WebSite\",\"@id\":\"https:\\\/\\\/revolutionpadelstore.com\\\/it\\\/#website\",\"url\":\"https:\\\/\\\/revolutionpadelstore.com\\\/it\\\/\",\"name\":\"Revolution Padel Store\",\"description\":\"\",\"publisher\":{\"@id\":\"https:\\\/\\\/revolutionpadelstore.com\\\/it\\\/#organization\"},\"potentialAction\":[{\"@type\":\"SearchAction\",\"target\":{\"@type\":\"EntryPoint\",\"urlTemplate\":\"https:\\\/\\\/revolutionpadelstore.com\\\/it\\\/?s={search_term_string}\"},\"query-input\":{\"@type\":\"PropertyValueSpecification\",\"valueRequired\":true,\"valueName\":\"search_term_string\"}}],\"inLanguage\":\"it-IT\"},{\"@type\":\"Organization\",\"@id\":\"https:\\\/\\\/revolutionpadelstore.com\\\/it\\\/#organization\",\"name\":\"Revolution Padel Store\",\"url\":\"https:\\\/\\\/revolutionpadelstore.com\\\/it\\\/\",\"logo\":{\"@type\":\"ImageObject\",\"inLanguage\":\"it-IT\",\"@id\":\"https:\\\/\\\/revolutionpadelstore.com\\\/it\\\/#\\\/schema\\\/logo\\\/image\\\/\",\"url\":\"https:\\\/\\\/revolutionpadelstore.com\\\/wp-content\\\/uploads\\\/2026\\\/02\\\/revolution-padel-store.jpg\",\"contentUrl\":\"https:\\\/\\\/revolutionpadelstore.com\\\/wp-content\\\/uploads\\\/2026\\\/02\\\/revolution-padel-store.jpg\",\"width\":2000,\"height\":2000,\"caption\":\"Revolution Padel Store\"},\"image\":{\"@id\":\"https:\\\/\\\/revolutionpadelstore.com\\\/it\\\/#\\\/schema\\\/logo\\\/image\\\/\"},\"sameAs\":[\"https:\\\/\\\/www.instagram.com\\\/revolutionpadelstore\\\/\"]}]}<\/script>\n<!-- \/ Yoast SEO plugin. -->","yoast_head_json":{"title":"STARVIE DRAX PRO TOUCH 2025 - Revolution Padel Store","description":"Enfocada en un juego tanto de control como de ataque, la pala Drax Pro Touch 2025, de la gama Premium de StarVie, garantiza un equilibrio perfecto entre potencia y precisi\u00f3n para una excelente adaptaci\u00f3n a cualquier situaci\u00f3n que se te presente en la pista.","robots":{"index":"index","follow":"follow","max-snippet":"max-snippet:-1","max-image-preview":"max-image-preview:large","max-video-preview":"max-video-preview:-1"},"canonical":"https:\/\/revolutionpadelstore.com\/it\/prodotto\/starvie-drax-pro-touch-2025\/","og_locale":"it_IT","og_type":"article","og_title":"STARVIE DRAX PRO TOUCH 2025 - Revolution Padel Store","og_description":"Enfocada en un juego tanto de control como de ataque, la pala Drax Pro Touch 2025, de la gama Premium de StarVie, garantiza un equilibrio perfecto entre potencia y precisi\u00f3n para una excelente adaptaci\u00f3n a cualquier situaci\u00f3n que se te presente en la pista.","og_url":"https:\/\/revolutionpadelstore.com\/it\/prodotto\/starvie-drax-pro-touch-2025\/","og_site_name":"Revolution Padel Store","article_modified_time":"2026-04-08T08:26:08+00:00","og_image":[{"width":1500,"height":1500,"url":"https:\/\/revolutionpadelstore.com\/wp-content\/uploads\/2024\/10\/114817_pala_starvie_drax_pro_touch_pstdv21000_1500x1500_1_96f5.webp","type":"image\/webp"}],"twitter_card":"summary_large_image","twitter_misc":{"Tempo di lettura stimato":"2 minuti"},"schema":{"@context":"https:\/\/schema.org","@graph":[{"@type":"WebPage","@id":"https:\/\/revolutionpadelstore.com\/it\/prodotto\/starvie-drax-pro-touch-2025\/","url":"https:\/\/revolutionpadelstore.com\/it\/prodotto\/starvie-drax-pro-touch-2025\/","name":"STARVIE DRAX PRO TOUCH 2025 - Revolution Padel Store","isPartOf":{"@id":"https:\/\/revolutionpadelstore.com\/it\/#website"},"primaryImageOfPage":{"@id":"https:\/\/revolutionpadelstore.com\/it\/prodotto\/starvie-drax-pro-touch-2025\/#primaryimage"},"image":{"@id":"https:\/\/revolutionpadelstore.com\/it\/prodotto\/starvie-drax-pro-touch-2025\/#primaryimage"},"thumbnailUrl":"https:\/\/revolutionpadelstore.com\/wp-content\/uploads\/2024\/10\/114817_pala_starvie_drax_pro_touch_pstdv21000_1500x1500_1_96f5.webp","datePublished":"2024-10-13T08:03:58+00:00","dateModified":"2026-04-08T08:26:08+00:00","description":"Enfocada en un juego tanto de control como de ataque, la pala Drax Pro Touch 2025, de la gama Premium de StarVie, garantiza un equilibrio perfecto entre potencia y precisi\u00f3n para una excelente adaptaci\u00f3n a cualquier situaci\u00f3n que se te presente en la pista.","breadcrumb":{"@id":"https:\/\/revolutionpadelstore.com\/it\/prodotto\/starvie-drax-pro-touch-2025\/#breadcrumb"},"inLanguage":"it-IT","potentialAction":[{"@type":"ReadAction","target":["https:\/\/revolutionpadelstore.com\/it\/prodotto\/starvie-drax-pro-touch-2025\/"]}]},{"@type":"ImageObject","inLanguage":"it-IT","@id":"https:\/\/revolutionpadelstore.com\/it\/prodotto\/starvie-drax-pro-touch-2025\/#primaryimage","url":"https:\/\/revolutionpadelstore.com\/wp-content\/uploads\/2024\/10\/114817_pala_starvie_drax_pro_touch_pstdv21000_1500x1500_1_96f5.webp","contentUrl":"https:\/\/revolutionpadelstore.com\/wp-content\/uploads\/2024\/10\/114817_pala_starvie_drax_pro_touch_pstdv21000_1500x1500_1_96f5.webp","width":1500,"height":1500},{"@type":"BreadcrumbList","@id":"https:\/\/revolutionpadelstore.com\/it\/prodotto\/starvie-drax-pro-touch-2025\/#breadcrumb","itemListElement":[{"@type":"ListItem","position":1,"name":"Portada","item":"https:\/\/revolutionpadelstore.com\/it\/"},{"@type":"ListItem","position":2,"name":"Tienda","item":"https:\/\/revolutionpadelstore.com\/it\/tienda\/"},{"@type":"ListItem","position":3,"name":"STARVIE DRAX PRO TOUCH 2025"}]},{"@type":"WebSite","@id":"https:\/\/revolutionpadelstore.com\/it\/#website","url":"https:\/\/revolutionpadelstore.com\/it\/","name":"Revolution Padel Store","description":"","publisher":{"@id":"https:\/\/revolutionpadelstore.com\/it\/#organization"},"potentialAction":[{"@type":"SearchAction","target":{"@type":"EntryPoint","urlTemplate":"https:\/\/revolutionpadelstore.com\/it\/?s={search_term_string}"},"query-input":{"@type":"PropertyValueSpecification","valueRequired":true,"valueName":"search_term_string"}}],"inLanguage":"it-IT"},{"@type":"Organization","@id":"https:\/\/revolutionpadelstore.com\/it\/#organization","name":"Revolution Padel Store","url":"https:\/\/revolutionpadelstore.com\/it\/","logo":{"@type":"ImageObject","inLanguage":"it-IT","@id":"https:\/\/revolutionpadelstore.com\/it\/#\/schema\/logo\/image\/","url":"https:\/\/revolutionpadelstore.com\/wp-content\/uploads\/2026\/02\/revolution-padel-store.jpg","contentUrl":"https:\/\/revolutionpadelstore.com\/wp-content\/uploads\/2026\/02\/revolution-padel-store.jpg","width":2000,"height":2000,"caption":"Revolution Padel Store"},"image":{"@id":"https:\/\/revolutionpadelstore.com\/it\/#\/schema\/logo\/image\/"},"sameAs":["https:\/\/www.instagram.com\/revolutionpadelstore\/"]}]}},"_links":{"self":[{"href":"https:\/\/revolutionpadelstore.com\/it\/wp-json\/wp\/v2\/product\/99076","targetHints":{"allow":["GET"]}}],"collection":[{"href":"https:\/\/revolutionpadelstore.com\/it\/wp-json\/wp\/v2\/product"}],"about":[{"href":"https:\/\/revolutionpadelstore.com\/it\/wp-json\/wp\/v2\/types\/product"}],"replies":[{"embeddable":true,"href":"https:\/\/revolutionpadelstore.com\/it\/wp-json\/wp\/v2\/comments?post=99076"}],"wp:featuredmedia":[{"embeddable":true,"href":"https:\/\/revolutionpadelstore.com\/it\/wp-json\/wp\/v2\/media\/98930"}],"wp:attachment":[{"href":"https:\/\/revolutionpadelstore.com\/it\/wp-json\/wp\/v2\/media?parent=99076"}],"wp:term":[{"taxonomy":"acabado","embeddable":true,"href":"https:\/\/revolutionpadelstore.com\/it\/wp-json\/wp\/v2\/acabado?post=99076"},{"taxonomy":"balance","embeddable":true,"href":"https:\/\/revolutionpadelstore.com\/it\/wp-json\/wp\/v2\/balance?post=99076"},{"taxonomy":"dureza","embeddable":true,"href":"https:\/\/revolutionpadelstore.com\/it\/wp-json\/wp\/v2\/dureza?post=99076"},{"taxonomy":"forma","embeddable":true,"href":"https:\/\/revolutionpadelstore.com\/it\/wp-json\/wp\/v2\/forma?post=99076"},{"taxonomy":"jugador","embeddable":true,"href":"https:\/\/revolutionpadelstore.com\/it\/wp-json\/wp\/v2\/jugador?post=99076"},{"taxonomy":"marca","embeddable":true,"href":"https:\/\/revolutionpadelstore.com\/it\/wp-json\/wp\/v2\/marca?post=99076"},{"taxonomy":"nivel-de-juego","embeddable":true,"href":"https:\/\/revolutionpadelstore.com\/it\/wp-json\/wp\/v2\/nivel-de-juego?post=99076"},{"taxonomy":"superficie","embeddable":true,"href":"https:\/\/revolutionpadelstore.com\/it\/wp-json\/wp\/v2\/superficie?post=99076"},{"taxonomy":"tipo-de-juego","embeddable":true,"href":"https:\/\/revolutionpadelstore.com\/it\/wp-json\/wp\/v2\/tipo-de-juego?post=99076"},{"taxonomy":"product_brand","embeddable":true,"href":"https:\/\/revolutionpadelstore.com\/it\/wp-json\/wp\/v2\/product_brand?post=99076"},{"taxonomy":"product_cat","embeddable":true,"href":"https:\/\/revolutionpadelstore.com\/it\/wp-json\/wp\/v2\/product_cat?post=99076"},{"taxonomy":"product_tag","embeddable":true,"href":"https:\/\/revolutionpadelstore.com\/it\/wp-json\/wp\/v2\/product_tag?post=99076"}],"curies":[{"name":"wp","href":"https:\/\/api.w.org\/{rel}","templated":true}]}}