{"id":99071,"date":"2024-10-13T10:14:37","date_gmt":"2024-10-13T08:14:37","guid":{"rendered":"https:\/\/revolutionpadelstore.com\/starvie-metheora-dual-2025\/"},"modified":"2026-04-08T10:25:35","modified_gmt":"2026-04-08T08:25:35","slug":"starvie-metheora-dual-2025-4","status":"publish","type":"product","link":"https:\/\/revolutionpadelstore.com\/it\/prodotto\/starvie-metheora-dual-2025-4\/","title":{"rendered":"STARVIE METHEORA DUAL 2025"},"content":{"rendered":"<div class=\"flex-shrink-0 flex flex-col relativi elementi-end\">\n<div>\n<div class=\"pt-0\">\n<div class=\"gizmo-bot-avatar flex h-8 w-8 elementi-centro giustifica-centro overflow-nascosto arrotondato-completo\"><\/div>\n<\/div>\n<\/div>\n<\/div>\n<div class=\"gruppo\/conversazione-turno relativo flex w-full min-w-0 flex-col agente-turno\">\n<div class=\"flex-col gap-1 md:gap-3\">\n<div class=\"flex max-w-full flex-col flex-grow\">\n<div class=\"min-h-8 messaggio di testo flex w-full flex-col elementi-end gap-2 spazi bianchi-normale parole di interruzione [.text-message+&amp;]:mt-5\" dir=\"auto\" data-message-author-role=\"assistente\" data-message-id=\"51099bfa-bcfd-4e2d-875d-e80a908e766d\" data-message-model-slug=\"gpt-4o-mini\">\n<div class=\"flex w-full flex-col gap-1 vuoto:hidden first:pt-[3px]\">\n<div class=\"markdown prose w-full break-words dark:prose-invert dark\">\n<h1>StarVie Metheora Dual 2025<\/h1>\n<p>La StarVie Metheora Dual 2025 \u00e8 una racchetta rotonda della gamma Universe, progettata per soddisfare le esigenze dei giocatori pi\u00f9 avanzati. La sua fusione di tecnologie all&#8217;avanguardia e materiali di alta qualit\u00e0 offre un&#8217;esperienza di gioco eccezionale. La composizione del carbonio 3K, sia nel flat che nel tubolare, garantisce grande resistenza, mentre la sua gomma a doppia densit\u00e0 offre una versatilit\u00e0 unica ad ogni colpo.<\/p>\n<p><strong>Ideale per giocatori avanzati<\/strong><\/p>\n<p>Questa racchetta \u00e8 perfetta per i giocatori di livello avanzato che cercano prestazioni equilibrate in campo. Grazie alla sua gomma Dual Density, la Metheora Dual si adatta sia ai colpi lenti, garantendo comfort, sia ai colpi veloci, garantendo esplosivit\u00e0. Questo lo rende uno strumento ideale per chi ha bisogno di equilibrio tra controllo e potenza, capace di adattarsi ad ogni situazione di gioco.<\/p>\n<p><strong>Funzionalit\u00e0 e tecnologie<\/strong><\/p>\n<p style=\"padding-left: 40px\"><strong>-Corpo:<\/strong> rotondo, con uno sweet spot centrato per colpire pi\u00f9 facilmente.<\/p>\n<p style=\"padding-left: 40px\"><strong>-Flat:<\/strong> Realizzato in carbonio 3K, che garantisce durata e stabilit\u00e0.<\/p>\n<p style=\"padding-left: 40px\"><strong>-Gomma:<\/strong> EVA Dual Density, che combina strati di diverse densit\u00e0 per una migliore adattabilit\u00e0.<\/p>\n<p style=\"padding-left: 40px\"><strong>-Roughness:<\/strong> effetto piano completo, ideale per generare pi\u00f9 rotazione sui colpi.<\/p>\n<p style=\"padding-left: 40px\"><strong>-Star Balance System:<\/strong> offre un bilanciamento del peso ottimale per una maneggevolezza pi\u00f9 confortevole.<\/p>\n<p style=\"padding-left: 40px\"><strong>-Noene Inside:<\/strong> assorbe fino al 96% delle vibrazioni, proteggendo il braccio del giocatore.<\/p>\n<p style=\"padding-left: 40px\"><strong>-Produzione:<\/strong> prodotto spagnolo al 100%.<\/p>\n<p><strong>Prestazioni eccezionali<\/strong><\/p>\n<p>La StarVie Metheora Dual 2025 \u00e8 la scelta perfetta per i giocatori avanzati che cercano una racchetta completa e adattabile. Con il suo design robusto e la combinazione di tecnologie, \u00e8 un investimento sicuro per chi vuole dominare il campo con controllo e potenza.<\/p>\n<\/div>\n<\/div>\n<\/div>\n<\/div>\n<\/div>\n<\/div>\n","protected":false},"excerpt":{"rendered":"<p>La StarVie Metheora Dual 2025 offre adattabilit\u00e0 con la sua gomma Dual Density, controllo, potenza e comfort, ideale per i giocatori avanzati che cercano prestazioni superiori in tutte le fasi del gioco.<\/p>\n","protected":false},"featured_media":98973,"comment_status":"open","ping_status":"closed","template":"","meta":{"_acf_changed":false,"_joinchat":[]},"acabado":[1091],"balance":[1146],"dureza":[1156],"forma":[1181],"jugador":[1201,1191],"marca":[1291],"nivel-de-juego":[1336],"superficie":[1361],"tipo-de-juego":[1371],"product_brand":[],"product_cat":[301],"product_tag":[],"class_list":{"0":"post-99071","1":"product","2":"type-product","3":"status-publish","4":"has-post-thumbnail","6":"acabado-relieve-3d-it","7":"balance-basso","8":"dureza-media-it","9":"forma-rotondo","10":"jugador-multiuso","11":"jugador-uomo","12":"marca-starvie-it","13":"superficie-rugosa-it","14":"tipo-de-juego-controllo","15":"product_cat-palas-de-padel-it","17":"first","18":"instock","19":"sale","20":"taxable","21":"shipping-taxable","22":"purchasable","23":"product-type-simple"},"acf":[],"yoast_head":"<!-- This site is optimized with the Yoast SEO plugin v27.4 - https:\/\/yoast.com\/product\/yoast-seo-wordpress\/ -->\n<title>STARVIE METHEORA DUAL 2025 - Revolution Padel Store<\/title>\n<meta name=\"description\" content=\"La StarVie Metheora Dual 2025 es una pala de p\u00e1del redonda de la gama Universe, dise\u00f1ada para satisfacer las demandas de los jugadores m\u00e1s exigentes y avanzados. Esta pala combina tecnolog\u00edas de vanguardia y materiales de alta calidad que ofrecen una experiencia de juego superior. Su composici\u00f3n en carbono 3K tanto en el plano como en el tubular garantiza una gran resistencia, mientras que su goma Dual Density proporciona una versatilidad \u00fanica en cada golpe.\" \/>\n<meta name=\"robots\" content=\"index, follow, max-snippet:-1, max-image-preview:large, max-video-preview:-1\" \/>\n<link rel=\"canonical\" href=\"https:\/\/revolutionpadelstore.com\/it\/prodotto\/starvie-metheora-dual-2025-4\/\" \/>\n<meta property=\"og:locale\" content=\"it_IT\" \/>\n<meta property=\"og:type\" content=\"article\" \/>\n<meta property=\"og:title\" content=\"STARVIE METHEORA DUAL 2025 - Revolution Padel Store\" \/>\n<meta property=\"og:description\" content=\"La StarVie Metheora Dual 2025 es una pala de p\u00e1del redonda de la gama Universe, dise\u00f1ada para satisfacer las demandas de los jugadores m\u00e1s exigentes y avanzados. Esta pala combina tecnolog\u00edas de vanguardia y materiales de alta calidad que ofrecen una experiencia de juego superior. Su composici\u00f3n en carbono 3K tanto en el plano como en el tubular garantiza una gran resistencia, mientras que su goma Dual Density proporciona una versatilidad \u00fanica en cada golpe.\" \/>\n<meta property=\"og:url\" content=\"https:\/\/revolutionpadelstore.com\/it\/prodotto\/starvie-metheora-dual-2025-4\/\" \/>\n<meta property=\"og:site_name\" content=\"Revolution Padel Store\" \/>\n<meta property=\"article:modified_time\" content=\"2026-04-08T08:25:35+00:00\" \/>\n<meta property=\"og:image\" content=\"https:\/\/revolutionpadelstore.com\/wp-content\/uploads\/2024\/10\/114822_pala_starvie_metheora_dual_pstmd21000_1500x1500_1_6cc7.webp\" \/>\n\t<meta property=\"og:image:width\" content=\"1500\" \/>\n\t<meta property=\"og:image:height\" content=\"1500\" \/>\n\t<meta property=\"og:image:type\" content=\"image\/webp\" \/>\n<meta name=\"twitter:card\" content=\"summary_large_image\" \/>\n<meta name=\"twitter:label1\" content=\"Tempo di lettura stimato\" \/>\n\t<meta name=\"twitter:data1\" content=\"2 minuti\" \/>\n<script type=\"application\/ld+json\" class=\"yoast-schema-graph\">{\"@context\":\"https:\\\/\\\/schema.org\",\"@graph\":[{\"@type\":\"WebPage\",\"@id\":\"https:\\\/\\\/revolutionpadelstore.com\\\/it\\\/prodotto\\\/starvie-metheora-dual-2025-4\\\/\",\"url\":\"https:\\\/\\\/revolutionpadelstore.com\\\/it\\\/prodotto\\\/starvie-metheora-dual-2025-4\\\/\",\"name\":\"STARVIE METHEORA DUAL 2025 - Revolution Padel Store\",\"isPartOf\":{\"@id\":\"https:\\\/\\\/revolutionpadelstore.com\\\/it\\\/#website\"},\"primaryImageOfPage\":{\"@id\":\"https:\\\/\\\/revolutionpadelstore.com\\\/it\\\/prodotto\\\/starvie-metheora-dual-2025-4\\\/#primaryimage\"},\"image\":{\"@id\":\"https:\\\/\\\/revolutionpadelstore.com\\\/it\\\/prodotto\\\/starvie-metheora-dual-2025-4\\\/#primaryimage\"},\"thumbnailUrl\":\"https:\\\/\\\/revolutionpadelstore.com\\\/wp-content\\\/uploads\\\/2024\\\/10\\\/114822_pala_starvie_metheora_dual_pstmd21000_1500x1500_1_6cc7.webp\",\"datePublished\":\"2024-10-13T08:14:37+00:00\",\"dateModified\":\"2026-04-08T08:25:35+00:00\",\"description\":\"La StarVie Metheora Dual 2025 es una pala de p\u00e1del redonda de la gama Universe, dise\u00f1ada para satisfacer las demandas de los jugadores m\u00e1s exigentes y avanzados. Esta pala combina tecnolog\u00edas de vanguardia y materiales de alta calidad que ofrecen una experiencia de juego superior. Su composici\u00f3n en carbono 3K tanto en el plano como en el tubular garantiza una gran resistencia, mientras que su goma Dual Density proporciona una versatilidad \u00fanica en cada golpe.\",\"breadcrumb\":{\"@id\":\"https:\\\/\\\/revolutionpadelstore.com\\\/it\\\/prodotto\\\/starvie-metheora-dual-2025-4\\\/#breadcrumb\"},\"inLanguage\":\"it-IT\",\"potentialAction\":[{\"@type\":\"ReadAction\",\"target\":[\"https:\\\/\\\/revolutionpadelstore.com\\\/it\\\/prodotto\\\/starvie-metheora-dual-2025-4\\\/\"]}]},{\"@type\":\"ImageObject\",\"inLanguage\":\"it-IT\",\"@id\":\"https:\\\/\\\/revolutionpadelstore.com\\\/it\\\/prodotto\\\/starvie-metheora-dual-2025-4\\\/#primaryimage\",\"url\":\"https:\\\/\\\/revolutionpadelstore.com\\\/wp-content\\\/uploads\\\/2024\\\/10\\\/114822_pala_starvie_metheora_dual_pstmd21000_1500x1500_1_6cc7.webp\",\"contentUrl\":\"https:\\\/\\\/revolutionpadelstore.com\\\/wp-content\\\/uploads\\\/2024\\\/10\\\/114822_pala_starvie_metheora_dual_pstmd21000_1500x1500_1_6cc7.webp\",\"width\":1500,\"height\":1500},{\"@type\":\"BreadcrumbList\",\"@id\":\"https:\\\/\\\/revolutionpadelstore.com\\\/it\\\/prodotto\\\/starvie-metheora-dual-2025-4\\\/#breadcrumb\",\"itemListElement\":[{\"@type\":\"ListItem\",\"position\":1,\"name\":\"Portada\",\"item\":\"https:\\\/\\\/revolutionpadelstore.com\\\/it\\\/\"},{\"@type\":\"ListItem\",\"position\":2,\"name\":\"Tienda\",\"item\":\"https:\\\/\\\/revolutionpadelstore.com\\\/it\\\/tienda\\\/\"},{\"@type\":\"ListItem\",\"position\":3,\"name\":\"STARVIE METHEORA DUAL 2025\"}]},{\"@type\":\"WebSite\",\"@id\":\"https:\\\/\\\/revolutionpadelstore.com\\\/it\\\/#website\",\"url\":\"https:\\\/\\\/revolutionpadelstore.com\\\/it\\\/\",\"name\":\"Revolution Padel Store\",\"description\":\"\",\"publisher\":{\"@id\":\"https:\\\/\\\/revolutionpadelstore.com\\\/it\\\/#organization\"},\"potentialAction\":[{\"@type\":\"SearchAction\",\"target\":{\"@type\":\"EntryPoint\",\"urlTemplate\":\"https:\\\/\\\/revolutionpadelstore.com\\\/it\\\/?s={search_term_string}\"},\"query-input\":{\"@type\":\"PropertyValueSpecification\",\"valueRequired\":true,\"valueName\":\"search_term_string\"}}],\"inLanguage\":\"it-IT\"},{\"@type\":\"Organization\",\"@id\":\"https:\\\/\\\/revolutionpadelstore.com\\\/it\\\/#organization\",\"name\":\"Revolution Padel Store\",\"url\":\"https:\\\/\\\/revolutionpadelstore.com\\\/it\\\/\",\"logo\":{\"@type\":\"ImageObject\",\"inLanguage\":\"it-IT\",\"@id\":\"https:\\\/\\\/revolutionpadelstore.com\\\/it\\\/#\\\/schema\\\/logo\\\/image\\\/\",\"url\":\"https:\\\/\\\/revolutionpadelstore.com\\\/wp-content\\\/uploads\\\/2026\\\/02\\\/revolution-padel-store.jpg\",\"contentUrl\":\"https:\\\/\\\/revolutionpadelstore.com\\\/wp-content\\\/uploads\\\/2026\\\/02\\\/revolution-padel-store.jpg\",\"width\":2000,\"height\":2000,\"caption\":\"Revolution Padel Store\"},\"image\":{\"@id\":\"https:\\\/\\\/revolutionpadelstore.com\\\/it\\\/#\\\/schema\\\/logo\\\/image\\\/\"},\"sameAs\":[\"https:\\\/\\\/www.instagram.com\\\/revolutionpadelstore\\\/\"]}]}<\/script>\n<!-- \/ Yoast SEO plugin. -->","yoast_head_json":{"title":"STARVIE METHEORA DUAL 2025 - Revolution Padel Store","description":"La StarVie Metheora Dual 2025 es una pala de p\u00e1del redonda de la gama Universe, dise\u00f1ada para satisfacer las demandas de los jugadores m\u00e1s exigentes y avanzados. Esta pala combina tecnolog\u00edas de vanguardia y materiales de alta calidad que ofrecen una experiencia de juego superior. Su composici\u00f3n en carbono 3K tanto en el plano como en el tubular garantiza una gran resistencia, mientras que su goma Dual Density proporciona una versatilidad \u00fanica en cada golpe.","robots":{"index":"index","follow":"follow","max-snippet":"max-snippet:-1","max-image-preview":"max-image-preview:large","max-video-preview":"max-video-preview:-1"},"canonical":"https:\/\/revolutionpadelstore.com\/it\/prodotto\/starvie-metheora-dual-2025-4\/","og_locale":"it_IT","og_type":"article","og_title":"STARVIE METHEORA DUAL 2025 - Revolution Padel Store","og_description":"La StarVie Metheora Dual 2025 es una pala de p\u00e1del redonda de la gama Universe, dise\u00f1ada para satisfacer las demandas de los jugadores m\u00e1s exigentes y avanzados. Esta pala combina tecnolog\u00edas de vanguardia y materiales de alta calidad que ofrecen una experiencia de juego superior. Su composici\u00f3n en carbono 3K tanto en el plano como en el tubular garantiza una gran resistencia, mientras que su goma Dual Density proporciona una versatilidad \u00fanica en cada golpe.","og_url":"https:\/\/revolutionpadelstore.com\/it\/prodotto\/starvie-metheora-dual-2025-4\/","og_site_name":"Revolution Padel Store","article_modified_time":"2026-04-08T08:25:35+00:00","og_image":[{"width":1500,"height":1500,"url":"https:\/\/revolutionpadelstore.com\/wp-content\/uploads\/2024\/10\/114822_pala_starvie_metheora_dual_pstmd21000_1500x1500_1_6cc7.webp","type":"image\/webp"}],"twitter_card":"summary_large_image","twitter_misc":{"Tempo di lettura stimato":"2 minuti"},"schema":{"@context":"https:\/\/schema.org","@graph":[{"@type":"WebPage","@id":"https:\/\/revolutionpadelstore.com\/it\/prodotto\/starvie-metheora-dual-2025-4\/","url":"https:\/\/revolutionpadelstore.com\/it\/prodotto\/starvie-metheora-dual-2025-4\/","name":"STARVIE METHEORA DUAL 2025 - Revolution Padel Store","isPartOf":{"@id":"https:\/\/revolutionpadelstore.com\/it\/#website"},"primaryImageOfPage":{"@id":"https:\/\/revolutionpadelstore.com\/it\/prodotto\/starvie-metheora-dual-2025-4\/#primaryimage"},"image":{"@id":"https:\/\/revolutionpadelstore.com\/it\/prodotto\/starvie-metheora-dual-2025-4\/#primaryimage"},"thumbnailUrl":"https:\/\/revolutionpadelstore.com\/wp-content\/uploads\/2024\/10\/114822_pala_starvie_metheora_dual_pstmd21000_1500x1500_1_6cc7.webp","datePublished":"2024-10-13T08:14:37+00:00","dateModified":"2026-04-08T08:25:35+00:00","description":"La StarVie Metheora Dual 2025 es una pala de p\u00e1del redonda de la gama Universe, dise\u00f1ada para satisfacer las demandas de los jugadores m\u00e1s exigentes y avanzados. Esta pala combina tecnolog\u00edas de vanguardia y materiales de alta calidad que ofrecen una experiencia de juego superior. Su composici\u00f3n en carbono 3K tanto en el plano como en el tubular garantiza una gran resistencia, mientras que su goma Dual Density proporciona una versatilidad \u00fanica en cada golpe.","breadcrumb":{"@id":"https:\/\/revolutionpadelstore.com\/it\/prodotto\/starvie-metheora-dual-2025-4\/#breadcrumb"},"inLanguage":"it-IT","potentialAction":[{"@type":"ReadAction","target":["https:\/\/revolutionpadelstore.com\/it\/prodotto\/starvie-metheora-dual-2025-4\/"]}]},{"@type":"ImageObject","inLanguage":"it-IT","@id":"https:\/\/revolutionpadelstore.com\/it\/prodotto\/starvie-metheora-dual-2025-4\/#primaryimage","url":"https:\/\/revolutionpadelstore.com\/wp-content\/uploads\/2024\/10\/114822_pala_starvie_metheora_dual_pstmd21000_1500x1500_1_6cc7.webp","contentUrl":"https:\/\/revolutionpadelstore.com\/wp-content\/uploads\/2024\/10\/114822_pala_starvie_metheora_dual_pstmd21000_1500x1500_1_6cc7.webp","width":1500,"height":1500},{"@type":"BreadcrumbList","@id":"https:\/\/revolutionpadelstore.com\/it\/prodotto\/starvie-metheora-dual-2025-4\/#breadcrumb","itemListElement":[{"@type":"ListItem","position":1,"name":"Portada","item":"https:\/\/revolutionpadelstore.com\/it\/"},{"@type":"ListItem","position":2,"name":"Tienda","item":"https:\/\/revolutionpadelstore.com\/it\/tienda\/"},{"@type":"ListItem","position":3,"name":"STARVIE METHEORA DUAL 2025"}]},{"@type":"WebSite","@id":"https:\/\/revolutionpadelstore.com\/it\/#website","url":"https:\/\/revolutionpadelstore.com\/it\/","name":"Revolution Padel Store","description":"","publisher":{"@id":"https:\/\/revolutionpadelstore.com\/it\/#organization"},"potentialAction":[{"@type":"SearchAction","target":{"@type":"EntryPoint","urlTemplate":"https:\/\/revolutionpadelstore.com\/it\/?s={search_term_string}"},"query-input":{"@type":"PropertyValueSpecification","valueRequired":true,"valueName":"search_term_string"}}],"inLanguage":"it-IT"},{"@type":"Organization","@id":"https:\/\/revolutionpadelstore.com\/it\/#organization","name":"Revolution Padel Store","url":"https:\/\/revolutionpadelstore.com\/it\/","logo":{"@type":"ImageObject","inLanguage":"it-IT","@id":"https:\/\/revolutionpadelstore.com\/it\/#\/schema\/logo\/image\/","url":"https:\/\/revolutionpadelstore.com\/wp-content\/uploads\/2026\/02\/revolution-padel-store.jpg","contentUrl":"https:\/\/revolutionpadelstore.com\/wp-content\/uploads\/2026\/02\/revolution-padel-store.jpg","width":2000,"height":2000,"caption":"Revolution Padel Store"},"image":{"@id":"https:\/\/revolutionpadelstore.com\/it\/#\/schema\/logo\/image\/"},"sameAs":["https:\/\/www.instagram.com\/revolutionpadelstore\/"]}]}},"_links":{"self":[{"href":"https:\/\/revolutionpadelstore.com\/it\/wp-json\/wp\/v2\/product\/99071","targetHints":{"allow":["GET"]}}],"collection":[{"href":"https:\/\/revolutionpadelstore.com\/it\/wp-json\/wp\/v2\/product"}],"about":[{"href":"https:\/\/revolutionpadelstore.com\/it\/wp-json\/wp\/v2\/types\/product"}],"replies":[{"embeddable":true,"href":"https:\/\/revolutionpadelstore.com\/it\/wp-json\/wp\/v2\/comments?post=99071"}],"wp:featuredmedia":[{"embeddable":true,"href":"https:\/\/revolutionpadelstore.com\/it\/wp-json\/wp\/v2\/media\/98973"}],"wp:attachment":[{"href":"https:\/\/revolutionpadelstore.com\/it\/wp-json\/wp\/v2\/media?parent=99071"}],"wp:term":[{"taxonomy":"acabado","embeddable":true,"href":"https:\/\/revolutionpadelstore.com\/it\/wp-json\/wp\/v2\/acabado?post=99071"},{"taxonomy":"balance","embeddable":true,"href":"https:\/\/revolutionpadelstore.com\/it\/wp-json\/wp\/v2\/balance?post=99071"},{"taxonomy":"dureza","embeddable":true,"href":"https:\/\/revolutionpadelstore.com\/it\/wp-json\/wp\/v2\/dureza?post=99071"},{"taxonomy":"forma","embeddable":true,"href":"https:\/\/revolutionpadelstore.com\/it\/wp-json\/wp\/v2\/forma?post=99071"},{"taxonomy":"jugador","embeddable":true,"href":"https:\/\/revolutionpadelstore.com\/it\/wp-json\/wp\/v2\/jugador?post=99071"},{"taxonomy":"marca","embeddable":true,"href":"https:\/\/revolutionpadelstore.com\/it\/wp-json\/wp\/v2\/marca?post=99071"},{"taxonomy":"nivel-de-juego","embeddable":true,"href":"https:\/\/revolutionpadelstore.com\/it\/wp-json\/wp\/v2\/nivel-de-juego?post=99071"},{"taxonomy":"superficie","embeddable":true,"href":"https:\/\/revolutionpadelstore.com\/it\/wp-json\/wp\/v2\/superficie?post=99071"},{"taxonomy":"tipo-de-juego","embeddable":true,"href":"https:\/\/revolutionpadelstore.com\/it\/wp-json\/wp\/v2\/tipo-de-juego?post=99071"},{"taxonomy":"product_brand","embeddable":true,"href":"https:\/\/revolutionpadelstore.com\/it\/wp-json\/wp\/v2\/product_brand?post=99071"},{"taxonomy":"product_cat","embeddable":true,"href":"https:\/\/revolutionpadelstore.com\/it\/wp-json\/wp\/v2\/product_cat?post=99071"},{"taxonomy":"product_tag","embeddable":true,"href":"https:\/\/revolutionpadelstore.com\/it\/wp-json\/wp\/v2\/product_tag?post=99071"}],"curies":[{"name":"wp","href":"https:\/\/api.w.org\/{rel}","templated":true}]}}