{"id":93768,"date":"2024-10-11T23:09:27","date_gmt":"2024-10-11T21:09:27","guid":{"rendered":"https:\/\/revolutionpadelstore.com\/starvie-kenta-pro-2025\/"},"modified":"2026-04-08T10:30:08","modified_gmt":"2026-04-08T08:30:08","slug":"starvie-kenta-pro-2025","status":"publish","type":"product","link":"https:\/\/revolutionpadelstore.com\/it\/prodotto\/starvie-kenta-pro-2025\/","title":{"rendered":"STARVIE KENTA PRO 2025"},"content":{"rendered":"<p><strong>Starvie Kenta Pro 2025: racchetta di controllo per giocatori avanzati<\/strong><\/p>\n<p>La Starvie Kenta Pro 2025 \u00e8 una racchetta realizzata per chi cerca una tecnica di gioco raffinata. Il suo design arrotondato offre uno sweet spot centrato e garantisce stabilit\u00e0 e controllo eccellenti durante i colpi. Grazie al suo peso bilanciato nel nucleo, fornisce una combinazione ideale di potenza e precisione, perfetta per i giocatori esperti.<\/p>\n<p><strong>Progettato per stili di gioco tecnici<\/strong><\/p>\n<p>Questa racchetta \u00e8 ideale per i giocatori che hanno un approccio tecnico ed esigente al loro gioco. La gomma Pro 50, con la sua maggiore densit\u00e0, insieme agli strati di carbonio 3K, conferisce alla pialla una notevole rigidit\u00e0, consentendo colpi pi\u00f9 potenti e controllati. Se dai priorit\u00e0 al gioco preciso e agli effetti, la Kenta Pro 2025 \u00e8 la scelta giusta per prestazioni avanzate.<\/p>\n<p><strong>Caratteristiche dello Starvie Kenta Pro 2025<\/strong><\/p>\n<p style=\"padding-left: 40px\"><strong>-Design rotondo:<\/strong> offre controllo e stabilit\u00e0 ottimali.<\/p>\n<p style=\"padding-left: 40px\"><strong>-Gomma Pro 50:<\/strong> la sua densit\u00e0 dura \u00e8 ideale per un gioco tecnico.<\/p>\n<p style=\"padding-left: 40px\"><strong>-3K Strati di carbonio:<\/strong> forniscono rigidit\u00e0 e potenza ad ogni colpo.<\/p>\n<p style=\"padding-left: 40px\"><strong>-Tecnologia Hex Tech:<\/strong> migliora gli effetti e la durata dell&#8217;aereo.<\/p>\n<p style=\"padding-left: 40px\"><strong>-Geo Bridge:<\/strong> aumenta la maneggevolezza e riduce le vibrazioni.<\/p>\n<p style=\"padding-left: 40px\"><strong>-Fori reattivi:<\/strong> forniscono maggiore potenza e controllo sia in difesa che in attacco.<\/p>\n<p style=\"padding-left: 40px\"><strong>-Impugnatura pi\u00f9 lunga:<\/strong> con 1,5 cm in pi\u00f9 sul polsino per una presa migliore.<\/p>\n<p style=\"padding-left: 40px\"><strong>-Noene Inside:<\/strong> riduce l&#8217;impatto delle vibrazioni fino al 96%.<\/p>\n<p>La Starvie Kenta Pro 2025 \u00e8 l&#8217;opzione ideale se stai cercando una racchetta avanzata che combini tecnologia all&#8217;avanguardia con durata e comfort. Non perdere l&#8217;opportunit\u00e0 di migliorare il tuo gioco con questa racchetta progettata per i professionisti.<strong>Starvie Kenta Pro 2025: Pala de Control para Jugadores Avanzados<\/strong><\/p>\n","protected":false},"excerpt":{"rendered":"<p>La Starvie Kenta Pro 2025, con gomma Pro 50 e doppi strati di carbonio 3K, offre controllo avanzato, potenza e precisione ideali per i giocatori tecnici.<\/p>\n","protected":false},"featured_media":93549,"comment_status":"open","ping_status":"closed","template":"","meta":{"_acf_changed":false,"_joinchat":[]},"acabado":[1091],"balance":[1146],"dureza":[1161],"forma":[1181],"jugador":[1201,1191],"marca":[1291],"nivel-de-juego":[1336],"superficie":[1361],"tipo-de-juego":[1371],"product_brand":[],"product_cat":[301],"product_tag":[],"class_list":{"0":"post-93768","1":"product","2":"type-product","3":"status-publish","4":"has-post-thumbnail","6":"acabado-relieve-3d-it","7":"balance-basso","8":"dureza-dura-it","9":"forma-rotondo","10":"jugador-multiuso","11":"jugador-uomo","12":"marca-starvie-it","13":"superficie-rugosa-it","14":"tipo-de-juego-controllo","15":"product_cat-palas-de-padel-it","17":"first","18":"instock","19":"sale","20":"taxable","21":"shipping-taxable","22":"purchasable","23":"product-type-simple"},"acf":[],"yoast_head":"<!-- This site is optimized with the Yoast SEO plugin v27.4 - https:\/\/yoast.com\/product\/yoast-seo-wordpress\/ -->\n<title>STARVIE KENTA PRO 2025 - Revolution Padel Store<\/title>\n<meta name=\"description\" content=\"Esta pala es ideal para jugadores que tienen un enfoque t\u00e9cnico y exigente en su juego. La goma Pro 50, con su mayor densidad, junto con las capas de carbono 3K, le otorgan una rigidez notable al plano, lo que permite realizar golpes m\u00e1s potentes y controlados. Si priorizas un juego preciso con efecto, la Kenta Pro 2025 es la elecci\u00f3n adecuada para alcanzar un rendimiento avanzado.\" \/>\n<meta name=\"robots\" content=\"index, follow, max-snippet:-1, max-image-preview:large, max-video-preview:-1\" \/>\n<link rel=\"canonical\" href=\"https:\/\/revolutionpadelstore.com\/it\/prodotto\/starvie-kenta-pro-2025\/\" \/>\n<meta property=\"og:locale\" content=\"it_IT\" \/>\n<meta property=\"og:type\" content=\"article\" \/>\n<meta property=\"og:title\" content=\"STARVIE KENTA PRO 2025 - Revolution Padel Store\" \/>\n<meta property=\"og:description\" content=\"Esta pala es ideal para jugadores que tienen un enfoque t\u00e9cnico y exigente en su juego. La goma Pro 50, con su mayor densidad, junto con las capas de carbono 3K, le otorgan una rigidez notable al plano, lo que permite realizar golpes m\u00e1s potentes y controlados. Si priorizas un juego preciso con efecto, la Kenta Pro 2025 es la elecci\u00f3n adecuada para alcanzar un rendimiento avanzado.\" \/>\n<meta property=\"og:url\" content=\"https:\/\/revolutionpadelstore.com\/it\/prodotto\/starvie-kenta-pro-2025\/\" \/>\n<meta property=\"og:site_name\" content=\"Revolution Padel Store\" \/>\n<meta property=\"article:modified_time\" content=\"2026-04-08T08:30:08+00:00\" \/>\n<meta property=\"og:image\" content=\"https:\/\/revolutionpadelstore.com\/wp-content\/uploads\/2024\/10\/pala-starvie-kenta-eternal-soft-2025-1-800x800-1.jpg\" \/>\n\t<meta property=\"og:image:width\" content=\"800\" \/>\n\t<meta property=\"og:image:height\" content=\"800\" \/>\n\t<meta property=\"og:image:type\" content=\"image\/jpeg\" \/>\n<meta name=\"twitter:card\" content=\"summary_large_image\" \/>\n<meta name=\"twitter:label1\" content=\"Tempo di lettura stimato\" \/>\n\t<meta name=\"twitter:data1\" content=\"2 minuti\" \/>\n<script type=\"application\/ld+json\" class=\"yoast-schema-graph\">{\"@context\":\"https:\\\/\\\/schema.org\",\"@graph\":[{\"@type\":\"WebPage\",\"@id\":\"https:\\\/\\\/revolutionpadelstore.com\\\/it\\\/prodotto\\\/starvie-kenta-pro-2025\\\/\",\"url\":\"https:\\\/\\\/revolutionpadelstore.com\\\/it\\\/prodotto\\\/starvie-kenta-pro-2025\\\/\",\"name\":\"STARVIE KENTA PRO 2025 - Revolution Padel Store\",\"isPartOf\":{\"@id\":\"https:\\\/\\\/revolutionpadelstore.com\\\/it\\\/#website\"},\"primaryImageOfPage\":{\"@id\":\"https:\\\/\\\/revolutionpadelstore.com\\\/it\\\/prodotto\\\/starvie-kenta-pro-2025\\\/#primaryimage\"},\"image\":{\"@id\":\"https:\\\/\\\/revolutionpadelstore.com\\\/it\\\/prodotto\\\/starvie-kenta-pro-2025\\\/#primaryimage\"},\"thumbnailUrl\":\"https:\\\/\\\/revolutionpadelstore.com\\\/wp-content\\\/uploads\\\/2024\\\/10\\\/pala-starvie-kenta-eternal-soft-2025-1-800x800-1.jpg\",\"datePublished\":\"2024-10-11T21:09:27+00:00\",\"dateModified\":\"2026-04-08T08:30:08+00:00\",\"description\":\"Esta pala es ideal para jugadores que tienen un enfoque t\u00e9cnico y exigente en su juego. La goma Pro 50, con su mayor densidad, junto con las capas de carbono 3K, le otorgan una rigidez notable al plano, lo que permite realizar golpes m\u00e1s potentes y controlados. Si priorizas un juego preciso con efecto, la Kenta Pro 2025 es la elecci\u00f3n adecuada para alcanzar un rendimiento avanzado.\",\"breadcrumb\":{\"@id\":\"https:\\\/\\\/revolutionpadelstore.com\\\/it\\\/prodotto\\\/starvie-kenta-pro-2025\\\/#breadcrumb\"},\"inLanguage\":\"it-IT\",\"potentialAction\":[{\"@type\":\"ReadAction\",\"target\":[\"https:\\\/\\\/revolutionpadelstore.com\\\/it\\\/prodotto\\\/starvie-kenta-pro-2025\\\/\"]}]},{\"@type\":\"ImageObject\",\"inLanguage\":\"it-IT\",\"@id\":\"https:\\\/\\\/revolutionpadelstore.com\\\/it\\\/prodotto\\\/starvie-kenta-pro-2025\\\/#primaryimage\",\"url\":\"https:\\\/\\\/revolutionpadelstore.com\\\/wp-content\\\/uploads\\\/2024\\\/10\\\/pala-starvie-kenta-eternal-soft-2025-1-800x800-1.jpg\",\"contentUrl\":\"https:\\\/\\\/revolutionpadelstore.com\\\/wp-content\\\/uploads\\\/2024\\\/10\\\/pala-starvie-kenta-eternal-soft-2025-1-800x800-1.jpg\",\"width\":800,\"height\":800},{\"@type\":\"BreadcrumbList\",\"@id\":\"https:\\\/\\\/revolutionpadelstore.com\\\/it\\\/prodotto\\\/starvie-kenta-pro-2025\\\/#breadcrumb\",\"itemListElement\":[{\"@type\":\"ListItem\",\"position\":1,\"name\":\"Portada\",\"item\":\"https:\\\/\\\/revolutionpadelstore.com\\\/it\\\/\"},{\"@type\":\"ListItem\",\"position\":2,\"name\":\"Tienda\",\"item\":\"https:\\\/\\\/revolutionpadelstore.com\\\/it\\\/tienda\\\/\"},{\"@type\":\"ListItem\",\"position\":3,\"name\":\"STARVIE KENTA PRO 2025\"}]},{\"@type\":\"WebSite\",\"@id\":\"https:\\\/\\\/revolutionpadelstore.com\\\/it\\\/#website\",\"url\":\"https:\\\/\\\/revolutionpadelstore.com\\\/it\\\/\",\"name\":\"Revolution Padel Store\",\"description\":\"\",\"publisher\":{\"@id\":\"https:\\\/\\\/revolutionpadelstore.com\\\/it\\\/#organization\"},\"potentialAction\":[{\"@type\":\"SearchAction\",\"target\":{\"@type\":\"EntryPoint\",\"urlTemplate\":\"https:\\\/\\\/revolutionpadelstore.com\\\/it\\\/?s={search_term_string}\"},\"query-input\":{\"@type\":\"PropertyValueSpecification\",\"valueRequired\":true,\"valueName\":\"search_term_string\"}}],\"inLanguage\":\"it-IT\"},{\"@type\":\"Organization\",\"@id\":\"https:\\\/\\\/revolutionpadelstore.com\\\/it\\\/#organization\",\"name\":\"Revolution Padel Store\",\"url\":\"https:\\\/\\\/revolutionpadelstore.com\\\/it\\\/\",\"logo\":{\"@type\":\"ImageObject\",\"inLanguage\":\"it-IT\",\"@id\":\"https:\\\/\\\/revolutionpadelstore.com\\\/it\\\/#\\\/schema\\\/logo\\\/image\\\/\",\"url\":\"https:\\\/\\\/revolutionpadelstore.com\\\/wp-content\\\/uploads\\\/2026\\\/02\\\/revolution-padel-store.jpg\",\"contentUrl\":\"https:\\\/\\\/revolutionpadelstore.com\\\/wp-content\\\/uploads\\\/2026\\\/02\\\/revolution-padel-store.jpg\",\"width\":2000,\"height\":2000,\"caption\":\"Revolution Padel Store\"},\"image\":{\"@id\":\"https:\\\/\\\/revolutionpadelstore.com\\\/it\\\/#\\\/schema\\\/logo\\\/image\\\/\"},\"sameAs\":[\"https:\\\/\\\/www.instagram.com\\\/revolutionpadelstore\\\/\"]}]}<\/script>\n<!-- \/ Yoast SEO plugin. -->","yoast_head_json":{"title":"STARVIE KENTA PRO 2025 - Revolution Padel Store","description":"Esta pala es ideal para jugadores que tienen un enfoque t\u00e9cnico y exigente en su juego. La goma Pro 50, con su mayor densidad, junto con las capas de carbono 3K, le otorgan una rigidez notable al plano, lo que permite realizar golpes m\u00e1s potentes y controlados. Si priorizas un juego preciso con efecto, la Kenta Pro 2025 es la elecci\u00f3n adecuada para alcanzar un rendimiento avanzado.","robots":{"index":"index","follow":"follow","max-snippet":"max-snippet:-1","max-image-preview":"max-image-preview:large","max-video-preview":"max-video-preview:-1"},"canonical":"https:\/\/revolutionpadelstore.com\/it\/prodotto\/starvie-kenta-pro-2025\/","og_locale":"it_IT","og_type":"article","og_title":"STARVIE KENTA PRO 2025 - Revolution Padel Store","og_description":"Esta pala es ideal para jugadores que tienen un enfoque t\u00e9cnico y exigente en su juego. La goma Pro 50, con su mayor densidad, junto con las capas de carbono 3K, le otorgan una rigidez notable al plano, lo que permite realizar golpes m\u00e1s potentes y controlados. Si priorizas un juego preciso con efecto, la Kenta Pro 2025 es la elecci\u00f3n adecuada para alcanzar un rendimiento avanzado.","og_url":"https:\/\/revolutionpadelstore.com\/it\/prodotto\/starvie-kenta-pro-2025\/","og_site_name":"Revolution Padel Store","article_modified_time":"2026-04-08T08:30:08+00:00","og_image":[{"width":800,"height":800,"url":"https:\/\/revolutionpadelstore.com\/wp-content\/uploads\/2024\/10\/pala-starvie-kenta-eternal-soft-2025-1-800x800-1.jpg","type":"image\/jpeg"}],"twitter_card":"summary_large_image","twitter_misc":{"Tempo di lettura stimato":"2 minuti"},"schema":{"@context":"https:\/\/schema.org","@graph":[{"@type":"WebPage","@id":"https:\/\/revolutionpadelstore.com\/it\/prodotto\/starvie-kenta-pro-2025\/","url":"https:\/\/revolutionpadelstore.com\/it\/prodotto\/starvie-kenta-pro-2025\/","name":"STARVIE KENTA PRO 2025 - Revolution Padel Store","isPartOf":{"@id":"https:\/\/revolutionpadelstore.com\/it\/#website"},"primaryImageOfPage":{"@id":"https:\/\/revolutionpadelstore.com\/it\/prodotto\/starvie-kenta-pro-2025\/#primaryimage"},"image":{"@id":"https:\/\/revolutionpadelstore.com\/it\/prodotto\/starvie-kenta-pro-2025\/#primaryimage"},"thumbnailUrl":"https:\/\/revolutionpadelstore.com\/wp-content\/uploads\/2024\/10\/pala-starvie-kenta-eternal-soft-2025-1-800x800-1.jpg","datePublished":"2024-10-11T21:09:27+00:00","dateModified":"2026-04-08T08:30:08+00:00","description":"Esta pala es ideal para jugadores que tienen un enfoque t\u00e9cnico y exigente en su juego. La goma Pro 50, con su mayor densidad, junto con las capas de carbono 3K, le otorgan una rigidez notable al plano, lo que permite realizar golpes m\u00e1s potentes y controlados. Si priorizas un juego preciso con efecto, la Kenta Pro 2025 es la elecci\u00f3n adecuada para alcanzar un rendimiento avanzado.","breadcrumb":{"@id":"https:\/\/revolutionpadelstore.com\/it\/prodotto\/starvie-kenta-pro-2025\/#breadcrumb"},"inLanguage":"it-IT","potentialAction":[{"@type":"ReadAction","target":["https:\/\/revolutionpadelstore.com\/it\/prodotto\/starvie-kenta-pro-2025\/"]}]},{"@type":"ImageObject","inLanguage":"it-IT","@id":"https:\/\/revolutionpadelstore.com\/it\/prodotto\/starvie-kenta-pro-2025\/#primaryimage","url":"https:\/\/revolutionpadelstore.com\/wp-content\/uploads\/2024\/10\/pala-starvie-kenta-eternal-soft-2025-1-800x800-1.jpg","contentUrl":"https:\/\/revolutionpadelstore.com\/wp-content\/uploads\/2024\/10\/pala-starvie-kenta-eternal-soft-2025-1-800x800-1.jpg","width":800,"height":800},{"@type":"BreadcrumbList","@id":"https:\/\/revolutionpadelstore.com\/it\/prodotto\/starvie-kenta-pro-2025\/#breadcrumb","itemListElement":[{"@type":"ListItem","position":1,"name":"Portada","item":"https:\/\/revolutionpadelstore.com\/it\/"},{"@type":"ListItem","position":2,"name":"Tienda","item":"https:\/\/revolutionpadelstore.com\/it\/tienda\/"},{"@type":"ListItem","position":3,"name":"STARVIE KENTA PRO 2025"}]},{"@type":"WebSite","@id":"https:\/\/revolutionpadelstore.com\/it\/#website","url":"https:\/\/revolutionpadelstore.com\/it\/","name":"Revolution Padel Store","description":"","publisher":{"@id":"https:\/\/revolutionpadelstore.com\/it\/#organization"},"potentialAction":[{"@type":"SearchAction","target":{"@type":"EntryPoint","urlTemplate":"https:\/\/revolutionpadelstore.com\/it\/?s={search_term_string}"},"query-input":{"@type":"PropertyValueSpecification","valueRequired":true,"valueName":"search_term_string"}}],"inLanguage":"it-IT"},{"@type":"Organization","@id":"https:\/\/revolutionpadelstore.com\/it\/#organization","name":"Revolution Padel Store","url":"https:\/\/revolutionpadelstore.com\/it\/","logo":{"@type":"ImageObject","inLanguage":"it-IT","@id":"https:\/\/revolutionpadelstore.com\/it\/#\/schema\/logo\/image\/","url":"https:\/\/revolutionpadelstore.com\/wp-content\/uploads\/2026\/02\/revolution-padel-store.jpg","contentUrl":"https:\/\/revolutionpadelstore.com\/wp-content\/uploads\/2026\/02\/revolution-padel-store.jpg","width":2000,"height":2000,"caption":"Revolution Padel Store"},"image":{"@id":"https:\/\/revolutionpadelstore.com\/it\/#\/schema\/logo\/image\/"},"sameAs":["https:\/\/www.instagram.com\/revolutionpadelstore\/"]}]}},"_links":{"self":[{"href":"https:\/\/revolutionpadelstore.com\/it\/wp-json\/wp\/v2\/product\/93768","targetHints":{"allow":["GET"]}}],"collection":[{"href":"https:\/\/revolutionpadelstore.com\/it\/wp-json\/wp\/v2\/product"}],"about":[{"href":"https:\/\/revolutionpadelstore.com\/it\/wp-json\/wp\/v2\/types\/product"}],"replies":[{"embeddable":true,"href":"https:\/\/revolutionpadelstore.com\/it\/wp-json\/wp\/v2\/comments?post=93768"}],"wp:featuredmedia":[{"embeddable":true,"href":"https:\/\/revolutionpadelstore.com\/it\/wp-json\/wp\/v2\/media\/93549"}],"wp:attachment":[{"href":"https:\/\/revolutionpadelstore.com\/it\/wp-json\/wp\/v2\/media?parent=93768"}],"wp:term":[{"taxonomy":"acabado","embeddable":true,"href":"https:\/\/revolutionpadelstore.com\/it\/wp-json\/wp\/v2\/acabado?post=93768"},{"taxonomy":"balance","embeddable":true,"href":"https:\/\/revolutionpadelstore.com\/it\/wp-json\/wp\/v2\/balance?post=93768"},{"taxonomy":"dureza","embeddable":true,"href":"https:\/\/revolutionpadelstore.com\/it\/wp-json\/wp\/v2\/dureza?post=93768"},{"taxonomy":"forma","embeddable":true,"href":"https:\/\/revolutionpadelstore.com\/it\/wp-json\/wp\/v2\/forma?post=93768"},{"taxonomy":"jugador","embeddable":true,"href":"https:\/\/revolutionpadelstore.com\/it\/wp-json\/wp\/v2\/jugador?post=93768"},{"taxonomy":"marca","embeddable":true,"href":"https:\/\/revolutionpadelstore.com\/it\/wp-json\/wp\/v2\/marca?post=93768"},{"taxonomy":"nivel-de-juego","embeddable":true,"href":"https:\/\/revolutionpadelstore.com\/it\/wp-json\/wp\/v2\/nivel-de-juego?post=93768"},{"taxonomy":"superficie","embeddable":true,"href":"https:\/\/revolutionpadelstore.com\/it\/wp-json\/wp\/v2\/superficie?post=93768"},{"taxonomy":"tipo-de-juego","embeddable":true,"href":"https:\/\/revolutionpadelstore.com\/it\/wp-json\/wp\/v2\/tipo-de-juego?post=93768"},{"taxonomy":"product_brand","embeddable":true,"href":"https:\/\/revolutionpadelstore.com\/it\/wp-json\/wp\/v2\/product_brand?post=93768"},{"taxonomy":"product_cat","embeddable":true,"href":"https:\/\/revolutionpadelstore.com\/it\/wp-json\/wp\/v2\/product_cat?post=93768"},{"taxonomy":"product_tag","embeddable":true,"href":"https:\/\/revolutionpadelstore.com\/it\/wp-json\/wp\/v2\/product_tag?post=93768"}],"curies":[{"name":"wp","href":"https:\/\/api.w.org\/{rel}","templated":true}]}}