{"id":93758,"date":"2024-10-11T23:29:10","date_gmt":"2024-10-11T21:29:10","guid":{"rendered":"https:\/\/revolutionpadelstore.com\/starvie-brava-pro-2025\/"},"modified":"2026-04-08T10:29:06","modified_gmt":"2026-04-08T08:29:06","slug":"starvie-brava-pro-2025","status":"publish","type":"product","link":"https:\/\/revolutionpadelstore.com\/it\/prodotto\/starvie-brava-pro-2025\/","title":{"rendered":"STARVIE BRAVA PRO 2025"},"content":{"rendered":"<div class=\"flex max-w-full flex-col flex-grow\">\n<div class=\"min-h-8 messaggio di testo flex w-full flex-col elementi-end gap-2 spazi bianchi-normale parole di interruzione [.text-message+&amp;]:mt-5\" dir=\"auto\" data-message-author-role=\"assistente\" data-message-id=\"1ad89067-fc6d-4e6d-8732-53eda61b34f8\" data-message-model-slug=\"gpt-4o-mini\">\n<div class=\"flex w-full flex-col gap-1 vuoto:hidden first:pt-[3px]\">\n<div class=\"markdown prose w-full break-words dark:prose-invert dark\">\n<p><strong>StarVie Brava Pro 2025: controllo e potenza in pista<\/strong><\/p>\n<p>Lo StarVie Brava Pro 2025, parte della collezione Universe, \u00e8 progettato per offrire prestazioni eccezionali in ogni gioco, consentendo uno stile di gioco versatile. La sua forma a goccia, con uno sweet spot situato nella parte superiore, espande l&#8217;area di impatto e fornisce pi\u00f9 forza nei colpi aerei.<\/p>\n<p><strong>Ideale per giocatori avanzati<\/strong><\/p>\n<p>Con un design robusto e materiali di alta qualit\u00e0, Brava Pro 2025 \u00e8 perfetta per giocatori avanzati o professionisti che desiderano una maggiore versatilit\u00e0 nel loro gioco. I giocatori tecnici apprezzeranno l&#8217;eccellente controllo e la potenza dei loro tiri, oltre ad una notevole uscita della palla. La struttura ruvida della superficie facilita l&#8217;applicazione delle rotazioni, sorprendendo i rivali con la sua precisione.<\/p>\n<p><strong>Costruire StarVie Brava Pro<\/strong><\/p>\n<p style=\"padding-left: 40px\"><strong>-Nucleo in gomma EVA PRO 50:<\/strong> densit\u00e0 dura, ottimizza la velocit\u00e0 della palla e migliora la precisione nel colpire.<\/p>\n<p style=\"padding-left: 40px\"><strong>-15K Carbon Flats:<\/strong> forniscono maggiore comfort, migliore gestibilit\u00e0 e flessibilit\u00e0 superiore durante i colpi.<\/p>\n<p style=\"padding-left: 40px\"><strong>-Finitura ruvida a forma di stella:<\/strong> grazie all&#8217;effetto piano completo, consente di applicare gli effetti con maggiore precisione.<\/p>\n<p style=\"padding-left: 40px\"><strong>-Noene Inside Technology:<\/strong> migliora l&#8217;assorbimento delle vibrazioni, riducendo l&#8217;energia generata dall&#8217;impatto.<\/p>\n<p style=\"padding-left: 40px\"><strong>-Core Brava System nel cuore:<\/strong> bilancia il peso e riduce al minimo le vibrazioni per una maggiore stabilit\u00e0.<\/p>\n<p style=\"padding-left: 40px\"><strong>-Star Balance Piece:<\/strong> sposta l&#8217;equilibrio verso il pugno, migliorando l&#8217;accelerazione, l&#8217;agilit\u00e0 e il controllo.<\/p>\n<p style=\"padding-left: 40px\"><strong>-Five Side nel profilo:<\/strong> aumenta l&#8217;aerodinamica e l&#8217;agilit\u00e0 della racchetta.<\/p>\n<p style=\"padding-left: 40px\"><strong>-Peso:<\/strong> Tra 350-380 grammi.<\/p>\n<p style=\"padding-left: 40px\"><strong>-Produzione artigianale in Spagna:<\/strong> garantisce qualit\u00e0 e attenzione ai dettagli.<\/p>\n<p>La StarVie Brava Pro 2025 \u00e8 la tua alleata perfetta se cerchi una racchetta che si adatti a qualsiasi situazione in campo, permettendoti di offrire il meglio sia in attacco che in difesa. Con le sue pialle in carbonio grezzo da 15K, godrai di pi\u00f9 effetti e comfort ad ogni colpo. Scopri la versatilit\u00e0 di cui hai bisogno su Revolution Padel Store!<\/p>\n<\/div>\n<\/div>\n<\/div>\n<\/div>\n","protected":false},"excerpt":{"rendered":"<p>StarVie Brava Pro 2025, progettata per garantire le migliori prestazioni in difesa e attacco per i giocatori di padel tecnici. Nucleo in gomma EVA Pro 50.<\/p>\n","protected":false},"featured_media":93513,"comment_status":"open","ping_status":"closed","template":"","meta":{"_acf_changed":false,"_joinchat":[]},"acabado":[1106],"balance":[1136],"dureza":[1161],"forma":[1186],"jugador":[1201,1191],"marca":[1291],"nivel-de-juego":[1336],"superficie":[1361],"tipo-de-juego":[1386],"product_brand":[],"product_cat":[301],"product_tag":[],"class_list":{"0":"post-93758","1":"product","2":"type-product","3":"status-publish","4":"has-post-thumbnail","6":"acabado-rugoso-it","7":"balance-alto-it","8":"dureza-dura-it","9":"forma-lagrima-it","10":"jugador-multiuso","11":"jugador-uomo","12":"marca-starvie-it","13":"superficie-rugosa-it","14":"tipo-de-juego-multiuso","15":"product_cat-palas-de-padel-it","17":"first","18":"instock","19":"sale","20":"taxable","21":"shipping-taxable","22":"purchasable","23":"product-type-simple"},"acf":[],"yoast_head":"<!-- This site is optimized with the Yoast SEO plugin v27.4 - https:\/\/yoast.com\/product\/yoast-seo-wordpress\/ -->\n<title>STARVIE BRAVA PRO 2025 - Revolution Padel Store<\/title>\n<meta name=\"description\" content=\"La pala de p\u00e1del StarVie Brava Pro 2025, parte de la colecci\u00f3n Universe, est\u00e1 dise\u00f1ada para ofrecer un rendimiento excepcional en todo momento, logrando un juego vers\u00e1til en la pista. Su formato en l\u00e1grima, con un punto dulce t\u00e9cnico en la parte superior, ampl\u00eda la zona de golpeo y potencia los golpes a\u00e9reos con mayor fuerza.\" \/>\n<meta name=\"robots\" content=\"index, follow, max-snippet:-1, max-image-preview:large, max-video-preview:-1\" \/>\n<link rel=\"canonical\" href=\"https:\/\/revolutionpadelstore.com\/it\/prodotto\/starvie-brava-pro-2025\/\" \/>\n<meta property=\"og:locale\" content=\"it_IT\" \/>\n<meta property=\"og:type\" content=\"article\" \/>\n<meta property=\"og:title\" content=\"STARVIE BRAVA PRO 2025 - Revolution Padel Store\" \/>\n<meta property=\"og:description\" content=\"La pala de p\u00e1del StarVie Brava Pro 2025, parte de la colecci\u00f3n Universe, est\u00e1 dise\u00f1ada para ofrecer un rendimiento excepcional en todo momento, logrando un juego vers\u00e1til en la pista. Su formato en l\u00e1grima, con un punto dulce t\u00e9cnico en la parte superior, ampl\u00eda la zona de golpeo y potencia los golpes a\u00e9reos con mayor fuerza.\" \/>\n<meta property=\"og:url\" content=\"https:\/\/revolutionpadelstore.com\/it\/prodotto\/starvie-brava-pro-2025\/\" \/>\n<meta property=\"og:site_name\" content=\"Revolution Padel Store\" \/>\n<meta property=\"article:modified_time\" content=\"2026-04-08T08:29:06+00:00\" \/>\n<meta property=\"og:image\" content=\"https:\/\/revolutionpadelstore.com\/wp-content\/uploads\/2024\/10\/pala-starvie-brava-soft-2025-1-800x800-1.jpg\" \/>\n\t<meta property=\"og:image:width\" content=\"800\" \/>\n\t<meta property=\"og:image:height\" content=\"800\" \/>\n\t<meta property=\"og:image:type\" content=\"image\/jpeg\" \/>\n<meta name=\"twitter:card\" content=\"summary_large_image\" \/>\n<meta name=\"twitter:label1\" content=\"Tempo di lettura stimato\" \/>\n\t<meta name=\"twitter:data1\" content=\"2 minuti\" \/>\n<script type=\"application\/ld+json\" class=\"yoast-schema-graph\">{\"@context\":\"https:\\\/\\\/schema.org\",\"@graph\":[{\"@type\":\"WebPage\",\"@id\":\"https:\\\/\\\/revolutionpadelstore.com\\\/it\\\/prodotto\\\/starvie-brava-pro-2025\\\/\",\"url\":\"https:\\\/\\\/revolutionpadelstore.com\\\/it\\\/prodotto\\\/starvie-brava-pro-2025\\\/\",\"name\":\"STARVIE BRAVA PRO 2025 - Revolution Padel Store\",\"isPartOf\":{\"@id\":\"https:\\\/\\\/revolutionpadelstore.com\\\/it\\\/#website\"},\"primaryImageOfPage\":{\"@id\":\"https:\\\/\\\/revolutionpadelstore.com\\\/it\\\/prodotto\\\/starvie-brava-pro-2025\\\/#primaryimage\"},\"image\":{\"@id\":\"https:\\\/\\\/revolutionpadelstore.com\\\/it\\\/prodotto\\\/starvie-brava-pro-2025\\\/#primaryimage\"},\"thumbnailUrl\":\"https:\\\/\\\/revolutionpadelstore.com\\\/wp-content\\\/uploads\\\/2024\\\/10\\\/pala-starvie-brava-soft-2025-1-800x800-1.jpg\",\"datePublished\":\"2024-10-11T21:29:10+00:00\",\"dateModified\":\"2026-04-08T08:29:06+00:00\",\"description\":\"La pala de p\u00e1del StarVie Brava Pro 2025, parte de la colecci\u00f3n Universe, est\u00e1 dise\u00f1ada para ofrecer un rendimiento excepcional en todo momento, logrando un juego vers\u00e1til en la pista. Su formato en l\u00e1grima, con un punto dulce t\u00e9cnico en la parte superior, ampl\u00eda la zona de golpeo y potencia los golpes a\u00e9reos con mayor fuerza.\",\"breadcrumb\":{\"@id\":\"https:\\\/\\\/revolutionpadelstore.com\\\/it\\\/prodotto\\\/starvie-brava-pro-2025\\\/#breadcrumb\"},\"inLanguage\":\"it-IT\",\"potentialAction\":[{\"@type\":\"ReadAction\",\"target\":[\"https:\\\/\\\/revolutionpadelstore.com\\\/it\\\/prodotto\\\/starvie-brava-pro-2025\\\/\"]}]},{\"@type\":\"ImageObject\",\"inLanguage\":\"it-IT\",\"@id\":\"https:\\\/\\\/revolutionpadelstore.com\\\/it\\\/prodotto\\\/starvie-brava-pro-2025\\\/#primaryimage\",\"url\":\"https:\\\/\\\/revolutionpadelstore.com\\\/wp-content\\\/uploads\\\/2024\\\/10\\\/pala-starvie-brava-soft-2025-1-800x800-1.jpg\",\"contentUrl\":\"https:\\\/\\\/revolutionpadelstore.com\\\/wp-content\\\/uploads\\\/2024\\\/10\\\/pala-starvie-brava-soft-2025-1-800x800-1.jpg\",\"width\":800,\"height\":800},{\"@type\":\"BreadcrumbList\",\"@id\":\"https:\\\/\\\/revolutionpadelstore.com\\\/it\\\/prodotto\\\/starvie-brava-pro-2025\\\/#breadcrumb\",\"itemListElement\":[{\"@type\":\"ListItem\",\"position\":1,\"name\":\"Portada\",\"item\":\"https:\\\/\\\/revolutionpadelstore.com\\\/it\\\/\"},{\"@type\":\"ListItem\",\"position\":2,\"name\":\"Tienda\",\"item\":\"https:\\\/\\\/revolutionpadelstore.com\\\/it\\\/tienda\\\/\"},{\"@type\":\"ListItem\",\"position\":3,\"name\":\"STARVIE BRAVA PRO 2025\"}]},{\"@type\":\"WebSite\",\"@id\":\"https:\\\/\\\/revolutionpadelstore.com\\\/it\\\/#website\",\"url\":\"https:\\\/\\\/revolutionpadelstore.com\\\/it\\\/\",\"name\":\"Revolution Padel Store\",\"description\":\"\",\"publisher\":{\"@id\":\"https:\\\/\\\/revolutionpadelstore.com\\\/it\\\/#organization\"},\"potentialAction\":[{\"@type\":\"SearchAction\",\"target\":{\"@type\":\"EntryPoint\",\"urlTemplate\":\"https:\\\/\\\/revolutionpadelstore.com\\\/it\\\/?s={search_term_string}\"},\"query-input\":{\"@type\":\"PropertyValueSpecification\",\"valueRequired\":true,\"valueName\":\"search_term_string\"}}],\"inLanguage\":\"it-IT\"},{\"@type\":\"Organization\",\"@id\":\"https:\\\/\\\/revolutionpadelstore.com\\\/it\\\/#organization\",\"name\":\"Revolution Padel Store\",\"url\":\"https:\\\/\\\/revolutionpadelstore.com\\\/it\\\/\",\"logo\":{\"@type\":\"ImageObject\",\"inLanguage\":\"it-IT\",\"@id\":\"https:\\\/\\\/revolutionpadelstore.com\\\/it\\\/#\\\/schema\\\/logo\\\/image\\\/\",\"url\":\"https:\\\/\\\/revolutionpadelstore.com\\\/wp-content\\\/uploads\\\/2026\\\/02\\\/revolution-padel-store.jpg\",\"contentUrl\":\"https:\\\/\\\/revolutionpadelstore.com\\\/wp-content\\\/uploads\\\/2026\\\/02\\\/revolution-padel-store.jpg\",\"width\":2000,\"height\":2000,\"caption\":\"Revolution Padel Store\"},\"image\":{\"@id\":\"https:\\\/\\\/revolutionpadelstore.com\\\/it\\\/#\\\/schema\\\/logo\\\/image\\\/\"},\"sameAs\":[\"https:\\\/\\\/www.instagram.com\\\/revolutionpadelstore\\\/\"]}]}<\/script>\n<!-- \/ Yoast SEO plugin. -->","yoast_head_json":{"title":"STARVIE BRAVA PRO 2025 - Revolution Padel Store","description":"La pala de p\u00e1del StarVie Brava Pro 2025, parte de la colecci\u00f3n Universe, est\u00e1 dise\u00f1ada para ofrecer un rendimiento excepcional en todo momento, logrando un juego vers\u00e1til en la pista. Su formato en l\u00e1grima, con un punto dulce t\u00e9cnico en la parte superior, ampl\u00eda la zona de golpeo y potencia los golpes a\u00e9reos con mayor fuerza.","robots":{"index":"index","follow":"follow","max-snippet":"max-snippet:-1","max-image-preview":"max-image-preview:large","max-video-preview":"max-video-preview:-1"},"canonical":"https:\/\/revolutionpadelstore.com\/it\/prodotto\/starvie-brava-pro-2025\/","og_locale":"it_IT","og_type":"article","og_title":"STARVIE BRAVA PRO 2025 - Revolution Padel Store","og_description":"La pala de p\u00e1del StarVie Brava Pro 2025, parte de la colecci\u00f3n Universe, est\u00e1 dise\u00f1ada para ofrecer un rendimiento excepcional en todo momento, logrando un juego vers\u00e1til en la pista. Su formato en l\u00e1grima, con un punto dulce t\u00e9cnico en la parte superior, ampl\u00eda la zona de golpeo y potencia los golpes a\u00e9reos con mayor fuerza.","og_url":"https:\/\/revolutionpadelstore.com\/it\/prodotto\/starvie-brava-pro-2025\/","og_site_name":"Revolution Padel Store","article_modified_time":"2026-04-08T08:29:06+00:00","og_image":[{"width":800,"height":800,"url":"https:\/\/revolutionpadelstore.com\/wp-content\/uploads\/2024\/10\/pala-starvie-brava-soft-2025-1-800x800-1.jpg","type":"image\/jpeg"}],"twitter_card":"summary_large_image","twitter_misc":{"Tempo di lettura stimato":"2 minuti"},"schema":{"@context":"https:\/\/schema.org","@graph":[{"@type":"WebPage","@id":"https:\/\/revolutionpadelstore.com\/it\/prodotto\/starvie-brava-pro-2025\/","url":"https:\/\/revolutionpadelstore.com\/it\/prodotto\/starvie-brava-pro-2025\/","name":"STARVIE BRAVA PRO 2025 - Revolution Padel Store","isPartOf":{"@id":"https:\/\/revolutionpadelstore.com\/it\/#website"},"primaryImageOfPage":{"@id":"https:\/\/revolutionpadelstore.com\/it\/prodotto\/starvie-brava-pro-2025\/#primaryimage"},"image":{"@id":"https:\/\/revolutionpadelstore.com\/it\/prodotto\/starvie-brava-pro-2025\/#primaryimage"},"thumbnailUrl":"https:\/\/revolutionpadelstore.com\/wp-content\/uploads\/2024\/10\/pala-starvie-brava-soft-2025-1-800x800-1.jpg","datePublished":"2024-10-11T21:29:10+00:00","dateModified":"2026-04-08T08:29:06+00:00","description":"La pala de p\u00e1del StarVie Brava Pro 2025, parte de la colecci\u00f3n Universe, est\u00e1 dise\u00f1ada para ofrecer un rendimiento excepcional en todo momento, logrando un juego vers\u00e1til en la pista. Su formato en l\u00e1grima, con un punto dulce t\u00e9cnico en la parte superior, ampl\u00eda la zona de golpeo y potencia los golpes a\u00e9reos con mayor fuerza.","breadcrumb":{"@id":"https:\/\/revolutionpadelstore.com\/it\/prodotto\/starvie-brava-pro-2025\/#breadcrumb"},"inLanguage":"it-IT","potentialAction":[{"@type":"ReadAction","target":["https:\/\/revolutionpadelstore.com\/it\/prodotto\/starvie-brava-pro-2025\/"]}]},{"@type":"ImageObject","inLanguage":"it-IT","@id":"https:\/\/revolutionpadelstore.com\/it\/prodotto\/starvie-brava-pro-2025\/#primaryimage","url":"https:\/\/revolutionpadelstore.com\/wp-content\/uploads\/2024\/10\/pala-starvie-brava-soft-2025-1-800x800-1.jpg","contentUrl":"https:\/\/revolutionpadelstore.com\/wp-content\/uploads\/2024\/10\/pala-starvie-brava-soft-2025-1-800x800-1.jpg","width":800,"height":800},{"@type":"BreadcrumbList","@id":"https:\/\/revolutionpadelstore.com\/it\/prodotto\/starvie-brava-pro-2025\/#breadcrumb","itemListElement":[{"@type":"ListItem","position":1,"name":"Portada","item":"https:\/\/revolutionpadelstore.com\/it\/"},{"@type":"ListItem","position":2,"name":"Tienda","item":"https:\/\/revolutionpadelstore.com\/it\/tienda\/"},{"@type":"ListItem","position":3,"name":"STARVIE BRAVA PRO 2025"}]},{"@type":"WebSite","@id":"https:\/\/revolutionpadelstore.com\/it\/#website","url":"https:\/\/revolutionpadelstore.com\/it\/","name":"Revolution Padel Store","description":"","publisher":{"@id":"https:\/\/revolutionpadelstore.com\/it\/#organization"},"potentialAction":[{"@type":"SearchAction","target":{"@type":"EntryPoint","urlTemplate":"https:\/\/revolutionpadelstore.com\/it\/?s={search_term_string}"},"query-input":{"@type":"PropertyValueSpecification","valueRequired":true,"valueName":"search_term_string"}}],"inLanguage":"it-IT"},{"@type":"Organization","@id":"https:\/\/revolutionpadelstore.com\/it\/#organization","name":"Revolution Padel Store","url":"https:\/\/revolutionpadelstore.com\/it\/","logo":{"@type":"ImageObject","inLanguage":"it-IT","@id":"https:\/\/revolutionpadelstore.com\/it\/#\/schema\/logo\/image\/","url":"https:\/\/revolutionpadelstore.com\/wp-content\/uploads\/2026\/02\/revolution-padel-store.jpg","contentUrl":"https:\/\/revolutionpadelstore.com\/wp-content\/uploads\/2026\/02\/revolution-padel-store.jpg","width":2000,"height":2000,"caption":"Revolution Padel Store"},"image":{"@id":"https:\/\/revolutionpadelstore.com\/it\/#\/schema\/logo\/image\/"},"sameAs":["https:\/\/www.instagram.com\/revolutionpadelstore\/"]}]}},"_links":{"self":[{"href":"https:\/\/revolutionpadelstore.com\/it\/wp-json\/wp\/v2\/product\/93758","targetHints":{"allow":["GET"]}}],"collection":[{"href":"https:\/\/revolutionpadelstore.com\/it\/wp-json\/wp\/v2\/product"}],"about":[{"href":"https:\/\/revolutionpadelstore.com\/it\/wp-json\/wp\/v2\/types\/product"}],"replies":[{"embeddable":true,"href":"https:\/\/revolutionpadelstore.com\/it\/wp-json\/wp\/v2\/comments?post=93758"}],"wp:featuredmedia":[{"embeddable":true,"href":"https:\/\/revolutionpadelstore.com\/it\/wp-json\/wp\/v2\/media\/93513"}],"wp:attachment":[{"href":"https:\/\/revolutionpadelstore.com\/it\/wp-json\/wp\/v2\/media?parent=93758"}],"wp:term":[{"taxonomy":"acabado","embeddable":true,"href":"https:\/\/revolutionpadelstore.com\/it\/wp-json\/wp\/v2\/acabado?post=93758"},{"taxonomy":"balance","embeddable":true,"href":"https:\/\/revolutionpadelstore.com\/it\/wp-json\/wp\/v2\/balance?post=93758"},{"taxonomy":"dureza","embeddable":true,"href":"https:\/\/revolutionpadelstore.com\/it\/wp-json\/wp\/v2\/dureza?post=93758"},{"taxonomy":"forma","embeddable":true,"href":"https:\/\/revolutionpadelstore.com\/it\/wp-json\/wp\/v2\/forma?post=93758"},{"taxonomy":"jugador","embeddable":true,"href":"https:\/\/revolutionpadelstore.com\/it\/wp-json\/wp\/v2\/jugador?post=93758"},{"taxonomy":"marca","embeddable":true,"href":"https:\/\/revolutionpadelstore.com\/it\/wp-json\/wp\/v2\/marca?post=93758"},{"taxonomy":"nivel-de-juego","embeddable":true,"href":"https:\/\/revolutionpadelstore.com\/it\/wp-json\/wp\/v2\/nivel-de-juego?post=93758"},{"taxonomy":"superficie","embeddable":true,"href":"https:\/\/revolutionpadelstore.com\/it\/wp-json\/wp\/v2\/superficie?post=93758"},{"taxonomy":"tipo-de-juego","embeddable":true,"href":"https:\/\/revolutionpadelstore.com\/it\/wp-json\/wp\/v2\/tipo-de-juego?post=93758"},{"taxonomy":"product_brand","embeddable":true,"href":"https:\/\/revolutionpadelstore.com\/it\/wp-json\/wp\/v2\/product_brand?post=93758"},{"taxonomy":"product_cat","embeddable":true,"href":"https:\/\/revolutionpadelstore.com\/it\/wp-json\/wp\/v2\/product_cat?post=93758"},{"taxonomy":"product_tag","embeddable":true,"href":"https:\/\/revolutionpadelstore.com\/it\/wp-json\/wp\/v2\/product_tag?post=93758"}],"curies":[{"name":"wp","href":"https:\/\/api.w.org\/{rel}","templated":true}]}}