{"id":93743,"date":"2024-10-12T20:49:34","date_gmt":"2024-10-12T18:49:34","guid":{"rendered":"https:\/\/revolutionpadelstore.com\/starvie-triton-pro-touch-2025\/"},"modified":"2026-04-08T10:27:36","modified_gmt":"2026-04-08T08:27:36","slug":"starvie-triton-pro-touch-2025-4","status":"publish","type":"product","link":"https:\/\/revolutionpadelstore.com\/it\/prodotto\/starvie-triton-pro-touch-2025-4\/","title":{"rendered":"STARVIE TRIT\u00d3N PRO TOUCH 2025"},"content":{"rendered":"<p><strong>StarVie Trit\u00f3n Pro Touch 2025: formato a goccia per prestazioni ottimali<\/strong><\/p>\n<p>La StarVie Trit\u00f3n Pro Touch 2025 \u00e8 una racchetta premium, progettata per quei giocatori che cercano un equilibrio eccezionale tra controllo e potenza. La sua forma a goccia, abbinata ad un elegante design nero con dettagli argento, ne mette in risalto non solo l&#8217;estetica moderna, ma anche la sua tecnologia avanzata. La gomma Pro Touch a densit\u00e0 medio-dura garantisce sensibilit\u00e0, controllo e potenza eccellenti in ogni colpo.<\/p>\n<p><strong>Rivolto a giocatori avanzati<\/strong><\/p>\n<p>Questa racchetta \u00e8 pensata soprattutto per i giocatori avanzati, in particolare quelli con uno stile di gioco offensivo che vogliono massimizzare il proprio attacco e controllo. La forma a goccia, con lo sweet spot spostato verso la testa, permette di generare maggiore potenza senza sacrificare la precisione. Inoltre, la rigidit\u00e0 fornita dai due strati di carbonio 3K garantisce un controllo superiore, ideale per i giocatori esperti che desiderano ottimizzare ogni colpo.<\/p>\n<p><strong>Caratteristiche e tecnologie di StarVie Triton Pro Touch 2025<\/strong><\/p>\n<p style=\"padding-left: 40px\"><strong>-Forma:<\/strong> design a goccia con lo sweet spot situato verso la testa.<\/p>\n<p style=\"padding-left: 40px\"><strong>-Nucleo:<\/strong> gomma EVA Pro Touch a densit\u00e0 medio-dura, che fornisce un equilibrio tra controllo e potenza.<\/p>\n<p style=\"padding-left: 40px\"><strong>-Materiali:<\/strong> Due strati di carbonio 3K che aumentano la rigidit\u00e0, migliorando il controllo e la potenza del colpo.<\/p>\n<p style=\"padding-left: 40px\"><strong>-Plane Roughness:<\/strong> tecnologia Full Plane Effect che migliora la precisione quando si applicano effetti alla palla.<\/p>\n<p style=\"padding-left: 40px\"><strong>-Impugnatura migliorata:<\/strong> impugnatura pi\u00f9 lunga, che include 1 cm in pi\u00f9 nel pugno per una presa pi\u00f9 comoda nei pugni a due mani.<\/p>\n<p style=\"padding-left: 40px\"><strong>-Assorbimento delle vibrazioni:<\/strong> tecnologia Noene Inside che riduce fino al 96% delle vibrazioni, minimizzando l&#8217;impatto sul braccio.<\/p>\n<p style=\"padding-left: 40px\"><strong>-Estetica:<\/strong> Design moderno in nero con dettagli argento sul telaio e sul logo.<\/p>\n<p>In sintesi, la StarVie Trit\u00f3n Pro Touch 2025 \u00e8 la racchetta ideale per i giocatori avanzati che cercano prestazioni elevate in controllo e potenza, fondendo tecnologia innovativa con un design accattivante. Se il tuo obiettivo \u00e8 aumentare il tuo livello di gioco, questa racchetta \u00e8 una scelta eccezionale.<strong>StarVie Trit\u00f3n Pro Touch 2025: Formato L\u00e1grima para un Rendimiento \u00d3ptimo<\/strong><\/p>\n","protected":false},"excerpt":{"rendered":"<p>StarVie Triton Pro Touch 2025 offre controllo e potenza con tecnologia avanzata per giocatori offensivi avanzati, massimizzando ogni colpo con precisione.<\/p>\n","protected":false},"featured_media":93675,"comment_status":"open","ping_status":"closed","template":"","meta":{"_acf_changed":false,"_joinchat":[]},"acabado":[1091],"balance":[1136],"dureza":[1156],"forma":[1186],"jugador":[1201,1191],"marca":[1291],"nivel-de-juego":[1336],"superficie":[1361],"tipo-de-juego":[1386],"product_brand":[],"product_cat":[301],"product_tag":[],"class_list":{"0":"post-93743","1":"product","2":"type-product","3":"status-publish","4":"has-post-thumbnail","6":"acabado-relieve-3d-it","7":"balance-alto-it","8":"dureza-media-it","9":"forma-lagrima-it","10":"jugador-multiuso","11":"jugador-uomo","12":"marca-starvie-it","13":"superficie-rugosa-it","14":"tipo-de-juego-multiuso","15":"product_cat-palas-de-padel-it","17":"first","18":"instock","19":"sale","20":"taxable","21":"shipping-taxable","22":"purchasable","23":"product-type-simple"},"acf":[],"yoast_head":"<!-- This site is optimized with the Yoast SEO plugin v27.4 - https:\/\/yoast.com\/product\/yoast-seo-wordpress\/ -->\n<title>STARVIE TRIT\u00d3N PRO TOUCH 2025 - Revolution Padel Store<\/title>\n<meta name=\"description\" content=\"La StarVie Trit\u00f3n Pro Touch 2025 es una pala de p\u00e1del premium dise\u00f1ada para aquellos que buscan un equilibrio perfecto entre control y potencia en su juego. Con una forma de l\u00e1grima y un dise\u00f1o en negro con detalles en plata, esta pala destaca por su est\u00e9tica moderna y su avanzada tecnolog\u00eda, incluyendo una novedosa goma Pro Touch de densidad media-dura, que ofrece una excelente combinaci\u00f3n de sensibilidad, control y potencia.\" \/>\n<meta name=\"robots\" content=\"index, follow, max-snippet:-1, max-image-preview:large, max-video-preview:-1\" \/>\n<link rel=\"canonical\" href=\"https:\/\/revolutionpadelstore.com\/it\/prodotto\/starvie-triton-pro-touch-2025-4\/\" \/>\n<meta property=\"og:locale\" content=\"it_IT\" \/>\n<meta property=\"og:type\" content=\"article\" \/>\n<meta property=\"og:title\" content=\"STARVIE TRIT\u00d3N PRO TOUCH 2025 - Revolution Padel Store\" \/>\n<meta property=\"og:description\" content=\"La StarVie Trit\u00f3n Pro Touch 2025 es una pala de p\u00e1del premium dise\u00f1ada para aquellos que buscan un equilibrio perfecto entre control y potencia en su juego. Con una forma de l\u00e1grima y un dise\u00f1o en negro con detalles en plata, esta pala destaca por su est\u00e9tica moderna y su avanzada tecnolog\u00eda, incluyendo una novedosa goma Pro Touch de densidad media-dura, que ofrece una excelente combinaci\u00f3n de sensibilidad, control y potencia.\" \/>\n<meta property=\"og:url\" content=\"https:\/\/revolutionpadelstore.com\/it\/prodotto\/starvie-triton-pro-touch-2025-4\/\" \/>\n<meta property=\"og:site_name\" content=\"Revolution Padel Store\" \/>\n<meta property=\"article:modified_time\" content=\"2026-04-08T08:27:36+00:00\" \/>\n<meta property=\"og:image\" content=\"https:\/\/revolutionpadelstore.com\/wp-content\/uploads\/2024\/10\/pala-starvie-triton-pro-touch-2025-1-800x800-1.jpg\" \/>\n\t<meta property=\"og:image:width\" content=\"800\" \/>\n\t<meta property=\"og:image:height\" content=\"800\" \/>\n\t<meta property=\"og:image:type\" content=\"image\/jpeg\" \/>\n<meta name=\"twitter:card\" content=\"summary_large_image\" \/>\n<meta name=\"twitter:label1\" content=\"Tempo di lettura stimato\" \/>\n\t<meta name=\"twitter:data1\" content=\"2 minuti\" \/>\n<script type=\"application\/ld+json\" class=\"yoast-schema-graph\">{\"@context\":\"https:\\\/\\\/schema.org\",\"@graph\":[{\"@type\":\"WebPage\",\"@id\":\"https:\\\/\\\/revolutionpadelstore.com\\\/it\\\/prodotto\\\/starvie-triton-pro-touch-2025-4\\\/\",\"url\":\"https:\\\/\\\/revolutionpadelstore.com\\\/it\\\/prodotto\\\/starvie-triton-pro-touch-2025-4\\\/\",\"name\":\"STARVIE TRIT\u00d3N PRO TOUCH 2025 - Revolution Padel Store\",\"isPartOf\":{\"@id\":\"https:\\\/\\\/revolutionpadelstore.com\\\/it\\\/#website\"},\"primaryImageOfPage\":{\"@id\":\"https:\\\/\\\/revolutionpadelstore.com\\\/it\\\/prodotto\\\/starvie-triton-pro-touch-2025-4\\\/#primaryimage\"},\"image\":{\"@id\":\"https:\\\/\\\/revolutionpadelstore.com\\\/it\\\/prodotto\\\/starvie-triton-pro-touch-2025-4\\\/#primaryimage\"},\"thumbnailUrl\":\"https:\\\/\\\/revolutionpadelstore.com\\\/wp-content\\\/uploads\\\/2024\\\/10\\\/pala-starvie-triton-pro-touch-2025-1-800x800-1.jpg\",\"datePublished\":\"2024-10-12T18:49:34+00:00\",\"dateModified\":\"2026-04-08T08:27:36+00:00\",\"description\":\"La StarVie Trit\u00f3n Pro Touch 2025 es una pala de p\u00e1del premium dise\u00f1ada para aquellos que buscan un equilibrio perfecto entre control y potencia en su juego. Con una forma de l\u00e1grima y un dise\u00f1o en negro con detalles en plata, esta pala destaca por su est\u00e9tica moderna y su avanzada tecnolog\u00eda, incluyendo una novedosa goma Pro Touch de densidad media-dura, que ofrece una excelente combinaci\u00f3n de sensibilidad, control y potencia.\",\"breadcrumb\":{\"@id\":\"https:\\\/\\\/revolutionpadelstore.com\\\/it\\\/prodotto\\\/starvie-triton-pro-touch-2025-4\\\/#breadcrumb\"},\"inLanguage\":\"it-IT\",\"potentialAction\":[{\"@type\":\"ReadAction\",\"target\":[\"https:\\\/\\\/revolutionpadelstore.com\\\/it\\\/prodotto\\\/starvie-triton-pro-touch-2025-4\\\/\"]}]},{\"@type\":\"ImageObject\",\"inLanguage\":\"it-IT\",\"@id\":\"https:\\\/\\\/revolutionpadelstore.com\\\/it\\\/prodotto\\\/starvie-triton-pro-touch-2025-4\\\/#primaryimage\",\"url\":\"https:\\\/\\\/revolutionpadelstore.com\\\/wp-content\\\/uploads\\\/2024\\\/10\\\/pala-starvie-triton-pro-touch-2025-1-800x800-1.jpg\",\"contentUrl\":\"https:\\\/\\\/revolutionpadelstore.com\\\/wp-content\\\/uploads\\\/2024\\\/10\\\/pala-starvie-triton-pro-touch-2025-1-800x800-1.jpg\",\"width\":800,\"height\":800},{\"@type\":\"BreadcrumbList\",\"@id\":\"https:\\\/\\\/revolutionpadelstore.com\\\/it\\\/prodotto\\\/starvie-triton-pro-touch-2025-4\\\/#breadcrumb\",\"itemListElement\":[{\"@type\":\"ListItem\",\"position\":1,\"name\":\"Portada\",\"item\":\"https:\\\/\\\/revolutionpadelstore.com\\\/it\\\/\"},{\"@type\":\"ListItem\",\"position\":2,\"name\":\"Tienda\",\"item\":\"https:\\\/\\\/revolutionpadelstore.com\\\/it\\\/tienda\\\/\"},{\"@type\":\"ListItem\",\"position\":3,\"name\":\"STARVIE TRIT\u00d3N PRO TOUCH 2025\"}]},{\"@type\":\"WebSite\",\"@id\":\"https:\\\/\\\/revolutionpadelstore.com\\\/it\\\/#website\",\"url\":\"https:\\\/\\\/revolutionpadelstore.com\\\/it\\\/\",\"name\":\"Revolution Padel Store\",\"description\":\"\",\"publisher\":{\"@id\":\"https:\\\/\\\/revolutionpadelstore.com\\\/it\\\/#organization\"},\"potentialAction\":[{\"@type\":\"SearchAction\",\"target\":{\"@type\":\"EntryPoint\",\"urlTemplate\":\"https:\\\/\\\/revolutionpadelstore.com\\\/it\\\/?s={search_term_string}\"},\"query-input\":{\"@type\":\"PropertyValueSpecification\",\"valueRequired\":true,\"valueName\":\"search_term_string\"}}],\"inLanguage\":\"it-IT\"},{\"@type\":\"Organization\",\"@id\":\"https:\\\/\\\/revolutionpadelstore.com\\\/it\\\/#organization\",\"name\":\"Revolution Padel Store\",\"url\":\"https:\\\/\\\/revolutionpadelstore.com\\\/it\\\/\",\"logo\":{\"@type\":\"ImageObject\",\"inLanguage\":\"it-IT\",\"@id\":\"https:\\\/\\\/revolutionpadelstore.com\\\/it\\\/#\\\/schema\\\/logo\\\/image\\\/\",\"url\":\"https:\\\/\\\/revolutionpadelstore.com\\\/wp-content\\\/uploads\\\/2026\\\/02\\\/revolution-padel-store.jpg\",\"contentUrl\":\"https:\\\/\\\/revolutionpadelstore.com\\\/wp-content\\\/uploads\\\/2026\\\/02\\\/revolution-padel-store.jpg\",\"width\":2000,\"height\":2000,\"caption\":\"Revolution Padel Store\"},\"image\":{\"@id\":\"https:\\\/\\\/revolutionpadelstore.com\\\/it\\\/#\\\/schema\\\/logo\\\/image\\\/\"},\"sameAs\":[\"https:\\\/\\\/www.instagram.com\\\/revolutionpadelstore\\\/\"]}]}<\/script>\n<!-- \/ Yoast SEO plugin. -->","yoast_head_json":{"title":"STARVIE TRIT\u00d3N PRO TOUCH 2025 - Revolution Padel Store","description":"La StarVie Trit\u00f3n Pro Touch 2025 es una pala de p\u00e1del premium dise\u00f1ada para aquellos que buscan un equilibrio perfecto entre control y potencia en su juego. Con una forma de l\u00e1grima y un dise\u00f1o en negro con detalles en plata, esta pala destaca por su est\u00e9tica moderna y su avanzada tecnolog\u00eda, incluyendo una novedosa goma Pro Touch de densidad media-dura, que ofrece una excelente combinaci\u00f3n de sensibilidad, control y potencia.","robots":{"index":"index","follow":"follow","max-snippet":"max-snippet:-1","max-image-preview":"max-image-preview:large","max-video-preview":"max-video-preview:-1"},"canonical":"https:\/\/revolutionpadelstore.com\/it\/prodotto\/starvie-triton-pro-touch-2025-4\/","og_locale":"it_IT","og_type":"article","og_title":"STARVIE TRIT\u00d3N PRO TOUCH 2025 - Revolution Padel Store","og_description":"La StarVie Trit\u00f3n Pro Touch 2025 es una pala de p\u00e1del premium dise\u00f1ada para aquellos que buscan un equilibrio perfecto entre control y potencia en su juego. Con una forma de l\u00e1grima y un dise\u00f1o en negro con detalles en plata, esta pala destaca por su est\u00e9tica moderna y su avanzada tecnolog\u00eda, incluyendo una novedosa goma Pro Touch de densidad media-dura, que ofrece una excelente combinaci\u00f3n de sensibilidad, control y potencia.","og_url":"https:\/\/revolutionpadelstore.com\/it\/prodotto\/starvie-triton-pro-touch-2025-4\/","og_site_name":"Revolution Padel Store","article_modified_time":"2026-04-08T08:27:36+00:00","og_image":[{"width":800,"height":800,"url":"https:\/\/revolutionpadelstore.com\/wp-content\/uploads\/2024\/10\/pala-starvie-triton-pro-touch-2025-1-800x800-1.jpg","type":"image\/jpeg"}],"twitter_card":"summary_large_image","twitter_misc":{"Tempo di lettura stimato":"2 minuti"},"schema":{"@context":"https:\/\/schema.org","@graph":[{"@type":"WebPage","@id":"https:\/\/revolutionpadelstore.com\/it\/prodotto\/starvie-triton-pro-touch-2025-4\/","url":"https:\/\/revolutionpadelstore.com\/it\/prodotto\/starvie-triton-pro-touch-2025-4\/","name":"STARVIE TRIT\u00d3N PRO TOUCH 2025 - Revolution Padel Store","isPartOf":{"@id":"https:\/\/revolutionpadelstore.com\/it\/#website"},"primaryImageOfPage":{"@id":"https:\/\/revolutionpadelstore.com\/it\/prodotto\/starvie-triton-pro-touch-2025-4\/#primaryimage"},"image":{"@id":"https:\/\/revolutionpadelstore.com\/it\/prodotto\/starvie-triton-pro-touch-2025-4\/#primaryimage"},"thumbnailUrl":"https:\/\/revolutionpadelstore.com\/wp-content\/uploads\/2024\/10\/pala-starvie-triton-pro-touch-2025-1-800x800-1.jpg","datePublished":"2024-10-12T18:49:34+00:00","dateModified":"2026-04-08T08:27:36+00:00","description":"La StarVie Trit\u00f3n Pro Touch 2025 es una pala de p\u00e1del premium dise\u00f1ada para aquellos que buscan un equilibrio perfecto entre control y potencia en su juego. Con una forma de l\u00e1grima y un dise\u00f1o en negro con detalles en plata, esta pala destaca por su est\u00e9tica moderna y su avanzada tecnolog\u00eda, incluyendo una novedosa goma Pro Touch de densidad media-dura, que ofrece una excelente combinaci\u00f3n de sensibilidad, control y potencia.","breadcrumb":{"@id":"https:\/\/revolutionpadelstore.com\/it\/prodotto\/starvie-triton-pro-touch-2025-4\/#breadcrumb"},"inLanguage":"it-IT","potentialAction":[{"@type":"ReadAction","target":["https:\/\/revolutionpadelstore.com\/it\/prodotto\/starvie-triton-pro-touch-2025-4\/"]}]},{"@type":"ImageObject","inLanguage":"it-IT","@id":"https:\/\/revolutionpadelstore.com\/it\/prodotto\/starvie-triton-pro-touch-2025-4\/#primaryimage","url":"https:\/\/revolutionpadelstore.com\/wp-content\/uploads\/2024\/10\/pala-starvie-triton-pro-touch-2025-1-800x800-1.jpg","contentUrl":"https:\/\/revolutionpadelstore.com\/wp-content\/uploads\/2024\/10\/pala-starvie-triton-pro-touch-2025-1-800x800-1.jpg","width":800,"height":800},{"@type":"BreadcrumbList","@id":"https:\/\/revolutionpadelstore.com\/it\/prodotto\/starvie-triton-pro-touch-2025-4\/#breadcrumb","itemListElement":[{"@type":"ListItem","position":1,"name":"Portada","item":"https:\/\/revolutionpadelstore.com\/it\/"},{"@type":"ListItem","position":2,"name":"Tienda","item":"https:\/\/revolutionpadelstore.com\/it\/tienda\/"},{"@type":"ListItem","position":3,"name":"STARVIE TRIT\u00d3N PRO TOUCH 2025"}]},{"@type":"WebSite","@id":"https:\/\/revolutionpadelstore.com\/it\/#website","url":"https:\/\/revolutionpadelstore.com\/it\/","name":"Revolution Padel Store","description":"","publisher":{"@id":"https:\/\/revolutionpadelstore.com\/it\/#organization"},"potentialAction":[{"@type":"SearchAction","target":{"@type":"EntryPoint","urlTemplate":"https:\/\/revolutionpadelstore.com\/it\/?s={search_term_string}"},"query-input":{"@type":"PropertyValueSpecification","valueRequired":true,"valueName":"search_term_string"}}],"inLanguage":"it-IT"},{"@type":"Organization","@id":"https:\/\/revolutionpadelstore.com\/it\/#organization","name":"Revolution Padel Store","url":"https:\/\/revolutionpadelstore.com\/it\/","logo":{"@type":"ImageObject","inLanguage":"it-IT","@id":"https:\/\/revolutionpadelstore.com\/it\/#\/schema\/logo\/image\/","url":"https:\/\/revolutionpadelstore.com\/wp-content\/uploads\/2026\/02\/revolution-padel-store.jpg","contentUrl":"https:\/\/revolutionpadelstore.com\/wp-content\/uploads\/2026\/02\/revolution-padel-store.jpg","width":2000,"height":2000,"caption":"Revolution Padel Store"},"image":{"@id":"https:\/\/revolutionpadelstore.com\/it\/#\/schema\/logo\/image\/"},"sameAs":["https:\/\/www.instagram.com\/revolutionpadelstore\/"]}]}},"_links":{"self":[{"href":"https:\/\/revolutionpadelstore.com\/it\/wp-json\/wp\/v2\/product\/93743","targetHints":{"allow":["GET"]}}],"collection":[{"href":"https:\/\/revolutionpadelstore.com\/it\/wp-json\/wp\/v2\/product"}],"about":[{"href":"https:\/\/revolutionpadelstore.com\/it\/wp-json\/wp\/v2\/types\/product"}],"replies":[{"embeddable":true,"href":"https:\/\/revolutionpadelstore.com\/it\/wp-json\/wp\/v2\/comments?post=93743"}],"wp:featuredmedia":[{"embeddable":true,"href":"https:\/\/revolutionpadelstore.com\/it\/wp-json\/wp\/v2\/media\/93675"}],"wp:attachment":[{"href":"https:\/\/revolutionpadelstore.com\/it\/wp-json\/wp\/v2\/media?parent=93743"}],"wp:term":[{"taxonomy":"acabado","embeddable":true,"href":"https:\/\/revolutionpadelstore.com\/it\/wp-json\/wp\/v2\/acabado?post=93743"},{"taxonomy":"balance","embeddable":true,"href":"https:\/\/revolutionpadelstore.com\/it\/wp-json\/wp\/v2\/balance?post=93743"},{"taxonomy":"dureza","embeddable":true,"href":"https:\/\/revolutionpadelstore.com\/it\/wp-json\/wp\/v2\/dureza?post=93743"},{"taxonomy":"forma","embeddable":true,"href":"https:\/\/revolutionpadelstore.com\/it\/wp-json\/wp\/v2\/forma?post=93743"},{"taxonomy":"jugador","embeddable":true,"href":"https:\/\/revolutionpadelstore.com\/it\/wp-json\/wp\/v2\/jugador?post=93743"},{"taxonomy":"marca","embeddable":true,"href":"https:\/\/revolutionpadelstore.com\/it\/wp-json\/wp\/v2\/marca?post=93743"},{"taxonomy":"nivel-de-juego","embeddable":true,"href":"https:\/\/revolutionpadelstore.com\/it\/wp-json\/wp\/v2\/nivel-de-juego?post=93743"},{"taxonomy":"superficie","embeddable":true,"href":"https:\/\/revolutionpadelstore.com\/it\/wp-json\/wp\/v2\/superficie?post=93743"},{"taxonomy":"tipo-de-juego","embeddable":true,"href":"https:\/\/revolutionpadelstore.com\/it\/wp-json\/wp\/v2\/tipo-de-juego?post=93743"},{"taxonomy":"product_brand","embeddable":true,"href":"https:\/\/revolutionpadelstore.com\/it\/wp-json\/wp\/v2\/product_brand?post=93743"},{"taxonomy":"product_cat","embeddable":true,"href":"https:\/\/revolutionpadelstore.com\/it\/wp-json\/wp\/v2\/product_cat?post=93743"},{"taxonomy":"product_tag","embeddable":true,"href":"https:\/\/revolutionpadelstore.com\/it\/wp-json\/wp\/v2\/product_tag?post=93743"}],"curies":[{"name":"wp","href":"https:\/\/api.w.org\/{rel}","templated":true}]}}