{"id":93738,"date":"2024-10-12T20:55:15","date_gmt":"2024-10-12T18:55:15","guid":{"rendered":"https:\/\/revolutionpadelstore.com\/starvie-triton-pro-2025\/"},"modified":"2026-04-08T10:27:07","modified_gmt":"2026-04-08T08:27:07","slug":"starvie-triton-pro-2025-4","status":"publish","type":"product","link":"https:\/\/revolutionpadelstore.com\/it\/prodotto\/starvie-triton-pro-2025-4\/","title":{"rendered":"STARVIE TRIT\u00d3N PRO 2025"},"content":{"rendered":"<p><strong>StarVie Trit\u00f3n Pro 2025: potenza e controllo in formato a goccia<\/strong><\/p>\n<p>La StarVie Trit\u00f3n Pro 2025 \u00e8 una racchetta di fascia alta, progettata con uno stampo a forma di lacrima che sposta l&#8217;equilibrio verso la testa, rendendola un&#8217;opzione ideale per i giocatori che cercano di massimizzare la potenza nel loro gioco. Questo modello della linea premium di StarVie si distingue per la sua eleganza, con un design nero che include sofisticati dettagli argentati, come il telaio, il logo sulla parte superiore e l&#8217;emblematico logo della stella nel cuore della lama. \u00c8 lo strumento perfetto per chi vuole migliorare le proprie prestazioni in campo.<\/p>\n<p><strong>Rivolto a giocatori avanzati e versatili<\/strong><\/p>\n<p>Questa racchetta \u00e8 particolarmente consigliata ai giocatori di livello avanzato che possiedono una tecnica raffinata e necessitano di un&#8217;attrezzatura che offra qualcosa in pi\u00f9 nei loro colpi offensivi. La gomma Pro 50 a media densit\u00e0 fornisce un eccellente equilibrio tra potenza e controllo, consentendoti di effettuare colpi precisi e potenti. La Trit\u00f3n Pro 2025 \u00e8 l&#8217;ideale per chi cerca di padroneggiare sia il gioco offensivo che il controllo, senza compromettere le sensazioni in campo.<\/p>\n<p><strong>Caratteristiche e tecnologie di StarVie Triton Pro 2025<\/strong><\/p>\n<p style=\"padding-left: 40px\"><strong>-Forma:<\/strong> a goccia, con uno sweet spot situato nella parte superiore, che favorisce i colpi potenti.<\/p>\n<p style=\"padding-left: 40px\"><strong>-Nucleo:<\/strong> gomma EVA Pro 50 a media densit\u00e0, che combina efficacemente controllo e potenza.<\/p>\n<p style=\"padding-left: 40px\"><strong>-Materiali:<\/strong> Due strati di carbonio 3K sulle facce, forniscono maggiore rigidit\u00e0 e controllo.<\/p>\n<p style=\"padding-left: 40px\"><strong>-Plane Roughness:<\/strong> tecnologia Full Plane Effect, che migliora la precisione quando si applicano effetti alla palla.<\/p>\n<p style=\"padding-left: 40px\"><strong>-Grip migliorato:<\/strong> impugnatura pi\u00f9 lunga, con 1 cm in pi\u00f9 sull&#8217;impugnatura per una presa migliore, soprattutto sui colpi di rovescio.<\/p>\n<p style=\"padding-left: 40px\"><strong>-Assorbimento delle vibrazioni:<\/strong> Noene Inside Technology, che assorbe fino al 96% delle vibrazioni, proteggendo le articolazioni del giocatore.<\/p>\n<p style=\"padding-left: 40px\"><strong>-Produzione:<\/strong> 100% fatto a mano in Spagna, garantendo qualit\u00e0 e attenzione ai dettagli.<\/p>\n<p style=\"padding-left: 40px\"><strong>-Estetica:<\/strong> design elegante in nero con dettagli argento che ne aumentano il fascino visivo.<\/p>\n<p>In conclusione, la StarVie Trit\u00f3n Pro 2025 \u00e8 la scelta perfetta per i giocatori esigenti che cercano una racchetta che unisca potenza, precisione e comfort. Con la sua tecnologia avanzata e il design sofisticato, questa racchetta ti permetter\u00e0 di ottenere un gioco pi\u00f9 aggressivo ed efficace.<strong>StarVie Trit\u00f3n Pro 2025: Potencia y Control en Formato L\u00e1grima<\/strong><\/p>\n","protected":false},"excerpt":{"rendered":"<p>La StarVie Trit\u00f3n Pro 2025 \u00e8 una racchetta premium per giocatori avanzati che cercano potenza e controllo, con tecnologia del carbonio 3K e gomma Pro 50 EVA.<\/p>\n","protected":false},"featured_media":93675,"comment_status":"open","ping_status":"closed","template":"","meta":{"_acf_changed":false,"_joinchat":[]},"acabado":[],"balance":[1136],"dureza":[1156],"forma":[1186],"jugador":[1201,1191],"marca":[1291],"nivel-de-juego":[1336],"superficie":[1361],"tipo-de-juego":[1386],"product_brand":[],"product_cat":[301],"product_tag":[],"class_list":{"0":"post-93738","1":"product","2":"type-product","3":"status-publish","4":"has-post-thumbnail","6":"balance-alto-it","7":"dureza-media-it","8":"forma-lagrima-it","9":"jugador-multiuso","10":"jugador-uomo","11":"marca-starvie-it","12":"superficie-rugosa-it","13":"tipo-de-juego-multiuso","14":"product_cat-palas-de-padel-it","16":"first","17":"instock","18":"sale","19":"taxable","20":"shipping-taxable","21":"purchasable","22":"product-type-simple"},"acf":[],"yoast_head":"<!-- This site is optimized with the Yoast SEO plugin v27.4 - https:\/\/yoast.com\/product\/yoast-seo-wordpress\/ -->\n<title>STARVIE TRIT\u00d3N PRO 2025 - Revolution Padel Store<\/title>\n<meta name=\"description\" content=\"La StarVie Trit\u00f3n Pro 2025 es una pala de p\u00e1del de alta gama, dise\u00f1ada con un molde en forma de l\u00e1grima que desplaza el balance hacia la cabeza, lo que la convierte en una pala enfocada en la potencia. Este modelo, de la l\u00ednea premium de StarVie, destaca por su elegancia con un dise\u00f1o en negro y detalles en plata que incluyen el marco, el logo en el plano y el logo de la estrella en el coraz\u00f3n de la pala. Es una herramienta ideal para los jugadores que buscan dar un salto en su juego con una pala que ofrece tanto potencia como control.\" \/>\n<meta name=\"robots\" content=\"index, follow, max-snippet:-1, max-image-preview:large, max-video-preview:-1\" \/>\n<link rel=\"canonical\" href=\"https:\/\/revolutionpadelstore.com\/it\/prodotto\/starvie-triton-pro-2025-4\/\" \/>\n<meta property=\"og:locale\" content=\"it_IT\" \/>\n<meta property=\"og:type\" content=\"article\" \/>\n<meta property=\"og:title\" content=\"STARVIE TRIT\u00d3N PRO 2025 - Revolution Padel Store\" \/>\n<meta property=\"og:description\" content=\"La StarVie Trit\u00f3n Pro 2025 es una pala de p\u00e1del de alta gama, dise\u00f1ada con un molde en forma de l\u00e1grima que desplaza el balance hacia la cabeza, lo que la convierte en una pala enfocada en la potencia. Este modelo, de la l\u00ednea premium de StarVie, destaca por su elegancia con un dise\u00f1o en negro y detalles en plata que incluyen el marco, el logo en el plano y el logo de la estrella en el coraz\u00f3n de la pala. Es una herramienta ideal para los jugadores que buscan dar un salto en su juego con una pala que ofrece tanto potencia como control.\" \/>\n<meta property=\"og:url\" content=\"https:\/\/revolutionpadelstore.com\/it\/prodotto\/starvie-triton-pro-2025-4\/\" \/>\n<meta property=\"og:site_name\" content=\"Revolution Padel Store\" \/>\n<meta property=\"article:modified_time\" content=\"2026-04-08T08:27:07+00:00\" \/>\n<meta property=\"og:image\" content=\"https:\/\/revolutionpadelstore.com\/wp-content\/uploads\/2024\/10\/pala-starvie-triton-pro-touch-2025-1-800x800-1.jpg\" \/>\n\t<meta property=\"og:image:width\" content=\"800\" \/>\n\t<meta property=\"og:image:height\" content=\"800\" \/>\n\t<meta property=\"og:image:type\" content=\"image\/jpeg\" \/>\n<meta name=\"twitter:card\" content=\"summary_large_image\" \/>\n<meta name=\"twitter:label1\" content=\"Tempo di lettura stimato\" \/>\n\t<meta name=\"twitter:data1\" content=\"2 minuti\" \/>\n<script type=\"application\/ld+json\" class=\"yoast-schema-graph\">{\"@context\":\"https:\\\/\\\/schema.org\",\"@graph\":[{\"@type\":\"WebPage\",\"@id\":\"https:\\\/\\\/revolutionpadelstore.com\\\/it\\\/prodotto\\\/starvie-triton-pro-2025-4\\\/\",\"url\":\"https:\\\/\\\/revolutionpadelstore.com\\\/it\\\/prodotto\\\/starvie-triton-pro-2025-4\\\/\",\"name\":\"STARVIE TRIT\u00d3N PRO 2025 - Revolution Padel Store\",\"isPartOf\":{\"@id\":\"https:\\\/\\\/revolutionpadelstore.com\\\/it\\\/#website\"},\"primaryImageOfPage\":{\"@id\":\"https:\\\/\\\/revolutionpadelstore.com\\\/it\\\/prodotto\\\/starvie-triton-pro-2025-4\\\/#primaryimage\"},\"image\":{\"@id\":\"https:\\\/\\\/revolutionpadelstore.com\\\/it\\\/prodotto\\\/starvie-triton-pro-2025-4\\\/#primaryimage\"},\"thumbnailUrl\":\"https:\\\/\\\/revolutionpadelstore.com\\\/wp-content\\\/uploads\\\/2024\\\/10\\\/pala-starvie-triton-pro-touch-2025-1-800x800-1.jpg\",\"datePublished\":\"2024-10-12T18:55:15+00:00\",\"dateModified\":\"2026-04-08T08:27:07+00:00\",\"description\":\"La StarVie Trit\u00f3n Pro 2025 es una pala de p\u00e1del de alta gama, dise\u00f1ada con un molde en forma de l\u00e1grima que desplaza el balance hacia la cabeza, lo que la convierte en una pala enfocada en la potencia. Este modelo, de la l\u00ednea premium de StarVie, destaca por su elegancia con un dise\u00f1o en negro y detalles en plata que incluyen el marco, el logo en el plano y el logo de la estrella en el coraz\u00f3n de la pala. Es una herramienta ideal para los jugadores que buscan dar un salto en su juego con una pala que ofrece tanto potencia como control.\",\"breadcrumb\":{\"@id\":\"https:\\\/\\\/revolutionpadelstore.com\\\/it\\\/prodotto\\\/starvie-triton-pro-2025-4\\\/#breadcrumb\"},\"inLanguage\":\"it-IT\",\"potentialAction\":[{\"@type\":\"ReadAction\",\"target\":[\"https:\\\/\\\/revolutionpadelstore.com\\\/it\\\/prodotto\\\/starvie-triton-pro-2025-4\\\/\"]}]},{\"@type\":\"ImageObject\",\"inLanguage\":\"it-IT\",\"@id\":\"https:\\\/\\\/revolutionpadelstore.com\\\/it\\\/prodotto\\\/starvie-triton-pro-2025-4\\\/#primaryimage\",\"url\":\"https:\\\/\\\/revolutionpadelstore.com\\\/wp-content\\\/uploads\\\/2024\\\/10\\\/pala-starvie-triton-pro-touch-2025-1-800x800-1.jpg\",\"contentUrl\":\"https:\\\/\\\/revolutionpadelstore.com\\\/wp-content\\\/uploads\\\/2024\\\/10\\\/pala-starvie-triton-pro-touch-2025-1-800x800-1.jpg\",\"width\":800,\"height\":800},{\"@type\":\"BreadcrumbList\",\"@id\":\"https:\\\/\\\/revolutionpadelstore.com\\\/it\\\/prodotto\\\/starvie-triton-pro-2025-4\\\/#breadcrumb\",\"itemListElement\":[{\"@type\":\"ListItem\",\"position\":1,\"name\":\"Portada\",\"item\":\"https:\\\/\\\/revolutionpadelstore.com\\\/it\\\/\"},{\"@type\":\"ListItem\",\"position\":2,\"name\":\"Tienda\",\"item\":\"https:\\\/\\\/revolutionpadelstore.com\\\/it\\\/tienda\\\/\"},{\"@type\":\"ListItem\",\"position\":3,\"name\":\"STARVIE TRIT\u00d3N PRO 2025\"}]},{\"@type\":\"WebSite\",\"@id\":\"https:\\\/\\\/revolutionpadelstore.com\\\/it\\\/#website\",\"url\":\"https:\\\/\\\/revolutionpadelstore.com\\\/it\\\/\",\"name\":\"Revolution Padel Store\",\"description\":\"\",\"publisher\":{\"@id\":\"https:\\\/\\\/revolutionpadelstore.com\\\/it\\\/#organization\"},\"potentialAction\":[{\"@type\":\"SearchAction\",\"target\":{\"@type\":\"EntryPoint\",\"urlTemplate\":\"https:\\\/\\\/revolutionpadelstore.com\\\/it\\\/?s={search_term_string}\"},\"query-input\":{\"@type\":\"PropertyValueSpecification\",\"valueRequired\":true,\"valueName\":\"search_term_string\"}}],\"inLanguage\":\"it-IT\"},{\"@type\":\"Organization\",\"@id\":\"https:\\\/\\\/revolutionpadelstore.com\\\/it\\\/#organization\",\"name\":\"Revolution Padel Store\",\"url\":\"https:\\\/\\\/revolutionpadelstore.com\\\/it\\\/\",\"logo\":{\"@type\":\"ImageObject\",\"inLanguage\":\"it-IT\",\"@id\":\"https:\\\/\\\/revolutionpadelstore.com\\\/it\\\/#\\\/schema\\\/logo\\\/image\\\/\",\"url\":\"https:\\\/\\\/revolutionpadelstore.com\\\/wp-content\\\/uploads\\\/2026\\\/02\\\/revolution-padel-store.jpg\",\"contentUrl\":\"https:\\\/\\\/revolutionpadelstore.com\\\/wp-content\\\/uploads\\\/2026\\\/02\\\/revolution-padel-store.jpg\",\"width\":2000,\"height\":2000,\"caption\":\"Revolution Padel Store\"},\"image\":{\"@id\":\"https:\\\/\\\/revolutionpadelstore.com\\\/it\\\/#\\\/schema\\\/logo\\\/image\\\/\"},\"sameAs\":[\"https:\\\/\\\/www.instagram.com\\\/revolutionpadelstore\\\/\"]}]}<\/script>\n<!-- \/ Yoast SEO plugin. -->","yoast_head_json":{"title":"STARVIE TRIT\u00d3N PRO 2025 - Revolution Padel Store","description":"La StarVie Trit\u00f3n Pro 2025 es una pala de p\u00e1del de alta gama, dise\u00f1ada con un molde en forma de l\u00e1grima que desplaza el balance hacia la cabeza, lo que la convierte en una pala enfocada en la potencia. Este modelo, de la l\u00ednea premium de StarVie, destaca por su elegancia con un dise\u00f1o en negro y detalles en plata que incluyen el marco, el logo en el plano y el logo de la estrella en el coraz\u00f3n de la pala. Es una herramienta ideal para los jugadores que buscan dar un salto en su juego con una pala que ofrece tanto potencia como control.","robots":{"index":"index","follow":"follow","max-snippet":"max-snippet:-1","max-image-preview":"max-image-preview:large","max-video-preview":"max-video-preview:-1"},"canonical":"https:\/\/revolutionpadelstore.com\/it\/prodotto\/starvie-triton-pro-2025-4\/","og_locale":"it_IT","og_type":"article","og_title":"STARVIE TRIT\u00d3N PRO 2025 - Revolution Padel Store","og_description":"La StarVie Trit\u00f3n Pro 2025 es una pala de p\u00e1del de alta gama, dise\u00f1ada con un molde en forma de l\u00e1grima que desplaza el balance hacia la cabeza, lo que la convierte en una pala enfocada en la potencia. Este modelo, de la l\u00ednea premium de StarVie, destaca por su elegancia con un dise\u00f1o en negro y detalles en plata que incluyen el marco, el logo en el plano y el logo de la estrella en el coraz\u00f3n de la pala. Es una herramienta ideal para los jugadores que buscan dar un salto en su juego con una pala que ofrece tanto potencia como control.","og_url":"https:\/\/revolutionpadelstore.com\/it\/prodotto\/starvie-triton-pro-2025-4\/","og_site_name":"Revolution Padel Store","article_modified_time":"2026-04-08T08:27:07+00:00","og_image":[{"width":800,"height":800,"url":"https:\/\/revolutionpadelstore.com\/wp-content\/uploads\/2024\/10\/pala-starvie-triton-pro-touch-2025-1-800x800-1.jpg","type":"image\/jpeg"}],"twitter_card":"summary_large_image","twitter_misc":{"Tempo di lettura stimato":"2 minuti"},"schema":{"@context":"https:\/\/schema.org","@graph":[{"@type":"WebPage","@id":"https:\/\/revolutionpadelstore.com\/it\/prodotto\/starvie-triton-pro-2025-4\/","url":"https:\/\/revolutionpadelstore.com\/it\/prodotto\/starvie-triton-pro-2025-4\/","name":"STARVIE TRIT\u00d3N PRO 2025 - Revolution Padel Store","isPartOf":{"@id":"https:\/\/revolutionpadelstore.com\/it\/#website"},"primaryImageOfPage":{"@id":"https:\/\/revolutionpadelstore.com\/it\/prodotto\/starvie-triton-pro-2025-4\/#primaryimage"},"image":{"@id":"https:\/\/revolutionpadelstore.com\/it\/prodotto\/starvie-triton-pro-2025-4\/#primaryimage"},"thumbnailUrl":"https:\/\/revolutionpadelstore.com\/wp-content\/uploads\/2024\/10\/pala-starvie-triton-pro-touch-2025-1-800x800-1.jpg","datePublished":"2024-10-12T18:55:15+00:00","dateModified":"2026-04-08T08:27:07+00:00","description":"La StarVie Trit\u00f3n Pro 2025 es una pala de p\u00e1del de alta gama, dise\u00f1ada con un molde en forma de l\u00e1grima que desplaza el balance hacia la cabeza, lo que la convierte en una pala enfocada en la potencia. Este modelo, de la l\u00ednea premium de StarVie, destaca por su elegancia con un dise\u00f1o en negro y detalles en plata que incluyen el marco, el logo en el plano y el logo de la estrella en el coraz\u00f3n de la pala. Es una herramienta ideal para los jugadores que buscan dar un salto en su juego con una pala que ofrece tanto potencia como control.","breadcrumb":{"@id":"https:\/\/revolutionpadelstore.com\/it\/prodotto\/starvie-triton-pro-2025-4\/#breadcrumb"},"inLanguage":"it-IT","potentialAction":[{"@type":"ReadAction","target":["https:\/\/revolutionpadelstore.com\/it\/prodotto\/starvie-triton-pro-2025-4\/"]}]},{"@type":"ImageObject","inLanguage":"it-IT","@id":"https:\/\/revolutionpadelstore.com\/it\/prodotto\/starvie-triton-pro-2025-4\/#primaryimage","url":"https:\/\/revolutionpadelstore.com\/wp-content\/uploads\/2024\/10\/pala-starvie-triton-pro-touch-2025-1-800x800-1.jpg","contentUrl":"https:\/\/revolutionpadelstore.com\/wp-content\/uploads\/2024\/10\/pala-starvie-triton-pro-touch-2025-1-800x800-1.jpg","width":800,"height":800},{"@type":"BreadcrumbList","@id":"https:\/\/revolutionpadelstore.com\/it\/prodotto\/starvie-triton-pro-2025-4\/#breadcrumb","itemListElement":[{"@type":"ListItem","position":1,"name":"Portada","item":"https:\/\/revolutionpadelstore.com\/it\/"},{"@type":"ListItem","position":2,"name":"Tienda","item":"https:\/\/revolutionpadelstore.com\/it\/tienda\/"},{"@type":"ListItem","position":3,"name":"STARVIE TRIT\u00d3N PRO 2025"}]},{"@type":"WebSite","@id":"https:\/\/revolutionpadelstore.com\/it\/#website","url":"https:\/\/revolutionpadelstore.com\/it\/","name":"Revolution Padel Store","description":"","publisher":{"@id":"https:\/\/revolutionpadelstore.com\/it\/#organization"},"potentialAction":[{"@type":"SearchAction","target":{"@type":"EntryPoint","urlTemplate":"https:\/\/revolutionpadelstore.com\/it\/?s={search_term_string}"},"query-input":{"@type":"PropertyValueSpecification","valueRequired":true,"valueName":"search_term_string"}}],"inLanguage":"it-IT"},{"@type":"Organization","@id":"https:\/\/revolutionpadelstore.com\/it\/#organization","name":"Revolution Padel Store","url":"https:\/\/revolutionpadelstore.com\/it\/","logo":{"@type":"ImageObject","inLanguage":"it-IT","@id":"https:\/\/revolutionpadelstore.com\/it\/#\/schema\/logo\/image\/","url":"https:\/\/revolutionpadelstore.com\/wp-content\/uploads\/2026\/02\/revolution-padel-store.jpg","contentUrl":"https:\/\/revolutionpadelstore.com\/wp-content\/uploads\/2026\/02\/revolution-padel-store.jpg","width":2000,"height":2000,"caption":"Revolution Padel Store"},"image":{"@id":"https:\/\/revolutionpadelstore.com\/it\/#\/schema\/logo\/image\/"},"sameAs":["https:\/\/www.instagram.com\/revolutionpadelstore\/"]}]}},"_links":{"self":[{"href":"https:\/\/revolutionpadelstore.com\/it\/wp-json\/wp\/v2\/product\/93738","targetHints":{"allow":["GET"]}}],"collection":[{"href":"https:\/\/revolutionpadelstore.com\/it\/wp-json\/wp\/v2\/product"}],"about":[{"href":"https:\/\/revolutionpadelstore.com\/it\/wp-json\/wp\/v2\/types\/product"}],"replies":[{"embeddable":true,"href":"https:\/\/revolutionpadelstore.com\/it\/wp-json\/wp\/v2\/comments?post=93738"}],"wp:featuredmedia":[{"embeddable":true,"href":"https:\/\/revolutionpadelstore.com\/it\/wp-json\/wp\/v2\/media\/93675"}],"wp:attachment":[{"href":"https:\/\/revolutionpadelstore.com\/it\/wp-json\/wp\/v2\/media?parent=93738"}],"wp:term":[{"taxonomy":"acabado","embeddable":true,"href":"https:\/\/revolutionpadelstore.com\/it\/wp-json\/wp\/v2\/acabado?post=93738"},{"taxonomy":"balance","embeddable":true,"href":"https:\/\/revolutionpadelstore.com\/it\/wp-json\/wp\/v2\/balance?post=93738"},{"taxonomy":"dureza","embeddable":true,"href":"https:\/\/revolutionpadelstore.com\/it\/wp-json\/wp\/v2\/dureza?post=93738"},{"taxonomy":"forma","embeddable":true,"href":"https:\/\/revolutionpadelstore.com\/it\/wp-json\/wp\/v2\/forma?post=93738"},{"taxonomy":"jugador","embeddable":true,"href":"https:\/\/revolutionpadelstore.com\/it\/wp-json\/wp\/v2\/jugador?post=93738"},{"taxonomy":"marca","embeddable":true,"href":"https:\/\/revolutionpadelstore.com\/it\/wp-json\/wp\/v2\/marca?post=93738"},{"taxonomy":"nivel-de-juego","embeddable":true,"href":"https:\/\/revolutionpadelstore.com\/it\/wp-json\/wp\/v2\/nivel-de-juego?post=93738"},{"taxonomy":"superficie","embeddable":true,"href":"https:\/\/revolutionpadelstore.com\/it\/wp-json\/wp\/v2\/superficie?post=93738"},{"taxonomy":"tipo-de-juego","embeddable":true,"href":"https:\/\/revolutionpadelstore.com\/it\/wp-json\/wp\/v2\/tipo-de-juego?post=93738"},{"taxonomy":"product_brand","embeddable":true,"href":"https:\/\/revolutionpadelstore.com\/it\/wp-json\/wp\/v2\/product_brand?post=93738"},{"taxonomy":"product_cat","embeddable":true,"href":"https:\/\/revolutionpadelstore.com\/it\/wp-json\/wp\/v2\/product_cat?post=93738"},{"taxonomy":"product_tag","embeddable":true,"href":"https:\/\/revolutionpadelstore.com\/it\/wp-json\/wp\/v2\/product_tag?post=93738"}],"curies":[{"name":"wp","href":"https:\/\/api.w.org\/{rel}","templated":true}]}}