{"id":72940,"date":"2024-07-24T13:19:13","date_gmt":"2024-07-24T11:19:13","guid":{"rendered":"https:\/\/revolutionpadelstore.com\/wilson-blade-pro-v3\/"},"modified":"2026-04-08T11:10:54","modified_gmt":"2026-04-08T09:10:54","slug":"wilson-blade-pro-v3-4","status":"publish","type":"product","link":"https:\/\/revolutionpadelstore.com\/it\/prodotto\/wilson-blade-pro-v3-4\/","title":{"rendered":"WILSON BLADE PRO V3"},"content":{"rendered":"<h2>Padel Wilson Blade Pro V3<\/h2>\n<p>La<strong>Wilson Blade Pro V3<\/strong>\u00e8 l&#8217;ultima innovazione nelle racchette da padel, progettata per offrire prestazioni eccezionali ad ogni colpo. Questa racchetta, che si distingue per la sua potente forma a goccia, offre una combinazione esplosiva di potenza e stabilit\u00e0, ideale per chi cerca di dominare il campo con forza e precisione. Il suo elegante design verde, con il caratteristico logo nero di Wilson, non \u00e8 solo visivamente accattivante, ma evidenzia anche la qualit\u00e0 e il design avanzato di questo modello.<\/p>\n<h2>Wilson Blade Pro V3 Padel per giocatori di livello avanzato<\/h2>\n<p>Questa racchetta \u00e8 particolarmente adatta ai giocatori avanzati e competitivi che desiderano elevare il proprio gioco al livello successivo. La Wilson Blade Pro V3 \u00e8 perfetta per chi ha uno stile di gioco aggressivo e ha bisogno di una racchetta in grado di resistere ad impatti elevati senza compromettere il controllo. Il suo design \u00e8 progettato per offrire una sensazione pi\u00f9 solida e sensibile all&#8217;impatto, fornendo maggiore potenza e stabilit\u00e0, anche nei colpi decentrati.<\/p>\n<h3>Caratteristiche e tecnologie del padel Wilson Blade Pro V3:<\/h3>\n<p><strong>-Forma a goccia<\/strong>: fornisce un equilibrio ideale tra potenza e controllo.<\/p>\n<p><strong>-Telaio in fibra di carbonio<\/strong>: Rinforzato in testa per una maggiore durata.<\/p>\n<p><strong>-Superficie di rotazione<\/strong>: facilita l&#8217;effetto controllato sulla palla da diverse aree della racchetta.<\/p>\n<p><strong>-Duo Grid Pattern<\/strong>: ottimizza potenza e controllo con fori di diverse dimensioni.<\/p>\n<p><strong>-Schiuma EVA solida<\/strong>: fornisce colpi puliti con un controllo eccellente.<\/p>\n<p><strong>-Tecnologia Sharp Hole<\/em><\/strong>: aumenta l&#8217;efficacia del servizio ad ogni colpo.<\/p>\n<p><strong>Costruzione tubolare -C2<\/strong>: garantisce durata e controllo superiore.<\/p>\n<p><strong>-Bordo anti-rottura<\/strong>: rinforza la testa della racchetta per resistere al gioco aggressivo.<\/p>\n<p>Con la Wilson Blade Pro V3, ogni colpo diventa una dichiarazione di forza e precisione. Se sei un giocatore che cerca di massimizzare le sue prestazioni e distinguersi in campo, questa racchetta \u00e8 lo strumento di cui hai bisogno per raggiungere i tuoi obiettivi. Non perdere l&#8217;opportunit\u00e0 di migliorare il tuo gioco e dominare la partita con questa racchetta di nuova generazione.<\/p>\n<h2>Wilson Blade Pro V3 Padel<\/h2>\n","protected":false},"excerpt":{"rendered":"<p>Con Wilson Blade Pro V3, ogni colpo diventa una dichiarazione di<strong>forza e precisione<\/strong>. Se sei un giocatore che cerca di massimizzare le sue prestazioni e distinguersi in campo, questa racchetta \u00e8 lo strumento di cui hai bisogno per raggiungere i tuoi obiettivi. Non perdere l&#8217;opportunit\u00e0 di migliorare il tuo gioco e dominare la partita con questa racchetta di nuova generazione.<\/p>\n","protected":false},"featured_media":71299,"comment_status":"open","ping_status":"closed","template":"","meta":{"_acf_changed":false,"_joinchat":[]},"acabado":[1091],"balance":[1136],"dureza":[1161,1156],"forma":[1176],"jugador":[1201,1191],"marca":[1266],"nivel-de-juego":[1336,1346],"superficie":[1361],"tipo-de-juego":[1376],"product_brand":[],"product_cat":[301],"product_tag":[],"class_list":{"0":"post-72940","1":"product","2":"type-product","3":"status-publish","4":"has-post-thumbnail","6":"acabado-relieve-3d-it","7":"balance-alto-it","8":"dureza-dura-it","9":"dureza-media-it","10":"forma-ibrido","11":"jugador-multiuso","12":"jugador-uomo","13":"marca-wilson-it","14":"superficie-rugosa-it","15":"tipo-de-juego-potenza","16":"product_cat-palas-de-padel-it","18":"first","19":"instock","20":"sale","21":"taxable","22":"shipping-taxable","23":"purchasable","24":"product-type-simple"},"acf":[],"yoast_head":"<!-- This site is optimized with the Yoast SEO plugin v27.4 - https:\/\/yoast.com\/product\/yoast-seo-wordpress\/ -->\n<title>WILSON BLADE PRO V3 - Revolution Padel Store<\/title>\n<meta name=\"description\" content=\"La raqueta de p\u00e1del Blade Pro V3 de Wilson ofrece un uno o dos punch de impresionante potencia explosiva y estabilidad para los jugadores de ataque. Para jugadores avanzados y competitivos, esta pala con forma de l\u00e1grima te ofrece todas las herramientas para elevar tu juego.El fuerte marco de fibra de carbono de la cara est\u00e1 reforzado en la cabeza para ofrecer mayor durabilidad durante el juego agresivo. Comparada con la V2, esta raqueta ofrece una sensaci\u00f3n m\u00e1s firme y sensible en el impacto. Proporciona m\u00e1s potencia con una sensaci\u00f3n explosiva, por lo que puedes esperar una sensaci\u00f3n estable incluso en los golpes descentrados.\" \/>\n<meta name=\"robots\" content=\"index, follow, max-snippet:-1, max-image-preview:large, max-video-preview:-1\" \/>\n<link rel=\"canonical\" href=\"https:\/\/revolutionpadelstore.com\/it\/prodotto\/wilson-blade-pro-v3-4\/\" \/>\n<meta property=\"og:locale\" content=\"it_IT\" \/>\n<meta property=\"og:type\" content=\"article\" \/>\n<meta property=\"og:title\" content=\"COMPRAR WILSON BLADE PRO V3\" \/>\n<meta property=\"og:description\" content=\"La raqueta de p\u00e1del Blade Pro V3 de Wilson ofrece un uno o dos punch de impresionante potencia explosiva y estabilidad para los jugadores de ataque. Para jugadores avanzados y competitivos, esta pala con forma de l\u00e1grima te ofrece todas las herramientas para elevar tu juego.\" \/>\n<meta property=\"og:url\" content=\"https:\/\/revolutionpadelstore.com\/it\/prodotto\/wilson-blade-pro-v3-4\/\" \/>\n<meta property=\"og:site_name\" content=\"Revolution Padel Store\" \/>\n<meta property=\"article:modified_time\" content=\"2026-04-08T09:10:54+00:00\" \/>\n<meta property=\"og:image\" content=\"https:\/\/revolutionpadelstore.com\/wp-content\/uploads\/2024\/07\/113593_pala_wilson_blade_pro_v3_padel_wr166911u_1500x1500_1_10af.webp\" \/>\n\t<meta property=\"og:image:width\" content=\"1500\" \/>\n\t<meta property=\"og:image:height\" content=\"1500\" \/>\n\t<meta property=\"og:image:type\" content=\"image\/webp\" \/>\n<meta name=\"twitter:card\" content=\"summary_large_image\" \/>\n<meta name=\"twitter:label1\" content=\"Tempo di lettura stimato\" \/>\n\t<meta name=\"twitter:data1\" content=\"2 minuti\" \/>\n<script type=\"application\/ld+json\" class=\"yoast-schema-graph\">{\"@context\":\"https:\\\/\\\/schema.org\",\"@graph\":[{\"@type\":\"WebPage\",\"@id\":\"https:\\\/\\\/revolutionpadelstore.com\\\/it\\\/prodotto\\\/wilson-blade-pro-v3-4\\\/\",\"url\":\"https:\\\/\\\/revolutionpadelstore.com\\\/it\\\/prodotto\\\/wilson-blade-pro-v3-4\\\/\",\"name\":\"WILSON BLADE PRO V3 - Revolution Padel Store\",\"isPartOf\":{\"@id\":\"https:\\\/\\\/revolutionpadelstore.com\\\/it\\\/#website\"},\"primaryImageOfPage\":{\"@id\":\"https:\\\/\\\/revolutionpadelstore.com\\\/it\\\/prodotto\\\/wilson-blade-pro-v3-4\\\/#primaryimage\"},\"image\":{\"@id\":\"https:\\\/\\\/revolutionpadelstore.com\\\/it\\\/prodotto\\\/wilson-blade-pro-v3-4\\\/#primaryimage\"},\"thumbnailUrl\":\"https:\\\/\\\/revolutionpadelstore.com\\\/wp-content\\\/uploads\\\/2024\\\/07\\\/113593_pala_wilson_blade_pro_v3_padel_wr166911u_1500x1500_1_10af.webp\",\"datePublished\":\"2024-07-24T11:19:13+00:00\",\"dateModified\":\"2026-04-08T09:10:54+00:00\",\"description\":\"La raqueta de p\u00e1del Blade Pro V3 de Wilson ofrece un uno o dos punch de impresionante potencia explosiva y estabilidad para los jugadores de ataque. Para jugadores avanzados y competitivos, esta pala con forma de l\u00e1grima te ofrece todas las herramientas para elevar tu juego.El fuerte marco de fibra de carbono de la cara est\u00e1 reforzado en la cabeza para ofrecer mayor durabilidad durante el juego agresivo. Comparada con la V2, esta raqueta ofrece una sensaci\u00f3n m\u00e1s firme y sensible en el impacto. Proporciona m\u00e1s potencia con una sensaci\u00f3n explosiva, por lo que puedes esperar una sensaci\u00f3n estable incluso en los golpes descentrados.\",\"breadcrumb\":{\"@id\":\"https:\\\/\\\/revolutionpadelstore.com\\\/it\\\/prodotto\\\/wilson-blade-pro-v3-4\\\/#breadcrumb\"},\"inLanguage\":\"it-IT\",\"potentialAction\":[{\"@type\":\"ReadAction\",\"target\":[\"https:\\\/\\\/revolutionpadelstore.com\\\/it\\\/prodotto\\\/wilson-blade-pro-v3-4\\\/\"]}]},{\"@type\":\"ImageObject\",\"inLanguage\":\"it-IT\",\"@id\":\"https:\\\/\\\/revolutionpadelstore.com\\\/it\\\/prodotto\\\/wilson-blade-pro-v3-4\\\/#primaryimage\",\"url\":\"https:\\\/\\\/revolutionpadelstore.com\\\/wp-content\\\/uploads\\\/2024\\\/07\\\/113593_pala_wilson_blade_pro_v3_padel_wr166911u_1500x1500_1_10af.webp\",\"contentUrl\":\"https:\\\/\\\/revolutionpadelstore.com\\\/wp-content\\\/uploads\\\/2024\\\/07\\\/113593_pala_wilson_blade_pro_v3_padel_wr166911u_1500x1500_1_10af.webp\",\"width\":1500,\"height\":1500},{\"@type\":\"BreadcrumbList\",\"@id\":\"https:\\\/\\\/revolutionpadelstore.com\\\/it\\\/prodotto\\\/wilson-blade-pro-v3-4\\\/#breadcrumb\",\"itemListElement\":[{\"@type\":\"ListItem\",\"position\":1,\"name\":\"Portada\",\"item\":\"https:\\\/\\\/revolutionpadelstore.com\\\/it\\\/\"},{\"@type\":\"ListItem\",\"position\":2,\"name\":\"Tienda\",\"item\":\"https:\\\/\\\/revolutionpadelstore.com\\\/it\\\/tienda\\\/\"},{\"@type\":\"ListItem\",\"position\":3,\"name\":\"WILSON BLADE PRO V3\"}]},{\"@type\":\"WebSite\",\"@id\":\"https:\\\/\\\/revolutionpadelstore.com\\\/it\\\/#website\",\"url\":\"https:\\\/\\\/revolutionpadelstore.com\\\/it\\\/\",\"name\":\"Revolution Padel Store\",\"description\":\"\",\"publisher\":{\"@id\":\"https:\\\/\\\/revolutionpadelstore.com\\\/it\\\/#organization\"},\"potentialAction\":[{\"@type\":\"SearchAction\",\"target\":{\"@type\":\"EntryPoint\",\"urlTemplate\":\"https:\\\/\\\/revolutionpadelstore.com\\\/it\\\/?s={search_term_string}\"},\"query-input\":{\"@type\":\"PropertyValueSpecification\",\"valueRequired\":true,\"valueName\":\"search_term_string\"}}],\"inLanguage\":\"it-IT\"},{\"@type\":\"Organization\",\"@id\":\"https:\\\/\\\/revolutionpadelstore.com\\\/it\\\/#organization\",\"name\":\"Revolution Padel Store\",\"url\":\"https:\\\/\\\/revolutionpadelstore.com\\\/it\\\/\",\"logo\":{\"@type\":\"ImageObject\",\"inLanguage\":\"it-IT\",\"@id\":\"https:\\\/\\\/revolutionpadelstore.com\\\/it\\\/#\\\/schema\\\/logo\\\/image\\\/\",\"url\":\"https:\\\/\\\/revolutionpadelstore.com\\\/wp-content\\\/uploads\\\/2026\\\/02\\\/revolution-padel-store.jpg\",\"contentUrl\":\"https:\\\/\\\/revolutionpadelstore.com\\\/wp-content\\\/uploads\\\/2026\\\/02\\\/revolution-padel-store.jpg\",\"width\":2000,\"height\":2000,\"caption\":\"Revolution Padel Store\"},\"image\":{\"@id\":\"https:\\\/\\\/revolutionpadelstore.com\\\/it\\\/#\\\/schema\\\/logo\\\/image\\\/\"},\"sameAs\":[\"https:\\\/\\\/www.instagram.com\\\/revolutionpadelstore\\\/\"]}]}<\/script>\n<!-- \/ Yoast SEO plugin. -->","yoast_head_json":{"title":"WILSON BLADE PRO V3 - Revolution Padel Store","description":"La raqueta de p\u00e1del Blade Pro V3 de Wilson ofrece un uno o dos punch de impresionante potencia explosiva y estabilidad para los jugadores de ataque. Para jugadores avanzados y competitivos, esta pala con forma de l\u00e1grima te ofrece todas las herramientas para elevar tu juego.El fuerte marco de fibra de carbono de la cara est\u00e1 reforzado en la cabeza para ofrecer mayor durabilidad durante el juego agresivo. Comparada con la V2, esta raqueta ofrece una sensaci\u00f3n m\u00e1s firme y sensible en el impacto. Proporciona m\u00e1s potencia con una sensaci\u00f3n explosiva, por lo que puedes esperar una sensaci\u00f3n estable incluso en los golpes descentrados.","robots":{"index":"index","follow":"follow","max-snippet":"max-snippet:-1","max-image-preview":"max-image-preview:large","max-video-preview":"max-video-preview:-1"},"canonical":"https:\/\/revolutionpadelstore.com\/it\/prodotto\/wilson-blade-pro-v3-4\/","og_locale":"it_IT","og_type":"article","og_title":"COMPRAR WILSON BLADE PRO V3","og_description":"La raqueta de p\u00e1del Blade Pro V3 de Wilson ofrece un uno o dos punch de impresionante potencia explosiva y estabilidad para los jugadores de ataque. Para jugadores avanzados y competitivos, esta pala con forma de l\u00e1grima te ofrece todas las herramientas para elevar tu juego.","og_url":"https:\/\/revolutionpadelstore.com\/it\/prodotto\/wilson-blade-pro-v3-4\/","og_site_name":"Revolution Padel Store","article_modified_time":"2026-04-08T09:10:54+00:00","og_image":[{"width":1500,"height":1500,"url":"https:\/\/revolutionpadelstore.com\/wp-content\/uploads\/2024\/07\/113593_pala_wilson_blade_pro_v3_padel_wr166911u_1500x1500_1_10af.webp","type":"image\/webp"}],"twitter_card":"summary_large_image","twitter_misc":{"Tempo di lettura stimato":"2 minuti"},"schema":{"@context":"https:\/\/schema.org","@graph":[{"@type":"WebPage","@id":"https:\/\/revolutionpadelstore.com\/it\/prodotto\/wilson-blade-pro-v3-4\/","url":"https:\/\/revolutionpadelstore.com\/it\/prodotto\/wilson-blade-pro-v3-4\/","name":"WILSON BLADE PRO V3 - Revolution Padel Store","isPartOf":{"@id":"https:\/\/revolutionpadelstore.com\/it\/#website"},"primaryImageOfPage":{"@id":"https:\/\/revolutionpadelstore.com\/it\/prodotto\/wilson-blade-pro-v3-4\/#primaryimage"},"image":{"@id":"https:\/\/revolutionpadelstore.com\/it\/prodotto\/wilson-blade-pro-v3-4\/#primaryimage"},"thumbnailUrl":"https:\/\/revolutionpadelstore.com\/wp-content\/uploads\/2024\/07\/113593_pala_wilson_blade_pro_v3_padel_wr166911u_1500x1500_1_10af.webp","datePublished":"2024-07-24T11:19:13+00:00","dateModified":"2026-04-08T09:10:54+00:00","description":"La raqueta de p\u00e1del Blade Pro V3 de Wilson ofrece un uno o dos punch de impresionante potencia explosiva y estabilidad para los jugadores de ataque. Para jugadores avanzados y competitivos, esta pala con forma de l\u00e1grima te ofrece todas las herramientas para elevar tu juego.El fuerte marco de fibra de carbono de la cara est\u00e1 reforzado en la cabeza para ofrecer mayor durabilidad durante el juego agresivo. Comparada con la V2, esta raqueta ofrece una sensaci\u00f3n m\u00e1s firme y sensible en el impacto. Proporciona m\u00e1s potencia con una sensaci\u00f3n explosiva, por lo que puedes esperar una sensaci\u00f3n estable incluso en los golpes descentrados.","breadcrumb":{"@id":"https:\/\/revolutionpadelstore.com\/it\/prodotto\/wilson-blade-pro-v3-4\/#breadcrumb"},"inLanguage":"it-IT","potentialAction":[{"@type":"ReadAction","target":["https:\/\/revolutionpadelstore.com\/it\/prodotto\/wilson-blade-pro-v3-4\/"]}]},{"@type":"ImageObject","inLanguage":"it-IT","@id":"https:\/\/revolutionpadelstore.com\/it\/prodotto\/wilson-blade-pro-v3-4\/#primaryimage","url":"https:\/\/revolutionpadelstore.com\/wp-content\/uploads\/2024\/07\/113593_pala_wilson_blade_pro_v3_padel_wr166911u_1500x1500_1_10af.webp","contentUrl":"https:\/\/revolutionpadelstore.com\/wp-content\/uploads\/2024\/07\/113593_pala_wilson_blade_pro_v3_padel_wr166911u_1500x1500_1_10af.webp","width":1500,"height":1500},{"@type":"BreadcrumbList","@id":"https:\/\/revolutionpadelstore.com\/it\/prodotto\/wilson-blade-pro-v3-4\/#breadcrumb","itemListElement":[{"@type":"ListItem","position":1,"name":"Portada","item":"https:\/\/revolutionpadelstore.com\/it\/"},{"@type":"ListItem","position":2,"name":"Tienda","item":"https:\/\/revolutionpadelstore.com\/it\/tienda\/"},{"@type":"ListItem","position":3,"name":"WILSON BLADE PRO V3"}]},{"@type":"WebSite","@id":"https:\/\/revolutionpadelstore.com\/it\/#website","url":"https:\/\/revolutionpadelstore.com\/it\/","name":"Revolution Padel Store","description":"","publisher":{"@id":"https:\/\/revolutionpadelstore.com\/it\/#organization"},"potentialAction":[{"@type":"SearchAction","target":{"@type":"EntryPoint","urlTemplate":"https:\/\/revolutionpadelstore.com\/it\/?s={search_term_string}"},"query-input":{"@type":"PropertyValueSpecification","valueRequired":true,"valueName":"search_term_string"}}],"inLanguage":"it-IT"},{"@type":"Organization","@id":"https:\/\/revolutionpadelstore.com\/it\/#organization","name":"Revolution Padel Store","url":"https:\/\/revolutionpadelstore.com\/it\/","logo":{"@type":"ImageObject","inLanguage":"it-IT","@id":"https:\/\/revolutionpadelstore.com\/it\/#\/schema\/logo\/image\/","url":"https:\/\/revolutionpadelstore.com\/wp-content\/uploads\/2026\/02\/revolution-padel-store.jpg","contentUrl":"https:\/\/revolutionpadelstore.com\/wp-content\/uploads\/2026\/02\/revolution-padel-store.jpg","width":2000,"height":2000,"caption":"Revolution Padel Store"},"image":{"@id":"https:\/\/revolutionpadelstore.com\/it\/#\/schema\/logo\/image\/"},"sameAs":["https:\/\/www.instagram.com\/revolutionpadelstore\/"]}]}},"_links":{"self":[{"href":"https:\/\/revolutionpadelstore.com\/it\/wp-json\/wp\/v2\/product\/72940","targetHints":{"allow":["GET"]}}],"collection":[{"href":"https:\/\/revolutionpadelstore.com\/it\/wp-json\/wp\/v2\/product"}],"about":[{"href":"https:\/\/revolutionpadelstore.com\/it\/wp-json\/wp\/v2\/types\/product"}],"replies":[{"embeddable":true,"href":"https:\/\/revolutionpadelstore.com\/it\/wp-json\/wp\/v2\/comments?post=72940"}],"wp:featuredmedia":[{"embeddable":true,"href":"https:\/\/revolutionpadelstore.com\/it\/wp-json\/wp\/v2\/media\/71299"}],"wp:attachment":[{"href":"https:\/\/revolutionpadelstore.com\/it\/wp-json\/wp\/v2\/media?parent=72940"}],"wp:term":[{"taxonomy":"acabado","embeddable":true,"href":"https:\/\/revolutionpadelstore.com\/it\/wp-json\/wp\/v2\/acabado?post=72940"},{"taxonomy":"balance","embeddable":true,"href":"https:\/\/revolutionpadelstore.com\/it\/wp-json\/wp\/v2\/balance?post=72940"},{"taxonomy":"dureza","embeddable":true,"href":"https:\/\/revolutionpadelstore.com\/it\/wp-json\/wp\/v2\/dureza?post=72940"},{"taxonomy":"forma","embeddable":true,"href":"https:\/\/revolutionpadelstore.com\/it\/wp-json\/wp\/v2\/forma?post=72940"},{"taxonomy":"jugador","embeddable":true,"href":"https:\/\/revolutionpadelstore.com\/it\/wp-json\/wp\/v2\/jugador?post=72940"},{"taxonomy":"marca","embeddable":true,"href":"https:\/\/revolutionpadelstore.com\/it\/wp-json\/wp\/v2\/marca?post=72940"},{"taxonomy":"nivel-de-juego","embeddable":true,"href":"https:\/\/revolutionpadelstore.com\/it\/wp-json\/wp\/v2\/nivel-de-juego?post=72940"},{"taxonomy":"superficie","embeddable":true,"href":"https:\/\/revolutionpadelstore.com\/it\/wp-json\/wp\/v2\/superficie?post=72940"},{"taxonomy":"tipo-de-juego","embeddable":true,"href":"https:\/\/revolutionpadelstore.com\/it\/wp-json\/wp\/v2\/tipo-de-juego?post=72940"},{"taxonomy":"product_brand","embeddable":true,"href":"https:\/\/revolutionpadelstore.com\/it\/wp-json\/wp\/v2\/product_brand?post=72940"},{"taxonomy":"product_cat","embeddable":true,"href":"https:\/\/revolutionpadelstore.com\/it\/wp-json\/wp\/v2\/product_cat?post=72940"},{"taxonomy":"product_tag","embeddable":true,"href":"https:\/\/revolutionpadelstore.com\/it\/wp-json\/wp\/v2\/product_tag?post=72940"}],"curies":[{"name":"wp","href":"https:\/\/api.w.org\/{rel}","templated":true}]}}