{"id":72935,"date":"2024-08-22T13:24:26","date_gmt":"2024-08-22T11:24:26","guid":{"rendered":"https:\/\/revolutionpadelstore.com\/mizuno-wave-enforce-court-61gb2437-06-rojo\/"},"modified":"2026-04-08T11:07:06","modified_gmt":"2026-04-08T09:07:06","slug":"mizuno-wave-enforce-court-padel-rojo-4","status":"publish","type":"product","link":"https:\/\/revolutionpadelstore.com\/it\/prodotto\/mizuno-wave-enforce-court-padel-rojo-4\/","title":{"rendered":"MIZUNO WAVE ENFORCE COURT PADEL ROJO"},"content":{"rendered":"<h2>Mizuno Wave Enforce Court Rosso<\/h2>\n<p>Le scarpe da padel Mizuno Wave Enforce Court Red si distinguono per incorporare tecnologie innovative che ottimizzano le prestazioni sul campo da padel. La tecnologia <em>Mizuno Wave<\/em> \u00e8 una caratteristica distintiva, ispirata alla natura, che offre ammortizzazione e stabilit\u00e0 eccezionali nell&#8217;intersuola. Questa tecnologia garantisce che ogni passo sia fermo e confortevole consentendo movimenti rapidi e sicuri.<\/p>\n<p>La tecnologia X10, invece, utilizza una gomma al carbonio molto resistente nelle aree ad alto impatto della suola. Ci\u00f2 non solo prolunga la vita della scarpa, ma migliora anche la trazione della suola mista all&#8217;impatto del tallone, offrendo un grip superiore sul campo.<\/p>\n<p>La Mizuno Wave Enforce Court in rosso offre una perfetta combinazione di durata, comfort e prestazioni. Sono la scelta ideale per i giocatori che desiderano migliorare il proprio gioco con calzature di alta qualit\u00e0 e tecnologia calzaturiera specifica per il padel.<\/p>\n<h2>Mizuno Wave Enforce Court Rojo<\/h2>\n","protected":false},"excerpt":{"rendered":"<p>Mizuno Wave Enforce Court Red offre ammortizzazione, stabilit\u00e0, leggerezza e durata. Progettato per i giocatori di padel che cercano il massimo delle prestazioni nei loro giochi di padel.<\/p>\n","protected":false},"featured_media":62791,"comment_status":"open","ping_status":"closed","template":"","meta":{"_acf_changed":false,"_joinchat":[]},"acabado":[],"balance":[],"dureza":[],"forma":[],"jugador":[1191],"marca":[1331],"nivel-de-juego":[],"superficie":[],"tipo-de-juego":[],"product_brand":[],"product_cat":[404],"product_tag":[],"class_list":{"0":"post-72935","1":"product","2":"type-product","3":"status-publish","4":"has-post-thumbnail","6":"jugador-uomo","7":"marca-mizuno-it","8":"product_cat-sneakers-da-uomo","10":"first","11":"outofstock","12":"sale","13":"taxable","14":"shipping-taxable","15":"purchasable","16":"product-type-variable"},"acf":[],"yoast_head":"<!-- This site is optimized with the Yoast SEO plugin v27.4 - https:\/\/yoast.com\/product\/yoast-seo-wordpress\/ -->\n<title>MIZUNO WAVE ENFORCE COURT PADEL ROJO - Revolution Padel Store<\/title>\n<meta name=\"description\" content=\"Las zapatillas de p\u00e1del Mizuno Wave Enforce Court Rojo destacan por incorporar tecnolog\u00edas innovadoras que optimizan el rendimiento en la pista de p\u00e1del. La tecnolog\u00eda Mizuno Wave es una caracter\u00edstica distintiva, inspirada en la naturaleza, que ofrece una amortiguaci\u00f3n y estabilidad excepcionales en la entresuela. Esta tecnolog\u00eda asegura que cada paso sea firme y c\u00f3modo, permitiendo movimientos r\u00e1pidos y seguros. El material Mizuno Enerzy, utilizado en la entresuela, se caracteriza por su tacto dleicado y capacidad de rebote. Este material no solo mejora la comodidad del jugador, sino que tambi\u00e9n aumenta la durabilidad del calzado, asegurando un rendimiento \u00f3ptimo durante m\u00e1s tiempo.\" \/>\n<meta name=\"robots\" content=\"index, follow, max-snippet:-1, max-image-preview:large, max-video-preview:-1\" \/>\n<link rel=\"canonical\" href=\"https:\/\/revolutionpadelstore.com\/it\/prodotto\/mizuno-wave-enforce-court-padel-rojo-4\/\" \/>\n<meta property=\"og:locale\" content=\"it_IT\" \/>\n<meta property=\"og:type\" content=\"article\" \/>\n<meta property=\"og:title\" content=\"COMPRAR MIZUNO WAVE ENFORCE COURT 61GB2437 06 ROJO\" \/>\n<meta property=\"og:description\" content=\"Las zapatillas de p\u00e1del Mizuno Wave Enforce Court Rojo destacan por incorporar tecnolog\u00edas innovadoras que optimizan el rendimiento en la pista de p\u00e1del. La tecnolog\u00eda Mizuno Wave es una caracter\u00edstica distintiva, inspirada en la naturaleza, que ofrece una amortiguaci\u00f3n y estabilidad excepcionales en la entresuela. Esta tecnolog\u00eda asegura que cada paso sea firme y c\u00f3modo, permitiendo movimientos r\u00e1pidos y seguros.\" \/>\n<meta property=\"og:url\" content=\"https:\/\/revolutionpadelstore.com\/it\/prodotto\/mizuno-wave-enforce-court-padel-rojo-4\/\" \/>\n<meta property=\"og:site_name\" content=\"Revolution Padel Store\" \/>\n<meta property=\"article:modified_time\" content=\"2026-04-08T09:07:06+00:00\" \/>\n<meta property=\"og:image\" content=\"https:\/\/revolutionpadelstore.com\/wp-content\/uploads\/2024\/08\/MIZUNO-ROJA.jpg\" \/>\n\t<meta property=\"og:image:width\" content=\"900\" \/>\n\t<meta property=\"og:image:height\" content=\"900\" \/>\n\t<meta property=\"og:image:type\" content=\"image\/jpeg\" \/>\n<meta name=\"twitter:card\" content=\"summary_large_image\" \/>\n<meta name=\"twitter:label1\" content=\"Tempo di lettura stimato\" \/>\n\t<meta name=\"twitter:data1\" content=\"1 minuto\" \/>\n<script type=\"application\/ld+json\" class=\"yoast-schema-graph\">{\"@context\":\"https:\\\/\\\/schema.org\",\"@graph\":[{\"@type\":\"WebPage\",\"@id\":\"https:\\\/\\\/revolutionpadelstore.com\\\/it\\\/prodotto\\\/mizuno-wave-enforce-court-padel-rojo-4\\\/\",\"url\":\"https:\\\/\\\/revolutionpadelstore.com\\\/it\\\/prodotto\\\/mizuno-wave-enforce-court-padel-rojo-4\\\/\",\"name\":\"MIZUNO WAVE ENFORCE COURT PADEL ROJO - Revolution Padel Store\",\"isPartOf\":{\"@id\":\"https:\\\/\\\/revolutionpadelstore.com\\\/it\\\/#website\"},\"primaryImageOfPage\":{\"@id\":\"https:\\\/\\\/revolutionpadelstore.com\\\/it\\\/prodotto\\\/mizuno-wave-enforce-court-padel-rojo-4\\\/#primaryimage\"},\"image\":{\"@id\":\"https:\\\/\\\/revolutionpadelstore.com\\\/it\\\/prodotto\\\/mizuno-wave-enforce-court-padel-rojo-4\\\/#primaryimage\"},\"thumbnailUrl\":\"https:\\\/\\\/revolutionpadelstore.com\\\/wp-content\\\/uploads\\\/2024\\\/08\\\/MIZUNO-ROJA.jpg\",\"datePublished\":\"2024-08-22T11:24:26+00:00\",\"dateModified\":\"2026-04-08T09:07:06+00:00\",\"description\":\"Las zapatillas de p\u00e1del Mizuno Wave Enforce Court Rojo destacan por incorporar tecnolog\u00edas innovadoras que optimizan el rendimiento en la pista de p\u00e1del. La tecnolog\u00eda Mizuno Wave es una caracter\u00edstica distintiva, inspirada en la naturaleza, que ofrece una amortiguaci\u00f3n y estabilidad excepcionales en la entresuela. Esta tecnolog\u00eda asegura que cada paso sea firme y c\u00f3modo, permitiendo movimientos r\u00e1pidos y seguros. El material Mizuno Enerzy, utilizado en la entresuela, se caracteriza por su tacto dleicado y capacidad de rebote. Este material no solo mejora la comodidad del jugador, sino que tambi\u00e9n aumenta la durabilidad del calzado, asegurando un rendimiento \u00f3ptimo durante m\u00e1s tiempo.\",\"breadcrumb\":{\"@id\":\"https:\\\/\\\/revolutionpadelstore.com\\\/it\\\/prodotto\\\/mizuno-wave-enforce-court-padel-rojo-4\\\/#breadcrumb\"},\"inLanguage\":\"it-IT\",\"potentialAction\":[{\"@type\":\"ReadAction\",\"target\":[\"https:\\\/\\\/revolutionpadelstore.com\\\/it\\\/prodotto\\\/mizuno-wave-enforce-court-padel-rojo-4\\\/\"]}]},{\"@type\":\"ImageObject\",\"inLanguage\":\"it-IT\",\"@id\":\"https:\\\/\\\/revolutionpadelstore.com\\\/it\\\/prodotto\\\/mizuno-wave-enforce-court-padel-rojo-4\\\/#primaryimage\",\"url\":\"https:\\\/\\\/revolutionpadelstore.com\\\/wp-content\\\/uploads\\\/2024\\\/08\\\/MIZUNO-ROJA.jpg\",\"contentUrl\":\"https:\\\/\\\/revolutionpadelstore.com\\\/wp-content\\\/uploads\\\/2024\\\/08\\\/MIZUNO-ROJA.jpg\",\"width\":900,\"height\":900},{\"@type\":\"BreadcrumbList\",\"@id\":\"https:\\\/\\\/revolutionpadelstore.com\\\/it\\\/prodotto\\\/mizuno-wave-enforce-court-padel-rojo-4\\\/#breadcrumb\",\"itemListElement\":[{\"@type\":\"ListItem\",\"position\":1,\"name\":\"Portada\",\"item\":\"https:\\\/\\\/revolutionpadelstore.com\\\/it\\\/\"},{\"@type\":\"ListItem\",\"position\":2,\"name\":\"Tienda\",\"item\":\"https:\\\/\\\/revolutionpadelstore.com\\\/it\\\/tienda\\\/\"},{\"@type\":\"ListItem\",\"position\":3,\"name\":\"MIZUNO WAVE ENFORCE COURT PADEL ROJO\"}]},{\"@type\":\"WebSite\",\"@id\":\"https:\\\/\\\/revolutionpadelstore.com\\\/it\\\/#website\",\"url\":\"https:\\\/\\\/revolutionpadelstore.com\\\/it\\\/\",\"name\":\"Revolution Padel Store\",\"description\":\"\",\"publisher\":{\"@id\":\"https:\\\/\\\/revolutionpadelstore.com\\\/it\\\/#organization\"},\"potentialAction\":[{\"@type\":\"SearchAction\",\"target\":{\"@type\":\"EntryPoint\",\"urlTemplate\":\"https:\\\/\\\/revolutionpadelstore.com\\\/it\\\/?s={search_term_string}\"},\"query-input\":{\"@type\":\"PropertyValueSpecification\",\"valueRequired\":true,\"valueName\":\"search_term_string\"}}],\"inLanguage\":\"it-IT\"},{\"@type\":\"Organization\",\"@id\":\"https:\\\/\\\/revolutionpadelstore.com\\\/it\\\/#organization\",\"name\":\"Revolution Padel Store\",\"url\":\"https:\\\/\\\/revolutionpadelstore.com\\\/it\\\/\",\"logo\":{\"@type\":\"ImageObject\",\"inLanguage\":\"it-IT\",\"@id\":\"https:\\\/\\\/revolutionpadelstore.com\\\/it\\\/#\\\/schema\\\/logo\\\/image\\\/\",\"url\":\"https:\\\/\\\/revolutionpadelstore.com\\\/wp-content\\\/uploads\\\/2026\\\/02\\\/revolution-padel-store.jpg\",\"contentUrl\":\"https:\\\/\\\/revolutionpadelstore.com\\\/wp-content\\\/uploads\\\/2026\\\/02\\\/revolution-padel-store.jpg\",\"width\":2000,\"height\":2000,\"caption\":\"Revolution Padel Store\"},\"image\":{\"@id\":\"https:\\\/\\\/revolutionpadelstore.com\\\/it\\\/#\\\/schema\\\/logo\\\/image\\\/\"},\"sameAs\":[\"https:\\\/\\\/www.instagram.com\\\/revolutionpadelstore\\\/\"]}]}<\/script>\n<!-- \/ Yoast SEO plugin. -->","yoast_head_json":{"title":"MIZUNO WAVE ENFORCE COURT PADEL ROJO - Revolution Padel Store","description":"Las zapatillas de p\u00e1del Mizuno Wave Enforce Court Rojo destacan por incorporar tecnolog\u00edas innovadoras que optimizan el rendimiento en la pista de p\u00e1del. La tecnolog\u00eda Mizuno Wave es una caracter\u00edstica distintiva, inspirada en la naturaleza, que ofrece una amortiguaci\u00f3n y estabilidad excepcionales en la entresuela. Esta tecnolog\u00eda asegura que cada paso sea firme y c\u00f3modo, permitiendo movimientos r\u00e1pidos y seguros. El material Mizuno Enerzy, utilizado en la entresuela, se caracteriza por su tacto dleicado y capacidad de rebote. Este material no solo mejora la comodidad del jugador, sino que tambi\u00e9n aumenta la durabilidad del calzado, asegurando un rendimiento \u00f3ptimo durante m\u00e1s tiempo.","robots":{"index":"index","follow":"follow","max-snippet":"max-snippet:-1","max-image-preview":"max-image-preview:large","max-video-preview":"max-video-preview:-1"},"canonical":"https:\/\/revolutionpadelstore.com\/it\/prodotto\/mizuno-wave-enforce-court-padel-rojo-4\/","og_locale":"it_IT","og_type":"article","og_title":"COMPRAR MIZUNO WAVE ENFORCE COURT 61GB2437 06 ROJO","og_description":"Las zapatillas de p\u00e1del Mizuno Wave Enforce Court Rojo destacan por incorporar tecnolog\u00edas innovadoras que optimizan el rendimiento en la pista de p\u00e1del. La tecnolog\u00eda Mizuno Wave es una caracter\u00edstica distintiva, inspirada en la naturaleza, que ofrece una amortiguaci\u00f3n y estabilidad excepcionales en la entresuela. Esta tecnolog\u00eda asegura que cada paso sea firme y c\u00f3modo, permitiendo movimientos r\u00e1pidos y seguros.","og_url":"https:\/\/revolutionpadelstore.com\/it\/prodotto\/mizuno-wave-enforce-court-padel-rojo-4\/","og_site_name":"Revolution Padel Store","article_modified_time":"2026-04-08T09:07:06+00:00","og_image":[{"width":900,"height":900,"url":"https:\/\/revolutionpadelstore.com\/wp-content\/uploads\/2024\/08\/MIZUNO-ROJA.jpg","type":"image\/jpeg"}],"twitter_card":"summary_large_image","twitter_misc":{"Tempo di lettura stimato":"1 minuto"},"schema":{"@context":"https:\/\/schema.org","@graph":[{"@type":"WebPage","@id":"https:\/\/revolutionpadelstore.com\/it\/prodotto\/mizuno-wave-enforce-court-padel-rojo-4\/","url":"https:\/\/revolutionpadelstore.com\/it\/prodotto\/mizuno-wave-enforce-court-padel-rojo-4\/","name":"MIZUNO WAVE ENFORCE COURT PADEL ROJO - Revolution Padel Store","isPartOf":{"@id":"https:\/\/revolutionpadelstore.com\/it\/#website"},"primaryImageOfPage":{"@id":"https:\/\/revolutionpadelstore.com\/it\/prodotto\/mizuno-wave-enforce-court-padel-rojo-4\/#primaryimage"},"image":{"@id":"https:\/\/revolutionpadelstore.com\/it\/prodotto\/mizuno-wave-enforce-court-padel-rojo-4\/#primaryimage"},"thumbnailUrl":"https:\/\/revolutionpadelstore.com\/wp-content\/uploads\/2024\/08\/MIZUNO-ROJA.jpg","datePublished":"2024-08-22T11:24:26+00:00","dateModified":"2026-04-08T09:07:06+00:00","description":"Las zapatillas de p\u00e1del Mizuno Wave Enforce Court Rojo destacan por incorporar tecnolog\u00edas innovadoras que optimizan el rendimiento en la pista de p\u00e1del. La tecnolog\u00eda Mizuno Wave es una caracter\u00edstica distintiva, inspirada en la naturaleza, que ofrece una amortiguaci\u00f3n y estabilidad excepcionales en la entresuela. Esta tecnolog\u00eda asegura que cada paso sea firme y c\u00f3modo, permitiendo movimientos r\u00e1pidos y seguros. El material Mizuno Enerzy, utilizado en la entresuela, se caracteriza por su tacto dleicado y capacidad de rebote. Este material no solo mejora la comodidad del jugador, sino que tambi\u00e9n aumenta la durabilidad del calzado, asegurando un rendimiento \u00f3ptimo durante m\u00e1s tiempo.","breadcrumb":{"@id":"https:\/\/revolutionpadelstore.com\/it\/prodotto\/mizuno-wave-enforce-court-padel-rojo-4\/#breadcrumb"},"inLanguage":"it-IT","potentialAction":[{"@type":"ReadAction","target":["https:\/\/revolutionpadelstore.com\/it\/prodotto\/mizuno-wave-enforce-court-padel-rojo-4\/"]}]},{"@type":"ImageObject","inLanguage":"it-IT","@id":"https:\/\/revolutionpadelstore.com\/it\/prodotto\/mizuno-wave-enforce-court-padel-rojo-4\/#primaryimage","url":"https:\/\/revolutionpadelstore.com\/wp-content\/uploads\/2024\/08\/MIZUNO-ROJA.jpg","contentUrl":"https:\/\/revolutionpadelstore.com\/wp-content\/uploads\/2024\/08\/MIZUNO-ROJA.jpg","width":900,"height":900},{"@type":"BreadcrumbList","@id":"https:\/\/revolutionpadelstore.com\/it\/prodotto\/mizuno-wave-enforce-court-padel-rojo-4\/#breadcrumb","itemListElement":[{"@type":"ListItem","position":1,"name":"Portada","item":"https:\/\/revolutionpadelstore.com\/it\/"},{"@type":"ListItem","position":2,"name":"Tienda","item":"https:\/\/revolutionpadelstore.com\/it\/tienda\/"},{"@type":"ListItem","position":3,"name":"MIZUNO WAVE ENFORCE COURT PADEL ROJO"}]},{"@type":"WebSite","@id":"https:\/\/revolutionpadelstore.com\/it\/#website","url":"https:\/\/revolutionpadelstore.com\/it\/","name":"Revolution Padel Store","description":"","publisher":{"@id":"https:\/\/revolutionpadelstore.com\/it\/#organization"},"potentialAction":[{"@type":"SearchAction","target":{"@type":"EntryPoint","urlTemplate":"https:\/\/revolutionpadelstore.com\/it\/?s={search_term_string}"},"query-input":{"@type":"PropertyValueSpecification","valueRequired":true,"valueName":"search_term_string"}}],"inLanguage":"it-IT"},{"@type":"Organization","@id":"https:\/\/revolutionpadelstore.com\/it\/#organization","name":"Revolution Padel Store","url":"https:\/\/revolutionpadelstore.com\/it\/","logo":{"@type":"ImageObject","inLanguage":"it-IT","@id":"https:\/\/revolutionpadelstore.com\/it\/#\/schema\/logo\/image\/","url":"https:\/\/revolutionpadelstore.com\/wp-content\/uploads\/2026\/02\/revolution-padel-store.jpg","contentUrl":"https:\/\/revolutionpadelstore.com\/wp-content\/uploads\/2026\/02\/revolution-padel-store.jpg","width":2000,"height":2000,"caption":"Revolution Padel Store"},"image":{"@id":"https:\/\/revolutionpadelstore.com\/it\/#\/schema\/logo\/image\/"},"sameAs":["https:\/\/www.instagram.com\/revolutionpadelstore\/"]}]}},"_links":{"self":[{"href":"https:\/\/revolutionpadelstore.com\/it\/wp-json\/wp\/v2\/product\/72935","targetHints":{"allow":["GET"]}}],"collection":[{"href":"https:\/\/revolutionpadelstore.com\/it\/wp-json\/wp\/v2\/product"}],"about":[{"href":"https:\/\/revolutionpadelstore.com\/it\/wp-json\/wp\/v2\/types\/product"}],"replies":[{"embeddable":true,"href":"https:\/\/revolutionpadelstore.com\/it\/wp-json\/wp\/v2\/comments?post=72935"}],"wp:featuredmedia":[{"embeddable":true,"href":"https:\/\/revolutionpadelstore.com\/it\/wp-json\/wp\/v2\/media\/62791"}],"wp:attachment":[{"href":"https:\/\/revolutionpadelstore.com\/it\/wp-json\/wp\/v2\/media?parent=72935"}],"wp:term":[{"taxonomy":"acabado","embeddable":true,"href":"https:\/\/revolutionpadelstore.com\/it\/wp-json\/wp\/v2\/acabado?post=72935"},{"taxonomy":"balance","embeddable":true,"href":"https:\/\/revolutionpadelstore.com\/it\/wp-json\/wp\/v2\/balance?post=72935"},{"taxonomy":"dureza","embeddable":true,"href":"https:\/\/revolutionpadelstore.com\/it\/wp-json\/wp\/v2\/dureza?post=72935"},{"taxonomy":"forma","embeddable":true,"href":"https:\/\/revolutionpadelstore.com\/it\/wp-json\/wp\/v2\/forma?post=72935"},{"taxonomy":"jugador","embeddable":true,"href":"https:\/\/revolutionpadelstore.com\/it\/wp-json\/wp\/v2\/jugador?post=72935"},{"taxonomy":"marca","embeddable":true,"href":"https:\/\/revolutionpadelstore.com\/it\/wp-json\/wp\/v2\/marca?post=72935"},{"taxonomy":"nivel-de-juego","embeddable":true,"href":"https:\/\/revolutionpadelstore.com\/it\/wp-json\/wp\/v2\/nivel-de-juego?post=72935"},{"taxonomy":"superficie","embeddable":true,"href":"https:\/\/revolutionpadelstore.com\/it\/wp-json\/wp\/v2\/superficie?post=72935"},{"taxonomy":"tipo-de-juego","embeddable":true,"href":"https:\/\/revolutionpadelstore.com\/it\/wp-json\/wp\/v2\/tipo-de-juego?post=72935"},{"taxonomy":"product_brand","embeddable":true,"href":"https:\/\/revolutionpadelstore.com\/it\/wp-json\/wp\/v2\/product_brand?post=72935"},{"taxonomy":"product_cat","embeddable":true,"href":"https:\/\/revolutionpadelstore.com\/it\/wp-json\/wp\/v2\/product_cat?post=72935"},{"taxonomy":"product_tag","embeddable":true,"href":"https:\/\/revolutionpadelstore.com\/it\/wp-json\/wp\/v2\/product_tag?post=72935"}],"curies":[{"name":"wp","href":"https:\/\/api.w.org\/{rel}","templated":true}]}}