{"id":72925,"date":"2024-08-22T17:21:49","date_gmt":"2024-08-22T15:21:49","guid":{"rendered":"https:\/\/revolutionpadelstore.com\/mizuno-wave-exceed-tour-6-cc-61gc2475-45-blanco-mujer\/"},"modified":"2026-04-08T11:04:01","modified_gmt":"2026-04-08T09:04:01","slug":"mizuno-wave-exceed-tour-6-cc-blanco-mujer-4","status":"publish","type":"product","link":"https:\/\/revolutionpadelstore.com\/it\/prodotto\/mizuno-wave-exceed-tour-6-cc-blanco-mujer-4\/","title":{"rendered":"MIZUNO WAVE EXCEED TOUR 6 CC BLANCO MUJER"},"content":{"rendered":"<h2>Mizuno Wave Exceed Tour 6 CC Bianco Donna, reattivit\u00e0<\/h2>\n<p>Le <strong>scarpe da padel da donna Wave Exceed Tour 6 CC<\/strong> in bianco di Mizuno sono il modello ideale per quelle giocatrici di padel che cercano una scarpa leggera e resistente che dia loro maggiore velocit\u00e0 e versatilit\u00e0.<\/p>\n<p>La suola, <strong>adatta a tutti i tipi di superficie<\/strong>, include scanalature flessibili che favoriscono il dinamismo e migliorano la capacit\u00e0 di adattamento sul campo di gioco. In questo modo proverai incredibili sensazioni di grip e trazione su qualsiasi pista.<\/p>\n<p>Nella zona del mesopiede presenta una scanalatura D-Flex diagonale, che consente al giocatore di effettuare cambi di direzione e curve pi\u00f9 fluide e naturali.<\/p>\n<h3>Traspirabilit\u00e0 e freschezza<\/h3>\n<p>La parte superiore \u00e8 stata realizzata con una combinazione di rete traspirante e morbida con una rete in TPU resistente e flessibile, che consente un perfetto <strong>adattamento alla forma e al movimento del piede<\/strong>. Grazie alla tecnologia 3D-SOLID nella tomaia si ottengono morbidezza e traspirabilit\u00e0 senza precedenti. Il sistema di allacciatura Dyna-Eyelet Wrap avvolge il piede per un supporto ottimale.<\/p>\n<p>L&#8217;intersuola, dal canto suo, incorpora la tecnologia <em>Enerzy<\/em>, che fornisce un ritorno di energia e un&#8217;ammortizzazione ottimali per una sensazione di comfort e reattivit\u00e0 senza precedenti. La tecnologia <em>Wave<\/em> riesce ad aumentare il livello di ammortizzazione ad ogni passo, disperdendo la forza dell&#8217;impatto. Inoltre, il materiale PoWnCe offre durata, comfort e leggerezza.<\/p>\n<h2>Mizuno Wave Exceed Tour 6 CC Blanco Mujer, capacidad de reacci\u00f3n<\/h2>\n","protected":false},"excerpt":{"rendered":"<p>Scarpa Mizuno Wave Exceed Tour 6 CC Bianca da donna, con suola adatta a qualsiasi superficie. Tomaia morbida, flessibile e traspirante che favorisce una sensazione di freschezza.<\/p>\n","protected":false},"featured_media":62467,"comment_status":"open","ping_status":"closed","template":"","meta":{"_acf_changed":false,"_joinchat":[]},"acabado":[],"balance":[],"dureza":[],"forma":[],"jugador":[1196],"marca":[1331],"nivel-de-juego":[],"superficie":[],"tipo-de-juego":[],"product_brand":[],"product_cat":[455],"product_tag":[],"class_list":{"0":"post-72925","1":"product","2":"type-product","3":"status-publish","4":"has-post-thumbnail","6":"jugador-mujer-it","7":"marca-mizuno-it","8":"product_cat-sneakers-da-donna","10":"first","11":"instock","12":"sale","13":"taxable","14":"shipping-taxable","15":"purchasable","16":"product-type-variable","17":"has-default-attributes"},"acf":[],"yoast_head":"<!-- This site is optimized with the Yoast SEO plugin v27.4 - https:\/\/yoast.com\/product\/yoast-seo-wordpress\/ -->\n<title>MIZUNO WAVE EXCEED TOUR 6 CC BLANCO MUJER - Revolution Padel Store<\/title>\n<meta name=\"description\" content=\"Las zapatillas de p\u00e1del para mujer Wave Exceed Tour 6 CC en color blanco de Mizuno son el modelo ideal para aquellas jugadoras de p\u00e1del que buscan un calzado ligero y resistente que les conceda un plus de velocidad y versatilidad en la pista.La suela, apta para todo tipo de superficies, incluye unos surcos de flexi\u00f3n que favorecen el dinamismo y mejoran la capacidad de adaptaci\u00f3n en el terreno de juego. De esta manera, sentir\u00e1s unas incre\u00edbles sensaciones de agarre y tracci\u00f3n cualquier pista.\" \/>\n<meta name=\"robots\" content=\"index, follow, max-snippet:-1, max-image-preview:large, max-video-preview:-1\" \/>\n<link rel=\"canonical\" href=\"https:\/\/revolutionpadelstore.com\/it\/prodotto\/mizuno-wave-exceed-tour-6-cc-blanco-mujer-4\/\" \/>\n<meta property=\"og:locale\" content=\"it_IT\" \/>\n<meta property=\"og:type\" content=\"article\" \/>\n<meta property=\"og:title\" content=\"COMPRAR MIZUNO WAVE EXCEED TOUR 6 CC 61GC2475 45 BLANCO MUJER\" \/>\n<meta property=\"og:description\" content=\"Zapatilla para mujer Mizuno Wave Exceed Tour 6 CC Blanco, con una suela apta para cualquier superficie. Parte superior suave, flexible y transpirable que favorece una sensaci\u00f3n de frescura.\" \/>\n<meta property=\"og:url\" content=\"https:\/\/revolutionpadelstore.com\/it\/prodotto\/mizuno-wave-exceed-tour-6-cc-blanco-mujer-4\/\" \/>\n<meta property=\"og:site_name\" content=\"Revolution Padel Store\" \/>\n<meta property=\"article:modified_time\" content=\"2026-04-08T09:04:01+00:00\" \/>\n<meta property=\"og:image\" content=\"https:\/\/revolutionpadelstore.com\/wp-content\/uploads\/2024\/08\/111984_zapatillas_mizuno_wave_exceed_tour_6_cc_61gc2475_45_mujer_1000x1000_1_ed46.webp\" \/>\n\t<meta property=\"og:image:width\" content=\"1000\" \/>\n\t<meta property=\"og:image:height\" content=\"1000\" \/>\n\t<meta property=\"og:image:type\" content=\"image\/webp\" \/>\n<meta name=\"twitter:card\" content=\"summary_large_image\" \/>\n<meta name=\"twitter:label1\" content=\"Tempo di lettura stimato\" \/>\n\t<meta name=\"twitter:data1\" content=\"2 minuti\" \/>\n<script type=\"application\/ld+json\" class=\"yoast-schema-graph\">{\"@context\":\"https:\\\/\\\/schema.org\",\"@graph\":[{\"@type\":\"WebPage\",\"@id\":\"https:\\\/\\\/revolutionpadelstore.com\\\/it\\\/prodotto\\\/mizuno-wave-exceed-tour-6-cc-blanco-mujer-4\\\/\",\"url\":\"https:\\\/\\\/revolutionpadelstore.com\\\/it\\\/prodotto\\\/mizuno-wave-exceed-tour-6-cc-blanco-mujer-4\\\/\",\"name\":\"MIZUNO WAVE EXCEED TOUR 6 CC BLANCO MUJER - Revolution Padel Store\",\"isPartOf\":{\"@id\":\"https:\\\/\\\/revolutionpadelstore.com\\\/it\\\/#website\"},\"primaryImageOfPage\":{\"@id\":\"https:\\\/\\\/revolutionpadelstore.com\\\/it\\\/prodotto\\\/mizuno-wave-exceed-tour-6-cc-blanco-mujer-4\\\/#primaryimage\"},\"image\":{\"@id\":\"https:\\\/\\\/revolutionpadelstore.com\\\/it\\\/prodotto\\\/mizuno-wave-exceed-tour-6-cc-blanco-mujer-4\\\/#primaryimage\"},\"thumbnailUrl\":\"https:\\\/\\\/revolutionpadelstore.com\\\/wp-content\\\/uploads\\\/2024\\\/08\\\/111984_zapatillas_mizuno_wave_exceed_tour_6_cc_61gc2475_45_mujer_1000x1000_1_ed46.webp\",\"datePublished\":\"2024-08-22T15:21:49+00:00\",\"dateModified\":\"2026-04-08T09:04:01+00:00\",\"description\":\"Las zapatillas de p\u00e1del para mujer Wave Exceed Tour 6 CC en color blanco de Mizuno son el modelo ideal para aquellas jugadoras de p\u00e1del que buscan un calzado ligero y resistente que les conceda un plus de velocidad y versatilidad en la pista.La suela, apta para todo tipo de superficies, incluye unos surcos de flexi\u00f3n que favorecen el dinamismo y mejoran la capacidad de adaptaci\u00f3n en el terreno de juego. De esta manera, sentir\u00e1s unas incre\u00edbles sensaciones de agarre y tracci\u00f3n cualquier pista.\",\"breadcrumb\":{\"@id\":\"https:\\\/\\\/revolutionpadelstore.com\\\/it\\\/prodotto\\\/mizuno-wave-exceed-tour-6-cc-blanco-mujer-4\\\/#breadcrumb\"},\"inLanguage\":\"it-IT\",\"potentialAction\":[{\"@type\":\"ReadAction\",\"target\":[\"https:\\\/\\\/revolutionpadelstore.com\\\/it\\\/prodotto\\\/mizuno-wave-exceed-tour-6-cc-blanco-mujer-4\\\/\"]}]},{\"@type\":\"ImageObject\",\"inLanguage\":\"it-IT\",\"@id\":\"https:\\\/\\\/revolutionpadelstore.com\\\/it\\\/prodotto\\\/mizuno-wave-exceed-tour-6-cc-blanco-mujer-4\\\/#primaryimage\",\"url\":\"https:\\\/\\\/revolutionpadelstore.com\\\/wp-content\\\/uploads\\\/2024\\\/08\\\/111984_zapatillas_mizuno_wave_exceed_tour_6_cc_61gc2475_45_mujer_1000x1000_1_ed46.webp\",\"contentUrl\":\"https:\\\/\\\/revolutionpadelstore.com\\\/wp-content\\\/uploads\\\/2024\\\/08\\\/111984_zapatillas_mizuno_wave_exceed_tour_6_cc_61gc2475_45_mujer_1000x1000_1_ed46.webp\",\"width\":1000,\"height\":1000},{\"@type\":\"BreadcrumbList\",\"@id\":\"https:\\\/\\\/revolutionpadelstore.com\\\/it\\\/prodotto\\\/mizuno-wave-exceed-tour-6-cc-blanco-mujer-4\\\/#breadcrumb\",\"itemListElement\":[{\"@type\":\"ListItem\",\"position\":1,\"name\":\"Portada\",\"item\":\"https:\\\/\\\/revolutionpadelstore.com\\\/it\\\/\"},{\"@type\":\"ListItem\",\"position\":2,\"name\":\"Tienda\",\"item\":\"https:\\\/\\\/revolutionpadelstore.com\\\/it\\\/tienda\\\/\"},{\"@type\":\"ListItem\",\"position\":3,\"name\":\"MIZUNO WAVE EXCEED TOUR 6 CC BLANCO MUJER\"}]},{\"@type\":\"WebSite\",\"@id\":\"https:\\\/\\\/revolutionpadelstore.com\\\/it\\\/#website\",\"url\":\"https:\\\/\\\/revolutionpadelstore.com\\\/it\\\/\",\"name\":\"Revolution Padel Store\",\"description\":\"\",\"publisher\":{\"@id\":\"https:\\\/\\\/revolutionpadelstore.com\\\/it\\\/#organization\"},\"potentialAction\":[{\"@type\":\"SearchAction\",\"target\":{\"@type\":\"EntryPoint\",\"urlTemplate\":\"https:\\\/\\\/revolutionpadelstore.com\\\/it\\\/?s={search_term_string}\"},\"query-input\":{\"@type\":\"PropertyValueSpecification\",\"valueRequired\":true,\"valueName\":\"search_term_string\"}}],\"inLanguage\":\"it-IT\"},{\"@type\":\"Organization\",\"@id\":\"https:\\\/\\\/revolutionpadelstore.com\\\/it\\\/#organization\",\"name\":\"Revolution Padel Store\",\"url\":\"https:\\\/\\\/revolutionpadelstore.com\\\/it\\\/\",\"logo\":{\"@type\":\"ImageObject\",\"inLanguage\":\"it-IT\",\"@id\":\"https:\\\/\\\/revolutionpadelstore.com\\\/it\\\/#\\\/schema\\\/logo\\\/image\\\/\",\"url\":\"https:\\\/\\\/revolutionpadelstore.com\\\/wp-content\\\/uploads\\\/2026\\\/02\\\/revolution-padel-store.jpg\",\"contentUrl\":\"https:\\\/\\\/revolutionpadelstore.com\\\/wp-content\\\/uploads\\\/2026\\\/02\\\/revolution-padel-store.jpg\",\"width\":2000,\"height\":2000,\"caption\":\"Revolution Padel Store\"},\"image\":{\"@id\":\"https:\\\/\\\/revolutionpadelstore.com\\\/it\\\/#\\\/schema\\\/logo\\\/image\\\/\"},\"sameAs\":[\"https:\\\/\\\/www.instagram.com\\\/revolutionpadelstore\\\/\"]}]}<\/script>\n<!-- \/ Yoast SEO plugin. -->","yoast_head_json":{"title":"MIZUNO WAVE EXCEED TOUR 6 CC BLANCO MUJER - Revolution Padel Store","description":"Las zapatillas de p\u00e1del para mujer Wave Exceed Tour 6 CC en color blanco de Mizuno son el modelo ideal para aquellas jugadoras de p\u00e1del que buscan un calzado ligero y resistente que les conceda un plus de velocidad y versatilidad en la pista.La suela, apta para todo tipo de superficies, incluye unos surcos de flexi\u00f3n que favorecen el dinamismo y mejoran la capacidad de adaptaci\u00f3n en el terreno de juego. De esta manera, sentir\u00e1s unas incre\u00edbles sensaciones de agarre y tracci\u00f3n cualquier pista.","robots":{"index":"index","follow":"follow","max-snippet":"max-snippet:-1","max-image-preview":"max-image-preview:large","max-video-preview":"max-video-preview:-1"},"canonical":"https:\/\/revolutionpadelstore.com\/it\/prodotto\/mizuno-wave-exceed-tour-6-cc-blanco-mujer-4\/","og_locale":"it_IT","og_type":"article","og_title":"COMPRAR MIZUNO WAVE EXCEED TOUR 6 CC 61GC2475 45 BLANCO MUJER","og_description":"Zapatilla para mujer Mizuno Wave Exceed Tour 6 CC Blanco, con una suela apta para cualquier superficie. Parte superior suave, flexible y transpirable que favorece una sensaci\u00f3n de frescura.","og_url":"https:\/\/revolutionpadelstore.com\/it\/prodotto\/mizuno-wave-exceed-tour-6-cc-blanco-mujer-4\/","og_site_name":"Revolution Padel Store","article_modified_time":"2026-04-08T09:04:01+00:00","og_image":[{"width":1000,"height":1000,"url":"https:\/\/revolutionpadelstore.com\/wp-content\/uploads\/2024\/08\/111984_zapatillas_mizuno_wave_exceed_tour_6_cc_61gc2475_45_mujer_1000x1000_1_ed46.webp","type":"image\/webp"}],"twitter_card":"summary_large_image","twitter_misc":{"Tempo di lettura stimato":"2 minuti"},"schema":{"@context":"https:\/\/schema.org","@graph":[{"@type":"WebPage","@id":"https:\/\/revolutionpadelstore.com\/it\/prodotto\/mizuno-wave-exceed-tour-6-cc-blanco-mujer-4\/","url":"https:\/\/revolutionpadelstore.com\/it\/prodotto\/mizuno-wave-exceed-tour-6-cc-blanco-mujer-4\/","name":"MIZUNO WAVE EXCEED TOUR 6 CC BLANCO MUJER - Revolution Padel Store","isPartOf":{"@id":"https:\/\/revolutionpadelstore.com\/it\/#website"},"primaryImageOfPage":{"@id":"https:\/\/revolutionpadelstore.com\/it\/prodotto\/mizuno-wave-exceed-tour-6-cc-blanco-mujer-4\/#primaryimage"},"image":{"@id":"https:\/\/revolutionpadelstore.com\/it\/prodotto\/mizuno-wave-exceed-tour-6-cc-blanco-mujer-4\/#primaryimage"},"thumbnailUrl":"https:\/\/revolutionpadelstore.com\/wp-content\/uploads\/2024\/08\/111984_zapatillas_mizuno_wave_exceed_tour_6_cc_61gc2475_45_mujer_1000x1000_1_ed46.webp","datePublished":"2024-08-22T15:21:49+00:00","dateModified":"2026-04-08T09:04:01+00:00","description":"Las zapatillas de p\u00e1del para mujer Wave Exceed Tour 6 CC en color blanco de Mizuno son el modelo ideal para aquellas jugadoras de p\u00e1del que buscan un calzado ligero y resistente que les conceda un plus de velocidad y versatilidad en la pista.La suela, apta para todo tipo de superficies, incluye unos surcos de flexi\u00f3n que favorecen el dinamismo y mejoran la capacidad de adaptaci\u00f3n en el terreno de juego. De esta manera, sentir\u00e1s unas incre\u00edbles sensaciones de agarre y tracci\u00f3n cualquier pista.","breadcrumb":{"@id":"https:\/\/revolutionpadelstore.com\/it\/prodotto\/mizuno-wave-exceed-tour-6-cc-blanco-mujer-4\/#breadcrumb"},"inLanguage":"it-IT","potentialAction":[{"@type":"ReadAction","target":["https:\/\/revolutionpadelstore.com\/it\/prodotto\/mizuno-wave-exceed-tour-6-cc-blanco-mujer-4\/"]}]},{"@type":"ImageObject","inLanguage":"it-IT","@id":"https:\/\/revolutionpadelstore.com\/it\/prodotto\/mizuno-wave-exceed-tour-6-cc-blanco-mujer-4\/#primaryimage","url":"https:\/\/revolutionpadelstore.com\/wp-content\/uploads\/2024\/08\/111984_zapatillas_mizuno_wave_exceed_tour_6_cc_61gc2475_45_mujer_1000x1000_1_ed46.webp","contentUrl":"https:\/\/revolutionpadelstore.com\/wp-content\/uploads\/2024\/08\/111984_zapatillas_mizuno_wave_exceed_tour_6_cc_61gc2475_45_mujer_1000x1000_1_ed46.webp","width":1000,"height":1000},{"@type":"BreadcrumbList","@id":"https:\/\/revolutionpadelstore.com\/it\/prodotto\/mizuno-wave-exceed-tour-6-cc-blanco-mujer-4\/#breadcrumb","itemListElement":[{"@type":"ListItem","position":1,"name":"Portada","item":"https:\/\/revolutionpadelstore.com\/it\/"},{"@type":"ListItem","position":2,"name":"Tienda","item":"https:\/\/revolutionpadelstore.com\/it\/tienda\/"},{"@type":"ListItem","position":3,"name":"MIZUNO WAVE EXCEED TOUR 6 CC BLANCO MUJER"}]},{"@type":"WebSite","@id":"https:\/\/revolutionpadelstore.com\/it\/#website","url":"https:\/\/revolutionpadelstore.com\/it\/","name":"Revolution Padel Store","description":"","publisher":{"@id":"https:\/\/revolutionpadelstore.com\/it\/#organization"},"potentialAction":[{"@type":"SearchAction","target":{"@type":"EntryPoint","urlTemplate":"https:\/\/revolutionpadelstore.com\/it\/?s={search_term_string}"},"query-input":{"@type":"PropertyValueSpecification","valueRequired":true,"valueName":"search_term_string"}}],"inLanguage":"it-IT"},{"@type":"Organization","@id":"https:\/\/revolutionpadelstore.com\/it\/#organization","name":"Revolution Padel Store","url":"https:\/\/revolutionpadelstore.com\/it\/","logo":{"@type":"ImageObject","inLanguage":"it-IT","@id":"https:\/\/revolutionpadelstore.com\/it\/#\/schema\/logo\/image\/","url":"https:\/\/revolutionpadelstore.com\/wp-content\/uploads\/2026\/02\/revolution-padel-store.jpg","contentUrl":"https:\/\/revolutionpadelstore.com\/wp-content\/uploads\/2026\/02\/revolution-padel-store.jpg","width":2000,"height":2000,"caption":"Revolution Padel Store"},"image":{"@id":"https:\/\/revolutionpadelstore.com\/it\/#\/schema\/logo\/image\/"},"sameAs":["https:\/\/www.instagram.com\/revolutionpadelstore\/"]}]}},"_links":{"self":[{"href":"https:\/\/revolutionpadelstore.com\/it\/wp-json\/wp\/v2\/product\/72925","targetHints":{"allow":["GET"]}}],"collection":[{"href":"https:\/\/revolutionpadelstore.com\/it\/wp-json\/wp\/v2\/product"}],"about":[{"href":"https:\/\/revolutionpadelstore.com\/it\/wp-json\/wp\/v2\/types\/product"}],"replies":[{"embeddable":true,"href":"https:\/\/revolutionpadelstore.com\/it\/wp-json\/wp\/v2\/comments?post=72925"}],"wp:featuredmedia":[{"embeddable":true,"href":"https:\/\/revolutionpadelstore.com\/it\/wp-json\/wp\/v2\/media\/62467"}],"wp:attachment":[{"href":"https:\/\/revolutionpadelstore.com\/it\/wp-json\/wp\/v2\/media?parent=72925"}],"wp:term":[{"taxonomy":"acabado","embeddable":true,"href":"https:\/\/revolutionpadelstore.com\/it\/wp-json\/wp\/v2\/acabado?post=72925"},{"taxonomy":"balance","embeddable":true,"href":"https:\/\/revolutionpadelstore.com\/it\/wp-json\/wp\/v2\/balance?post=72925"},{"taxonomy":"dureza","embeddable":true,"href":"https:\/\/revolutionpadelstore.com\/it\/wp-json\/wp\/v2\/dureza?post=72925"},{"taxonomy":"forma","embeddable":true,"href":"https:\/\/revolutionpadelstore.com\/it\/wp-json\/wp\/v2\/forma?post=72925"},{"taxonomy":"jugador","embeddable":true,"href":"https:\/\/revolutionpadelstore.com\/it\/wp-json\/wp\/v2\/jugador?post=72925"},{"taxonomy":"marca","embeddable":true,"href":"https:\/\/revolutionpadelstore.com\/it\/wp-json\/wp\/v2\/marca?post=72925"},{"taxonomy":"nivel-de-juego","embeddable":true,"href":"https:\/\/revolutionpadelstore.com\/it\/wp-json\/wp\/v2\/nivel-de-juego?post=72925"},{"taxonomy":"superficie","embeddable":true,"href":"https:\/\/revolutionpadelstore.com\/it\/wp-json\/wp\/v2\/superficie?post=72925"},{"taxonomy":"tipo-de-juego","embeddable":true,"href":"https:\/\/revolutionpadelstore.com\/it\/wp-json\/wp\/v2\/tipo-de-juego?post=72925"},{"taxonomy":"product_brand","embeddable":true,"href":"https:\/\/revolutionpadelstore.com\/it\/wp-json\/wp\/v2\/product_brand?post=72925"},{"taxonomy":"product_cat","embeddable":true,"href":"https:\/\/revolutionpadelstore.com\/it\/wp-json\/wp\/v2\/product_cat?post=72925"},{"taxonomy":"product_tag","embeddable":true,"href":"https:\/\/revolutionpadelstore.com\/it\/wp-json\/wp\/v2\/product_tag?post=72925"}],"curies":[{"name":"wp","href":"https:\/\/api.w.org\/{rel}","templated":true}]}}