{"id":72920,"date":"2024-08-22T17:39:45","date_gmt":"2024-08-22T15:39:45","guid":{"rendered":"https:\/\/revolutionpadelstore.com\/cajon-pelotas-wilson-premier-padel\/"},"modified":"2026-04-08T11:03:36","modified_gmt":"2026-04-08T09:03:36","slug":"cajon-pelotas-wilson-premier-padel-4","status":"publish","type":"product","link":"https:\/\/revolutionpadelstore.com\/it\/prodotto\/cajon-pelotas-wilson-premier-padel-4\/","title":{"rendered":"CAJON PELOTAS WILSON PREMIER PADEL"},"content":{"rendered":"<p>Le nuove <a href=\"https:\/\/www.padeliberico.es\/pelotas-padel-wilson\"><strong>palle Wilson<\/strong> <\/a>Premier Padel sono progettate per il circuito Premier Padel, come indica il nome. Queste palline professionali sono le migliori oggi disponibili sul mercato, prodotte da Wilson secondo gli standard di qualit\u00e0 pi\u00f9 esigenti.<\/p>\n<p>Tra le sue caratteristiche da evidenziare, abbiamo la durabilit\u00e0. Progettata per durare pi\u00f9 a lungo senza perdere prestazioni, perfetta per i giocatori che cercano resistenza e consistenza.<\/p>\n<p><strong>Quantit\u00e0:<\/strong> la scatola include 24 barattoli, ciascuno con 3 palline, per un totale di 72 palline.<\/p>\n","protected":false},"excerpt":{"rendered":"<p>Le nuove palle Wilson Premier Padel sono progettate per il circuito Premier Padel, come indica il nome. Queste palline professionali sono le migliori oggi disponibili sul mercato, prodotte da Wilson secondo gli standard di qualit\u00e0 pi\u00f9 esigenti. Tra le sue caratteristiche da evidenziare, abbiamo la durabilit\u00e0. Progettata per durare pi\u00f9 a lungo senza perdere prestazioni, [&hellip;]<\/p>\n","protected":false},"featured_media":62498,"comment_status":"open","ping_status":"closed","template":"","meta":{"_acf_changed":false,"_joinchat":[]},"acabado":[],"balance":[],"dureza":[],"forma":[],"jugador":[],"marca":[1266],"nivel-de-juego":[],"superficie":[],"tipo-de-juego":[],"product_brand":[],"product_cat":[605],"product_tag":[],"class_list":{"0":"post-72920","1":"product","2":"type-product","3":"status-publish","4":"has-post-thumbnail","6":"marca-wilson-it","7":"product_cat-palle","9":"first","10":"outofstock","11":"sale","12":"taxable","13":"shipping-taxable","14":"purchasable","15":"product-type-simple"},"acf":[],"yoast_head":"<!-- This site is optimized with the Yoast SEO plugin v27.4 - https:\/\/yoast.com\/product\/yoast-seo-wordpress\/ -->\n<title>CAJON PELOTAS WILSON PREMIER PADEL - Revolution Padel Store<\/title>\n<meta name=\"description\" content=\"Ya tenemos por aqu\u00ed, las que ser\u00e1n claramente unas de las mejores pelotas de p\u00e1del para los jugadores profesionales. Las nuevas pelotas Wilson Premier Padel est\u00e1n dise\u00f1adas para el circuito Premier Padel, como su nombre nos indica. Estas pelotas profesionales son de lo mejor disponible a d\u00eda de hoy en el mercado, fabricadas por Wilson con los est\u00e1ndares de calidad m\u00e1s exigentes.\" \/>\n<meta name=\"robots\" content=\"index, follow, max-snippet:-1, max-image-preview:large, max-video-preview:-1\" \/>\n<link rel=\"canonical\" href=\"https:\/\/revolutionpadelstore.com\/it\/prodotto\/cajon-pelotas-wilson-premier-padel-4\/\" \/>\n<meta property=\"og:locale\" content=\"it_IT\" \/>\n<meta property=\"og:type\" content=\"article\" \/>\n<meta property=\"og:title\" content=\"COMPRAR CAJON PELOTAS WILSON PREMIER PADEL\" \/>\n<meta property=\"og:description\" content=\"Ya tenemos por aqu\u00ed, las que ser\u00e1n claramente unas de las mejores pelotas de p\u00e1del para los jugadores profesionales. Las nuevas pelotas Wilson Premier Padel est\u00e1n dise\u00f1adas para el circuito Premier Padel, como su nombre nos indica. Estas pelotas profesionales son de lo mejor disponible a d\u00eda de hoy en el mercado, fabricadas por Wilson con los est\u00e1ndares de calidad m\u00e1s exigentes.\" \/>\n<meta property=\"og:url\" content=\"https:\/\/revolutionpadelstore.com\/it\/prodotto\/cajon-pelotas-wilson-premier-padel-4\/\" \/>\n<meta property=\"og:site_name\" content=\"Revolution Padel Store\" \/>\n<meta property=\"article:modified_time\" content=\"2026-04-08T09:03:36+00:00\" \/>\n<meta property=\"og:image\" content=\"https:\/\/revolutionpadelstore.com\/wp-content\/uploads\/2024\/08\/cajon-pelotas-wilson-premier-padel.jpg\" \/>\n\t<meta property=\"og:image:width\" content=\"800\" \/>\n\t<meta property=\"og:image:height\" content=\"800\" \/>\n\t<meta property=\"og:image:type\" content=\"image\/jpeg\" \/>\n<meta name=\"twitter:card\" content=\"summary_large_image\" \/>\n<meta name=\"twitter:label1\" content=\"Tempo di lettura stimato\" \/>\n\t<meta name=\"twitter:data1\" content=\"1 minuto\" \/>\n<script type=\"application\/ld+json\" class=\"yoast-schema-graph\">{\"@context\":\"https:\\\/\\\/schema.org\",\"@graph\":[{\"@type\":\"WebPage\",\"@id\":\"https:\\\/\\\/revolutionpadelstore.com\\\/it\\\/prodotto\\\/cajon-pelotas-wilson-premier-padel-4\\\/\",\"url\":\"https:\\\/\\\/revolutionpadelstore.com\\\/it\\\/prodotto\\\/cajon-pelotas-wilson-premier-padel-4\\\/\",\"name\":\"CAJON PELOTAS WILSON PREMIER PADEL - Revolution Padel Store\",\"isPartOf\":{\"@id\":\"https:\\\/\\\/revolutionpadelstore.com\\\/it\\\/#website\"},\"primaryImageOfPage\":{\"@id\":\"https:\\\/\\\/revolutionpadelstore.com\\\/it\\\/prodotto\\\/cajon-pelotas-wilson-premier-padel-4\\\/#primaryimage\"},\"image\":{\"@id\":\"https:\\\/\\\/revolutionpadelstore.com\\\/it\\\/prodotto\\\/cajon-pelotas-wilson-premier-padel-4\\\/#primaryimage\"},\"thumbnailUrl\":\"https:\\\/\\\/revolutionpadelstore.com\\\/wp-content\\\/uploads\\\/2024\\\/08\\\/cajon-pelotas-wilson-premier-padel.jpg\",\"datePublished\":\"2024-08-22T15:39:45+00:00\",\"dateModified\":\"2026-04-08T09:03:36+00:00\",\"description\":\"Ya tenemos por aqu\u00ed, las que ser\u00e1n claramente unas de las mejores pelotas de p\u00e1del para los jugadores profesionales. Las nuevas pelotas Wilson Premier Padel est\u00e1n dise\u00f1adas para el circuito Premier Padel, como su nombre nos indica. Estas pelotas profesionales son de lo mejor disponible a d\u00eda de hoy en el mercado, fabricadas por Wilson con los est\u00e1ndares de calidad m\u00e1s exigentes.\",\"breadcrumb\":{\"@id\":\"https:\\\/\\\/revolutionpadelstore.com\\\/it\\\/prodotto\\\/cajon-pelotas-wilson-premier-padel-4\\\/#breadcrumb\"},\"inLanguage\":\"it-IT\",\"potentialAction\":[{\"@type\":\"ReadAction\",\"target\":[\"https:\\\/\\\/revolutionpadelstore.com\\\/it\\\/prodotto\\\/cajon-pelotas-wilson-premier-padel-4\\\/\"]}]},{\"@type\":\"ImageObject\",\"inLanguage\":\"it-IT\",\"@id\":\"https:\\\/\\\/revolutionpadelstore.com\\\/it\\\/prodotto\\\/cajon-pelotas-wilson-premier-padel-4\\\/#primaryimage\",\"url\":\"https:\\\/\\\/revolutionpadelstore.com\\\/wp-content\\\/uploads\\\/2024\\\/08\\\/cajon-pelotas-wilson-premier-padel.jpg\",\"contentUrl\":\"https:\\\/\\\/revolutionpadelstore.com\\\/wp-content\\\/uploads\\\/2024\\\/08\\\/cajon-pelotas-wilson-premier-padel.jpg\",\"width\":800,\"height\":800},{\"@type\":\"BreadcrumbList\",\"@id\":\"https:\\\/\\\/revolutionpadelstore.com\\\/it\\\/prodotto\\\/cajon-pelotas-wilson-premier-padel-4\\\/#breadcrumb\",\"itemListElement\":[{\"@type\":\"ListItem\",\"position\":1,\"name\":\"Portada\",\"item\":\"https:\\\/\\\/revolutionpadelstore.com\\\/it\\\/\"},{\"@type\":\"ListItem\",\"position\":2,\"name\":\"Tienda\",\"item\":\"https:\\\/\\\/revolutionpadelstore.com\\\/it\\\/tienda\\\/\"},{\"@type\":\"ListItem\",\"position\":3,\"name\":\"CAJON PELOTAS WILSON PREMIER PADEL\"}]},{\"@type\":\"WebSite\",\"@id\":\"https:\\\/\\\/revolutionpadelstore.com\\\/it\\\/#website\",\"url\":\"https:\\\/\\\/revolutionpadelstore.com\\\/it\\\/\",\"name\":\"Revolution Padel Store\",\"description\":\"\",\"publisher\":{\"@id\":\"https:\\\/\\\/revolutionpadelstore.com\\\/it\\\/#organization\"},\"potentialAction\":[{\"@type\":\"SearchAction\",\"target\":{\"@type\":\"EntryPoint\",\"urlTemplate\":\"https:\\\/\\\/revolutionpadelstore.com\\\/it\\\/?s={search_term_string}\"},\"query-input\":{\"@type\":\"PropertyValueSpecification\",\"valueRequired\":true,\"valueName\":\"search_term_string\"}}],\"inLanguage\":\"it-IT\"},{\"@type\":\"Organization\",\"@id\":\"https:\\\/\\\/revolutionpadelstore.com\\\/it\\\/#organization\",\"name\":\"Revolution Padel Store\",\"url\":\"https:\\\/\\\/revolutionpadelstore.com\\\/it\\\/\",\"logo\":{\"@type\":\"ImageObject\",\"inLanguage\":\"it-IT\",\"@id\":\"https:\\\/\\\/revolutionpadelstore.com\\\/it\\\/#\\\/schema\\\/logo\\\/image\\\/\",\"url\":\"https:\\\/\\\/revolutionpadelstore.com\\\/wp-content\\\/uploads\\\/2026\\\/02\\\/revolution-padel-store.jpg\",\"contentUrl\":\"https:\\\/\\\/revolutionpadelstore.com\\\/wp-content\\\/uploads\\\/2026\\\/02\\\/revolution-padel-store.jpg\",\"width\":2000,\"height\":2000,\"caption\":\"Revolution Padel Store\"},\"image\":{\"@id\":\"https:\\\/\\\/revolutionpadelstore.com\\\/it\\\/#\\\/schema\\\/logo\\\/image\\\/\"},\"sameAs\":[\"https:\\\/\\\/www.instagram.com\\\/revolutionpadelstore\\\/\"]}]}<\/script>\n<!-- \/ Yoast SEO plugin. -->","yoast_head_json":{"title":"CAJON PELOTAS WILSON PREMIER PADEL - Revolution Padel Store","description":"Ya tenemos por aqu\u00ed, las que ser\u00e1n claramente unas de las mejores pelotas de p\u00e1del para los jugadores profesionales. Las nuevas pelotas Wilson Premier Padel est\u00e1n dise\u00f1adas para el circuito Premier Padel, como su nombre nos indica. Estas pelotas profesionales son de lo mejor disponible a d\u00eda de hoy en el mercado, fabricadas por Wilson con los est\u00e1ndares de calidad m\u00e1s exigentes.","robots":{"index":"index","follow":"follow","max-snippet":"max-snippet:-1","max-image-preview":"max-image-preview:large","max-video-preview":"max-video-preview:-1"},"canonical":"https:\/\/revolutionpadelstore.com\/it\/prodotto\/cajon-pelotas-wilson-premier-padel-4\/","og_locale":"it_IT","og_type":"article","og_title":"COMPRAR CAJON PELOTAS WILSON PREMIER PADEL","og_description":"Ya tenemos por aqu\u00ed, las que ser\u00e1n claramente unas de las mejores pelotas de p\u00e1del para los jugadores profesionales. Las nuevas pelotas Wilson Premier Padel est\u00e1n dise\u00f1adas para el circuito Premier Padel, como su nombre nos indica. Estas pelotas profesionales son de lo mejor disponible a d\u00eda de hoy en el mercado, fabricadas por Wilson con los est\u00e1ndares de calidad m\u00e1s exigentes.","og_url":"https:\/\/revolutionpadelstore.com\/it\/prodotto\/cajon-pelotas-wilson-premier-padel-4\/","og_site_name":"Revolution Padel Store","article_modified_time":"2026-04-08T09:03:36+00:00","og_image":[{"width":800,"height":800,"url":"https:\/\/revolutionpadelstore.com\/wp-content\/uploads\/2024\/08\/cajon-pelotas-wilson-premier-padel.jpg","type":"image\/jpeg"}],"twitter_card":"summary_large_image","twitter_misc":{"Tempo di lettura stimato":"1 minuto"},"schema":{"@context":"https:\/\/schema.org","@graph":[{"@type":"WebPage","@id":"https:\/\/revolutionpadelstore.com\/it\/prodotto\/cajon-pelotas-wilson-premier-padel-4\/","url":"https:\/\/revolutionpadelstore.com\/it\/prodotto\/cajon-pelotas-wilson-premier-padel-4\/","name":"CAJON PELOTAS WILSON PREMIER PADEL - Revolution Padel Store","isPartOf":{"@id":"https:\/\/revolutionpadelstore.com\/it\/#website"},"primaryImageOfPage":{"@id":"https:\/\/revolutionpadelstore.com\/it\/prodotto\/cajon-pelotas-wilson-premier-padel-4\/#primaryimage"},"image":{"@id":"https:\/\/revolutionpadelstore.com\/it\/prodotto\/cajon-pelotas-wilson-premier-padel-4\/#primaryimage"},"thumbnailUrl":"https:\/\/revolutionpadelstore.com\/wp-content\/uploads\/2024\/08\/cajon-pelotas-wilson-premier-padel.jpg","datePublished":"2024-08-22T15:39:45+00:00","dateModified":"2026-04-08T09:03:36+00:00","description":"Ya tenemos por aqu\u00ed, las que ser\u00e1n claramente unas de las mejores pelotas de p\u00e1del para los jugadores profesionales. Las nuevas pelotas Wilson Premier Padel est\u00e1n dise\u00f1adas para el circuito Premier Padel, como su nombre nos indica. Estas pelotas profesionales son de lo mejor disponible a d\u00eda de hoy en el mercado, fabricadas por Wilson con los est\u00e1ndares de calidad m\u00e1s exigentes.","breadcrumb":{"@id":"https:\/\/revolutionpadelstore.com\/it\/prodotto\/cajon-pelotas-wilson-premier-padel-4\/#breadcrumb"},"inLanguage":"it-IT","potentialAction":[{"@type":"ReadAction","target":["https:\/\/revolutionpadelstore.com\/it\/prodotto\/cajon-pelotas-wilson-premier-padel-4\/"]}]},{"@type":"ImageObject","inLanguage":"it-IT","@id":"https:\/\/revolutionpadelstore.com\/it\/prodotto\/cajon-pelotas-wilson-premier-padel-4\/#primaryimage","url":"https:\/\/revolutionpadelstore.com\/wp-content\/uploads\/2024\/08\/cajon-pelotas-wilson-premier-padel.jpg","contentUrl":"https:\/\/revolutionpadelstore.com\/wp-content\/uploads\/2024\/08\/cajon-pelotas-wilson-premier-padel.jpg","width":800,"height":800},{"@type":"BreadcrumbList","@id":"https:\/\/revolutionpadelstore.com\/it\/prodotto\/cajon-pelotas-wilson-premier-padel-4\/#breadcrumb","itemListElement":[{"@type":"ListItem","position":1,"name":"Portada","item":"https:\/\/revolutionpadelstore.com\/it\/"},{"@type":"ListItem","position":2,"name":"Tienda","item":"https:\/\/revolutionpadelstore.com\/it\/tienda\/"},{"@type":"ListItem","position":3,"name":"CAJON PELOTAS WILSON PREMIER PADEL"}]},{"@type":"WebSite","@id":"https:\/\/revolutionpadelstore.com\/it\/#website","url":"https:\/\/revolutionpadelstore.com\/it\/","name":"Revolution Padel Store","description":"","publisher":{"@id":"https:\/\/revolutionpadelstore.com\/it\/#organization"},"potentialAction":[{"@type":"SearchAction","target":{"@type":"EntryPoint","urlTemplate":"https:\/\/revolutionpadelstore.com\/it\/?s={search_term_string}"},"query-input":{"@type":"PropertyValueSpecification","valueRequired":true,"valueName":"search_term_string"}}],"inLanguage":"it-IT"},{"@type":"Organization","@id":"https:\/\/revolutionpadelstore.com\/it\/#organization","name":"Revolution Padel Store","url":"https:\/\/revolutionpadelstore.com\/it\/","logo":{"@type":"ImageObject","inLanguage":"it-IT","@id":"https:\/\/revolutionpadelstore.com\/it\/#\/schema\/logo\/image\/","url":"https:\/\/revolutionpadelstore.com\/wp-content\/uploads\/2026\/02\/revolution-padel-store.jpg","contentUrl":"https:\/\/revolutionpadelstore.com\/wp-content\/uploads\/2026\/02\/revolution-padel-store.jpg","width":2000,"height":2000,"caption":"Revolution Padel Store"},"image":{"@id":"https:\/\/revolutionpadelstore.com\/it\/#\/schema\/logo\/image\/"},"sameAs":["https:\/\/www.instagram.com\/revolutionpadelstore\/"]}]}},"_links":{"self":[{"href":"https:\/\/revolutionpadelstore.com\/it\/wp-json\/wp\/v2\/product\/72920","targetHints":{"allow":["GET"]}}],"collection":[{"href":"https:\/\/revolutionpadelstore.com\/it\/wp-json\/wp\/v2\/product"}],"about":[{"href":"https:\/\/revolutionpadelstore.com\/it\/wp-json\/wp\/v2\/types\/product"}],"replies":[{"embeddable":true,"href":"https:\/\/revolutionpadelstore.com\/it\/wp-json\/wp\/v2\/comments?post=72920"}],"wp:featuredmedia":[{"embeddable":true,"href":"https:\/\/revolutionpadelstore.com\/it\/wp-json\/wp\/v2\/media\/62498"}],"wp:attachment":[{"href":"https:\/\/revolutionpadelstore.com\/it\/wp-json\/wp\/v2\/media?parent=72920"}],"wp:term":[{"taxonomy":"acabado","embeddable":true,"href":"https:\/\/revolutionpadelstore.com\/it\/wp-json\/wp\/v2\/acabado?post=72920"},{"taxonomy":"balance","embeddable":true,"href":"https:\/\/revolutionpadelstore.com\/it\/wp-json\/wp\/v2\/balance?post=72920"},{"taxonomy":"dureza","embeddable":true,"href":"https:\/\/revolutionpadelstore.com\/it\/wp-json\/wp\/v2\/dureza?post=72920"},{"taxonomy":"forma","embeddable":true,"href":"https:\/\/revolutionpadelstore.com\/it\/wp-json\/wp\/v2\/forma?post=72920"},{"taxonomy":"jugador","embeddable":true,"href":"https:\/\/revolutionpadelstore.com\/it\/wp-json\/wp\/v2\/jugador?post=72920"},{"taxonomy":"marca","embeddable":true,"href":"https:\/\/revolutionpadelstore.com\/it\/wp-json\/wp\/v2\/marca?post=72920"},{"taxonomy":"nivel-de-juego","embeddable":true,"href":"https:\/\/revolutionpadelstore.com\/it\/wp-json\/wp\/v2\/nivel-de-juego?post=72920"},{"taxonomy":"superficie","embeddable":true,"href":"https:\/\/revolutionpadelstore.com\/it\/wp-json\/wp\/v2\/superficie?post=72920"},{"taxonomy":"tipo-de-juego","embeddable":true,"href":"https:\/\/revolutionpadelstore.com\/it\/wp-json\/wp\/v2\/tipo-de-juego?post=72920"},{"taxonomy":"product_brand","embeddable":true,"href":"https:\/\/revolutionpadelstore.com\/it\/wp-json\/wp\/v2\/product_brand?post=72920"},{"taxonomy":"product_cat","embeddable":true,"href":"https:\/\/revolutionpadelstore.com\/it\/wp-json\/wp\/v2\/product_cat?post=72920"},{"taxonomy":"product_tag","embeddable":true,"href":"https:\/\/revolutionpadelstore.com\/it\/wp-json\/wp\/v2\/product_tag?post=72920"}],"curies":[{"name":"wp","href":"https:\/\/api.w.org\/{rel}","templated":true}]}}