{"id":72915,"date":"2024-08-22T17:44:29","date_gmt":"2024-08-22T15:44:29","guid":{"rendered":"https:\/\/revolutionpadelstore.com\/cajon-pelotas-wilson-premier-padel-speed\/"},"modified":"2026-04-16T14:02:31","modified_gmt":"2026-04-16T12:02:31","slug":"cajon-pelotas-wilson-premier-padel-speed-4","status":"publish","type":"product","link":"https:\/\/revolutionpadelstore.com\/it\/prodotto\/cajon-pelotas-wilson-premier-padel-speed-4\/","title":{"rendered":"CAJON PELOTAS WILSON PREMIER PADEL SPEED"},"content":{"rendered":"<p>L&#8217;attesa \u00e8 valsa la pena. Da oggi sono disponibili le WILSON PREMIER PADEL SPEED BALL BOX, le nuove palline professionali per il circuito Premier Padel, la migliore competizione di padel al mondo. Dopo questo nuovo accordo tra Wilson e Premier Padel, hanno creato delle incredibili palline da padel, tra le pi\u00f9 veloci che esistano per qualsiasi condizione in cui vengono utilizzate.<\/p>\n<p>Sono <a href=\"https:\/\/www.padeliberico.es\/pelotas-softee\"><strong>palline da paddle<\/strong><\/a> molto veloci, il che migliora il nostro gioco nella zona di attacco per vedere potenziato. Inoltre, si sono concentrati, come non poteva essere altrimenti, sulla durata, il che le rende ideali per i giocatori che cercano un modello che duri pi\u00f9 a lungo senza perdere le sue prestazioni.<\/p>\n<p>Questa scatola contiene 24 barattoli con 3 palline ciascuno.<\/p>\n","protected":false},"excerpt":{"rendered":"<p>Le migliori palline da padel sul mercato. \u00c8 la palla ufficiale del circuito professionale Premier Padel.<\/p>\n","protected":false},"featured_media":62511,"comment_status":"open","ping_status":"closed","template":"","meta":{"_acf_changed":false,"_joinchat":[]},"acabado":[],"balance":[],"dureza":[],"forma":[],"jugador":[],"marca":[1266],"nivel-de-juego":[],"superficie":[],"tipo-de-juego":[],"product_brand":[],"product_cat":[605],"product_tag":[],"class_list":{"0":"post-72915","1":"product","2":"type-product","3":"status-publish","4":"has-post-thumbnail","6":"marca-wilson-it","7":"product_cat-palle","9":"first","10":"instock","11":"sale","12":"taxable","13":"shipping-taxable","14":"purchasable","15":"product-type-simple"},"acf":[],"yoast_head":"<!-- This site is optimized with the Yoast SEO plugin v27.4 - https:\/\/yoast.com\/product\/yoast-seo-wordpress\/ -->\n<title>CAJON PELOTAS WILSON PREMIER PADEL SPEED - Revolution Padel Store<\/title>\n<meta name=\"description\" content=\"La espera ha valido la pena. Ya tenemos disponible el CAJON PELOTAS WILSON PREMIER PADEL SPEED, las nuevas pelotas profesionales para el circuito Premier Padel, la mejor competici\u00f3n de p\u00e1del a nivel mundial. Tras este nuevo acuerdo de Wilson con Premier Padel, han creado unas pelotas de p\u00e1del incre\u00edbles, de las m\u00e1s r\u00e1pidas que hay para cualquier condici\u00f3n donde se usen.Son unas pelotas de p\u00e1del muy r\u00e1pidas con lo que nuestro juego en la zona de ataque se va a ver potenciado. Adem\u00e1s, se han enfocado como no puede ser de otro modo en la durabilidad, lo que las hace ideales para jugadores que buscan un modelo que dure m\u00e1s tiempo sin perder su rendimiento.\" \/>\n<meta name=\"robots\" content=\"index, follow, max-snippet:-1, max-image-preview:large, max-video-preview:-1\" \/>\n<link rel=\"canonical\" href=\"https:\/\/revolutionpadelstore.com\/it\/prodotto\/cajon-pelotas-wilson-premier-padel-speed-4\/\" \/>\n<meta property=\"og:locale\" content=\"it_IT\" \/>\n<meta property=\"og:type\" content=\"article\" \/>\n<meta property=\"og:title\" content=\"CAJON PELOTAS WILSON PREMIER PADEL SPEED - Revolution Padel Store\" \/>\n<meta property=\"og:description\" content=\"La espera ha valido la pena. Ya tenemos disponible el CAJON PELOTAS WILSON PREMIER PADEL SPEED, las nuevas pelotas profesionales para el circuito Premier Padel, la mejor competici\u00f3n de p\u00e1del a nivel mundial. Tras este nuevo acuerdo de Wilson con Premier Padel, han creado unas pelotas de p\u00e1del incre\u00edbles, de las m\u00e1s r\u00e1pidas que hay para cualquier condici\u00f3n donde se usen.Son unas pelotas de p\u00e1del muy r\u00e1pidas con lo que nuestro juego en la zona de ataque se va a ver potenciado. Adem\u00e1s, se han enfocado como no puede ser de otro modo en la durabilidad, lo que las hace ideales para jugadores que buscan un modelo que dure m\u00e1s tiempo sin perder su rendimiento.\" \/>\n<meta property=\"og:url\" content=\"https:\/\/revolutionpadelstore.com\/it\/prodotto\/cajon-pelotas-wilson-premier-padel-speed-4\/\" \/>\n<meta property=\"og:site_name\" content=\"Revolution Padel Store\" \/>\n<meta property=\"article:modified_time\" content=\"2026-04-16T12:02:31+00:00\" \/>\n<meta property=\"og:image\" content=\"https:\/\/revolutionpadelstore.com\/wp-content\/uploads\/2024\/08\/cajon-pelotas-wilson-premier-padel-speed.jpg\" \/>\n\t<meta property=\"og:image:width\" content=\"800\" \/>\n\t<meta property=\"og:image:height\" content=\"800\" \/>\n\t<meta property=\"og:image:type\" content=\"image\/jpeg\" \/>\n<meta name=\"twitter:card\" content=\"summary_large_image\" \/>\n<meta name=\"twitter:label1\" content=\"Tempo di lettura stimato\" \/>\n\t<meta name=\"twitter:data1\" content=\"1 minuto\" \/>\n<script type=\"application\/ld+json\" class=\"yoast-schema-graph\">{\"@context\":\"https:\\\/\\\/schema.org\",\"@graph\":[{\"@type\":\"WebPage\",\"@id\":\"https:\\\/\\\/revolutionpadelstore.com\\\/it\\\/prodotto\\\/cajon-pelotas-wilson-premier-padel-speed-4\\\/\",\"url\":\"https:\\\/\\\/revolutionpadelstore.com\\\/it\\\/prodotto\\\/cajon-pelotas-wilson-premier-padel-speed-4\\\/\",\"name\":\"CAJON PELOTAS WILSON PREMIER PADEL SPEED - Revolution Padel Store\",\"isPartOf\":{\"@id\":\"https:\\\/\\\/revolutionpadelstore.com\\\/it\\\/#website\"},\"primaryImageOfPage\":{\"@id\":\"https:\\\/\\\/revolutionpadelstore.com\\\/it\\\/prodotto\\\/cajon-pelotas-wilson-premier-padel-speed-4\\\/#primaryimage\"},\"image\":{\"@id\":\"https:\\\/\\\/revolutionpadelstore.com\\\/it\\\/prodotto\\\/cajon-pelotas-wilson-premier-padel-speed-4\\\/#primaryimage\"},\"thumbnailUrl\":\"https:\\\/\\\/revolutionpadelstore.com\\\/wp-content\\\/uploads\\\/2024\\\/08\\\/cajon-pelotas-wilson-premier-padel-speed.jpg\",\"datePublished\":\"2024-08-22T15:44:29+00:00\",\"dateModified\":\"2026-04-16T12:02:31+00:00\",\"description\":\"La espera ha valido la pena. Ya tenemos disponible el CAJON PELOTAS WILSON PREMIER PADEL SPEED, las nuevas pelotas profesionales para el circuito Premier Padel, la mejor competici\u00f3n de p\u00e1del a nivel mundial. Tras este nuevo acuerdo de Wilson con Premier Padel, han creado unas pelotas de p\u00e1del incre\u00edbles, de las m\u00e1s r\u00e1pidas que hay para cualquier condici\u00f3n donde se usen.Son unas pelotas de p\u00e1del muy r\u00e1pidas con lo que nuestro juego en la zona de ataque se va a ver potenciado. Adem\u00e1s, se han enfocado como no puede ser de otro modo en la durabilidad, lo que las hace ideales para jugadores que buscan un modelo que dure m\u00e1s tiempo sin perder su rendimiento.\",\"breadcrumb\":{\"@id\":\"https:\\\/\\\/revolutionpadelstore.com\\\/it\\\/prodotto\\\/cajon-pelotas-wilson-premier-padel-speed-4\\\/#breadcrumb\"},\"inLanguage\":\"it-IT\",\"potentialAction\":[{\"@type\":\"ReadAction\",\"target\":[\"https:\\\/\\\/revolutionpadelstore.com\\\/it\\\/prodotto\\\/cajon-pelotas-wilson-premier-padel-speed-4\\\/\"]}]},{\"@type\":\"ImageObject\",\"inLanguage\":\"it-IT\",\"@id\":\"https:\\\/\\\/revolutionpadelstore.com\\\/it\\\/prodotto\\\/cajon-pelotas-wilson-premier-padel-speed-4\\\/#primaryimage\",\"url\":\"https:\\\/\\\/revolutionpadelstore.com\\\/wp-content\\\/uploads\\\/2024\\\/08\\\/cajon-pelotas-wilson-premier-padel-speed.jpg\",\"contentUrl\":\"https:\\\/\\\/revolutionpadelstore.com\\\/wp-content\\\/uploads\\\/2024\\\/08\\\/cajon-pelotas-wilson-premier-padel-speed.jpg\",\"width\":800,\"height\":800},{\"@type\":\"BreadcrumbList\",\"@id\":\"https:\\\/\\\/revolutionpadelstore.com\\\/it\\\/prodotto\\\/cajon-pelotas-wilson-premier-padel-speed-4\\\/#breadcrumb\",\"itemListElement\":[{\"@type\":\"ListItem\",\"position\":1,\"name\":\"Portada\",\"item\":\"https:\\\/\\\/revolutionpadelstore.com\\\/it\\\/\"},{\"@type\":\"ListItem\",\"position\":2,\"name\":\"Tienda\",\"item\":\"https:\\\/\\\/revolutionpadelstore.com\\\/it\\\/tienda\\\/\"},{\"@type\":\"ListItem\",\"position\":3,\"name\":\"CAJON PELOTAS WILSON PREMIER PADEL SPEED\"}]},{\"@type\":\"WebSite\",\"@id\":\"https:\\\/\\\/revolutionpadelstore.com\\\/it\\\/#website\",\"url\":\"https:\\\/\\\/revolutionpadelstore.com\\\/it\\\/\",\"name\":\"Revolution Padel Store\",\"description\":\"\",\"publisher\":{\"@id\":\"https:\\\/\\\/revolutionpadelstore.com\\\/it\\\/#organization\"},\"potentialAction\":[{\"@type\":\"SearchAction\",\"target\":{\"@type\":\"EntryPoint\",\"urlTemplate\":\"https:\\\/\\\/revolutionpadelstore.com\\\/it\\\/?s={search_term_string}\"},\"query-input\":{\"@type\":\"PropertyValueSpecification\",\"valueRequired\":true,\"valueName\":\"search_term_string\"}}],\"inLanguage\":\"it-IT\"},{\"@type\":\"Organization\",\"@id\":\"https:\\\/\\\/revolutionpadelstore.com\\\/it\\\/#organization\",\"name\":\"Revolution Padel Store\",\"url\":\"https:\\\/\\\/revolutionpadelstore.com\\\/it\\\/\",\"logo\":{\"@type\":\"ImageObject\",\"inLanguage\":\"it-IT\",\"@id\":\"https:\\\/\\\/revolutionpadelstore.com\\\/it\\\/#\\\/schema\\\/logo\\\/image\\\/\",\"url\":\"https:\\\/\\\/revolutionpadelstore.com\\\/wp-content\\\/uploads\\\/2026\\\/02\\\/revolution-padel-store.jpg\",\"contentUrl\":\"https:\\\/\\\/revolutionpadelstore.com\\\/wp-content\\\/uploads\\\/2026\\\/02\\\/revolution-padel-store.jpg\",\"width\":2000,\"height\":2000,\"caption\":\"Revolution Padel Store\"},\"image\":{\"@id\":\"https:\\\/\\\/revolutionpadelstore.com\\\/it\\\/#\\\/schema\\\/logo\\\/image\\\/\"},\"sameAs\":[\"https:\\\/\\\/www.instagram.com\\\/revolutionpadelstore\\\/\"]}]}<\/script>\n<!-- \/ Yoast SEO plugin. -->","yoast_head_json":{"title":"CAJON PELOTAS WILSON PREMIER PADEL SPEED - Revolution Padel Store","description":"La espera ha valido la pena. Ya tenemos disponible el CAJON PELOTAS WILSON PREMIER PADEL SPEED, las nuevas pelotas profesionales para el circuito Premier Padel, la mejor competici\u00f3n de p\u00e1del a nivel mundial. Tras este nuevo acuerdo de Wilson con Premier Padel, han creado unas pelotas de p\u00e1del incre\u00edbles, de las m\u00e1s r\u00e1pidas que hay para cualquier condici\u00f3n donde se usen.Son unas pelotas de p\u00e1del muy r\u00e1pidas con lo que nuestro juego en la zona de ataque se va a ver potenciado. Adem\u00e1s, se han enfocado como no puede ser de otro modo en la durabilidad, lo que las hace ideales para jugadores que buscan un modelo que dure m\u00e1s tiempo sin perder su rendimiento.","robots":{"index":"index","follow":"follow","max-snippet":"max-snippet:-1","max-image-preview":"max-image-preview:large","max-video-preview":"max-video-preview:-1"},"canonical":"https:\/\/revolutionpadelstore.com\/it\/prodotto\/cajon-pelotas-wilson-premier-padel-speed-4\/","og_locale":"it_IT","og_type":"article","og_title":"CAJON PELOTAS WILSON PREMIER PADEL SPEED - Revolution Padel Store","og_description":"La espera ha valido la pena. Ya tenemos disponible el CAJON PELOTAS WILSON PREMIER PADEL SPEED, las nuevas pelotas profesionales para el circuito Premier Padel, la mejor competici\u00f3n de p\u00e1del a nivel mundial. Tras este nuevo acuerdo de Wilson con Premier Padel, han creado unas pelotas de p\u00e1del incre\u00edbles, de las m\u00e1s r\u00e1pidas que hay para cualquier condici\u00f3n donde se usen.Son unas pelotas de p\u00e1del muy r\u00e1pidas con lo que nuestro juego en la zona de ataque se va a ver potenciado. Adem\u00e1s, se han enfocado como no puede ser de otro modo en la durabilidad, lo que las hace ideales para jugadores que buscan un modelo que dure m\u00e1s tiempo sin perder su rendimiento.","og_url":"https:\/\/revolutionpadelstore.com\/it\/prodotto\/cajon-pelotas-wilson-premier-padel-speed-4\/","og_site_name":"Revolution Padel Store","article_modified_time":"2026-04-16T12:02:31+00:00","og_image":[{"width":800,"height":800,"url":"https:\/\/revolutionpadelstore.com\/wp-content\/uploads\/2024\/08\/cajon-pelotas-wilson-premier-padel-speed.jpg","type":"image\/jpeg"}],"twitter_card":"summary_large_image","twitter_misc":{"Tempo di lettura stimato":"1 minuto"},"schema":{"@context":"https:\/\/schema.org","@graph":[{"@type":"WebPage","@id":"https:\/\/revolutionpadelstore.com\/it\/prodotto\/cajon-pelotas-wilson-premier-padel-speed-4\/","url":"https:\/\/revolutionpadelstore.com\/it\/prodotto\/cajon-pelotas-wilson-premier-padel-speed-4\/","name":"CAJON PELOTAS WILSON PREMIER PADEL SPEED - Revolution Padel Store","isPartOf":{"@id":"https:\/\/revolutionpadelstore.com\/it\/#website"},"primaryImageOfPage":{"@id":"https:\/\/revolutionpadelstore.com\/it\/prodotto\/cajon-pelotas-wilson-premier-padel-speed-4\/#primaryimage"},"image":{"@id":"https:\/\/revolutionpadelstore.com\/it\/prodotto\/cajon-pelotas-wilson-premier-padel-speed-4\/#primaryimage"},"thumbnailUrl":"https:\/\/revolutionpadelstore.com\/wp-content\/uploads\/2024\/08\/cajon-pelotas-wilson-premier-padel-speed.jpg","datePublished":"2024-08-22T15:44:29+00:00","dateModified":"2026-04-16T12:02:31+00:00","description":"La espera ha valido la pena. Ya tenemos disponible el CAJON PELOTAS WILSON PREMIER PADEL SPEED, las nuevas pelotas profesionales para el circuito Premier Padel, la mejor competici\u00f3n de p\u00e1del a nivel mundial. Tras este nuevo acuerdo de Wilson con Premier Padel, han creado unas pelotas de p\u00e1del incre\u00edbles, de las m\u00e1s r\u00e1pidas que hay para cualquier condici\u00f3n donde se usen.Son unas pelotas de p\u00e1del muy r\u00e1pidas con lo que nuestro juego en la zona de ataque se va a ver potenciado. Adem\u00e1s, se han enfocado como no puede ser de otro modo en la durabilidad, lo que las hace ideales para jugadores que buscan un modelo que dure m\u00e1s tiempo sin perder su rendimiento.","breadcrumb":{"@id":"https:\/\/revolutionpadelstore.com\/it\/prodotto\/cajon-pelotas-wilson-premier-padel-speed-4\/#breadcrumb"},"inLanguage":"it-IT","potentialAction":[{"@type":"ReadAction","target":["https:\/\/revolutionpadelstore.com\/it\/prodotto\/cajon-pelotas-wilson-premier-padel-speed-4\/"]}]},{"@type":"ImageObject","inLanguage":"it-IT","@id":"https:\/\/revolutionpadelstore.com\/it\/prodotto\/cajon-pelotas-wilson-premier-padel-speed-4\/#primaryimage","url":"https:\/\/revolutionpadelstore.com\/wp-content\/uploads\/2024\/08\/cajon-pelotas-wilson-premier-padel-speed.jpg","contentUrl":"https:\/\/revolutionpadelstore.com\/wp-content\/uploads\/2024\/08\/cajon-pelotas-wilson-premier-padel-speed.jpg","width":800,"height":800},{"@type":"BreadcrumbList","@id":"https:\/\/revolutionpadelstore.com\/it\/prodotto\/cajon-pelotas-wilson-premier-padel-speed-4\/#breadcrumb","itemListElement":[{"@type":"ListItem","position":1,"name":"Portada","item":"https:\/\/revolutionpadelstore.com\/it\/"},{"@type":"ListItem","position":2,"name":"Tienda","item":"https:\/\/revolutionpadelstore.com\/it\/tienda\/"},{"@type":"ListItem","position":3,"name":"CAJON PELOTAS WILSON PREMIER PADEL SPEED"}]},{"@type":"WebSite","@id":"https:\/\/revolutionpadelstore.com\/it\/#website","url":"https:\/\/revolutionpadelstore.com\/it\/","name":"Revolution Padel Store","description":"","publisher":{"@id":"https:\/\/revolutionpadelstore.com\/it\/#organization"},"potentialAction":[{"@type":"SearchAction","target":{"@type":"EntryPoint","urlTemplate":"https:\/\/revolutionpadelstore.com\/it\/?s={search_term_string}"},"query-input":{"@type":"PropertyValueSpecification","valueRequired":true,"valueName":"search_term_string"}}],"inLanguage":"it-IT"},{"@type":"Organization","@id":"https:\/\/revolutionpadelstore.com\/it\/#organization","name":"Revolution Padel Store","url":"https:\/\/revolutionpadelstore.com\/it\/","logo":{"@type":"ImageObject","inLanguage":"it-IT","@id":"https:\/\/revolutionpadelstore.com\/it\/#\/schema\/logo\/image\/","url":"https:\/\/revolutionpadelstore.com\/wp-content\/uploads\/2026\/02\/revolution-padel-store.jpg","contentUrl":"https:\/\/revolutionpadelstore.com\/wp-content\/uploads\/2026\/02\/revolution-padel-store.jpg","width":2000,"height":2000,"caption":"Revolution Padel Store"},"image":{"@id":"https:\/\/revolutionpadelstore.com\/it\/#\/schema\/logo\/image\/"},"sameAs":["https:\/\/www.instagram.com\/revolutionpadelstore\/"]}]}},"_links":{"self":[{"href":"https:\/\/revolutionpadelstore.com\/it\/wp-json\/wp\/v2\/product\/72915","targetHints":{"allow":["GET"]}}],"collection":[{"href":"https:\/\/revolutionpadelstore.com\/it\/wp-json\/wp\/v2\/product"}],"about":[{"href":"https:\/\/revolutionpadelstore.com\/it\/wp-json\/wp\/v2\/types\/product"}],"replies":[{"embeddable":true,"href":"https:\/\/revolutionpadelstore.com\/it\/wp-json\/wp\/v2\/comments?post=72915"}],"wp:featuredmedia":[{"embeddable":true,"href":"https:\/\/revolutionpadelstore.com\/it\/wp-json\/wp\/v2\/media\/62511"}],"wp:attachment":[{"href":"https:\/\/revolutionpadelstore.com\/it\/wp-json\/wp\/v2\/media?parent=72915"}],"wp:term":[{"taxonomy":"acabado","embeddable":true,"href":"https:\/\/revolutionpadelstore.com\/it\/wp-json\/wp\/v2\/acabado?post=72915"},{"taxonomy":"balance","embeddable":true,"href":"https:\/\/revolutionpadelstore.com\/it\/wp-json\/wp\/v2\/balance?post=72915"},{"taxonomy":"dureza","embeddable":true,"href":"https:\/\/revolutionpadelstore.com\/it\/wp-json\/wp\/v2\/dureza?post=72915"},{"taxonomy":"forma","embeddable":true,"href":"https:\/\/revolutionpadelstore.com\/it\/wp-json\/wp\/v2\/forma?post=72915"},{"taxonomy":"jugador","embeddable":true,"href":"https:\/\/revolutionpadelstore.com\/it\/wp-json\/wp\/v2\/jugador?post=72915"},{"taxonomy":"marca","embeddable":true,"href":"https:\/\/revolutionpadelstore.com\/it\/wp-json\/wp\/v2\/marca?post=72915"},{"taxonomy":"nivel-de-juego","embeddable":true,"href":"https:\/\/revolutionpadelstore.com\/it\/wp-json\/wp\/v2\/nivel-de-juego?post=72915"},{"taxonomy":"superficie","embeddable":true,"href":"https:\/\/revolutionpadelstore.com\/it\/wp-json\/wp\/v2\/superficie?post=72915"},{"taxonomy":"tipo-de-juego","embeddable":true,"href":"https:\/\/revolutionpadelstore.com\/it\/wp-json\/wp\/v2\/tipo-de-juego?post=72915"},{"taxonomy":"product_brand","embeddable":true,"href":"https:\/\/revolutionpadelstore.com\/it\/wp-json\/wp\/v2\/product_brand?post=72915"},{"taxonomy":"product_cat","embeddable":true,"href":"https:\/\/revolutionpadelstore.com\/it\/wp-json\/wp\/v2\/product_cat?post=72915"},{"taxonomy":"product_tag","embeddable":true,"href":"https:\/\/revolutionpadelstore.com\/it\/wp-json\/wp\/v2\/product_tag?post=72915"}],"curies":[{"name":"wp","href":"https:\/\/api.w.org\/{rel}","templated":true}]}}