{"id":72870,"date":"2024-09-04T12:07:41","date_gmt":"2024-09-04T10:07:41","guid":{"rendered":"https:\/\/revolutionpadelstore.com\/bullpadel-xplo-comfort-25\/"},"modified":"2026-04-20T14:02:11","modified_gmt":"2026-04-20T12:02:11","slug":"bullpadel-xplo-comfort-25-4","status":"publish","type":"product","link":"https:\/\/revolutionpadelstore.com\/it\/prodotto\/bullpadel-xplo-comfort-25-4\/","title":{"rendered":"BULLPADEL XPLO COMFORT 25"},"content":{"rendered":"<h2>Bullpadel XPLO Comfort 25, potenza e comfort<\/h2>\n<p>La racchetta da padel Bullpadel XPLO Comfort 25 \u00e8 un modello che si distingue per la sua potenza e versatilit\u00e0, poich\u00e9 la sua forma a diamante con equilibrio elevato ti permette di colpire con esplosivit\u00e0.<\/p>\n<p>Ha un peso di <strong>365-375 grammi<\/strong> e un profilo di 38 mm, che favorisce la maneggevolezza per un colpo pi\u00f9 comodo, sicuro ed efficace.<\/p>\n<h2>Racchetta Bullpadel XPLO Comfort 25, per giocatori esperti<\/h2>\n<p>Questa racchetta Bullpadel da uomo \u00e8 stata progettata per adattarsi alle esigenze dei giocatori offensivi di livello avanzato o esperto che cercano di dominare il campo in ogni momento con facilit\u00e0.<\/p>\n<p>\u00c8 la racchetta perfetta per coloro che desiderano migliorare il proprio gioco e massimizzare il proprio potenziale con una combinazione di alte prestazioni, potenza e comfort. Progettato per un gioco d&#8217;attacco.<\/p>\n<h2>Caratteristiche e tecnologie dell&#8217;XPLO Comfort 25<\/h2>\n<p>Nucleo in gomma Multieva per maggiore ammortizzazione e risposta rapida<\/p>\n<p>Combinazione di comfort ottimale e potenza esplosiva con le ballerine Fibrix<\/p>\n<p><strong>Finitura ruvida 3D<\/strong> delle facce per un colpo pieno di effetti<\/p>\n<p>Forma geometrica per dominio aereo e forza massimizzata<\/p>\n<p><em>Geometric Core<\/em> nel cuore per una maggiore potenza<\/p>\n<p><strong>Struttura esagonale<\/strong> per una maggiore resistenza alla torsione e una maggiore durata<\/p>\n<p><em>Smart Holes<\/em> che aumenta la rigidit\u00e0 delle pialle per una sensazione pi\u00f9 dura e asciutta<\/p>\n<p><strong>Assorbimento ottimale delle vibrazioni<\/strong> grazie a <em>Ease Vibe<\/em> per un&#8217;esperienza pi\u00f9 confortevole<\/p>\n<p><strong>Rischio ridotto di lesioni<\/strong> grazie al design ergonomico a nido d&#8217;ape <em>Hesacore<\/em><\/p>\n<h3>Acquista subito la racchetta Bullpadel XPLO Comfort 25 su REVOLUTION PADEL STORE<\/h3>\n<p>Approfitta dell&#8217;opportunit\u00e0 e migliora il tuo gioco in campo grazie alla potenza esplosiva che ti offre la racchetta Bullpadel XPLO Comfort 25, un modello diamante con equilibrio elevato per <strong>giocatori esperti<\/strong> che ti far\u00e0 risaltare in ogni scatto.<\/p>\n<h2>Bullpadel XPLO Comfort 25, potencia y comodidad<\/h2>\n","protected":false},"excerpt":{"rendered":"<p>Racchetta Bullpadel XPLO Comfort 25 per giocatori offensivi di livello avanzato. Forma a diamante e bilanciamento elevato per una potenza esplosiva nelle giocate offensive.<\/p>\n","protected":false},"featured_media":99996,"comment_status":"open","ping_status":"closed","template":"","meta":{"_acf_changed":false,"_joinchat":[]},"acabado":[1091],"balance":[1136],"dureza":[1156],"forma":[1171],"jugador":[1201,1191],"marca":[1256],"nivel-de-juego":[1336],"superficie":[1361],"tipo-de-juego":[1376],"product_brand":[],"product_cat":[301],"product_tag":[],"class_list":{"0":"post-72870","1":"product","2":"type-product","3":"status-publish","4":"has-post-thumbnail","6":"acabado-relieve-3d-it","7":"balance-alto-it","8":"dureza-media-it","9":"forma-diamante-it","10":"jugador-multiuso","11":"jugador-uomo","12":"marca-bullpadel-it","13":"superficie-rugosa-it","14":"tipo-de-juego-potenza","15":"product_cat-palas-de-padel-it","17":"first","18":"instock","19":"sale","20":"taxable","21":"shipping-taxable","22":"purchasable","23":"product-type-simple"},"acf":[],"yoast_head":"<!-- This site is optimized with the Yoast SEO plugin v27.4 - https:\/\/yoast.com\/product\/yoast-seo-wordpress\/ -->\n<title>BULLPADEL XPLO COMFORT 25 - Revolution Padel Store<\/title>\n<meta name=\"description\" content=\"Pala Bullpadel XPLO Comfort 25 para jugadores ofensivos de nivel avanzado. Forma de diamante y balance alto para una potencia explosiva en las jugadas de ataque.\" \/>\n<meta name=\"robots\" content=\"index, follow, max-snippet:-1, max-image-preview:large, max-video-preview:-1\" \/>\n<link rel=\"canonical\" href=\"https:\/\/revolutionpadelstore.com\/it\/prodotto\/bullpadel-xplo-comfort-25-4\/\" \/>\n<meta property=\"og:locale\" content=\"it_IT\" \/>\n<meta property=\"og:type\" content=\"article\" \/>\n<meta property=\"og:title\" content=\"BULLPADEL XPLO COMFORT 25 - Revolution Padel Store\" \/>\n<meta property=\"og:description\" content=\"Pala Bullpadel XPLO Comfort 25 para jugadores ofensivos de nivel avanzado. Forma de diamante y balance alto para una potencia explosiva en las jugadas de ataque.\" \/>\n<meta property=\"og:url\" content=\"https:\/\/revolutionpadelstore.com\/it\/prodotto\/bullpadel-xplo-comfort-25-4\/\" \/>\n<meta property=\"og:site_name\" content=\"Revolution Padel Store\" \/>\n<meta property=\"article:modified_time\" content=\"2026-04-20T12:02:11+00:00\" \/>\n<meta property=\"og:image\" content=\"https:\/\/revolutionpadelstore.com\/wp-content\/uploads\/2024\/09\/113778_pala_bullpadel_xplo_comfort_25_474992_1500x1500_1_c8d2.webp\" \/>\n\t<meta property=\"og:image:width\" content=\"1500\" \/>\n\t<meta property=\"og:image:height\" content=\"1500\" \/>\n\t<meta property=\"og:image:type\" content=\"image\/webp\" \/>\n<meta name=\"twitter:card\" content=\"summary_large_image\" \/>\n<meta name=\"twitter:label1\" content=\"Tempo di lettura stimato\" \/>\n\t<meta name=\"twitter:data1\" content=\"2 minuti\" \/>\n<script type=\"application\/ld+json\" class=\"yoast-schema-graph\">{\"@context\":\"https:\\\/\\\/schema.org\",\"@graph\":[{\"@type\":\"WebPage\",\"@id\":\"https:\\\/\\\/revolutionpadelstore.com\\\/it\\\/prodotto\\\/bullpadel-xplo-comfort-25-4\\\/\",\"url\":\"https:\\\/\\\/revolutionpadelstore.com\\\/it\\\/prodotto\\\/bullpadel-xplo-comfort-25-4\\\/\",\"name\":\"BULLPADEL XPLO COMFORT 25 - Revolution Padel Store\",\"isPartOf\":{\"@id\":\"https:\\\/\\\/revolutionpadelstore.com\\\/it\\\/#website\"},\"primaryImageOfPage\":{\"@id\":\"https:\\\/\\\/revolutionpadelstore.com\\\/it\\\/prodotto\\\/bullpadel-xplo-comfort-25-4\\\/#primaryimage\"},\"image\":{\"@id\":\"https:\\\/\\\/revolutionpadelstore.com\\\/it\\\/prodotto\\\/bullpadel-xplo-comfort-25-4\\\/#primaryimage\"},\"thumbnailUrl\":\"https:\\\/\\\/revolutionpadelstore.com\\\/wp-content\\\/uploads\\\/2024\\\/09\\\/113778_pala_bullpadel_xplo_comfort_25_474992_1500x1500_1_c8d2.webp\",\"datePublished\":\"2024-09-04T10:07:41+00:00\",\"dateModified\":\"2026-04-20T12:02:11+00:00\",\"description\":\"Pala Bullpadel XPLO Comfort 25 para jugadores ofensivos de nivel avanzado. Forma de diamante y balance alto para una potencia explosiva en las jugadas de ataque.\",\"breadcrumb\":{\"@id\":\"https:\\\/\\\/revolutionpadelstore.com\\\/it\\\/prodotto\\\/bullpadel-xplo-comfort-25-4\\\/#breadcrumb\"},\"inLanguage\":\"it-IT\",\"potentialAction\":[{\"@type\":\"ReadAction\",\"target\":[\"https:\\\/\\\/revolutionpadelstore.com\\\/it\\\/prodotto\\\/bullpadel-xplo-comfort-25-4\\\/\"]}]},{\"@type\":\"ImageObject\",\"inLanguage\":\"it-IT\",\"@id\":\"https:\\\/\\\/revolutionpadelstore.com\\\/it\\\/prodotto\\\/bullpadel-xplo-comfort-25-4\\\/#primaryimage\",\"url\":\"https:\\\/\\\/revolutionpadelstore.com\\\/wp-content\\\/uploads\\\/2024\\\/09\\\/113778_pala_bullpadel_xplo_comfort_25_474992_1500x1500_1_c8d2.webp\",\"contentUrl\":\"https:\\\/\\\/revolutionpadelstore.com\\\/wp-content\\\/uploads\\\/2024\\\/09\\\/113778_pala_bullpadel_xplo_comfort_25_474992_1500x1500_1_c8d2.webp\",\"width\":1500,\"height\":1500},{\"@type\":\"BreadcrumbList\",\"@id\":\"https:\\\/\\\/revolutionpadelstore.com\\\/it\\\/prodotto\\\/bullpadel-xplo-comfort-25-4\\\/#breadcrumb\",\"itemListElement\":[{\"@type\":\"ListItem\",\"position\":1,\"name\":\"Portada\",\"item\":\"https:\\\/\\\/revolutionpadelstore.com\\\/it\\\/\"},{\"@type\":\"ListItem\",\"position\":2,\"name\":\"Tienda\",\"item\":\"https:\\\/\\\/revolutionpadelstore.com\\\/it\\\/tienda\\\/\"},{\"@type\":\"ListItem\",\"position\":3,\"name\":\"BULLPADEL XPLO COMFORT 25\"}]},{\"@type\":\"WebSite\",\"@id\":\"https:\\\/\\\/revolutionpadelstore.com\\\/it\\\/#website\",\"url\":\"https:\\\/\\\/revolutionpadelstore.com\\\/it\\\/\",\"name\":\"Revolution Padel Store\",\"description\":\"\",\"publisher\":{\"@id\":\"https:\\\/\\\/revolutionpadelstore.com\\\/it\\\/#organization\"},\"potentialAction\":[{\"@type\":\"SearchAction\",\"target\":{\"@type\":\"EntryPoint\",\"urlTemplate\":\"https:\\\/\\\/revolutionpadelstore.com\\\/it\\\/?s={search_term_string}\"},\"query-input\":{\"@type\":\"PropertyValueSpecification\",\"valueRequired\":true,\"valueName\":\"search_term_string\"}}],\"inLanguage\":\"it-IT\"},{\"@type\":\"Organization\",\"@id\":\"https:\\\/\\\/revolutionpadelstore.com\\\/it\\\/#organization\",\"name\":\"Revolution Padel Store\",\"url\":\"https:\\\/\\\/revolutionpadelstore.com\\\/it\\\/\",\"logo\":{\"@type\":\"ImageObject\",\"inLanguage\":\"it-IT\",\"@id\":\"https:\\\/\\\/revolutionpadelstore.com\\\/it\\\/#\\\/schema\\\/logo\\\/image\\\/\",\"url\":\"https:\\\/\\\/revolutionpadelstore.com\\\/wp-content\\\/uploads\\\/2026\\\/02\\\/revolution-padel-store.jpg\",\"contentUrl\":\"https:\\\/\\\/revolutionpadelstore.com\\\/wp-content\\\/uploads\\\/2026\\\/02\\\/revolution-padel-store.jpg\",\"width\":2000,\"height\":2000,\"caption\":\"Revolution Padel Store\"},\"image\":{\"@id\":\"https:\\\/\\\/revolutionpadelstore.com\\\/it\\\/#\\\/schema\\\/logo\\\/image\\\/\"},\"sameAs\":[\"https:\\\/\\\/www.instagram.com\\\/revolutionpadelstore\\\/\"]}]}<\/script>\n<!-- \/ Yoast SEO plugin. -->","yoast_head_json":{"title":"BULLPADEL XPLO COMFORT 25 - Revolution Padel Store","description":"Pala Bullpadel XPLO Comfort 25 para jugadores ofensivos de nivel avanzado. Forma de diamante y balance alto para una potencia explosiva en las jugadas de ataque.","robots":{"index":"index","follow":"follow","max-snippet":"max-snippet:-1","max-image-preview":"max-image-preview:large","max-video-preview":"max-video-preview:-1"},"canonical":"https:\/\/revolutionpadelstore.com\/it\/prodotto\/bullpadel-xplo-comfort-25-4\/","og_locale":"it_IT","og_type":"article","og_title":"BULLPADEL XPLO COMFORT 25 - Revolution Padel Store","og_description":"Pala Bullpadel XPLO Comfort 25 para jugadores ofensivos de nivel avanzado. Forma de diamante y balance alto para una potencia explosiva en las jugadas de ataque.","og_url":"https:\/\/revolutionpadelstore.com\/it\/prodotto\/bullpadel-xplo-comfort-25-4\/","og_site_name":"Revolution Padel Store","article_modified_time":"2026-04-20T12:02:11+00:00","og_image":[{"width":1500,"height":1500,"url":"https:\/\/revolutionpadelstore.com\/wp-content\/uploads\/2024\/09\/113778_pala_bullpadel_xplo_comfort_25_474992_1500x1500_1_c8d2.webp","type":"image\/webp"}],"twitter_card":"summary_large_image","twitter_misc":{"Tempo di lettura stimato":"2 minuti"},"schema":{"@context":"https:\/\/schema.org","@graph":[{"@type":"WebPage","@id":"https:\/\/revolutionpadelstore.com\/it\/prodotto\/bullpadel-xplo-comfort-25-4\/","url":"https:\/\/revolutionpadelstore.com\/it\/prodotto\/bullpadel-xplo-comfort-25-4\/","name":"BULLPADEL XPLO COMFORT 25 - Revolution Padel Store","isPartOf":{"@id":"https:\/\/revolutionpadelstore.com\/it\/#website"},"primaryImageOfPage":{"@id":"https:\/\/revolutionpadelstore.com\/it\/prodotto\/bullpadel-xplo-comfort-25-4\/#primaryimage"},"image":{"@id":"https:\/\/revolutionpadelstore.com\/it\/prodotto\/bullpadel-xplo-comfort-25-4\/#primaryimage"},"thumbnailUrl":"https:\/\/revolutionpadelstore.com\/wp-content\/uploads\/2024\/09\/113778_pala_bullpadel_xplo_comfort_25_474992_1500x1500_1_c8d2.webp","datePublished":"2024-09-04T10:07:41+00:00","dateModified":"2026-04-20T12:02:11+00:00","description":"Pala Bullpadel XPLO Comfort 25 para jugadores ofensivos de nivel avanzado. Forma de diamante y balance alto para una potencia explosiva en las jugadas de ataque.","breadcrumb":{"@id":"https:\/\/revolutionpadelstore.com\/it\/prodotto\/bullpadel-xplo-comfort-25-4\/#breadcrumb"},"inLanguage":"it-IT","potentialAction":[{"@type":"ReadAction","target":["https:\/\/revolutionpadelstore.com\/it\/prodotto\/bullpadel-xplo-comfort-25-4\/"]}]},{"@type":"ImageObject","inLanguage":"it-IT","@id":"https:\/\/revolutionpadelstore.com\/it\/prodotto\/bullpadel-xplo-comfort-25-4\/#primaryimage","url":"https:\/\/revolutionpadelstore.com\/wp-content\/uploads\/2024\/09\/113778_pala_bullpadel_xplo_comfort_25_474992_1500x1500_1_c8d2.webp","contentUrl":"https:\/\/revolutionpadelstore.com\/wp-content\/uploads\/2024\/09\/113778_pala_bullpadel_xplo_comfort_25_474992_1500x1500_1_c8d2.webp","width":1500,"height":1500},{"@type":"BreadcrumbList","@id":"https:\/\/revolutionpadelstore.com\/it\/prodotto\/bullpadel-xplo-comfort-25-4\/#breadcrumb","itemListElement":[{"@type":"ListItem","position":1,"name":"Portada","item":"https:\/\/revolutionpadelstore.com\/it\/"},{"@type":"ListItem","position":2,"name":"Tienda","item":"https:\/\/revolutionpadelstore.com\/it\/tienda\/"},{"@type":"ListItem","position":3,"name":"BULLPADEL XPLO COMFORT 25"}]},{"@type":"WebSite","@id":"https:\/\/revolutionpadelstore.com\/it\/#website","url":"https:\/\/revolutionpadelstore.com\/it\/","name":"Revolution Padel Store","description":"","publisher":{"@id":"https:\/\/revolutionpadelstore.com\/it\/#organization"},"potentialAction":[{"@type":"SearchAction","target":{"@type":"EntryPoint","urlTemplate":"https:\/\/revolutionpadelstore.com\/it\/?s={search_term_string}"},"query-input":{"@type":"PropertyValueSpecification","valueRequired":true,"valueName":"search_term_string"}}],"inLanguage":"it-IT"},{"@type":"Organization","@id":"https:\/\/revolutionpadelstore.com\/it\/#organization","name":"Revolution Padel Store","url":"https:\/\/revolutionpadelstore.com\/it\/","logo":{"@type":"ImageObject","inLanguage":"it-IT","@id":"https:\/\/revolutionpadelstore.com\/it\/#\/schema\/logo\/image\/","url":"https:\/\/revolutionpadelstore.com\/wp-content\/uploads\/2026\/02\/revolution-padel-store.jpg","contentUrl":"https:\/\/revolutionpadelstore.com\/wp-content\/uploads\/2026\/02\/revolution-padel-store.jpg","width":2000,"height":2000,"caption":"Revolution Padel Store"},"image":{"@id":"https:\/\/revolutionpadelstore.com\/it\/#\/schema\/logo\/image\/"},"sameAs":["https:\/\/www.instagram.com\/revolutionpadelstore\/"]}]}},"_links":{"self":[{"href":"https:\/\/revolutionpadelstore.com\/it\/wp-json\/wp\/v2\/product\/72870","targetHints":{"allow":["GET"]}}],"collection":[{"href":"https:\/\/revolutionpadelstore.com\/it\/wp-json\/wp\/v2\/product"}],"about":[{"href":"https:\/\/revolutionpadelstore.com\/it\/wp-json\/wp\/v2\/types\/product"}],"replies":[{"embeddable":true,"href":"https:\/\/revolutionpadelstore.com\/it\/wp-json\/wp\/v2\/comments?post=72870"}],"wp:featuredmedia":[{"embeddable":true,"href":"https:\/\/revolutionpadelstore.com\/it\/wp-json\/wp\/v2\/media\/99996"}],"wp:attachment":[{"href":"https:\/\/revolutionpadelstore.com\/it\/wp-json\/wp\/v2\/media?parent=72870"}],"wp:term":[{"taxonomy":"acabado","embeddable":true,"href":"https:\/\/revolutionpadelstore.com\/it\/wp-json\/wp\/v2\/acabado?post=72870"},{"taxonomy":"balance","embeddable":true,"href":"https:\/\/revolutionpadelstore.com\/it\/wp-json\/wp\/v2\/balance?post=72870"},{"taxonomy":"dureza","embeddable":true,"href":"https:\/\/revolutionpadelstore.com\/it\/wp-json\/wp\/v2\/dureza?post=72870"},{"taxonomy":"forma","embeddable":true,"href":"https:\/\/revolutionpadelstore.com\/it\/wp-json\/wp\/v2\/forma?post=72870"},{"taxonomy":"jugador","embeddable":true,"href":"https:\/\/revolutionpadelstore.com\/it\/wp-json\/wp\/v2\/jugador?post=72870"},{"taxonomy":"marca","embeddable":true,"href":"https:\/\/revolutionpadelstore.com\/it\/wp-json\/wp\/v2\/marca?post=72870"},{"taxonomy":"nivel-de-juego","embeddable":true,"href":"https:\/\/revolutionpadelstore.com\/it\/wp-json\/wp\/v2\/nivel-de-juego?post=72870"},{"taxonomy":"superficie","embeddable":true,"href":"https:\/\/revolutionpadelstore.com\/it\/wp-json\/wp\/v2\/superficie?post=72870"},{"taxonomy":"tipo-de-juego","embeddable":true,"href":"https:\/\/revolutionpadelstore.com\/it\/wp-json\/wp\/v2\/tipo-de-juego?post=72870"},{"taxonomy":"product_brand","embeddable":true,"href":"https:\/\/revolutionpadelstore.com\/it\/wp-json\/wp\/v2\/product_brand?post=72870"},{"taxonomy":"product_cat","embeddable":true,"href":"https:\/\/revolutionpadelstore.com\/it\/wp-json\/wp\/v2\/product_cat?post=72870"},{"taxonomy":"product_tag","embeddable":true,"href":"https:\/\/revolutionpadelstore.com\/it\/wp-json\/wp\/v2\/product_tag?post=72870"}],"curies":[{"name":"wp","href":"https:\/\/api.w.org\/{rel}","templated":true}]}}