{"id":72855,"date":"2024-09-06T00:30:59","date_gmt":"2024-09-05T22:30:59","guid":{"rendered":"https:\/\/revolutionpadelstore.com\/bullpadel-vertex-04-hybrid-25\/"},"modified":"2026-04-08T10:44:30","modified_gmt":"2026-04-08T08:44:30","slug":"bullpadel-vertex-04-hybrid-25-4","status":"publish","type":"product","link":"https:\/\/revolutionpadelstore.com\/it\/prodotto\/bullpadel-vertex-04-hybrid-25-4\/","title":{"rendered":"BULLPADEL VERTEX 04 HYBRID 25"},"content":{"rendered":"<p>Il miglior VERTEX della storia per fare la differenza in pista. La racchetta pi\u00f9 venduta sul mercato, che implementa un nuovo futuro in termini di giocabilit\u00e0.<\/p>\n<p>La ricerca della perfezione \u00e8 una filosofia condivisa da tutti gli atleti. Il nostro compito \u00e8 semplificare loro il percorso, e per farlo abbiamo sviluppato la nuova linea Vertex, la racchetta padel totale, progettata per adattarsi a qualsiasi stile di gioco, senza penalit\u00e0.<\/p>\n<p>L\u2019innovazione \u00e8 uno dei pilastri fondamentali nello sviluppo dei nostri prodotti. Il nostro team di ricerca e sviluppo lavora a stretto contatto con i nostri giocatori professionisti per raggiungere l&#8217;eccellenza. Il tuo prezioso feedback gioca un ruolo fondamentale nello sviluppo delle nostre lame, permettendoci di tracciare il percorso verso la creazione delle lame e delle tecnologie pi\u00f9 eccezionali per i nostri utenti.<\/p>\n<p><strong>Curva:Aktiv Tech<\/strong><\/p>\n<p>Grazie alla rotazione delle sue facce sul lato della lama, si genera una sezione variabile sul lato della lama lungo il profilo. Questa nuova sezione ritorta rende la Vertex 04 hybrid una racchetta pi\u00f9 resistente, con una migliore distribuzione delle vibrazioni e un contributo extra di rigidit\u00e0. Con l&#8217;introduzione di questa tecnologia, il tuo gioco aumenter\u00e0 in maggiore comfort fin dal primo colpo sulla palla, sentendoti a tuo agio in ogni aspetto del tuo gioco.<\/p>\n<p><strong>POTENZA DELL&#8217;ARIA<\/strong><\/p>\n<p>L&#8217;AIR POWER \u00e8 la naturale evoluzione del sistema Air React Channel. Con questa nuova tecnologia, abbiamo ampliato del 50% la dimensione del canale sul lato inferiore del telaio. Come lo raggiungiamo? aumentare la lunghezza delle superfici interessate della struttura cava. Ci\u00f2 rende l&#8217;Air Power una zona molto pi\u00f9 efficiente rispetto a una lama solida o alla sua versione precedente Air React Channel. Con Air Power, aggiungiamo ancora pi\u00f9 ritorno di energia durante i colpi, pi\u00f9 agilit\u00e0, pi\u00f9 leggerezza nell&#8217;area e maggiore accelerazione, rendendo la nuova Vertex 04 Hybrid una racchetta pi\u00f9 reattiva, stabile, aerodinamica e maneggevole.<\/p>\n<p><strong>POTENZA ARIA + CURV:AKTIV<\/strong><\/p>\n<p>La Vertex 04 Hybrid combina le tecnologie Air Power e Curv:Aktiv per offrire prestazioni totali, creando la racchetta pi\u00f9 equilibrata e completa mai sviluppata dal nostro marchio. Curv:Aktiv potenzia l&#8217;effetto Coanda, incanalando l&#8217;aria verso il sistema Air Power, riducendo la resistenza dell&#8217;aria e migliorando l&#8217;aerodinamica della pala fino al 23%. Il risultato \u00e8 una racchetta pi\u00f9 agile, con maggiore capacit\u00e0 di accelerazione, che si traduce in una manovrabilit\u00e0 impeccabile, un controllo assoluto e una reattivit\u00e0 eccezionale in ogni colpo.<\/p>\n<p><strong>CENTRO DEL VERTICE<\/strong><\/p>\n<p>La solita essenza, portata al livello successivo. Caratterizzato dal suo doppio ponte diagonale, il nuovo cuore Vertex subisce un Restyle rispetto al suo predecessore nella sua struttura, per ottenere una geometria pi\u00f9 triangolare con cui distribuire meglio le forze tra i suoi bordi, eliminando cos\u00ec vibrazioni, torsioni e aumentando la rigidit\u00e0 del solido. Con tutto ci\u00f2, le sensazioni per il giocatore saranno quelle di una racchetta con la quale potrai dare ai tuoi colpi alte prestazioni sia da fondo campo che in rete.<\/p>\n<p><strong>Semplicit\u00e0 di vibrazione<\/strong><\/p>\n<p>Gli Ease Vibe sono ammortizzatori all&#8217;avanguardia, progettati per ottimizzare le tue prestazioni sul campo da padel. Integrate in quattro fori strategici nella lama, le Ease Vibe sono state sottoposte a studi rigorosi da parte dell&#8217;Universit\u00e0 Politecnica di Madrid, dimostrando la loro capacit\u00e0 di assorbire fino al 49% delle vibrazioni prodotte quando si colpisce la palla. Grazie alla geometria riprogettata a forma di molla, questi ammortizzatori non solo migliorano l&#8217;assorbimento delle vibrazioni, ma aumentano anche le prestazioni complessive. Questa forma innovativa consente una personalizzazione unica della sensazione e dell&#8217;equilibrio della racchetta, dandoti la flessibilit\u00e0 di adattare il tuo gioco in base alle tue esigenze. Che tu stia cercando maggiore controllo o potenza, Ease Vibe ti consente di adattare la tua racchetta per massimizzare ogni colpo e garantire un&#8217;esperienza di gioco pi\u00f9 confortevole ed efficace.<\/p>\n<p><strong>PESO PERSONALIZZATO<\/strong><\/p>\n<p>Il sistema di pesi CustomWeight \u00e8 composto da piastre rifinite in gel o alluminio con un peso di 3 g per unit\u00e0, che forniscono peso extra nelle aree specifiche in cui sono posizionate. In questo modo riusciamo a modificare l&#8217;equilibrio della racchetta a seconda delle esigenze di ciascun giocatore. La struttura Vertex \u00e8 progettata per il posizionamento di un totale di 5 pesi. 4 sulla parte superiore della lama e un altro sulla parte del cappuccio con un peso di 5 g o 10 g. Con tutto ci\u00f2, possiamo creare specifiche diverse fino a 22 g in pi\u00f9 e un cambio di bilanciamento di +-1 cm.<\/p>\n<p><strong>TOP SPIN<\/strong><\/p>\n<p>Il Vertex 04 Hybrid aumenta la quantit\u00e0 di grana nell&#8217;ultimo strato della faccia della racchetta, ottenendo effetti pi\u00f9 marcati e precisi che ti permetteranno di dominare ogni colpo. Questo aumento della quantit\u00e0 di grana non solo migliora la generazione di effetti aggressivi su slice, vol\u00e8e, layup e schiacciate, ma rende anche questa tecnologia pi\u00f9 durevole nel tempo, garantendo prestazioni superiori e costanti per pi\u00f9 partite.<\/p>\n<p><strong>HESACORE<\/strong><\/p>\n<p>Scopri il nuovo Hesacore con la sua formula rinnovata per proteggere ancora di pi\u00f9 il tuo gioco. Con il nuovo hesacore, non dovrai preoccuparti del disagio al braccio o delle vibrazioni indesiderate, poich\u00e9 il nostro elastomero antivibrante migliorato \u00e8 responsabile di filtrare e ridurre al minimo queste sensazioni, permettendoti di concentrarti sulla tua prestazione senza distrazioni. Il suo design ergonomico a nido d&#8217;ape crea una maggiore superficie di contatto tra la mano e il pugno. Questo permette alle dita di appoggiarsi sulle superfici concave, riducendo cos\u00ec sforzi e infortuni, fornendo inoltre una presa salda e confortevole che permette di mantenere sempre il pieno controllo della racchetta.<\/p>\n<p><strong>VIBRADRIVE<\/strong><\/p>\n<p>Vibradrive \u00e8 caratterizzato dall&#8217;inserimento di un elastomero altamente elastico che frammenta l&#8217;impugnatura lungo il suo asse longitudinale. L&#8217;implementazione di questo elastomero rappresenta un elemento chiave per ottimizzare le prestazioni del giocatore. L&#8217;eccezionale elasticit\u00e0 del materiale utilizzato insieme alla sua posizione strategica rendono il vibradrive un elemento essenziale per assorbire le vibrazioni, soprattutto in situazioni di impatto decentrato.<\/p>\n<p><strong>Xtend-Carbonio 12K<\/strong><\/p>\n<p>Il Vertex 04 Hybrid si distingue per la sua costruzione con X-Tend Carbon, un materiale avanzato di filamenti di carbonio intrecciati biassialmente da 12K. Questo carbonio, dal 20% al 30% pi\u00f9 leggero del carbonio convenzionale, offre una manovrabilit\u00e0 eccezionale e un equilibrio ottimale. Pertanto, X-Tend Carbon \u00e8 il materiale ideale per questa racchetta, migliorando significativamente la maneggevolezza e la reattivit\u00e0.<\/p>\n<p><strong>Multieva<\/strong><\/p>\n<p>Il nucleo di questa racchetta da padel \u00e8 stato progettato con una struttura di tipo &#8220;sandwich&#8221;, composta da tre strati di EVA (Etilene-Vinil-Acetato) di diverse densit\u00e0, accuratamente adattati per ottimizzare le prestazioni in ogni situazione di gioco.<\/p>\n<p>1. Strati esterni: i due strati esterni, realizzati con EVA a densit\u00e0 e rigidit\u00e0 pi\u00f9 elevate, sono progettati per massimizzare la potenza nei colpi pi\u00f9 esplosivi, offrendo una risposta rapida e potente quando si colpisce la palla.<\/p>\n<p>2. Strato interno: lo strato interno, realizzato in EVA pi\u00f9 morbido e a densit\u00e0 inferiore, funge da nucleo ammortizzante, aumentando la tolleranza e il comfort sui colpi a bassa velocit\u00e0. Questa morbidezza interna non solo migliora la sensazione del colpo, ma aiuta anche a ridurre le vibrazioni, riducendo il rischio di lesioni e fornendo un maggiore controllo sui colpi pi\u00f9 delicati.<\/p>\n","protected":false},"excerpt":{"rendered":"<p>Progettato per coloro che desiderano dominare ogni punto con una perfetta combinazione di velocit\u00e0, reattivit\u00e0 e controllo, il <strong>VERTEX 04<\/strong>ridefinisce il gioco totale. Ora nella sua versione ibrida, questa racchetta offre un equilibrio pi\u00f9 basso e pi\u00f9 gestibile, ideale per i giocatori che preferiscono il controllo da fondo campo.<\/p>\n","protected":false},"featured_media":99978,"comment_status":"open","ping_status":"closed","template":"","meta":{"_acf_changed":false,"_joinchat":[]},"acabado":[1091],"balance":[1136,1141],"dureza":[1161,1156],"forma":[1176],"jugador":[1201,1191],"marca":[1256],"nivel-de-juego":[1336,1346],"superficie":[1361],"tipo-de-juego":[1386],"product_brand":[],"product_cat":[301],"product_tag":[],"class_list":{"0":"post-72855","1":"product","2":"type-product","3":"status-publish","4":"has-post-thumbnail","6":"acabado-relieve-3d-it","7":"balance-alto-it","8":"balance-medio-it","9":"dureza-dura-it","10":"dureza-media-it","11":"forma-ibrido","12":"jugador-multiuso","13":"jugador-uomo","14":"marca-bullpadel-it","15":"superficie-rugosa-it","16":"tipo-de-juego-multiuso","17":"product_cat-palas-de-padel-it","19":"first","20":"instock","21":"sale","22":"taxable","23":"shipping-taxable","24":"purchasable","25":"product-type-simple"},"acf":[],"yoast_head":"<!-- This site is optimized with the Yoast SEO plugin v27.3 - https:\/\/yoast.com\/product\/yoast-seo-wordpress\/ -->\n<title>BULLPADEL VERTEX 04 HYBRID 25 - Revolution Padel Store<\/title>\n<meta name=\"description\" content=\"La mejor VERTEX de la historia para marcar la diferencia en la pista. La pala m\u00e1s vendida del mercado implantando un nuevo futuro en la jugabilidad.La b\u00fasqueda de la perfecci\u00f3n es una filosof\u00eda compartida por todos los deportistas. Nuestra labor consiste en simplificarles el camino, y para ello desarrollamos la nueva linea Vertex, la pala total, dise\u00f1ada para adaptarse a cualquier estilo de juego, sin penalizaci\u00f3n.\" \/>\n<meta name=\"robots\" content=\"index, follow, max-snippet:-1, max-image-preview:large, max-video-preview:-1\" \/>\n<link rel=\"canonical\" href=\"https:\/\/revolutionpadelstore.com\/it\/prodotto\/bullpadel-vertex-04-hybrid-25-4\/\" \/>\n<meta property=\"og:locale\" content=\"it_IT\" \/>\n<meta property=\"og:type\" content=\"article\" \/>\n<meta property=\"og:title\" content=\"BULLPADEL VERTEX 04 HYBRID 25 - Revolution Padel Store\" \/>\n<meta property=\"og:description\" content=\"La mejor VERTEX de la historia para marcar la diferencia en la pista. La pala m\u00e1s vendida del mercado implantando un nuevo futuro en la jugabilidad.La b\u00fasqueda de la perfecci\u00f3n es una filosof\u00eda compartida por todos los deportistas. Nuestra labor consiste en simplificarles el camino, y para ello desarrollamos la nueva linea Vertex, la pala total, dise\u00f1ada para adaptarse a cualquier estilo de juego, sin penalizaci\u00f3n.\" \/>\n<meta property=\"og:url\" content=\"https:\/\/revolutionpadelstore.com\/it\/prodotto\/bullpadel-vertex-04-hybrid-25-4\/\" \/>\n<meta property=\"og:site_name\" content=\"Revolution Padel Store\" \/>\n<meta property=\"article:modified_time\" content=\"2026-04-08T08:44:30+00:00\" \/>\n<meta property=\"og:image\" content=\"https:\/\/revolutionpadelstore.com\/wp-content\/uploads\/2024\/09\/113773_pala_bullpadel_vertex_04_hybrid_25_448116_1500x1500_1_c30d.webp\" \/>\n\t<meta property=\"og:image:width\" content=\"1500\" \/>\n\t<meta property=\"og:image:height\" content=\"1500\" \/>\n\t<meta property=\"og:image:type\" content=\"image\/webp\" \/>\n<meta name=\"twitter:card\" content=\"summary_large_image\" \/>\n<meta name=\"twitter:label1\" content=\"Tempo di lettura stimato\" \/>\n\t<meta name=\"twitter:data1\" content=\"6 minuti\" \/>\n<script type=\"application\/ld+json\" class=\"yoast-schema-graph\">{\"@context\":\"https:\\\/\\\/schema.org\",\"@graph\":[{\"@type\":\"WebPage\",\"@id\":\"https:\\\/\\\/revolutionpadelstore.com\\\/it\\\/prodotto\\\/bullpadel-vertex-04-hybrid-25-4\\\/\",\"url\":\"https:\\\/\\\/revolutionpadelstore.com\\\/it\\\/prodotto\\\/bullpadel-vertex-04-hybrid-25-4\\\/\",\"name\":\"BULLPADEL VERTEX 04 HYBRID 25 - Revolution Padel Store\",\"isPartOf\":{\"@id\":\"https:\\\/\\\/revolutionpadelstore.com\\\/it\\\/#website\"},\"primaryImageOfPage\":{\"@id\":\"https:\\\/\\\/revolutionpadelstore.com\\\/it\\\/prodotto\\\/bullpadel-vertex-04-hybrid-25-4\\\/#primaryimage\"},\"image\":{\"@id\":\"https:\\\/\\\/revolutionpadelstore.com\\\/it\\\/prodotto\\\/bullpadel-vertex-04-hybrid-25-4\\\/#primaryimage\"},\"thumbnailUrl\":\"https:\\\/\\\/revolutionpadelstore.com\\\/wp-content\\\/uploads\\\/2024\\\/09\\\/113773_pala_bullpadel_vertex_04_hybrid_25_448116_1500x1500_1_c30d.webp\",\"datePublished\":\"2024-09-05T22:30:59+00:00\",\"dateModified\":\"2026-04-08T08:44:30+00:00\",\"description\":\"La mejor VERTEX de la historia para marcar la diferencia en la pista. La pala m\u00e1s vendida del mercado implantando un nuevo futuro en la jugabilidad.La b\u00fasqueda de la perfecci\u00f3n es una filosof\u00eda compartida por todos los deportistas. Nuestra labor consiste en simplificarles el camino, y para ello desarrollamos la nueva linea Vertex, la pala total, dise\u00f1ada para adaptarse a cualquier estilo de juego, sin penalizaci\u00f3n.\",\"breadcrumb\":{\"@id\":\"https:\\\/\\\/revolutionpadelstore.com\\\/it\\\/prodotto\\\/bullpadel-vertex-04-hybrid-25-4\\\/#breadcrumb\"},\"inLanguage\":\"it-IT\",\"potentialAction\":[{\"@type\":\"ReadAction\",\"target\":[\"https:\\\/\\\/revolutionpadelstore.com\\\/it\\\/prodotto\\\/bullpadel-vertex-04-hybrid-25-4\\\/\"]}]},{\"@type\":\"ImageObject\",\"inLanguage\":\"it-IT\",\"@id\":\"https:\\\/\\\/revolutionpadelstore.com\\\/it\\\/prodotto\\\/bullpadel-vertex-04-hybrid-25-4\\\/#primaryimage\",\"url\":\"https:\\\/\\\/revolutionpadelstore.com\\\/wp-content\\\/uploads\\\/2024\\\/09\\\/113773_pala_bullpadel_vertex_04_hybrid_25_448116_1500x1500_1_c30d.webp\",\"contentUrl\":\"https:\\\/\\\/revolutionpadelstore.com\\\/wp-content\\\/uploads\\\/2024\\\/09\\\/113773_pala_bullpadel_vertex_04_hybrid_25_448116_1500x1500_1_c30d.webp\",\"width\":1500,\"height\":1500},{\"@type\":\"BreadcrumbList\",\"@id\":\"https:\\\/\\\/revolutionpadelstore.com\\\/it\\\/prodotto\\\/bullpadel-vertex-04-hybrid-25-4\\\/#breadcrumb\",\"itemListElement\":[{\"@type\":\"ListItem\",\"position\":1,\"name\":\"Portada\",\"item\":\"https:\\\/\\\/revolutionpadelstore.com\\\/it\\\/\"},{\"@type\":\"ListItem\",\"position\":2,\"name\":\"Tienda\",\"item\":\"https:\\\/\\\/revolutionpadelstore.com\\\/it\\\/tienda\\\/\"},{\"@type\":\"ListItem\",\"position\":3,\"name\":\"BULLPADEL VERTEX 04 HYBRID 25\"}]},{\"@type\":\"WebSite\",\"@id\":\"https:\\\/\\\/revolutionpadelstore.com\\\/it\\\/#website\",\"url\":\"https:\\\/\\\/revolutionpadelstore.com\\\/it\\\/\",\"name\":\"Revolution Padel Store\",\"description\":\"\",\"publisher\":{\"@id\":\"https:\\\/\\\/revolutionpadelstore.com\\\/it\\\/#organization\"},\"potentialAction\":[{\"@type\":\"SearchAction\",\"target\":{\"@type\":\"EntryPoint\",\"urlTemplate\":\"https:\\\/\\\/revolutionpadelstore.com\\\/it\\\/?s={search_term_string}\"},\"query-input\":{\"@type\":\"PropertyValueSpecification\",\"valueRequired\":true,\"valueName\":\"search_term_string\"}}],\"inLanguage\":\"it-IT\"},{\"@type\":\"Organization\",\"@id\":\"https:\\\/\\\/revolutionpadelstore.com\\\/it\\\/#organization\",\"name\":\"Revolution Padel Store\",\"url\":\"https:\\\/\\\/revolutionpadelstore.com\\\/it\\\/\",\"logo\":{\"@type\":\"ImageObject\",\"inLanguage\":\"it-IT\",\"@id\":\"https:\\\/\\\/revolutionpadelstore.com\\\/it\\\/#\\\/schema\\\/logo\\\/image\\\/\",\"url\":\"https:\\\/\\\/revolutionpadelstore.com\\\/wp-content\\\/uploads\\\/2026\\\/02\\\/revolution-padel-store.jpg\",\"contentUrl\":\"https:\\\/\\\/revolutionpadelstore.com\\\/wp-content\\\/uploads\\\/2026\\\/02\\\/revolution-padel-store.jpg\",\"width\":2000,\"height\":2000,\"caption\":\"Revolution Padel Store\"},\"image\":{\"@id\":\"https:\\\/\\\/revolutionpadelstore.com\\\/it\\\/#\\\/schema\\\/logo\\\/image\\\/\"},\"sameAs\":[\"https:\\\/\\\/www.instagram.com\\\/revolutionpadelstore\\\/\"]}]}<\/script>\n<!-- \/ Yoast SEO plugin. -->","yoast_head_json":{"title":"BULLPADEL VERTEX 04 HYBRID 25 - Revolution Padel Store","description":"La mejor VERTEX de la historia para marcar la diferencia en la pista. La pala m\u00e1s vendida del mercado implantando un nuevo futuro en la jugabilidad.La b\u00fasqueda de la perfecci\u00f3n es una filosof\u00eda compartida por todos los deportistas. Nuestra labor consiste en simplificarles el camino, y para ello desarrollamos la nueva linea Vertex, la pala total, dise\u00f1ada para adaptarse a cualquier estilo de juego, sin penalizaci\u00f3n.","robots":{"index":"index","follow":"follow","max-snippet":"max-snippet:-1","max-image-preview":"max-image-preview:large","max-video-preview":"max-video-preview:-1"},"canonical":"https:\/\/revolutionpadelstore.com\/it\/prodotto\/bullpadel-vertex-04-hybrid-25-4\/","og_locale":"it_IT","og_type":"article","og_title":"BULLPADEL VERTEX 04 HYBRID 25 - Revolution Padel Store","og_description":"La mejor VERTEX de la historia para marcar la diferencia en la pista. La pala m\u00e1s vendida del mercado implantando un nuevo futuro en la jugabilidad.La b\u00fasqueda de la perfecci\u00f3n es una filosof\u00eda compartida por todos los deportistas. Nuestra labor consiste en simplificarles el camino, y para ello desarrollamos la nueva linea Vertex, la pala total, dise\u00f1ada para adaptarse a cualquier estilo de juego, sin penalizaci\u00f3n.","og_url":"https:\/\/revolutionpadelstore.com\/it\/prodotto\/bullpadel-vertex-04-hybrid-25-4\/","og_site_name":"Revolution Padel Store","article_modified_time":"2026-04-08T08:44:30+00:00","og_image":[{"width":1500,"height":1500,"url":"https:\/\/revolutionpadelstore.com\/wp-content\/uploads\/2024\/09\/113773_pala_bullpadel_vertex_04_hybrid_25_448116_1500x1500_1_c30d.webp","type":"image\/webp"}],"twitter_card":"summary_large_image","twitter_misc":{"Tempo di lettura stimato":"6 minuti"},"schema":{"@context":"https:\/\/schema.org","@graph":[{"@type":"WebPage","@id":"https:\/\/revolutionpadelstore.com\/it\/prodotto\/bullpadel-vertex-04-hybrid-25-4\/","url":"https:\/\/revolutionpadelstore.com\/it\/prodotto\/bullpadel-vertex-04-hybrid-25-4\/","name":"BULLPADEL VERTEX 04 HYBRID 25 - Revolution Padel Store","isPartOf":{"@id":"https:\/\/revolutionpadelstore.com\/it\/#website"},"primaryImageOfPage":{"@id":"https:\/\/revolutionpadelstore.com\/it\/prodotto\/bullpadel-vertex-04-hybrid-25-4\/#primaryimage"},"image":{"@id":"https:\/\/revolutionpadelstore.com\/it\/prodotto\/bullpadel-vertex-04-hybrid-25-4\/#primaryimage"},"thumbnailUrl":"https:\/\/revolutionpadelstore.com\/wp-content\/uploads\/2024\/09\/113773_pala_bullpadel_vertex_04_hybrid_25_448116_1500x1500_1_c30d.webp","datePublished":"2024-09-05T22:30:59+00:00","dateModified":"2026-04-08T08:44:30+00:00","description":"La mejor VERTEX de la historia para marcar la diferencia en la pista. La pala m\u00e1s vendida del mercado implantando un nuevo futuro en la jugabilidad.La b\u00fasqueda de la perfecci\u00f3n es una filosof\u00eda compartida por todos los deportistas. Nuestra labor consiste en simplificarles el camino, y para ello desarrollamos la nueva linea Vertex, la pala total, dise\u00f1ada para adaptarse a cualquier estilo de juego, sin penalizaci\u00f3n.","breadcrumb":{"@id":"https:\/\/revolutionpadelstore.com\/it\/prodotto\/bullpadel-vertex-04-hybrid-25-4\/#breadcrumb"},"inLanguage":"it-IT","potentialAction":[{"@type":"ReadAction","target":["https:\/\/revolutionpadelstore.com\/it\/prodotto\/bullpadel-vertex-04-hybrid-25-4\/"]}]},{"@type":"ImageObject","inLanguage":"it-IT","@id":"https:\/\/revolutionpadelstore.com\/it\/prodotto\/bullpadel-vertex-04-hybrid-25-4\/#primaryimage","url":"https:\/\/revolutionpadelstore.com\/wp-content\/uploads\/2024\/09\/113773_pala_bullpadel_vertex_04_hybrid_25_448116_1500x1500_1_c30d.webp","contentUrl":"https:\/\/revolutionpadelstore.com\/wp-content\/uploads\/2024\/09\/113773_pala_bullpadel_vertex_04_hybrid_25_448116_1500x1500_1_c30d.webp","width":1500,"height":1500},{"@type":"BreadcrumbList","@id":"https:\/\/revolutionpadelstore.com\/it\/prodotto\/bullpadel-vertex-04-hybrid-25-4\/#breadcrumb","itemListElement":[{"@type":"ListItem","position":1,"name":"Portada","item":"https:\/\/revolutionpadelstore.com\/it\/"},{"@type":"ListItem","position":2,"name":"Tienda","item":"https:\/\/revolutionpadelstore.com\/it\/tienda\/"},{"@type":"ListItem","position":3,"name":"BULLPADEL VERTEX 04 HYBRID 25"}]},{"@type":"WebSite","@id":"https:\/\/revolutionpadelstore.com\/it\/#website","url":"https:\/\/revolutionpadelstore.com\/it\/","name":"Revolution Padel Store","description":"","publisher":{"@id":"https:\/\/revolutionpadelstore.com\/it\/#organization"},"potentialAction":[{"@type":"SearchAction","target":{"@type":"EntryPoint","urlTemplate":"https:\/\/revolutionpadelstore.com\/it\/?s={search_term_string}"},"query-input":{"@type":"PropertyValueSpecification","valueRequired":true,"valueName":"search_term_string"}}],"inLanguage":"it-IT"},{"@type":"Organization","@id":"https:\/\/revolutionpadelstore.com\/it\/#organization","name":"Revolution Padel Store","url":"https:\/\/revolutionpadelstore.com\/it\/","logo":{"@type":"ImageObject","inLanguage":"it-IT","@id":"https:\/\/revolutionpadelstore.com\/it\/#\/schema\/logo\/image\/","url":"https:\/\/revolutionpadelstore.com\/wp-content\/uploads\/2026\/02\/revolution-padel-store.jpg","contentUrl":"https:\/\/revolutionpadelstore.com\/wp-content\/uploads\/2026\/02\/revolution-padel-store.jpg","width":2000,"height":2000,"caption":"Revolution Padel Store"},"image":{"@id":"https:\/\/revolutionpadelstore.com\/it\/#\/schema\/logo\/image\/"},"sameAs":["https:\/\/www.instagram.com\/revolutionpadelstore\/"]}]}},"_links":{"self":[{"href":"https:\/\/revolutionpadelstore.com\/it\/wp-json\/wp\/v2\/product\/72855","targetHints":{"allow":["GET"]}}],"collection":[{"href":"https:\/\/revolutionpadelstore.com\/it\/wp-json\/wp\/v2\/product"}],"about":[{"href":"https:\/\/revolutionpadelstore.com\/it\/wp-json\/wp\/v2\/types\/product"}],"replies":[{"embeddable":true,"href":"https:\/\/revolutionpadelstore.com\/it\/wp-json\/wp\/v2\/comments?post=72855"}],"wp:featuredmedia":[{"embeddable":true,"href":"https:\/\/revolutionpadelstore.com\/it\/wp-json\/wp\/v2\/media\/99978"}],"wp:attachment":[{"href":"https:\/\/revolutionpadelstore.com\/it\/wp-json\/wp\/v2\/media?parent=72855"}],"wp:term":[{"taxonomy":"acabado","embeddable":true,"href":"https:\/\/revolutionpadelstore.com\/it\/wp-json\/wp\/v2\/acabado?post=72855"},{"taxonomy":"balance","embeddable":true,"href":"https:\/\/revolutionpadelstore.com\/it\/wp-json\/wp\/v2\/balance?post=72855"},{"taxonomy":"dureza","embeddable":true,"href":"https:\/\/revolutionpadelstore.com\/it\/wp-json\/wp\/v2\/dureza?post=72855"},{"taxonomy":"forma","embeddable":true,"href":"https:\/\/revolutionpadelstore.com\/it\/wp-json\/wp\/v2\/forma?post=72855"},{"taxonomy":"jugador","embeddable":true,"href":"https:\/\/revolutionpadelstore.com\/it\/wp-json\/wp\/v2\/jugador?post=72855"},{"taxonomy":"marca","embeddable":true,"href":"https:\/\/revolutionpadelstore.com\/it\/wp-json\/wp\/v2\/marca?post=72855"},{"taxonomy":"nivel-de-juego","embeddable":true,"href":"https:\/\/revolutionpadelstore.com\/it\/wp-json\/wp\/v2\/nivel-de-juego?post=72855"},{"taxonomy":"superficie","embeddable":true,"href":"https:\/\/revolutionpadelstore.com\/it\/wp-json\/wp\/v2\/superficie?post=72855"},{"taxonomy":"tipo-de-juego","embeddable":true,"href":"https:\/\/revolutionpadelstore.com\/it\/wp-json\/wp\/v2\/tipo-de-juego?post=72855"},{"taxonomy":"product_brand","embeddable":true,"href":"https:\/\/revolutionpadelstore.com\/it\/wp-json\/wp\/v2\/product_brand?post=72855"},{"taxonomy":"product_cat","embeddable":true,"href":"https:\/\/revolutionpadelstore.com\/it\/wp-json\/wp\/v2\/product_cat?post=72855"},{"taxonomy":"product_tag","embeddable":true,"href":"https:\/\/revolutionpadelstore.com\/it\/wp-json\/wp\/v2\/product_tag?post=72855"}],"curies":[{"name":"wp","href":"https:\/\/api.w.org\/{rel}","templated":true}]}}