{"id":72850,"date":"2024-09-06T00:38:02","date_gmt":"2024-09-05T22:38:02","guid":{"rendered":"https:\/\/revolutionpadelstore.com\/bullpadel-elite-w-25\/"},"modified":"2026-04-21T02:02:37","modified_gmt":"2026-04-21T00:02:37","slug":"bullpadel-elite-w-25-4","status":"publish","type":"product","link":"https:\/\/revolutionpadelstore.com\/it\/prodotto\/bullpadel-elite-w-25-4\/","title":{"rendered":"BULLPADEL ELITE W 25"},"content":{"rendered":"<p>Elite una racchetta pi\u00f9 leggera, progettata appositamente per i giocatori pi\u00f9 esigenti. Con un peso ridotto e un formato ibrido, offre una manovrabilit\u00e0 agile che ti consente di giocare con sicurezza e impatto con stile, sia dominando dalla linea di fondo che distruggendo la rete.<br \/>\nProgettato per offrire prestazioni eccezionali, fornisce il perfetto equilibrio tra potenza, controllo e manovrabilit\u00e0, consentendoti di liberare tutto il tuo potenziale ad ogni colpo. Perch\u00e9 quando lo stile incontra il gioco, perch\u00e9 accontentarsi di qualcosa di meno che straordinario? Scopri le tecnologie Elite e tutto ci\u00f2 che pu\u00f2 offrirti per perfezionare la tua tecnica e distinguerti in ogni punto.<\/p>\n<p><strong>CORE D&#8217;ELITE<\/strong><br \/>\nIl cuore Elite, con la sua geometria triangolare rovesciata e rinforzo nella zona iniziale delle braccia, aumenta il volume e la massa nei punti chiave della struttura, aumentando il momento di inerzia della racchetta. Di conseguenza, la racchetta offre maggiore fermezza e stabilit\u00e0, riducendo notevolmente la torsione quando si colpisce la palla. Ci\u00f2 si traduce in un migliore controllo superiore e in una sensazione di sicurezza in ogni colpo, ideale per i giocatori che cercano precisione e coerenza nel loro gioco.<\/p>\n<p><strong>CANALE AIR REACT<\/strong><br \/>\nElite dispone della tecnologia Air React Channel. Il primo canale d&#8217;aria sviluppato nel mondo del paddle tennis, diventando un riferimento di design nel settore.<br \/>\nQuesta tecnologia riduce la resistenza dell&#8217;aria nella zona del cuore della racchetta e rende la racchetta pi\u00f9 agile e leggera, consentendo una maggiore velocit\u00e0 di accelerazione e un&#8217;esecuzione pi\u00f9 rapida ed efficace in ogni colpo.<br \/>\nInoltre, l&#8217;Air React Channel non solo migliora l&#8217;aerodinamica della racchetta, ma rafforza anche la sua integrit\u00e0 strutturale grazie ai suoi quattro bracci nel cuore, ottimizza il ritorno di energia, aumenta la velocit\u00e0 di uscita della palla e aumenta la reattivit\u00e0 del tuo gioco .<\/p>\n<p><strong>VIBRADRIVE<\/strong><br \/>\nVibradrive \u00e8 caratterizzato dall&#8217;inserimento di un elastomero altamente elastico che frammenta l&#8217;impugnatura lungo il suo asse longitudinale. L&#8217;eccezionale elasticit\u00e0 del materiale utilizzato, insieme alla sua posizione strategica, rendono il Vibradrive un elemento essenziale per assorbire le vibrazioni, soprattutto in situazioni di impatto decentrato.<\/p>\n<p><strong>FIBRIX<\/strong><br \/>\nElite \u00e8 creata per offrire un&#8217;esperienza di gioco comoda e versatile in ogni angolo del campo. Il suo materiale Fibrix, che combina fibre di vetro flessibili con carbonio rigido, garantisce un tocco morbido e accessibile senza compromettere la reattivit\u00e0. Con questo materiale ibrido, quindi, potrai eccellere in tutti gli aspetti del match, elevando le tue prestazioni e la tua fiducia in campo per un gioco totale.<\/p>\n<p><strong>Multieva<\/strong><br \/>\nIl nucleo di questa racchetta da padel \u00e8 stato progettato con una struttura di tipo &#8220;sandwich&#8221;, composta da tre strati di EVA (Etilene-Vinil-Acetato) di diverse densit\u00e0, accuratamente adattati per ottimizzare le prestazioni in ogni situazione di gioco.<br \/>\n1. Strati esterni: i due strati esterni, realizzati con EVA a densit\u00e0 e rigidit\u00e0 pi\u00f9 elevate, sono progettati per massimizzare la potenza nei colpi pi\u00f9 esplosivi, offrendo una risposta rapida e potente quando si colpisce la palla.<br \/>\n2. Strato interno: lo strato interno, realizzato in EVA pi\u00f9 morbido e a densit\u00e0 inferiore, funge da nucleo ammortizzante, aumentando la tolleranza e il comfort sui colpi a bassa velocit\u00e0. Questa morbidezza interna non solo migliora la sensazione del colpo, ma aiuta anche a ridurre le vibrazioni, riducendo il rischio di lesioni e fornendo un maggiore controllo sui colpi pi\u00f9 delicati.<\/p>\n","protected":false},"excerpt":{"rendered":"<p><strong>Elite<\/strong>, la racchetta <strong>Gemma Triay<\/strong>, \u00e8 il perfetto equilibrio tra eleganza, controllo e potenza. Creato per il giocatore che vuole tutto: stile, prestazioni e presenza. Con il suo design chic, Elite diventa un&#8217;estensione naturale del tuo stile, fondendo perfettamente prestazioni e moda. Elite non \u00e8 solo uno strumento di gioco; \u00c8 una dichiarazione di intenti.<strong>Elite<\/strong><\/p>\n","protected":false},"featured_media":99942,"comment_status":"open","ping_status":"closed","template":"","meta":{"_acf_changed":false,"_joinchat":[]},"acabado":[1086],"balance":[1136,1141],"dureza":[1156],"forma":[1176],"jugador":[1196],"marca":[1256],"nivel-de-juego":[1336,1341],"superficie":[],"tipo-de-juego":[1386],"product_brand":[],"product_cat":[301],"product_tag":[],"class_list":{"0":"post-72850","1":"product","2":"type-product","3":"status-publish","4":"has-post-thumbnail","6":"acabado-amico","7":"balance-alto-it","8":"balance-medio-it","9":"dureza-media-it","10":"forma-ibrido","11":"jugador-mujer-it","12":"marca-bullpadel-it","13":"tipo-de-juego-multiuso","14":"product_cat-palas-de-padel-it","16":"first","17":"instock","18":"sale","19":"taxable","20":"shipping-taxable","21":"purchasable","22":"product-type-simple"},"acf":[],"yoast_head":"<!-- This site is optimized with the Yoast SEO plugin v27.4 - https:\/\/yoast.com\/product\/yoast-seo-wordpress\/ -->\n<title>BULLPADEL ELITE W 25 - Revolution Padel Store<\/title>\n<meta name=\"description\" content=\"Elite una pala m\u00e1s liviana, dise\u00f1ada especialmente para las jugadoras m\u00e1s exigentes. Con un peso reducido y un formato h\u00edbrido, ofrece un manejo \u00e1gil permiti\u00e9ndote jugar con confianza e impactar con estilo, ya sea dominando desde la l\u00ednea de fondo o arrasando en la red.Dise\u00f1ada para ofrecer un rendimiento excepcional, proporciona el equilibrio perfecto entre potencia, control y maniobrabilidad, capacit\u00e1ndote para desatar todo tu potencial con cada golpe. Porque cuando el estilo se encuentra con el juego, \u00bfpor qu\u00e9 conformarse con algo menos que extraordinario? Descubre las tecnolog\u00edas de Elite y todo lo que puede ofrecerte para perfeccionar tu t\u00e9cnica y destacar en cada punto.\" \/>\n<meta name=\"robots\" content=\"index, follow, max-snippet:-1, max-image-preview:large, max-video-preview:-1\" \/>\n<link rel=\"canonical\" href=\"https:\/\/revolutionpadelstore.com\/it\/prodotto\/bullpadel-elite-w-25-4\/\" \/>\n<meta property=\"og:locale\" content=\"it_IT\" \/>\n<meta property=\"og:type\" content=\"article\" \/>\n<meta property=\"og:title\" content=\"BULLPADEL ELITE W 25 - Revolution Padel Store\" \/>\n<meta property=\"og:description\" content=\"Elite una pala m\u00e1s liviana, dise\u00f1ada especialmente para las jugadoras m\u00e1s exigentes. Con un peso reducido y un formato h\u00edbrido, ofrece un manejo \u00e1gil permiti\u00e9ndote jugar con confianza e impactar con estilo, ya sea dominando desde la l\u00ednea de fondo o arrasando en la red.Dise\u00f1ada para ofrecer un rendimiento excepcional, proporciona el equilibrio perfecto entre potencia, control y maniobrabilidad, capacit\u00e1ndote para desatar todo tu potencial con cada golpe. Porque cuando el estilo se encuentra con el juego, \u00bfpor qu\u00e9 conformarse con algo menos que extraordinario? Descubre las tecnolog\u00edas de Elite y todo lo que puede ofrecerte para perfeccionar tu t\u00e9cnica y destacar en cada punto.\" \/>\n<meta property=\"og:url\" content=\"https:\/\/revolutionpadelstore.com\/it\/prodotto\/bullpadel-elite-w-25-4\/\" \/>\n<meta property=\"og:site_name\" content=\"Revolution Padel Store\" \/>\n<meta property=\"article:modified_time\" content=\"2026-04-21T00:02:37+00:00\" \/>\n<meta property=\"og:image\" content=\"https:\/\/revolutionpadelstore.com\/wp-content\/uploads\/2024\/09\/113751_pala_bullpadel_elite_w_25_448124_mujer_1500x1500_1_904c.webp\" \/>\n\t<meta property=\"og:image:width\" content=\"1500\" \/>\n\t<meta property=\"og:image:height\" content=\"1500\" \/>\n\t<meta property=\"og:image:type\" content=\"image\/webp\" \/>\n<meta name=\"twitter:card\" content=\"summary_large_image\" \/>\n<meta name=\"twitter:label1\" content=\"Tempo di lettura stimato\" \/>\n\t<meta name=\"twitter:data1\" content=\"3 minuti\" \/>\n<script type=\"application\/ld+json\" class=\"yoast-schema-graph\">{\"@context\":\"https:\\\/\\\/schema.org\",\"@graph\":[{\"@type\":\"WebPage\",\"@id\":\"https:\\\/\\\/revolutionpadelstore.com\\\/it\\\/prodotto\\\/bullpadel-elite-w-25-4\\\/\",\"url\":\"https:\\\/\\\/revolutionpadelstore.com\\\/it\\\/prodotto\\\/bullpadel-elite-w-25-4\\\/\",\"name\":\"BULLPADEL ELITE W 25 - Revolution Padel Store\",\"isPartOf\":{\"@id\":\"https:\\\/\\\/revolutionpadelstore.com\\\/it\\\/#website\"},\"primaryImageOfPage\":{\"@id\":\"https:\\\/\\\/revolutionpadelstore.com\\\/it\\\/prodotto\\\/bullpadel-elite-w-25-4\\\/#primaryimage\"},\"image\":{\"@id\":\"https:\\\/\\\/revolutionpadelstore.com\\\/it\\\/prodotto\\\/bullpadel-elite-w-25-4\\\/#primaryimage\"},\"thumbnailUrl\":\"https:\\\/\\\/revolutionpadelstore.com\\\/wp-content\\\/uploads\\\/2024\\\/09\\\/113751_pala_bullpadel_elite_w_25_448124_mujer_1500x1500_1_904c.webp\",\"datePublished\":\"2024-09-05T22:38:02+00:00\",\"dateModified\":\"2026-04-21T00:02:37+00:00\",\"description\":\"Elite una pala m\u00e1s liviana, dise\u00f1ada especialmente para las jugadoras m\u00e1s exigentes. Con un peso reducido y un formato h\u00edbrido, ofrece un manejo \u00e1gil permiti\u00e9ndote jugar con confianza e impactar con estilo, ya sea dominando desde la l\u00ednea de fondo o arrasando en la red.Dise\u00f1ada para ofrecer un rendimiento excepcional, proporciona el equilibrio perfecto entre potencia, control y maniobrabilidad, capacit\u00e1ndote para desatar todo tu potencial con cada golpe. Porque cuando el estilo se encuentra con el juego, \u00bfpor qu\u00e9 conformarse con algo menos que extraordinario? Descubre las tecnolog\u00edas de Elite y todo lo que puede ofrecerte para perfeccionar tu t\u00e9cnica y destacar en cada punto.\",\"breadcrumb\":{\"@id\":\"https:\\\/\\\/revolutionpadelstore.com\\\/it\\\/prodotto\\\/bullpadel-elite-w-25-4\\\/#breadcrumb\"},\"inLanguage\":\"it-IT\",\"potentialAction\":[{\"@type\":\"ReadAction\",\"target\":[\"https:\\\/\\\/revolutionpadelstore.com\\\/it\\\/prodotto\\\/bullpadel-elite-w-25-4\\\/\"]}]},{\"@type\":\"ImageObject\",\"inLanguage\":\"it-IT\",\"@id\":\"https:\\\/\\\/revolutionpadelstore.com\\\/it\\\/prodotto\\\/bullpadel-elite-w-25-4\\\/#primaryimage\",\"url\":\"https:\\\/\\\/revolutionpadelstore.com\\\/wp-content\\\/uploads\\\/2024\\\/09\\\/113751_pala_bullpadel_elite_w_25_448124_mujer_1500x1500_1_904c.webp\",\"contentUrl\":\"https:\\\/\\\/revolutionpadelstore.com\\\/wp-content\\\/uploads\\\/2024\\\/09\\\/113751_pala_bullpadel_elite_w_25_448124_mujer_1500x1500_1_904c.webp\",\"width\":1500,\"height\":1500},{\"@type\":\"BreadcrumbList\",\"@id\":\"https:\\\/\\\/revolutionpadelstore.com\\\/it\\\/prodotto\\\/bullpadel-elite-w-25-4\\\/#breadcrumb\",\"itemListElement\":[{\"@type\":\"ListItem\",\"position\":1,\"name\":\"Portada\",\"item\":\"https:\\\/\\\/revolutionpadelstore.com\\\/it\\\/\"},{\"@type\":\"ListItem\",\"position\":2,\"name\":\"Tienda\",\"item\":\"https:\\\/\\\/revolutionpadelstore.com\\\/it\\\/tienda\\\/\"},{\"@type\":\"ListItem\",\"position\":3,\"name\":\"BULLPADEL ELITE W 25\"}]},{\"@type\":\"WebSite\",\"@id\":\"https:\\\/\\\/revolutionpadelstore.com\\\/it\\\/#website\",\"url\":\"https:\\\/\\\/revolutionpadelstore.com\\\/it\\\/\",\"name\":\"Revolution Padel Store\",\"description\":\"\",\"publisher\":{\"@id\":\"https:\\\/\\\/revolutionpadelstore.com\\\/it\\\/#organization\"},\"potentialAction\":[{\"@type\":\"SearchAction\",\"target\":{\"@type\":\"EntryPoint\",\"urlTemplate\":\"https:\\\/\\\/revolutionpadelstore.com\\\/it\\\/?s={search_term_string}\"},\"query-input\":{\"@type\":\"PropertyValueSpecification\",\"valueRequired\":true,\"valueName\":\"search_term_string\"}}],\"inLanguage\":\"it-IT\"},{\"@type\":\"Organization\",\"@id\":\"https:\\\/\\\/revolutionpadelstore.com\\\/it\\\/#organization\",\"name\":\"Revolution Padel Store\",\"url\":\"https:\\\/\\\/revolutionpadelstore.com\\\/it\\\/\",\"logo\":{\"@type\":\"ImageObject\",\"inLanguage\":\"it-IT\",\"@id\":\"https:\\\/\\\/revolutionpadelstore.com\\\/it\\\/#\\\/schema\\\/logo\\\/image\\\/\",\"url\":\"https:\\\/\\\/revolutionpadelstore.com\\\/wp-content\\\/uploads\\\/2026\\\/02\\\/revolution-padel-store.jpg\",\"contentUrl\":\"https:\\\/\\\/revolutionpadelstore.com\\\/wp-content\\\/uploads\\\/2026\\\/02\\\/revolution-padel-store.jpg\",\"width\":2000,\"height\":2000,\"caption\":\"Revolution Padel Store\"},\"image\":{\"@id\":\"https:\\\/\\\/revolutionpadelstore.com\\\/it\\\/#\\\/schema\\\/logo\\\/image\\\/\"},\"sameAs\":[\"https:\\\/\\\/www.instagram.com\\\/revolutionpadelstore\\\/\"]}]}<\/script>\n<!-- \/ Yoast SEO plugin. -->","yoast_head_json":{"title":"BULLPADEL ELITE W 25 - Revolution Padel Store","description":"Elite una pala m\u00e1s liviana, dise\u00f1ada especialmente para las jugadoras m\u00e1s exigentes. Con un peso reducido y un formato h\u00edbrido, ofrece un manejo \u00e1gil permiti\u00e9ndote jugar con confianza e impactar con estilo, ya sea dominando desde la l\u00ednea de fondo o arrasando en la red.Dise\u00f1ada para ofrecer un rendimiento excepcional, proporciona el equilibrio perfecto entre potencia, control y maniobrabilidad, capacit\u00e1ndote para desatar todo tu potencial con cada golpe. Porque cuando el estilo se encuentra con el juego, \u00bfpor qu\u00e9 conformarse con algo menos que extraordinario? Descubre las tecnolog\u00edas de Elite y todo lo que puede ofrecerte para perfeccionar tu t\u00e9cnica y destacar en cada punto.","robots":{"index":"index","follow":"follow","max-snippet":"max-snippet:-1","max-image-preview":"max-image-preview:large","max-video-preview":"max-video-preview:-1"},"canonical":"https:\/\/revolutionpadelstore.com\/it\/prodotto\/bullpadel-elite-w-25-4\/","og_locale":"it_IT","og_type":"article","og_title":"BULLPADEL ELITE W 25 - Revolution Padel Store","og_description":"Elite una pala m\u00e1s liviana, dise\u00f1ada especialmente para las jugadoras m\u00e1s exigentes. Con un peso reducido y un formato h\u00edbrido, ofrece un manejo \u00e1gil permiti\u00e9ndote jugar con confianza e impactar con estilo, ya sea dominando desde la l\u00ednea de fondo o arrasando en la red.Dise\u00f1ada para ofrecer un rendimiento excepcional, proporciona el equilibrio perfecto entre potencia, control y maniobrabilidad, capacit\u00e1ndote para desatar todo tu potencial con cada golpe. Porque cuando el estilo se encuentra con el juego, \u00bfpor qu\u00e9 conformarse con algo menos que extraordinario? Descubre las tecnolog\u00edas de Elite y todo lo que puede ofrecerte para perfeccionar tu t\u00e9cnica y destacar en cada punto.","og_url":"https:\/\/revolutionpadelstore.com\/it\/prodotto\/bullpadel-elite-w-25-4\/","og_site_name":"Revolution Padel Store","article_modified_time":"2026-04-21T00:02:37+00:00","og_image":[{"width":1500,"height":1500,"url":"https:\/\/revolutionpadelstore.com\/wp-content\/uploads\/2024\/09\/113751_pala_bullpadel_elite_w_25_448124_mujer_1500x1500_1_904c.webp","type":"image\/webp"}],"twitter_card":"summary_large_image","twitter_misc":{"Tempo di lettura stimato":"3 minuti"},"schema":{"@context":"https:\/\/schema.org","@graph":[{"@type":"WebPage","@id":"https:\/\/revolutionpadelstore.com\/it\/prodotto\/bullpadel-elite-w-25-4\/","url":"https:\/\/revolutionpadelstore.com\/it\/prodotto\/bullpadel-elite-w-25-4\/","name":"BULLPADEL ELITE W 25 - Revolution Padel Store","isPartOf":{"@id":"https:\/\/revolutionpadelstore.com\/it\/#website"},"primaryImageOfPage":{"@id":"https:\/\/revolutionpadelstore.com\/it\/prodotto\/bullpadel-elite-w-25-4\/#primaryimage"},"image":{"@id":"https:\/\/revolutionpadelstore.com\/it\/prodotto\/bullpadel-elite-w-25-4\/#primaryimage"},"thumbnailUrl":"https:\/\/revolutionpadelstore.com\/wp-content\/uploads\/2024\/09\/113751_pala_bullpadel_elite_w_25_448124_mujer_1500x1500_1_904c.webp","datePublished":"2024-09-05T22:38:02+00:00","dateModified":"2026-04-21T00:02:37+00:00","description":"Elite una pala m\u00e1s liviana, dise\u00f1ada especialmente para las jugadoras m\u00e1s exigentes. Con un peso reducido y un formato h\u00edbrido, ofrece un manejo \u00e1gil permiti\u00e9ndote jugar con confianza e impactar con estilo, ya sea dominando desde la l\u00ednea de fondo o arrasando en la red.Dise\u00f1ada para ofrecer un rendimiento excepcional, proporciona el equilibrio perfecto entre potencia, control y maniobrabilidad, capacit\u00e1ndote para desatar todo tu potencial con cada golpe. Porque cuando el estilo se encuentra con el juego, \u00bfpor qu\u00e9 conformarse con algo menos que extraordinario? Descubre las tecnolog\u00edas de Elite y todo lo que puede ofrecerte para perfeccionar tu t\u00e9cnica y destacar en cada punto.","breadcrumb":{"@id":"https:\/\/revolutionpadelstore.com\/it\/prodotto\/bullpadel-elite-w-25-4\/#breadcrumb"},"inLanguage":"it-IT","potentialAction":[{"@type":"ReadAction","target":["https:\/\/revolutionpadelstore.com\/it\/prodotto\/bullpadel-elite-w-25-4\/"]}]},{"@type":"ImageObject","inLanguage":"it-IT","@id":"https:\/\/revolutionpadelstore.com\/it\/prodotto\/bullpadel-elite-w-25-4\/#primaryimage","url":"https:\/\/revolutionpadelstore.com\/wp-content\/uploads\/2024\/09\/113751_pala_bullpadel_elite_w_25_448124_mujer_1500x1500_1_904c.webp","contentUrl":"https:\/\/revolutionpadelstore.com\/wp-content\/uploads\/2024\/09\/113751_pala_bullpadel_elite_w_25_448124_mujer_1500x1500_1_904c.webp","width":1500,"height":1500},{"@type":"BreadcrumbList","@id":"https:\/\/revolutionpadelstore.com\/it\/prodotto\/bullpadel-elite-w-25-4\/#breadcrumb","itemListElement":[{"@type":"ListItem","position":1,"name":"Portada","item":"https:\/\/revolutionpadelstore.com\/it\/"},{"@type":"ListItem","position":2,"name":"Tienda","item":"https:\/\/revolutionpadelstore.com\/it\/tienda\/"},{"@type":"ListItem","position":3,"name":"BULLPADEL ELITE W 25"}]},{"@type":"WebSite","@id":"https:\/\/revolutionpadelstore.com\/it\/#website","url":"https:\/\/revolutionpadelstore.com\/it\/","name":"Revolution Padel Store","description":"","publisher":{"@id":"https:\/\/revolutionpadelstore.com\/it\/#organization"},"potentialAction":[{"@type":"SearchAction","target":{"@type":"EntryPoint","urlTemplate":"https:\/\/revolutionpadelstore.com\/it\/?s={search_term_string}"},"query-input":{"@type":"PropertyValueSpecification","valueRequired":true,"valueName":"search_term_string"}}],"inLanguage":"it-IT"},{"@type":"Organization","@id":"https:\/\/revolutionpadelstore.com\/it\/#organization","name":"Revolution Padel Store","url":"https:\/\/revolutionpadelstore.com\/it\/","logo":{"@type":"ImageObject","inLanguage":"it-IT","@id":"https:\/\/revolutionpadelstore.com\/it\/#\/schema\/logo\/image\/","url":"https:\/\/revolutionpadelstore.com\/wp-content\/uploads\/2026\/02\/revolution-padel-store.jpg","contentUrl":"https:\/\/revolutionpadelstore.com\/wp-content\/uploads\/2026\/02\/revolution-padel-store.jpg","width":2000,"height":2000,"caption":"Revolution Padel Store"},"image":{"@id":"https:\/\/revolutionpadelstore.com\/it\/#\/schema\/logo\/image\/"},"sameAs":["https:\/\/www.instagram.com\/revolutionpadelstore\/"]}]}},"_links":{"self":[{"href":"https:\/\/revolutionpadelstore.com\/it\/wp-json\/wp\/v2\/product\/72850","targetHints":{"allow":["GET"]}}],"collection":[{"href":"https:\/\/revolutionpadelstore.com\/it\/wp-json\/wp\/v2\/product"}],"about":[{"href":"https:\/\/revolutionpadelstore.com\/it\/wp-json\/wp\/v2\/types\/product"}],"replies":[{"embeddable":true,"href":"https:\/\/revolutionpadelstore.com\/it\/wp-json\/wp\/v2\/comments?post=72850"}],"wp:featuredmedia":[{"embeddable":true,"href":"https:\/\/revolutionpadelstore.com\/it\/wp-json\/wp\/v2\/media\/99942"}],"wp:attachment":[{"href":"https:\/\/revolutionpadelstore.com\/it\/wp-json\/wp\/v2\/media?parent=72850"}],"wp:term":[{"taxonomy":"acabado","embeddable":true,"href":"https:\/\/revolutionpadelstore.com\/it\/wp-json\/wp\/v2\/acabado?post=72850"},{"taxonomy":"balance","embeddable":true,"href":"https:\/\/revolutionpadelstore.com\/it\/wp-json\/wp\/v2\/balance?post=72850"},{"taxonomy":"dureza","embeddable":true,"href":"https:\/\/revolutionpadelstore.com\/it\/wp-json\/wp\/v2\/dureza?post=72850"},{"taxonomy":"forma","embeddable":true,"href":"https:\/\/revolutionpadelstore.com\/it\/wp-json\/wp\/v2\/forma?post=72850"},{"taxonomy":"jugador","embeddable":true,"href":"https:\/\/revolutionpadelstore.com\/it\/wp-json\/wp\/v2\/jugador?post=72850"},{"taxonomy":"marca","embeddable":true,"href":"https:\/\/revolutionpadelstore.com\/it\/wp-json\/wp\/v2\/marca?post=72850"},{"taxonomy":"nivel-de-juego","embeddable":true,"href":"https:\/\/revolutionpadelstore.com\/it\/wp-json\/wp\/v2\/nivel-de-juego?post=72850"},{"taxonomy":"superficie","embeddable":true,"href":"https:\/\/revolutionpadelstore.com\/it\/wp-json\/wp\/v2\/superficie?post=72850"},{"taxonomy":"tipo-de-juego","embeddable":true,"href":"https:\/\/revolutionpadelstore.com\/it\/wp-json\/wp\/v2\/tipo-de-juego?post=72850"},{"taxonomy":"product_brand","embeddable":true,"href":"https:\/\/revolutionpadelstore.com\/it\/wp-json\/wp\/v2\/product_brand?post=72850"},{"taxonomy":"product_cat","embeddable":true,"href":"https:\/\/revolutionpadelstore.com\/it\/wp-json\/wp\/v2\/product_cat?post=72850"},{"taxonomy":"product_tag","embeddable":true,"href":"https:\/\/revolutionpadelstore.com\/it\/wp-json\/wp\/v2\/product_tag?post=72850"}],"curies":[{"name":"wp","href":"https:\/\/api.w.org\/{rel}","templated":true}]}}