{"id":72835,"date":"2024-09-08T18:18:51","date_gmt":"2024-09-08T16:18:51","guid":{"rendered":"https:\/\/revolutionpadelstore.com\/bullpadel-hack-04-hybrid-25\/"},"modified":"2026-04-08T10:42:23","modified_gmt":"2026-04-08T08:42:23","slug":"bullpadel-hack-04-hybrid-25-4","status":"publish","type":"product","link":"https:\/\/revolutionpadelstore.com\/it\/prodotto\/bullpadel-hack-04-hybrid-25-4\/","title":{"rendered":"BULLPADEL HACK 04 HYBRID 25"},"content":{"rendered":"<p>La gamma Hack, con una storia di 10 anni di sviluppo, ha lasciato un segno indelebile nella storia delle piste. Leader nelle vendite e portatore di un approccio rivoluzionario, Hack \u00e8 sempre stato un portabandiera della potenza pura. Ora ridefinisci la tua esperienza di gioco, per un nuovo concetto. La potenza dinamica.<br \/>\nLa ricerca incessante della perfezione \u00e8 il motore che muove tutti gli atleti. Nel nostro desiderio di rendere il gioco pi\u00f9 facile per i nostri giocatori, evolviamo i nostri prodotti in base alle loro esigenze, tenendo conto dell&#8217;evoluzione del gioco che i nostri giocatori professionisti ci trasmettono.<br \/>\nEcco perch\u00e9 la linea Hack 04 unisce le loro preziose opinioni, per raggiungere l&#8217;eccellenza con le sue nuove tecnologie.<\/p>\n<p><strong>Totale, canale<\/strong><br \/>\nL&#8217;HACK 04 Hybrid risiede nella capacit\u00e0 di massimizzare la velocit\u00e0 generata dal movimento del giocatore, trasformando l&#8217;energia cinetica in contrattacchi potenti e precisi.<br \/>\nL&#8217;aerodinamica dell&#8217;HACK 04 \u00e8 stata meticolosamente perfezionata per ottimizzare la velocit\u00e0 di swing con l&#8217;introduzione di un canale attorno al suo intero formato ibrido.<br \/>\nIl tuo obiettivo?<br \/>\n\u2022    Ridurre il pi\u00f9 possibile la resistenza dell&#8217;aria, collegando insieme il sistema Air React Channel.<br \/>\n\u2022    Migliora la stabilit\u00e0 torsionale e fornisce maggiore rigidit\u00e0 al telaio, ottimizzando cos\u00ec il trasferimento di energia ad ogni colpo.<br \/>\nCon l&#8217;HACK 04 Hybrid, sentirai come la tua velocit\u00e0 si traduce in potenti contrattacchi, perfetti per destabilizzare i tuoi avversari e prendere il controllo del gioco.<\/p>\n<p><strong>Tricore<\/strong><br \/>\nIl nuovo cuore TRICORE aumenta lo spessore dei suoi vettori per ridurre le vibrazioni e migliorare stabilit\u00e0 e potenza. Oltretutto. Adesso l&#8217;AIR REACT CHANNEL passa completamente attraverso il cuore! Il flusso d&#8217;aria \u00e8 pi\u00f9 veloce, senza turbolenze, il che migliora la gestibilit\u00e0 e l&#8217;ACCELERAZIONE, consentendo movimenti pi\u00f9 rapidi aumentando la velocit\u00e0 ad ogni corsa.<\/p>\n<p><strong>Canale Air React<\/strong><br \/>\nL&#8217;aerodinamica \u00e8 accentuata nel mondo del padel con questa Hack 04 Hybrid. Per completare il profilo che attraversa l&#8217;intero telaio della racchetta, l&#8217;Hack 04 aggiunge la tecnologia Air React Channel. Il primo canale d&#8217;aria sviluppato nel mondo del paddle tennis, diventando un riferimento di design nel settore.<br \/>\nQuesta tecnologia riduce la resistenza dell&#8217;aria nella zona del cuore della racchetta e rende la racchetta pi\u00f9 agile e leggera, consentendo una maggiore velocit\u00e0 di accelerazione e un&#8217;esecuzione pi\u00f9 rapida ed efficace in ogni colpo.<br \/>\nInoltre, l&#8217;Air React Channel non solo migliora l&#8217;aerodinamica della racchetta, ma rafforza anche la sua integrit\u00e0 strutturale grazie ai suoi quattro bracci nel cuore, ottimizza il ritorno di energia, aumenta la velocit\u00e0 di uscita della palla e aumenta la reattivit\u00e0 del tuo gioco .<\/p>\n<p><strong>Semplicit\u00e0 di vibrazione<\/strong><br \/>\nGli Ease Vibe sono ammortizzatori all&#8217;avanguardia, progettati per ottimizzare le tue prestazioni sul campo da padel. Integrate in quattro fori strategici nella lama, le Ease Vibe sono state sottoposte a studi rigorosi da parte dell&#8217;Universit\u00e0 Politecnica di Madrid, dimostrando la loro capacit\u00e0 di assorbire fino al 49% delle vibrazioni prodotte quando si colpisce la palla.<br \/>\nGrazie alla geometria riprogettata a forma di molla, questi ammortizzatori non solo migliorano l&#8217;assorbimento delle vibrazioni, ma aumentano anche le prestazioni complessive. Questa forma innovativa consente una personalizzazione unica della sensazione e dell&#8217;equilibrio della racchetta, dandoti la flessibilit\u00e0 di adattare il tuo gioco in base alle tue esigenze. Che tu stia cercando maggiore controllo o potenza, Ease Vibe ti consente di adattare la tua racchetta per massimizzare ogni colpo e garantire un&#8217;esperienza di gioco pi\u00f9 confortevole ed efficace.<\/p>\n<p><strong>Peso personalizzato<\/strong><br \/>\nIl sistema di zavorra CustomWeight \u00e8 costituito da piastre rifinite in gel con un peso di 3 g per unit\u00e0, che forniscono peso extra nelle aree specifiche in cui sono posizionate. In questo modo riusciamo a modificare l&#8217;equilibrio della racchetta a seconda delle esigenze di ciascun giocatore.<br \/>\nLa struttura HACK 04 Hybrid \u00e8 progettata per il posizionamento di un totale di 5 pesi. 4 sulla parte superiore della lama e un altro sulla parte del cappuccio con un peso di 5 g o 10 g. Con tutto ci\u00f2, possiamo creare specifiche diverse fino a 22 g in pi\u00f9 e un cambio di bilanciamento di +-1 cm.<\/p>\n<p><strong>SmartHole<\/strong><br \/>\nLa distribuzione dei fori in una racchetta da paddle gioca un ruolo importante nelle prestazioni, influenzando fattori come il controllo, la portata della palla o la potenza. Il nuovo schema dei fori della linea Hack 04 \u00e8 stato ridisegnato con un formato di cerchi concentrici che consente una distribuzione pi\u00f9 equilibrata, una maggiore flessibilit\u00e0 sulla faccia della racchetta e con essa una maggiore uscita della palla e uno sweet spot pi\u00f9 ampio.<\/p>\n<p><strong>Grana 3D<\/strong><br \/>\nIl Bullpadel HACK 04 Hybrid incorpora una nuova superficie ruvida 3D con cerchi concentrici, progettata per ottimizzare gli effetti. Nell&#8217;impatto con la palla, questa nuova ruvidit\u00e0 genera un maggiore attrito, garantendo un contatto pi\u00f9 lungo e preciso, che si traduce in effetti vincenti, sia nei tiri da fondo campo che in quelli sottili vicino alla rete.<\/p>\n<p><strong>Hesacore<\/strong><br \/>\nScopri il nuovo Hesacore e la sua formula rinnovata per aumentare la protezione del tuo gioco. Con il nuovo Hesacore, dimentica il fastidio al braccio e le vibrazioni indesiderate: il nostro avanzato elastomero antivibrante filtra e minimizza queste sensazioni, permettendoti di concentrarti sulla tua prestazione senza distrazioni.<br \/>\nIl suo design ergonomico a nido d&#8217;ape massimizza il contatto tra mano e pugno, consentendo alle dita di appoggiarsi sulle superfici concave. Ci\u00f2 riduce lo sforzo e il rischio di lesioni, fornendo allo stesso tempo una presa salda e confortevole. Con la nuova Hesacore mantieni sempre il pieno controllo della tua racchetta.<\/p>\n<p><strong>Vibradrive<\/strong><br \/>\nVibradrive \u00e8 caratterizzato dall&#8217;inserimento di un elastomero altamente elastico che frammenta l&#8217;impugnatura lungo il suo asse longitudinale. L&#8217;eccezionale elasticit\u00e0 del materiale utilizzato, insieme alla sua posizione strategica, rendono il vibradrive un elemento essenziale per assorbire le vibrazioni, soprattutto in situazioni di impatto decentrato.<\/p>\n<p><strong>TriCarbonio 18K<\/strong><br \/>\nL&#8217;Hack 04 Hybrid incorpora l&#8217;avanzata fibra di carbonio Tricarbon, sviluppata da Bullpadel. Questo materiale innovativo \u00e8 composto da filamenti di carbonio ultraleggeri e pi\u00f9 sottili da 18K, intrecciati in tre direzioni strategiche.<br \/>\nGrazie a questa struttura tridimensionale, Tricarbon non solo migliora la velocit\u00e0 di reazione del nucleo al momento dell&#8217;impatto, ma ottimizza anche il ritorno della lama dopo il colpo. Ci\u00f2 si traduce in un trasferimento di energia pi\u00f9 efficiente, consentendo ad ogni movimento di fluire con maggiore velocit\u00e0.<\/p>\n<p><strong>Multieva<\/strong><br \/>\nIl nucleo di questa racchetta da padel \u00e8 stato progettato con una struttura di tipo &#8220;sandwich&#8221;, composta da tre strati di EVA (Etilene-Vinil-Acetato) di diverse densit\u00e0, accuratamente adattati per ottimizzare le prestazioni in ogni situazione di gioco.<br \/>\n1. Strati esterni: i due strati esterni, realizzati con EVA a densit\u00e0 e rigidit\u00e0 pi\u00f9 elevate, sono progettati per massimizzare la potenza nei colpi pi\u00f9 esplosivi, offrendo una risposta rapida e potente quando si colpisce la palla.<br \/>\n2. Strato interno: lo strato interno, realizzato in EVA pi\u00f9 morbido e a densit\u00e0 inferiore, funge da nucleo ammortizzante, aumentando la tolleranza e il comfort sui colpi a bassa velocit\u00e0. Questa morbidezza interna non solo migliora la sensazione del colpo, ma aiuta anche a ridurre le vibrazioni, riducendo il rischio di lesioni e fornendo un maggiore controllo sui colpi pi\u00f9 delicati.<br \/>\nQuesta combinazione di materiali consente alla racchetta di adattarsi dinamicamente a diversi stili di gioco.<\/p>\n","protected":false},"excerpt":{"rendered":"<p>Vi presentiamo la nuova Bullpadel HACK 04 Hybrid, una racchetta progettata con l&#8217;innovativa tecnologia Total Channel e un triplo ponte nel cuore. Questo formato ibrido la rende l&#8217;opzione ideale per i giocatori che desiderano dominare il contropiede, combinando potenza dinamica e controllo. Con l&#8217;HACK 04 Hybrid, scatenerai una tempesta ad ogni movimento, sfruttando al massimo la sua reattivit\u00e0.<\/p>\n","protected":false},"featured_media":99960,"comment_status":"open","ping_status":"closed","template":"","meta":{"_acf_changed":false,"_joinchat":[]},"acabado":[1091],"balance":[1136,1141],"dureza":[1161],"forma":[1171],"jugador":[1201,1191],"marca":[1256],"nivel-de-juego":[1336,1346],"superficie":[1361],"tipo-de-juego":[1381,1376],"product_brand":[],"product_cat":[301],"product_tag":[],"class_list":{"0":"post-72835","1":"product","2":"type-product","3":"status-publish","4":"has-post-thumbnail","6":"acabado-relieve-3d-it","7":"balance-alto-it","8":"balance-medio-it","9":"dureza-dura-it","10":"forma-diamante-it","11":"jugador-multiuso","12":"jugador-uomo","13":"marca-bullpadel-it","14":"superficie-rugosa-it","15":"tipo-de-juego-attacca","16":"tipo-de-juego-potenza","17":"product_cat-palas-de-padel-it","19":"first","20":"instock","21":"sale","22":"taxable","23":"shipping-taxable","24":"purchasable","25":"product-type-simple"},"acf":[],"yoast_head":"<!-- This site is optimized with the Yoast SEO plugin v27.4 - https:\/\/yoast.com\/product\/yoast-seo-wordpress\/ -->\n<title>BULLPADEL HACK 04 HYBRID 25 - Revolution Padel Store<\/title>\n<meta name=\"description\" content=\"La gama Hack, con una trayectoria de 10 a\u00f1os de desarrollo, ha dejado una huella imborrable en la historia de las pistas. L\u00edder en ventas y portadora de un enfoque revolucionario, la Hack siempre fue un estandarte de la potencia bruta. Ahora redefine su experiencia de juego, por un nuevo concepto. La potencia din\u00e1mica.\" \/>\n<meta name=\"robots\" content=\"index, follow, max-snippet:-1, max-image-preview:large, max-video-preview:-1\" \/>\n<link rel=\"canonical\" href=\"https:\/\/revolutionpadelstore.com\/it\/prodotto\/bullpadel-hack-04-hybrid-25-4\/\" \/>\n<meta property=\"og:locale\" content=\"it_IT\" \/>\n<meta property=\"og:type\" content=\"article\" \/>\n<meta property=\"og:title\" content=\"BULLPADEL HACK 04 HYBRID 25 - Revolution Padel Store\" \/>\n<meta property=\"og:description\" content=\"La gama Hack, con una trayectoria de 10 a\u00f1os de desarrollo, ha dejado una huella imborrable en la historia de las pistas. L\u00edder en ventas y portadora de un enfoque revolucionario, la Hack siempre fue un estandarte de la potencia bruta. Ahora redefine su experiencia de juego, por un nuevo concepto. La potencia din\u00e1mica.\" \/>\n<meta property=\"og:url\" content=\"https:\/\/revolutionpadelstore.com\/it\/prodotto\/bullpadel-hack-04-hybrid-25-4\/\" \/>\n<meta property=\"og:site_name\" content=\"Revolution Padel Store\" \/>\n<meta property=\"article:modified_time\" content=\"2026-04-08T08:42:23+00:00\" \/>\n<meta property=\"og:image\" content=\"https:\/\/revolutionpadelstore.com\/wp-content\/uploads\/2024\/09\/113755_pala_bullpadel_hack_04_hybrid_25_448114_1500x1500_1_e39f.webp\" \/>\n\t<meta property=\"og:image:width\" content=\"1500\" \/>\n\t<meta property=\"og:image:height\" content=\"1500\" \/>\n\t<meta property=\"og:image:type\" content=\"image\/webp\" \/>\n<meta name=\"twitter:card\" content=\"summary_large_image\" \/>\n<meta name=\"twitter:label1\" content=\"Tempo di lettura stimato\" \/>\n\t<meta name=\"twitter:data1\" content=\"6 minuti\" \/>\n<script type=\"application\/ld+json\" class=\"yoast-schema-graph\">{\"@context\":\"https:\\\/\\\/schema.org\",\"@graph\":[{\"@type\":\"WebPage\",\"@id\":\"https:\\\/\\\/revolutionpadelstore.com\\\/it\\\/prodotto\\\/bullpadel-hack-04-hybrid-25-4\\\/\",\"url\":\"https:\\\/\\\/revolutionpadelstore.com\\\/it\\\/prodotto\\\/bullpadel-hack-04-hybrid-25-4\\\/\",\"name\":\"BULLPADEL HACK 04 HYBRID 25 - Revolution Padel Store\",\"isPartOf\":{\"@id\":\"https:\\\/\\\/revolutionpadelstore.com\\\/it\\\/#website\"},\"primaryImageOfPage\":{\"@id\":\"https:\\\/\\\/revolutionpadelstore.com\\\/it\\\/prodotto\\\/bullpadel-hack-04-hybrid-25-4\\\/#primaryimage\"},\"image\":{\"@id\":\"https:\\\/\\\/revolutionpadelstore.com\\\/it\\\/prodotto\\\/bullpadel-hack-04-hybrid-25-4\\\/#primaryimage\"},\"thumbnailUrl\":\"https:\\\/\\\/revolutionpadelstore.com\\\/wp-content\\\/uploads\\\/2024\\\/09\\\/113755_pala_bullpadel_hack_04_hybrid_25_448114_1500x1500_1_e39f.webp\",\"datePublished\":\"2024-09-08T16:18:51+00:00\",\"dateModified\":\"2026-04-08T08:42:23+00:00\",\"description\":\"La gama Hack, con una trayectoria de 10 a\u00f1os de desarrollo, ha dejado una huella imborrable en la historia de las pistas. L\u00edder en ventas y portadora de un enfoque revolucionario, la Hack siempre fue un estandarte de la potencia bruta. Ahora redefine su experiencia de juego, por un nuevo concepto. La potencia din\u00e1mica.\",\"breadcrumb\":{\"@id\":\"https:\\\/\\\/revolutionpadelstore.com\\\/it\\\/prodotto\\\/bullpadel-hack-04-hybrid-25-4\\\/#breadcrumb\"},\"inLanguage\":\"it-IT\",\"potentialAction\":[{\"@type\":\"ReadAction\",\"target\":[\"https:\\\/\\\/revolutionpadelstore.com\\\/it\\\/prodotto\\\/bullpadel-hack-04-hybrid-25-4\\\/\"]}]},{\"@type\":\"ImageObject\",\"inLanguage\":\"it-IT\",\"@id\":\"https:\\\/\\\/revolutionpadelstore.com\\\/it\\\/prodotto\\\/bullpadel-hack-04-hybrid-25-4\\\/#primaryimage\",\"url\":\"https:\\\/\\\/revolutionpadelstore.com\\\/wp-content\\\/uploads\\\/2024\\\/09\\\/113755_pala_bullpadel_hack_04_hybrid_25_448114_1500x1500_1_e39f.webp\",\"contentUrl\":\"https:\\\/\\\/revolutionpadelstore.com\\\/wp-content\\\/uploads\\\/2024\\\/09\\\/113755_pala_bullpadel_hack_04_hybrid_25_448114_1500x1500_1_e39f.webp\",\"width\":1500,\"height\":1500},{\"@type\":\"BreadcrumbList\",\"@id\":\"https:\\\/\\\/revolutionpadelstore.com\\\/it\\\/prodotto\\\/bullpadel-hack-04-hybrid-25-4\\\/#breadcrumb\",\"itemListElement\":[{\"@type\":\"ListItem\",\"position\":1,\"name\":\"Portada\",\"item\":\"https:\\\/\\\/revolutionpadelstore.com\\\/it\\\/\"},{\"@type\":\"ListItem\",\"position\":2,\"name\":\"Tienda\",\"item\":\"https:\\\/\\\/revolutionpadelstore.com\\\/it\\\/tienda\\\/\"},{\"@type\":\"ListItem\",\"position\":3,\"name\":\"BULLPADEL HACK 04 HYBRID 25\"}]},{\"@type\":\"WebSite\",\"@id\":\"https:\\\/\\\/revolutionpadelstore.com\\\/it\\\/#website\",\"url\":\"https:\\\/\\\/revolutionpadelstore.com\\\/it\\\/\",\"name\":\"Revolution Padel Store\",\"description\":\"\",\"publisher\":{\"@id\":\"https:\\\/\\\/revolutionpadelstore.com\\\/it\\\/#organization\"},\"potentialAction\":[{\"@type\":\"SearchAction\",\"target\":{\"@type\":\"EntryPoint\",\"urlTemplate\":\"https:\\\/\\\/revolutionpadelstore.com\\\/it\\\/?s={search_term_string}\"},\"query-input\":{\"@type\":\"PropertyValueSpecification\",\"valueRequired\":true,\"valueName\":\"search_term_string\"}}],\"inLanguage\":\"it-IT\"},{\"@type\":\"Organization\",\"@id\":\"https:\\\/\\\/revolutionpadelstore.com\\\/it\\\/#organization\",\"name\":\"Revolution Padel Store\",\"url\":\"https:\\\/\\\/revolutionpadelstore.com\\\/it\\\/\",\"logo\":{\"@type\":\"ImageObject\",\"inLanguage\":\"it-IT\",\"@id\":\"https:\\\/\\\/revolutionpadelstore.com\\\/it\\\/#\\\/schema\\\/logo\\\/image\\\/\",\"url\":\"https:\\\/\\\/revolutionpadelstore.com\\\/wp-content\\\/uploads\\\/2026\\\/02\\\/revolution-padel-store.jpg\",\"contentUrl\":\"https:\\\/\\\/revolutionpadelstore.com\\\/wp-content\\\/uploads\\\/2026\\\/02\\\/revolution-padel-store.jpg\",\"width\":2000,\"height\":2000,\"caption\":\"Revolution Padel Store\"},\"image\":{\"@id\":\"https:\\\/\\\/revolutionpadelstore.com\\\/it\\\/#\\\/schema\\\/logo\\\/image\\\/\"},\"sameAs\":[\"https:\\\/\\\/www.instagram.com\\\/revolutionpadelstore\\\/\"]}]}<\/script>\n<!-- \/ Yoast SEO plugin. -->","yoast_head_json":{"title":"BULLPADEL HACK 04 HYBRID 25 - Revolution Padel Store","description":"La gama Hack, con una trayectoria de 10 a\u00f1os de desarrollo, ha dejado una huella imborrable en la historia de las pistas. L\u00edder en ventas y portadora de un enfoque revolucionario, la Hack siempre fue un estandarte de la potencia bruta. Ahora redefine su experiencia de juego, por un nuevo concepto. La potencia din\u00e1mica.","robots":{"index":"index","follow":"follow","max-snippet":"max-snippet:-1","max-image-preview":"max-image-preview:large","max-video-preview":"max-video-preview:-1"},"canonical":"https:\/\/revolutionpadelstore.com\/it\/prodotto\/bullpadel-hack-04-hybrid-25-4\/","og_locale":"it_IT","og_type":"article","og_title":"BULLPADEL HACK 04 HYBRID 25 - Revolution Padel Store","og_description":"La gama Hack, con una trayectoria de 10 a\u00f1os de desarrollo, ha dejado una huella imborrable en la historia de las pistas. L\u00edder en ventas y portadora de un enfoque revolucionario, la Hack siempre fue un estandarte de la potencia bruta. Ahora redefine su experiencia de juego, por un nuevo concepto. La potencia din\u00e1mica.","og_url":"https:\/\/revolutionpadelstore.com\/it\/prodotto\/bullpadel-hack-04-hybrid-25-4\/","og_site_name":"Revolution Padel Store","article_modified_time":"2026-04-08T08:42:23+00:00","og_image":[{"width":1500,"height":1500,"url":"https:\/\/revolutionpadelstore.com\/wp-content\/uploads\/2024\/09\/113755_pala_bullpadel_hack_04_hybrid_25_448114_1500x1500_1_e39f.webp","type":"image\/webp"}],"twitter_card":"summary_large_image","twitter_misc":{"Tempo di lettura stimato":"6 minuti"},"schema":{"@context":"https:\/\/schema.org","@graph":[{"@type":"WebPage","@id":"https:\/\/revolutionpadelstore.com\/it\/prodotto\/bullpadel-hack-04-hybrid-25-4\/","url":"https:\/\/revolutionpadelstore.com\/it\/prodotto\/bullpadel-hack-04-hybrid-25-4\/","name":"BULLPADEL HACK 04 HYBRID 25 - Revolution Padel Store","isPartOf":{"@id":"https:\/\/revolutionpadelstore.com\/it\/#website"},"primaryImageOfPage":{"@id":"https:\/\/revolutionpadelstore.com\/it\/prodotto\/bullpadel-hack-04-hybrid-25-4\/#primaryimage"},"image":{"@id":"https:\/\/revolutionpadelstore.com\/it\/prodotto\/bullpadel-hack-04-hybrid-25-4\/#primaryimage"},"thumbnailUrl":"https:\/\/revolutionpadelstore.com\/wp-content\/uploads\/2024\/09\/113755_pala_bullpadel_hack_04_hybrid_25_448114_1500x1500_1_e39f.webp","datePublished":"2024-09-08T16:18:51+00:00","dateModified":"2026-04-08T08:42:23+00:00","description":"La gama Hack, con una trayectoria de 10 a\u00f1os de desarrollo, ha dejado una huella imborrable en la historia de las pistas. L\u00edder en ventas y portadora de un enfoque revolucionario, la Hack siempre fue un estandarte de la potencia bruta. Ahora redefine su experiencia de juego, por un nuevo concepto. La potencia din\u00e1mica.","breadcrumb":{"@id":"https:\/\/revolutionpadelstore.com\/it\/prodotto\/bullpadel-hack-04-hybrid-25-4\/#breadcrumb"},"inLanguage":"it-IT","potentialAction":[{"@type":"ReadAction","target":["https:\/\/revolutionpadelstore.com\/it\/prodotto\/bullpadel-hack-04-hybrid-25-4\/"]}]},{"@type":"ImageObject","inLanguage":"it-IT","@id":"https:\/\/revolutionpadelstore.com\/it\/prodotto\/bullpadel-hack-04-hybrid-25-4\/#primaryimage","url":"https:\/\/revolutionpadelstore.com\/wp-content\/uploads\/2024\/09\/113755_pala_bullpadel_hack_04_hybrid_25_448114_1500x1500_1_e39f.webp","contentUrl":"https:\/\/revolutionpadelstore.com\/wp-content\/uploads\/2024\/09\/113755_pala_bullpadel_hack_04_hybrid_25_448114_1500x1500_1_e39f.webp","width":1500,"height":1500},{"@type":"BreadcrumbList","@id":"https:\/\/revolutionpadelstore.com\/it\/prodotto\/bullpadel-hack-04-hybrid-25-4\/#breadcrumb","itemListElement":[{"@type":"ListItem","position":1,"name":"Portada","item":"https:\/\/revolutionpadelstore.com\/it\/"},{"@type":"ListItem","position":2,"name":"Tienda","item":"https:\/\/revolutionpadelstore.com\/it\/tienda\/"},{"@type":"ListItem","position":3,"name":"BULLPADEL HACK 04 HYBRID 25"}]},{"@type":"WebSite","@id":"https:\/\/revolutionpadelstore.com\/it\/#website","url":"https:\/\/revolutionpadelstore.com\/it\/","name":"Revolution Padel Store","description":"","publisher":{"@id":"https:\/\/revolutionpadelstore.com\/it\/#organization"},"potentialAction":[{"@type":"SearchAction","target":{"@type":"EntryPoint","urlTemplate":"https:\/\/revolutionpadelstore.com\/it\/?s={search_term_string}"},"query-input":{"@type":"PropertyValueSpecification","valueRequired":true,"valueName":"search_term_string"}}],"inLanguage":"it-IT"},{"@type":"Organization","@id":"https:\/\/revolutionpadelstore.com\/it\/#organization","name":"Revolution Padel Store","url":"https:\/\/revolutionpadelstore.com\/it\/","logo":{"@type":"ImageObject","inLanguage":"it-IT","@id":"https:\/\/revolutionpadelstore.com\/it\/#\/schema\/logo\/image\/","url":"https:\/\/revolutionpadelstore.com\/wp-content\/uploads\/2026\/02\/revolution-padel-store.jpg","contentUrl":"https:\/\/revolutionpadelstore.com\/wp-content\/uploads\/2026\/02\/revolution-padel-store.jpg","width":2000,"height":2000,"caption":"Revolution Padel Store"},"image":{"@id":"https:\/\/revolutionpadelstore.com\/it\/#\/schema\/logo\/image\/"},"sameAs":["https:\/\/www.instagram.com\/revolutionpadelstore\/"]}]}},"_links":{"self":[{"href":"https:\/\/revolutionpadelstore.com\/it\/wp-json\/wp\/v2\/product\/72835","targetHints":{"allow":["GET"]}}],"collection":[{"href":"https:\/\/revolutionpadelstore.com\/it\/wp-json\/wp\/v2\/product"}],"about":[{"href":"https:\/\/revolutionpadelstore.com\/it\/wp-json\/wp\/v2\/types\/product"}],"replies":[{"embeddable":true,"href":"https:\/\/revolutionpadelstore.com\/it\/wp-json\/wp\/v2\/comments?post=72835"}],"wp:featuredmedia":[{"embeddable":true,"href":"https:\/\/revolutionpadelstore.com\/it\/wp-json\/wp\/v2\/media\/99960"}],"wp:attachment":[{"href":"https:\/\/revolutionpadelstore.com\/it\/wp-json\/wp\/v2\/media?parent=72835"}],"wp:term":[{"taxonomy":"acabado","embeddable":true,"href":"https:\/\/revolutionpadelstore.com\/it\/wp-json\/wp\/v2\/acabado?post=72835"},{"taxonomy":"balance","embeddable":true,"href":"https:\/\/revolutionpadelstore.com\/it\/wp-json\/wp\/v2\/balance?post=72835"},{"taxonomy":"dureza","embeddable":true,"href":"https:\/\/revolutionpadelstore.com\/it\/wp-json\/wp\/v2\/dureza?post=72835"},{"taxonomy":"forma","embeddable":true,"href":"https:\/\/revolutionpadelstore.com\/it\/wp-json\/wp\/v2\/forma?post=72835"},{"taxonomy":"jugador","embeddable":true,"href":"https:\/\/revolutionpadelstore.com\/it\/wp-json\/wp\/v2\/jugador?post=72835"},{"taxonomy":"marca","embeddable":true,"href":"https:\/\/revolutionpadelstore.com\/it\/wp-json\/wp\/v2\/marca?post=72835"},{"taxonomy":"nivel-de-juego","embeddable":true,"href":"https:\/\/revolutionpadelstore.com\/it\/wp-json\/wp\/v2\/nivel-de-juego?post=72835"},{"taxonomy":"superficie","embeddable":true,"href":"https:\/\/revolutionpadelstore.com\/it\/wp-json\/wp\/v2\/superficie?post=72835"},{"taxonomy":"tipo-de-juego","embeddable":true,"href":"https:\/\/revolutionpadelstore.com\/it\/wp-json\/wp\/v2\/tipo-de-juego?post=72835"},{"taxonomy":"product_brand","embeddable":true,"href":"https:\/\/revolutionpadelstore.com\/it\/wp-json\/wp\/v2\/product_brand?post=72835"},{"taxonomy":"product_cat","embeddable":true,"href":"https:\/\/revolutionpadelstore.com\/it\/wp-json\/wp\/v2\/product_cat?post=72835"},{"taxonomy":"product_tag","embeddable":true,"href":"https:\/\/revolutionpadelstore.com\/it\/wp-json\/wp\/v2\/product_tag?post=72835"}],"curies":[{"name":"wp","href":"https:\/\/api.w.org\/{rel}","templated":true}]}}