{"id":72805,"date":"2024-09-16T08:19:19","date_gmt":"2024-09-16T06:19:19","guid":{"rendered":"https:\/\/revolutionpadelstore.com\/munequeras-wilson-bela-extra-wide-white\/"},"modified":"2026-04-08T10:39:06","modified_gmt":"2026-04-08T08:39:06","slug":"munequeras-wilson-bela-extra-wide-white-4","status":"publish","type":"product","link":"https:\/\/revolutionpadelstore.com\/it\/prodotto\/munequeras-wilson-bela-extra-wide-white-4\/","title":{"rendered":"MU\u00d1EQUERAS WILSON BELA EXTRA WIDE WHITE"},"content":{"rendered":"<p>Il braccialetto bianco extra largo Wilson Bela \u00e8 essenziale se vogliamo mantenere asciutto il sudore sulle braccia e sulla fronte. Elevata traspirabilit\u00e0 e un elevato livello di comfort. La firma di Belasteguin gli conferisce un tocco pi\u00f9 cool.<\/p>\n<p>Non solo ha la &#8220;W&#8221; e la firma di Bela ricamate con un diverso tocco di eleganza, ma \u00e8 realizzato con una combinazione di cotone, nylon e lucra che lo rende molto comodo da indossare e con un alto livello di traspirabilit\u00e0 anche in le giornate pi\u00f9 calde e le partite pi\u00f9 intense.<\/p>\n<p><strong>Che il sudore non sia un problema nel tuo gioco.<\/strong><\/p>\n","protected":false},"excerpt":{"rendered":"<p>Il braccialetto bianco extra largo Wilson Bela \u00e8 essenziale se vogliamo mantenere asciutto il sudore sulle braccia e sulla fronte. Elevata traspirabilit\u00e0 e un elevato livello di comfort.<\/p>\n","protected":false},"featured_media":71486,"comment_status":"open","ping_status":"closed","template":"","meta":{"_acf_changed":false,"_joinchat":[]},"acabado":[],"balance":[],"dureza":[],"forma":[],"jugador":[],"marca":[1266],"nivel-de-juego":[],"superficie":[],"tipo-de-juego":[],"product_brand":[],"product_cat":[560],"product_tag":[],"class_list":{"0":"post-72805","1":"product","2":"type-product","3":"status-publish","4":"has-post-thumbnail","6":"marca-wilson-it","7":"product_cat-accessori","9":"first","10":"outofstock","11":"sale","12":"taxable","13":"shipping-taxable","14":"purchasable","15":"product-type-simple"},"acf":[],"yoast_head":"<!-- This site is optimized with the Yoast SEO plugin v27.4 - https:\/\/yoast.com\/product\/yoast-seo-wordpress\/ -->\n<title>MU\u00d1EQUERAS WILSON BELA EXTRA WIDE WHITE - Revolution Padel Store<\/title>\n<meta name=\"description\" content=\"La mu\u00f1equera Wilson Bela extra-ancha color blanca es una imprescindible si queremos mantener el sudor de nuestros brazos y frente secos. Alta capacidad de transpiraci\u00f3n y un alto nivel de confort.\" \/>\n<meta name=\"robots\" content=\"index, follow, max-snippet:-1, max-image-preview:large, max-video-preview:-1\" \/>\n<link rel=\"canonical\" href=\"https:\/\/revolutionpadelstore.com\/it\/prodotto\/munequeras-wilson-bela-extra-wide-white-4\/\" \/>\n<meta property=\"og:locale\" content=\"it_IT\" \/>\n<meta property=\"og:type\" content=\"article\" \/>\n<meta property=\"og:title\" content=\"MU\u00d1EQUERAS WILSON BELA EXTRA WIDE WHITE - Revolution Padel Store\" \/>\n<meta property=\"og:description\" content=\"La mu\u00f1equera Wilson Bela extra-ancha color blanca es una imprescindible si queremos mantener el sudor de nuestros brazos y frente secos. Alta capacidad de transpiraci\u00f3n y un alto nivel de confort.\" \/>\n<meta property=\"og:url\" content=\"https:\/\/revolutionpadelstore.com\/it\/prodotto\/munequeras-wilson-bela-extra-wide-white-4\/\" \/>\n<meta property=\"og:site_name\" content=\"Revolution Padel Store\" \/>\n<meta property=\"article:modified_time\" content=\"2026-04-08T08:39:06+00:00\" \/>\n<meta property=\"og:image\" content=\"https:\/\/revolutionpadelstore.com\/wp-content\/uploads\/2024\/09\/munequeras-wilson-bela-extra-wide-white.webp\" \/>\n\t<meta property=\"og:image:width\" content=\"1100\" \/>\n\t<meta property=\"og:image:height\" content=\"1422\" \/>\n\t<meta property=\"og:image:type\" content=\"image\/webp\" \/>\n<meta name=\"twitter:card\" content=\"summary_large_image\" \/>\n<meta name=\"twitter:label1\" content=\"Tempo di lettura stimato\" \/>\n\t<meta name=\"twitter:data1\" content=\"1 minuto\" \/>\n<script type=\"application\/ld+json\" class=\"yoast-schema-graph\">{\"@context\":\"https:\\\/\\\/schema.org\",\"@graph\":[{\"@type\":\"WebPage\",\"@id\":\"https:\\\/\\\/revolutionpadelstore.com\\\/it\\\/prodotto\\\/munequeras-wilson-bela-extra-wide-white-4\\\/\",\"url\":\"https:\\\/\\\/revolutionpadelstore.com\\\/it\\\/prodotto\\\/munequeras-wilson-bela-extra-wide-white-4\\\/\",\"name\":\"MU\u00d1EQUERAS WILSON BELA EXTRA WIDE WHITE - Revolution Padel Store\",\"isPartOf\":{\"@id\":\"https:\\\/\\\/revolutionpadelstore.com\\\/it\\\/#website\"},\"primaryImageOfPage\":{\"@id\":\"https:\\\/\\\/revolutionpadelstore.com\\\/it\\\/prodotto\\\/munequeras-wilson-bela-extra-wide-white-4\\\/#primaryimage\"},\"image\":{\"@id\":\"https:\\\/\\\/revolutionpadelstore.com\\\/it\\\/prodotto\\\/munequeras-wilson-bela-extra-wide-white-4\\\/#primaryimage\"},\"thumbnailUrl\":\"https:\\\/\\\/revolutionpadelstore.com\\\/wp-content\\\/uploads\\\/2024\\\/09\\\/munequeras-wilson-bela-extra-wide-white.webp\",\"datePublished\":\"2024-09-16T06:19:19+00:00\",\"dateModified\":\"2026-04-08T08:39:06+00:00\",\"description\":\"La mu\u00f1equera Wilson Bela extra-ancha color blanca es una imprescindible si queremos mantener el sudor de nuestros brazos y frente secos. Alta capacidad de transpiraci\u00f3n y un alto nivel de confort.\",\"breadcrumb\":{\"@id\":\"https:\\\/\\\/revolutionpadelstore.com\\\/it\\\/prodotto\\\/munequeras-wilson-bela-extra-wide-white-4\\\/#breadcrumb\"},\"inLanguage\":\"it-IT\",\"potentialAction\":[{\"@type\":\"ReadAction\",\"target\":[\"https:\\\/\\\/revolutionpadelstore.com\\\/it\\\/prodotto\\\/munequeras-wilson-bela-extra-wide-white-4\\\/\"]}]},{\"@type\":\"ImageObject\",\"inLanguage\":\"it-IT\",\"@id\":\"https:\\\/\\\/revolutionpadelstore.com\\\/it\\\/prodotto\\\/munequeras-wilson-bela-extra-wide-white-4\\\/#primaryimage\",\"url\":\"https:\\\/\\\/revolutionpadelstore.com\\\/wp-content\\\/uploads\\\/2024\\\/09\\\/munequeras-wilson-bela-extra-wide-white.webp\",\"contentUrl\":\"https:\\\/\\\/revolutionpadelstore.com\\\/wp-content\\\/uploads\\\/2024\\\/09\\\/munequeras-wilson-bela-extra-wide-white.webp\",\"width\":1100,\"height\":1422},{\"@type\":\"BreadcrumbList\",\"@id\":\"https:\\\/\\\/revolutionpadelstore.com\\\/it\\\/prodotto\\\/munequeras-wilson-bela-extra-wide-white-4\\\/#breadcrumb\",\"itemListElement\":[{\"@type\":\"ListItem\",\"position\":1,\"name\":\"Portada\",\"item\":\"https:\\\/\\\/revolutionpadelstore.com\\\/it\\\/\"},{\"@type\":\"ListItem\",\"position\":2,\"name\":\"Tienda\",\"item\":\"https:\\\/\\\/revolutionpadelstore.com\\\/it\\\/tienda\\\/\"},{\"@type\":\"ListItem\",\"position\":3,\"name\":\"MU\u00d1EQUERAS WILSON BELA EXTRA WIDE WHITE\"}]},{\"@type\":\"WebSite\",\"@id\":\"https:\\\/\\\/revolutionpadelstore.com\\\/it\\\/#website\",\"url\":\"https:\\\/\\\/revolutionpadelstore.com\\\/it\\\/\",\"name\":\"Revolution Padel Store\",\"description\":\"\",\"publisher\":{\"@id\":\"https:\\\/\\\/revolutionpadelstore.com\\\/it\\\/#organization\"},\"potentialAction\":[{\"@type\":\"SearchAction\",\"target\":{\"@type\":\"EntryPoint\",\"urlTemplate\":\"https:\\\/\\\/revolutionpadelstore.com\\\/it\\\/?s={search_term_string}\"},\"query-input\":{\"@type\":\"PropertyValueSpecification\",\"valueRequired\":true,\"valueName\":\"search_term_string\"}}],\"inLanguage\":\"it-IT\"},{\"@type\":\"Organization\",\"@id\":\"https:\\\/\\\/revolutionpadelstore.com\\\/it\\\/#organization\",\"name\":\"Revolution Padel Store\",\"url\":\"https:\\\/\\\/revolutionpadelstore.com\\\/it\\\/\",\"logo\":{\"@type\":\"ImageObject\",\"inLanguage\":\"it-IT\",\"@id\":\"https:\\\/\\\/revolutionpadelstore.com\\\/it\\\/#\\\/schema\\\/logo\\\/image\\\/\",\"url\":\"https:\\\/\\\/revolutionpadelstore.com\\\/wp-content\\\/uploads\\\/2026\\\/02\\\/revolution-padel-store.jpg\",\"contentUrl\":\"https:\\\/\\\/revolutionpadelstore.com\\\/wp-content\\\/uploads\\\/2026\\\/02\\\/revolution-padel-store.jpg\",\"width\":2000,\"height\":2000,\"caption\":\"Revolution Padel Store\"},\"image\":{\"@id\":\"https:\\\/\\\/revolutionpadelstore.com\\\/it\\\/#\\\/schema\\\/logo\\\/image\\\/\"},\"sameAs\":[\"https:\\\/\\\/www.instagram.com\\\/revolutionpadelstore\\\/\"]}]}<\/script>\n<!-- \/ Yoast SEO plugin. -->","yoast_head_json":{"title":"MU\u00d1EQUERAS WILSON BELA EXTRA WIDE WHITE - Revolution Padel Store","description":"La mu\u00f1equera Wilson Bela extra-ancha color blanca es una imprescindible si queremos mantener el sudor de nuestros brazos y frente secos. Alta capacidad de transpiraci\u00f3n y un alto nivel de confort.","robots":{"index":"index","follow":"follow","max-snippet":"max-snippet:-1","max-image-preview":"max-image-preview:large","max-video-preview":"max-video-preview:-1"},"canonical":"https:\/\/revolutionpadelstore.com\/it\/prodotto\/munequeras-wilson-bela-extra-wide-white-4\/","og_locale":"it_IT","og_type":"article","og_title":"MU\u00d1EQUERAS WILSON BELA EXTRA WIDE WHITE - Revolution Padel Store","og_description":"La mu\u00f1equera Wilson Bela extra-ancha color blanca es una imprescindible si queremos mantener el sudor de nuestros brazos y frente secos. Alta capacidad de transpiraci\u00f3n y un alto nivel de confort.","og_url":"https:\/\/revolutionpadelstore.com\/it\/prodotto\/munequeras-wilson-bela-extra-wide-white-4\/","og_site_name":"Revolution Padel Store","article_modified_time":"2026-04-08T08:39:06+00:00","og_image":[{"width":1100,"height":1422,"url":"https:\/\/revolutionpadelstore.com\/wp-content\/uploads\/2024\/09\/munequeras-wilson-bela-extra-wide-white.webp","type":"image\/webp"}],"twitter_card":"summary_large_image","twitter_misc":{"Tempo di lettura stimato":"1 minuto"},"schema":{"@context":"https:\/\/schema.org","@graph":[{"@type":"WebPage","@id":"https:\/\/revolutionpadelstore.com\/it\/prodotto\/munequeras-wilson-bela-extra-wide-white-4\/","url":"https:\/\/revolutionpadelstore.com\/it\/prodotto\/munequeras-wilson-bela-extra-wide-white-4\/","name":"MU\u00d1EQUERAS WILSON BELA EXTRA WIDE WHITE - Revolution Padel Store","isPartOf":{"@id":"https:\/\/revolutionpadelstore.com\/it\/#website"},"primaryImageOfPage":{"@id":"https:\/\/revolutionpadelstore.com\/it\/prodotto\/munequeras-wilson-bela-extra-wide-white-4\/#primaryimage"},"image":{"@id":"https:\/\/revolutionpadelstore.com\/it\/prodotto\/munequeras-wilson-bela-extra-wide-white-4\/#primaryimage"},"thumbnailUrl":"https:\/\/revolutionpadelstore.com\/wp-content\/uploads\/2024\/09\/munequeras-wilson-bela-extra-wide-white.webp","datePublished":"2024-09-16T06:19:19+00:00","dateModified":"2026-04-08T08:39:06+00:00","description":"La mu\u00f1equera Wilson Bela extra-ancha color blanca es una imprescindible si queremos mantener el sudor de nuestros brazos y frente secos. Alta capacidad de transpiraci\u00f3n y un alto nivel de confort.","breadcrumb":{"@id":"https:\/\/revolutionpadelstore.com\/it\/prodotto\/munequeras-wilson-bela-extra-wide-white-4\/#breadcrumb"},"inLanguage":"it-IT","potentialAction":[{"@type":"ReadAction","target":["https:\/\/revolutionpadelstore.com\/it\/prodotto\/munequeras-wilson-bela-extra-wide-white-4\/"]}]},{"@type":"ImageObject","inLanguage":"it-IT","@id":"https:\/\/revolutionpadelstore.com\/it\/prodotto\/munequeras-wilson-bela-extra-wide-white-4\/#primaryimage","url":"https:\/\/revolutionpadelstore.com\/wp-content\/uploads\/2024\/09\/munequeras-wilson-bela-extra-wide-white.webp","contentUrl":"https:\/\/revolutionpadelstore.com\/wp-content\/uploads\/2024\/09\/munequeras-wilson-bela-extra-wide-white.webp","width":1100,"height":1422},{"@type":"BreadcrumbList","@id":"https:\/\/revolutionpadelstore.com\/it\/prodotto\/munequeras-wilson-bela-extra-wide-white-4\/#breadcrumb","itemListElement":[{"@type":"ListItem","position":1,"name":"Portada","item":"https:\/\/revolutionpadelstore.com\/it\/"},{"@type":"ListItem","position":2,"name":"Tienda","item":"https:\/\/revolutionpadelstore.com\/it\/tienda\/"},{"@type":"ListItem","position":3,"name":"MU\u00d1EQUERAS WILSON BELA EXTRA WIDE WHITE"}]},{"@type":"WebSite","@id":"https:\/\/revolutionpadelstore.com\/it\/#website","url":"https:\/\/revolutionpadelstore.com\/it\/","name":"Revolution Padel Store","description":"","publisher":{"@id":"https:\/\/revolutionpadelstore.com\/it\/#organization"},"potentialAction":[{"@type":"SearchAction","target":{"@type":"EntryPoint","urlTemplate":"https:\/\/revolutionpadelstore.com\/it\/?s={search_term_string}"},"query-input":{"@type":"PropertyValueSpecification","valueRequired":true,"valueName":"search_term_string"}}],"inLanguage":"it-IT"},{"@type":"Organization","@id":"https:\/\/revolutionpadelstore.com\/it\/#organization","name":"Revolution Padel Store","url":"https:\/\/revolutionpadelstore.com\/it\/","logo":{"@type":"ImageObject","inLanguage":"it-IT","@id":"https:\/\/revolutionpadelstore.com\/it\/#\/schema\/logo\/image\/","url":"https:\/\/revolutionpadelstore.com\/wp-content\/uploads\/2026\/02\/revolution-padel-store.jpg","contentUrl":"https:\/\/revolutionpadelstore.com\/wp-content\/uploads\/2026\/02\/revolution-padel-store.jpg","width":2000,"height":2000,"caption":"Revolution Padel Store"},"image":{"@id":"https:\/\/revolutionpadelstore.com\/it\/#\/schema\/logo\/image\/"},"sameAs":["https:\/\/www.instagram.com\/revolutionpadelstore\/"]}]}},"_links":{"self":[{"href":"https:\/\/revolutionpadelstore.com\/it\/wp-json\/wp\/v2\/product\/72805","targetHints":{"allow":["GET"]}}],"collection":[{"href":"https:\/\/revolutionpadelstore.com\/it\/wp-json\/wp\/v2\/product"}],"about":[{"href":"https:\/\/revolutionpadelstore.com\/it\/wp-json\/wp\/v2\/types\/product"}],"replies":[{"embeddable":true,"href":"https:\/\/revolutionpadelstore.com\/it\/wp-json\/wp\/v2\/comments?post=72805"}],"wp:featuredmedia":[{"embeddable":true,"href":"https:\/\/revolutionpadelstore.com\/it\/wp-json\/wp\/v2\/media\/71486"}],"wp:attachment":[{"href":"https:\/\/revolutionpadelstore.com\/it\/wp-json\/wp\/v2\/media?parent=72805"}],"wp:term":[{"taxonomy":"acabado","embeddable":true,"href":"https:\/\/revolutionpadelstore.com\/it\/wp-json\/wp\/v2\/acabado?post=72805"},{"taxonomy":"balance","embeddable":true,"href":"https:\/\/revolutionpadelstore.com\/it\/wp-json\/wp\/v2\/balance?post=72805"},{"taxonomy":"dureza","embeddable":true,"href":"https:\/\/revolutionpadelstore.com\/it\/wp-json\/wp\/v2\/dureza?post=72805"},{"taxonomy":"forma","embeddable":true,"href":"https:\/\/revolutionpadelstore.com\/it\/wp-json\/wp\/v2\/forma?post=72805"},{"taxonomy":"jugador","embeddable":true,"href":"https:\/\/revolutionpadelstore.com\/it\/wp-json\/wp\/v2\/jugador?post=72805"},{"taxonomy":"marca","embeddable":true,"href":"https:\/\/revolutionpadelstore.com\/it\/wp-json\/wp\/v2\/marca?post=72805"},{"taxonomy":"nivel-de-juego","embeddable":true,"href":"https:\/\/revolutionpadelstore.com\/it\/wp-json\/wp\/v2\/nivel-de-juego?post=72805"},{"taxonomy":"superficie","embeddable":true,"href":"https:\/\/revolutionpadelstore.com\/it\/wp-json\/wp\/v2\/superficie?post=72805"},{"taxonomy":"tipo-de-juego","embeddable":true,"href":"https:\/\/revolutionpadelstore.com\/it\/wp-json\/wp\/v2\/tipo-de-juego?post=72805"},{"taxonomy":"product_brand","embeddable":true,"href":"https:\/\/revolutionpadelstore.com\/it\/wp-json\/wp\/v2\/product_brand?post=72805"},{"taxonomy":"product_cat","embeddable":true,"href":"https:\/\/revolutionpadelstore.com\/it\/wp-json\/wp\/v2\/product_cat?post=72805"},{"taxonomy":"product_tag","embeddable":true,"href":"https:\/\/revolutionpadelstore.com\/it\/wp-json\/wp\/v2\/product_tag?post=72805"}],"curies":[{"name":"wp","href":"https:\/\/api.w.org\/{rel}","templated":true}]}}