{"id":72785,"date":"2024-09-25T08:40:22","date_gmt":"2024-09-25T06:40:22","guid":{"rendered":"https:\/\/revolutionpadelstore.com\/nox-at10-genius-attack-18k-alum-by-agustin-tapia-2025\/"},"modified":"2026-04-21T02:02:41","modified_gmt":"2026-04-21T00:02:41","slug":"nox-at10-genius-attack-18k-alum-by-agustin-tapia-2025-4","status":"publish","type":"product","link":"https:\/\/revolutionpadelstore.com\/it\/prodotto\/nox-at10-genius-attack-18k-alum-by-agustin-tapia-2025-4\/","title":{"rendered":"NOX AT10 GENIUS ATTACK 18K ALUM BY AGUSTIN TAPIA 2025"},"content":{"rendered":"<h2>Nox AT10 Genius Attack 18K Alum di Agustin Tapia 2025<\/h2>\n<p>La <strong>Nox AT10 Genius Attack 18K Alum By Agust\u00edn Tapia 2025<\/strong> \u00e8 una racchetta padel progettata per giocatori d&#8217;\u00e9lite, in collaborazione con il famoso giocatore <strong>Agust\u00edn Tapia<\/strong>. Questa racchetta fa parte dell&#8217;esclusiva <strong>Luxury Series 2025<\/strong>, che si distingue per la sua costruzione innovativa e il design elegante in nero, blu e bronzo. Con un formato <strong>diamond<\/strong> e superfici in carbonio Alum 18K, la racchetta \u00e8 progettata per offrire le massime prestazioni in ogni partita.<\/p>\n<h2>Nox AT10 Genius Attack 18K Alum 2025 per giocatori potenti professionisti<\/h2>\n<p>Il Nox AT10 Genius Attack 18K Alum \u00e8 ideale per i giocatori avanzati o professionisti che danno priorit\u00e0 alla potenza e alla precisione. Il formato diamante favorisce un tiro pi\u00f9 forte e aggressivo, il che lo rende perfetto per chi cerca di dominare il gioco dalla rete e concludere punti con forza. L&#8217;impugnatura estesa offre un controllo migliore, ideale per chi preferisce un&#8217;impugnatura pi\u00f9 lunga e comoda.<\/p>\n<h3><strong>Caratteristiche e tecnologie Nox AT10 Genius Attack 18K Alum 2025<\/strong><\/h3>\n<p style=\"padding-left: 40px\"><strong>-Formato Diamond<\/strong>, per aumentare la potenza nella rifinitura.<\/p>\n<p style=\"padding-left: 40px\"><strong>-18K Piani in carbonio allume<\/strong>, che forniscono un colpo solido e duraturo.<\/p>\n<p style=\"padding-left: 40px\"><strong>-Core<\/strong> MLD Black EVA, con <strong>distribuzione multistrato di diverse densit\u00e0<\/strong> per ottimizzare la resa della palla.<\/p>\n<p>Tecnologia <\/p>\n<p style=\"padding-left: 40px\">-EOS<em>Flap<\/em>, perforazioni che migliorano la <strong>gestibilit\u00e0<\/strong>.<\/p>\n<p style=\"padding-left: 40px\">-DCS (<em>Dynamic Composit Structure<\/em>), maggiore quantit\u00e0 di materiale per <strong>evitare rotture<\/strong> nelle aree esterne.<\/p>\n<p style=\"padding-left: 40px\"><em>-Smartstrap\u00ae<\/em>, <strong>cavo di sicurezza<\/strong> intercambiabile.<\/p>\n<p style=\"padding-left: 40px\"><em>-Oversize Grip<\/em>, <strong>impugnatura pi\u00f9 lunga di 10 mm<\/strong>.<\/p>\n<p style=\"padding-left: 40px\"><em>-Pulse System,<\/em> sistema che <strong> riduce le vibrazioni<\/strong> con inserti in gomma.<\/p>\n<p style=\"padding-left: 40px\"><em>-Esclusivo effetto,<\/em><strong> superficie ruvida<\/strong> per migliorare il controllo sulla palla.<\/p>\n<p>Se stai cercando una racchetta che combini tecnologia avanzata, potenza e design elegante, la Nox AT10 Genius Attack 18K Alum \u00e8 la scelta perfetta. Potenzia i tuoi colpi e gioca come un professionista.<\/p>\n<h2>Nox AT10 Genius Attack 18K Alum By Agustin Tapia 2025<\/h2>\n","protected":false},"excerpt":{"rendered":"<p>Il Nox AT10 Genius Attack 18K Alum combina potenza e controllo, ideale per i giocatori avanzati che cercano prestazioni ottimali. Con tecnologie avanzate e design esclusivo, si distingue in pista.<\/p>\n","protected":false},"featured_media":125342,"comment_status":"open","ping_status":"closed","template":"","meta":{"_acf_changed":false,"_joinchat":[]},"acabado":[1106],"balance":[1136],"dureza":[1161],"forma":[1171],"jugador":[1201,1191],"marca":[1261],"nivel-de-juego":[1336,1346],"superficie":[1361],"tipo-de-juego":[1381],"product_brand":[],"product_cat":[301],"product_tag":[],"class_list":{"0":"post-72785","1":"product","2":"type-product","3":"status-publish","4":"has-post-thumbnail","6":"acabado-rugoso-it","7":"balance-alto-it","8":"dureza-dura-it","9":"forma-diamante-it","10":"jugador-multiuso","11":"jugador-uomo","12":"marca-nox-it","13":"superficie-rugosa-it","14":"tipo-de-juego-attacca","15":"product_cat-palas-de-padel-it","17":"first","18":"instock","19":"sale","20":"taxable","21":"shipping-taxable","22":"purchasable","23":"product-type-simple"},"acf":[],"yoast_head":"<!-- This site is optimized with the Yoast SEO plugin v27.4 - https:\/\/yoast.com\/product\/yoast-seo-wordpress\/ -->\n<title>NOX AT10 GENIUS ATTACK 18K ALUM BY AGUSTIN TAPIA 2025 - Revolution Padel Store<\/title>\n<meta name=\"description\" content=\"La\u00a0Nox AT10 Genius Attack 18K Alum By Agust\u00edn Tapia 2025\u00a0es una pala de p\u00e1del dise\u00f1ada para jugadores de \u00e9lite, en colaboraci\u00f3n con el reconocido jugador\u00a0Agust\u00edn Tapia. Esta pala forma parte de la exclusiva\u00a0Luxury Series 2025, destacando por su innovadora construcci\u00f3n y elegante dise\u00f1o en negro, azul y bronce. Con un formato\u00a0diamante\u00a0y planos en carbono 18K Alum, la pala est\u00e1 dise\u00f1ada para ofrecer el m\u00e1ximo rendimiento en cada partido.\" \/>\n<meta name=\"robots\" content=\"index, follow, max-snippet:-1, max-image-preview:large, max-video-preview:-1\" \/>\n<link rel=\"canonical\" href=\"https:\/\/revolutionpadelstore.com\/it\/prodotto\/nox-at10-genius-attack-18k-alum-by-agustin-tapia-2025-4\/\" \/>\n<meta property=\"og:locale\" content=\"it_IT\" \/>\n<meta property=\"og:type\" content=\"article\" \/>\n<meta property=\"og:title\" content=\"NOX AT10 GENIUS ATTACK 18K ALUM BY AGUSTIN TAPIA 2025 - Revolution Padel Store\" \/>\n<meta property=\"og:description\" content=\"La\u00a0Nox AT10 Genius Attack 18K Alum By Agust\u00edn Tapia 2025\u00a0es una pala de p\u00e1del dise\u00f1ada para jugadores de \u00e9lite, en colaboraci\u00f3n con el reconocido jugador\u00a0Agust\u00edn Tapia. Esta pala forma parte de la exclusiva\u00a0Luxury Series 2025, destacando por su innovadora construcci\u00f3n y elegante dise\u00f1o en negro, azul y bronce. Con un formato\u00a0diamante\u00a0y planos en carbono 18K Alum, la pala est\u00e1 dise\u00f1ada para ofrecer el m\u00e1ximo rendimiento en cada partido.\" \/>\n<meta property=\"og:url\" content=\"https:\/\/revolutionpadelstore.com\/it\/prodotto\/nox-at10-genius-attack-18k-alum-by-agustin-tapia-2025-4\/\" \/>\n<meta property=\"og:site_name\" content=\"Revolution Padel Store\" \/>\n<meta property=\"article:modified_time\" content=\"2026-04-21T00:02:41+00:00\" \/>\n<meta property=\"og:image\" content=\"https:\/\/revolutionpadelstore.com\/wp-content\/uploads\/2024\/10\/113542_pala_nox_at10_genius_attack_18k_alum_by_agustin_tapia_pat10geniusat1825__2d50.webp\" \/>\n\t<meta property=\"og:image:width\" content=\"1500\" \/>\n\t<meta property=\"og:image:height\" content=\"1500\" \/>\n\t<meta property=\"og:image:type\" content=\"image\/webp\" \/>\n<meta name=\"twitter:card\" content=\"summary_large_image\" \/>\n<meta name=\"twitter:label1\" content=\"Tempo di lettura stimato\" \/>\n\t<meta name=\"twitter:data1\" content=\"2 minuti\" \/>\n<script type=\"application\/ld+json\" class=\"yoast-schema-graph\">{\"@context\":\"https:\\\/\\\/schema.org\",\"@graph\":[{\"@type\":\"WebPage\",\"@id\":\"https:\\\/\\\/revolutionpadelstore.com\\\/it\\\/prodotto\\\/nox-at10-genius-attack-18k-alum-by-agustin-tapia-2025-4\\\/\",\"url\":\"https:\\\/\\\/revolutionpadelstore.com\\\/it\\\/prodotto\\\/nox-at10-genius-attack-18k-alum-by-agustin-tapia-2025-4\\\/\",\"name\":\"NOX AT10 GENIUS ATTACK 18K ALUM BY AGUSTIN TAPIA 2025 - Revolution Padel Store\",\"isPartOf\":{\"@id\":\"https:\\\/\\\/revolutionpadelstore.com\\\/it\\\/#website\"},\"primaryImageOfPage\":{\"@id\":\"https:\\\/\\\/revolutionpadelstore.com\\\/it\\\/prodotto\\\/nox-at10-genius-attack-18k-alum-by-agustin-tapia-2025-4\\\/#primaryimage\"},\"image\":{\"@id\":\"https:\\\/\\\/revolutionpadelstore.com\\\/it\\\/prodotto\\\/nox-at10-genius-attack-18k-alum-by-agustin-tapia-2025-4\\\/#primaryimage\"},\"thumbnailUrl\":\"https:\\\/\\\/revolutionpadelstore.com\\\/wp-content\\\/uploads\\\/2024\\\/10\\\/113542_pala_nox_at10_genius_attack_18k_alum_by_agustin_tapia_pat10geniusat1825__2d50.webp\",\"datePublished\":\"2024-09-25T06:40:22+00:00\",\"dateModified\":\"2026-04-21T00:02:41+00:00\",\"description\":\"La\u00a0Nox AT10 Genius Attack 18K Alum By Agust\u00edn Tapia 2025\u00a0es una pala de p\u00e1del dise\u00f1ada para jugadores de \u00e9lite, en colaboraci\u00f3n con el reconocido jugador\u00a0Agust\u00edn Tapia. Esta pala forma parte de la exclusiva\u00a0Luxury Series 2025, destacando por su innovadora construcci\u00f3n y elegante dise\u00f1o en negro, azul y bronce. Con un formato\u00a0diamante\u00a0y planos en carbono 18K Alum, la pala est\u00e1 dise\u00f1ada para ofrecer el m\u00e1ximo rendimiento en cada partido.\",\"breadcrumb\":{\"@id\":\"https:\\\/\\\/revolutionpadelstore.com\\\/it\\\/prodotto\\\/nox-at10-genius-attack-18k-alum-by-agustin-tapia-2025-4\\\/#breadcrumb\"},\"inLanguage\":\"it-IT\",\"potentialAction\":[{\"@type\":\"ReadAction\",\"target\":[\"https:\\\/\\\/revolutionpadelstore.com\\\/it\\\/prodotto\\\/nox-at10-genius-attack-18k-alum-by-agustin-tapia-2025-4\\\/\"]}]},{\"@type\":\"ImageObject\",\"inLanguage\":\"it-IT\",\"@id\":\"https:\\\/\\\/revolutionpadelstore.com\\\/it\\\/prodotto\\\/nox-at10-genius-attack-18k-alum-by-agustin-tapia-2025-4\\\/#primaryimage\",\"url\":\"https:\\\/\\\/revolutionpadelstore.com\\\/wp-content\\\/uploads\\\/2024\\\/10\\\/113542_pala_nox_at10_genius_attack_18k_alum_by_agustin_tapia_pat10geniusat1825__2d50.webp\",\"contentUrl\":\"https:\\\/\\\/revolutionpadelstore.com\\\/wp-content\\\/uploads\\\/2024\\\/10\\\/113542_pala_nox_at10_genius_attack_18k_alum_by_agustin_tapia_pat10geniusat1825__2d50.webp\",\"width\":1500,\"height\":1500},{\"@type\":\"BreadcrumbList\",\"@id\":\"https:\\\/\\\/revolutionpadelstore.com\\\/it\\\/prodotto\\\/nox-at10-genius-attack-18k-alum-by-agustin-tapia-2025-4\\\/#breadcrumb\",\"itemListElement\":[{\"@type\":\"ListItem\",\"position\":1,\"name\":\"Portada\",\"item\":\"https:\\\/\\\/revolutionpadelstore.com\\\/it\\\/\"},{\"@type\":\"ListItem\",\"position\":2,\"name\":\"Tienda\",\"item\":\"https:\\\/\\\/revolutionpadelstore.com\\\/it\\\/tienda\\\/\"},{\"@type\":\"ListItem\",\"position\":3,\"name\":\"NOX AT10 GENIUS ATTACK 18K ALUM BY AGUSTIN TAPIA 2025\"}]},{\"@type\":\"WebSite\",\"@id\":\"https:\\\/\\\/revolutionpadelstore.com\\\/it\\\/#website\",\"url\":\"https:\\\/\\\/revolutionpadelstore.com\\\/it\\\/\",\"name\":\"Revolution Padel Store\",\"description\":\"\",\"publisher\":{\"@id\":\"https:\\\/\\\/revolutionpadelstore.com\\\/it\\\/#organization\"},\"potentialAction\":[{\"@type\":\"SearchAction\",\"target\":{\"@type\":\"EntryPoint\",\"urlTemplate\":\"https:\\\/\\\/revolutionpadelstore.com\\\/it\\\/?s={search_term_string}\"},\"query-input\":{\"@type\":\"PropertyValueSpecification\",\"valueRequired\":true,\"valueName\":\"search_term_string\"}}],\"inLanguage\":\"it-IT\"},{\"@type\":\"Organization\",\"@id\":\"https:\\\/\\\/revolutionpadelstore.com\\\/it\\\/#organization\",\"name\":\"Revolution Padel Store\",\"url\":\"https:\\\/\\\/revolutionpadelstore.com\\\/it\\\/\",\"logo\":{\"@type\":\"ImageObject\",\"inLanguage\":\"it-IT\",\"@id\":\"https:\\\/\\\/revolutionpadelstore.com\\\/it\\\/#\\\/schema\\\/logo\\\/image\\\/\",\"url\":\"https:\\\/\\\/revolutionpadelstore.com\\\/wp-content\\\/uploads\\\/2026\\\/02\\\/revolution-padel-store.jpg\",\"contentUrl\":\"https:\\\/\\\/revolutionpadelstore.com\\\/wp-content\\\/uploads\\\/2026\\\/02\\\/revolution-padel-store.jpg\",\"width\":2000,\"height\":2000,\"caption\":\"Revolution Padel Store\"},\"image\":{\"@id\":\"https:\\\/\\\/revolutionpadelstore.com\\\/it\\\/#\\\/schema\\\/logo\\\/image\\\/\"},\"sameAs\":[\"https:\\\/\\\/www.instagram.com\\\/revolutionpadelstore\\\/\"]}]}<\/script>\n<!-- \/ Yoast SEO plugin. -->","yoast_head_json":{"title":"NOX AT10 GENIUS ATTACK 18K ALUM BY AGUSTIN TAPIA 2025 - Revolution Padel Store","description":"La\u00a0Nox AT10 Genius Attack 18K Alum By Agust\u00edn Tapia 2025\u00a0es una pala de p\u00e1del dise\u00f1ada para jugadores de \u00e9lite, en colaboraci\u00f3n con el reconocido jugador\u00a0Agust\u00edn Tapia. Esta pala forma parte de la exclusiva\u00a0Luxury Series 2025, destacando por su innovadora construcci\u00f3n y elegante dise\u00f1o en negro, azul y bronce. Con un formato\u00a0diamante\u00a0y planos en carbono 18K Alum, la pala est\u00e1 dise\u00f1ada para ofrecer el m\u00e1ximo rendimiento en cada partido.","robots":{"index":"index","follow":"follow","max-snippet":"max-snippet:-1","max-image-preview":"max-image-preview:large","max-video-preview":"max-video-preview:-1"},"canonical":"https:\/\/revolutionpadelstore.com\/it\/prodotto\/nox-at10-genius-attack-18k-alum-by-agustin-tapia-2025-4\/","og_locale":"it_IT","og_type":"article","og_title":"NOX AT10 GENIUS ATTACK 18K ALUM BY AGUSTIN TAPIA 2025 - Revolution Padel Store","og_description":"La\u00a0Nox AT10 Genius Attack 18K Alum By Agust\u00edn Tapia 2025\u00a0es una pala de p\u00e1del dise\u00f1ada para jugadores de \u00e9lite, en colaboraci\u00f3n con el reconocido jugador\u00a0Agust\u00edn Tapia. Esta pala forma parte de la exclusiva\u00a0Luxury Series 2025, destacando por su innovadora construcci\u00f3n y elegante dise\u00f1o en negro, azul y bronce. Con un formato\u00a0diamante\u00a0y planos en carbono 18K Alum, la pala est\u00e1 dise\u00f1ada para ofrecer el m\u00e1ximo rendimiento en cada partido.","og_url":"https:\/\/revolutionpadelstore.com\/it\/prodotto\/nox-at10-genius-attack-18k-alum-by-agustin-tapia-2025-4\/","og_site_name":"Revolution Padel Store","article_modified_time":"2026-04-21T00:02:41+00:00","og_image":[{"width":1500,"height":1500,"url":"https:\/\/revolutionpadelstore.com\/wp-content\/uploads\/2024\/10\/113542_pala_nox_at10_genius_attack_18k_alum_by_agustin_tapia_pat10geniusat1825__2d50.webp","type":"image\/webp"}],"twitter_card":"summary_large_image","twitter_misc":{"Tempo di lettura stimato":"2 minuti"},"schema":{"@context":"https:\/\/schema.org","@graph":[{"@type":"WebPage","@id":"https:\/\/revolutionpadelstore.com\/it\/prodotto\/nox-at10-genius-attack-18k-alum-by-agustin-tapia-2025-4\/","url":"https:\/\/revolutionpadelstore.com\/it\/prodotto\/nox-at10-genius-attack-18k-alum-by-agustin-tapia-2025-4\/","name":"NOX AT10 GENIUS ATTACK 18K ALUM BY AGUSTIN TAPIA 2025 - Revolution Padel Store","isPartOf":{"@id":"https:\/\/revolutionpadelstore.com\/it\/#website"},"primaryImageOfPage":{"@id":"https:\/\/revolutionpadelstore.com\/it\/prodotto\/nox-at10-genius-attack-18k-alum-by-agustin-tapia-2025-4\/#primaryimage"},"image":{"@id":"https:\/\/revolutionpadelstore.com\/it\/prodotto\/nox-at10-genius-attack-18k-alum-by-agustin-tapia-2025-4\/#primaryimage"},"thumbnailUrl":"https:\/\/revolutionpadelstore.com\/wp-content\/uploads\/2024\/10\/113542_pala_nox_at10_genius_attack_18k_alum_by_agustin_tapia_pat10geniusat1825__2d50.webp","datePublished":"2024-09-25T06:40:22+00:00","dateModified":"2026-04-21T00:02:41+00:00","description":"La\u00a0Nox AT10 Genius Attack 18K Alum By Agust\u00edn Tapia 2025\u00a0es una pala de p\u00e1del dise\u00f1ada para jugadores de \u00e9lite, en colaboraci\u00f3n con el reconocido jugador\u00a0Agust\u00edn Tapia. Esta pala forma parte de la exclusiva\u00a0Luxury Series 2025, destacando por su innovadora construcci\u00f3n y elegante dise\u00f1o en negro, azul y bronce. Con un formato\u00a0diamante\u00a0y planos en carbono 18K Alum, la pala est\u00e1 dise\u00f1ada para ofrecer el m\u00e1ximo rendimiento en cada partido.","breadcrumb":{"@id":"https:\/\/revolutionpadelstore.com\/it\/prodotto\/nox-at10-genius-attack-18k-alum-by-agustin-tapia-2025-4\/#breadcrumb"},"inLanguage":"it-IT","potentialAction":[{"@type":"ReadAction","target":["https:\/\/revolutionpadelstore.com\/it\/prodotto\/nox-at10-genius-attack-18k-alum-by-agustin-tapia-2025-4\/"]}]},{"@type":"ImageObject","inLanguage":"it-IT","@id":"https:\/\/revolutionpadelstore.com\/it\/prodotto\/nox-at10-genius-attack-18k-alum-by-agustin-tapia-2025-4\/#primaryimage","url":"https:\/\/revolutionpadelstore.com\/wp-content\/uploads\/2024\/10\/113542_pala_nox_at10_genius_attack_18k_alum_by_agustin_tapia_pat10geniusat1825__2d50.webp","contentUrl":"https:\/\/revolutionpadelstore.com\/wp-content\/uploads\/2024\/10\/113542_pala_nox_at10_genius_attack_18k_alum_by_agustin_tapia_pat10geniusat1825__2d50.webp","width":1500,"height":1500},{"@type":"BreadcrumbList","@id":"https:\/\/revolutionpadelstore.com\/it\/prodotto\/nox-at10-genius-attack-18k-alum-by-agustin-tapia-2025-4\/#breadcrumb","itemListElement":[{"@type":"ListItem","position":1,"name":"Portada","item":"https:\/\/revolutionpadelstore.com\/it\/"},{"@type":"ListItem","position":2,"name":"Tienda","item":"https:\/\/revolutionpadelstore.com\/it\/tienda\/"},{"@type":"ListItem","position":3,"name":"NOX AT10 GENIUS ATTACK 18K ALUM BY AGUSTIN TAPIA 2025"}]},{"@type":"WebSite","@id":"https:\/\/revolutionpadelstore.com\/it\/#website","url":"https:\/\/revolutionpadelstore.com\/it\/","name":"Revolution Padel Store","description":"","publisher":{"@id":"https:\/\/revolutionpadelstore.com\/it\/#organization"},"potentialAction":[{"@type":"SearchAction","target":{"@type":"EntryPoint","urlTemplate":"https:\/\/revolutionpadelstore.com\/it\/?s={search_term_string}"},"query-input":{"@type":"PropertyValueSpecification","valueRequired":true,"valueName":"search_term_string"}}],"inLanguage":"it-IT"},{"@type":"Organization","@id":"https:\/\/revolutionpadelstore.com\/it\/#organization","name":"Revolution Padel Store","url":"https:\/\/revolutionpadelstore.com\/it\/","logo":{"@type":"ImageObject","inLanguage":"it-IT","@id":"https:\/\/revolutionpadelstore.com\/it\/#\/schema\/logo\/image\/","url":"https:\/\/revolutionpadelstore.com\/wp-content\/uploads\/2026\/02\/revolution-padel-store.jpg","contentUrl":"https:\/\/revolutionpadelstore.com\/wp-content\/uploads\/2026\/02\/revolution-padel-store.jpg","width":2000,"height":2000,"caption":"Revolution Padel Store"},"image":{"@id":"https:\/\/revolutionpadelstore.com\/it\/#\/schema\/logo\/image\/"},"sameAs":["https:\/\/www.instagram.com\/revolutionpadelstore\/"]}]}},"_links":{"self":[{"href":"https:\/\/revolutionpadelstore.com\/it\/wp-json\/wp\/v2\/product\/72785","targetHints":{"allow":["GET"]}}],"collection":[{"href":"https:\/\/revolutionpadelstore.com\/it\/wp-json\/wp\/v2\/product"}],"about":[{"href":"https:\/\/revolutionpadelstore.com\/it\/wp-json\/wp\/v2\/types\/product"}],"replies":[{"embeddable":true,"href":"https:\/\/revolutionpadelstore.com\/it\/wp-json\/wp\/v2\/comments?post=72785"}],"wp:featuredmedia":[{"embeddable":true,"href":"https:\/\/revolutionpadelstore.com\/it\/wp-json\/wp\/v2\/media\/125342"}],"wp:attachment":[{"href":"https:\/\/revolutionpadelstore.com\/it\/wp-json\/wp\/v2\/media?parent=72785"}],"wp:term":[{"taxonomy":"acabado","embeddable":true,"href":"https:\/\/revolutionpadelstore.com\/it\/wp-json\/wp\/v2\/acabado?post=72785"},{"taxonomy":"balance","embeddable":true,"href":"https:\/\/revolutionpadelstore.com\/it\/wp-json\/wp\/v2\/balance?post=72785"},{"taxonomy":"dureza","embeddable":true,"href":"https:\/\/revolutionpadelstore.com\/it\/wp-json\/wp\/v2\/dureza?post=72785"},{"taxonomy":"forma","embeddable":true,"href":"https:\/\/revolutionpadelstore.com\/it\/wp-json\/wp\/v2\/forma?post=72785"},{"taxonomy":"jugador","embeddable":true,"href":"https:\/\/revolutionpadelstore.com\/it\/wp-json\/wp\/v2\/jugador?post=72785"},{"taxonomy":"marca","embeddable":true,"href":"https:\/\/revolutionpadelstore.com\/it\/wp-json\/wp\/v2\/marca?post=72785"},{"taxonomy":"nivel-de-juego","embeddable":true,"href":"https:\/\/revolutionpadelstore.com\/it\/wp-json\/wp\/v2\/nivel-de-juego?post=72785"},{"taxonomy":"superficie","embeddable":true,"href":"https:\/\/revolutionpadelstore.com\/it\/wp-json\/wp\/v2\/superficie?post=72785"},{"taxonomy":"tipo-de-juego","embeddable":true,"href":"https:\/\/revolutionpadelstore.com\/it\/wp-json\/wp\/v2\/tipo-de-juego?post=72785"},{"taxonomy":"product_brand","embeddable":true,"href":"https:\/\/revolutionpadelstore.com\/it\/wp-json\/wp\/v2\/product_brand?post=72785"},{"taxonomy":"product_cat","embeddable":true,"href":"https:\/\/revolutionpadelstore.com\/it\/wp-json\/wp\/v2\/product_cat?post=72785"},{"taxonomy":"product_tag","embeddable":true,"href":"https:\/\/revolutionpadelstore.com\/it\/wp-json\/wp\/v2\/product_tag?post=72785"}],"curies":[{"name":"wp","href":"https:\/\/api.w.org\/{rel}","templated":true}]}}