{"id":72780,"date":"2024-09-25T08:50:42","date_gmt":"2024-09-25T06:50:42","guid":{"rendered":"https:\/\/revolutionpadelstore.com\/nox-at10-genius-12k-by-agustin-tapia-2025\/"},"modified":"2026-04-01T07:16:48","modified_gmt":"2026-04-01T05:16:48","slug":"nox-at10-genius-12k-by-agustin-tapia-2025-4","status":"publish","type":"product","link":"https:\/\/revolutionpadelstore.com\/it\/prodotto\/nox-at10-genius-12k-by-agustin-tapia-2025-4\/","title":{"rendered":"NOX AT10 GENIUS 12K BY AGUSTIN TAPIA 2025"},"content":{"rendered":"<h2>Nox AT10 Genius 12K di Agust\u00edn Tapia 2025, successi solidi<\/h2>\n<p>La <strong>racchetta da paddle Nox AT10 Genius 12K<\/strong> \u00e8 il modello ideato dal giocatore <strong>Agust\u00edn Tapia<\/strong> per questa stagione 2025. Si tratta di una racchetta a forma di lacrima &gt; con un equilibrio adeguato con la mira di aggiungere ulteriore velocit\u00e0 ai colpi difensivi.<\/p>\n<p>Con un peso che varia tra 360-375 grammi e il lembo EOS, ottieni una racchetta facilmente maneggevole, veloce e letale sul campo da gioco.<\/p>\n<h2>Pala AT10 Genius 12K Agust\u00edn Tapia, per professionisti<\/h2>\n<p>Progettato per quei <strong>giocatori di padel di livello avanzato<\/strong> che cercano solidit\u00e0 e rigidit\u00e0 nei colpi. \u00c8 una racchetta Nox da uomo ideale per chi cerca controllo e potenza eccezionali in ogni gioco.<\/p>\n<p>Fornisce velocit\u00e0 e permette di dare molto pi\u00f9 effetto alla palla.<\/p>\n<h2>Caratteristiche e tecnologie dell&#8217;AT10 Genius 12K 2025<\/h2>\n<p style=\"padding-left: 40px\">-12K Carbon Flats che riducono il peso della pala e aggiungono rigidit\u00e0<\/p>\n<p style=\"padding-left: 40px\"><em>-Spin esclusivo<\/em> con doppia rugosit\u00e0 per <strong>maggiore controllo e pi\u00f9 spin<\/strong><\/p>\n<p style=\"padding-left: 40px\">-Resistente telaio tubolare in carbonio<\/p>\n<p style=\"padding-left: 40px\">-MLD Nucleo multistrato in EVA nera, durezza medio-alta, per una <strong>sensazione di colpo pi\u00f9 solida<\/strong><\/p>\n<p style=\"padding-left: 40px\">-L&#8217;<em>EOS Flap<\/em> ottimizza la manovrabilit\u00e0 della racchetta ridistribuendo il peso in modo efficiente<\/p>\n<p style=\"padding-left: 40px\">-Maggiore presa con il <em>Grip personalizzato<\/em><\/p>\n<p style=\"padding-left: 40px\">-Vibrazioni ridotte e maggiore comfort grazie al <em>Pulse System<\/em><\/p>\n<p style=\"padding-left: 40px\"><em>-Struttura composita dinamica<\/em> che riduce al minimo la differenza di durezza tra il telaio e il quadrante<\/p>\n<p style=\"padding-left: 40px\">&#8211; Sistema <em>Smartstrap<\/em>, cavo di sicurezza sostituibile, pi\u00f9 sicuro e igienico<\/p>\n<p style=\"padding-left: 40px\">-Gamma di serie di lusso<\/em><\/p>\n<p style=\"padding-left: 40px\">-Forma a goccia e peso di 360-375 grammi.<\/p>\n<h3>Acquista subito la racchetta Nox AT10 Genius 12K By Agust\u00edn Tapia 2025 nel Revolution Padel Store<\/h3>\n<p>Goditi sensazioni incredibili in ogni partita o sessione di allenamento grazie alle magnifiche caratteristiche offerte dalla racchetta a goccia Nox AT10 Genius 12K By Agust\u00edn Tapia 2025 per giocatori avanzati.<\/strong><\/p>\n","protected":false},"excerpt":{"rendered":"<p>Nox AT10 Genius 12K By Agust\u00edn Tapia 2025, racchetta a forma di goccia con piani in carbonio 12K con finitura ruvida e nucleo in gomma EVA nera. Grande assorbimento delle vibrazioni per un colpo pi\u00f9 comodo e solido.<\/p>\n","protected":false},"featured_media":125330,"comment_status":"open","ping_status":"closed","template":"","meta":{"_acf_changed":false,"_joinchat":[]},"acabado":[1106,1096],"balance":[1141],"dureza":[1156],"forma":[1186],"jugador":[1201,1191],"marca":[1261],"nivel-de-juego":[1336],"superficie":[1361],"tipo-de-juego":[1386],"product_brand":[],"product_cat":[301],"product_tag":[],"class_list":{"0":"post-72780","1":"product","2":"type-product","3":"status-publish","4":"has-post-thumbnail","6":"acabado-rugoso-it","7":"acabado-sabbioso","8":"balance-medio-it","9":"dureza-media-it","10":"forma-lagrima-it","11":"jugador-multiuso","12":"jugador-uomo","13":"marca-nox-it","14":"superficie-rugosa-it","15":"tipo-de-juego-multiuso","16":"product_cat-palas-de-padel-it","18":"first","19":"instock","20":"sale","21":"taxable","22":"shipping-taxable","23":"purchasable","24":"product-type-simple"},"acf":[],"yoast_head":"<!-- This site is optimized with the Yoast SEO plugin v27.3 - https:\/\/yoast.com\/product\/yoast-seo-wordpress\/ -->\n<title>NOX AT10 GENIUS 12K BY AGUSTIN TAPIA 2025 - Revolution Padel Store<\/title>\n<meta name=\"description\" content=\"La\u00a0pala de p\u00e1del AT10 Genius 12K de Nox\u00a0es el modelo dise\u00f1ado por el jugador\u00a0Agust\u00edn Tapia\u00a0para esta temporada 2025. Es una pala con\u00a0forma de l\u00e1grima\u00a0con un balance ajustado con el objetivo de a\u00f1adir un extra de velocidad en los golpes defensivos.Con un peso que oscila entre los 360-375 gramos y el\u00a0EOS Flap\u00a0se consigue una pala f\u00e1cilmente manejable, r\u00e1pida y letal en el terreno de juego. Dise\u00f1ada para aquellos\u00a0jugadores de p\u00e1del de nivel avanzado\u00a0que buscan solidez y rigidez en el golpeo. Es una pala Nox para hombre ideal para los que buscan un control y potencia sobresalientes en cada jugada.\" \/>\n<meta name=\"robots\" content=\"index, follow, max-snippet:-1, max-image-preview:large, max-video-preview:-1\" \/>\n<link rel=\"canonical\" href=\"https:\/\/revolutionpadelstore.com\/it\/prodotto\/nox-at10-genius-12k-by-agustin-tapia-2025-4\/\" \/>\n<meta property=\"og:locale\" content=\"it_IT\" \/>\n<meta property=\"og:type\" content=\"article\" \/>\n<meta property=\"og:title\" content=\"NOX AT10 GENIUS 12K BY AGUSTIN TAPIA 2025 - Revolution Padel Store\" \/>\n<meta property=\"og:description\" content=\"La\u00a0pala de p\u00e1del AT10 Genius 12K de Nox\u00a0es el modelo dise\u00f1ado por el jugador\u00a0Agust\u00edn Tapia\u00a0para esta temporada 2025. Es una pala con\u00a0forma de l\u00e1grima\u00a0con un balance ajustado con el objetivo de a\u00f1adir un extra de velocidad en los golpes defensivos.Con un peso que oscila entre los 360-375 gramos y el\u00a0EOS Flap\u00a0se consigue una pala f\u00e1cilmente manejable, r\u00e1pida y letal en el terreno de juego. Dise\u00f1ada para aquellos\u00a0jugadores de p\u00e1del de nivel avanzado\u00a0que buscan solidez y rigidez en el golpeo. Es una pala Nox para hombre ideal para los que buscan un control y potencia sobresalientes en cada jugada.\" \/>\n<meta property=\"og:url\" content=\"https:\/\/revolutionpadelstore.com\/it\/prodotto\/nox-at10-genius-12k-by-agustin-tapia-2025-4\/\" \/>\n<meta property=\"og:site_name\" content=\"Revolution Padel Store\" \/>\n<meta property=\"article:modified_time\" content=\"2026-04-01T05:16:48+00:00\" \/>\n<meta property=\"og:image\" content=\"https:\/\/revolutionpadelstore.com\/wp-content\/uploads\/2024\/10\/113539_pala_nox_at10_genius_12k_by_agustin_tapia_pat10genius25_1500x1500_1_d12d.webp\" \/>\n\t<meta property=\"og:image:width\" content=\"1500\" \/>\n\t<meta property=\"og:image:height\" content=\"1500\" \/>\n\t<meta property=\"og:image:type\" content=\"image\/webp\" \/>\n<meta name=\"twitter:card\" content=\"summary_large_image\" \/>\n<meta name=\"twitter:label1\" content=\"Tempo di lettura stimato\" \/>\n\t<meta name=\"twitter:data1\" content=\"2 minuti\" \/>\n<script type=\"application\/ld+json\" class=\"yoast-schema-graph\">{\"@context\":\"https:\\\/\\\/schema.org\",\"@graph\":[{\"@type\":\"WebPage\",\"@id\":\"https:\\\/\\\/revolutionpadelstore.com\\\/it\\\/prodotto\\\/nox-at10-genius-12k-by-agustin-tapia-2025-4\\\/\",\"url\":\"https:\\\/\\\/revolutionpadelstore.com\\\/it\\\/prodotto\\\/nox-at10-genius-12k-by-agustin-tapia-2025-4\\\/\",\"name\":\"NOX AT10 GENIUS 12K BY AGUSTIN TAPIA 2025 - Revolution Padel Store\",\"isPartOf\":{\"@id\":\"https:\\\/\\\/revolutionpadelstore.com\\\/it\\\/#website\"},\"primaryImageOfPage\":{\"@id\":\"https:\\\/\\\/revolutionpadelstore.com\\\/it\\\/prodotto\\\/nox-at10-genius-12k-by-agustin-tapia-2025-4\\\/#primaryimage\"},\"image\":{\"@id\":\"https:\\\/\\\/revolutionpadelstore.com\\\/it\\\/prodotto\\\/nox-at10-genius-12k-by-agustin-tapia-2025-4\\\/#primaryimage\"},\"thumbnailUrl\":\"https:\\\/\\\/revolutionpadelstore.com\\\/wp-content\\\/uploads\\\/2024\\\/10\\\/113539_pala_nox_at10_genius_12k_by_agustin_tapia_pat10genius25_1500x1500_1_d12d.webp\",\"datePublished\":\"2024-09-25T06:50:42+00:00\",\"dateModified\":\"2026-04-01T05:16:48+00:00\",\"description\":\"La\u00a0pala de p\u00e1del AT10 Genius 12K de Nox\u00a0es el modelo dise\u00f1ado por el jugador\u00a0Agust\u00edn Tapia\u00a0para esta temporada 2025. Es una pala con\u00a0forma de l\u00e1grima\u00a0con un balance ajustado con el objetivo de a\u00f1adir un extra de velocidad en los golpes defensivos.Con un peso que oscila entre los 360-375 gramos y el\u00a0EOS Flap\u00a0se consigue una pala f\u00e1cilmente manejable, r\u00e1pida y letal en el terreno de juego. Dise\u00f1ada para aquellos\u00a0jugadores de p\u00e1del de nivel avanzado\u00a0que buscan solidez y rigidez en el golpeo. Es una pala Nox para hombre ideal para los que buscan un control y potencia sobresalientes en cada jugada.\",\"breadcrumb\":{\"@id\":\"https:\\\/\\\/revolutionpadelstore.com\\\/it\\\/prodotto\\\/nox-at10-genius-12k-by-agustin-tapia-2025-4\\\/#breadcrumb\"},\"inLanguage\":\"it-IT\",\"potentialAction\":[{\"@type\":\"ReadAction\",\"target\":[\"https:\\\/\\\/revolutionpadelstore.com\\\/it\\\/prodotto\\\/nox-at10-genius-12k-by-agustin-tapia-2025-4\\\/\"]}]},{\"@type\":\"ImageObject\",\"inLanguage\":\"it-IT\",\"@id\":\"https:\\\/\\\/revolutionpadelstore.com\\\/it\\\/prodotto\\\/nox-at10-genius-12k-by-agustin-tapia-2025-4\\\/#primaryimage\",\"url\":\"https:\\\/\\\/revolutionpadelstore.com\\\/wp-content\\\/uploads\\\/2024\\\/10\\\/113539_pala_nox_at10_genius_12k_by_agustin_tapia_pat10genius25_1500x1500_1_d12d.webp\",\"contentUrl\":\"https:\\\/\\\/revolutionpadelstore.com\\\/wp-content\\\/uploads\\\/2024\\\/10\\\/113539_pala_nox_at10_genius_12k_by_agustin_tapia_pat10genius25_1500x1500_1_d12d.webp\",\"width\":1500,\"height\":1500},{\"@type\":\"BreadcrumbList\",\"@id\":\"https:\\\/\\\/revolutionpadelstore.com\\\/it\\\/prodotto\\\/nox-at10-genius-12k-by-agustin-tapia-2025-4\\\/#breadcrumb\",\"itemListElement\":[{\"@type\":\"ListItem\",\"position\":1,\"name\":\"Portada\",\"item\":\"https:\\\/\\\/revolutionpadelstore.com\\\/it\\\/\"},{\"@type\":\"ListItem\",\"position\":2,\"name\":\"Tienda\",\"item\":\"https:\\\/\\\/revolutionpadelstore.com\\\/it\\\/tienda\\\/\"},{\"@type\":\"ListItem\",\"position\":3,\"name\":\"NOX AT10 GENIUS 12K BY AGUSTIN TAPIA 2025\"}]},{\"@type\":\"WebSite\",\"@id\":\"https:\\\/\\\/revolutionpadelstore.com\\\/it\\\/#website\",\"url\":\"https:\\\/\\\/revolutionpadelstore.com\\\/it\\\/\",\"name\":\"Revolution Padel Store\",\"description\":\"\",\"publisher\":{\"@id\":\"https:\\\/\\\/revolutionpadelstore.com\\\/it\\\/#organization\"},\"potentialAction\":[{\"@type\":\"SearchAction\",\"target\":{\"@type\":\"EntryPoint\",\"urlTemplate\":\"https:\\\/\\\/revolutionpadelstore.com\\\/it\\\/?s={search_term_string}\"},\"query-input\":{\"@type\":\"PropertyValueSpecification\",\"valueRequired\":true,\"valueName\":\"search_term_string\"}}],\"inLanguage\":\"it-IT\"},{\"@type\":\"Organization\",\"@id\":\"https:\\\/\\\/revolutionpadelstore.com\\\/it\\\/#organization\",\"name\":\"Revolution Padel Store\",\"url\":\"https:\\\/\\\/revolutionpadelstore.com\\\/it\\\/\",\"logo\":{\"@type\":\"ImageObject\",\"inLanguage\":\"it-IT\",\"@id\":\"https:\\\/\\\/revolutionpadelstore.com\\\/it\\\/#\\\/schema\\\/logo\\\/image\\\/\",\"url\":\"https:\\\/\\\/revolutionpadelstore.com\\\/wp-content\\\/uploads\\\/2026\\\/02\\\/revolution-padel-store.jpg\",\"contentUrl\":\"https:\\\/\\\/revolutionpadelstore.com\\\/wp-content\\\/uploads\\\/2026\\\/02\\\/revolution-padel-store.jpg\",\"width\":2000,\"height\":2000,\"caption\":\"Revolution Padel Store\"},\"image\":{\"@id\":\"https:\\\/\\\/revolutionpadelstore.com\\\/it\\\/#\\\/schema\\\/logo\\\/image\\\/\"},\"sameAs\":[\"https:\\\/\\\/www.instagram.com\\\/revolutionpadelstore\\\/\"]}]}<\/script>\n<!-- \/ Yoast SEO plugin. -->","yoast_head_json":{"title":"NOX AT10 GENIUS 12K BY AGUSTIN TAPIA 2025 - Revolution Padel Store","description":"La\u00a0pala de p\u00e1del AT10 Genius 12K de Nox\u00a0es el modelo dise\u00f1ado por el jugador\u00a0Agust\u00edn Tapia\u00a0para esta temporada 2025. Es una pala con\u00a0forma de l\u00e1grima\u00a0con un balance ajustado con el objetivo de a\u00f1adir un extra de velocidad en los golpes defensivos.Con un peso que oscila entre los 360-375 gramos y el\u00a0EOS Flap\u00a0se consigue una pala f\u00e1cilmente manejable, r\u00e1pida y letal en el terreno de juego. Dise\u00f1ada para aquellos\u00a0jugadores de p\u00e1del de nivel avanzado\u00a0que buscan solidez y rigidez en el golpeo. Es una pala Nox para hombre ideal para los que buscan un control y potencia sobresalientes en cada jugada.","robots":{"index":"index","follow":"follow","max-snippet":"max-snippet:-1","max-image-preview":"max-image-preview:large","max-video-preview":"max-video-preview:-1"},"canonical":"https:\/\/revolutionpadelstore.com\/it\/prodotto\/nox-at10-genius-12k-by-agustin-tapia-2025-4\/","og_locale":"it_IT","og_type":"article","og_title":"NOX AT10 GENIUS 12K BY AGUSTIN TAPIA 2025 - Revolution Padel Store","og_description":"La\u00a0pala de p\u00e1del AT10 Genius 12K de Nox\u00a0es el modelo dise\u00f1ado por el jugador\u00a0Agust\u00edn Tapia\u00a0para esta temporada 2025. Es una pala con\u00a0forma de l\u00e1grima\u00a0con un balance ajustado con el objetivo de a\u00f1adir un extra de velocidad en los golpes defensivos.Con un peso que oscila entre los 360-375 gramos y el\u00a0EOS Flap\u00a0se consigue una pala f\u00e1cilmente manejable, r\u00e1pida y letal en el terreno de juego. Dise\u00f1ada para aquellos\u00a0jugadores de p\u00e1del de nivel avanzado\u00a0que buscan solidez y rigidez en el golpeo. Es una pala Nox para hombre ideal para los que buscan un control y potencia sobresalientes en cada jugada.","og_url":"https:\/\/revolutionpadelstore.com\/it\/prodotto\/nox-at10-genius-12k-by-agustin-tapia-2025-4\/","og_site_name":"Revolution Padel Store","article_modified_time":"2026-04-01T05:16:48+00:00","og_image":[{"width":1500,"height":1500,"url":"https:\/\/revolutionpadelstore.com\/wp-content\/uploads\/2024\/10\/113539_pala_nox_at10_genius_12k_by_agustin_tapia_pat10genius25_1500x1500_1_d12d.webp","type":"image\/webp"}],"twitter_card":"summary_large_image","twitter_misc":{"Tempo di lettura stimato":"2 minuti"},"schema":{"@context":"https:\/\/schema.org","@graph":[{"@type":"WebPage","@id":"https:\/\/revolutionpadelstore.com\/it\/prodotto\/nox-at10-genius-12k-by-agustin-tapia-2025-4\/","url":"https:\/\/revolutionpadelstore.com\/it\/prodotto\/nox-at10-genius-12k-by-agustin-tapia-2025-4\/","name":"NOX AT10 GENIUS 12K BY AGUSTIN TAPIA 2025 - Revolution Padel Store","isPartOf":{"@id":"https:\/\/revolutionpadelstore.com\/it\/#website"},"primaryImageOfPage":{"@id":"https:\/\/revolutionpadelstore.com\/it\/prodotto\/nox-at10-genius-12k-by-agustin-tapia-2025-4\/#primaryimage"},"image":{"@id":"https:\/\/revolutionpadelstore.com\/it\/prodotto\/nox-at10-genius-12k-by-agustin-tapia-2025-4\/#primaryimage"},"thumbnailUrl":"https:\/\/revolutionpadelstore.com\/wp-content\/uploads\/2024\/10\/113539_pala_nox_at10_genius_12k_by_agustin_tapia_pat10genius25_1500x1500_1_d12d.webp","datePublished":"2024-09-25T06:50:42+00:00","dateModified":"2026-04-01T05:16:48+00:00","description":"La\u00a0pala de p\u00e1del AT10 Genius 12K de Nox\u00a0es el modelo dise\u00f1ado por el jugador\u00a0Agust\u00edn Tapia\u00a0para esta temporada 2025. Es una pala con\u00a0forma de l\u00e1grima\u00a0con un balance ajustado con el objetivo de a\u00f1adir un extra de velocidad en los golpes defensivos.Con un peso que oscila entre los 360-375 gramos y el\u00a0EOS Flap\u00a0se consigue una pala f\u00e1cilmente manejable, r\u00e1pida y letal en el terreno de juego. Dise\u00f1ada para aquellos\u00a0jugadores de p\u00e1del de nivel avanzado\u00a0que buscan solidez y rigidez en el golpeo. Es una pala Nox para hombre ideal para los que buscan un control y potencia sobresalientes en cada jugada.","breadcrumb":{"@id":"https:\/\/revolutionpadelstore.com\/it\/prodotto\/nox-at10-genius-12k-by-agustin-tapia-2025-4\/#breadcrumb"},"inLanguage":"it-IT","potentialAction":[{"@type":"ReadAction","target":["https:\/\/revolutionpadelstore.com\/it\/prodotto\/nox-at10-genius-12k-by-agustin-tapia-2025-4\/"]}]},{"@type":"ImageObject","inLanguage":"it-IT","@id":"https:\/\/revolutionpadelstore.com\/it\/prodotto\/nox-at10-genius-12k-by-agustin-tapia-2025-4\/#primaryimage","url":"https:\/\/revolutionpadelstore.com\/wp-content\/uploads\/2024\/10\/113539_pala_nox_at10_genius_12k_by_agustin_tapia_pat10genius25_1500x1500_1_d12d.webp","contentUrl":"https:\/\/revolutionpadelstore.com\/wp-content\/uploads\/2024\/10\/113539_pala_nox_at10_genius_12k_by_agustin_tapia_pat10genius25_1500x1500_1_d12d.webp","width":1500,"height":1500},{"@type":"BreadcrumbList","@id":"https:\/\/revolutionpadelstore.com\/it\/prodotto\/nox-at10-genius-12k-by-agustin-tapia-2025-4\/#breadcrumb","itemListElement":[{"@type":"ListItem","position":1,"name":"Portada","item":"https:\/\/revolutionpadelstore.com\/it\/"},{"@type":"ListItem","position":2,"name":"Tienda","item":"https:\/\/revolutionpadelstore.com\/it\/tienda\/"},{"@type":"ListItem","position":3,"name":"NOX AT10 GENIUS 12K BY AGUSTIN TAPIA 2025"}]},{"@type":"WebSite","@id":"https:\/\/revolutionpadelstore.com\/it\/#website","url":"https:\/\/revolutionpadelstore.com\/it\/","name":"Revolution Padel Store","description":"","publisher":{"@id":"https:\/\/revolutionpadelstore.com\/it\/#organization"},"potentialAction":[{"@type":"SearchAction","target":{"@type":"EntryPoint","urlTemplate":"https:\/\/revolutionpadelstore.com\/it\/?s={search_term_string}"},"query-input":{"@type":"PropertyValueSpecification","valueRequired":true,"valueName":"search_term_string"}}],"inLanguage":"it-IT"},{"@type":"Organization","@id":"https:\/\/revolutionpadelstore.com\/it\/#organization","name":"Revolution Padel Store","url":"https:\/\/revolutionpadelstore.com\/it\/","logo":{"@type":"ImageObject","inLanguage":"it-IT","@id":"https:\/\/revolutionpadelstore.com\/it\/#\/schema\/logo\/image\/","url":"https:\/\/revolutionpadelstore.com\/wp-content\/uploads\/2026\/02\/revolution-padel-store.jpg","contentUrl":"https:\/\/revolutionpadelstore.com\/wp-content\/uploads\/2026\/02\/revolution-padel-store.jpg","width":2000,"height":2000,"caption":"Revolution Padel Store"},"image":{"@id":"https:\/\/revolutionpadelstore.com\/it\/#\/schema\/logo\/image\/"},"sameAs":["https:\/\/www.instagram.com\/revolutionpadelstore\/"]}]}},"_links":{"self":[{"href":"https:\/\/revolutionpadelstore.com\/it\/wp-json\/wp\/v2\/product\/72780","targetHints":{"allow":["GET"]}}],"collection":[{"href":"https:\/\/revolutionpadelstore.com\/it\/wp-json\/wp\/v2\/product"}],"about":[{"href":"https:\/\/revolutionpadelstore.com\/it\/wp-json\/wp\/v2\/types\/product"}],"replies":[{"embeddable":true,"href":"https:\/\/revolutionpadelstore.com\/it\/wp-json\/wp\/v2\/comments?post=72780"}],"wp:featuredmedia":[{"embeddable":true,"href":"https:\/\/revolutionpadelstore.com\/it\/wp-json\/wp\/v2\/media\/125330"}],"wp:attachment":[{"href":"https:\/\/revolutionpadelstore.com\/it\/wp-json\/wp\/v2\/media?parent=72780"}],"wp:term":[{"taxonomy":"acabado","embeddable":true,"href":"https:\/\/revolutionpadelstore.com\/it\/wp-json\/wp\/v2\/acabado?post=72780"},{"taxonomy":"balance","embeddable":true,"href":"https:\/\/revolutionpadelstore.com\/it\/wp-json\/wp\/v2\/balance?post=72780"},{"taxonomy":"dureza","embeddable":true,"href":"https:\/\/revolutionpadelstore.com\/it\/wp-json\/wp\/v2\/dureza?post=72780"},{"taxonomy":"forma","embeddable":true,"href":"https:\/\/revolutionpadelstore.com\/it\/wp-json\/wp\/v2\/forma?post=72780"},{"taxonomy":"jugador","embeddable":true,"href":"https:\/\/revolutionpadelstore.com\/it\/wp-json\/wp\/v2\/jugador?post=72780"},{"taxonomy":"marca","embeddable":true,"href":"https:\/\/revolutionpadelstore.com\/it\/wp-json\/wp\/v2\/marca?post=72780"},{"taxonomy":"nivel-de-juego","embeddable":true,"href":"https:\/\/revolutionpadelstore.com\/it\/wp-json\/wp\/v2\/nivel-de-juego?post=72780"},{"taxonomy":"superficie","embeddable":true,"href":"https:\/\/revolutionpadelstore.com\/it\/wp-json\/wp\/v2\/superficie?post=72780"},{"taxonomy":"tipo-de-juego","embeddable":true,"href":"https:\/\/revolutionpadelstore.com\/it\/wp-json\/wp\/v2\/tipo-de-juego?post=72780"},{"taxonomy":"product_brand","embeddable":true,"href":"https:\/\/revolutionpadelstore.com\/it\/wp-json\/wp\/v2\/product_brand?post=72780"},{"taxonomy":"product_cat","embeddable":true,"href":"https:\/\/revolutionpadelstore.com\/it\/wp-json\/wp\/v2\/product_cat?post=72780"},{"taxonomy":"product_tag","embeddable":true,"href":"https:\/\/revolutionpadelstore.com\/it\/wp-json\/wp\/v2\/product_tag?post=72780"}],"curies":[{"name":"wp","href":"https:\/\/api.w.org\/{rel}","templated":true}]}}