{"id":72775,"date":"2024-09-25T14:58:55","date_gmt":"2024-09-25T12:58:55","guid":{"rendered":"https:\/\/revolutionpadelstore.com\/nox-at10-genius-18k-alum-by-agustin-tapia-2025\/"},"modified":"2026-04-20T14:02:17","modified_gmt":"2026-04-20T12:02:17","slug":"nox-at10-genius-18k-alum-by-agustin-tapia-2025-5","status":"publish","type":"product","link":"https:\/\/revolutionpadelstore.com\/it\/prodotto\/nox-at10-genius-18k-alum-by-agustin-tapia-2025-5\/","title":{"rendered":"NOX AT10 GENIUS 18K ALUM BY AGUSTIN TAPIA 2025"},"content":{"rendered":"<h2>Nox AT10 Genius 18K Alum By Agust\u00edn Tapia 2025, fermezza e durata<\/h2>\n<p>La <strong>racchetta da padel AT10 Genius 18K Alum By Agust\u00edn Tapia<\/strong>\u00e8 un modello a goccia creato in collaborazione con Agust\u00edn Tapia che fornisce un equilibrio ideale per aggiungere velocit\u00e0 nei colpi difensivi e potenza negli attacchi.<\/p>\n<p>Con un peso che varia tra <strong>360 e 375 grammi<\/strong>, questa racchetta si caratterizza per essere maneggevole e agile, il che facilita un gioco veloce e preciso.<\/strong><\/p>\n<h2>Pala AT10 Genius 18K Alum Agust\u00edn Tapia, per professionisti<\/h2>\n<p>L&#8217;AT10 Genius 18K Alum 2025 \u00e8 l&#8217;ideale per quei giocatori di padel di alto livello che cercano un modello ad alte prestazioni, realizzato con materiali resistenti e che incorpora le ultime tecnologie per aiutare a migliorare le tue prestazioni in pista.<\/p>\n<p>Offre una sensazione di colpo comoda, solida e controllata, rendendola perfetta per i giocatori pi\u00f9 esigenti che amano sia la difesa che l&#8217;attacco.<\/p>\n<h2>Caratteristiche dell&#8217;AT10 Genius 18K Alum 2025<\/h2>\n<p style=\"padding-left: 40px\">-Flat in <strong>18K Alum Carbon<\/strong>per un tocco molto pi\u00f9 confortevole, solido e prestazioni omogenee<\/p>\n<p style=\"padding-left: 40px\">-Superficie con esclusivo motivo Spin 3D e finitura sabbia ruvida per dare pi\u00f9 effetto e controllo alla palla<\/p>\n<p style=\"padding-left: 40px\">-Telaio tubolare Carbon Frame per maggiore durata e rigidit\u00e0<\/p>\n<p style=\"padding-left: 40px\">-Nucleo multistrato <em>MLD Black EVA<\/em>, che <strong>ottimizza la uscita della palla<\/strong> in difesa e aggiunge potenza nei colpi offensivi<\/strong>p&gt;<\/p>\n<p style=\"padding-left: 40px\">-Maggiore maneggevolezza e peso ridistribuito grazie all&#8217;EOS Flap<\/p>\n<p style=\"padding-left: 40px\">-Con<em>Custom Grip<\/em>per una maggiore presa e meno vibrazioni<\/p>\n<p style=\"padding-left: 40px\">-Le vibrazioni dopo l&#8217;impatto sono ridotte con il <em>Pulse System<\/em><\/p>\n<p style=\"padding-left: 40px\">-Riduzione delle crepe all&#8217;esterno con la<em>Struttura composita dinamica<\/em><\/p>\n<p style=\"padding-left: 40px\">-Cordino di sicurezza <em>Smartstrap<\/em> intercambiabile<\/p>\n<p style=\"padding-left: 40px\">-Forma a goccia<\/p>\n<p style=\"padding-left: 40px\">-Gamma di serie di lusso<\/em><\/p>\n<h3>Acquista il Nox AT10 Genius 18K Alum di Agust\u00edn Tapia 2025 presso Revolution Padel Store<\/h3>\n<p>Con la racchetta a goccia AT10 Genius 18K Alum By Agust\u00edn Tapia 2025 di Nox otterrai colpi precisi, ricchi di effetti e confortevoli. Progettato per <strong>giocatori versatili di livello avanzato.<\/strong><\/p>\n","protected":false},"excerpt":{"rendered":"<p>Racchetta Nox AT10 Genius 18K a goccia di Agust\u00edn Tapia 2025, con nucleo multistrato in MLD Black EVA e piani ruvidi in carbonio alluminato 18K per una maggiore durata.<\/p>\n","protected":false},"featured_media":72111,"comment_status":"open","ping_status":"closed","template":"","meta":{"_acf_changed":false,"_joinchat":[]},"acabado":[1106,1096],"balance":[1141],"dureza":[1156],"forma":[1186],"jugador":[1201,1191],"marca":[1261],"nivel-de-juego":[1336,1346],"superficie":[1361],"tipo-de-juego":[1386],"product_brand":[],"product_cat":[301],"product_tag":[],"class_list":{"0":"post-72775","1":"product","2":"type-product","3":"status-publish","4":"has-post-thumbnail","6":"acabado-rugoso-it","7":"acabado-sabbioso","8":"balance-medio-it","9":"dureza-media-it","10":"forma-lagrima-it","11":"jugador-multiuso","12":"jugador-uomo","13":"marca-nox-it","14":"superficie-rugosa-it","15":"tipo-de-juego-multiuso","16":"product_cat-palas-de-padel-it","18":"first","19":"instock","20":"sale","21":"taxable","22":"shipping-taxable","23":"purchasable","24":"product-type-simple"},"acf":[],"yoast_head":"<!-- This site is optimized with the Yoast SEO plugin v27.4 - https:\/\/yoast.com\/product\/yoast-seo-wordpress\/ -->\n<title>NOX AT10 GENIUS 18K ALUM BY AGUSTIN TAPIA 2025 - Revolution Padel Store<\/title>\n<meta name=\"description\" content=\"La\u00a0pala de p\u00e1del AT10 Genius 18K Alum By Agust\u00edn Tapia\u00a0es un modelo de l\u00e1grima creado en colaboraci\u00f3n con Agust\u00edn Tapia que proporciona un balance ideal para a\u00f1adir velocidad en golpes defensivos y potencia en los ataques.Con un peso que var\u00eda entre los\u00a0360 y 375 gramos, esta pala se caracteriza por ser manejable y \u00e1gil, lo que facilita un\u00a0juego r\u00e1pido y preciso.\" \/>\n<meta name=\"robots\" content=\"index, follow, max-snippet:-1, max-image-preview:large, max-video-preview:-1\" \/>\n<link rel=\"canonical\" href=\"https:\/\/revolutionpadelstore.com\/it\/prodotto\/nox-at10-genius-18k-alum-by-agustin-tapia-2025-5\/\" \/>\n<meta property=\"og:locale\" content=\"it_IT\" \/>\n<meta property=\"og:type\" content=\"article\" \/>\n<meta property=\"og:title\" content=\"NOX AT10 GENIUS 18K ALUM BY AGUSTIN TAPIA 2025 - Revolution Padel Store\" \/>\n<meta property=\"og:description\" content=\"La\u00a0pala de p\u00e1del AT10 Genius 18K Alum By Agust\u00edn Tapia\u00a0es un modelo de l\u00e1grima creado en colaboraci\u00f3n con Agust\u00edn Tapia que proporciona un balance ideal para a\u00f1adir velocidad en golpes defensivos y potencia en los ataques.Con un peso que var\u00eda entre los\u00a0360 y 375 gramos, esta pala se caracteriza por ser manejable y \u00e1gil, lo que facilita un\u00a0juego r\u00e1pido y preciso.\" \/>\n<meta property=\"og:url\" content=\"https:\/\/revolutionpadelstore.com\/it\/prodotto\/nox-at10-genius-18k-alum-by-agustin-tapia-2025-5\/\" \/>\n<meta property=\"og:site_name\" content=\"Revolution Padel Store\" \/>\n<meta property=\"article:modified_time\" content=\"2026-04-20T12:02:17+00:00\" \/>\n<meta property=\"og:image\" content=\"https:\/\/revolutionpadelstore.com\/wp-content\/uploads\/2024\/09\/113540_pala_nox_at10_genius_18k_alum_by_agustin_tapia_pat10genius1825_1500x1500_6e6f.webp\" \/>\n\t<meta property=\"og:image:width\" content=\"1500\" \/>\n\t<meta property=\"og:image:height\" content=\"1500\" \/>\n\t<meta property=\"og:image:type\" content=\"image\/webp\" \/>\n<meta name=\"twitter:card\" content=\"summary_large_image\" \/>\n<meta name=\"twitter:label1\" content=\"Tempo di lettura stimato\" \/>\n\t<meta name=\"twitter:data1\" content=\"2 minuti\" \/>\n<script type=\"application\/ld+json\" class=\"yoast-schema-graph\">{\"@context\":\"https:\\\/\\\/schema.org\",\"@graph\":[{\"@type\":\"WebPage\",\"@id\":\"https:\\\/\\\/revolutionpadelstore.com\\\/it\\\/prodotto\\\/nox-at10-genius-18k-alum-by-agustin-tapia-2025-5\\\/\",\"url\":\"https:\\\/\\\/revolutionpadelstore.com\\\/it\\\/prodotto\\\/nox-at10-genius-18k-alum-by-agustin-tapia-2025-5\\\/\",\"name\":\"NOX AT10 GENIUS 18K ALUM BY AGUSTIN TAPIA 2025 - Revolution Padel Store\",\"isPartOf\":{\"@id\":\"https:\\\/\\\/revolutionpadelstore.com\\\/it\\\/#website\"},\"primaryImageOfPage\":{\"@id\":\"https:\\\/\\\/revolutionpadelstore.com\\\/it\\\/prodotto\\\/nox-at10-genius-18k-alum-by-agustin-tapia-2025-5\\\/#primaryimage\"},\"image\":{\"@id\":\"https:\\\/\\\/revolutionpadelstore.com\\\/it\\\/prodotto\\\/nox-at10-genius-18k-alum-by-agustin-tapia-2025-5\\\/#primaryimage\"},\"thumbnailUrl\":\"https:\\\/\\\/revolutionpadelstore.com\\\/wp-content\\\/uploads\\\/2024\\\/09\\\/113540_pala_nox_at10_genius_18k_alum_by_agustin_tapia_pat10genius1825_1500x1500_6e6f.webp\",\"datePublished\":\"2024-09-25T12:58:55+00:00\",\"dateModified\":\"2026-04-20T12:02:17+00:00\",\"description\":\"La\u00a0pala de p\u00e1del AT10 Genius 18K Alum By Agust\u00edn Tapia\u00a0es un modelo de l\u00e1grima creado en colaboraci\u00f3n con Agust\u00edn Tapia que proporciona un balance ideal para a\u00f1adir velocidad en golpes defensivos y potencia en los ataques.Con un peso que var\u00eda entre los\u00a0360 y 375 gramos, esta pala se caracteriza por ser manejable y \u00e1gil, lo que facilita un\u00a0juego r\u00e1pido y preciso.\",\"breadcrumb\":{\"@id\":\"https:\\\/\\\/revolutionpadelstore.com\\\/it\\\/prodotto\\\/nox-at10-genius-18k-alum-by-agustin-tapia-2025-5\\\/#breadcrumb\"},\"inLanguage\":\"it-IT\",\"potentialAction\":[{\"@type\":\"ReadAction\",\"target\":[\"https:\\\/\\\/revolutionpadelstore.com\\\/it\\\/prodotto\\\/nox-at10-genius-18k-alum-by-agustin-tapia-2025-5\\\/\"]}]},{\"@type\":\"ImageObject\",\"inLanguage\":\"it-IT\",\"@id\":\"https:\\\/\\\/revolutionpadelstore.com\\\/it\\\/prodotto\\\/nox-at10-genius-18k-alum-by-agustin-tapia-2025-5\\\/#primaryimage\",\"url\":\"https:\\\/\\\/revolutionpadelstore.com\\\/wp-content\\\/uploads\\\/2024\\\/09\\\/113540_pala_nox_at10_genius_18k_alum_by_agustin_tapia_pat10genius1825_1500x1500_6e6f.webp\",\"contentUrl\":\"https:\\\/\\\/revolutionpadelstore.com\\\/wp-content\\\/uploads\\\/2024\\\/09\\\/113540_pala_nox_at10_genius_18k_alum_by_agustin_tapia_pat10genius1825_1500x1500_6e6f.webp\",\"width\":1500,\"height\":1500},{\"@type\":\"BreadcrumbList\",\"@id\":\"https:\\\/\\\/revolutionpadelstore.com\\\/it\\\/prodotto\\\/nox-at10-genius-18k-alum-by-agustin-tapia-2025-5\\\/#breadcrumb\",\"itemListElement\":[{\"@type\":\"ListItem\",\"position\":1,\"name\":\"Portada\",\"item\":\"https:\\\/\\\/revolutionpadelstore.com\\\/it\\\/\"},{\"@type\":\"ListItem\",\"position\":2,\"name\":\"Tienda\",\"item\":\"https:\\\/\\\/revolutionpadelstore.com\\\/it\\\/tienda\\\/\"},{\"@type\":\"ListItem\",\"position\":3,\"name\":\"NOX AT10 GENIUS 18K ALUM BY AGUSTIN TAPIA 2025\"}]},{\"@type\":\"WebSite\",\"@id\":\"https:\\\/\\\/revolutionpadelstore.com\\\/it\\\/#website\",\"url\":\"https:\\\/\\\/revolutionpadelstore.com\\\/it\\\/\",\"name\":\"Revolution Padel Store\",\"description\":\"\",\"publisher\":{\"@id\":\"https:\\\/\\\/revolutionpadelstore.com\\\/it\\\/#organization\"},\"potentialAction\":[{\"@type\":\"SearchAction\",\"target\":{\"@type\":\"EntryPoint\",\"urlTemplate\":\"https:\\\/\\\/revolutionpadelstore.com\\\/it\\\/?s={search_term_string}\"},\"query-input\":{\"@type\":\"PropertyValueSpecification\",\"valueRequired\":true,\"valueName\":\"search_term_string\"}}],\"inLanguage\":\"it-IT\"},{\"@type\":\"Organization\",\"@id\":\"https:\\\/\\\/revolutionpadelstore.com\\\/it\\\/#organization\",\"name\":\"Revolution Padel Store\",\"url\":\"https:\\\/\\\/revolutionpadelstore.com\\\/it\\\/\",\"logo\":{\"@type\":\"ImageObject\",\"inLanguage\":\"it-IT\",\"@id\":\"https:\\\/\\\/revolutionpadelstore.com\\\/it\\\/#\\\/schema\\\/logo\\\/image\\\/\",\"url\":\"https:\\\/\\\/revolutionpadelstore.com\\\/wp-content\\\/uploads\\\/2026\\\/02\\\/revolution-padel-store.jpg\",\"contentUrl\":\"https:\\\/\\\/revolutionpadelstore.com\\\/wp-content\\\/uploads\\\/2026\\\/02\\\/revolution-padel-store.jpg\",\"width\":2000,\"height\":2000,\"caption\":\"Revolution Padel Store\"},\"image\":{\"@id\":\"https:\\\/\\\/revolutionpadelstore.com\\\/it\\\/#\\\/schema\\\/logo\\\/image\\\/\"},\"sameAs\":[\"https:\\\/\\\/www.instagram.com\\\/revolutionpadelstore\\\/\"]}]}<\/script>\n<!-- \/ Yoast SEO plugin. -->","yoast_head_json":{"title":"NOX AT10 GENIUS 18K ALUM BY AGUSTIN TAPIA 2025 - Revolution Padel Store","description":"La\u00a0pala de p\u00e1del AT10 Genius 18K Alum By Agust\u00edn Tapia\u00a0es un modelo de l\u00e1grima creado en colaboraci\u00f3n con Agust\u00edn Tapia que proporciona un balance ideal para a\u00f1adir velocidad en golpes defensivos y potencia en los ataques.Con un peso que var\u00eda entre los\u00a0360 y 375 gramos, esta pala se caracteriza por ser manejable y \u00e1gil, lo que facilita un\u00a0juego r\u00e1pido y preciso.","robots":{"index":"index","follow":"follow","max-snippet":"max-snippet:-1","max-image-preview":"max-image-preview:large","max-video-preview":"max-video-preview:-1"},"canonical":"https:\/\/revolutionpadelstore.com\/it\/prodotto\/nox-at10-genius-18k-alum-by-agustin-tapia-2025-5\/","og_locale":"it_IT","og_type":"article","og_title":"NOX AT10 GENIUS 18K ALUM BY AGUSTIN TAPIA 2025 - Revolution Padel Store","og_description":"La\u00a0pala de p\u00e1del AT10 Genius 18K Alum By Agust\u00edn Tapia\u00a0es un modelo de l\u00e1grima creado en colaboraci\u00f3n con Agust\u00edn Tapia que proporciona un balance ideal para a\u00f1adir velocidad en golpes defensivos y potencia en los ataques.Con un peso que var\u00eda entre los\u00a0360 y 375 gramos, esta pala se caracteriza por ser manejable y \u00e1gil, lo que facilita un\u00a0juego r\u00e1pido y preciso.","og_url":"https:\/\/revolutionpadelstore.com\/it\/prodotto\/nox-at10-genius-18k-alum-by-agustin-tapia-2025-5\/","og_site_name":"Revolution Padel Store","article_modified_time":"2026-04-20T12:02:17+00:00","og_image":[{"width":1500,"height":1500,"url":"https:\/\/revolutionpadelstore.com\/wp-content\/uploads\/2024\/09\/113540_pala_nox_at10_genius_18k_alum_by_agustin_tapia_pat10genius1825_1500x1500_6e6f.webp","type":"image\/webp"}],"twitter_card":"summary_large_image","twitter_misc":{"Tempo di lettura stimato":"2 minuti"},"schema":{"@context":"https:\/\/schema.org","@graph":[{"@type":"WebPage","@id":"https:\/\/revolutionpadelstore.com\/it\/prodotto\/nox-at10-genius-18k-alum-by-agustin-tapia-2025-5\/","url":"https:\/\/revolutionpadelstore.com\/it\/prodotto\/nox-at10-genius-18k-alum-by-agustin-tapia-2025-5\/","name":"NOX AT10 GENIUS 18K ALUM BY AGUSTIN TAPIA 2025 - Revolution Padel Store","isPartOf":{"@id":"https:\/\/revolutionpadelstore.com\/it\/#website"},"primaryImageOfPage":{"@id":"https:\/\/revolutionpadelstore.com\/it\/prodotto\/nox-at10-genius-18k-alum-by-agustin-tapia-2025-5\/#primaryimage"},"image":{"@id":"https:\/\/revolutionpadelstore.com\/it\/prodotto\/nox-at10-genius-18k-alum-by-agustin-tapia-2025-5\/#primaryimage"},"thumbnailUrl":"https:\/\/revolutionpadelstore.com\/wp-content\/uploads\/2024\/09\/113540_pala_nox_at10_genius_18k_alum_by_agustin_tapia_pat10genius1825_1500x1500_6e6f.webp","datePublished":"2024-09-25T12:58:55+00:00","dateModified":"2026-04-20T12:02:17+00:00","description":"La\u00a0pala de p\u00e1del AT10 Genius 18K Alum By Agust\u00edn Tapia\u00a0es un modelo de l\u00e1grima creado en colaboraci\u00f3n con Agust\u00edn Tapia que proporciona un balance ideal para a\u00f1adir velocidad en golpes defensivos y potencia en los ataques.Con un peso que var\u00eda entre los\u00a0360 y 375 gramos, esta pala se caracteriza por ser manejable y \u00e1gil, lo que facilita un\u00a0juego r\u00e1pido y preciso.","breadcrumb":{"@id":"https:\/\/revolutionpadelstore.com\/it\/prodotto\/nox-at10-genius-18k-alum-by-agustin-tapia-2025-5\/#breadcrumb"},"inLanguage":"it-IT","potentialAction":[{"@type":"ReadAction","target":["https:\/\/revolutionpadelstore.com\/it\/prodotto\/nox-at10-genius-18k-alum-by-agustin-tapia-2025-5\/"]}]},{"@type":"ImageObject","inLanguage":"it-IT","@id":"https:\/\/revolutionpadelstore.com\/it\/prodotto\/nox-at10-genius-18k-alum-by-agustin-tapia-2025-5\/#primaryimage","url":"https:\/\/revolutionpadelstore.com\/wp-content\/uploads\/2024\/09\/113540_pala_nox_at10_genius_18k_alum_by_agustin_tapia_pat10genius1825_1500x1500_6e6f.webp","contentUrl":"https:\/\/revolutionpadelstore.com\/wp-content\/uploads\/2024\/09\/113540_pala_nox_at10_genius_18k_alum_by_agustin_tapia_pat10genius1825_1500x1500_6e6f.webp","width":1500,"height":1500},{"@type":"BreadcrumbList","@id":"https:\/\/revolutionpadelstore.com\/it\/prodotto\/nox-at10-genius-18k-alum-by-agustin-tapia-2025-5\/#breadcrumb","itemListElement":[{"@type":"ListItem","position":1,"name":"Portada","item":"https:\/\/revolutionpadelstore.com\/it\/"},{"@type":"ListItem","position":2,"name":"Tienda","item":"https:\/\/revolutionpadelstore.com\/it\/tienda\/"},{"@type":"ListItem","position":3,"name":"NOX AT10 GENIUS 18K ALUM BY AGUSTIN TAPIA 2025"}]},{"@type":"WebSite","@id":"https:\/\/revolutionpadelstore.com\/it\/#website","url":"https:\/\/revolutionpadelstore.com\/it\/","name":"Revolution Padel Store","description":"","publisher":{"@id":"https:\/\/revolutionpadelstore.com\/it\/#organization"},"potentialAction":[{"@type":"SearchAction","target":{"@type":"EntryPoint","urlTemplate":"https:\/\/revolutionpadelstore.com\/it\/?s={search_term_string}"},"query-input":{"@type":"PropertyValueSpecification","valueRequired":true,"valueName":"search_term_string"}}],"inLanguage":"it-IT"},{"@type":"Organization","@id":"https:\/\/revolutionpadelstore.com\/it\/#organization","name":"Revolution Padel Store","url":"https:\/\/revolutionpadelstore.com\/it\/","logo":{"@type":"ImageObject","inLanguage":"it-IT","@id":"https:\/\/revolutionpadelstore.com\/it\/#\/schema\/logo\/image\/","url":"https:\/\/revolutionpadelstore.com\/wp-content\/uploads\/2026\/02\/revolution-padel-store.jpg","contentUrl":"https:\/\/revolutionpadelstore.com\/wp-content\/uploads\/2026\/02\/revolution-padel-store.jpg","width":2000,"height":2000,"caption":"Revolution Padel Store"},"image":{"@id":"https:\/\/revolutionpadelstore.com\/it\/#\/schema\/logo\/image\/"},"sameAs":["https:\/\/www.instagram.com\/revolutionpadelstore\/"]}]}},"_links":{"self":[{"href":"https:\/\/revolutionpadelstore.com\/it\/wp-json\/wp\/v2\/product\/72775","targetHints":{"allow":["GET"]}}],"collection":[{"href":"https:\/\/revolutionpadelstore.com\/it\/wp-json\/wp\/v2\/product"}],"about":[{"href":"https:\/\/revolutionpadelstore.com\/it\/wp-json\/wp\/v2\/types\/product"}],"replies":[{"embeddable":true,"href":"https:\/\/revolutionpadelstore.com\/it\/wp-json\/wp\/v2\/comments?post=72775"}],"wp:featuredmedia":[{"embeddable":true,"href":"https:\/\/revolutionpadelstore.com\/it\/wp-json\/wp\/v2\/media\/72111"}],"wp:attachment":[{"href":"https:\/\/revolutionpadelstore.com\/it\/wp-json\/wp\/v2\/media?parent=72775"}],"wp:term":[{"taxonomy":"acabado","embeddable":true,"href":"https:\/\/revolutionpadelstore.com\/it\/wp-json\/wp\/v2\/acabado?post=72775"},{"taxonomy":"balance","embeddable":true,"href":"https:\/\/revolutionpadelstore.com\/it\/wp-json\/wp\/v2\/balance?post=72775"},{"taxonomy":"dureza","embeddable":true,"href":"https:\/\/revolutionpadelstore.com\/it\/wp-json\/wp\/v2\/dureza?post=72775"},{"taxonomy":"forma","embeddable":true,"href":"https:\/\/revolutionpadelstore.com\/it\/wp-json\/wp\/v2\/forma?post=72775"},{"taxonomy":"jugador","embeddable":true,"href":"https:\/\/revolutionpadelstore.com\/it\/wp-json\/wp\/v2\/jugador?post=72775"},{"taxonomy":"marca","embeddable":true,"href":"https:\/\/revolutionpadelstore.com\/it\/wp-json\/wp\/v2\/marca?post=72775"},{"taxonomy":"nivel-de-juego","embeddable":true,"href":"https:\/\/revolutionpadelstore.com\/it\/wp-json\/wp\/v2\/nivel-de-juego?post=72775"},{"taxonomy":"superficie","embeddable":true,"href":"https:\/\/revolutionpadelstore.com\/it\/wp-json\/wp\/v2\/superficie?post=72775"},{"taxonomy":"tipo-de-juego","embeddable":true,"href":"https:\/\/revolutionpadelstore.com\/it\/wp-json\/wp\/v2\/tipo-de-juego?post=72775"},{"taxonomy":"product_brand","embeddable":true,"href":"https:\/\/revolutionpadelstore.com\/it\/wp-json\/wp\/v2\/product_brand?post=72775"},{"taxonomy":"product_cat","embeddable":true,"href":"https:\/\/revolutionpadelstore.com\/it\/wp-json\/wp\/v2\/product_cat?post=72775"},{"taxonomy":"product_tag","embeddable":true,"href":"https:\/\/revolutionpadelstore.com\/it\/wp-json\/wp\/v2\/product_tag?post=72775"}],"curies":[{"name":"wp","href":"https:\/\/api.w.org\/{rel}","templated":true}]}}