{"id":72770,"date":"2024-09-25T22:28:19","date_gmt":"2024-09-25T20:28:19","guid":{"rendered":"https:\/\/revolutionpadelstore.com\/nox-at10-genius-attack-12k-by-agustin-tapia-2025\/"},"modified":"2026-04-01T07:15:50","modified_gmt":"2026-04-01T05:15:50","slug":"nox-at10-genius-attack-12k-by-agustin-tapia-2025-4","status":"publish","type":"product","link":"https:\/\/revolutionpadelstore.com\/it\/prodotto\/nox-at10-genius-attack-12k-by-agustin-tapia-2025-4\/","title":{"rendered":"NOX AT10 GENIUS ATTACK 12K BY AGUSTIN TAPIA 2025"},"content":{"rendered":"<h2>Nox AT10 Genius Attack 12K di Agustin Tapia 2025<\/h2>\n<p>La Nox AT10 Genius Attack 12K By Agust\u00edn Tapia 2025 \u00e8 una racchetta di fascia alta progettata in collaborazione con il giocatore professionista Agust\u00edn Tapia. Questa racchetta fa parte della collezione <strong>Luxury Series 2025<\/strong> di Nox, che si distingue per il suo design esclusivo in nero con dettagli arancioni e per incorporare le tecnologie pi\u00f9 avanzate sul mercato.<\/p>\n<p>Con un <strong>formato diamante<\/strong>, \u00e8 progettata per i giocatori che cercano potenza e precisione nei loro colpi.<\/p>\n<h2>Nox AT10 Genius Attack 12K 2025 per giocatori di livello avanzato<\/h2>\n<p>La Nox AT10 Genius Attack 12K \u00e8 ideale per i giocatori di livello avanzato o professionale che danno priorit\u00e0 alla potenza in ogni tiro. Il suo formato diamante e il nucleo Black EVA MLD forniscono una palla in uscita esplosiva, perfetta per coloro che amano giocare vicino alla rete e cercano di segnare punti con forza. Inoltre, l&#8217;impugnatura estesa migliora il controllo, rendendola adatta ai giocatori che preferiscono un&#8217;impugnatura pi\u00f9 lunga.<\/p>\n<h3><strong>Caratteristiche e tecnologie della racchetta Nox AT10 Genius Attack 12K 2025<\/strong><\/h3>\n<p style=\"padding-left: 40px\"><strong>-Formato diamante<\/strong>, ideale per generare maggiore potenza.<\/p>\n<p style=\"padding-left: 40px\"><strong>-12K pialle in carbonio<\/strong> per un colpo solido e preciso.<\/p>\n<p style=\"padding-left: 40px\"><strong>-Telaio in carbonio<\/strong> per aumentare la durata e la rigidit\u00e0.<\/p>\n<p style=\"padding-left: 40px\"><strong>Nucleo MLD in EVA <em>nero<\/em>, <strong>multistrato per ottimizzare l&#8217;uscita della palla<\/strong> e migliorare le aste.<\/p>\n<p style=\"padding-left: 40px\">&#8211; Tecnologia EOS <em>Flap<\/em>, <strong>perforazioni laterali che migliorano la gestibilit\u00e0<\/strong>.<\/p>\n<p style=\"padding-left: 40px\"><strong>-tecnologia DCS<\/strong>, riduce al minimo la durezza nelle parti esterne della lama per <strong>evitare rotture<\/strong>.<\/p>\n<p style=\"padding-left: 40px\"><em>-Smartstrap\u00ae<\/em>,<strong>cordino di sicurezza sostituibile<\/strong>.<\/p>\n<p style=\"padding-left: 40px\"><em>-Oversize Grip<\/em>, <strong>impugnatura estesa<\/strong> di 10 mm.<\/p>\n<p style=\"padding-left: 40px\"><em>-Pulse System<\/em>, <strong> inserti in gomma che riducono le vibrazioni<\/strong>.<\/p>\n<p style=\"padding-left: 40px\"><em>-Spin esclusivo<\/em>, <strong>superficie ruvida<\/strong> che fornisce maggiore presa alla palla.<\/p>\n<p>Se stai cercando una racchetta che combini design, potenza e tecnologia all&#8217;avanguardia, la Nox AT10 Genius Attack 12K \u00e8 un&#8217;opzione imbattibile. Pensato per i giocatori pi\u00f9 esigenti, ti permetter\u00e0 di portare il tuo gioco al livello successivo.<\/p>\n<h2>Nox AT10 Genius Attack 12K By Agustin Tapia 2025<\/h2>\n","protected":false},"excerpt":{"rendered":"<p>Il Nox AT10 Genius Attack 12K di Agust\u00edn Tapia 2025 combina potenza, controllo e durata, progettato per giocatori avanzati che cercano prestazioni ottimali e tecnologia all&#8217;avanguardia.<\/p>\n","protected":false},"featured_media":125336,"comment_status":"open","ping_status":"closed","template":"","meta":{"_acf_changed":false,"_joinchat":[]},"acabado":[1096],"balance":[1136],"dureza":[1156],"forma":[1171],"jugador":[1201,1191],"marca":[1261],"nivel-de-juego":[1336],"superficie":[1361],"tipo-de-juego":[1376],"product_brand":[],"product_cat":[301],"product_tag":[],"class_list":{"0":"post-72770","1":"product","2":"type-product","3":"status-publish","4":"has-post-thumbnail","6":"acabado-sabbioso","7":"balance-alto-it","8":"dureza-media-it","9":"forma-diamante-it","10":"jugador-multiuso","11":"jugador-uomo","12":"marca-nox-it","13":"superficie-rugosa-it","14":"tipo-de-juego-potenza","15":"product_cat-palas-de-padel-it","17":"first","18":"instock","19":"sale","20":"taxable","21":"shipping-taxable","22":"purchasable","23":"product-type-simple"},"acf":[],"yoast_head":"<!-- This site is optimized with the Yoast SEO plugin v27.3 - https:\/\/yoast.com\/product\/yoast-seo-wordpress\/ -->\n<title>NOX AT10 GENIUS ATTACK 12K BY AGUSTIN TAPIA 2025 - Revolution Padel Store<\/title>\n<meta name=\"description\" content=\"La\u00a0Nox AT10 Genius Attack 12K By Agust\u00edn Tapia 2025\u00a0es una pala de p\u00e1del de alta gama dise\u00f1ada en colaboraci\u00f3n con el jugador profesional\u00a0Agust\u00edn Tapia. Esta pala forma parte de la colecci\u00f3n\u00a0Luxury Series 2025\u00a0de Nox, destacando por su dise\u00f1o exclusivo en negro con detalles en naranja y por incorporar las tecnolog\u00edas m\u00e1s avanzadas del mercado. Con un\u00a0formato diamante, est\u00e1 pensada para jugadores que buscan potencia y precisi\u00f3n en sus golpes\" \/>\n<meta name=\"robots\" content=\"index, follow, max-snippet:-1, max-image-preview:large, max-video-preview:-1\" \/>\n<link rel=\"canonical\" href=\"https:\/\/revolutionpadelstore.com\/it\/prodotto\/nox-at10-genius-attack-12k-by-agustin-tapia-2025-4\/\" \/>\n<meta property=\"og:locale\" content=\"it_IT\" \/>\n<meta property=\"og:type\" content=\"article\" \/>\n<meta property=\"og:title\" content=\"NOX AT10 GENIUS ATTACK 12K BY AGUSTIN TAPIA 2025 - Revolution Padel Store\" \/>\n<meta property=\"og:description\" content=\"La\u00a0Nox AT10 Genius Attack 12K By Agust\u00edn Tapia 2025\u00a0es una pala de p\u00e1del de alta gama dise\u00f1ada en colaboraci\u00f3n con el jugador profesional\u00a0Agust\u00edn Tapia. Esta pala forma parte de la colecci\u00f3n\u00a0Luxury Series 2025\u00a0de Nox, destacando por su dise\u00f1o exclusivo en negro con detalles en naranja y por incorporar las tecnolog\u00edas m\u00e1s avanzadas del mercado. Con un\u00a0formato diamante, est\u00e1 pensada para jugadores que buscan potencia y precisi\u00f3n en sus golpes\" \/>\n<meta property=\"og:url\" content=\"https:\/\/revolutionpadelstore.com\/it\/prodotto\/nox-at10-genius-attack-12k-by-agustin-tapia-2025-4\/\" \/>\n<meta property=\"og:site_name\" content=\"Revolution Padel Store\" \/>\n<meta property=\"article:modified_time\" content=\"2026-04-01T05:15:50+00:00\" \/>\n<meta property=\"og:image\" content=\"https:\/\/revolutionpadelstore.com\/wp-content\/uploads\/2024\/10\/113541_pala_nox_at10_genius_attack_12k_by_agustin_tapia_pat10geniusat25_1500x15_2b18.webp\" \/>\n\t<meta property=\"og:image:width\" content=\"1500\" \/>\n\t<meta property=\"og:image:height\" content=\"1500\" \/>\n\t<meta property=\"og:image:type\" content=\"image\/webp\" \/>\n<meta name=\"twitter:card\" content=\"summary_large_image\" \/>\n<meta name=\"twitter:label1\" content=\"Tempo di lettura stimato\" \/>\n\t<meta name=\"twitter:data1\" content=\"2 minuti\" \/>\n<script type=\"application\/ld+json\" class=\"yoast-schema-graph\">{\"@context\":\"https:\\\/\\\/schema.org\",\"@graph\":[{\"@type\":\"WebPage\",\"@id\":\"https:\\\/\\\/revolutionpadelstore.com\\\/it\\\/prodotto\\\/nox-at10-genius-attack-12k-by-agustin-tapia-2025-4\\\/\",\"url\":\"https:\\\/\\\/revolutionpadelstore.com\\\/it\\\/prodotto\\\/nox-at10-genius-attack-12k-by-agustin-tapia-2025-4\\\/\",\"name\":\"NOX AT10 GENIUS ATTACK 12K BY AGUSTIN TAPIA 2025 - Revolution Padel Store\",\"isPartOf\":{\"@id\":\"https:\\\/\\\/revolutionpadelstore.com\\\/it\\\/#website\"},\"primaryImageOfPage\":{\"@id\":\"https:\\\/\\\/revolutionpadelstore.com\\\/it\\\/prodotto\\\/nox-at10-genius-attack-12k-by-agustin-tapia-2025-4\\\/#primaryimage\"},\"image\":{\"@id\":\"https:\\\/\\\/revolutionpadelstore.com\\\/it\\\/prodotto\\\/nox-at10-genius-attack-12k-by-agustin-tapia-2025-4\\\/#primaryimage\"},\"thumbnailUrl\":\"https:\\\/\\\/revolutionpadelstore.com\\\/wp-content\\\/uploads\\\/2024\\\/10\\\/113541_pala_nox_at10_genius_attack_12k_by_agustin_tapia_pat10geniusat25_1500x15_2b18.webp\",\"datePublished\":\"2024-09-25T20:28:19+00:00\",\"dateModified\":\"2026-04-01T05:15:50+00:00\",\"description\":\"La\u00a0Nox AT10 Genius Attack 12K By Agust\u00edn Tapia 2025\u00a0es una pala de p\u00e1del de alta gama dise\u00f1ada en colaboraci\u00f3n con el jugador profesional\u00a0Agust\u00edn Tapia. Esta pala forma parte de la colecci\u00f3n\u00a0Luxury Series 2025\u00a0de Nox, destacando por su dise\u00f1o exclusivo en negro con detalles en naranja y por incorporar las tecnolog\u00edas m\u00e1s avanzadas del mercado. Con un\u00a0formato diamante, est\u00e1 pensada para jugadores que buscan potencia y precisi\u00f3n en sus golpes\",\"breadcrumb\":{\"@id\":\"https:\\\/\\\/revolutionpadelstore.com\\\/it\\\/prodotto\\\/nox-at10-genius-attack-12k-by-agustin-tapia-2025-4\\\/#breadcrumb\"},\"inLanguage\":\"it-IT\",\"potentialAction\":[{\"@type\":\"ReadAction\",\"target\":[\"https:\\\/\\\/revolutionpadelstore.com\\\/it\\\/prodotto\\\/nox-at10-genius-attack-12k-by-agustin-tapia-2025-4\\\/\"]}]},{\"@type\":\"ImageObject\",\"inLanguage\":\"it-IT\",\"@id\":\"https:\\\/\\\/revolutionpadelstore.com\\\/it\\\/prodotto\\\/nox-at10-genius-attack-12k-by-agustin-tapia-2025-4\\\/#primaryimage\",\"url\":\"https:\\\/\\\/revolutionpadelstore.com\\\/wp-content\\\/uploads\\\/2024\\\/10\\\/113541_pala_nox_at10_genius_attack_12k_by_agustin_tapia_pat10geniusat25_1500x15_2b18.webp\",\"contentUrl\":\"https:\\\/\\\/revolutionpadelstore.com\\\/wp-content\\\/uploads\\\/2024\\\/10\\\/113541_pala_nox_at10_genius_attack_12k_by_agustin_tapia_pat10geniusat25_1500x15_2b18.webp\",\"width\":1500,\"height\":1500},{\"@type\":\"BreadcrumbList\",\"@id\":\"https:\\\/\\\/revolutionpadelstore.com\\\/it\\\/prodotto\\\/nox-at10-genius-attack-12k-by-agustin-tapia-2025-4\\\/#breadcrumb\",\"itemListElement\":[{\"@type\":\"ListItem\",\"position\":1,\"name\":\"Portada\",\"item\":\"https:\\\/\\\/revolutionpadelstore.com\\\/it\\\/\"},{\"@type\":\"ListItem\",\"position\":2,\"name\":\"Tienda\",\"item\":\"https:\\\/\\\/revolutionpadelstore.com\\\/it\\\/tienda\\\/\"},{\"@type\":\"ListItem\",\"position\":3,\"name\":\"NOX AT10 GENIUS ATTACK 12K BY AGUSTIN TAPIA 2025\"}]},{\"@type\":\"WebSite\",\"@id\":\"https:\\\/\\\/revolutionpadelstore.com\\\/it\\\/#website\",\"url\":\"https:\\\/\\\/revolutionpadelstore.com\\\/it\\\/\",\"name\":\"Revolution Padel Store\",\"description\":\"\",\"publisher\":{\"@id\":\"https:\\\/\\\/revolutionpadelstore.com\\\/it\\\/#organization\"},\"potentialAction\":[{\"@type\":\"SearchAction\",\"target\":{\"@type\":\"EntryPoint\",\"urlTemplate\":\"https:\\\/\\\/revolutionpadelstore.com\\\/it\\\/?s={search_term_string}\"},\"query-input\":{\"@type\":\"PropertyValueSpecification\",\"valueRequired\":true,\"valueName\":\"search_term_string\"}}],\"inLanguage\":\"it-IT\"},{\"@type\":\"Organization\",\"@id\":\"https:\\\/\\\/revolutionpadelstore.com\\\/it\\\/#organization\",\"name\":\"Revolution Padel Store\",\"url\":\"https:\\\/\\\/revolutionpadelstore.com\\\/it\\\/\",\"logo\":{\"@type\":\"ImageObject\",\"inLanguage\":\"it-IT\",\"@id\":\"https:\\\/\\\/revolutionpadelstore.com\\\/it\\\/#\\\/schema\\\/logo\\\/image\\\/\",\"url\":\"https:\\\/\\\/revolutionpadelstore.com\\\/wp-content\\\/uploads\\\/2026\\\/02\\\/revolution-padel-store.jpg\",\"contentUrl\":\"https:\\\/\\\/revolutionpadelstore.com\\\/wp-content\\\/uploads\\\/2026\\\/02\\\/revolution-padel-store.jpg\",\"width\":2000,\"height\":2000,\"caption\":\"Revolution Padel Store\"},\"image\":{\"@id\":\"https:\\\/\\\/revolutionpadelstore.com\\\/it\\\/#\\\/schema\\\/logo\\\/image\\\/\"},\"sameAs\":[\"https:\\\/\\\/www.instagram.com\\\/revolutionpadelstore\\\/\"]}]}<\/script>\n<!-- \/ Yoast SEO plugin. -->","yoast_head_json":{"title":"NOX AT10 GENIUS ATTACK 12K BY AGUSTIN TAPIA 2025 - Revolution Padel Store","description":"La\u00a0Nox AT10 Genius Attack 12K By Agust\u00edn Tapia 2025\u00a0es una pala de p\u00e1del de alta gama dise\u00f1ada en colaboraci\u00f3n con el jugador profesional\u00a0Agust\u00edn Tapia. Esta pala forma parte de la colecci\u00f3n\u00a0Luxury Series 2025\u00a0de Nox, destacando por su dise\u00f1o exclusivo en negro con detalles en naranja y por incorporar las tecnolog\u00edas m\u00e1s avanzadas del mercado. Con un\u00a0formato diamante, est\u00e1 pensada para jugadores que buscan potencia y precisi\u00f3n en sus golpes","robots":{"index":"index","follow":"follow","max-snippet":"max-snippet:-1","max-image-preview":"max-image-preview:large","max-video-preview":"max-video-preview:-1"},"canonical":"https:\/\/revolutionpadelstore.com\/it\/prodotto\/nox-at10-genius-attack-12k-by-agustin-tapia-2025-4\/","og_locale":"it_IT","og_type":"article","og_title":"NOX AT10 GENIUS ATTACK 12K BY AGUSTIN TAPIA 2025 - Revolution Padel Store","og_description":"La\u00a0Nox AT10 Genius Attack 12K By Agust\u00edn Tapia 2025\u00a0es una pala de p\u00e1del de alta gama dise\u00f1ada en colaboraci\u00f3n con el jugador profesional\u00a0Agust\u00edn Tapia. Esta pala forma parte de la colecci\u00f3n\u00a0Luxury Series 2025\u00a0de Nox, destacando por su dise\u00f1o exclusivo en negro con detalles en naranja y por incorporar las tecnolog\u00edas m\u00e1s avanzadas del mercado. Con un\u00a0formato diamante, est\u00e1 pensada para jugadores que buscan potencia y precisi\u00f3n en sus golpes","og_url":"https:\/\/revolutionpadelstore.com\/it\/prodotto\/nox-at10-genius-attack-12k-by-agustin-tapia-2025-4\/","og_site_name":"Revolution Padel Store","article_modified_time":"2026-04-01T05:15:50+00:00","og_image":[{"width":1500,"height":1500,"url":"https:\/\/revolutionpadelstore.com\/wp-content\/uploads\/2024\/10\/113541_pala_nox_at10_genius_attack_12k_by_agustin_tapia_pat10geniusat25_1500x15_2b18.webp","type":"image\/webp"}],"twitter_card":"summary_large_image","twitter_misc":{"Tempo di lettura stimato":"2 minuti"},"schema":{"@context":"https:\/\/schema.org","@graph":[{"@type":"WebPage","@id":"https:\/\/revolutionpadelstore.com\/it\/prodotto\/nox-at10-genius-attack-12k-by-agustin-tapia-2025-4\/","url":"https:\/\/revolutionpadelstore.com\/it\/prodotto\/nox-at10-genius-attack-12k-by-agustin-tapia-2025-4\/","name":"NOX AT10 GENIUS ATTACK 12K BY AGUSTIN TAPIA 2025 - Revolution Padel Store","isPartOf":{"@id":"https:\/\/revolutionpadelstore.com\/it\/#website"},"primaryImageOfPage":{"@id":"https:\/\/revolutionpadelstore.com\/it\/prodotto\/nox-at10-genius-attack-12k-by-agustin-tapia-2025-4\/#primaryimage"},"image":{"@id":"https:\/\/revolutionpadelstore.com\/it\/prodotto\/nox-at10-genius-attack-12k-by-agustin-tapia-2025-4\/#primaryimage"},"thumbnailUrl":"https:\/\/revolutionpadelstore.com\/wp-content\/uploads\/2024\/10\/113541_pala_nox_at10_genius_attack_12k_by_agustin_tapia_pat10geniusat25_1500x15_2b18.webp","datePublished":"2024-09-25T20:28:19+00:00","dateModified":"2026-04-01T05:15:50+00:00","description":"La\u00a0Nox AT10 Genius Attack 12K By Agust\u00edn Tapia 2025\u00a0es una pala de p\u00e1del de alta gama dise\u00f1ada en colaboraci\u00f3n con el jugador profesional\u00a0Agust\u00edn Tapia. Esta pala forma parte de la colecci\u00f3n\u00a0Luxury Series 2025\u00a0de Nox, destacando por su dise\u00f1o exclusivo en negro con detalles en naranja y por incorporar las tecnolog\u00edas m\u00e1s avanzadas del mercado. Con un\u00a0formato diamante, est\u00e1 pensada para jugadores que buscan potencia y precisi\u00f3n en sus golpes","breadcrumb":{"@id":"https:\/\/revolutionpadelstore.com\/it\/prodotto\/nox-at10-genius-attack-12k-by-agustin-tapia-2025-4\/#breadcrumb"},"inLanguage":"it-IT","potentialAction":[{"@type":"ReadAction","target":["https:\/\/revolutionpadelstore.com\/it\/prodotto\/nox-at10-genius-attack-12k-by-agustin-tapia-2025-4\/"]}]},{"@type":"ImageObject","inLanguage":"it-IT","@id":"https:\/\/revolutionpadelstore.com\/it\/prodotto\/nox-at10-genius-attack-12k-by-agustin-tapia-2025-4\/#primaryimage","url":"https:\/\/revolutionpadelstore.com\/wp-content\/uploads\/2024\/10\/113541_pala_nox_at10_genius_attack_12k_by_agustin_tapia_pat10geniusat25_1500x15_2b18.webp","contentUrl":"https:\/\/revolutionpadelstore.com\/wp-content\/uploads\/2024\/10\/113541_pala_nox_at10_genius_attack_12k_by_agustin_tapia_pat10geniusat25_1500x15_2b18.webp","width":1500,"height":1500},{"@type":"BreadcrumbList","@id":"https:\/\/revolutionpadelstore.com\/it\/prodotto\/nox-at10-genius-attack-12k-by-agustin-tapia-2025-4\/#breadcrumb","itemListElement":[{"@type":"ListItem","position":1,"name":"Portada","item":"https:\/\/revolutionpadelstore.com\/it\/"},{"@type":"ListItem","position":2,"name":"Tienda","item":"https:\/\/revolutionpadelstore.com\/it\/tienda\/"},{"@type":"ListItem","position":3,"name":"NOX AT10 GENIUS ATTACK 12K BY AGUSTIN TAPIA 2025"}]},{"@type":"WebSite","@id":"https:\/\/revolutionpadelstore.com\/it\/#website","url":"https:\/\/revolutionpadelstore.com\/it\/","name":"Revolution Padel Store","description":"","publisher":{"@id":"https:\/\/revolutionpadelstore.com\/it\/#organization"},"potentialAction":[{"@type":"SearchAction","target":{"@type":"EntryPoint","urlTemplate":"https:\/\/revolutionpadelstore.com\/it\/?s={search_term_string}"},"query-input":{"@type":"PropertyValueSpecification","valueRequired":true,"valueName":"search_term_string"}}],"inLanguage":"it-IT"},{"@type":"Organization","@id":"https:\/\/revolutionpadelstore.com\/it\/#organization","name":"Revolution Padel Store","url":"https:\/\/revolutionpadelstore.com\/it\/","logo":{"@type":"ImageObject","inLanguage":"it-IT","@id":"https:\/\/revolutionpadelstore.com\/it\/#\/schema\/logo\/image\/","url":"https:\/\/revolutionpadelstore.com\/wp-content\/uploads\/2026\/02\/revolution-padel-store.jpg","contentUrl":"https:\/\/revolutionpadelstore.com\/wp-content\/uploads\/2026\/02\/revolution-padel-store.jpg","width":2000,"height":2000,"caption":"Revolution Padel Store"},"image":{"@id":"https:\/\/revolutionpadelstore.com\/it\/#\/schema\/logo\/image\/"},"sameAs":["https:\/\/www.instagram.com\/revolutionpadelstore\/"]}]}},"_links":{"self":[{"href":"https:\/\/revolutionpadelstore.com\/it\/wp-json\/wp\/v2\/product\/72770","targetHints":{"allow":["GET"]}}],"collection":[{"href":"https:\/\/revolutionpadelstore.com\/it\/wp-json\/wp\/v2\/product"}],"about":[{"href":"https:\/\/revolutionpadelstore.com\/it\/wp-json\/wp\/v2\/types\/product"}],"replies":[{"embeddable":true,"href":"https:\/\/revolutionpadelstore.com\/it\/wp-json\/wp\/v2\/comments?post=72770"}],"wp:featuredmedia":[{"embeddable":true,"href":"https:\/\/revolutionpadelstore.com\/it\/wp-json\/wp\/v2\/media\/125336"}],"wp:attachment":[{"href":"https:\/\/revolutionpadelstore.com\/it\/wp-json\/wp\/v2\/media?parent=72770"}],"wp:term":[{"taxonomy":"acabado","embeddable":true,"href":"https:\/\/revolutionpadelstore.com\/it\/wp-json\/wp\/v2\/acabado?post=72770"},{"taxonomy":"balance","embeddable":true,"href":"https:\/\/revolutionpadelstore.com\/it\/wp-json\/wp\/v2\/balance?post=72770"},{"taxonomy":"dureza","embeddable":true,"href":"https:\/\/revolutionpadelstore.com\/it\/wp-json\/wp\/v2\/dureza?post=72770"},{"taxonomy":"forma","embeddable":true,"href":"https:\/\/revolutionpadelstore.com\/it\/wp-json\/wp\/v2\/forma?post=72770"},{"taxonomy":"jugador","embeddable":true,"href":"https:\/\/revolutionpadelstore.com\/it\/wp-json\/wp\/v2\/jugador?post=72770"},{"taxonomy":"marca","embeddable":true,"href":"https:\/\/revolutionpadelstore.com\/it\/wp-json\/wp\/v2\/marca?post=72770"},{"taxonomy":"nivel-de-juego","embeddable":true,"href":"https:\/\/revolutionpadelstore.com\/it\/wp-json\/wp\/v2\/nivel-de-juego?post=72770"},{"taxonomy":"superficie","embeddable":true,"href":"https:\/\/revolutionpadelstore.com\/it\/wp-json\/wp\/v2\/superficie?post=72770"},{"taxonomy":"tipo-de-juego","embeddable":true,"href":"https:\/\/revolutionpadelstore.com\/it\/wp-json\/wp\/v2\/tipo-de-juego?post=72770"},{"taxonomy":"product_brand","embeddable":true,"href":"https:\/\/revolutionpadelstore.com\/it\/wp-json\/wp\/v2\/product_brand?post=72770"},{"taxonomy":"product_cat","embeddable":true,"href":"https:\/\/revolutionpadelstore.com\/it\/wp-json\/wp\/v2\/product_cat?post=72770"},{"taxonomy":"product_tag","embeddable":true,"href":"https:\/\/revolutionpadelstore.com\/it\/wp-json\/wp\/v2\/product_tag?post=72770"}],"curies":[{"name":"wp","href":"https:\/\/api.w.org\/{rel}","templated":true}]}}